{"id":10079,"date":"2022-03-12T05:13:57","date_gmt":"2022-03-12T05:13:57","guid":{"rendered":"https:\/\/stonersmeds.com\/?post_type=product&#038;p=10079"},"modified":"2023-03-27T11:09:14","modified_gmt":"2023-03-27T09:09:14","slug":"buy-2c-e-research-chemical-online","status":"publish","type":"product","link":"https:\/\/trustwhite.com\/fr\/shop\/buy-2c-e-research-chemical-online\/","title":{"rendered":"Achetez le produit chimique de recherche 2C-E en ligne"},"content":{"rendered":"<h1>Acheter des produits chimiques de recherche 2C-E en ligne.<\/h1>\n<p>Acheter des produits chimiques de recherche 2C-E en ligne.<\/p>\n<p>2c e vendor, 2ce research chemical, 2c e buy, 2c e for sale<\/p>\n<p>2,5-Dim\u00e9thoxy-4-\u00e9thylph\u00e9n\u00e9thylamine<br \/>\nUne s\u00e9rie de 2,5-ph\u00e9n\u00e9thylamines, appel\u00e9es 2C, ont des effets psychoactifs et nombre d'entre elles sont consid\u00e9r\u00e9es comme des substances illicites. Le 2C-E est officiellement d\u00e9crit comme la 2,5-dim\u00e9thoxy-4-\u00e9thylph\u00e9n\u00e9thylamine. Comme d'autres 2C, le 2C-E est un inhibiteur de la monoamine oxydase, qui emp\u00eache la d\u00e9gradation de la s\u00e9rotonine et de la noradr\u00e9naline (CI estim\u00e9e \u00e0 72 et 89 \u03bcM, s\u00e9par\u00e9ment), mais pas de la dopamine. Sa digestion a \u00e9t\u00e9 d\u00e9crite.2 Ce produit est attendu pour des applications mesurables.<br \/>\nSi cela ne vous d\u00e9range pas, sachez que nous fournissons le 2C-E et d'autres produits d'examen avec des directives strictes pour les utiliser uniquement \u00e0 des fins d'exploration logique qualifi\u00e9e dans des conditions de recherche prot\u00e9g\u00e9es et contr\u00f4l\u00e9es, conform\u00e9ment aux lois et directives mat\u00e9rielles en vigueur dans la r\u00e9gion du client. L'utilisation humaine de nos produits est totalement interdite, sans aucune exception.<br \/>\nNous vous proposons de passer un accord d\u00e8s maintenant et nous acheminerons votre paquet n'importe o\u00f9 aux \u00c9tats-Unis, en Europe et dans le monde entier. Notre principal objectif est de fournir des r\u00e9sultats cr\u00e9\u00e9s d'excellente qualit\u00e9 et, pour ce faire, notre organisation travaille en \u00e9troite collaboration avec un grand nombre de laboratoires mondiaux de premier plan, afin que votre demande soit de la plus haute qualit\u00e9. Notre vendeur est situ\u00e9 aux \u00c9tats-Unis et travaille dans le monde entier. Sur le site, les clients ont la possibilit\u00e9 de v\u00e9rifier facilement l'estimation et l'accessibilit\u00e9 de rc. Pour savoir comment faire une demande, il suffit de contacter notre service client\u00e8le amical et multilingue. Si vous souhaitez demander des substances m\u00e9lang\u00e9es ou des remises, n'h\u00e9sitez pas \u00e0 nous contacter pour plus de d\u00e9tails. Nous nous soucions de nos clients, alors si vous ne trouvez pas ce que vous cherchez, n'h\u00e9sitez pas \u00e0 nous contacter pour obtenir de l'aide. En ce qui concerne la demande de chems pour la recherche, la qualit\u00e9 est la cl\u00e9. La liste des articles donn\u00e9s s'allonge de jour en jour. Nous voulons constamment offrir \u00e0 nos clients une \u00e9valuation, un d\u00e9veloppement et une am\u00e9lioration durables de la qualit\u00e9. Chaque client b\u00e9n\u00e9ficie du niveau de confiance le plus \u00e9lev\u00e9 dans l'ensemble des substances livr\u00e9es offertes. Nous sommes l'endroit o\u00f9 l'on peut acheter des rc, mais aussi o\u00f9 l'on peut trouver tout ce qu'il y a \u00e0 savoir \u00e0 leur sujet, ainsi que les avantages et les m\u00e9dicaments synth\u00e9tiques appropri\u00e9s.<br \/>\n2ce research chemical<br \/>\n2,5-Dim\u00e9thoxy-4-\u00e9thylph\u00e9n\u00e9thylamine<br \/>\nUn certain nombre de 2,5-ph\u00e9n\u00e9thylamines, toutes consid\u00e9r\u00e9es comme des 2C, ont des effets psychoactifs et nombre d'entre elles sont consid\u00e9r\u00e9es comme des substances illicites. Le 2C-E est d\u00e9crit formellement comme la 2,5-dim\u00e9thoxy-4-\u00e9thylph\u00e9n\u00e9thylamine. Comme d'autres 2C, le 2C-E est un inhibiteur de la monoamine oxydase, qui emp\u00eache la d\u00e9gradation de la s\u00e9rotonine et de la noradr\u00e9naline (\u00e9valuations IC de 72 et 89 \u03bcM, ind\u00e9pendamment), mais pas de la dopamine. Son absorption a \u00e9t\u00e9 d\u00e9crite.2 Cette chose est normale pour les applications quantifiables.<br \/>\nSi cela ne vous d\u00e9range pas, sachez que nous transmettons le 2C-E et d'autres outils d'\u00e9valuation en imposant des r\u00e8gles tr\u00e8s strictes pour qu'ils ne soient utilis\u00e9s qu'\u00e0 des fins d'enqu\u00eate l\u00e9gitime qualifi\u00e9e, dans des conditions de bureau d'exploration s\u00e9curis\u00e9es et contr\u00f4l\u00e9es, conform\u00e9ment aux lois et r\u00e8gles mat\u00e9rielles en vigueur dans la r\u00e9gion o\u00f9 se trouve le client. L'utilisation humaine de nos produits est totalement interdite, sans aucune exclusion.<br \/>\nUn arrangement maintenant et nous transmettrons votre paquet aux Etats-Unis, en Europe, dans le monde entier. Notre besoin essentiel est de fournir des effets fabriqu\u00e9s d'une qualit\u00e9 stup\u00e9fiante et pour accomplir cette explication, notre association travaille indivisiblement avec une tonne de laboratoires de conduite dans le monde entier destin\u00e9s \u00e0 d\u00e9velopper RC votre sollicitation est de la plus haute droiture. Notre <a href=\"https:\/\/stonersmeds.com\/product-tag\/etizolam-pellets-usa-vendor\/\">le vendeur est organis\u00e9 aux \u00c9tats-Unis<\/a> et travaille dans le monde entier. Sur le site, les clients peuvent utilement v\u00e9rifier l'\u00e9valuation et la disponibilit\u00e9 de RC. Pour savoir comment placer une sollicitation, il suffit de contacter notre service client\u00e8le g\u00e9nial et multilingue. Si vous \u00eates enthousiaste \u00e0 l'id\u00e9e de mentionner des substances mixtes ou des rabais, contactez-nous pour obtenir des nuances suppl\u00e9mentaires. Nous nous soucions de nos clients, alors si vous ne trouvez pas ce que vous cherchez, n'h\u00e9sitez pas \u00e0 nous contacter pour obtenir de l'aide. En ce qui concerne la mention des produits chimiques pour la recherche, la qualit\u00e9 est la cl\u00e9. La liste des produits donn\u00e9s s'allonge petit \u00e0 petit. Nous devons constamment offrir \u00e0 nos clients une \u00e9valuation de la souffrance, des progr\u00e8s et une am\u00e9lioration de la qualit\u00e9. Chaque client obtient le degr\u00e9 principal de confiance dans la somme des substances transport\u00e9es offertes. Nous sommes l'endroit o\u00f9 l'on peut acheter des rc, mais aussi o\u00f9 l'on peut trouver chaque d\u00e9tail facilement n\u00e9glig\u00e9 \u00e0 leur sujet, ainsi que les avantages et les prescriptions correctement fabriqu\u00e9es.<\/p>\n<p>&nbsp;<\/p>\n<p>&nbsp;<\/p>\n<pre><strong>Acheter 2C-E Research Chemical en ligne - acheter Chemical, acheter 2C-E Research Chemical, acheter Research Chemical en ligne, O\u00f9 acheter 2C-E Research Chemical, 2C-E Research Chemical \u00e0 vendre, 2C-E Research \u00e0 vendre, acheter 2C-E Research en ligne, o\u00f9 acheter 2C-E Research Chemical en ligne, 2C-E Research Chemical \u00e0 vendre en usa , USA, canada,uk, acheter, en ligne, fournisseurs, livraison s\u00fbre, Vous pouvez toujours obtenir 2C-E Research Chemical , Is 2C-E Research Chemical legal in usa, buy 2C-E Research Chemical online usa, how to order 2C-E Research Chemical , Is 2C-E Research Chemical legal in Canada<\/strong><\/pre>","protected":false},"excerpt":{"rendered":"<p>Acheter 2C-E Research chemical en ligne. Acheter 2C-E Research chemical. 2C-E (4-\u00e9thyl-2,5-dim\u00e9thoxy) sel\/poudre : amph\u00e9tamine psych\u00e9d\u00e9lique.<\/p>\n<pre><strong>Acheter 2C-E Research Chemical en ligne - acheter Chemical, acheter 2C-E Research Chemical, acheter Research Chemical en ligne, O\u00f9 acheter 2C-E Research Chemical, 2C-E Research Chemical \u00e0 vendre, 2C-E Research \u00e0 vendre, acheter 2C-E Research en ligne, o\u00f9 acheter 2C-E Research Chemical en ligne, 2C-E Research Chemical \u00e0 vendre en usa , USA, canada,uk, acheter, en ligne, fournisseurs, livraison s\u00fbre, Vous pouvez toujours obtenir 2C-E Research Chemical , Is 2C-E Research Chemical legal in usa, buy 2C-E Research Chemical online usa, how to order 2C-E Research Chemical , Is 2C-E Research Chemical legal in Canada<\/strong><\/pre>","protected":false},"featured_media":10092,"template":"","meta":[],"product_brand":[],"product_cat":[79],"product_tag":[],"class_list":{"0":"post-10079","1":"product","2":"type-product","3":"status-publish","4":"has-post-thumbnail","6":"product_cat-research-chemicals-and-bath-salt","8":"first","9":"instock","10":"shipping-taxable","11":"purchasable","12":"product-type-variable"},"tiered_pricing_type":"fixed","tiered_pricing_fixed_rules":[],"tiered_pricing_percentage_rules":[],"tiered_pricing_minimum":1,"_administrator_tiered_pricing_type":"fixed","_administrator_tiered_pricing_fixed_rules":[],"_editor_tiered_pricing_type":"fixed","_editor_tiered_pricing_fixed_rules":[],"_author_tiered_pricing_type":"fixed","_author_tiered_pricing_fixed_rules":[],"_contributor_tiered_pricing_type":"fixed","_contributor_tiered_pricing_fixed_rules":[],"_subscriber_tiered_pricing_type":"fixed","_subscriber_tiered_pricing_fixed_rules":[],"_customer_tiered_pricing_type":"fixed","_customer_tiered_pricing_fixed_rules":[],"_shop_manager_tiered_pricing_type":"fixed","_shop_manager_tiered_pricing_fixed_rules":[],"_wpseo_manager_tiered_pricing_type":"fixed","_wpseo_manager_tiered_pricing_fixed_rules":[],"_wpseo_editor_tiered_pricing_type":"fixed","_wpseo_editor_tiered_pricing_fixed_rules":[],"yoast_head":"<!-- This site is optimized with the Yoast SEO plugin v26.8 - https:\/\/yoast.com\/product\/yoast-seo-wordpress\/ -->\n<title>Buy 2C-E Research Chemical Online - Cheap price, top quality<\/title>\n<meta name=\"description\" content=\"Buy 2C-E Online at an affordable price at stonersmeds. All products are lab qualified and have premium quality.\" \/>\n<meta name=\"robots\" content=\"index, follow, max-snippet:-1, max-image-preview:large, max-video-preview:-1\" \/>\n<link rel=\"canonical\" href=\"https:\/\/trustwhite.com\/fr\/shop\/buy-2c-e-research-chemical-online\/\" \/>\n<meta property=\"og:locale\" content=\"fr_FR\" \/>\n<meta property=\"og:type\" content=\"article\" \/>\n<meta property=\"og:title\" content=\"Buy 2C-E Research Chemical Online - Cheap price, top quality\" \/>\n<meta property=\"og:description\" content=\"Buy 2C-E Online at an affordable price at stonersmeds. All products are lab qualified and have premium quality.\" \/>\n<meta property=\"og:url\" content=\"https:\/\/trustwhite.com\/fr\/shop\/buy-2c-e-research-chemical-online\/\" \/>\n<meta property=\"og:site_name\" content=\"stonersmeds.com\" \/>\n<meta property=\"article:modified_time\" content=\"2023-03-27T09:09:14+00:00\" \/>\n<meta property=\"og:image\" content=\"https:\/\/trustwhite.com\/wp-content\/uploads\/2022\/03\/buy-etizolam-powder-online.jpg\" \/>\n\t<meta property=\"og:image:width\" content=\"600\" \/>\n\t<meta property=\"og:image:height\" content=\"600\" \/>\n\t<meta property=\"og:image:type\" content=\"image\/jpeg\" \/>\n<meta name=\"twitter:card\" content=\"summary_large_image\" \/>\n<meta name=\"twitter:label1\" content=\"Dur\u00e9e de lecture estim\u00e9e\" \/>\n\t<meta name=\"twitter:data1\" content=\"4 minutes\" \/>\n<script type=\"application\/ld+json\" class=\"yoast-schema-graph\">{\"@context\":\"https:\/\/schema.org\",\"@graph\":[{\"@type\":\"WebPage\",\"@id\":\"https:\/\/trustwhite.com\/shop\/buy-2c-e-research-chemical-online\/\",\"url\":\"https:\/\/trustwhite.com\/shop\/buy-2c-e-research-chemical-online\/\",\"name\":\"Buy 2C-E Research Chemical Online - Cheap price, top quality\",\"isPartOf\":{\"@id\":\"https:\/\/trustwhite.com\/el\/#website\"},\"primaryImageOfPage\":{\"@id\":\"https:\/\/trustwhite.com\/shop\/buy-2c-e-research-chemical-online\/#primaryimage\"},\"image\":{\"@id\":\"https:\/\/trustwhite.com\/shop\/buy-2c-e-research-chemical-online\/#primaryimage\"},\"thumbnailUrl\":\"https:\/\/trustwhite.com\/wp-content\/uploads\/2022\/03\/buy-etizolam-powder-online.jpg\",\"datePublished\":\"2022-03-12T05:13:57+00:00\",\"dateModified\":\"2023-03-27T09:09:14+00:00\",\"description\":\"Buy 2C-E Online at an affordable price at stonersmeds. All products are lab qualified and have premium quality.\",\"breadcrumb\":{\"@id\":\"https:\/\/trustwhite.com\/shop\/buy-2c-e-research-chemical-online\/#breadcrumb\"},\"inLanguage\":\"fr-FR\",\"potentialAction\":[{\"@type\":\"ReadAction\",\"target\":[\"https:\/\/trustwhite.com\/shop\/buy-2c-e-research-chemical-online\/\"]}]},{\"@type\":\"ImageObject\",\"inLanguage\":\"fr-FR\",\"@id\":\"https:\/\/trustwhite.com\/shop\/buy-2c-e-research-chemical-online\/#primaryimage\",\"url\":\"https:\/\/trustwhite.com\/wp-content\/uploads\/2022\/03\/buy-etizolam-powder-online.jpg\",\"contentUrl\":\"https:\/\/trustwhite.com\/wp-content\/uploads\/2022\/03\/buy-etizolam-powder-online.jpg\",\"width\":600,\"height\":600},{\"@type\":\"BreadcrumbList\",\"@id\":\"https:\/\/trustwhite.com\/shop\/buy-2c-e-research-chemical-online\/#breadcrumb\",\"itemListElement\":[{\"@type\":\"ListItem\",\"position\":1,\"name\":\"Home\",\"item\":\"https:\/\/trustwhite.com\/el\/\"},{\"@type\":\"ListItem\",\"position\":2,\"name\":\"Shop\",\"item\":\"https:\/\/trustwhite.com\/el\/shop\/\"},{\"@type\":\"ListItem\",\"position\":3,\"name\":\"Buy 2C-E Research Chemical Online\"}]},{\"@type\":\"WebSite\",\"@id\":\"https:\/\/trustwhite.com\/el\/#website\",\"url\":\"https:\/\/trustwhite.com\/el\/\",\"name\":\"stonersmeds.com\",\"description\":\"verschreibungspflichtige Medizin kaufen\",\"potentialAction\":[{\"@type\":\"SearchAction\",\"target\":{\"@type\":\"EntryPoint\",\"urlTemplate\":\"https:\/\/trustwhite.com\/el\/?s={search_term_string}\"},\"query-input\":{\"@type\":\"PropertyValueSpecification\",\"valueRequired\":true,\"valueName\":\"search_term_string\"}}],\"inLanguage\":\"fr-FR\"}]}<\/script>\n<!-- \/ Yoast SEO plugin. -->","yoast_head_json":{"title":"Acheter 2C-E Research Chemical en ligne - Prix bas, qualit\u00e9 sup\u00e9rieure","description":"Achetez 2C-E en ligne \u00e0 un prix abordable chez stonersmeds. Tous les produits sont qualifi\u00e9s en laboratoire et ont une qualit\u00e9 sup\u00e9rieure.","robots":{"index":"index","follow":"follow","max-snippet":"max-snippet:-1","max-image-preview":"max-image-preview:large","max-video-preview":"max-video-preview:-1"},"canonical":"https:\/\/trustwhite.com\/fr\/shop\/buy-2c-e-research-chemical-online\/","og_locale":"fr_FR","og_type":"article","og_title":"Buy 2C-E Research Chemical Online - Cheap price, top quality","og_description":"Buy 2C-E Online at an affordable price at stonersmeds. All products are lab qualified and have premium quality.","og_url":"https:\/\/trustwhite.com\/fr\/shop\/buy-2c-e-research-chemical-online\/","og_site_name":"stonersmeds.com","article_modified_time":"2023-03-27T09:09:14+00:00","og_image":[{"width":600,"height":600,"url":"https:\/\/trustwhite.com\/wp-content\/uploads\/2022\/03\/buy-etizolam-powder-online.jpg","type":"image\/jpeg"}],"twitter_card":"summary_large_image","twitter_misc":{"Dur\u00e9e de lecture estim\u00e9e":"4 minutes"},"schema":{"@context":"https:\/\/schema.org","@graph":[{"@type":"WebPage","@id":"https:\/\/trustwhite.com\/shop\/buy-2c-e-research-chemical-online\/","url":"https:\/\/trustwhite.com\/shop\/buy-2c-e-research-chemical-online\/","name":"Acheter 2C-E Research Chemical en ligne - Prix bas, qualit\u00e9 sup\u00e9rieure","isPartOf":{"@id":"https:\/\/trustwhite.com\/el\/#website"},"primaryImageOfPage":{"@id":"https:\/\/trustwhite.com\/shop\/buy-2c-e-research-chemical-online\/#primaryimage"},"image":{"@id":"https:\/\/trustwhite.com\/shop\/buy-2c-e-research-chemical-online\/#primaryimage"},"thumbnailUrl":"https:\/\/trustwhite.com\/wp-content\/uploads\/2022\/03\/buy-etizolam-powder-online.jpg","datePublished":"2022-03-12T05:13:57+00:00","dateModified":"2023-03-27T09:09:14+00:00","description":"Achetez 2C-E en ligne \u00e0 un prix abordable chez stonersmeds. Tous les produits sont qualifi\u00e9s en laboratoire et ont une qualit\u00e9 sup\u00e9rieure.","breadcrumb":{"@id":"https:\/\/trustwhite.com\/shop\/buy-2c-e-research-chemical-online\/#breadcrumb"},"inLanguage":"fr-FR","potentialAction":[{"@type":"ReadAction","target":["https:\/\/trustwhite.com\/shop\/buy-2c-e-research-chemical-online\/"]}]},{"@type":"ImageObject","inLanguage":"fr-FR","@id":"https:\/\/trustwhite.com\/shop\/buy-2c-e-research-chemical-online\/#primaryimage","url":"https:\/\/trustwhite.com\/wp-content\/uploads\/2022\/03\/buy-etizolam-powder-online.jpg","contentUrl":"https:\/\/trustwhite.com\/wp-content\/uploads\/2022\/03\/buy-etizolam-powder-online.jpg","width":600,"height":600},{"@type":"BreadcrumbList","@id":"https:\/\/trustwhite.com\/shop\/buy-2c-e-research-chemical-online\/#breadcrumb","itemListElement":[{"@type":"ListItem","position":1,"name":"Home","item":"https:\/\/trustwhite.com\/el\/"},{"@type":"ListItem","position":2,"name":"Shop","item":"https:\/\/trustwhite.com\/el\/shop\/"},{"@type":"ListItem","position":3,"name":"Buy 2C-E Research Chemical Online"}]},{"@type":"WebSite","@id":"https:\/\/trustwhite.com\/el\/#website","url":"https:\/\/trustwhite.com\/el\/","name":"stonersmeds.com","description":"m\u00e9dicaments \u00e0 usage unique en vente","potentialAction":[{"@type":"SearchAction","target":{"@type":"EntryPoint","urlTemplate":"https:\/\/trustwhite.com\/el\/?s={search_term_string}"},"query-input":{"@type":"PropertyValueSpecification","valueRequired":true,"valueName":"search_term_string"}}],"inLanguage":"fr-FR"}]}},"_links":{"self":[{"href":"https:\/\/trustwhite.com\/fr\/wp-json\/wp\/v2\/product\/10079","targetHints":{"allow":["GET"]}}],"collection":[{"href":"https:\/\/trustwhite.com\/fr\/wp-json\/wp\/v2\/product"}],"about":[{"href":"https:\/\/trustwhite.com\/fr\/wp-json\/wp\/v2\/types\/product"}],"version-history":[{"count":0,"href":"https:\/\/trustwhite.com\/fr\/wp-json\/wp\/v2\/product\/10079\/revisions"}],"wp:featuredmedia":[{"embeddable":true,"href":"https:\/\/trustwhite.com\/fr\/wp-json\/wp\/v2\/media\/10092"}],"wp:attachment":[{"href":"https:\/\/trustwhite.com\/fr\/wp-json\/wp\/v2\/media?parent=10079"}],"wp:term":[{"taxonomy":"product_brand","embeddable":true,"href":"https:\/\/trustwhite.com\/fr\/wp-json\/wp\/v2\/product_brand?post=10079"},{"taxonomy":"product_cat","embeddable":true,"href":"https:\/\/trustwhite.com\/fr\/wp-json\/wp\/v2\/product_cat?post=10079"},{"taxonomy":"product_tag","embeddable":true,"href":"https:\/\/trustwhite.com\/fr\/wp-json\/wp\/v2\/product_tag?post=10079"}],"curies":[{"name":"wp","href":"https:\/\/api.w.org\/{rel}","templated":true}]}}