{"id":10031,"date":"2022-03-12T04:54:29","date_gmt":"2022-03-12T04:54:29","guid":{"rendered":"https:\/\/stonersmeds.com\/?post_type=product&#038;p=10031"},"modified":"2022-12-20T08:48:57","modified_gmt":"2022-12-20T06:48:57","slug":"buy-1p-lsd-cheap-100mcg-blotters-online","status":"publish","type":"product","link":"https:\/\/trustwhite.com\/fr\/shop\/buy-1p-lsd-cheap-100mcg-blotters-online\/","title":{"rendered":"Acheter 1P-LSD pas cher 100mcg buvards en ligne"},"content":{"rendered":"<h1>Acheter des buvards 1P-LSD 100mcg pas cher en ligne.<\/h1>\n<p>La L.S.D. est une vari\u00e9t\u00e9 \u00e0 dominante Indica, nomm\u00e9e d'apr\u00e8s un m\u00e9dicament hallucinog\u00e8ne intense \u00e0 la lumi\u00e8re de l'effet incroyablement hallucinog\u00e8ne et c\u00e9r\u00e9bral de la vari\u00e9t\u00e9. La vari\u00e9t\u00e9 commence par un sentiment de joie \u00e9nergique qui peut troubler le psychisme et laisser quelques clients totalement d\u00e9concert\u00e9s et \"intellectuellement coinc\u00e9s\". Certains clients garantissent qu'ils se sentent plus innovants ou plus sociaux apr\u00e8s avoir consomm\u00e9 de la L.S.D., malgr\u00e9 une forte stimulation c\u00e9r\u00e9brale.<\/p>\n<h3>Acheter 1P-LSD pas cher 100mcg buvards en ligne<\/h3>\n<p>Ce niveau d&#039;incitation mentale est tr\u00e8s rare pour une Indica. Comme on pouvait s&#039;y attendre, le LSD a \u00e9galement des effets corporels normaux \u00e0 base d&#039;Indica. Les clients remarquent fr\u00e9quemment que le corps r\u00e9volutionnaire se d\u00e9sensibilise 1 \u00e0 2 heures apr\u00e8s l&#039;ingestion, lorsqu&#039;une grande partie des impacts c\u00e9r\u00e9braux s&#039;estompe. Les impacts n\u00e9gatifs peuvent inclure la bouche cotonneuse, les yeux secs, l&#039;ivresse, les douleurs c\u00e9r\u00e9brales et une m\u00e9fiance mineure.<\/p>\n<p>Pour la plupart, cette souche peut \u00eatre utilis\u00e9e \u00e0 tout moment de la journ\u00e9e pour apaiser la douleur et diriger une douleur lancinante continue. Le LSD est souvent recommand\u00e9 pour aider \u00e0 g\u00e9rer la pression, le malaise ou la d\u00e9tresse. Les patients utilisent \u00e9galement la souche pour traiter un trouble du sommeil, et un couple la choisit pour lutter contre les maux de t\u00eate.<\/p>\n<p>L.S.D. est un hybride d'une Mazar et d'un tr\u00e8s vieil assortiment de skunk, Skunk #1, fabriqu\u00e9 par Barney's Farm. Bien que cette vari\u00e9t\u00e9 ne soit pas recommand\u00e9e pour les nouveaux producteurs, elle est tr\u00e8s simple \u00e0 d\u00e9velopper car elle est imperm\u00e9able \u00e0 de nombreuses infections et peut \u00eatre d\u00e9velopp\u00e9e aussi bien \u00e0 l'ext\u00e9rieur qu'\u00e0 l'int\u00e9rieur. Avec une longue p\u00e9riode de floraison comprise entre 65 et 78 jours, L.S.D. peut fournir jusqu'\u00e0 650 grammes par m\u00e8tre carr\u00e9. D\u00e9passant rarement les 60 centim\u00e8tres, la vari\u00e9t\u00e9 s'ach\u00e8ve g\u00e9n\u00e9ralement en avril au sud de l'\u00e9quateur et en octobre au nord. Cette vari\u00e9t\u00e9 peut avoir un taux de THC allant jusqu'\u00e0 24%.<\/p>\n<p>&nbsp;<\/p>\n<p>&nbsp;<\/p>\n<pre><strong>Acheter des buvards 100mcg bon march\u00e9 1P-LSD en ligne - acheter des buvards 100mcg 1P-LSD bon march\u00e9, acheter des buvards 1P-LSD bon march\u00e9 en ligne, o\u00f9 acheter des buvards 100mcg bon march\u00e9 1P-LSD, des buvards 100mcg bon march\u00e9 1P-LSD \u00e0 vendre, 1P- LSD buvards \u00e0 vendre, acheter 1P-LSD pas cher en ligne, o\u00f9 acheter 1P-LSD pas cher 100mcg buvards en ligne, 1P-LSD pas cher 100mcg buvards \u00e0 vendre aux \u00e9tats-unis, \u00e9tats-unis, canada, royaume-uni, acheter, en ligne, fournisseurs, livraison s\u00e9curis\u00e9e, vous peut toujours obtenir des buvards 100mcg bon march\u00e9 1P-LSD, les buvards 100mcg bon march\u00e9 1P-LSD sont-ils l\u00e9gaux aux \u00c9tats-Unis, acheter des buvards 100mcg bon march\u00e9 1P-LSD en ligne aux \u00c9tats-Unis, comment commander des buvards 100mcg bon march\u00e9 1P-LSD, les buvards 100mcg bon march\u00e9 1P-LSD sont-ils l\u00e9gaux en Canada<\/strong><\/pre>","protected":false},"excerpt":{"rendered":"<p>La commande minimum est de 10 buvards.<\/p>\n<pre><\/pre>","protected":false},"featured_media":10050,"template":"","meta":[],"product_brand":[],"product_cat":[80],"product_tag":[846,924,922,869,870,871,864,867,865,862,866,861,863,921,923,868],"class_list":{"0":"post-10031","1":"product","2":"type-product","3":"status-publish","4":"has-post-thumbnail","6":"product_cat-psychedelic-drugs","7":"product_tag-1p-lsd-shop","8":"product_tag-acid-prices-lsd","9":"product_tag-cost-of-lsd","10":"product_tag-how-long-does-lsd-cost","11":"product_tag-how-much-does-lsd-cost","12":"product_tag-how-much-does-lsd-cost-per-tab","13":"product_tag-how-to-make-liquid-lsd","14":"product_tag-liquid-acid-lsd","15":"product_tag-liquid-lsd-color","16":"product_tag-liquid-lsd-online","17":"product_tag-liquid-lsd-price","18":"product_tag-liquid-lsd-shop","19":"product_tag-liquid-lsd-vs-tabs","20":"product_tag-lsd-25-for-sale","21":"product_tag-lsd-tab-cost","22":"product_tag-what-does-lsd-look-like","24":"first","25":"instock","26":"shipping-taxable","27":"purchasable","28":"product-type-variable"},"tiered_pricing_type":"fixed","tiered_pricing_fixed_rules":[],"tiered_pricing_percentage_rules":[],"tiered_pricing_minimum":1,"_administrator_tiered_pricing_type":"fixed","_administrator_tiered_pricing_fixed_rules":[],"_editor_tiered_pricing_type":"fixed","_editor_tiered_pricing_fixed_rules":[],"_author_tiered_pricing_type":"fixed","_author_tiered_pricing_fixed_rules":[],"_contributor_tiered_pricing_type":"fixed","_contributor_tiered_pricing_fixed_rules":[],"_subscriber_tiered_pricing_type":"fixed","_subscriber_tiered_pricing_fixed_rules":[],"_customer_tiered_pricing_type":"fixed","_customer_tiered_pricing_fixed_rules":[],"_shop_manager_tiered_pricing_type":"fixed","_shop_manager_tiered_pricing_fixed_rules":[],"_wpseo_manager_tiered_pricing_type":"fixed","_wpseo_manager_tiered_pricing_fixed_rules":[],"_wpseo_editor_tiered_pricing_type":"fixed","_wpseo_editor_tiered_pricing_fixed_rules":[],"yoast_head":"<!-- This site is optimized with the Yoast SEO plugin v26.8 - https:\/\/yoast.com\/product\/yoast-seo-wordpress\/ -->\n<title>Buy 1P-LSD Cheap 100mcg Blotters Online - Cheap price, Highest quality<\/title>\n<meta name=\"description\" content=\"Buy 1P-LSD 100mcg Blotters Online at an affordable price at stonersmeds. All products are lab qualified and have premium quality.\" \/>\n<meta name=\"robots\" content=\"index, follow, max-snippet:-1, max-image-preview:large, max-video-preview:-1\" \/>\n<link rel=\"canonical\" href=\"https:\/\/trustwhite.com\/fr\/shop\/buy-1p-lsd-cheap-100mcg-blotters-online\/\" \/>\n<meta property=\"og:locale\" content=\"fr_FR\" \/>\n<meta property=\"og:type\" content=\"article\" \/>\n<meta property=\"og:title\" content=\"Buy 1P-LSD Cheap 100mcg Blotters Online - Cheap price, Highest quality\" \/>\n<meta property=\"og:description\" content=\"Buy 1P-LSD 100mcg Blotters Online at an affordable price at stonersmeds. All products are lab qualified and have premium quality.\" \/>\n<meta property=\"og:url\" content=\"https:\/\/trustwhite.com\/fr\/shop\/buy-1p-lsd-cheap-100mcg-blotters-online\/\" \/>\n<meta property=\"og:site_name\" content=\"stonersmeds.com\" \/>\n<meta property=\"article:modified_time\" content=\"2022-12-20T06:48:57+00:00\" \/>\n<meta property=\"og:image\" content=\"https:\/\/trustwhite.com\/wp-content\/uploads\/2022\/03\/Buy-1P-LSD-100mcg-Blotters-cheap-online.jpg\" \/>\n\t<meta property=\"og:image:width\" content=\"600\" \/>\n\t<meta property=\"og:image:height\" content=\"600\" \/>\n\t<meta property=\"og:image:type\" content=\"image\/jpeg\" \/>\n<meta name=\"twitter:card\" content=\"summary_large_image\" \/>\n<meta name=\"twitter:label1\" content=\"Dur\u00e9e de lecture estim\u00e9e\" \/>\n\t<meta name=\"twitter:data1\" content=\"2 minutes\" \/>\n<script type=\"application\/ld+json\" class=\"yoast-schema-graph\">{\"@context\":\"https:\/\/schema.org\",\"@graph\":[{\"@type\":\"WebPage\",\"@id\":\"https:\/\/trustwhite.com\/pl\/shop\/buy-1p-lsd-cheap-100mcg-blotters-online\/\",\"url\":\"https:\/\/trustwhite.com\/pl\/shop\/buy-1p-lsd-cheap-100mcg-blotters-online\/\",\"name\":\"Buy 1P-LSD Cheap 100mcg Blotters Online - Cheap price, Highest quality\",\"isPartOf\":{\"@id\":\"https:\/\/trustwhite.com\/el\/#website\"},\"primaryImageOfPage\":{\"@id\":\"https:\/\/trustwhite.com\/pl\/shop\/buy-1p-lsd-cheap-100mcg-blotters-online\/#primaryimage\"},\"image\":{\"@id\":\"https:\/\/trustwhite.com\/pl\/shop\/buy-1p-lsd-cheap-100mcg-blotters-online\/#primaryimage\"},\"thumbnailUrl\":\"https:\/\/trustwhite.com\/wp-content\/uploads\/2022\/03\/Buy-1P-LSD-100mcg-Blotters-cheap-online.jpg\",\"datePublished\":\"2022-03-12T04:54:29+00:00\",\"dateModified\":\"2022-12-20T06:48:57+00:00\",\"description\":\"Buy 1P-LSD 100mcg Blotters Online at an affordable price at stonersmeds. All products are lab qualified and have premium quality.\",\"breadcrumb\":{\"@id\":\"https:\/\/trustwhite.com\/pl\/shop\/buy-1p-lsd-cheap-100mcg-blotters-online\/#breadcrumb\"},\"inLanguage\":\"fr-FR\",\"potentialAction\":[{\"@type\":\"ReadAction\",\"target\":[\"https:\/\/trustwhite.com\/pl\/shop\/buy-1p-lsd-cheap-100mcg-blotters-online\/\"]}]},{\"@type\":\"ImageObject\",\"inLanguage\":\"fr-FR\",\"@id\":\"https:\/\/trustwhite.com\/pl\/shop\/buy-1p-lsd-cheap-100mcg-blotters-online\/#primaryimage\",\"url\":\"https:\/\/trustwhite.com\/wp-content\/uploads\/2022\/03\/Buy-1P-LSD-100mcg-Blotters-cheap-online.jpg\",\"contentUrl\":\"https:\/\/trustwhite.com\/wp-content\/uploads\/2022\/03\/Buy-1P-LSD-100mcg-Blotters-cheap-online.jpg\",\"width\":600,\"height\":600},{\"@type\":\"BreadcrumbList\",\"@id\":\"https:\/\/trustwhite.com\/pl\/shop\/buy-1p-lsd-cheap-100mcg-blotters-online\/#breadcrumb\",\"itemListElement\":[{\"@type\":\"ListItem\",\"position\":1,\"name\":\"Home\",\"item\":\"https:\/\/trustwhite.com\/el\/\"},{\"@type\":\"ListItem\",\"position\":2,\"name\":\"Shop\",\"item\":\"https:\/\/trustwhite.com\/el\/shop\/\"},{\"@type\":\"ListItem\",\"position\":3,\"name\":\"Buy 1P-LSD Cheap 100mcg Blotters Online\"}]},{\"@type\":\"WebSite\",\"@id\":\"https:\/\/trustwhite.com\/el\/#website\",\"url\":\"https:\/\/trustwhite.com\/el\/\",\"name\":\"stonersmeds.com\",\"description\":\"verschreibungspflichtige Medizin kaufen\",\"potentialAction\":[{\"@type\":\"SearchAction\",\"target\":{\"@type\":\"EntryPoint\",\"urlTemplate\":\"https:\/\/trustwhite.com\/el\/?s={search_term_string}\"},\"query-input\":{\"@type\":\"PropertyValueSpecification\",\"valueRequired\":true,\"valueName\":\"search_term_string\"}}],\"inLanguage\":\"fr-FR\"}]}<\/script>\n<!-- \/ Yoast SEO plugin. -->","yoast_head_json":{"title":"Acheter 1P-LSD pas cher 100mcg buvards en ligne - Prix bon march\u00e9, la plus haute qualit\u00e9","description":"Achetez des buvards 1P-LSD 100mcg en ligne \u00e0 un prix abordable chez stonersmeds. Tous les produits sont qualifi\u00e9s en laboratoire et ont une qualit\u00e9 sup\u00e9rieure.","robots":{"index":"index","follow":"follow","max-snippet":"max-snippet:-1","max-image-preview":"max-image-preview:large","max-video-preview":"max-video-preview:-1"},"canonical":"https:\/\/trustwhite.com\/fr\/shop\/buy-1p-lsd-cheap-100mcg-blotters-online\/","og_locale":"fr_FR","og_type":"article","og_title":"Buy 1P-LSD Cheap 100mcg Blotters Online - Cheap price, Highest quality","og_description":"Buy 1P-LSD 100mcg Blotters Online at an affordable price at stonersmeds. All products are lab qualified and have premium quality.","og_url":"https:\/\/trustwhite.com\/fr\/shop\/buy-1p-lsd-cheap-100mcg-blotters-online\/","og_site_name":"stonersmeds.com","article_modified_time":"2022-12-20T06:48:57+00:00","og_image":[{"width":600,"height":600,"url":"https:\/\/trustwhite.com\/wp-content\/uploads\/2022\/03\/Buy-1P-LSD-100mcg-Blotters-cheap-online.jpg","type":"image\/jpeg"}],"twitter_card":"summary_large_image","twitter_misc":{"Dur\u00e9e de lecture estim\u00e9e":"2 minutes"},"schema":{"@context":"https:\/\/schema.org","@graph":[{"@type":"WebPage","@id":"https:\/\/trustwhite.com\/pl\/shop\/buy-1p-lsd-cheap-100mcg-blotters-online\/","url":"https:\/\/trustwhite.com\/pl\/shop\/buy-1p-lsd-cheap-100mcg-blotters-online\/","name":"Acheter 1P-LSD pas cher 100mcg buvards en ligne - Prix bon march\u00e9, la plus haute qualit\u00e9","isPartOf":{"@id":"https:\/\/trustwhite.com\/el\/#website"},"primaryImageOfPage":{"@id":"https:\/\/trustwhite.com\/pl\/shop\/buy-1p-lsd-cheap-100mcg-blotters-online\/#primaryimage"},"image":{"@id":"https:\/\/trustwhite.com\/pl\/shop\/buy-1p-lsd-cheap-100mcg-blotters-online\/#primaryimage"},"thumbnailUrl":"https:\/\/trustwhite.com\/wp-content\/uploads\/2022\/03\/Buy-1P-LSD-100mcg-Blotters-cheap-online.jpg","datePublished":"2022-03-12T04:54:29+00:00","dateModified":"2022-12-20T06:48:57+00:00","description":"Achetez des buvards 1P-LSD 100mcg en ligne \u00e0 un prix abordable chez stonersmeds. Tous les produits sont qualifi\u00e9s en laboratoire et ont une qualit\u00e9 sup\u00e9rieure.","breadcrumb":{"@id":"https:\/\/trustwhite.com\/pl\/shop\/buy-1p-lsd-cheap-100mcg-blotters-online\/#breadcrumb"},"inLanguage":"fr-FR","potentialAction":[{"@type":"ReadAction","target":["https:\/\/trustwhite.com\/pl\/shop\/buy-1p-lsd-cheap-100mcg-blotters-online\/"]}]},{"@type":"ImageObject","inLanguage":"fr-FR","@id":"https:\/\/trustwhite.com\/pl\/shop\/buy-1p-lsd-cheap-100mcg-blotters-online\/#primaryimage","url":"https:\/\/trustwhite.com\/wp-content\/uploads\/2022\/03\/Buy-1P-LSD-100mcg-Blotters-cheap-online.jpg","contentUrl":"https:\/\/trustwhite.com\/wp-content\/uploads\/2022\/03\/Buy-1P-LSD-100mcg-Blotters-cheap-online.jpg","width":600,"height":600},{"@type":"BreadcrumbList","@id":"https:\/\/trustwhite.com\/pl\/shop\/buy-1p-lsd-cheap-100mcg-blotters-online\/#breadcrumb","itemListElement":[{"@type":"ListItem","position":1,"name":"Home","item":"https:\/\/trustwhite.com\/el\/"},{"@type":"ListItem","position":2,"name":"Shop","item":"https:\/\/trustwhite.com\/el\/shop\/"},{"@type":"ListItem","position":3,"name":"Buy 1P-LSD Cheap 100mcg Blotters Online"}]},{"@type":"WebSite","@id":"https:\/\/trustwhite.com\/el\/#website","url":"https:\/\/trustwhite.com\/el\/","name":"stonersmeds.com","description":"m\u00e9dicaments \u00e0 usage unique en vente","potentialAction":[{"@type":"SearchAction","target":{"@type":"EntryPoint","urlTemplate":"https:\/\/trustwhite.com\/el\/?s={search_term_string}"},"query-input":{"@type":"PropertyValueSpecification","valueRequired":true,"valueName":"search_term_string"}}],"inLanguage":"fr-FR"}]}},"_links":{"self":[{"href":"https:\/\/trustwhite.com\/fr\/wp-json\/wp\/v2\/product\/10031","targetHints":{"allow":["GET"]}}],"collection":[{"href":"https:\/\/trustwhite.com\/fr\/wp-json\/wp\/v2\/product"}],"about":[{"href":"https:\/\/trustwhite.com\/fr\/wp-json\/wp\/v2\/types\/product"}],"version-history":[{"count":0,"href":"https:\/\/trustwhite.com\/fr\/wp-json\/wp\/v2\/product\/10031\/revisions"}],"wp:featuredmedia":[{"embeddable":true,"href":"https:\/\/trustwhite.com\/fr\/wp-json\/wp\/v2\/media\/10050"}],"wp:attachment":[{"href":"https:\/\/trustwhite.com\/fr\/wp-json\/wp\/v2\/media?parent=10031"}],"wp:term":[{"taxonomy":"product_brand","embeddable":true,"href":"https:\/\/trustwhite.com\/fr\/wp-json\/wp\/v2\/product_brand?post=10031"},{"taxonomy":"product_cat","embeddable":true,"href":"https:\/\/trustwhite.com\/fr\/wp-json\/wp\/v2\/product_cat?post=10031"},{"taxonomy":"product_tag","embeddable":true,"href":"https:\/\/trustwhite.com\/fr\/wp-json\/wp\/v2\/product_tag?post=10031"}],"curies":[{"name":"wp","href":"https:\/\/api.w.org\/{rel}","templated":true}]}}