{"id":4400,"date":"2021-10-12T15:51:09","date_gmt":"2021-10-12T15:51:09","guid":{"rendered":"http:\/\/dummy.xtemos.com\/woodmart2\/elementor\/?page_id=4400"},"modified":"2022-03-13T07:03:27","modified_gmt":"2022-03-13T07:03:27","slug":"about-us","status":"publish","type":"page","link":"https:\/\/trustwhite.com\/fr\/about-us\/","title":{"rendered":"\u00c0 propos de nous"},"content":{"rendered":"<div data-elementor-type=\"wp-page\" data-elementor-id=\"4400\" class=\"elementor elementor-4400\">\n\t\t\t\t\t\t<section class=\"elementor-section elementor-top-section elementor-element elementor-element-680d69c elementor-section-boxed elementor-section-height-default elementor-section-height-default wd-section-disabled\" data-id=\"680d69c\" data-element_type=\"section\">\n\t\t\t\t\t\t<div class=\"elementor-container elementor-column-gap-default\">\n\t\t\t\t\t<div class=\"elementor-column elementor-col-100 elementor-top-column elementor-element elementor-element-46c1c60\" data-id=\"46c1c60\" data-element_type=\"column\">\n\t\t\t<div class=\"elementor-widget-wrap elementor-element-populated\">\n\t\t\t\t\t\t<div class=\"elementor-element elementor-element-d16ca3c wd-single-breadcrumbs text-left elementor-widget elementor-widget-wd_wc_breadcrumb\" data-id=\"d16ca3c\" data-element_type=\"widget\" data-widget_type=\"wd_wc_breadcrumb.default\">\n\t\t\t\t<div class=\"elementor-widget-container\">\n\t\t\t\t\t<nav class=\"woocommerce-breadcrumb\" aria-label=\"Breadcrumb\">\t\t\t\t<span class=\"breadcrumb-last\">\r\n\t\t\t\t\tMaison\t\t\t\t<\/span>\r\n\t\t\t<\/nav>\t\t\t\t<\/div>\n\t\t\t\t<\/div>\n\t\t\t\t<div class=\"elementor-element elementor-element-f0f2a16 elementor-widget elementor-widget-heading\" data-id=\"f0f2a16\" data-element_type=\"widget\" data-widget_type=\"heading.default\">\n\t\t\t\t<div class=\"elementor-widget-container\">\n\t\t\t\t\t<h2 class=\"elementor-heading-title elementor-size-default\">\u00c0 propos de nous<\/h2>\t\t\t\t<\/div>\n\t\t\t\t<\/div>\n\t\t\t\t\t<\/div>\n\t\t<\/div>\n\t\t\t\t\t<\/div>\n\t\t<\/section>\n\t\t\t\t<section class=\"elementor-section elementor-top-section elementor-element elementor-element-9fcf0ad elementor-section-boxed elementor-section-height-default elementor-section-height-default wd-section-disabled\" data-id=\"9fcf0ad\" data-element_type=\"section\">\n\t\t\t\t\t\t<div class=\"elementor-container elementor-column-gap-default\">\n\t\t\t\t\t<div class=\"elementor-column elementor-col-50 elementor-top-column elementor-element elementor-element-8250a0f\" data-id=\"8250a0f\" data-element_type=\"column\">\n\t\t\t<div class=\"elementor-widget-wrap elementor-element-populated\">\n\t\t\t\t\t\t<div class=\"elementor-element elementor-element-60d5c9d elementor-widget elementor-widget-image\" data-id=\"60d5c9d\" data-element_type=\"widget\" data-widget_type=\"image.default\">\n\t\t\t\t<div class=\"elementor-widget-container\">\n\t\t\t\t\t\t\t\t\t\t\t\t\t\t\t<img fetchpriority=\"high\" decoding=\"async\" width=\"577\" height=\"555\" src=\"https:\/\/trustwhite.com\/wp-content\/uploads\/2022\/03\/about.jpg\" class=\"attachment-large size-large wp-image-8937\" alt=\"\" srcset=\"https:\/\/trustwhite.com\/wp-content\/uploads\/2022\/03\/about.jpg 577w, https:\/\/trustwhite.com\/wp-content\/uploads\/2022\/03\/about-312x300.jpg 312w, https:\/\/trustwhite.com\/wp-content\/uploads\/2022\/03\/about-430x414.jpg 430w, https:\/\/trustwhite.com\/wp-content\/uploads\/2022\/03\/about-150x144.jpg 150w\" sizes=\"(max-width: 577px) 100vw, 577px\" \/>\t\t\t\t\t\t\t\t\t\t\t\t\t\t\t<\/div>\n\t\t\t\t<\/div>\n\t\t\t\t\t<\/div>\n\t\t<\/div>\n\t\t\t\t<div class=\"elementor-column elementor-col-50 elementor-top-column elementor-element elementor-element-8271068\" data-id=\"8271068\" data-element_type=\"column\">\n\t\t\t<div class=\"elementor-widget-wrap elementor-element-populated\">\n\t\t\t\t\t\t<div class=\"elementor-element elementor-element-47c45bb elementor-widget elementor-widget-heading\" data-id=\"47c45bb\" data-element_type=\"widget\" data-widget_type=\"heading.default\">\n\t\t\t\t<div class=\"elementor-widget-container\">\n\t\t\t\t\t<h2 class=\"elementor-heading-title elementor-size-default\">\u00c0 propos de nous<\/h2>\t\t\t\t<\/div>\n\t\t\t\t<\/div>\n\t\t\t\t<div class=\"elementor-element elementor-element-ff7df53 color-scheme-inherit text-left elementor-widget elementor-widget-text-editor\" data-id=\"ff7df53\" data-element_type=\"widget\" data-widget_type=\"text-editor.default\">\n\t\t\t\t<div class=\"elementor-widget-container\">\n\t\t\t\t\t\t\t\t\t<p>Dans notre magasin, vous pouvez trouver une large s\u00e9lection d&#039;euphorisants l\u00e9gaux en ligne et les faire livrer chez vous en quelques jours seulement. De plus, nous fournissons un num\u00e9ro de suivi pour votre commande afin que vous sachiez toujours son \u00e9tat actuel.<\/p><p>Lorsque vous magasinez avec nous, vous pouvez \u00eatre assur\u00e9 que votre commande sera emball\u00e9e de mani\u00e8re ad\u00e9quate et discr\u00e8te. C&#039;est ainsi que nous nous assurons que vous obtenez la meilleure qualit\u00e9 de tout produit chimique de recherche dont vous avez besoin.<\/p><p>M\u00eame si vous \u00eates sur le point de faire des recherches sur l&#039;h\u00e9ro\u00efne (\u00e9galement connue sous le nom de diamorphine), nous avons ce qu&#039;il vous faut avec l&#039;h\u00e9ro\u00efne la plus pure \u00e0 vendre. Bien que cet opio\u00efde ait d\u00e9j\u00e0 prouv\u00e9 son utilit\u00e9 m\u00e9dicale dans certains pays, il doit \u00eatre \u00e9tudi\u00e9 plus avant. La substance a un \u00e9norme potentiel th\u00e9rapeutique lorsqu&#039;elle est prescrite comme analg\u00e9sique ou dans le cadre de soins palliatifs. Avec nos produits chimiques de recherche qui ne contiennent aucune impuret\u00e9, vous pourrez d\u00e9couvrir compl\u00e8tement les propri\u00e9t\u00e9s de la diamorphine.<\/p><p>Pour votre commodit\u00e9, nous proposons plusieurs options de paiement, y compris les cartes de cr\u00e9dit et les crypto-monnaies. Choisissez celui que vous voulez lors de la commande et obtenez votre substance de recherche en quelques jours !<\/p>\t\t\t\t\t\t\t\t<\/div>\n\t\t\t\t<\/div>\n\t\t\t\t\t<\/div>\n\t\t<\/div>\n\t\t\t\t\t<\/div>\n\t\t<\/section>\n\t\t\t\t<\/div>","protected":false},"excerpt":{"rendered":"<p>Accueil \u00c0 propos de nous Dans notre magasin, vous pouvez trouver une large s\u00e9lection d&#039;euphorisants l\u00e9gaux en ligne et les faire livrer<\/p>","protected":false},"author":1,"featured_media":0,"parent":0,"menu_order":0,"comment_status":"closed","ping_status":"closed","template":"","meta":{"footnotes":""},"class_list":["post-4400","page","type-page","status-publish","hentry"],"yoast_head":"<!-- This site is optimized with the Yoast SEO plugin v26.8 - https:\/\/yoast.com\/product\/yoast-seo-wordpress\/ -->\n<title>About us - stonersmeds.com<\/title>\n<meta name=\"robots\" content=\"index, follow, max-snippet:-1, max-image-preview:large, max-video-preview:-1\" \/>\n<link rel=\"canonical\" href=\"https:\/\/trustwhite.com\/fr\/about-us\/\" \/>\n<meta property=\"og:locale\" content=\"fr_FR\" \/>\n<meta property=\"og:type\" content=\"article\" \/>\n<meta property=\"og:title\" content=\"About us - stonersmeds.com\" \/>\n<meta property=\"og:description\" content=\"Home About Us At our store, you can find a wide selection of legal highs online and get them delivered\" \/>\n<meta property=\"og:url\" content=\"https:\/\/trustwhite.com\/fr\/about-us\/\" \/>\n<meta property=\"og:site_name\" content=\"stonersmeds.com\" \/>\n<meta property=\"article:modified_time\" content=\"2022-03-13T07:03:27+00:00\" \/>\n<meta property=\"og:image\" content=\"https:\/\/stonersmeds.com\/wp-content\/uploads\/2022\/03\/about.jpg\" \/>\n<meta name=\"twitter:card\" content=\"summary_large_image\" \/>\n<meta name=\"twitter:label1\" content=\"Dur\u00e9e de lecture estim\u00e9e\" \/>\n\t<meta name=\"twitter:data1\" content=\"2 minutes\" \/>\n<script type=\"application\/ld+json\" class=\"yoast-schema-graph\">{\"@context\":\"https:\/\/schema.org\",\"@graph\":[{\"@type\":\"WebPage\",\"@id\":\"https:\/\/trustwhite.com\/about-us\/\",\"url\":\"https:\/\/trustwhite.com\/about-us\/\",\"name\":\"About us - stonersmeds.com\",\"isPartOf\":{\"@id\":\"https:\/\/trustwhite.com\/el\/#website\"},\"primaryImageOfPage\":{\"@id\":\"https:\/\/trustwhite.com\/about-us\/#primaryimage\"},\"image\":{\"@id\":\"https:\/\/trustwhite.com\/about-us\/#primaryimage\"},\"thumbnailUrl\":\"https:\/\/stonersmeds.com\/wp-content\/uploads\/2022\/03\/about.jpg\",\"datePublished\":\"2021-10-12T15:51:09+00:00\",\"dateModified\":\"2022-03-13T07:03:27+00:00\",\"breadcrumb\":{\"@id\":\"https:\/\/trustwhite.com\/about-us\/#breadcrumb\"},\"inLanguage\":\"fr-FR\",\"potentialAction\":[{\"@type\":\"ReadAction\",\"target\":[\"https:\/\/trustwhite.com\/about-us\/\"]}]},{\"@type\":\"ImageObject\",\"inLanguage\":\"fr-FR\",\"@id\":\"https:\/\/trustwhite.com\/about-us\/#primaryimage\",\"url\":\"https:\/\/stonersmeds.com\/wp-content\/uploads\/2022\/03\/about.jpg\",\"contentUrl\":\"https:\/\/stonersmeds.com\/wp-content\/uploads\/2022\/03\/about.jpg\"},{\"@type\":\"BreadcrumbList\",\"@id\":\"https:\/\/trustwhite.com\/about-us\/#breadcrumb\",\"itemListElement\":[{\"@type\":\"ListItem\",\"position\":1,\"name\":\"Home\",\"item\":\"https:\/\/trustwhite.com\/el\/\"},{\"@type\":\"ListItem\",\"position\":2,\"name\":\"About us\"}]},{\"@type\":\"WebSite\",\"@id\":\"https:\/\/trustwhite.com\/el\/#website\",\"url\":\"https:\/\/trustwhite.com\/el\/\",\"name\":\"stonersmeds.com\",\"description\":\"verschreibungspflichtige Medizin kaufen\",\"potentialAction\":[{\"@type\":\"SearchAction\",\"target\":{\"@type\":\"EntryPoint\",\"urlTemplate\":\"https:\/\/trustwhite.com\/el\/?s={search_term_string}\"},\"query-input\":{\"@type\":\"PropertyValueSpecification\",\"valueRequired\":true,\"valueName\":\"search_term_string\"}}],\"inLanguage\":\"fr-FR\"}]}<\/script>\n<!-- \/ Yoast SEO plugin. -->","yoast_head_json":{"title":"\u00c0 propos de nous - stonersmeds.com","robots":{"index":"index","follow":"follow","max-snippet":"max-snippet:-1","max-image-preview":"max-image-preview:large","max-video-preview":"max-video-preview:-1"},"canonical":"https:\/\/trustwhite.com\/fr\/about-us\/","og_locale":"fr_FR","og_type":"article","og_title":"About us - stonersmeds.com","og_description":"Home About Us At our store, you can find a wide selection of legal highs online and get them delivered","og_url":"https:\/\/trustwhite.com\/fr\/about-us\/","og_site_name":"stonersmeds.com","article_modified_time":"2022-03-13T07:03:27+00:00","og_image":[{"url":"https:\/\/stonersmeds.com\/wp-content\/uploads\/2022\/03\/about.jpg","type":"","width":"","height":""}],"twitter_card":"summary_large_image","twitter_misc":{"Dur\u00e9e de lecture estim\u00e9e":"2 minutes"},"schema":{"@context":"https:\/\/schema.org","@graph":[{"@type":"WebPage","@id":"https:\/\/trustwhite.com\/about-us\/","url":"https:\/\/trustwhite.com\/about-us\/","name":"\u00c0 propos de nous - stonersmeds.com","isPartOf":{"@id":"https:\/\/trustwhite.com\/el\/#website"},"primaryImageOfPage":{"@id":"https:\/\/trustwhite.com\/about-us\/#primaryimage"},"image":{"@id":"https:\/\/trustwhite.com\/about-us\/#primaryimage"},"thumbnailUrl":"https:\/\/stonersmeds.com\/wp-content\/uploads\/2022\/03\/about.jpg","datePublished":"2021-10-12T15:51:09+00:00","dateModified":"2022-03-13T07:03:27+00:00","breadcrumb":{"@id":"https:\/\/trustwhite.com\/about-us\/#breadcrumb"},"inLanguage":"fr-FR","potentialAction":[{"@type":"ReadAction","target":["https:\/\/trustwhite.com\/about-us\/"]}]},{"@type":"ImageObject","inLanguage":"fr-FR","@id":"https:\/\/trustwhite.com\/about-us\/#primaryimage","url":"https:\/\/stonersmeds.com\/wp-content\/uploads\/2022\/03\/about.jpg","contentUrl":"https:\/\/stonersmeds.com\/wp-content\/uploads\/2022\/03\/about.jpg"},{"@type":"BreadcrumbList","@id":"https:\/\/trustwhite.com\/about-us\/#breadcrumb","itemListElement":[{"@type":"ListItem","position":1,"name":"Home","item":"https:\/\/trustwhite.com\/el\/"},{"@type":"ListItem","position":2,"name":"About us"}]},{"@type":"WebSite","@id":"https:\/\/trustwhite.com\/el\/#website","url":"https:\/\/trustwhite.com\/el\/","name":"stonersmeds.com","description":"m\u00e9dicaments \u00e0 usage unique en vente","potentialAction":[{"@type":"SearchAction","target":{"@type":"EntryPoint","urlTemplate":"https:\/\/trustwhite.com\/el\/?s={search_term_string}"},"query-input":{"@type":"PropertyValueSpecification","valueRequired":true,"valueName":"search_term_string"}}],"inLanguage":"fr-FR"}]}},"_links":{"self":[{"href":"https:\/\/trustwhite.com\/fr\/wp-json\/wp\/v2\/pages\/4400","targetHints":{"allow":["GET"]}}],"collection":[{"href":"https:\/\/trustwhite.com\/fr\/wp-json\/wp\/v2\/pages"}],"about":[{"href":"https:\/\/trustwhite.com\/fr\/wp-json\/wp\/v2\/types\/page"}],"author":[{"embeddable":true,"href":"https:\/\/trustwhite.com\/fr\/wp-json\/wp\/v2\/users\/1"}],"replies":[{"embeddable":true,"href":"https:\/\/trustwhite.com\/fr\/wp-json\/wp\/v2\/comments?post=4400"}],"version-history":[{"count":0,"href":"https:\/\/trustwhite.com\/fr\/wp-json\/wp\/v2\/pages\/4400\/revisions"}],"wp:attachment":[{"href":"https:\/\/trustwhite.com\/fr\/wp-json\/wp\/v2\/media?parent=4400"}],"curies":[{"name":"wp","href":"https:\/\/api.w.org\/{rel}","templated":true}]}}