{"id":9892,"date":"2022-03-12T03:16:35","date_gmt":"2022-03-12T03:16:35","guid":{"rendered":"https:\/\/stonersmeds.com\/?post_type=product&#038;p=9892"},"modified":"2022-12-24T06:01:39","modified_gmt":"2022-12-24T04:01:39","slug":"buy-lexotanil-bromazepam-3mg-pills-online","status":"publish","type":"product","link":"https:\/\/trustwhite.com\/fi\/shop\/buy-lexotanil-bromazepam-3mg-pills-online\/","title":{"rendered":"Osta Lexotanil Bromazepam 3 mg pillereit\u00e4 verkosta"},"content":{"rendered":"<h1>Osta Lexotanil Bromazepam 3mg pillereit\u00e4 verkossa.<\/h1>\n<p>Bramatsepaamia k\u00e4ytet\u00e4\u00e4n lyhytaikaisen unettomuuden hoitoon, ahdistuksen tai paniikkikohtausten lyhytaikaiseen hoitoon silloin, kun tarvitaan bentsodiatsepiineja, ja lievitt\u00e4m\u00e4\u00e4n alkoholin ja opiaattien vieroitusoireita. Brumatsepaami sitoutuu GABA-A-reseptoriin aiheuttaen konformaatiomuutoksen ja lis\u00e4ten sen est\u00e4v\u00e4\u00e4 vaikutusta. Muihin v\u00e4litt\u00e4j\u00e4aineisiin se ei vaikuta.<\/p>\n<p>&nbsp;<\/p>\n<p>&nbsp;<\/p>\n<p>&nbsp;<\/p>\n<pre><strong>Osta Lexotanil Bromazepam 3mg pillereit\u00e4 verkossa - osta Bromazepam , osta Lexotanil Bromazepam 3mg pillereit\u00e4 , osta Lexotanil verkossa, Mist\u00e4 ostaa Lexotanil Bromazepam 3mg pillereit\u00e4 , Lexotanil Bromazepam 3mg pillereit\u00e4 myyt\u00e4v\u00e4n\u00e4, Lexotanil Bromazepam myyt\u00e4v\u00e4n\u00e4, osta Bromazepam 3mg pillereit\u00e4 verkossa, mist\u00e4 ostaa Lexotanil Bromazepam 3mg pillereit\u00e4 verkossa, Lexotanil Bromazepam 3mg pillereit\u00e4 myyt\u00e4v\u00e4n\u00e4 usa , USA, Kanada,uk, osta, verkossa, toimittajat, turvallinen toimitus, Voit silti saada Lexotanil Bromazepam 3mg pillereit\u00e4 , Onko Lexotanil Bromazepam 3mg pillereit\u00e4 laillista usa, ostaa Lexotanil Bromazepam 3mg pillereit\u00e4 verkossa usa, miten tilata Lexotanil Bromazepam 3mg pillereit\u00e4 , Onko Lexotanil Bromazepam 3mg pillereit\u00e4 laillista Kanadassa.<\/strong><\/pre>","protected":false},"excerpt":{"rendered":"<p>Osta Lexotanil Bromazepam 3mg pillereit\u00e4 verkossa.\u00a0<em>Bromazepam<\/em>\u00a0(<em>Lexotanil<\/em>) kuuluu bentsodiatsepiineiksi kutsuttujen l\u00e4\u00e4kkeiden ryhm\u00e4\u00e4n, joka kuuluu masennusl\u00e4\u00e4kkeiden, paniikkil\u00e4\u00e4kkeiden ja lihasrelaksanttien luokkaan.<\/p>\n<p>tuotteen hinta on: per pilleri<br \/>\n<strong>Minimitilausm\u00e4\u00e4r\u00e4 on: 50 pilleri\u00e4<\/strong><\/p>\n<pre><\/pre>","protected":false},"featured_media":9903,"template":"","meta":[],"product_brand":[],"product_cat":[769,77,771,770],"product_tag":[1201,482,483,465,480,1202,481,1197,479,485,1199,1198,1200,484],"class_list":{"0":"post-9892","1":"product","2":"type-product","3":"status-publish","4":"has-post-thumbnail","6":"product_cat-pain-pills","7":"product_cat-pain-sleeping-sex-pills","8":"product_cat-sex-pills","9":"product_cat-sleeping-pills","10":"product_tag-bromazepam-3-mg-price","11":"product_tag-bromazepam-online","12":"product_tag-bromazepam-price","13":"product_tag-buy-bromazepam","14":"product_tag-buy-bromazepam-6mg","15":"product_tag-lexotan-buy","16":"product_tag-lexotan-tablets-buy-online","17":"product_tag-lexotanil-1-5-mg-for-sleep","18":"product_tag-lexotanil-3-mg-buy-online","19":"product_tag-lexotanil-3mg","20":"product_tag-lexotanil-3mg-in-usa","21":"product_tag-lexotanil-3mg-price","22":"product_tag-lexotanil-for-depression","23":"product_tag-lexotanil-in-usa","25":"first","26":"instock","27":"shipping-taxable","28":"purchasable","29":"product-type-variable"},"tiered_pricing_type":"fixed","tiered_pricing_fixed_rules":[],"tiered_pricing_percentage_rules":[],"tiered_pricing_minimum":1,"_administrator_tiered_pricing_type":"fixed","_administrator_tiered_pricing_fixed_rules":[],"_editor_tiered_pricing_type":"fixed","_editor_tiered_pricing_fixed_rules":[],"_author_tiered_pricing_type":"fixed","_author_tiered_pricing_fixed_rules":[],"_contributor_tiered_pricing_type":"fixed","_contributor_tiered_pricing_fixed_rules":[],"_subscriber_tiered_pricing_type":"fixed","_subscriber_tiered_pricing_fixed_rules":[],"_customer_tiered_pricing_type":"fixed","_customer_tiered_pricing_fixed_rules":[],"_shop_manager_tiered_pricing_type":"fixed","_shop_manager_tiered_pricing_fixed_rules":[],"_wpseo_manager_tiered_pricing_type":"fixed","_wpseo_manager_tiered_pricing_fixed_rules":[],"_wpseo_editor_tiered_pricing_type":"fixed","_wpseo_editor_tiered_pricing_fixed_rules":[],"yoast_head":"<!-- This site is optimized with the Yoast SEO plugin v26.8 - https:\/\/yoast.com\/product\/yoast-seo-wordpress\/ -->\n<title>Buy Lexotanil Bromazepam 3mg no prescription, Fast delivery<\/title>\n<meta name=\"description\" content=\"Buy Lexotanil Bromazepam 3mg, Order safely &amp; maintain your privacy No prescription necessary Discreet standard shipping at Low prices.\" \/>\n<meta name=\"robots\" content=\"index, follow, max-snippet:-1, max-image-preview:large, max-video-preview:-1\" \/>\n<link rel=\"canonical\" href=\"https:\/\/trustwhite.com\/fi\/shop\/buy-lexotanil-bromazepam-3mg-pills-online\/\" \/>\n<meta property=\"og:locale\" content=\"fi_FI\" \/>\n<meta property=\"og:type\" content=\"article\" \/>\n<meta property=\"og:title\" content=\"Buy Lexotanil Bromazepam 3mg no prescription, Fast delivery\" \/>\n<meta property=\"og:description\" content=\"Buy Lexotanil Bromazepam 3mg, Order safely &amp; maintain your privacy No prescription necessary Discreet standard shipping at Low prices.\" \/>\n<meta property=\"og:url\" content=\"https:\/\/trustwhite.com\/fi\/shop\/buy-lexotanil-bromazepam-3mg-pills-online\/\" \/>\n<meta property=\"og:site_name\" content=\"stonersmeds.com\" \/>\n<meta property=\"article:modified_time\" content=\"2022-12-24T04:01:39+00:00\" \/>\n<meta property=\"og:image\" content=\"https:\/\/trustwhite.com\/wp-content\/uploads\/2022\/03\/Buy-Lexotanil-Bromazepam-3mg-pills-online.jpg\" \/>\n\t<meta property=\"og:image:width\" content=\"600\" \/>\n\t<meta property=\"og:image:height\" content=\"600\" \/>\n\t<meta property=\"og:image:type\" content=\"image\/jpeg\" \/>\n<meta name=\"twitter:card\" content=\"summary_large_image\" \/>\n<meta name=\"twitter:label1\" content=\"Arvioitu lukuaika\" \/>\n\t<meta name=\"twitter:data1\" content=\"1 minuutti\" \/>\n<script type=\"application\/ld+json\" class=\"yoast-schema-graph\">{\"@context\":\"https:\/\/schema.org\",\"@graph\":[{\"@type\":\"WebPage\",\"@id\":\"https:\/\/trustwhite.com\/shop\/buy-lexotanil-bromazepam-3mg-pills-online\/\",\"url\":\"https:\/\/trustwhite.com\/shop\/buy-lexotanil-bromazepam-3mg-pills-online\/\",\"name\":\"Buy Lexotanil Bromazepam 3mg no prescription, Fast delivery\",\"isPartOf\":{\"@id\":\"https:\/\/trustwhite.com\/el\/#website\"},\"primaryImageOfPage\":{\"@id\":\"https:\/\/trustwhite.com\/shop\/buy-lexotanil-bromazepam-3mg-pills-online\/#primaryimage\"},\"image\":{\"@id\":\"https:\/\/trustwhite.com\/shop\/buy-lexotanil-bromazepam-3mg-pills-online\/#primaryimage\"},\"thumbnailUrl\":\"https:\/\/trustwhite.com\/wp-content\/uploads\/2022\/03\/Buy-Lexotanil-Bromazepam-3mg-pills-online.jpg\",\"datePublished\":\"2022-03-12T03:16:35+00:00\",\"dateModified\":\"2022-12-24T04:01:39+00:00\",\"description\":\"Buy Lexotanil Bromazepam 3mg, Order safely & maintain your privacy No prescription necessary Discreet standard shipping at Low prices.\",\"breadcrumb\":{\"@id\":\"https:\/\/trustwhite.com\/shop\/buy-lexotanil-bromazepam-3mg-pills-online\/#breadcrumb\"},\"inLanguage\":\"fi\",\"potentialAction\":[{\"@type\":\"ReadAction\",\"target\":[\"https:\/\/trustwhite.com\/shop\/buy-lexotanil-bromazepam-3mg-pills-online\/\"]}]},{\"@type\":\"ImageObject\",\"inLanguage\":\"fi\",\"@id\":\"https:\/\/trustwhite.com\/shop\/buy-lexotanil-bromazepam-3mg-pills-online\/#primaryimage\",\"url\":\"https:\/\/trustwhite.com\/wp-content\/uploads\/2022\/03\/Buy-Lexotanil-Bromazepam-3mg-pills-online.jpg\",\"contentUrl\":\"https:\/\/trustwhite.com\/wp-content\/uploads\/2022\/03\/Buy-Lexotanil-Bromazepam-3mg-pills-online.jpg\",\"width\":600,\"height\":600},{\"@type\":\"BreadcrumbList\",\"@id\":\"https:\/\/trustwhite.com\/shop\/buy-lexotanil-bromazepam-3mg-pills-online\/#breadcrumb\",\"itemListElement\":[{\"@type\":\"ListItem\",\"position\":1,\"name\":\"Home\",\"item\":\"https:\/\/trustwhite.com\/el\/\"},{\"@type\":\"ListItem\",\"position\":2,\"name\":\"Shop\",\"item\":\"https:\/\/trustwhite.com\/el\/shop\/\"},{\"@type\":\"ListItem\",\"position\":3,\"name\":\"Buy Lexotanil Bromazepam 3mg pills online\"}]},{\"@type\":\"WebSite\",\"@id\":\"https:\/\/trustwhite.com\/el\/#website\",\"url\":\"https:\/\/trustwhite.com\/el\/\",\"name\":\"stonersmeds.com\",\"description\":\"verschreibungspflichtige Medizin kaufen\",\"potentialAction\":[{\"@type\":\"SearchAction\",\"target\":{\"@type\":\"EntryPoint\",\"urlTemplate\":\"https:\/\/trustwhite.com\/el\/?s={search_term_string}\"},\"query-input\":{\"@type\":\"PropertyValueSpecification\",\"valueRequired\":true,\"valueName\":\"search_term_string\"}}],\"inLanguage\":\"fi\"}]}<\/script>\n<!-- \/ Yoast SEO plugin. -->","yoast_head_json":{"title":"Buy Lexotanil Bromazepam 3mg no prescription, Fast delivery","description":"Buy Lexotanil Bromazepam 3mg, Order safely & maintain your privacy No prescription necessary Discreet standard shipping at Low prices.","robots":{"index":"index","follow":"follow","max-snippet":"max-snippet:-1","max-image-preview":"max-image-preview:large","max-video-preview":"max-video-preview:-1"},"canonical":"https:\/\/trustwhite.com\/fi\/shop\/buy-lexotanil-bromazepam-3mg-pills-online\/","og_locale":"fi_FI","og_type":"article","og_title":"Buy Lexotanil Bromazepam 3mg no prescription, Fast delivery","og_description":"Buy Lexotanil Bromazepam 3mg, Order safely & maintain your privacy No prescription necessary Discreet standard shipping at Low prices.","og_url":"https:\/\/trustwhite.com\/fi\/shop\/buy-lexotanil-bromazepam-3mg-pills-online\/","og_site_name":"stonersmeds.com","article_modified_time":"2022-12-24T04:01:39+00:00","og_image":[{"width":600,"height":600,"url":"https:\/\/trustwhite.com\/wp-content\/uploads\/2022\/03\/Buy-Lexotanil-Bromazepam-3mg-pills-online.jpg","type":"image\/jpeg"}],"twitter_card":"summary_large_image","twitter_misc":{"Arvioitu lukuaika":"1 minuutti"},"schema":{"@context":"https:\/\/schema.org","@graph":[{"@type":"WebPage","@id":"https:\/\/trustwhite.com\/shop\/buy-lexotanil-bromazepam-3mg-pills-online\/","url":"https:\/\/trustwhite.com\/shop\/buy-lexotanil-bromazepam-3mg-pills-online\/","name":"Buy Lexotanil Bromazepam 3mg no prescription, Fast delivery","isPartOf":{"@id":"https:\/\/trustwhite.com\/el\/#website"},"primaryImageOfPage":{"@id":"https:\/\/trustwhite.com\/shop\/buy-lexotanil-bromazepam-3mg-pills-online\/#primaryimage"},"image":{"@id":"https:\/\/trustwhite.com\/shop\/buy-lexotanil-bromazepam-3mg-pills-online\/#primaryimage"},"thumbnailUrl":"https:\/\/trustwhite.com\/wp-content\/uploads\/2022\/03\/Buy-Lexotanil-Bromazepam-3mg-pills-online.jpg","datePublished":"2022-03-12T03:16:35+00:00","dateModified":"2022-12-24T04:01:39+00:00","description":"Buy Lexotanil Bromazepam 3mg, Order safely & maintain your privacy No prescription necessary Discreet standard shipping at Low prices.","breadcrumb":{"@id":"https:\/\/trustwhite.com\/shop\/buy-lexotanil-bromazepam-3mg-pills-online\/#breadcrumb"},"inLanguage":"fi","potentialAction":[{"@type":"ReadAction","target":["https:\/\/trustwhite.com\/shop\/buy-lexotanil-bromazepam-3mg-pills-online\/"]}]},{"@type":"ImageObject","inLanguage":"fi","@id":"https:\/\/trustwhite.com\/shop\/buy-lexotanil-bromazepam-3mg-pills-online\/#primaryimage","url":"https:\/\/trustwhite.com\/wp-content\/uploads\/2022\/03\/Buy-Lexotanil-Bromazepam-3mg-pills-online.jpg","contentUrl":"https:\/\/trustwhite.com\/wp-content\/uploads\/2022\/03\/Buy-Lexotanil-Bromazepam-3mg-pills-online.jpg","width":600,"height":600},{"@type":"BreadcrumbList","@id":"https:\/\/trustwhite.com\/shop\/buy-lexotanil-bromazepam-3mg-pills-online\/#breadcrumb","itemListElement":[{"@type":"ListItem","position":1,"name":"Home","item":"https:\/\/trustwhite.com\/el\/"},{"@type":"ListItem","position":2,"name":"Shop","item":"https:\/\/trustwhite.com\/el\/shop\/"},{"@type":"ListItem","position":3,"name":"Buy Lexotanil Bromazepam 3mg pills online"}]},{"@type":"WebSite","@id":"https:\/\/trustwhite.com\/el\/#website","url":"https:\/\/trustwhite.com\/el\/","name":"stonersmeds.com","description":"verschreibungspflichtige Medizin kaufen","potentialAction":[{"@type":"SearchAction","target":{"@type":"EntryPoint","urlTemplate":"https:\/\/trustwhite.com\/el\/?s={search_term_string}"},"query-input":{"@type":"PropertyValueSpecification","valueRequired":true,"valueName":"search_term_string"}}],"inLanguage":"fi"}]}},"_links":{"self":[{"href":"https:\/\/trustwhite.com\/fi\/wp-json\/wp\/v2\/product\/9892","targetHints":{"allow":["GET"]}}],"collection":[{"href":"https:\/\/trustwhite.com\/fi\/wp-json\/wp\/v2\/product"}],"about":[{"href":"https:\/\/trustwhite.com\/fi\/wp-json\/wp\/v2\/types\/product"}],"version-history":[{"count":0,"href":"https:\/\/trustwhite.com\/fi\/wp-json\/wp\/v2\/product\/9892\/revisions"}],"wp:featuredmedia":[{"embeddable":true,"href":"https:\/\/trustwhite.com\/fi\/wp-json\/wp\/v2\/media\/9903"}],"wp:attachment":[{"href":"https:\/\/trustwhite.com\/fi\/wp-json\/wp\/v2\/media?parent=9892"}],"wp:term":[{"taxonomy":"product_brand","embeddable":true,"href":"https:\/\/trustwhite.com\/fi\/wp-json\/wp\/v2\/product_brand?post=9892"},{"taxonomy":"product_cat","embeddable":true,"href":"https:\/\/trustwhite.com\/fi\/wp-json\/wp\/v2\/product_cat?post=9892"},{"taxonomy":"product_tag","embeddable":true,"href":"https:\/\/trustwhite.com\/fi\/wp-json\/wp\/v2\/product_tag?post=9892"}],"curies":[{"name":"wp","href":"https:\/\/api.w.org\/{rel}","templated":true}]}}