{"id":9766,"date":"2022-03-12T02:10:14","date_gmt":"2022-03-12T02:10:14","guid":{"rendered":"https:\/\/stonersmeds.com\/?post_type=product&#038;p=9766"},"modified":"2022-12-24T20:41:05","modified_gmt":"2022-12-24T18:41:05","slug":"buy-ambien-10mg-pills-online","status":"publish","type":"product","link":"https:\/\/trustwhite.com\/fi\/shop\/buy-ambien-10mg-pills-online\/","title":{"rendered":"Osta Ambien 10mg -pillereit\u00e4 verkosta"},"content":{"rendered":"<p>Buy Ambien 10mg pills online.\u00a0Ambien is utilized to treat a sleeping disorder. The prompt discharge tablet is utilized to help you nod off when you first go to couch.<\/p>\n<p>tuotteen hinta on: per pilleri<br \/>\n<strong>Minimitilausm\u00e4\u00e4r\u00e4 on: 50 pilleri\u00e4<\/strong><\/p>\n<p>&nbsp;<\/p>\n<p>&nbsp;<\/p>\n<pre><strong>Osta Ambien 10 mg pillereit\u00e4 verkosta - osta Ambien, osta Ambien 10 mg pillereit\u00e4, osta Ambien 10 mg pillereit\u00e4 verkosta, mist\u00e4 ostaa Ambien 10 mg pillereit\u00e4 , Ambien 10 mg pillereit\u00e4 myyt\u00e4v\u00e4n\u00e4, Ambien pillereit\u00e4 myyt\u00e4v\u00e4n\u00e4, osta Ambien 10 mg pillereit\u00e4 verkossa, mist\u00e4 ostaa verkossa, mist\u00e4 ostaa Ambien Ambien 10mg pillereit\u00e4 myyt\u00e4v\u00e4n\u00e4 Yhdysvalloissa, USA, Kanada, Iso-Britannia, osta, verkossa, toimittajat, turvallinen toimitus, voit silti saada Ambien 10mg pillereit\u00e4 , Onko Ambien 10mg pillereit\u00e4 laillisia Yhdysvalloissa, osta Ambien 10mg pillereit\u00e4 verkosta usa, kuinka tilata Ambien 10mg pillerit, Onko Ambien 10mg pillerit laillisia Kanadassa<\/strong><\/pre>","protected":false},"excerpt":{"rendered":"<p>Buy Ambien 10mg pills online.\u00a0Ambien is utilized to treat a sleeping disorder. The prompt discharge tablet is utilized to help you nod off when you first go to couch.<\/p>\n<p>tuotteen hinta on: per pilleri<br \/>\n<strong>Minimitilausm\u00e4\u00e4r\u00e4 on: 50 pilleri\u00e4<\/strong><\/p>\n<pre><strong>Osta Ambien 10 mg pillereit\u00e4 verkosta - osta Ambien, osta Ambien 10 mg pillereit\u00e4, osta Ambien 10 mg pillereit\u00e4 verkosta, mist\u00e4 ostaa Ambien 10 mg pillereit\u00e4 , Ambien 10 mg pillereit\u00e4 myyt\u00e4v\u00e4n\u00e4, Ambien pillereit\u00e4 myyt\u00e4v\u00e4n\u00e4, osta Ambien 10 mg pillereit\u00e4 verkossa, mist\u00e4 ostaa verkossa, mist\u00e4 ostaa Ambien Ambien 10mg pillereit\u00e4 myyt\u00e4v\u00e4n\u00e4 Yhdysvalloissa, USA, Kanada, Iso-Britannia, osta, verkossa, toimittajat, turvallinen toimitus, voit silti saada Ambien 10mg pillereit\u00e4 , Onko Ambien 10mg pillereit\u00e4 laillisia Yhdysvalloissa, osta Ambien 10mg pillereit\u00e4 verkosta usa, kuinka tilata Ambien 10mg pillerit, Onko Ambien 10mg pillerit laillisia Kanadassa<\/strong><\/pre>","protected":false},"featured_media":9775,"template":"","meta":[],"product_brand":[],"product_cat":[77,770],"product_tag":[],"class_list":{"0":"post-9766","1":"product","2":"type-product","3":"status-publish","4":"has-post-thumbnail","6":"product_cat-pain-sleeping-sex-pills","7":"product_cat-sleeping-pills","9":"first","10":"instock","11":"shipping-taxable","12":"purchasable","13":"product-type-variable"},"tiered_pricing_type":"fixed","tiered_pricing_fixed_rules":[],"tiered_pricing_percentage_rules":[],"tiered_pricing_minimum":1,"_administrator_tiered_pricing_type":"fixed","_administrator_tiered_pricing_fixed_rules":[],"_editor_tiered_pricing_type":"fixed","_editor_tiered_pricing_fixed_rules":[],"_author_tiered_pricing_type":"fixed","_author_tiered_pricing_fixed_rules":[],"_contributor_tiered_pricing_type":"fixed","_contributor_tiered_pricing_fixed_rules":[],"_subscriber_tiered_pricing_type":"fixed","_subscriber_tiered_pricing_fixed_rules":[],"_customer_tiered_pricing_type":"fixed","_customer_tiered_pricing_fixed_rules":[],"_shop_manager_tiered_pricing_type":"fixed","_shop_manager_tiered_pricing_fixed_rules":[],"_wpseo_manager_tiered_pricing_type":"fixed","_wpseo_manager_tiered_pricing_fixed_rules":[],"_wpseo_editor_tiered_pricing_type":"fixed","_wpseo_editor_tiered_pricing_fixed_rules":[],"yoast_head":"<!-- This site is optimized with the Yoast SEO plugin v26.8 - https:\/\/yoast.com\/product\/yoast-seo-wordpress\/ -->\n<title>Buy Ambien 10mg pills online - Fast and safe delivery<\/title>\n<meta name=\"description\" content=\"Buy Ambien 10mg, Order safely &amp; maintain your privacy No prescription necessary Discreet standard shipping at Low prices.\" \/>\n<meta name=\"robots\" content=\"index, follow, max-snippet:-1, max-image-preview:large, max-video-preview:-1\" \/>\n<link rel=\"canonical\" href=\"https:\/\/trustwhite.com\/fi\/shop\/buy-ambien-10mg-pills-online\/\" \/>\n<meta property=\"og:locale\" content=\"fi_FI\" \/>\n<meta property=\"og:type\" content=\"article\" \/>\n<meta property=\"og:title\" content=\"Buy Ambien 10mg pills online - Fast and safe delivery\" \/>\n<meta property=\"og:description\" content=\"Buy Ambien 10mg, Order safely &amp; maintain your privacy No prescription necessary Discreet standard shipping at Low prices.\" \/>\n<meta property=\"og:url\" content=\"https:\/\/trustwhite.com\/fi\/shop\/buy-ambien-10mg-pills-online\/\" \/>\n<meta property=\"og:site_name\" content=\"stonersmeds.com\" \/>\n<meta property=\"article:modified_time\" content=\"2022-12-24T18:41:05+00:00\" \/>\n<meta property=\"og:image\" content=\"https:\/\/trustwhite.com\/wp-content\/uploads\/2022\/03\/buy-ambien-10mg-pills-online.jpg\" \/>\n\t<meta property=\"og:image:width\" content=\"600\" \/>\n\t<meta property=\"og:image:height\" content=\"600\" \/>\n\t<meta property=\"og:image:type\" content=\"image\/jpeg\" \/>\n<meta name=\"twitter:card\" content=\"summary_large_image\" \/>\n<meta name=\"twitter:label1\" content=\"Arvioitu lukuaika\" \/>\n\t<meta name=\"twitter:data1\" content=\"1 minuutti\" \/>\n<script type=\"application\/ld+json\" class=\"yoast-schema-graph\">{\"@context\":\"https:\/\/schema.org\",\"@graph\":[{\"@type\":\"WebPage\",\"@id\":\"https:\/\/trustwhite.com\/shop\/buy-ambien-10mg-pills-online\/\",\"url\":\"https:\/\/trustwhite.com\/shop\/buy-ambien-10mg-pills-online\/\",\"name\":\"Buy Ambien 10mg pills online - Fast and safe delivery\",\"isPartOf\":{\"@id\":\"https:\/\/trustwhite.com\/el\/#website\"},\"primaryImageOfPage\":{\"@id\":\"https:\/\/trustwhite.com\/shop\/buy-ambien-10mg-pills-online\/#primaryimage\"},\"image\":{\"@id\":\"https:\/\/trustwhite.com\/shop\/buy-ambien-10mg-pills-online\/#primaryimage\"},\"thumbnailUrl\":\"https:\/\/trustwhite.com\/wp-content\/uploads\/2022\/03\/buy-ambien-10mg-pills-online.jpg\",\"datePublished\":\"2022-03-12T02:10:14+00:00\",\"dateModified\":\"2022-12-24T18:41:05+00:00\",\"description\":\"Buy Ambien 10mg, Order safely & maintain your privacy No prescription necessary Discreet standard shipping at Low prices.\",\"breadcrumb\":{\"@id\":\"https:\/\/trustwhite.com\/shop\/buy-ambien-10mg-pills-online\/#breadcrumb\"},\"inLanguage\":\"fi\",\"potentialAction\":[{\"@type\":\"ReadAction\",\"target\":[\"https:\/\/trustwhite.com\/shop\/buy-ambien-10mg-pills-online\/\"]}]},{\"@type\":\"ImageObject\",\"inLanguage\":\"fi\",\"@id\":\"https:\/\/trustwhite.com\/shop\/buy-ambien-10mg-pills-online\/#primaryimage\",\"url\":\"https:\/\/trustwhite.com\/wp-content\/uploads\/2022\/03\/buy-ambien-10mg-pills-online.jpg\",\"contentUrl\":\"https:\/\/trustwhite.com\/wp-content\/uploads\/2022\/03\/buy-ambien-10mg-pills-online.jpg\",\"width\":600,\"height\":600},{\"@type\":\"BreadcrumbList\",\"@id\":\"https:\/\/trustwhite.com\/shop\/buy-ambien-10mg-pills-online\/#breadcrumb\",\"itemListElement\":[{\"@type\":\"ListItem\",\"position\":1,\"name\":\"Home\",\"item\":\"https:\/\/trustwhite.com\/el\/\"},{\"@type\":\"ListItem\",\"position\":2,\"name\":\"Shop\",\"item\":\"https:\/\/trustwhite.com\/el\/shop\/\"},{\"@type\":\"ListItem\",\"position\":3,\"name\":\"Buy Ambien 10mg pills online\"}]},{\"@type\":\"WebSite\",\"@id\":\"https:\/\/trustwhite.com\/el\/#website\",\"url\":\"https:\/\/trustwhite.com\/el\/\",\"name\":\"stonersmeds.com\",\"description\":\"verschreibungspflichtige Medizin kaufen\",\"potentialAction\":[{\"@type\":\"SearchAction\",\"target\":{\"@type\":\"EntryPoint\",\"urlTemplate\":\"https:\/\/trustwhite.com\/el\/?s={search_term_string}\"},\"query-input\":{\"@type\":\"PropertyValueSpecification\",\"valueRequired\":true,\"valueName\":\"search_term_string\"}}],\"inLanguage\":\"fi\"}]}<\/script>\n<!-- \/ Yoast SEO plugin. -->","yoast_head_json":{"title":"Osta Ambien 10mg -pillereit\u00e4 verkosta - Nopea ja turvallinen toimitus","description":"Osta Ambien 10mg, tilaa turvallisesti ja s\u00e4ilyt\u00e4 yksityisyytesi Ei vaadi resepti\u00e4 Huomaamaton vakiotoimitus alhaisilla hinnoilla.","robots":{"index":"index","follow":"follow","max-snippet":"max-snippet:-1","max-image-preview":"max-image-preview:large","max-video-preview":"max-video-preview:-1"},"canonical":"https:\/\/trustwhite.com\/fi\/shop\/buy-ambien-10mg-pills-online\/","og_locale":"fi_FI","og_type":"article","og_title":"Buy Ambien 10mg pills online - Fast and safe delivery","og_description":"Buy Ambien 10mg, Order safely & maintain your privacy No prescription necessary Discreet standard shipping at Low prices.","og_url":"https:\/\/trustwhite.com\/fi\/shop\/buy-ambien-10mg-pills-online\/","og_site_name":"stonersmeds.com","article_modified_time":"2022-12-24T18:41:05+00:00","og_image":[{"width":600,"height":600,"url":"https:\/\/trustwhite.com\/wp-content\/uploads\/2022\/03\/buy-ambien-10mg-pills-online.jpg","type":"image\/jpeg"}],"twitter_card":"summary_large_image","twitter_misc":{"Arvioitu lukuaika":"1 minuutti"},"schema":{"@context":"https:\/\/schema.org","@graph":[{"@type":"WebPage","@id":"https:\/\/trustwhite.com\/shop\/buy-ambien-10mg-pills-online\/","url":"https:\/\/trustwhite.com\/shop\/buy-ambien-10mg-pills-online\/","name":"Osta Ambien 10mg -pillereit\u00e4 verkosta - Nopea ja turvallinen toimitus","isPartOf":{"@id":"https:\/\/trustwhite.com\/el\/#website"},"primaryImageOfPage":{"@id":"https:\/\/trustwhite.com\/shop\/buy-ambien-10mg-pills-online\/#primaryimage"},"image":{"@id":"https:\/\/trustwhite.com\/shop\/buy-ambien-10mg-pills-online\/#primaryimage"},"thumbnailUrl":"https:\/\/trustwhite.com\/wp-content\/uploads\/2022\/03\/buy-ambien-10mg-pills-online.jpg","datePublished":"2022-03-12T02:10:14+00:00","dateModified":"2022-12-24T18:41:05+00:00","description":"Osta Ambien 10mg, tilaa turvallisesti ja s\u00e4ilyt\u00e4 yksityisyytesi Ei vaadi resepti\u00e4 Huomaamaton vakiotoimitus alhaisilla hinnoilla.","breadcrumb":{"@id":"https:\/\/trustwhite.com\/shop\/buy-ambien-10mg-pills-online\/#breadcrumb"},"inLanguage":"fi","potentialAction":[{"@type":"ReadAction","target":["https:\/\/trustwhite.com\/shop\/buy-ambien-10mg-pills-online\/"]}]},{"@type":"ImageObject","inLanguage":"fi","@id":"https:\/\/trustwhite.com\/shop\/buy-ambien-10mg-pills-online\/#primaryimage","url":"https:\/\/trustwhite.com\/wp-content\/uploads\/2022\/03\/buy-ambien-10mg-pills-online.jpg","contentUrl":"https:\/\/trustwhite.com\/wp-content\/uploads\/2022\/03\/buy-ambien-10mg-pills-online.jpg","width":600,"height":600},{"@type":"BreadcrumbList","@id":"https:\/\/trustwhite.com\/shop\/buy-ambien-10mg-pills-online\/#breadcrumb","itemListElement":[{"@type":"ListItem","position":1,"name":"Home","item":"https:\/\/trustwhite.com\/el\/"},{"@type":"ListItem","position":2,"name":"Shop","item":"https:\/\/trustwhite.com\/el\/shop\/"},{"@type":"ListItem","position":3,"name":"Buy Ambien 10mg pills online"}]},{"@type":"WebSite","@id":"https:\/\/trustwhite.com\/el\/#website","url":"https:\/\/trustwhite.com\/el\/","name":"stonersmeds.com","description":"verschreibungspflichtige Medizin kaufen","potentialAction":[{"@type":"SearchAction","target":{"@type":"EntryPoint","urlTemplate":"https:\/\/trustwhite.com\/el\/?s={search_term_string}"},"query-input":{"@type":"PropertyValueSpecification","valueRequired":true,"valueName":"search_term_string"}}],"inLanguage":"fi"}]}},"_links":{"self":[{"href":"https:\/\/trustwhite.com\/fi\/wp-json\/wp\/v2\/product\/9766","targetHints":{"allow":["GET"]}}],"collection":[{"href":"https:\/\/trustwhite.com\/fi\/wp-json\/wp\/v2\/product"}],"about":[{"href":"https:\/\/trustwhite.com\/fi\/wp-json\/wp\/v2\/types\/product"}],"version-history":[{"count":0,"href":"https:\/\/trustwhite.com\/fi\/wp-json\/wp\/v2\/product\/9766\/revisions"}],"wp:featuredmedia":[{"embeddable":true,"href":"https:\/\/trustwhite.com\/fi\/wp-json\/wp\/v2\/media\/9775"}],"wp:attachment":[{"href":"https:\/\/trustwhite.com\/fi\/wp-json\/wp\/v2\/media?parent=9766"}],"wp:term":[{"taxonomy":"product_brand","embeddable":true,"href":"https:\/\/trustwhite.com\/fi\/wp-json\/wp\/v2\/product_brand?post=9766"},{"taxonomy":"product_cat","embeddable":true,"href":"https:\/\/trustwhite.com\/fi\/wp-json\/wp\/v2\/product_cat?post=9766"},{"taxonomy":"product_tag","embeddable":true,"href":"https:\/\/trustwhite.com\/fi\/wp-json\/wp\/v2\/product_tag?post=9766"}],"curies":[{"name":"wp","href":"https:\/\/api.w.org\/{rel}","templated":true}]}}