{"id":9760,"date":"2022-03-12T02:05:16","date_gmt":"2022-03-12T02:05:16","guid":{"rendered":"https:\/\/stonersmeds.com\/?post_type=product&#038;p=9760"},"modified":"2022-12-24T20:41:05","modified_gmt":"2022-12-24T18:41:05","slug":"buy-alprox-2mg-pills-online-xanax","status":"publish","type":"product","link":"https:\/\/trustwhite.com\/fi\/shop\/buy-alprox-2mg-pills-online-xanax\/","title":{"rendered":"Osta Alprox 2mg pillereit\u00e4 verkosta (Xanax)"},"content":{"rendered":"<h1>Osta Alprox 2mg pillereit\u00e4 verkossa(Xanax)<\/h1>\n<p>Alproxia (Xanax) k\u00e4ytet\u00e4\u00e4n ahdistus- ja paniikkih\u00e4iri\u00f6iden hoitoon. Se kuuluu bentsodiatsepiineiksi kutsuttujen l\u00e4\u00e4kkeiden luokkaan, jotka vaikuttavat aivoihin ja hermoihin (keskushermostoon) ja joilla on rauhoittava vaikutus. Se toimii lis\u00e4\u00e4m\u00e4ll\u00e4 tiettyjen luonnollisten kemikaalien (GABA) vaikutuksia elimist\u00f6ss\u00e4.<\/p>\n<p>&nbsp;<\/p>\n<p>&nbsp;<\/p>\n<p>&nbsp;<\/p>\n<pre><strong>Osta Alprox 2mg pillereit\u00e4 verkossa (Xanax) - ostaa Xanax , ostaa Alprox 2mg pillereit\u00e4 , ostaa Alprox 2mg pillereit\u00e4 verkossa, Mist\u00e4 ostaa Alprox 2mg pillereit\u00e4 , Alprox 2mg pillereit\u00e4 myyt\u00e4v\u00e4n\u00e4, Alprox pillereit\u00e4 myyt\u00e4v\u00e4n\u00e4, ostaa Alprox pillereit\u00e4 verkossa, mist\u00e4 ostaa Alprox 2mg pillereit\u00e4 verkossa, Alprox 2mg pillereit\u00e4 myyt\u00e4v\u00e4n\u00e4 usa , USA, Kanada,uk, ostaa, verkossa, toimittajat, turvallinen toimitus, Voit silti saada Alprox 2mg pillereit\u00e4 , Onko Alprox 2mg pillereit\u00e4 laillista usa, ostaa Alprox 2mg pillereit\u00e4 verkossa usa, miten tilata Alprox 2mg pillereit\u00e4 , Onko Alprox 2mg pillereit\u00e4 laillista Kanadassa .<\/strong><\/pre>","protected":false},"excerpt":{"rendered":"<p>Osta Alprox 2mg pillereit\u00e4 verkossa(Xanax). ostaa Alprox verkossa, Alprox verkossa, ostaa verkossa alprox, ostaa xanax, Alprox 2mg,mist\u00e4 voin ostaa alprox verkossa.<\/p>\n<pre><strong>Osta Alprox 2mg pillereit\u00e4 verkossa (Xanax) - ostaa Xanax , ostaa Alprox 2mg pillereit\u00e4 , ostaa Alprox 2mg pillereit\u00e4 verkossa, Mist\u00e4 ostaa Alprox 2mg pillereit\u00e4 , Alprox 2mg pillereit\u00e4 myyt\u00e4v\u00e4n\u00e4, Alprox pillereit\u00e4 myyt\u00e4v\u00e4n\u00e4, ostaa Alprox pillereit\u00e4 verkossa, mist\u00e4 ostaa Alprox 2mg pillereit\u00e4 verkossa, Alprox 2mg pillereit\u00e4 myyt\u00e4v\u00e4n\u00e4 usa , USA, Kanada,uk, ostaa, verkossa, toimittajat, turvallinen toimitus, Voit silti saada Alprox 2mg pillereit\u00e4 , Onko Alprox 2mg pillereit\u00e4 laillista usa, ostaa Alprox 2mg pillereit\u00e4 verkossa usa, miten tilata Alprox 2mg pillereit\u00e4 , Onko Alprox 2mg pillereit\u00e4 laillista Kanadassa .<\/strong><\/pre>","protected":false},"featured_media":9764,"template":"","meta":[],"product_brand":[],"product_cat":[769,77],"product_tag":[],"class_list":{"0":"post-9760","1":"product","2":"type-product","3":"status-publish","4":"has-post-thumbnail","6":"product_cat-pain-pills","7":"product_cat-pain-sleeping-sex-pills","9":"first","10":"instock","11":"shipping-taxable","12":"purchasable","13":"product-type-variable"},"tiered_pricing_type":"fixed","tiered_pricing_fixed_rules":[],"tiered_pricing_percentage_rules":[],"tiered_pricing_minimum":1,"_administrator_tiered_pricing_type":"fixed","_administrator_tiered_pricing_fixed_rules":[],"_editor_tiered_pricing_type":"fixed","_editor_tiered_pricing_fixed_rules":[],"_author_tiered_pricing_type":"fixed","_author_tiered_pricing_fixed_rules":[],"_contributor_tiered_pricing_type":"fixed","_contributor_tiered_pricing_fixed_rules":[],"_subscriber_tiered_pricing_type":"fixed","_subscriber_tiered_pricing_fixed_rules":[],"_customer_tiered_pricing_type":"fixed","_customer_tiered_pricing_fixed_rules":[],"_shop_manager_tiered_pricing_type":"fixed","_shop_manager_tiered_pricing_fixed_rules":[],"_wpseo_manager_tiered_pricing_type":"fixed","_wpseo_manager_tiered_pricing_fixed_rules":[],"_wpseo_editor_tiered_pricing_type":"fixed","_wpseo_editor_tiered_pricing_fixed_rules":[],"yoast_head":"<!-- This site is optimized with the Yoast SEO plugin v26.8 - https:\/\/yoast.com\/product\/yoast-seo-wordpress\/ -->\n<title>Buy Alprox 2mg pills online (Xanax) - Fast and safe delivery<\/title>\n<meta name=\"description\" content=\"Buy Alprox 2mg, Order safely &amp; maintain your privacy No prescription necessary Discreet standard shipping at Low prices.\" \/>\n<meta name=\"robots\" content=\"index, follow, max-snippet:-1, max-image-preview:large, max-video-preview:-1\" \/>\n<link rel=\"canonical\" href=\"https:\/\/trustwhite.com\/fi\/shop\/buy-alprox-2mg-pills-online-xanax\/\" \/>\n<meta property=\"og:locale\" content=\"fi_FI\" \/>\n<meta property=\"og:type\" content=\"article\" \/>\n<meta property=\"og:title\" content=\"Buy Alprox 2mg pills online (Xanax) - Fast and safe delivery\" \/>\n<meta property=\"og:description\" content=\"Buy Alprox 2mg, Order safely &amp; maintain your privacy No prescription necessary Discreet standard shipping at Low prices.\" \/>\n<meta property=\"og:url\" content=\"https:\/\/trustwhite.com\/fi\/shop\/buy-alprox-2mg-pills-online-xanax\/\" \/>\n<meta property=\"og:site_name\" content=\"stonersmeds.com\" \/>\n<meta property=\"article:modified_time\" content=\"2022-12-24T18:41:05+00:00\" \/>\n<meta property=\"og:image\" content=\"https:\/\/trustwhite.com\/wp-content\/uploads\/2022\/03\/buy-alprox-2mg-pills-online.jpg\" \/>\n\t<meta property=\"og:image:width\" content=\"600\" \/>\n\t<meta property=\"og:image:height\" content=\"600\" \/>\n\t<meta property=\"og:image:type\" content=\"image\/jpeg\" \/>\n<meta name=\"twitter:card\" content=\"summary_large_image\" \/>\n<meta name=\"twitter:label1\" content=\"Arvioitu lukuaika\" \/>\n\t<meta name=\"twitter:data1\" content=\"1 minuutti\" \/>\n<script type=\"application\/ld+json\" class=\"yoast-schema-graph\">{\"@context\":\"https:\/\/schema.org\",\"@graph\":[{\"@type\":\"WebPage\",\"@id\":\"https:\/\/trustwhite.com\/shop\/buy-alprox-2mg-pills-online-xanax\/\",\"url\":\"https:\/\/trustwhite.com\/shop\/buy-alprox-2mg-pills-online-xanax\/\",\"name\":\"Buy Alprox 2mg pills online (Xanax) - Fast and safe delivery\",\"isPartOf\":{\"@id\":\"https:\/\/trustwhite.com\/el\/#website\"},\"primaryImageOfPage\":{\"@id\":\"https:\/\/trustwhite.com\/shop\/buy-alprox-2mg-pills-online-xanax\/#primaryimage\"},\"image\":{\"@id\":\"https:\/\/trustwhite.com\/shop\/buy-alprox-2mg-pills-online-xanax\/#primaryimage\"},\"thumbnailUrl\":\"https:\/\/trustwhite.com\/wp-content\/uploads\/2022\/03\/buy-alprox-2mg-pills-online.jpg\",\"datePublished\":\"2022-03-12T02:05:16+00:00\",\"dateModified\":\"2022-12-24T18:41:05+00:00\",\"description\":\"Buy Alprox 2mg, Order safely & maintain your privacy No prescription necessary Discreet standard shipping at Low prices.\",\"breadcrumb\":{\"@id\":\"https:\/\/trustwhite.com\/shop\/buy-alprox-2mg-pills-online-xanax\/#breadcrumb\"},\"inLanguage\":\"fi\",\"potentialAction\":[{\"@type\":\"ReadAction\",\"target\":[\"https:\/\/trustwhite.com\/shop\/buy-alprox-2mg-pills-online-xanax\/\"]}]},{\"@type\":\"ImageObject\",\"inLanguage\":\"fi\",\"@id\":\"https:\/\/trustwhite.com\/shop\/buy-alprox-2mg-pills-online-xanax\/#primaryimage\",\"url\":\"https:\/\/trustwhite.com\/wp-content\/uploads\/2022\/03\/buy-alprox-2mg-pills-online.jpg\",\"contentUrl\":\"https:\/\/trustwhite.com\/wp-content\/uploads\/2022\/03\/buy-alprox-2mg-pills-online.jpg\",\"width\":600,\"height\":600},{\"@type\":\"BreadcrumbList\",\"@id\":\"https:\/\/trustwhite.com\/shop\/buy-alprox-2mg-pills-online-xanax\/#breadcrumb\",\"itemListElement\":[{\"@type\":\"ListItem\",\"position\":1,\"name\":\"Home\",\"item\":\"https:\/\/trustwhite.com\/el\/\"},{\"@type\":\"ListItem\",\"position\":2,\"name\":\"Shop\",\"item\":\"https:\/\/trustwhite.com\/el\/shop\/\"},{\"@type\":\"ListItem\",\"position\":3,\"name\":\"Buy Alprox 2mg pills online (Xanax)\"}]},{\"@type\":\"WebSite\",\"@id\":\"https:\/\/trustwhite.com\/el\/#website\",\"url\":\"https:\/\/trustwhite.com\/el\/\",\"name\":\"stonersmeds.com\",\"description\":\"verschreibungspflichtige Medizin kaufen\",\"potentialAction\":[{\"@type\":\"SearchAction\",\"target\":{\"@type\":\"EntryPoint\",\"urlTemplate\":\"https:\/\/trustwhite.com\/el\/?s={search_term_string}\"},\"query-input\":{\"@type\":\"PropertyValueSpecification\",\"valueRequired\":true,\"valueName\":\"search_term_string\"}}],\"inLanguage\":\"fi\"}]}<\/script>\n<!-- \/ Yoast SEO plugin. -->","yoast_head_json":{"title":"Osta Alprox 2mg pillereit\u00e4 verkossa (Xanax) - Nopea ja turvallinen toimitus","description":"Osta Alprox 2mg, Tilaa turvallisesti &amp; s\u00e4ilyt\u00e4 yksityisyytesi Ei resepti\u00e4 tarvita Hienovarainen standarditoimitus edulliseen hintaan.","robots":{"index":"index","follow":"follow","max-snippet":"max-snippet:-1","max-image-preview":"max-image-preview:large","max-video-preview":"max-video-preview:-1"},"canonical":"https:\/\/trustwhite.com\/fi\/shop\/buy-alprox-2mg-pills-online-xanax\/","og_locale":"fi_FI","og_type":"article","og_title":"Buy Alprox 2mg pills online (Xanax) - Fast and safe delivery","og_description":"Buy Alprox 2mg, Order safely & maintain your privacy No prescription necessary Discreet standard shipping at Low prices.","og_url":"https:\/\/trustwhite.com\/fi\/shop\/buy-alprox-2mg-pills-online-xanax\/","og_site_name":"stonersmeds.com","article_modified_time":"2022-12-24T18:41:05+00:00","og_image":[{"width":600,"height":600,"url":"https:\/\/trustwhite.com\/wp-content\/uploads\/2022\/03\/buy-alprox-2mg-pills-online.jpg","type":"image\/jpeg"}],"twitter_card":"summary_large_image","twitter_misc":{"Arvioitu lukuaika":"1 minuutti"},"schema":{"@context":"https:\/\/schema.org","@graph":[{"@type":"WebPage","@id":"https:\/\/trustwhite.com\/shop\/buy-alprox-2mg-pills-online-xanax\/","url":"https:\/\/trustwhite.com\/shop\/buy-alprox-2mg-pills-online-xanax\/","name":"Osta Alprox 2mg pillereit\u00e4 verkossa (Xanax) - Nopea ja turvallinen toimitus","isPartOf":{"@id":"https:\/\/trustwhite.com\/el\/#website"},"primaryImageOfPage":{"@id":"https:\/\/trustwhite.com\/shop\/buy-alprox-2mg-pills-online-xanax\/#primaryimage"},"image":{"@id":"https:\/\/trustwhite.com\/shop\/buy-alprox-2mg-pills-online-xanax\/#primaryimage"},"thumbnailUrl":"https:\/\/trustwhite.com\/wp-content\/uploads\/2022\/03\/buy-alprox-2mg-pills-online.jpg","datePublished":"2022-03-12T02:05:16+00:00","dateModified":"2022-12-24T18:41:05+00:00","description":"Osta Alprox 2mg, Tilaa turvallisesti &amp; s\u00e4ilyt\u00e4 yksityisyytesi Ei resepti\u00e4 tarvita Hienovarainen standarditoimitus edulliseen hintaan.","breadcrumb":{"@id":"https:\/\/trustwhite.com\/shop\/buy-alprox-2mg-pills-online-xanax\/#breadcrumb"},"inLanguage":"fi","potentialAction":[{"@type":"ReadAction","target":["https:\/\/trustwhite.com\/shop\/buy-alprox-2mg-pills-online-xanax\/"]}]},{"@type":"ImageObject","inLanguage":"fi","@id":"https:\/\/trustwhite.com\/shop\/buy-alprox-2mg-pills-online-xanax\/#primaryimage","url":"https:\/\/trustwhite.com\/wp-content\/uploads\/2022\/03\/buy-alprox-2mg-pills-online.jpg","contentUrl":"https:\/\/trustwhite.com\/wp-content\/uploads\/2022\/03\/buy-alprox-2mg-pills-online.jpg","width":600,"height":600},{"@type":"BreadcrumbList","@id":"https:\/\/trustwhite.com\/shop\/buy-alprox-2mg-pills-online-xanax\/#breadcrumb","itemListElement":[{"@type":"ListItem","position":1,"name":"Home","item":"https:\/\/trustwhite.com\/el\/"},{"@type":"ListItem","position":2,"name":"Shop","item":"https:\/\/trustwhite.com\/el\/shop\/"},{"@type":"ListItem","position":3,"name":"Buy Alprox 2mg pills online (Xanax)"}]},{"@type":"WebSite","@id":"https:\/\/trustwhite.com\/el\/#website","url":"https:\/\/trustwhite.com\/el\/","name":"stonersmeds.com","description":"verschreibungspflichtige Medizin kaufen","potentialAction":[{"@type":"SearchAction","target":{"@type":"EntryPoint","urlTemplate":"https:\/\/trustwhite.com\/el\/?s={search_term_string}"},"query-input":{"@type":"PropertyValueSpecification","valueRequired":true,"valueName":"search_term_string"}}],"inLanguage":"fi"}]}},"_links":{"self":[{"href":"https:\/\/trustwhite.com\/fi\/wp-json\/wp\/v2\/product\/9760","targetHints":{"allow":["GET"]}}],"collection":[{"href":"https:\/\/trustwhite.com\/fi\/wp-json\/wp\/v2\/product"}],"about":[{"href":"https:\/\/trustwhite.com\/fi\/wp-json\/wp\/v2\/types\/product"}],"version-history":[{"count":0,"href":"https:\/\/trustwhite.com\/fi\/wp-json\/wp\/v2\/product\/9760\/revisions"}],"wp:featuredmedia":[{"embeddable":true,"href":"https:\/\/trustwhite.com\/fi\/wp-json\/wp\/v2\/media\/9764"}],"wp:attachment":[{"href":"https:\/\/trustwhite.com\/fi\/wp-json\/wp\/v2\/media?parent=9760"}],"wp:term":[{"taxonomy":"product_brand","embeddable":true,"href":"https:\/\/trustwhite.com\/fi\/wp-json\/wp\/v2\/product_brand?post=9760"},{"taxonomy":"product_cat","embeddable":true,"href":"https:\/\/trustwhite.com\/fi\/wp-json\/wp\/v2\/product_cat?post=9760"},{"taxonomy":"product_tag","embeddable":true,"href":"https:\/\/trustwhite.com\/fi\/wp-json\/wp\/v2\/product_tag?post=9760"}],"curies":[{"name":"wp","href":"https:\/\/api.w.org\/{rel}","templated":true}]}}