{"id":9561,"date":"2022-03-11T17:43:16","date_gmt":"2022-03-11T17:43:16","guid":{"rendered":"https:\/\/stonersmeds.com\/?post_type=product&#038;p=9561"},"modified":"2022-03-11T17:43:16","modified_gmt":"2022-03-11T17:43:16","slug":"buy-purple-wreck-marijuana-strain-online","status":"publish","type":"product","link":"https:\/\/trustwhite.com\/fi\/shop\/buy-purple-wreck-marijuana-strain-online\/","title":{"rendered":"Osta Purple Wreck Marihuana Strain verkosta"},"content":{"rendered":"<h1>Osta Purple Wreck Marihuana Strain verkosta.<\/h1>\n<p>Purple Trainwreck (kutsutaan my\u00f6s Purple Wreckiksi) on Mendocino Purpsin, joka tunnetaan my\u00f6s nimell\u00e4 Mendo Purps, ja Trainwreckin risteytys, jonka on kasvattanut Humboldt Seed Organization Pohjois-Kaliforniassa.<\/p>\n<p>Purple Trainwreck pyrkii tuottamaan aivoihin psykotrooppisen vaikutuksen, joka tiivistyy hyvin rentouttavalle tasolle. T\u00e4m\u00e4 suosittu violetti lajike huokuu kirpe\u00e4\u00e4 sitruunan tuoksua ja sen makuprofiilia kuvataan sitruunan, m\u00e4nnyn ja laventelin sekoitukseksi.<\/p>\n<div><\/div>\n<div><\/div>\n<div><\/div>\n<div><\/div>\n<pre><strong>Osta Purple Wreck Marihuanan kanta verkosta - osta marihuanan purppura, osta purppuranpunainen marihuana, osta hylkymarihuanan kanta verkosta, mist\u00e4 ostaa purppuraa hylkymarihuanan kantaa, purppura hylkymarihuanan kanta myyt\u00e4v\u00e4n\u00e4, hylkymarihuanan kanta myyt\u00e4v\u00e4n\u00e4, osta hylkymarihuanan kanta verkossa, mist\u00e4 ostaa Purple Wreck Marihuana Strain verkossa, Purple Wreck Marihuana Strain myyt\u00e4v\u00e4n\u00e4 Yhdysvalloissa , USA, Kanada, Iso-Britannia, osta, verkossa, toimittajat, turvallinen toimitus, Voit silti saada Purple Wreck Marihuana Strain , Is Purple Wreck Marihuana Strain usa, osta Purple Wreck Marijuana Strain verkossa Yhdysvalloissa, kuinka tilaat Purple Wreck Marijuana Strainin , Onko Purple Wreck Marihuana Strainlegalia Kanadassa<\/strong><\/pre>","protected":false},"excerpt":{"rendered":"<p>Buy Purple Wreck Marijuana Strain Online.\u00a0Purple Wreck Marijuana is\u00a0<strong>Indica Dominant Hybrid<\/strong>\u00a0\u2013 60% Indica \/ 40% Sativa THC: 18% \u2013 25%<\/p>\n<p>tuotteen hinta on\u00a0<strong>$250 USD per unssi (28,4 grammaa)<\/strong><\/p>\n<p>25% alennus 3 unssia ja enemm\u00e4n. Kuponkikoodi: bhobos2018z<\/p>\n<pre><strong>Osta Purple Wreck Marihuanan kanta verkosta - osta marihuanan purppura, osta purppuranpunainen marihuana, osta hylkymarihuanan kanta verkosta, mist\u00e4 ostaa purppuraa hylkymarihuanan kantaa, purppura hylkymarihuanan kanta myyt\u00e4v\u00e4n\u00e4, hylkymarihuanan kanta myyt\u00e4v\u00e4n\u00e4, osta hylkymarihuanan kanta verkossa, mist\u00e4 ostaa Purple Wreck Marihuana Strain verkossa, Purple Wreck Marihuana Strain myyt\u00e4v\u00e4n\u00e4 Yhdysvalloissa , USA, Kanada, Iso-Britannia, osta, verkossa, toimittajat, turvallinen toimitus, Voit silti saada Purple Wreck Marihuana Strain , Is Purple Wreck Marihuana Strain usa, osta Purple Wreck Marijuana Strain verkossa Yhdysvalloissa, kuinka tilaat Purple Wreck Marijuana Strainin , Onko Purple Wreck Marihuana Strainlegalia Kanadassa<\/strong><\/pre>","protected":false},"featured_media":9565,"template":"","meta":[],"product_brand":[],"product_cat":[81],"product_tag":[],"class_list":{"0":"post-9561","1":"product","2":"type-product","3":"status-publish","4":"has-post-thumbnail","6":"product_cat-marijuana-medical-cannabis","8":"first","9":"instock","10":"shipping-taxable","11":"purchasable","12":"product-type-simple"},"tiered_pricing_type":"fixed","tiered_pricing_fixed_rules":{"28":"9","50":"8","100":"7","250":"6","500":"4.5","1000":"3"},"tiered_pricing_percentage_rules":[],"tiered_pricing_minimum":1,"_administrator_tiered_pricing_type":"fixed","_administrator_tiered_pricing_fixed_rules":[],"_editor_tiered_pricing_type":"fixed","_editor_tiered_pricing_fixed_rules":[],"_author_tiered_pricing_type":"fixed","_author_tiered_pricing_fixed_rules":[],"_contributor_tiered_pricing_type":"fixed","_contributor_tiered_pricing_fixed_rules":[],"_subscriber_tiered_pricing_type":"fixed","_subscriber_tiered_pricing_fixed_rules":[],"_customer_tiered_pricing_type":"fixed","_customer_tiered_pricing_fixed_rules":[],"_shop_manager_tiered_pricing_type":"fixed","_shop_manager_tiered_pricing_fixed_rules":[],"_wpseo_manager_tiered_pricing_type":"fixed","_wpseo_manager_tiered_pricing_fixed_rules":[],"_wpseo_editor_tiered_pricing_type":"fixed","_wpseo_editor_tiered_pricing_fixed_rules":[],"yoast_head":"<!-- This site is optimized with the Yoast SEO plugin v26.8 - https:\/\/yoast.com\/product\/yoast-seo-wordpress\/ -->\n<title>Buy Purple Wreck Marijuana Strain Online - stonersmeds.com<\/title>\n<meta name=\"robots\" content=\"index, follow, max-snippet:-1, max-image-preview:large, max-video-preview:-1\" \/>\n<link rel=\"canonical\" href=\"https:\/\/trustwhite.com\/fi\/shop\/buy-purple-wreck-marijuana-strain-online\/\" \/>\n<meta property=\"og:locale\" content=\"fi_FI\" \/>\n<meta property=\"og:type\" content=\"article\" \/>\n<meta property=\"og:title\" content=\"Buy Purple Wreck Marijuana Strain Online - stonersmeds.com\" \/>\n<meta property=\"og:description\" content=\"Buy Purple Wreck Marijuana Strain Online.\u00a0Purple Wreck Marijuana is\u00a0Indica Dominant Hybrid\u00a0\u2013 60% Indica \/ 40% Sativa THC: 18% \u2013 25%  product price is\u00a0$250 USD per ounce(28.4grams)  25% off for 3 ounces and above. Coupon code: bhobos2018z Buy Purple Wreck Marijuana Strain Online - buy Marijuana Strain , buy Purple Wreck Marijuana Strain , buy Wreck Marijuana Strain online, Where to Buy Purple Wreck Marijuana Strain , Purple Wreck Marijuana Strain for sale, Wreck Marijuana Strain for sale, buy Wreck Marijuana Strain online, where to Buy Purple Wreck Marijuana Strain online, Purple Wreck Marijuana Strain for sale in usa , USA, canada,uk, buy, online, suppliers, safe delivery, You can still get Purple Wreck Marijuana Strain , Is Purple Wreck Marijuana Strain usa, buy Purple Wreck Marijuana Strain online usa, how to order Purple Wreck Marijuana Strain , Is Purple Wreck Marijuana Strainlegal in Canada\" \/>\n<meta property=\"og:url\" content=\"https:\/\/trustwhite.com\/fi\/shop\/buy-purple-wreck-marijuana-strain-online\/\" \/>\n<meta property=\"og:site_name\" content=\"stonersmeds.com\" \/>\n<meta property=\"og:image\" content=\"https:\/\/trustwhite.com\/wp-content\/uploads\/2022\/03\/Buy-Purple-Wreck-Marijuana-Strain-Online.jpg\" \/>\n\t<meta property=\"og:image:width\" content=\"600\" \/>\n\t<meta property=\"og:image:height\" content=\"600\" \/>\n\t<meta property=\"og:image:type\" content=\"image\/jpeg\" \/>\n<meta name=\"twitter:card\" content=\"summary_large_image\" \/>\n<meta name=\"twitter:label1\" content=\"Arvioitu lukuaika\" \/>\n\t<meta name=\"twitter:data1\" content=\"1 minuutti\" \/>\n<script type=\"application\/ld+json\" class=\"yoast-schema-graph\">{\"@context\":\"https:\/\/schema.org\",\"@graph\":[{\"@type\":\"WebPage\",\"@id\":\"https:\/\/trustwhite.com\/shop\/buy-purple-wreck-marijuana-strain-online\/\",\"url\":\"https:\/\/trustwhite.com\/shop\/buy-purple-wreck-marijuana-strain-online\/\",\"name\":\"Buy Purple Wreck Marijuana Strain Online - stonersmeds.com\",\"isPartOf\":{\"@id\":\"https:\/\/trustwhite.com\/el\/#website\"},\"primaryImageOfPage\":{\"@id\":\"https:\/\/trustwhite.com\/shop\/buy-purple-wreck-marijuana-strain-online\/#primaryimage\"},\"image\":{\"@id\":\"https:\/\/trustwhite.com\/shop\/buy-purple-wreck-marijuana-strain-online\/#primaryimage\"},\"thumbnailUrl\":\"https:\/\/trustwhite.com\/wp-content\/uploads\/2022\/03\/Buy-Purple-Wreck-Marijuana-Strain-Online.jpg\",\"datePublished\":\"2022-03-11T17:43:16+00:00\",\"breadcrumb\":{\"@id\":\"https:\/\/trustwhite.com\/shop\/buy-purple-wreck-marijuana-strain-online\/#breadcrumb\"},\"inLanguage\":\"fi\",\"potentialAction\":[{\"@type\":\"ReadAction\",\"target\":[\"https:\/\/trustwhite.com\/shop\/buy-purple-wreck-marijuana-strain-online\/\"]}]},{\"@type\":\"ImageObject\",\"inLanguage\":\"fi\",\"@id\":\"https:\/\/trustwhite.com\/shop\/buy-purple-wreck-marijuana-strain-online\/#primaryimage\",\"url\":\"https:\/\/trustwhite.com\/wp-content\/uploads\/2022\/03\/Buy-Purple-Wreck-Marijuana-Strain-Online.jpg\",\"contentUrl\":\"https:\/\/trustwhite.com\/wp-content\/uploads\/2022\/03\/Buy-Purple-Wreck-Marijuana-Strain-Online.jpg\",\"width\":600,\"height\":600},{\"@type\":\"BreadcrumbList\",\"@id\":\"https:\/\/trustwhite.com\/shop\/buy-purple-wreck-marijuana-strain-online\/#breadcrumb\",\"itemListElement\":[{\"@type\":\"ListItem\",\"position\":1,\"name\":\"Home\",\"item\":\"https:\/\/trustwhite.com\/el\/\"},{\"@type\":\"ListItem\",\"position\":2,\"name\":\"Shop\",\"item\":\"https:\/\/trustwhite.com\/el\/shop\/\"},{\"@type\":\"ListItem\",\"position\":3,\"name\":\"Buy Purple Wreck Marijuana Strain Online\"}]},{\"@type\":\"WebSite\",\"@id\":\"https:\/\/trustwhite.com\/el\/#website\",\"url\":\"https:\/\/trustwhite.com\/el\/\",\"name\":\"stonersmeds.com\",\"description\":\"verschreibungspflichtige Medizin kaufen\",\"potentialAction\":[{\"@type\":\"SearchAction\",\"target\":{\"@type\":\"EntryPoint\",\"urlTemplate\":\"https:\/\/trustwhite.com\/el\/?s={search_term_string}\"},\"query-input\":{\"@type\":\"PropertyValueSpecification\",\"valueRequired\":true,\"valueName\":\"search_term_string\"}}],\"inLanguage\":\"fi\"}]}<\/script>\n<!-- \/ Yoast SEO plugin. -->","yoast_head_json":{"title":"Osta Purple Wreck Marihuana Strain Online - stonersmeds.com","robots":{"index":"index","follow":"follow","max-snippet":"max-snippet:-1","max-image-preview":"max-image-preview:large","max-video-preview":"max-video-preview:-1"},"canonical":"https:\/\/trustwhite.com\/fi\/shop\/buy-purple-wreck-marijuana-strain-online\/","og_locale":"fi_FI","og_type":"article","og_title":"Buy Purple Wreck Marijuana Strain Online - stonersmeds.com","og_description":"Buy Purple Wreck Marijuana Strain Online.\u00a0Purple Wreck Marijuana is\u00a0Indica Dominant Hybrid\u00a0\u2013 60% Indica \/ 40% Sativa THC: 18% \u2013 25%  product price is\u00a0$250 USD per ounce(28.4grams)  25% off for 3 ounces and above. Coupon code: bhobos2018z Buy Purple Wreck Marijuana Strain Online - buy Marijuana Strain , buy Purple Wreck Marijuana Strain , buy Wreck Marijuana Strain online, Where to Buy Purple Wreck Marijuana Strain , Purple Wreck Marijuana Strain for sale, Wreck Marijuana Strain for sale, buy Wreck Marijuana Strain online, where to Buy Purple Wreck Marijuana Strain online, Purple Wreck Marijuana Strain for sale in usa , USA, canada,uk, buy, online, suppliers, safe delivery, You can still get Purple Wreck Marijuana Strain , Is Purple Wreck Marijuana Strain usa, buy Purple Wreck Marijuana Strain online usa, how to order Purple Wreck Marijuana Strain , Is Purple Wreck Marijuana Strainlegal in Canada","og_url":"https:\/\/trustwhite.com\/fi\/shop\/buy-purple-wreck-marijuana-strain-online\/","og_site_name":"stonersmeds.com","og_image":[{"width":600,"height":600,"url":"https:\/\/trustwhite.com\/wp-content\/uploads\/2022\/03\/Buy-Purple-Wreck-Marijuana-Strain-Online.jpg","type":"image\/jpeg"}],"twitter_card":"summary_large_image","twitter_misc":{"Arvioitu lukuaika":"1 minuutti"},"schema":{"@context":"https:\/\/schema.org","@graph":[{"@type":"WebPage","@id":"https:\/\/trustwhite.com\/shop\/buy-purple-wreck-marijuana-strain-online\/","url":"https:\/\/trustwhite.com\/shop\/buy-purple-wreck-marijuana-strain-online\/","name":"Osta Purple Wreck Marihuana Strain Online - stonersmeds.com","isPartOf":{"@id":"https:\/\/trustwhite.com\/el\/#website"},"primaryImageOfPage":{"@id":"https:\/\/trustwhite.com\/shop\/buy-purple-wreck-marijuana-strain-online\/#primaryimage"},"image":{"@id":"https:\/\/trustwhite.com\/shop\/buy-purple-wreck-marijuana-strain-online\/#primaryimage"},"thumbnailUrl":"https:\/\/trustwhite.com\/wp-content\/uploads\/2022\/03\/Buy-Purple-Wreck-Marijuana-Strain-Online.jpg","datePublished":"2022-03-11T17:43:16+00:00","breadcrumb":{"@id":"https:\/\/trustwhite.com\/shop\/buy-purple-wreck-marijuana-strain-online\/#breadcrumb"},"inLanguage":"fi","potentialAction":[{"@type":"ReadAction","target":["https:\/\/trustwhite.com\/shop\/buy-purple-wreck-marijuana-strain-online\/"]}]},{"@type":"ImageObject","inLanguage":"fi","@id":"https:\/\/trustwhite.com\/shop\/buy-purple-wreck-marijuana-strain-online\/#primaryimage","url":"https:\/\/trustwhite.com\/wp-content\/uploads\/2022\/03\/Buy-Purple-Wreck-Marijuana-Strain-Online.jpg","contentUrl":"https:\/\/trustwhite.com\/wp-content\/uploads\/2022\/03\/Buy-Purple-Wreck-Marijuana-Strain-Online.jpg","width":600,"height":600},{"@type":"BreadcrumbList","@id":"https:\/\/trustwhite.com\/shop\/buy-purple-wreck-marijuana-strain-online\/#breadcrumb","itemListElement":[{"@type":"ListItem","position":1,"name":"Home","item":"https:\/\/trustwhite.com\/el\/"},{"@type":"ListItem","position":2,"name":"Shop","item":"https:\/\/trustwhite.com\/el\/shop\/"},{"@type":"ListItem","position":3,"name":"Buy Purple Wreck Marijuana Strain Online"}]},{"@type":"WebSite","@id":"https:\/\/trustwhite.com\/el\/#website","url":"https:\/\/trustwhite.com\/el\/","name":"stonersmeds.com","description":"verschreibungspflichtige Medizin kaufen","potentialAction":[{"@type":"SearchAction","target":{"@type":"EntryPoint","urlTemplate":"https:\/\/trustwhite.com\/el\/?s={search_term_string}"},"query-input":{"@type":"PropertyValueSpecification","valueRequired":true,"valueName":"search_term_string"}}],"inLanguage":"fi"}]}},"_links":{"self":[{"href":"https:\/\/trustwhite.com\/fi\/wp-json\/wp\/v2\/product\/9561","targetHints":{"allow":["GET"]}}],"collection":[{"href":"https:\/\/trustwhite.com\/fi\/wp-json\/wp\/v2\/product"}],"about":[{"href":"https:\/\/trustwhite.com\/fi\/wp-json\/wp\/v2\/types\/product"}],"version-history":[{"count":0,"href":"https:\/\/trustwhite.com\/fi\/wp-json\/wp\/v2\/product\/9561\/revisions"}],"wp:featuredmedia":[{"embeddable":true,"href":"https:\/\/trustwhite.com\/fi\/wp-json\/wp\/v2\/media\/9565"}],"wp:attachment":[{"href":"https:\/\/trustwhite.com\/fi\/wp-json\/wp\/v2\/media?parent=9561"}],"wp:term":[{"taxonomy":"product_brand","embeddable":true,"href":"https:\/\/trustwhite.com\/fi\/wp-json\/wp\/v2\/product_brand?post=9561"},{"taxonomy":"product_cat","embeddable":true,"href":"https:\/\/trustwhite.com\/fi\/wp-json\/wp\/v2\/product_cat?post=9561"},{"taxonomy":"product_tag","embeddable":true,"href":"https:\/\/trustwhite.com\/fi\/wp-json\/wp\/v2\/product_tag?post=9561"}],"curies":[{"name":"wp","href":"https:\/\/api.w.org\/{rel}","templated":true}]}}