{"id":9536,"date":"2022-03-11T17:31:59","date_gmt":"2022-03-11T17:31:59","guid":{"rendered":"https:\/\/stonersmeds.com\/?post_type=product&#038;p=9536"},"modified":"2022-03-11T17:31:59","modified_gmt":"2022-03-11T17:31:59","slug":"buy-pineapple-express-marijuana-strain-online","status":"publish","type":"product","link":"https:\/\/trustwhite.com\/fi\/shop\/buy-pineapple-express-marijuana-strain-online\/","title":{"rendered":"Osta Pineapple Express Marihuana Strain verkosta"},"content":{"rendered":"<h1>Osta Pineapple Express Marihuana Strain verkosta.<\/h1>\n<p>Osta Pineapple Express Marihuana Strain verkosta.<\/p>\n<p>Tehosteet<br \/>\nEnergisoivaa, euforiaa, keskittymist\u00e4<br \/>\nVoi helpottaa<br \/>\nKrooninen kipu, masennus, v\u00e4symys, ruokahaluttomuus, migreeni, pahoinvointi, painajaiset<br \/>\nMaut<br \/>\nSitrus, m\u00e4nty, ananas, makea, trooppinen<br \/>\nAromit<br \/>\nMaanl\u00e4heinen, m\u00e4nty, ananas, makea<\/p>\n<p>Sinun on kuitenkin pidett\u00e4v\u00e4 mieless\u00e4, ett\u00e4 rasitus ei ole niin kovaa kuin elokuva on antanut sen olevan. Mutta Pineapple Express pystyy silti tarjoamaan liev\u00e4\u00e4 ja mukavaa vartaloa turruttavaa surinaa, jota on odotettava.<\/p>\n<p>Kanta tarjotaan hyvin punnittujen nuggettien muodossa, jotka n\u00e4ytt\u00e4v\u00e4t styroksipopcornilta. Se ei maistu makealta, mutta tuoksuu funkylta sitrushedelmien s\u00e4vyineen. Maku on aivan poikkeuksellinen, ja hengitett\u00e4ess\u00e4 on aavistus ananasta. Pineapple Express on valittu hoitamaan monia l\u00e4\u00e4ketieteellisi\u00e4 ongelmia, kuten ahdistusta ja stressi\u00e4. Se on kuitenkin viel\u00e4 tehokkaampi parantamaan kroonisen masennuksen oireita samanaikaisesti. Jos sinulla on lievi\u00e4 kipuja ja s\u00e4rkyj\u00e4, sinun ei pit\u00e4isi etsi\u00e4 en\u00e4\u00e4. Tupakoinnin j\u00e4lkeen huomaat, ett\u00e4 Pineapple Express rauhoittaa ja stimuloi samanaikaisesti.<\/p>\n<p>&nbsp;<\/p>\n<p>&nbsp;<\/p>\n<p>&nbsp;<\/p>\n<pre><strong>Osta Pineapple Express -marihuanan kanta verkosta - osta marihuanakanta, osta Pineapple Express -marihuanan kanta, osta ananasmarihuanan kantta verkosta, mist\u00e4 ostaa Pineapple Express -marihuanan kantaa , ananas Express -marihuanan kanta myyt\u00e4v\u00e4n\u00e4, ananasmarihuanan kanta myyt\u00e4v\u00e4n\u00e4, osta marihuanan kanta verkossa, miss\u00e4 Osta Pineapple Express Marihuana Strain verkosta, Pineapple Express Marihuana Strain myyt\u00e4v\u00e4n\u00e4 Yhdysvalloissa , USA, Kanada, Iso-Britannia, osta, verkossa, toimittajat, turvallinen toimitus, Voit silti saada Pineapple Express Marihuana Strain , Onko Pineapple Express Marihuana Strain usa, osta ananas Express Marijuana Strain online usa, kuinka tilata Pineapple Express Marijuana Strain , Onko Pineapple Express Marijuana Strain laillinen Kanadassa<\/strong><\/pre>","protected":false},"excerpt":{"rendered":"<p>Osta Pineapple Express Marihuana Strain Online. Osta Pineapple Express Marihuana Strain. Sativa-dominantti hybridi - 60% Sativa \/ 40% Indica THC: 25%, CBN: 1%.<\/p>\n<pre><strong>Osta Pineapple Express -marihuanan kanta verkosta - osta marihuanakanta, osta Pineapple Express -marihuanan kanta, osta ananasmarihuanan kantta verkosta, mist\u00e4 ostaa Pineapple Express -marihuanan kantaa , ananas Express -marihuanan kanta myyt\u00e4v\u00e4n\u00e4, ananasmarihuanan kanta myyt\u00e4v\u00e4n\u00e4, osta marihuanan kanta verkossa, miss\u00e4 Osta Pineapple Express Marihuana Strain verkosta, Pineapple Express Marihuana Strain myyt\u00e4v\u00e4n\u00e4 Yhdysvalloissa , USA, Kanada, Iso-Britannia, osta, verkossa, toimittajat, turvallinen toimitus, Voit silti saada Pineapple Express Marihuana Strain , Onko Pineapple Express Marihuana Strain usa, osta ananas Express Marijuana Strain online usa, kuinka tilata Pineapple Express Marijuana Strain , Onko Pineapple Express Marijuana Strain laillinen Kanadassa<\/strong><\/pre>","protected":false},"featured_media":9543,"template":"","meta":[],"product_brand":[],"product_cat":[81],"product_tag":[],"class_list":{"0":"post-9536","1":"product","2":"type-product","3":"status-publish","4":"has-post-thumbnail","6":"product_cat-marijuana-medical-cannabis","8":"first","9":"instock","10":"shipping-taxable","11":"purchasable","12":"product-type-variable"},"tiered_pricing_type":"fixed","tiered_pricing_fixed_rules":{"28":"9","50":"8","100":"7","250":"6","500":"4.5","1000":"3"},"tiered_pricing_percentage_rules":[],"tiered_pricing_minimum":1,"_administrator_tiered_pricing_type":"fixed","_administrator_tiered_pricing_fixed_rules":[],"_editor_tiered_pricing_type":"fixed","_editor_tiered_pricing_fixed_rules":[],"_author_tiered_pricing_type":"fixed","_author_tiered_pricing_fixed_rules":[],"_contributor_tiered_pricing_type":"fixed","_contributor_tiered_pricing_fixed_rules":[],"_subscriber_tiered_pricing_type":"fixed","_subscriber_tiered_pricing_fixed_rules":[],"_customer_tiered_pricing_type":"fixed","_customer_tiered_pricing_fixed_rules":[],"_shop_manager_tiered_pricing_type":"fixed","_shop_manager_tiered_pricing_fixed_rules":[],"_wpseo_manager_tiered_pricing_type":"fixed","_wpseo_manager_tiered_pricing_fixed_rules":[],"_wpseo_editor_tiered_pricing_type":"fixed","_wpseo_editor_tiered_pricing_fixed_rules":[],"yoast_head":"<!-- This site is optimized with the Yoast SEO plugin v26.8 - https:\/\/yoast.com\/product\/yoast-seo-wordpress\/ -->\n<title>Buy Pineapple Express Marijuana Strain Online - stonersmeds.com<\/title>\n<meta name=\"robots\" content=\"index, follow, max-snippet:-1, max-image-preview:large, max-video-preview:-1\" \/>\n<link rel=\"canonical\" href=\"https:\/\/trustwhite.com\/fi\/shop\/buy-pineapple-express-marijuana-strain-online\/\" \/>\n<meta property=\"og:locale\" content=\"fi_FI\" \/>\n<meta property=\"og:type\" content=\"article\" \/>\n<meta property=\"og:title\" content=\"Buy Pineapple Express Marijuana Strain Online - stonersmeds.com\" \/>\n<meta property=\"og:description\" content=\"Buy Pineapple Express Marijuana Strain Online.\u00a0Buy Pineapple Express Marijuana Strain. A sativa Dominant\u00a0Hybrid\u00a0\u2013 60% Sativa \/ 40% Indica THC: 25%, CBN: 1% Buy Pineapple Express Marijuana Strain Online - buy Marijuana Strain , buy Pineapple Express Marijuana Strain , buy Pineapple Marijuana Strain online, Where to Buy Pineapple Express Marijuana Strain , Pineapple Express Marijuana Strain for sale, Pineapple Marijuana Strain for sale, buy Marijuana Strain online, where to Buy Pineapple Express Marijuana Strain online, Pineapple Express Marijuana Strain for sale in usa , USA, canada,uk, buy, online, suppliers, safe delivery, You can still get Pineapple Express Marijuana Strain , Is Pineapple Express Marijuana Strain usa, buy Pineapple Express Marijuana Strain online usa, how to order Pineapple Express Marijuana Strain , Is Pineapple Express Marijuana Strain legal in Canada\" \/>\n<meta property=\"og:url\" content=\"https:\/\/trustwhite.com\/fi\/shop\/buy-pineapple-express-marijuana-strain-online\/\" \/>\n<meta property=\"og:site_name\" content=\"stonersmeds.com\" \/>\n<meta property=\"og:image\" content=\"https:\/\/trustwhite.com\/wp-content\/uploads\/2022\/03\/Buy-Pineapple-Express-Marijuana-Strain-Online.jpg\" \/>\n\t<meta property=\"og:image:width\" content=\"600\" \/>\n\t<meta property=\"og:image:height\" content=\"600\" \/>\n\t<meta property=\"og:image:type\" content=\"image\/jpeg\" \/>\n<meta name=\"twitter:card\" content=\"summary_large_image\" \/>\n<meta name=\"twitter:label1\" content=\"Arvioitu lukuaika\" \/>\n\t<meta name=\"twitter:data1\" content=\"1 minuutti\" \/>\n<script type=\"application\/ld+json\" class=\"yoast-schema-graph\">{\"@context\":\"https:\/\/schema.org\",\"@graph\":[{\"@type\":\"WebPage\",\"@id\":\"https:\/\/trustwhite.com\/shop\/buy-pineapple-express-marijuana-strain-online\/\",\"url\":\"https:\/\/trustwhite.com\/shop\/buy-pineapple-express-marijuana-strain-online\/\",\"name\":\"Buy Pineapple Express Marijuana Strain Online - stonersmeds.com\",\"isPartOf\":{\"@id\":\"https:\/\/trustwhite.com\/el\/#website\"},\"primaryImageOfPage\":{\"@id\":\"https:\/\/trustwhite.com\/shop\/buy-pineapple-express-marijuana-strain-online\/#primaryimage\"},\"image\":{\"@id\":\"https:\/\/trustwhite.com\/shop\/buy-pineapple-express-marijuana-strain-online\/#primaryimage\"},\"thumbnailUrl\":\"https:\/\/trustwhite.com\/wp-content\/uploads\/2022\/03\/Buy-Pineapple-Express-Marijuana-Strain-Online.jpg\",\"datePublished\":\"2022-03-11T17:31:59+00:00\",\"breadcrumb\":{\"@id\":\"https:\/\/trustwhite.com\/shop\/buy-pineapple-express-marijuana-strain-online\/#breadcrumb\"},\"inLanguage\":\"fi\",\"potentialAction\":[{\"@type\":\"ReadAction\",\"target\":[\"https:\/\/trustwhite.com\/shop\/buy-pineapple-express-marijuana-strain-online\/\"]}]},{\"@type\":\"ImageObject\",\"inLanguage\":\"fi\",\"@id\":\"https:\/\/trustwhite.com\/shop\/buy-pineapple-express-marijuana-strain-online\/#primaryimage\",\"url\":\"https:\/\/trustwhite.com\/wp-content\/uploads\/2022\/03\/Buy-Pineapple-Express-Marijuana-Strain-Online.jpg\",\"contentUrl\":\"https:\/\/trustwhite.com\/wp-content\/uploads\/2022\/03\/Buy-Pineapple-Express-Marijuana-Strain-Online.jpg\",\"width\":600,\"height\":600},{\"@type\":\"BreadcrumbList\",\"@id\":\"https:\/\/trustwhite.com\/shop\/buy-pineapple-express-marijuana-strain-online\/#breadcrumb\",\"itemListElement\":[{\"@type\":\"ListItem\",\"position\":1,\"name\":\"Home\",\"item\":\"https:\/\/trustwhite.com\/el\/\"},{\"@type\":\"ListItem\",\"position\":2,\"name\":\"Shop\",\"item\":\"https:\/\/trustwhite.com\/el\/shop\/\"},{\"@type\":\"ListItem\",\"position\":3,\"name\":\"Buy Pineapple Express Marijuana Strain Online\"}]},{\"@type\":\"WebSite\",\"@id\":\"https:\/\/trustwhite.com\/el\/#website\",\"url\":\"https:\/\/trustwhite.com\/el\/\",\"name\":\"stonersmeds.com\",\"description\":\"verschreibungspflichtige Medizin kaufen\",\"potentialAction\":[{\"@type\":\"SearchAction\",\"target\":{\"@type\":\"EntryPoint\",\"urlTemplate\":\"https:\/\/trustwhite.com\/el\/?s={search_term_string}\"},\"query-input\":{\"@type\":\"PropertyValueSpecification\",\"valueRequired\":true,\"valueName\":\"search_term_string\"}}],\"inLanguage\":\"fi\"}]}<\/script>\n<!-- \/ Yoast SEO plugin. -->","yoast_head_json":{"title":"Osta Pineapple Express Marihuana Strain Online - stonersmeds.com","robots":{"index":"index","follow":"follow","max-snippet":"max-snippet:-1","max-image-preview":"max-image-preview:large","max-video-preview":"max-video-preview:-1"},"canonical":"https:\/\/trustwhite.com\/fi\/shop\/buy-pineapple-express-marijuana-strain-online\/","og_locale":"fi_FI","og_type":"article","og_title":"Buy Pineapple Express Marijuana Strain Online - stonersmeds.com","og_description":"Buy Pineapple Express Marijuana Strain Online.\u00a0Buy Pineapple Express Marijuana Strain. A sativa Dominant\u00a0Hybrid\u00a0\u2013 60% Sativa \/ 40% Indica THC: 25%, CBN: 1% Buy Pineapple Express Marijuana Strain Online - buy Marijuana Strain , buy Pineapple Express Marijuana Strain , buy Pineapple Marijuana Strain online, Where to Buy Pineapple Express Marijuana Strain , Pineapple Express Marijuana Strain for sale, Pineapple Marijuana Strain for sale, buy Marijuana Strain online, where to Buy Pineapple Express Marijuana Strain online, Pineapple Express Marijuana Strain for sale in usa , USA, canada,uk, buy, online, suppliers, safe delivery, You can still get Pineapple Express Marijuana Strain , Is Pineapple Express Marijuana Strain usa, buy Pineapple Express Marijuana Strain online usa, how to order Pineapple Express Marijuana Strain , Is Pineapple Express Marijuana Strain legal in Canada","og_url":"https:\/\/trustwhite.com\/fi\/shop\/buy-pineapple-express-marijuana-strain-online\/","og_site_name":"stonersmeds.com","og_image":[{"width":600,"height":600,"url":"https:\/\/trustwhite.com\/wp-content\/uploads\/2022\/03\/Buy-Pineapple-Express-Marijuana-Strain-Online.jpg","type":"image\/jpeg"}],"twitter_card":"summary_large_image","twitter_misc":{"Arvioitu lukuaika":"1 minuutti"},"schema":{"@context":"https:\/\/schema.org","@graph":[{"@type":"WebPage","@id":"https:\/\/trustwhite.com\/shop\/buy-pineapple-express-marijuana-strain-online\/","url":"https:\/\/trustwhite.com\/shop\/buy-pineapple-express-marijuana-strain-online\/","name":"Osta Pineapple Express Marihuana Strain Online - stonersmeds.com","isPartOf":{"@id":"https:\/\/trustwhite.com\/el\/#website"},"primaryImageOfPage":{"@id":"https:\/\/trustwhite.com\/shop\/buy-pineapple-express-marijuana-strain-online\/#primaryimage"},"image":{"@id":"https:\/\/trustwhite.com\/shop\/buy-pineapple-express-marijuana-strain-online\/#primaryimage"},"thumbnailUrl":"https:\/\/trustwhite.com\/wp-content\/uploads\/2022\/03\/Buy-Pineapple-Express-Marijuana-Strain-Online.jpg","datePublished":"2022-03-11T17:31:59+00:00","breadcrumb":{"@id":"https:\/\/trustwhite.com\/shop\/buy-pineapple-express-marijuana-strain-online\/#breadcrumb"},"inLanguage":"fi","potentialAction":[{"@type":"ReadAction","target":["https:\/\/trustwhite.com\/shop\/buy-pineapple-express-marijuana-strain-online\/"]}]},{"@type":"ImageObject","inLanguage":"fi","@id":"https:\/\/trustwhite.com\/shop\/buy-pineapple-express-marijuana-strain-online\/#primaryimage","url":"https:\/\/trustwhite.com\/wp-content\/uploads\/2022\/03\/Buy-Pineapple-Express-Marijuana-Strain-Online.jpg","contentUrl":"https:\/\/trustwhite.com\/wp-content\/uploads\/2022\/03\/Buy-Pineapple-Express-Marijuana-Strain-Online.jpg","width":600,"height":600},{"@type":"BreadcrumbList","@id":"https:\/\/trustwhite.com\/shop\/buy-pineapple-express-marijuana-strain-online\/#breadcrumb","itemListElement":[{"@type":"ListItem","position":1,"name":"Home","item":"https:\/\/trustwhite.com\/el\/"},{"@type":"ListItem","position":2,"name":"Shop","item":"https:\/\/trustwhite.com\/el\/shop\/"},{"@type":"ListItem","position":3,"name":"Buy Pineapple Express Marijuana Strain Online"}]},{"@type":"WebSite","@id":"https:\/\/trustwhite.com\/el\/#website","url":"https:\/\/trustwhite.com\/el\/","name":"stonersmeds.com","description":"verschreibungspflichtige Medizin kaufen","potentialAction":[{"@type":"SearchAction","target":{"@type":"EntryPoint","urlTemplate":"https:\/\/trustwhite.com\/el\/?s={search_term_string}"},"query-input":{"@type":"PropertyValueSpecification","valueRequired":true,"valueName":"search_term_string"}}],"inLanguage":"fi"}]}},"_links":{"self":[{"href":"https:\/\/trustwhite.com\/fi\/wp-json\/wp\/v2\/product\/9536","targetHints":{"allow":["GET"]}}],"collection":[{"href":"https:\/\/trustwhite.com\/fi\/wp-json\/wp\/v2\/product"}],"about":[{"href":"https:\/\/trustwhite.com\/fi\/wp-json\/wp\/v2\/types\/product"}],"version-history":[{"count":0,"href":"https:\/\/trustwhite.com\/fi\/wp-json\/wp\/v2\/product\/9536\/revisions"}],"wp:featuredmedia":[{"embeddable":true,"href":"https:\/\/trustwhite.com\/fi\/wp-json\/wp\/v2\/media\/9543"}],"wp:attachment":[{"href":"https:\/\/trustwhite.com\/fi\/wp-json\/wp\/v2\/media?parent=9536"}],"wp:term":[{"taxonomy":"product_brand","embeddable":true,"href":"https:\/\/trustwhite.com\/fi\/wp-json\/wp\/v2\/product_brand?post=9536"},{"taxonomy":"product_cat","embeddable":true,"href":"https:\/\/trustwhite.com\/fi\/wp-json\/wp\/v2\/product_cat?post=9536"},{"taxonomy":"product_tag","embeddable":true,"href":"https:\/\/trustwhite.com\/fi\/wp-json\/wp\/v2\/product_tag?post=9536"}],"curies":[{"name":"wp","href":"https:\/\/api.w.org\/{rel}","templated":true}]}}