{"id":10410,"date":"2022-03-12T07:29:41","date_gmt":"2022-03-12T07:29:41","guid":{"rendered":"https:\/\/stonersmeds.com\/?post_type=product&#038;p=10410"},"modified":"2022-12-30T20:36:29","modified_gmt":"2022-12-30T18:36:29","slug":"buy-fentanyl-powder-online","status":"publish","type":"product","link":"https:\/\/trustwhite.com\/fi\/shop\/buy-fentanyl-powder-online\/","title":{"rendered":"Osta Fentanyylijauhetta verkossa"},"content":{"rendered":"<h1><b>Osta Fentanyylijauhetta verkossa<br \/>\n<\/b><\/h1>\n<p>Fentanyyli kuuluu opioideiksi kutsuttuun huumausaineperheeseen. T\u00e4t\u00e4 jauhetta k\u00e4ytet\u00e4\u00e4n monien sairauksien hoidossa. Sit\u00e4 esiintyy sek\u00e4 pillereiss\u00e4 ett\u00e4 jauhemuodossa. Fentanyylijauhe on kipul\u00e4\u00e4ke, jota k\u00e4ytet\u00e4\u00e4n kivun lievitt\u00e4miseen.<\/p>\n<p>Fentanyyli\u00e4 k\u00e4ytet\u00e4\u00e4n my\u00f6s kaikenlaisen kivun eli kroonisen kivun v\u00e4hent\u00e4miseen tai poistamiseen. Se syntetisoitiin ensimm\u00e4isen kerran 1960-luvulla ja tuli markkinoille l\u00e4\u00e4kkeeksi. Sitten sit\u00e4 k\u00e4ytettiin v\u00e4h\u00e4isiin tarkoituksiin. Mutta viime vuosina sit\u00e4 ei k\u00e4ytet\u00e4 vain l\u00e4\u00e4kkeen\u00e4 vaan my\u00f6s huumeena joissakin tapauksissa.<\/p>\n<p>Fentanyylijauhetta verrataan usein tunnetuimpaan pro-huumeeseen, joka tunnetaan nimell\u00e4 morfiini. Se on eritt\u00e4in potentiaalinen pro-huume, jota k\u00e4ytet\u00e4\u00e4n ja tuotetaan viel\u00e4 l\u00e4\u00e4ketieteen alalla.<\/p>\n<p>Fentanyylijauhe on l\u00e4hes 50-100 kertaa vahvempi pro-huume kuin morfiini. T\u00e4m\u00e4 on t\u00e4rkein syy sen menestykseen ja laajamittaiseen k\u00e4ytt\u00f6\u00f6n.<\/p>\n<p>Fentanyylijauhe vaikuttaa suoraan aivoihin ja muuttaa kivun tunnetta t\u00e4ysin. Se poistaa kivun kehosta pysyv\u00e4sti tai osittain kivun tilasta riippuen. Suuren tehonsa vuoksi sit\u00e4 k\u00e4ytet\u00e4\u00e4n yleisesti kaikenlaisen kivun hoitoon alkuvaiheen kivusta krooniseen kipuun.<\/p>\n<p>N\u00e4m\u00e4 ovat joitakin ominaisuuksia, joiden vuoksi monet l\u00e4\u00e4k\u00e4rit k\u00e4ytt\u00e4v\u00e4t t\u00e4t\u00e4 pro-l\u00e4\u00e4kett\u00e4 hoidoissaan. Monissa kirurgisissa toimenpiteiss\u00e4 k\u00e4ytett\u00e4viss\u00e4 l\u00e4\u00e4kkeiss\u00e4 on jonkin verran t\u00e4t\u00e4 pro-l\u00e4\u00e4kett\u00e4 leikkauskivun v\u00e4hent\u00e4miseksi.<\/p>\n<p>Fentanyylijauhe ei ole suosittu vain l\u00e4\u00e4k\u00e4reiden keskuudessa, vaan my\u00f6s tanssibaareihin ja klubeille tulevien ihmisten keskuudessa. Ihmiset k\u00e4ytt\u00e4v\u00e4t t\u00e4t\u00e4 pro-huumetta rentoutumiseen, kun he v\u00e4syv\u00e4t ty\u00f6h\u00f6ns\u00e4 ja haluavat nauttia el\u00e4m\u00e4st\u00e4.<\/p>\n<p>T\u00e4m\u00e4n pro-l\u00e4\u00e4kkeen valmistuksessa k\u00e4ytetyill\u00e4 ainesosilla on my\u00f6s joitakin ominaisuuksia, jotka ovat hy\u00f6dyllisi\u00e4 kunnollisen unen saamisessa. T\u00e4st\u00e4 syyst\u00e4 siit\u00e4 on tullut eritt\u00e4in suosittu ihmisten keskuudessa, jotka kohtaavat masennuksen kaltaisia ongelmia.<\/p>\n<p>Fentanyylijauhetta on helposti saatavilla verkkokaupasta. Verkkokauppamme k\u00e4sittelee my\u00f6s t\u00e4t\u00e4 pro-huumetta sek\u00e4 pillereiss\u00e4 ett\u00e4 jauheena. Myym\u00e4l\u00e4mme tarjoaa my\u00f6s tuotteen toimituksen hyvin lyhyess\u00e4 ajassa kotiovellesi.<\/p>\n<p>&nbsp;<\/p>\n<p>&nbsp;<\/p>\n<pre><strong>Osta Fentanyylijauhetta verkossa - osta jauhetta , osta Fentanyylijauhetta , osta Fentanyyli\u00e4 verkossa, mist\u00e4 ostaa Fentanyylijauhetta , Fentanyylijauhetta myyt\u00e4v\u00e4n\u00e4, jauhetta myyt\u00e4v\u00e4n\u00e4, osta jauhetta verkossa, mist\u00e4 ostaa Fentanyylijauhetta verkossa , Fentanyylijauhetta myyt\u00e4v\u00e4n\u00e4 Yhdysvalloissa , USA, Kanada, uk, ostaa, verkossa, toimittajat, turvallinen toimitus, Voit silti saada Fentanyl Powder , Onko Fentanyl Powder laillista usa, ostaa Fentanyl Powder verkossa usa, miten tilata Fentanyl Powder , Onko Fentanyl Powder laillista Kanadassa.<\/strong><\/pre>","protected":false},"excerpt":{"rendered":"<p>Fentanyylill\u00e4 hoidetaan vaikeaa, jatkuvaa kipua, jota ei voida hallita muilla l\u00e4\u00e4kkeill\u00e4. T\u00e4m\u00e4 l\u00e4\u00e4ke on narkoottinen kipul\u00e4\u00e4ke.<br \/>\nOsta top quanlity Fentanyl verkossa t\u00e4n\u00e4\u00e4n eritt\u00e4in alhaisilla hinnoilla alkaen Tarjoamme erillisen toimituksen ja rahat takaisin-takuun.<\/p>\n<p>tuotteen hinta on: grammaa kohti<\/p>\n<pre><strong>Osta Fentanyylijauhetta verkossa - osta jauhetta , osta Fentanyylijauhetta , osta Fentanyyli\u00e4 verkossa, mist\u00e4 ostaa Fentanyylijauhetta , Fentanyylijauhetta myyt\u00e4v\u00e4n\u00e4, jauhetta myyt\u00e4v\u00e4n\u00e4, osta jauhetta verkossa, mist\u00e4 ostaa Fentanyylijauhetta verkossa , Fentanyylijauhetta myyt\u00e4v\u00e4n\u00e4 Yhdysvalloissa , USA, Kanada, uk, ostaa, verkossa, toimittajat, turvallinen toimitus, Voit silti saada Fentanyl Powder , Onko Fentanyl Powder laillista usa, ostaa Fentanyl Powder verkossa usa, miten tilata Fentanyl Powder , Onko Fentanyl Powder laillista Kanadassa.<\/strong><\/pre>","protected":false},"featured_media":10427,"template":"","meta":[],"product_brand":[],"product_cat":[79],"product_tag":[],"class_list":{"0":"post-10410","1":"product","2":"type-product","3":"status-publish","4":"has-post-thumbnail","6":"product_cat-research-chemicals-and-bath-salt","8":"first","9":"instock","10":"shipping-taxable","11":"purchasable","12":"product-type-variable"},"tiered_pricing_type":"fixed","tiered_pricing_fixed_rules":[],"tiered_pricing_percentage_rules":[],"tiered_pricing_minimum":1,"_administrator_tiered_pricing_type":"fixed","_administrator_tiered_pricing_fixed_rules":[],"_editor_tiered_pricing_type":"fixed","_editor_tiered_pricing_fixed_rules":[],"_author_tiered_pricing_type":"fixed","_author_tiered_pricing_fixed_rules":[],"_contributor_tiered_pricing_type":"fixed","_contributor_tiered_pricing_fixed_rules":[],"_subscriber_tiered_pricing_type":"fixed","_subscriber_tiered_pricing_fixed_rules":[],"_customer_tiered_pricing_type":"fixed","_customer_tiered_pricing_fixed_rules":[],"_shop_manager_tiered_pricing_type":"fixed","_shop_manager_tiered_pricing_fixed_rules":[],"_wpseo_manager_tiered_pricing_type":"fixed","_wpseo_manager_tiered_pricing_fixed_rules":[],"_wpseo_editor_tiered_pricing_type":"fixed","_wpseo_editor_tiered_pricing_fixed_rules":[],"yoast_head":"<!-- This site is optimized with the Yoast SEO plugin v26.8 - https:\/\/yoast.com\/product\/yoast-seo-wordpress\/ -->\n<title>Buy Fentanyl Powder Online - Cheap price, Grade A++<\/title>\n<meta name=\"description\" content=\"Buy Fentanyl Powder Online at an affordable price at stonersmeds. All products are lab qualified and have premium quality.\" \/>\n<meta name=\"robots\" content=\"index, follow, max-snippet:-1, max-image-preview:large, max-video-preview:-1\" \/>\n<link rel=\"canonical\" href=\"https:\/\/trustwhite.com\/fi\/shop\/buy-fentanyl-powder-online\/\" \/>\n<meta property=\"og:locale\" content=\"fi_FI\" \/>\n<meta property=\"og:type\" content=\"article\" \/>\n<meta property=\"og:title\" content=\"Buy Fentanyl Powder Online - Cheap price, Grade A++\" \/>\n<meta property=\"og:description\" content=\"Buy Fentanyl Powder Online at an affordable price at stonersmeds. All products are lab qualified and have premium quality.\" \/>\n<meta property=\"og:url\" content=\"https:\/\/trustwhite.com\/fi\/shop\/buy-fentanyl-powder-online\/\" \/>\n<meta property=\"og:site_name\" content=\"stonersmeds.com\" \/>\n<meta property=\"article:modified_time\" content=\"2022-12-30T18:36:29+00:00\" \/>\n<meta property=\"og:image\" content=\"https:\/\/trustwhite.com\/wp-content\/uploads\/2022\/03\/buy-metizolam-powder-online.jpg\" \/>\n\t<meta property=\"og:image:width\" content=\"600\" \/>\n\t<meta property=\"og:image:height\" content=\"600\" \/>\n\t<meta property=\"og:image:type\" content=\"image\/jpeg\" \/>\n<meta name=\"twitter:card\" content=\"summary_large_image\" \/>\n<meta name=\"twitter:label1\" content=\"Arvioitu lukuaika\" \/>\n\t<meta name=\"twitter:data1\" content=\"2 minuuttia\" \/>\n<script type=\"application\/ld+json\" class=\"yoast-schema-graph\">{\"@context\":\"https:\/\/schema.org\",\"@graph\":[{\"@type\":\"WebPage\",\"@id\":\"https:\/\/trustwhite.com\/shop\/buy-fentanyl-powder-online\/\",\"url\":\"https:\/\/trustwhite.com\/shop\/buy-fentanyl-powder-online\/\",\"name\":\"Buy Fentanyl Powder Online - Cheap price, Grade A++\",\"isPartOf\":{\"@id\":\"https:\/\/trustwhite.com\/el\/#website\"},\"primaryImageOfPage\":{\"@id\":\"https:\/\/trustwhite.com\/shop\/buy-fentanyl-powder-online\/#primaryimage\"},\"image\":{\"@id\":\"https:\/\/trustwhite.com\/shop\/buy-fentanyl-powder-online\/#primaryimage\"},\"thumbnailUrl\":\"https:\/\/trustwhite.com\/wp-content\/uploads\/2022\/03\/buy-metizolam-powder-online.jpg\",\"datePublished\":\"2022-03-12T07:29:41+00:00\",\"dateModified\":\"2022-12-30T18:36:29+00:00\",\"description\":\"Buy Fentanyl Powder Online at an affordable price at stonersmeds. All products are lab qualified and have premium quality.\",\"breadcrumb\":{\"@id\":\"https:\/\/trustwhite.com\/shop\/buy-fentanyl-powder-online\/#breadcrumb\"},\"inLanguage\":\"fi\",\"potentialAction\":[{\"@type\":\"ReadAction\",\"target\":[\"https:\/\/trustwhite.com\/shop\/buy-fentanyl-powder-online\/\"]}]},{\"@type\":\"ImageObject\",\"inLanguage\":\"fi\",\"@id\":\"https:\/\/trustwhite.com\/shop\/buy-fentanyl-powder-online\/#primaryimage\",\"url\":\"https:\/\/trustwhite.com\/wp-content\/uploads\/2022\/03\/buy-metizolam-powder-online.jpg\",\"contentUrl\":\"https:\/\/trustwhite.com\/wp-content\/uploads\/2022\/03\/buy-metizolam-powder-online.jpg\",\"width\":600,\"height\":600},{\"@type\":\"BreadcrumbList\",\"@id\":\"https:\/\/trustwhite.com\/shop\/buy-fentanyl-powder-online\/#breadcrumb\",\"itemListElement\":[{\"@type\":\"ListItem\",\"position\":1,\"name\":\"Home\",\"item\":\"https:\/\/trustwhite.com\/el\/\"},{\"@type\":\"ListItem\",\"position\":2,\"name\":\"Shop\",\"item\":\"https:\/\/trustwhite.com\/el\/shop\/\"},{\"@type\":\"ListItem\",\"position\":3,\"name\":\"Buy Fentanyl Powder Online\"}]},{\"@type\":\"WebSite\",\"@id\":\"https:\/\/trustwhite.com\/el\/#website\",\"url\":\"https:\/\/trustwhite.com\/el\/\",\"name\":\"stonersmeds.com\",\"description\":\"verschreibungspflichtige Medizin kaufen\",\"potentialAction\":[{\"@type\":\"SearchAction\",\"target\":{\"@type\":\"EntryPoint\",\"urlTemplate\":\"https:\/\/trustwhite.com\/el\/?s={search_term_string}\"},\"query-input\":{\"@type\":\"PropertyValueSpecification\",\"valueRequired\":true,\"valueName\":\"search_term_string\"}}],\"inLanguage\":\"fi\"}]}<\/script>\n<!-- \/ Yoast SEO plugin. -->","yoast_head_json":{"title":"Osta Fentanyylijauhetta verkossa - Halpa hinta, luokka A ++","description":"Osta Fentanyylijauhetta verkossa edulliseen hintaan stonersmedsilt\u00e4. Kaikki tuotteet ovat laboratoriossa hyv\u00e4ksyttyj\u00e4 ja korkealaatuisia.","robots":{"index":"index","follow":"follow","max-snippet":"max-snippet:-1","max-image-preview":"max-image-preview:large","max-video-preview":"max-video-preview:-1"},"canonical":"https:\/\/trustwhite.com\/fi\/shop\/buy-fentanyl-powder-online\/","og_locale":"fi_FI","og_type":"article","og_title":"Buy Fentanyl Powder Online - Cheap price, Grade A++","og_description":"Buy Fentanyl Powder Online at an affordable price at stonersmeds. All products are lab qualified and have premium quality.","og_url":"https:\/\/trustwhite.com\/fi\/shop\/buy-fentanyl-powder-online\/","og_site_name":"stonersmeds.com","article_modified_time":"2022-12-30T18:36:29+00:00","og_image":[{"width":600,"height":600,"url":"https:\/\/trustwhite.com\/wp-content\/uploads\/2022\/03\/buy-metizolam-powder-online.jpg","type":"image\/jpeg"}],"twitter_card":"summary_large_image","twitter_misc":{"Arvioitu lukuaika":"2 minuuttia"},"schema":{"@context":"https:\/\/schema.org","@graph":[{"@type":"WebPage","@id":"https:\/\/trustwhite.com\/shop\/buy-fentanyl-powder-online\/","url":"https:\/\/trustwhite.com\/shop\/buy-fentanyl-powder-online\/","name":"Osta Fentanyylijauhetta verkossa - Halpa hinta, luokka A ++","isPartOf":{"@id":"https:\/\/trustwhite.com\/el\/#website"},"primaryImageOfPage":{"@id":"https:\/\/trustwhite.com\/shop\/buy-fentanyl-powder-online\/#primaryimage"},"image":{"@id":"https:\/\/trustwhite.com\/shop\/buy-fentanyl-powder-online\/#primaryimage"},"thumbnailUrl":"https:\/\/trustwhite.com\/wp-content\/uploads\/2022\/03\/buy-metizolam-powder-online.jpg","datePublished":"2022-03-12T07:29:41+00:00","dateModified":"2022-12-30T18:36:29+00:00","description":"Osta Fentanyylijauhetta verkossa edulliseen hintaan stonersmedsilt\u00e4. Kaikki tuotteet ovat laboratoriossa hyv\u00e4ksyttyj\u00e4 ja korkealaatuisia.","breadcrumb":{"@id":"https:\/\/trustwhite.com\/shop\/buy-fentanyl-powder-online\/#breadcrumb"},"inLanguage":"fi","potentialAction":[{"@type":"ReadAction","target":["https:\/\/trustwhite.com\/shop\/buy-fentanyl-powder-online\/"]}]},{"@type":"ImageObject","inLanguage":"fi","@id":"https:\/\/trustwhite.com\/shop\/buy-fentanyl-powder-online\/#primaryimage","url":"https:\/\/trustwhite.com\/wp-content\/uploads\/2022\/03\/buy-metizolam-powder-online.jpg","contentUrl":"https:\/\/trustwhite.com\/wp-content\/uploads\/2022\/03\/buy-metizolam-powder-online.jpg","width":600,"height":600},{"@type":"BreadcrumbList","@id":"https:\/\/trustwhite.com\/shop\/buy-fentanyl-powder-online\/#breadcrumb","itemListElement":[{"@type":"ListItem","position":1,"name":"Home","item":"https:\/\/trustwhite.com\/el\/"},{"@type":"ListItem","position":2,"name":"Shop","item":"https:\/\/trustwhite.com\/el\/shop\/"},{"@type":"ListItem","position":3,"name":"Buy Fentanyl Powder Online"}]},{"@type":"WebSite","@id":"https:\/\/trustwhite.com\/el\/#website","url":"https:\/\/trustwhite.com\/el\/","name":"stonersmeds.com","description":"verschreibungspflichtige Medizin kaufen","potentialAction":[{"@type":"SearchAction","target":{"@type":"EntryPoint","urlTemplate":"https:\/\/trustwhite.com\/el\/?s={search_term_string}"},"query-input":{"@type":"PropertyValueSpecification","valueRequired":true,"valueName":"search_term_string"}}],"inLanguage":"fi"}]}},"_links":{"self":[{"href":"https:\/\/trustwhite.com\/fi\/wp-json\/wp\/v2\/product\/10410","targetHints":{"allow":["GET"]}}],"collection":[{"href":"https:\/\/trustwhite.com\/fi\/wp-json\/wp\/v2\/product"}],"about":[{"href":"https:\/\/trustwhite.com\/fi\/wp-json\/wp\/v2\/types\/product"}],"version-history":[{"count":0,"href":"https:\/\/trustwhite.com\/fi\/wp-json\/wp\/v2\/product\/10410\/revisions"}],"wp:featuredmedia":[{"embeddable":true,"href":"https:\/\/trustwhite.com\/fi\/wp-json\/wp\/v2\/media\/10427"}],"wp:attachment":[{"href":"https:\/\/trustwhite.com\/fi\/wp-json\/wp\/v2\/media?parent=10410"}],"wp:term":[{"taxonomy":"product_brand","embeddable":true,"href":"https:\/\/trustwhite.com\/fi\/wp-json\/wp\/v2\/product_brand?post=10410"},{"taxonomy":"product_cat","embeddable":true,"href":"https:\/\/trustwhite.com\/fi\/wp-json\/wp\/v2\/product_cat?post=10410"},{"taxonomy":"product_tag","embeddable":true,"href":"https:\/\/trustwhite.com\/fi\/wp-json\/wp\/v2\/product_tag?post=10410"}],"curies":[{"name":"wp","href":"https:\/\/api.w.org\/{rel}","templated":true}]}}