{"id":10241,"date":"2022-03-12T06:14:32","date_gmt":"2022-03-12T06:14:32","guid":{"rendered":"https:\/\/stonersmeds.com\/?post_type=product&#038;p=10241"},"modified":"2023-01-02T16:23:40","modified_gmt":"2023-01-02T14:23:40","slug":"buy-acetyl-fentanyl-powder-99-pure-online","status":"publish","type":"product","link":"https:\/\/trustwhite.com\/fi\/shop\/buy-acetyl-fentanyl-powder-99-pure-online\/","title":{"rendered":"Osta asetyylifentanyylijauhe (99%+ Pure) verkosta"},"content":{"rendered":"<h1>Osta asetyylifentanyylijauhe (99%+ Pure) verkosta.<\/h1>\n<p>Osta asetyylifentanyylijauhe. Se luokitellaan opioidiksi ja on viisi kertaa tehokkaampi kuin heroiini.<br \/>\nSit\u00e4 k\u00e4ytet\u00e4\u00e4n vaikeaan ja jatkuvaan kipuun, jota ei voida hallita muilla l\u00e4\u00e4kkeill\u00e4. T\u00e4m\u00e4 l\u00e4\u00e4ke on vahva huumausaine kipul\u00e4\u00e4ke.<\/p>\n<p>Osta asetyylifentanyylijauhe (99% + puhdas) Asetyylifentanyyli (Acetylfentanyl, Desmethylfentanyl) on fentanyylin kanssa analoginen opioidikipul\u00e4\u00e4ke.<br \/>\nAsetyylifentanyylin tiedet\u00e4\u00e4n olevan 5\u201340 kertaa tehokkaampi kuin heroiini, jopa 80 kertaa tehokkaampi kuin morfiini,<br \/>\nmutta 15 kertaa vahvempi kuin fentanyyli.<\/p>\n<p>&nbsp;<\/p>\n<p>&nbsp;<\/p>\n<pre><strong>Osta asetyylifentanyylijauhe (99%+ Pure) verkosta - osta asetyylifentanyylijauhe, osta asetyylifentanyylijauhe (99%+ Pure), osta asetyylifentanyylijauhetta verkosta, mist\u00e4 ostaa asetyylifentanyylijauhetta (99%+ Acetyl Pure) (99%+ Acetyl Pure) (alennuksessa) Fentanyylijauhetta myyt\u00e4v\u00e4n\u00e4, osta fentanyylijauhetta verkosta, mist\u00e4 ostaa asetyylifentanyylijauhetta (99%+ Pure) verkossa, asetyylifentanyylijauhetta (99%+ Pure) myyt\u00e4v\u00e4n\u00e4 Yhdysvalloissa, USA:ssa, Kanadassa, uk, osta, online, toimittajat, turvallinen toimitus, sin\u00e4 voit silti saada asetyylifentanyylijauhetta (99%+ Pure) , Onko asetyylifentanyylijauhe (99%+ Pure) laillista Yhdysvalloissa, osta asetyylifentanyylijauhe (99%+ Pure) verkosta usa, kuinka tilaat asetyylifentanyylijauhetta (99%+ Pure) FTP2 99%+ Pure) laillinen Kanadassa<\/strong><\/pre>","protected":false},"excerpt":{"rendered":"<p>Osta asetyylifentanyylijauhetta (99%+ Pure) verkossa. K\u00e4ytet\u00e4\u00e4n vaikeaan, jatkuvaan kipuun, jota ei voida hallita muilla l\u00e4\u00e4kkeill\u00e4. T\u00e4m\u00e4 l\u00e4\u00e4ke on vahva narkoottinen kipul\u00e4\u00e4ke.<\/p>\n<pre><strong>Osta asetyylifentanyylijauhe (99%+ Pure) verkosta - osta asetyylifentanyylijauhe, osta asetyylifentanyylijauhe (99%+ Pure), osta asetyylifentanyylijauhetta verkosta, mist\u00e4 ostaa asetyylifentanyylijauhetta (99%+ Acetyl Pure) (99%+ Acetyl Pure) (alennuksessa) Fentanyylijauhetta myyt\u00e4v\u00e4n\u00e4, osta fentanyylijauhetta verkosta, mist\u00e4 ostaa asetyylifentanyylijauhetta (99%+ Pure) verkossa, asetyylifentanyylijauhetta (99%+ Pure) myyt\u00e4v\u00e4n\u00e4 Yhdysvalloissa, USA:ssa, Kanadassa, uk, osta, online, toimittajat, turvallinen toimitus, sin\u00e4 voit silti saada asetyylifentanyylijauhetta (99%+ Pure) , Onko asetyylifentanyylijauhe (99%+ Pure) laillista Yhdysvalloissa, osta asetyylifentanyylijauhe (99%+ Pure) verkosta usa, kuinka tilaat asetyylifentanyylijauhetta (99%+ Pure) FTP2 99%+ Pure) laillinen Kanadassa<\/strong><\/pre>","protected":false},"featured_media":10256,"template":"","meta":[],"product_brand":[],"product_cat":[79],"product_tag":[],"class_list":{"0":"post-10241","1":"product","2":"type-product","3":"status-publish","4":"has-post-thumbnail","6":"product_cat-research-chemicals-and-bath-salt","8":"first","9":"instock","10":"shipping-taxable","11":"purchasable","12":"product-type-variable"},"tiered_pricing_type":"fixed","tiered_pricing_fixed_rules":[],"tiered_pricing_percentage_rules":[],"tiered_pricing_minimum":1,"_administrator_tiered_pricing_type":"fixed","_administrator_tiered_pricing_fixed_rules":[],"_editor_tiered_pricing_type":"fixed","_editor_tiered_pricing_fixed_rules":[],"_author_tiered_pricing_type":"fixed","_author_tiered_pricing_fixed_rules":[],"_contributor_tiered_pricing_type":"fixed","_contributor_tiered_pricing_fixed_rules":[],"_subscriber_tiered_pricing_type":"fixed","_subscriber_tiered_pricing_fixed_rules":[],"_customer_tiered_pricing_type":"fixed","_customer_tiered_pricing_fixed_rules":[],"_shop_manager_tiered_pricing_type":"fixed","_shop_manager_tiered_pricing_fixed_rules":[],"_wpseo_manager_tiered_pricing_type":"fixed","_wpseo_manager_tiered_pricing_fixed_rules":[],"_wpseo_editor_tiered_pricing_type":"fixed","_wpseo_editor_tiered_pricing_fixed_rules":[],"yoast_head":"<!-- This site is optimized with the Yoast SEO plugin v26.8 - https:\/\/yoast.com\/product\/yoast-seo-wordpress\/ -->\n<title>Buy Acetyl Fentanyl Powder (99%+ Pure) Online - Cheap price, top quality<\/title>\n<meta name=\"description\" content=\"Buy Acetyl Fentanyl Powder Online at an affordable price at stonersmeds. All products are lab qualified and have premium quality.\" \/>\n<meta name=\"robots\" content=\"index, follow, max-snippet:-1, max-image-preview:large, max-video-preview:-1\" \/>\n<link rel=\"canonical\" href=\"https:\/\/trustwhite.com\/fi\/shop\/buy-acetyl-fentanyl-powder-99-pure-online\/\" \/>\n<meta property=\"og:locale\" content=\"fi_FI\" \/>\n<meta property=\"og:type\" content=\"article\" \/>\n<meta property=\"og:title\" content=\"Buy Acetyl Fentanyl Powder (99%+ Pure) Online - Cheap price, top quality\" \/>\n<meta property=\"og:description\" content=\"Buy Acetyl Fentanyl Powder Online at an affordable price at stonersmeds. All products are lab qualified and have premium quality.\" \/>\n<meta property=\"og:url\" content=\"https:\/\/trustwhite.com\/fi\/shop\/buy-acetyl-fentanyl-powder-99-pure-online\/\" \/>\n<meta property=\"og:site_name\" content=\"stonersmeds.com\" \/>\n<meta property=\"article:modified_time\" content=\"2023-01-02T14:23:40+00:00\" \/>\n<meta property=\"og:image\" content=\"https:\/\/trustwhite.com\/wp-content\/uploads\/2022\/03\/Buy-Acetyl-Fentanyl-Powder-99-Pure-online.jpg\" \/>\n\t<meta property=\"og:image:width\" content=\"600\" \/>\n\t<meta property=\"og:image:height\" content=\"600\" \/>\n\t<meta property=\"og:image:type\" content=\"image\/jpeg\" \/>\n<meta name=\"twitter:card\" content=\"summary_large_image\" \/>\n<meta name=\"twitter:label1\" content=\"Arvioitu lukuaika\" \/>\n\t<meta name=\"twitter:data1\" content=\"1 minuutti\" \/>\n<script type=\"application\/ld+json\" class=\"yoast-schema-graph\">{\"@context\":\"https:\/\/schema.org\",\"@graph\":[{\"@type\":\"WebPage\",\"@id\":\"https:\/\/trustwhite.com\/shop\/buy-acetyl-fentanyl-powder-99-pure-online\/\",\"url\":\"https:\/\/trustwhite.com\/shop\/buy-acetyl-fentanyl-powder-99-pure-online\/\",\"name\":\"Buy Acetyl Fentanyl Powder (99%+ Pure) Online - Cheap price, top quality\",\"isPartOf\":{\"@id\":\"https:\/\/trustwhite.com\/el\/#website\"},\"primaryImageOfPage\":{\"@id\":\"https:\/\/trustwhite.com\/shop\/buy-acetyl-fentanyl-powder-99-pure-online\/#primaryimage\"},\"image\":{\"@id\":\"https:\/\/trustwhite.com\/shop\/buy-acetyl-fentanyl-powder-99-pure-online\/#primaryimage\"},\"thumbnailUrl\":\"https:\/\/trustwhite.com\/wp-content\/uploads\/2022\/03\/Buy-Acetyl-Fentanyl-Powder-99-Pure-online.jpg\",\"datePublished\":\"2022-03-12T06:14:32+00:00\",\"dateModified\":\"2023-01-02T14:23:40+00:00\",\"description\":\"Buy Acetyl Fentanyl Powder Online at an affordable price at stonersmeds. All products are lab qualified and have premium quality.\",\"breadcrumb\":{\"@id\":\"https:\/\/trustwhite.com\/shop\/buy-acetyl-fentanyl-powder-99-pure-online\/#breadcrumb\"},\"inLanguage\":\"fi\",\"potentialAction\":[{\"@type\":\"ReadAction\",\"target\":[\"https:\/\/trustwhite.com\/shop\/buy-acetyl-fentanyl-powder-99-pure-online\/\"]}]},{\"@type\":\"ImageObject\",\"inLanguage\":\"fi\",\"@id\":\"https:\/\/trustwhite.com\/shop\/buy-acetyl-fentanyl-powder-99-pure-online\/#primaryimage\",\"url\":\"https:\/\/trustwhite.com\/wp-content\/uploads\/2022\/03\/Buy-Acetyl-Fentanyl-Powder-99-Pure-online.jpg\",\"contentUrl\":\"https:\/\/trustwhite.com\/wp-content\/uploads\/2022\/03\/Buy-Acetyl-Fentanyl-Powder-99-Pure-online.jpg\",\"width\":600,\"height\":600},{\"@type\":\"BreadcrumbList\",\"@id\":\"https:\/\/trustwhite.com\/shop\/buy-acetyl-fentanyl-powder-99-pure-online\/#breadcrumb\",\"itemListElement\":[{\"@type\":\"ListItem\",\"position\":1,\"name\":\"Home\",\"item\":\"https:\/\/trustwhite.com\/el\/\"},{\"@type\":\"ListItem\",\"position\":2,\"name\":\"Shop\",\"item\":\"https:\/\/trustwhite.com\/el\/shop\/\"},{\"@type\":\"ListItem\",\"position\":3,\"name\":\"Buy Acetyl Fentanyl Powder (99%+ Pure) Online\"}]},{\"@type\":\"WebSite\",\"@id\":\"https:\/\/trustwhite.com\/el\/#website\",\"url\":\"https:\/\/trustwhite.com\/el\/\",\"name\":\"stonersmeds.com\",\"description\":\"verschreibungspflichtige Medizin kaufen\",\"potentialAction\":[{\"@type\":\"SearchAction\",\"target\":{\"@type\":\"EntryPoint\",\"urlTemplate\":\"https:\/\/trustwhite.com\/el\/?s={search_term_string}\"},\"query-input\":{\"@type\":\"PropertyValueSpecification\",\"valueRequired\":true,\"valueName\":\"search_term_string\"}}],\"inLanguage\":\"fi\"}]}<\/script>\n<!-- \/ Yoast SEO plugin. -->","yoast_head_json":{"title":"Osta asetyylifentanyylijauhe (99%+ Pure) verkosta - Halpa hinta, huippulaatu","description":"Osta Acetyl Fentanyl Powder verkosta edulliseen hintaan stonersmedsist\u00e4. Kaikki tuotteet ovat laboratoriohyv\u00e4ksyttyj\u00e4 ja korkealaatuisia.","robots":{"index":"index","follow":"follow","max-snippet":"max-snippet:-1","max-image-preview":"max-image-preview:large","max-video-preview":"max-video-preview:-1"},"canonical":"https:\/\/trustwhite.com\/fi\/shop\/buy-acetyl-fentanyl-powder-99-pure-online\/","og_locale":"fi_FI","og_type":"article","og_title":"Buy Acetyl Fentanyl Powder (99%+ Pure) Online - Cheap price, top quality","og_description":"Buy Acetyl Fentanyl Powder Online at an affordable price at stonersmeds. All products are lab qualified and have premium quality.","og_url":"https:\/\/trustwhite.com\/fi\/shop\/buy-acetyl-fentanyl-powder-99-pure-online\/","og_site_name":"stonersmeds.com","article_modified_time":"2023-01-02T14:23:40+00:00","og_image":[{"width":600,"height":600,"url":"https:\/\/trustwhite.com\/wp-content\/uploads\/2022\/03\/Buy-Acetyl-Fentanyl-Powder-99-Pure-online.jpg","type":"image\/jpeg"}],"twitter_card":"summary_large_image","twitter_misc":{"Arvioitu lukuaika":"1 minuutti"},"schema":{"@context":"https:\/\/schema.org","@graph":[{"@type":"WebPage","@id":"https:\/\/trustwhite.com\/shop\/buy-acetyl-fentanyl-powder-99-pure-online\/","url":"https:\/\/trustwhite.com\/shop\/buy-acetyl-fentanyl-powder-99-pure-online\/","name":"Osta asetyylifentanyylijauhe (99%+ Pure) verkosta - Halpa hinta, huippulaatu","isPartOf":{"@id":"https:\/\/trustwhite.com\/el\/#website"},"primaryImageOfPage":{"@id":"https:\/\/trustwhite.com\/shop\/buy-acetyl-fentanyl-powder-99-pure-online\/#primaryimage"},"image":{"@id":"https:\/\/trustwhite.com\/shop\/buy-acetyl-fentanyl-powder-99-pure-online\/#primaryimage"},"thumbnailUrl":"https:\/\/trustwhite.com\/wp-content\/uploads\/2022\/03\/Buy-Acetyl-Fentanyl-Powder-99-Pure-online.jpg","datePublished":"2022-03-12T06:14:32+00:00","dateModified":"2023-01-02T14:23:40+00:00","description":"Osta Acetyl Fentanyl Powder verkosta edulliseen hintaan stonersmedsist\u00e4. Kaikki tuotteet ovat laboratoriohyv\u00e4ksyttyj\u00e4 ja korkealaatuisia.","breadcrumb":{"@id":"https:\/\/trustwhite.com\/shop\/buy-acetyl-fentanyl-powder-99-pure-online\/#breadcrumb"},"inLanguage":"fi","potentialAction":[{"@type":"ReadAction","target":["https:\/\/trustwhite.com\/shop\/buy-acetyl-fentanyl-powder-99-pure-online\/"]}]},{"@type":"ImageObject","inLanguage":"fi","@id":"https:\/\/trustwhite.com\/shop\/buy-acetyl-fentanyl-powder-99-pure-online\/#primaryimage","url":"https:\/\/trustwhite.com\/wp-content\/uploads\/2022\/03\/Buy-Acetyl-Fentanyl-Powder-99-Pure-online.jpg","contentUrl":"https:\/\/trustwhite.com\/wp-content\/uploads\/2022\/03\/Buy-Acetyl-Fentanyl-Powder-99-Pure-online.jpg","width":600,"height":600},{"@type":"BreadcrumbList","@id":"https:\/\/trustwhite.com\/shop\/buy-acetyl-fentanyl-powder-99-pure-online\/#breadcrumb","itemListElement":[{"@type":"ListItem","position":1,"name":"Home","item":"https:\/\/trustwhite.com\/el\/"},{"@type":"ListItem","position":2,"name":"Shop","item":"https:\/\/trustwhite.com\/el\/shop\/"},{"@type":"ListItem","position":3,"name":"Buy Acetyl Fentanyl Powder (99%+ Pure) Online"}]},{"@type":"WebSite","@id":"https:\/\/trustwhite.com\/el\/#website","url":"https:\/\/trustwhite.com\/el\/","name":"stonersmeds.com","description":"verschreibungspflichtige Medizin kaufen","potentialAction":[{"@type":"SearchAction","target":{"@type":"EntryPoint","urlTemplate":"https:\/\/trustwhite.com\/el\/?s={search_term_string}"},"query-input":{"@type":"PropertyValueSpecification","valueRequired":true,"valueName":"search_term_string"}}],"inLanguage":"fi"}]}},"_links":{"self":[{"href":"https:\/\/trustwhite.com\/fi\/wp-json\/wp\/v2\/product\/10241","targetHints":{"allow":["GET"]}}],"collection":[{"href":"https:\/\/trustwhite.com\/fi\/wp-json\/wp\/v2\/product"}],"about":[{"href":"https:\/\/trustwhite.com\/fi\/wp-json\/wp\/v2\/types\/product"}],"version-history":[{"count":0,"href":"https:\/\/trustwhite.com\/fi\/wp-json\/wp\/v2\/product\/10241\/revisions"}],"wp:featuredmedia":[{"embeddable":true,"href":"https:\/\/trustwhite.com\/fi\/wp-json\/wp\/v2\/media\/10256"}],"wp:attachment":[{"href":"https:\/\/trustwhite.com\/fi\/wp-json\/wp\/v2\/media?parent=10241"}],"wp:term":[{"taxonomy":"product_brand","embeddable":true,"href":"https:\/\/trustwhite.com\/fi\/wp-json\/wp\/v2\/product_brand?post=10241"},{"taxonomy":"product_cat","embeddable":true,"href":"https:\/\/trustwhite.com\/fi\/wp-json\/wp\/v2\/product_cat?post=10241"},{"taxonomy":"product_tag","embeddable":true,"href":"https:\/\/trustwhite.com\/fi\/wp-json\/wp\/v2\/product_tag?post=10241"}],"curies":[{"name":"wp","href":"https:\/\/api.w.org\/{rel}","templated":true}]}}