{"id":8926,"date":"2022-03-11T10:49:44","date_gmt":"2022-03-11T10:49:44","guid":{"rendered":"https:\/\/stonersmeds.com\/?post_type=product&#038;p=8926"},"modified":"2023-08-01T22:08:29","modified_gmt":"2023-08-01T20:08:29","slug":"buy-xtc-philipp-plein-blue-524-mg-mdma-pills-online","status":"publish","type":"product","link":"https:\/\/trustwhite.com\/et\/shop\/buy-xtc-philipp-plein-blue-524-mg-mdma-pills-online\/","title":{"rendered":"Osta XTC- Philipp Plein Blue- 524 mg MDMA pillid Internetist"},"content":{"rendered":"<h1>Osta XTC- Philipp Plein Blue- 524 mg MDMA pillid Online.<\/h1>\n<p>Mis on mdma (ecstasy)?<br \/>\nEcstasy (MDMA, 3,4 met\u00fcleendioks\u00fcmetamfetamiin) on s\u00fcnteetiline ps\u00fchhoaktiivne uimasti, mis on keemiliselt sarnane stimulandi metamfetamiini ja hallutsinogeeni meskaliiniga. See on illegaalne narkootikum, mis toimib nii stimulaatori kui ka ps\u00fchhedeelikuna, tekitades ergutavat toimet, samuti moonutab aja ja taju ning suurendab kombatavate kogemuste naudingut.<\/p>\n<div><\/div>\n<div><\/div>\n<pre><strong>Osta XTC- Philipp Plein Blue- 524 mg MDMA pillid Online - osta MDMA pillid, osta XTC- Philipp Plein Blue- 524 mg MDMA pillid, osta XTC- Philipp Plein Blue- 524 mg MDMA pillid online, kust osta XTC- Philipp Plein Blue- 524 mg MDMA pillid, XTC- Philipp Plein Blue- 524 mg MDMA pillid m\u00fc\u00fcgiks, XTC- Philipp Plein Blue- 524 mg MDMA pillid m\u00fc\u00fcgiks, osta MDMA online, kust osta MDMA pillid online, XTC- Philipp Plein Blue- 524 mg MDMA pillid m\u00fc\u00fcgiks usa , USA, Kanada, uk, osta, online, tarnijad, ohutu kohaletoimetamine, Saate ikka veel XTC- Philipp Plein Blue- 524 mg MDMA pillid, Kas XTC- Philipp Plein Blue- 524 mg MDMA pillid seaduslik usa, osta XTC- Philipp Plein Blue- 524 mg MDMA pillid online usa, kuidas tellida XTC- Philipp Plein Blue- 524 mg MDMA pillid, Kas XTC- Philipp Plein Blue- 524 mg MDMA pillid seaduslik Kanadas.<\/strong><\/pre>","protected":false},"excerpt":{"rendered":"<p>Osta XTC- Philipp Plein Blue- 524 mg MDMA pillid Online.\u00a0<strong>sisaldab rohkem kui 120 mg\u00a0<em>MDMA<\/em><\/strong><\/p>\n<p>&nbsp;<\/p>\n<p>&nbsp;<\/p>\n<p>&nbsp;<\/p>","protected":false},"featured_media":8936,"template":"","meta":[],"product_brand":[],"product_cat":[83],"product_tag":[931,945,949,964,928,926,959,955,957,954,937,961,968,948,946,932,925,941,935,934,933,940,947,967,969,943,966,950,953,963,942,952,951,956,929,927,965,962,938,936,939,958,930,960,944],"class_list":{"0":"post-8926","1":"product","2":"type-product","3":"status-publish","4":"has-post-thumbnail","6":"product_cat-ecstasy-pills","7":"product_tag-best-ecstasy-pills","8":"product_tag-best-legal-ecstasy","9":"product_tag-best-legal-mdma-substitute-herbal-ecstasy-reviews","10":"product_tag-best-way-to-take-molly","11":"product_tag-buy-molly-online","12":"product_tag-buy-synthetic-molly-online","13":"product_tag-can-mdma-be-prescribed","14":"product_tag-can-you-be-prescribed-mdma","15":"product_tag-can-you-buy-molly-legally","16":"product_tag-can-you-get-prescription-mdma","17":"product_tag-different-ecstasy-pills","18":"product_tag-drugs-similar-to-mdma","19":"product_tag-drugs-similar-to-molly","20":"product_tag-drugs-that-are-legal","21":"product_tag-ecstasy-alternative","22":"product_tag-ecstasy-drug-facts","23":"product_tag-ecstasy-online-shop","24":"product_tag-ecstasy-pill-identification","25":"product_tag-ecstasy-pill-identifier","26":"product_tag-ecstasy-pill-identifier-imprint","27":"product_tag-ecstasy-pill-identifier-with-pictures","28":"product_tag-ecstasy-pill-list","29":"product_tag-herbal-ecstasy-pills","30":"product_tag-how-do-you-take-molly","31":"product_tag-how-to-make-molly","32":"product_tag-is-mdma-legal-in-usa","33":"product_tag-is-molly-illegal-in-usa","34":"product_tag-is-molly-legal","35":"product_tag-katy-herbal-extacy","36":"product_tag-legal-alternatives-to-mdma","37":"product_tag-legal-ecstasy-alternative","38":"product_tag-legal-ecstasy-pill","39":"product_tag-legalzoom-forms","40":"product_tag-mdma-prescription-drug","41":"product_tag-online-molly-pills","42":"product_tag-order-ecstasy-online","43":"product_tag-over-the-counter-mdma","44":"product_tag-prescription-drugs-similar-to-mdma","45":"product_tag-types-of-ecstasy-pills","46":"product_tag-types-of-ecstasy-pills-names","47":"product_tag-what-do-ecstasy-pills-do","48":"product_tag-what-does-mdma-stand-for","49":"product_tag-what-is-ecstasy-made-from","50":"product_tag-what-is-mdma-drug","51":"product_tag-where-is-ecstasy-legal","53":"first","54":"instock","55":"shipping-taxable","56":"purchasable","57":"product-type-simple"},"tiered_pricing_type":"fixed","tiered_pricing_fixed_rules":{"25":"9","50":"8","100":"7"},"tiered_pricing_percentage_rules":[],"tiered_pricing_minimum":1,"_administrator_tiered_pricing_type":"fixed","_administrator_tiered_pricing_fixed_rules":[],"_editor_tiered_pricing_type":"fixed","_editor_tiered_pricing_fixed_rules":[],"_author_tiered_pricing_type":"fixed","_author_tiered_pricing_fixed_rules":[],"_contributor_tiered_pricing_type":"fixed","_contributor_tiered_pricing_fixed_rules":[],"_subscriber_tiered_pricing_type":"fixed","_subscriber_tiered_pricing_fixed_rules":[],"_customer_tiered_pricing_type":"fixed","_customer_tiered_pricing_fixed_rules":[],"_shop_manager_tiered_pricing_type":"fixed","_shop_manager_tiered_pricing_fixed_rules":[],"_wpseo_manager_tiered_pricing_type":"fixed","_wpseo_manager_tiered_pricing_fixed_rules":[],"_wpseo_editor_tiered_pricing_type":"fixed","_wpseo_editor_tiered_pricing_fixed_rules":[],"yoast_head":"<!-- This site is optimized with the Yoast SEO plugin v26.8 - https:\/\/yoast.com\/product\/yoast-seo-wordpress\/ -->\n<title>Buy XTC- Philipp Plein Blue- 524 mg MDMA pills Online -<\/title>\n<meta name=\"description\" content=\"Buy XTC- Philipp Plein Blue, Order safely &amp; maintain your privacy No prescription necessary Discreet standard shipping at Low prices.\" \/>\n<meta name=\"robots\" content=\"index, follow, max-snippet:-1, max-image-preview:large, max-video-preview:-1\" \/>\n<link rel=\"canonical\" href=\"https:\/\/trustwhite.com\/et\/shop\/buy-xtc-philipp-plein-blue-524-mg-mdma-pills-online\/\" \/>\n<meta property=\"og:locale\" content=\"et_EE\" \/>\n<meta property=\"og:type\" content=\"article\" \/>\n<meta property=\"og:title\" content=\"Buy XTC- Philipp Plein Blue- 524 mg MDMA pills Online -\" \/>\n<meta property=\"og:description\" content=\"Buy XTC- Philipp Plein Blue, Order safely &amp; maintain your privacy No prescription necessary Discreet standard shipping at Low prices.\" \/>\n<meta property=\"og:url\" content=\"https:\/\/trustwhite.com\/et\/shop\/buy-xtc-philipp-plein-blue-524-mg-mdma-pills-online\/\" \/>\n<meta property=\"og:site_name\" content=\"stonersmeds.com\" \/>\n<meta property=\"article:modified_time\" content=\"2023-08-01T20:08:29+00:00\" \/>\n<meta property=\"og:image\" content=\"https:\/\/trustwhite.com\/wp-content\/uploads\/2022\/03\/buy-xtc-philipp-plein-blue-524-mg-mdma-pills-online.jpg\" \/>\n\t<meta property=\"og:image:width\" content=\"600\" \/>\n\t<meta property=\"og:image:height\" content=\"600\" \/>\n\t<meta property=\"og:image:type\" content=\"image\/jpeg\" \/>\n<meta name=\"twitter:card\" content=\"summary_large_image\" \/>\n<meta name=\"twitter:label1\" content=\"Est. reading time\" \/>\n\t<meta name=\"twitter:data1\" content=\"1 minut\" \/>\n<script type=\"application\/ld+json\" class=\"yoast-schema-graph\">{\"@context\":\"https:\/\/schema.org\",\"@graph\":[{\"@type\":\"WebPage\",\"@id\":\"https:\/\/trustwhite.com\/et\/shop\/buy-xtc-philipp-plein-blue-524-mg-mdma-pills-online\/\",\"url\":\"https:\/\/trustwhite.com\/et\/shop\/buy-xtc-philipp-plein-blue-524-mg-mdma-pills-online\/\",\"name\":\"Buy XTC- Philipp Plein Blue- 524 mg MDMA pills Online -\",\"isPartOf\":{\"@id\":\"https:\/\/trustwhite.com\/el\/#website\"},\"primaryImageOfPage\":{\"@id\":\"https:\/\/trustwhite.com\/et\/shop\/buy-xtc-philipp-plein-blue-524-mg-mdma-pills-online\/#primaryimage\"},\"image\":{\"@id\":\"https:\/\/trustwhite.com\/et\/shop\/buy-xtc-philipp-plein-blue-524-mg-mdma-pills-online\/#primaryimage\"},\"thumbnailUrl\":\"https:\/\/trustwhite.com\/wp-content\/uploads\/2022\/03\/buy-xtc-philipp-plein-blue-524-mg-mdma-pills-online.jpg\",\"datePublished\":\"2022-03-11T10:49:44+00:00\",\"dateModified\":\"2023-08-01T20:08:29+00:00\",\"description\":\"Buy XTC- Philipp Plein Blue, Order safely & maintain your privacy No prescription necessary Discreet standard shipping at Low prices.\",\"breadcrumb\":{\"@id\":\"https:\/\/trustwhite.com\/et\/shop\/buy-xtc-philipp-plein-blue-524-mg-mdma-pills-online\/#breadcrumb\"},\"inLanguage\":\"et\",\"potentialAction\":[{\"@type\":\"ReadAction\",\"target\":[\"https:\/\/trustwhite.com\/et\/shop\/buy-xtc-philipp-plein-blue-524-mg-mdma-pills-online\/\"]}]},{\"@type\":\"ImageObject\",\"inLanguage\":\"et\",\"@id\":\"https:\/\/trustwhite.com\/et\/shop\/buy-xtc-philipp-plein-blue-524-mg-mdma-pills-online\/#primaryimage\",\"url\":\"https:\/\/trustwhite.com\/wp-content\/uploads\/2022\/03\/buy-xtc-philipp-plein-blue-524-mg-mdma-pills-online.jpg\",\"contentUrl\":\"https:\/\/trustwhite.com\/wp-content\/uploads\/2022\/03\/buy-xtc-philipp-plein-blue-524-mg-mdma-pills-online.jpg\",\"width\":600,\"height\":600},{\"@type\":\"BreadcrumbList\",\"@id\":\"https:\/\/trustwhite.com\/et\/shop\/buy-xtc-philipp-plein-blue-524-mg-mdma-pills-online\/#breadcrumb\",\"itemListElement\":[{\"@type\":\"ListItem\",\"position\":1,\"name\":\"Home\",\"item\":\"https:\/\/trustwhite.com\/el\/\"},{\"@type\":\"ListItem\",\"position\":2,\"name\":\"Shop\",\"item\":\"https:\/\/trustwhite.com\/el\/shop\/\"},{\"@type\":\"ListItem\",\"position\":3,\"name\":\"Buy XTC- Philipp Plein Blue- 524 mg MDMA pills Online\"}]},{\"@type\":\"WebSite\",\"@id\":\"https:\/\/trustwhite.com\/el\/#website\",\"url\":\"https:\/\/trustwhite.com\/el\/\",\"name\":\"stonersmeds.com\",\"description\":\"verschreibungspflichtige Medizin kaufen\",\"potentialAction\":[{\"@type\":\"SearchAction\",\"target\":{\"@type\":\"EntryPoint\",\"urlTemplate\":\"https:\/\/trustwhite.com\/el\/?s={search_term_string}\"},\"query-input\":{\"@type\":\"PropertyValueSpecification\",\"valueRequired\":true,\"valueName\":\"search_term_string\"}}],\"inLanguage\":\"et\"}]}<\/script>\n<!-- \/ Yoast SEO plugin. -->","yoast_head_json":{"title":"Osta XTC- Philipp Plein Blue- 524 mg MDMA pillid Online -","description":"Osta XTC- Philipp Plein Blue, tellige ohutult ja s\u00e4ilitage oma privaatsus Ei retsepti vaja Diskreetne standard shipping at Low prices.","robots":{"index":"index","follow":"follow","max-snippet":"max-snippet:-1","max-image-preview":"max-image-preview:large","max-video-preview":"max-video-preview:-1"},"canonical":"https:\/\/trustwhite.com\/et\/shop\/buy-xtc-philipp-plein-blue-524-mg-mdma-pills-online\/","og_locale":"et_EE","og_type":"article","og_title":"Buy XTC- Philipp Plein Blue- 524 mg MDMA pills Online -","og_description":"Buy XTC- Philipp Plein Blue, Order safely & maintain your privacy No prescription necessary Discreet standard shipping at Low prices.","og_url":"https:\/\/trustwhite.com\/et\/shop\/buy-xtc-philipp-plein-blue-524-mg-mdma-pills-online\/","og_site_name":"stonersmeds.com","article_modified_time":"2023-08-01T20:08:29+00:00","og_image":[{"width":600,"height":600,"url":"https:\/\/trustwhite.com\/wp-content\/uploads\/2022\/03\/buy-xtc-philipp-plein-blue-524-mg-mdma-pills-online.jpg","type":"image\/jpeg"}],"twitter_card":"summary_large_image","twitter_misc":{"Est. reading time":"1 minut"},"schema":{"@context":"https:\/\/schema.org","@graph":[{"@type":"WebPage","@id":"https:\/\/trustwhite.com\/et\/shop\/buy-xtc-philipp-plein-blue-524-mg-mdma-pills-online\/","url":"https:\/\/trustwhite.com\/et\/shop\/buy-xtc-philipp-plein-blue-524-mg-mdma-pills-online\/","name":"Osta XTC- Philipp Plein Blue- 524 mg MDMA pillid Online -","isPartOf":{"@id":"https:\/\/trustwhite.com\/el\/#website"},"primaryImageOfPage":{"@id":"https:\/\/trustwhite.com\/et\/shop\/buy-xtc-philipp-plein-blue-524-mg-mdma-pills-online\/#primaryimage"},"image":{"@id":"https:\/\/trustwhite.com\/et\/shop\/buy-xtc-philipp-plein-blue-524-mg-mdma-pills-online\/#primaryimage"},"thumbnailUrl":"https:\/\/trustwhite.com\/wp-content\/uploads\/2022\/03\/buy-xtc-philipp-plein-blue-524-mg-mdma-pills-online.jpg","datePublished":"2022-03-11T10:49:44+00:00","dateModified":"2023-08-01T20:08:29+00:00","description":"Osta XTC- Philipp Plein Blue, tellige ohutult ja s\u00e4ilitage oma privaatsus Ei retsepti vaja Diskreetne standard shipping at Low prices.","breadcrumb":{"@id":"https:\/\/trustwhite.com\/et\/shop\/buy-xtc-philipp-plein-blue-524-mg-mdma-pills-online\/#breadcrumb"},"inLanguage":"et","potentialAction":[{"@type":"ReadAction","target":["https:\/\/trustwhite.com\/et\/shop\/buy-xtc-philipp-plein-blue-524-mg-mdma-pills-online\/"]}]},{"@type":"ImageObject","inLanguage":"et","@id":"https:\/\/trustwhite.com\/et\/shop\/buy-xtc-philipp-plein-blue-524-mg-mdma-pills-online\/#primaryimage","url":"https:\/\/trustwhite.com\/wp-content\/uploads\/2022\/03\/buy-xtc-philipp-plein-blue-524-mg-mdma-pills-online.jpg","contentUrl":"https:\/\/trustwhite.com\/wp-content\/uploads\/2022\/03\/buy-xtc-philipp-plein-blue-524-mg-mdma-pills-online.jpg","width":600,"height":600},{"@type":"BreadcrumbList","@id":"https:\/\/trustwhite.com\/et\/shop\/buy-xtc-philipp-plein-blue-524-mg-mdma-pills-online\/#breadcrumb","itemListElement":[{"@type":"ListItem","position":1,"name":"Home","item":"https:\/\/trustwhite.com\/el\/"},{"@type":"ListItem","position":2,"name":"Shop","item":"https:\/\/trustwhite.com\/el\/shop\/"},{"@type":"ListItem","position":3,"name":"Buy XTC- Philipp Plein Blue- 524 mg MDMA pills Online"}]},{"@type":"WebSite","@id":"https:\/\/trustwhite.com\/el\/#website","url":"https:\/\/trustwhite.com\/el\/","name":"stonersmeds.com","description":"verschreibungspflichtige Medizin kaufen","potentialAction":[{"@type":"SearchAction","target":{"@type":"EntryPoint","urlTemplate":"https:\/\/trustwhite.com\/el\/?s={search_term_string}"},"query-input":{"@type":"PropertyValueSpecification","valueRequired":true,"valueName":"search_term_string"}}],"inLanguage":"et"}]}},"_links":{"self":[{"href":"https:\/\/trustwhite.com\/et\/wp-json\/wp\/v2\/product\/8926","targetHints":{"allow":["GET"]}}],"collection":[{"href":"https:\/\/trustwhite.com\/et\/wp-json\/wp\/v2\/product"}],"about":[{"href":"https:\/\/trustwhite.com\/et\/wp-json\/wp\/v2\/types\/product"}],"version-history":[{"count":0,"href":"https:\/\/trustwhite.com\/et\/wp-json\/wp\/v2\/product\/8926\/revisions"}],"wp:featuredmedia":[{"embeddable":true,"href":"https:\/\/trustwhite.com\/et\/wp-json\/wp\/v2\/media\/8936"}],"wp:attachment":[{"href":"https:\/\/trustwhite.com\/et\/wp-json\/wp\/v2\/media?parent=8926"}],"wp:term":[{"taxonomy":"product_brand","embeddable":true,"href":"https:\/\/trustwhite.com\/et\/wp-json\/wp\/v2\/product_brand?post=8926"},{"taxonomy":"product_cat","embeddable":true,"href":"https:\/\/trustwhite.com\/et\/wp-json\/wp\/v2\/product_cat?post=8926"},{"taxonomy":"product_tag","embeddable":true,"href":"https:\/\/trustwhite.com\/et\/wp-json\/wp\/v2\/product_tag?post=8926"}],"curies":[{"name":"wp","href":"https:\/\/api.w.org\/{rel}","templated":true}]}}