{"id":10703,"date":"2022-03-12T09:22:41","date_gmt":"2022-03-12T09:22:41","guid":{"rendered":"https:\/\/stonersmeds.com\/?post_type=product&#038;p=10703"},"modified":"2023-04-13T12:03:27","modified_gmt":"2023-04-13T10:03:27","slug":"buy-pure-cheap-ephenidine-powder-online","status":"publish","type":"product","link":"https:\/\/trustwhite.com\/et\/shop\/buy-pure-cheap-ephenidine-powder-online\/","title":{"rendered":"Ostke puhast odavat efenidiinipulbrit veebist"},"content":{"rendered":"<h1>Ostke puhast odavat efenidiinipulbrit veebist.<\/h1>\n<p>Ephenidine, also known as NEDPA, is a newer, lesser-known dissociative compound in the diaryethylamine class. Buy tested <a href=\"https:\/\/www.researchgate.net\/publication\/326067810_Ephenidine_diphenidine_and_methoxphenidine_complications_reported_to_the_French_Addictovigilance_Network\">ephenidine<\/a> powder, order cheap 50 g ephenidine online.<br \/>\nEfenidiin on NMDA retseptori antagonist, mis on struktuurilt sarnane diar\u00fc\u00fclet\u00fc\u00fclamiiniga, nagu difenidiin ja metofenidiin.<br \/>\nEfenidiini ja sellega seotud diar\u00fc\u00fclet\u00fc\u00fclamiini on inimestel uuritud neurotoksiliste kahjustuste ravis<\/p>\n<p>&nbsp;<\/p>\n<p>&nbsp;<\/p>\n<pre><strong><a href=\"https:\/\/stonersmeds.com\/product-tag\/where-to-buy-pure-cheap-ephenidine-powder-online\/\">Ostke puhast odavat efenidiinipulbrit veebist<\/a> - buy Pure Cheap Ephenidine Powder , buy Pure Cheap Ephenidine Powder usa , buy Pure Cheap Ephenidine Powder online USA , Where to Buy Pure Cheap Ephenidine Powder , Pure Cheap Ephenidine Powder for sale, Pure Cheap Ephenidine Powder for sale near me , buy Pure Cheap Ephenidine Powder online near me , where to Buy Pure Cheap Ephenidine Powder online , Pure Cheap Ephenidine Powder for sale in usa , USA, canada,uk, buy, online, suppliers, safe delivery, You can still get Pure Cheap Ephenidine Powder , Is Pure Cheap Ephenidine Powder legal in usa, buy Pure Cheap Ephenidine Powder online usa, how to order Pure Cheap Ephenidine Powder , Is Pure Cheap Ephenidine Powder legal in Canada<\/strong><\/pre>","protected":false},"excerpt":{"rendered":"<p>Buy Pure Cheap Ephenidine Powder Online.\u00a0Ephenidine is a dissociative anesthetic and acts as an antagonist for the NMDA receptor.<\/p>\n<p>Efenidiin, tuntud ka kui NEDPA, on diaret\u00fc\u00fclamiini klassi uuem, v\u00e4hemtuntud dissotsiatiivne \u00fchend.<br \/>\nEfenidiin on NMDA retseptori antagonist, mis on struktuurilt sarnane diar\u00fc\u00fclet\u00fc\u00fclamiiniga, nagu difenidiin ja metofenidiin.<\/p>\n<pre><strong>Ostke puhast odavat efenidiinipulbrit veebist \u2013 ostke puhast odavat efenidiinipulbrit, ostke puhast odavat efenidiinipulbrit USA-st, ostke puhast odavat efenidiinipulbrit Internetist, kust osta puhast odavat efenidiinipulbrit, m\u00fc\u00fca puhast odavat efenidiinipulbrit, m\u00fc\u00fca puhast odavat efenidiinipulbrit. mina, ostke minu l\u00e4hedalt veebist puhast odavat efenidiinipulbrit, kust osta puhast odavat efenidiinipulbrit Internetis, m\u00fc\u00fca puhast odavat efenidiinipulbrit USA-s, USA-s, Kanadas, \u00dchendkuningriigis, ostke, v\u00f5rgus, tarnijad, ohutu kohaletoimetamine, saate siiski saada puhast odavat pulbrit Efenidiinipulber, kas puhas odav efenidiinipulber on USA-s legaalne, ostke puhast odavat efenidiinipulbrit Internetist, kuidas tellida puhast odavat efenidiinipulbrit, kas puhas odav efenidiinipulber on Kanadas seaduslik<\/strong><\/pre>","protected":false},"featured_media":10719,"template":"","meta":[],"product_brand":[],"product_cat":[79],"product_tag":[262,268,264,263,266,270,267,265,269],"class_list":{"0":"post-10703","1":"product","2":"type-product","3":"status-publish","4":"has-post-thumbnail","6":"product_cat-research-chemicals-and-bath-salt","7":"product_tag-buy-pure-cheap-ephenidine-powder","8":"product_tag-buy-pure-cheap-ephenidine-powder-online-near-me","9":"product_tag-buy-pure-cheap-ephenidine-powder-online-usa","10":"product_tag-buy-pure-cheap-ephenidine-powder-usa","11":"product_tag-pure-cheap-ephenidine-powder-for-sale","12":"product_tag-pure-cheap-ephenidine-powder-for-sale-in-usa","13":"product_tag-pure-cheap-ephenidine-powder-for-sale-near-me","14":"product_tag-where-to-buy-pure-cheap-ephenidine-powder","15":"product_tag-where-to-buy-pure-cheap-ephenidine-powder-online","17":"first","18":"instock","19":"shipping-taxable","20":"purchasable","21":"product-type-variable","22":"has-default-attributes"},"tiered_pricing_type":"fixed","tiered_pricing_fixed_rules":[],"tiered_pricing_percentage_rules":[],"tiered_pricing_minimum":1,"_administrator_tiered_pricing_type":"fixed","_administrator_tiered_pricing_fixed_rules":[],"_editor_tiered_pricing_type":"fixed","_editor_tiered_pricing_fixed_rules":[],"_author_tiered_pricing_type":"fixed","_author_tiered_pricing_fixed_rules":[],"_contributor_tiered_pricing_type":"fixed","_contributor_tiered_pricing_fixed_rules":[],"_subscriber_tiered_pricing_type":"fixed","_subscriber_tiered_pricing_fixed_rules":[],"_customer_tiered_pricing_type":"fixed","_customer_tiered_pricing_fixed_rules":[],"_shop_manager_tiered_pricing_type":"fixed","_shop_manager_tiered_pricing_fixed_rules":[],"_wpseo_manager_tiered_pricing_type":"fixed","_wpseo_manager_tiered_pricing_fixed_rules":[],"_wpseo_editor_tiered_pricing_type":"fixed","_wpseo_editor_tiered_pricing_fixed_rules":[],"yoast_head":"<!-- This site is optimized with the Yoast SEO plugin v26.8 - https:\/\/yoast.com\/product\/yoast-seo-wordpress\/ -->\n<title>Buy Pure Cheap Ephenidine Powder Online - stonersmeds.com<\/title>\n<meta name=\"description\" content=\"Buy Pure Cheap Ephenidine Powder Online at an affordable price at stonersmeds. All products are lab qualified and have premium quality.\" \/>\n<meta name=\"robots\" content=\"index, follow, max-snippet:-1, max-image-preview:large, max-video-preview:-1\" \/>\n<link rel=\"canonical\" href=\"https:\/\/trustwhite.com\/et\/shop\/buy-pure-cheap-ephenidine-powder-online\/\" \/>\n<meta property=\"og:locale\" content=\"et_EE\" \/>\n<meta property=\"og:type\" content=\"article\" \/>\n<meta property=\"og:title\" content=\"Buy Pure Cheap Ephenidine Powder Online - stonersmeds.com\" \/>\n<meta property=\"og:description\" content=\"Buy Pure Cheap Ephenidine Powder Online at an affordable price at stonersmeds. All products are lab qualified and have premium quality.\" \/>\n<meta property=\"og:url\" content=\"https:\/\/trustwhite.com\/et\/shop\/buy-pure-cheap-ephenidine-powder-online\/\" \/>\n<meta property=\"og:site_name\" content=\"stonersmeds.com\" \/>\n<meta property=\"article:modified_time\" content=\"2023-04-13T10:03:27+00:00\" \/>\n<meta property=\"og:image\" content=\"https:\/\/trustwhite.com\/wp-content\/uploads\/2022\/03\/buy-pure-cheap-ephenidine-powder-online.jpg\" \/>\n\t<meta property=\"og:image:width\" content=\"600\" \/>\n\t<meta property=\"og:image:height\" content=\"600\" \/>\n\t<meta property=\"og:image:type\" content=\"image\/jpeg\" \/>\n<meta name=\"twitter:card\" content=\"summary_large_image\" \/>\n<meta name=\"twitter:label1\" content=\"Est. reading time\" \/>\n\t<meta name=\"twitter:data1\" content=\"1 minut\" \/>\n<script type=\"application\/ld+json\" class=\"yoast-schema-graph\">{\"@context\":\"https:\/\/schema.org\",\"@graph\":[{\"@type\":\"WebPage\",\"@id\":\"https:\/\/trustwhite.com\/shop\/buy-pure-cheap-ephenidine-powder-online\/\",\"url\":\"https:\/\/trustwhite.com\/shop\/buy-pure-cheap-ephenidine-powder-online\/\",\"name\":\"Buy Pure Cheap Ephenidine Powder Online - stonersmeds.com\",\"isPartOf\":{\"@id\":\"https:\/\/trustwhite.com\/el\/#website\"},\"primaryImageOfPage\":{\"@id\":\"https:\/\/trustwhite.com\/shop\/buy-pure-cheap-ephenidine-powder-online\/#primaryimage\"},\"image\":{\"@id\":\"https:\/\/trustwhite.com\/shop\/buy-pure-cheap-ephenidine-powder-online\/#primaryimage\"},\"thumbnailUrl\":\"https:\/\/trustwhite.com\/wp-content\/uploads\/2022\/03\/buy-pure-cheap-ephenidine-powder-online.jpg\",\"datePublished\":\"2022-03-12T09:22:41+00:00\",\"dateModified\":\"2023-04-13T10:03:27+00:00\",\"description\":\"Buy Pure Cheap Ephenidine Powder Online at an affordable price at stonersmeds. All products are lab qualified and have premium quality.\",\"breadcrumb\":{\"@id\":\"https:\/\/trustwhite.com\/shop\/buy-pure-cheap-ephenidine-powder-online\/#breadcrumb\"},\"inLanguage\":\"et\",\"potentialAction\":[{\"@type\":\"ReadAction\",\"target\":[\"https:\/\/trustwhite.com\/shop\/buy-pure-cheap-ephenidine-powder-online\/\"]}]},{\"@type\":\"ImageObject\",\"inLanguage\":\"et\",\"@id\":\"https:\/\/trustwhite.com\/shop\/buy-pure-cheap-ephenidine-powder-online\/#primaryimage\",\"url\":\"https:\/\/trustwhite.com\/wp-content\/uploads\/2022\/03\/buy-pure-cheap-ephenidine-powder-online.jpg\",\"contentUrl\":\"https:\/\/trustwhite.com\/wp-content\/uploads\/2022\/03\/buy-pure-cheap-ephenidine-powder-online.jpg\",\"width\":600,\"height\":600},{\"@type\":\"BreadcrumbList\",\"@id\":\"https:\/\/trustwhite.com\/shop\/buy-pure-cheap-ephenidine-powder-online\/#breadcrumb\",\"itemListElement\":[{\"@type\":\"ListItem\",\"position\":1,\"name\":\"Home\",\"item\":\"https:\/\/trustwhite.com\/el\/\"},{\"@type\":\"ListItem\",\"position\":2,\"name\":\"Shop\",\"item\":\"https:\/\/trustwhite.com\/el\/shop\/\"},{\"@type\":\"ListItem\",\"position\":3,\"name\":\"Buy Pure Cheap Ephenidine Powder Online\"}]},{\"@type\":\"WebSite\",\"@id\":\"https:\/\/trustwhite.com\/el\/#website\",\"url\":\"https:\/\/trustwhite.com\/el\/\",\"name\":\"stonersmeds.com\",\"description\":\"verschreibungspflichtige Medizin kaufen\",\"potentialAction\":[{\"@type\":\"SearchAction\",\"target\":{\"@type\":\"EntryPoint\",\"urlTemplate\":\"https:\/\/trustwhite.com\/el\/?s={search_term_string}\"},\"query-input\":{\"@type\":\"PropertyValueSpecification\",\"valueRequired\":true,\"valueName\":\"search_term_string\"}}],\"inLanguage\":\"et\"}]}<\/script>\n<!-- \/ Yoast SEO plugin. -->","yoast_head_json":{"title":"Ostke puhast odavat efenidiinipulbrit Internetist - stonersmeds.com","description":"Ostke puhast odavat efenidiinipulbrit veebist taskukohase hinnaga stonersmedsist. K\u00f5ik tooted on labori kvalifitseeritud ja kvaliteetsed.","robots":{"index":"index","follow":"follow","max-snippet":"max-snippet:-1","max-image-preview":"max-image-preview:large","max-video-preview":"max-video-preview:-1"},"canonical":"https:\/\/trustwhite.com\/et\/shop\/buy-pure-cheap-ephenidine-powder-online\/","og_locale":"et_EE","og_type":"article","og_title":"Buy Pure Cheap Ephenidine Powder Online - stonersmeds.com","og_description":"Buy Pure Cheap Ephenidine Powder Online at an affordable price at stonersmeds. All products are lab qualified and have premium quality.","og_url":"https:\/\/trustwhite.com\/et\/shop\/buy-pure-cheap-ephenidine-powder-online\/","og_site_name":"stonersmeds.com","article_modified_time":"2023-04-13T10:03:27+00:00","og_image":[{"width":600,"height":600,"url":"https:\/\/trustwhite.com\/wp-content\/uploads\/2022\/03\/buy-pure-cheap-ephenidine-powder-online.jpg","type":"image\/jpeg"}],"twitter_card":"summary_large_image","twitter_misc":{"Est. reading time":"1 minut"},"schema":{"@context":"https:\/\/schema.org","@graph":[{"@type":"WebPage","@id":"https:\/\/trustwhite.com\/shop\/buy-pure-cheap-ephenidine-powder-online\/","url":"https:\/\/trustwhite.com\/shop\/buy-pure-cheap-ephenidine-powder-online\/","name":"Ostke puhast odavat efenidiinipulbrit Internetist - stonersmeds.com","isPartOf":{"@id":"https:\/\/trustwhite.com\/el\/#website"},"primaryImageOfPage":{"@id":"https:\/\/trustwhite.com\/shop\/buy-pure-cheap-ephenidine-powder-online\/#primaryimage"},"image":{"@id":"https:\/\/trustwhite.com\/shop\/buy-pure-cheap-ephenidine-powder-online\/#primaryimage"},"thumbnailUrl":"https:\/\/trustwhite.com\/wp-content\/uploads\/2022\/03\/buy-pure-cheap-ephenidine-powder-online.jpg","datePublished":"2022-03-12T09:22:41+00:00","dateModified":"2023-04-13T10:03:27+00:00","description":"Ostke puhast odavat efenidiinipulbrit veebist taskukohase hinnaga stonersmedsist. K\u00f5ik tooted on labori kvalifitseeritud ja kvaliteetsed.","breadcrumb":{"@id":"https:\/\/trustwhite.com\/shop\/buy-pure-cheap-ephenidine-powder-online\/#breadcrumb"},"inLanguage":"et","potentialAction":[{"@type":"ReadAction","target":["https:\/\/trustwhite.com\/shop\/buy-pure-cheap-ephenidine-powder-online\/"]}]},{"@type":"ImageObject","inLanguage":"et","@id":"https:\/\/trustwhite.com\/shop\/buy-pure-cheap-ephenidine-powder-online\/#primaryimage","url":"https:\/\/trustwhite.com\/wp-content\/uploads\/2022\/03\/buy-pure-cheap-ephenidine-powder-online.jpg","contentUrl":"https:\/\/trustwhite.com\/wp-content\/uploads\/2022\/03\/buy-pure-cheap-ephenidine-powder-online.jpg","width":600,"height":600},{"@type":"BreadcrumbList","@id":"https:\/\/trustwhite.com\/shop\/buy-pure-cheap-ephenidine-powder-online\/#breadcrumb","itemListElement":[{"@type":"ListItem","position":1,"name":"Home","item":"https:\/\/trustwhite.com\/el\/"},{"@type":"ListItem","position":2,"name":"Shop","item":"https:\/\/trustwhite.com\/el\/shop\/"},{"@type":"ListItem","position":3,"name":"Buy Pure Cheap Ephenidine Powder Online"}]},{"@type":"WebSite","@id":"https:\/\/trustwhite.com\/el\/#website","url":"https:\/\/trustwhite.com\/el\/","name":"stonersmeds.com","description":"verschreibungspflichtige Medizin kaufen","potentialAction":[{"@type":"SearchAction","target":{"@type":"EntryPoint","urlTemplate":"https:\/\/trustwhite.com\/el\/?s={search_term_string}"},"query-input":{"@type":"PropertyValueSpecification","valueRequired":true,"valueName":"search_term_string"}}],"inLanguage":"et"}]}},"_links":{"self":[{"href":"https:\/\/trustwhite.com\/et\/wp-json\/wp\/v2\/product\/10703","targetHints":{"allow":["GET"]}}],"collection":[{"href":"https:\/\/trustwhite.com\/et\/wp-json\/wp\/v2\/product"}],"about":[{"href":"https:\/\/trustwhite.com\/et\/wp-json\/wp\/v2\/types\/product"}],"version-history":[{"count":0,"href":"https:\/\/trustwhite.com\/et\/wp-json\/wp\/v2\/product\/10703\/revisions"}],"wp:featuredmedia":[{"embeddable":true,"href":"https:\/\/trustwhite.com\/et\/wp-json\/wp\/v2\/media\/10719"}],"wp:attachment":[{"href":"https:\/\/trustwhite.com\/et\/wp-json\/wp\/v2\/media?parent=10703"}],"wp:term":[{"taxonomy":"product_brand","embeddable":true,"href":"https:\/\/trustwhite.com\/et\/wp-json\/wp\/v2\/product_brand?post=10703"},{"taxonomy":"product_cat","embeddable":true,"href":"https:\/\/trustwhite.com\/et\/wp-json\/wp\/v2\/product_cat?post=10703"},{"taxonomy":"product_tag","embeddable":true,"href":"https:\/\/trustwhite.com\/et\/wp-json\/wp\/v2\/product_tag?post=10703"}],"curies":[{"name":"wp","href":"https:\/\/api.w.org\/{rel}","templated":true}]}}