{"id":9766,"date":"2022-03-12T02:10:14","date_gmt":"2022-03-12T02:10:14","guid":{"rendered":"https:\/\/stonersmeds.com\/?post_type=product&#038;p=9766"},"modified":"2022-12-24T20:41:05","modified_gmt":"2022-12-24T18:41:05","slug":"buy-ambien-10mg-pills-online","status":"publish","type":"product","link":"https:\/\/trustwhite.com\/es\/shop\/buy-ambien-10mg-pills-online\/","title":{"rendered":"Comprar pastillas Ambien de 10 mg en l\u00ednea"},"content":{"rendered":"<p>Comprar Ambien 10mg pastillas online. Ambien se utiliza para tratar un trastorno del sue\u00f1o. La tableta de descarga r\u00e1pida se utiliza para ayudarle a cabecear cuando vas a sof\u00e1.<\/p>\n<p>el precio del producto es como: por pastilla<br \/>\n<strong>La cantidad m\u00ednima de pedido es: 50 pastillas<\/strong><\/p>\n<p>&nbsp;<\/p>\n<p>&nbsp;<\/p>\n<pre><strong>Comprar Ambien 10 mg pastillas en l\u00ednea - comprar Ambien, comprar Ambien 10 mg pastillas, comprar Ambien pastillas en l\u00ednea, D\u00f3nde comprar Ambien 10 mg pastillas, Ambien 10 mg pastillas a la venta, Ambien pastillas a la venta, comprar Ambien 10 mg en l\u00ednea, d\u00f3nde comprar Ambien 10 mg pastillas en l\u00ednea, Pastillas de 10 mg de Ambien a la venta en EE. UU., EE. UU., Canad\u00e1, Reino Unido, comprar, en l\u00ednea, proveedores, entrega segura, Todav\u00eda puede obtener pastillas de 10 mg de Ambien, \u00bfSon legales las pastillas de 10 mg de Ambien en EE. Pastillas de 10 mg, \u00bfSon legales las pastillas de 10 mg de Ambien en Canad\u00e1?<\/strong><\/pre>","protected":false},"excerpt":{"rendered":"<p>Comprar Ambien 10mg pastillas online. Ambien se utiliza para tratar un trastorno del sue\u00f1o. La tableta de descarga r\u00e1pida se utiliza para ayudarle a cabecear cuando vas a sof\u00e1.<\/p>\n<p>el precio del producto es como: por pastilla<br \/>\n<strong>La cantidad m\u00ednima de pedido es: 50 pastillas<\/strong><\/p>\n<pre><strong>Comprar Ambien 10 mg pastillas en l\u00ednea - comprar Ambien, comprar Ambien 10 mg pastillas, comprar Ambien pastillas en l\u00ednea, D\u00f3nde comprar Ambien 10 mg pastillas, Ambien 10 mg pastillas a la venta, Ambien pastillas a la venta, comprar Ambien 10 mg en l\u00ednea, d\u00f3nde comprar Ambien 10 mg pastillas en l\u00ednea, Pastillas de 10 mg de Ambien a la venta en EE. UU., EE. UU., Canad\u00e1, Reino Unido, comprar, en l\u00ednea, proveedores, entrega segura, Todav\u00eda puede obtener pastillas de 10 mg de Ambien, \u00bfSon legales las pastillas de 10 mg de Ambien en EE. Pastillas de 10 mg, \u00bfSon legales las pastillas de 10 mg de Ambien en Canad\u00e1?<\/strong><\/pre>","protected":false},"featured_media":9775,"template":"","meta":[],"product_brand":[],"product_cat":[77,770],"product_tag":[],"class_list":{"0":"post-9766","1":"product","2":"type-product","3":"status-publish","4":"has-post-thumbnail","6":"product_cat-pain-sleeping-sex-pills","7":"product_cat-sleeping-pills","9":"first","10":"instock","11":"shipping-taxable","12":"purchasable","13":"product-type-variable"},"tiered_pricing_type":"fixed","tiered_pricing_fixed_rules":[],"tiered_pricing_percentage_rules":[],"tiered_pricing_minimum":1,"_administrator_tiered_pricing_type":"fixed","_administrator_tiered_pricing_fixed_rules":[],"_editor_tiered_pricing_type":"fixed","_editor_tiered_pricing_fixed_rules":[],"_author_tiered_pricing_type":"fixed","_author_tiered_pricing_fixed_rules":[],"_contributor_tiered_pricing_type":"fixed","_contributor_tiered_pricing_fixed_rules":[],"_subscriber_tiered_pricing_type":"fixed","_subscriber_tiered_pricing_fixed_rules":[],"_customer_tiered_pricing_type":"fixed","_customer_tiered_pricing_fixed_rules":[],"_shop_manager_tiered_pricing_type":"fixed","_shop_manager_tiered_pricing_fixed_rules":[],"_wpseo_manager_tiered_pricing_type":"fixed","_wpseo_manager_tiered_pricing_fixed_rules":[],"_wpseo_editor_tiered_pricing_type":"fixed","_wpseo_editor_tiered_pricing_fixed_rules":[],"yoast_head":"<!-- This site is optimized with the Yoast SEO plugin v26.8 - https:\/\/yoast.com\/product\/yoast-seo-wordpress\/ -->\n<title>Buy Ambien 10mg pills online - Fast and safe delivery<\/title>\n<meta name=\"description\" content=\"Buy Ambien 10mg, Order safely &amp; maintain your privacy No prescription necessary Discreet standard shipping at Low prices.\" \/>\n<meta name=\"robots\" content=\"index, follow, max-snippet:-1, max-image-preview:large, max-video-preview:-1\" \/>\n<link rel=\"canonical\" href=\"https:\/\/trustwhite.com\/es\/shop\/buy-ambien-10mg-pills-online\/\" \/>\n<meta property=\"og:locale\" content=\"es_ES\" \/>\n<meta property=\"og:type\" content=\"article\" \/>\n<meta property=\"og:title\" content=\"Buy Ambien 10mg pills online - Fast and safe delivery\" \/>\n<meta property=\"og:description\" content=\"Buy Ambien 10mg, Order safely &amp; maintain your privacy No prescription necessary Discreet standard shipping at Low prices.\" \/>\n<meta property=\"og:url\" content=\"https:\/\/trustwhite.com\/es\/shop\/buy-ambien-10mg-pills-online\/\" \/>\n<meta property=\"og:site_name\" content=\"stonersmeds.com\" \/>\n<meta property=\"article:modified_time\" content=\"2022-12-24T18:41:05+00:00\" \/>\n<meta property=\"og:image\" content=\"https:\/\/trustwhite.com\/wp-content\/uploads\/2022\/03\/buy-ambien-10mg-pills-online.jpg\" \/>\n\t<meta property=\"og:image:width\" content=\"600\" \/>\n\t<meta property=\"og:image:height\" content=\"600\" \/>\n\t<meta property=\"og:image:type\" content=\"image\/jpeg\" \/>\n<meta name=\"twitter:card\" content=\"summary_large_image\" \/>\n<meta name=\"twitter:label1\" content=\"Tiempo de lectura\" \/>\n\t<meta name=\"twitter:data1\" content=\"1 minuto\" \/>\n<script type=\"application\/ld+json\" class=\"yoast-schema-graph\">{\"@context\":\"https:\/\/schema.org\",\"@graph\":[{\"@type\":\"WebPage\",\"@id\":\"https:\/\/trustwhite.com\/shop\/buy-ambien-10mg-pills-online\/\",\"url\":\"https:\/\/trustwhite.com\/shop\/buy-ambien-10mg-pills-online\/\",\"name\":\"Buy Ambien 10mg pills online - Fast and safe delivery\",\"isPartOf\":{\"@id\":\"https:\/\/trustwhite.com\/el\/#website\"},\"primaryImageOfPage\":{\"@id\":\"https:\/\/trustwhite.com\/shop\/buy-ambien-10mg-pills-online\/#primaryimage\"},\"image\":{\"@id\":\"https:\/\/trustwhite.com\/shop\/buy-ambien-10mg-pills-online\/#primaryimage\"},\"thumbnailUrl\":\"https:\/\/trustwhite.com\/wp-content\/uploads\/2022\/03\/buy-ambien-10mg-pills-online.jpg\",\"datePublished\":\"2022-03-12T02:10:14+00:00\",\"dateModified\":\"2022-12-24T18:41:05+00:00\",\"description\":\"Buy Ambien 10mg, Order safely & maintain your privacy No prescription necessary Discreet standard shipping at Low prices.\",\"breadcrumb\":{\"@id\":\"https:\/\/trustwhite.com\/shop\/buy-ambien-10mg-pills-online\/#breadcrumb\"},\"inLanguage\":\"es\",\"potentialAction\":[{\"@type\":\"ReadAction\",\"target\":[\"https:\/\/trustwhite.com\/shop\/buy-ambien-10mg-pills-online\/\"]}]},{\"@type\":\"ImageObject\",\"inLanguage\":\"es\",\"@id\":\"https:\/\/trustwhite.com\/shop\/buy-ambien-10mg-pills-online\/#primaryimage\",\"url\":\"https:\/\/trustwhite.com\/wp-content\/uploads\/2022\/03\/buy-ambien-10mg-pills-online.jpg\",\"contentUrl\":\"https:\/\/trustwhite.com\/wp-content\/uploads\/2022\/03\/buy-ambien-10mg-pills-online.jpg\",\"width\":600,\"height\":600},{\"@type\":\"BreadcrumbList\",\"@id\":\"https:\/\/trustwhite.com\/shop\/buy-ambien-10mg-pills-online\/#breadcrumb\",\"itemListElement\":[{\"@type\":\"ListItem\",\"position\":1,\"name\":\"Home\",\"item\":\"https:\/\/trustwhite.com\/el\/\"},{\"@type\":\"ListItem\",\"position\":2,\"name\":\"Shop\",\"item\":\"https:\/\/trustwhite.com\/el\/shop\/\"},{\"@type\":\"ListItem\",\"position\":3,\"name\":\"Buy Ambien 10mg pills online\"}]},{\"@type\":\"WebSite\",\"@id\":\"https:\/\/trustwhite.com\/el\/#website\",\"url\":\"https:\/\/trustwhite.com\/el\/\",\"name\":\"stonersmeds.com\",\"description\":\"verschreibungspflichtige Medizin kaufen\",\"potentialAction\":[{\"@type\":\"SearchAction\",\"target\":{\"@type\":\"EntryPoint\",\"urlTemplate\":\"https:\/\/trustwhite.com\/el\/?s={search_term_string}\"},\"query-input\":{\"@type\":\"PropertyValueSpecification\",\"valueRequired\":true,\"valueName\":\"search_term_string\"}}],\"inLanguage\":\"es\"}]}<\/script>\n<!-- \/ Yoast SEO plugin. -->","yoast_head_json":{"title":"Compre Ambien 10mg pastillas en l\u00ednea - Entrega r\u00e1pida y segura","description":"Compre Ambien 10 mg, haga su pedido de forma segura y mantenga su privacidad No se necesita receta m\u00e9dica Env\u00edo est\u00e1ndar discreto a precios bajos.","robots":{"index":"index","follow":"follow","max-snippet":"max-snippet:-1","max-image-preview":"max-image-preview:large","max-video-preview":"max-video-preview:-1"},"canonical":"https:\/\/trustwhite.com\/es\/shop\/buy-ambien-10mg-pills-online\/","og_locale":"es_ES","og_type":"article","og_title":"Buy Ambien 10mg pills online - Fast and safe delivery","og_description":"Buy Ambien 10mg, Order safely & maintain your privacy No prescription necessary Discreet standard shipping at Low prices.","og_url":"https:\/\/trustwhite.com\/es\/shop\/buy-ambien-10mg-pills-online\/","og_site_name":"stonersmeds.com","article_modified_time":"2022-12-24T18:41:05+00:00","og_image":[{"width":600,"height":600,"url":"https:\/\/trustwhite.com\/wp-content\/uploads\/2022\/03\/buy-ambien-10mg-pills-online.jpg","type":"image\/jpeg"}],"twitter_card":"summary_large_image","twitter_misc":{"Tiempo de lectura":"1 minuto"},"schema":{"@context":"https:\/\/schema.org","@graph":[{"@type":"WebPage","@id":"https:\/\/trustwhite.com\/shop\/buy-ambien-10mg-pills-online\/","url":"https:\/\/trustwhite.com\/shop\/buy-ambien-10mg-pills-online\/","name":"Compre Ambien 10mg pastillas en l\u00ednea - Entrega r\u00e1pida y segura","isPartOf":{"@id":"https:\/\/trustwhite.com\/el\/#website"},"primaryImageOfPage":{"@id":"https:\/\/trustwhite.com\/shop\/buy-ambien-10mg-pills-online\/#primaryimage"},"image":{"@id":"https:\/\/trustwhite.com\/shop\/buy-ambien-10mg-pills-online\/#primaryimage"},"thumbnailUrl":"https:\/\/trustwhite.com\/wp-content\/uploads\/2022\/03\/buy-ambien-10mg-pills-online.jpg","datePublished":"2022-03-12T02:10:14+00:00","dateModified":"2022-12-24T18:41:05+00:00","description":"Compre Ambien 10 mg, haga su pedido de forma segura y mantenga su privacidad No se necesita receta m\u00e9dica Env\u00edo est\u00e1ndar discreto a precios bajos.","breadcrumb":{"@id":"https:\/\/trustwhite.com\/shop\/buy-ambien-10mg-pills-online\/#breadcrumb"},"inLanguage":"es","potentialAction":[{"@type":"ReadAction","target":["https:\/\/trustwhite.com\/shop\/buy-ambien-10mg-pills-online\/"]}]},{"@type":"ImageObject","inLanguage":"es","@id":"https:\/\/trustwhite.com\/shop\/buy-ambien-10mg-pills-online\/#primaryimage","url":"https:\/\/trustwhite.com\/wp-content\/uploads\/2022\/03\/buy-ambien-10mg-pills-online.jpg","contentUrl":"https:\/\/trustwhite.com\/wp-content\/uploads\/2022\/03\/buy-ambien-10mg-pills-online.jpg","width":600,"height":600},{"@type":"BreadcrumbList","@id":"https:\/\/trustwhite.com\/shop\/buy-ambien-10mg-pills-online\/#breadcrumb","itemListElement":[{"@type":"ListItem","position":1,"name":"Home","item":"https:\/\/trustwhite.com\/el\/"},{"@type":"ListItem","position":2,"name":"Shop","item":"https:\/\/trustwhite.com\/el\/shop\/"},{"@type":"ListItem","position":3,"name":"Buy Ambien 10mg pills online"}]},{"@type":"WebSite","@id":"https:\/\/trustwhite.com\/el\/#website","url":"https:\/\/trustwhite.com\/el\/","name":"stonersmeds.com","description":"verschreibungspflichtige Medizin kaufen","potentialAction":[{"@type":"SearchAction","target":{"@type":"EntryPoint","urlTemplate":"https:\/\/trustwhite.com\/el\/?s={search_term_string}"},"query-input":{"@type":"PropertyValueSpecification","valueRequired":true,"valueName":"search_term_string"}}],"inLanguage":"es"}]}},"_links":{"self":[{"href":"https:\/\/trustwhite.com\/es\/wp-json\/wp\/v2\/product\/9766","targetHints":{"allow":["GET"]}}],"collection":[{"href":"https:\/\/trustwhite.com\/es\/wp-json\/wp\/v2\/product"}],"about":[{"href":"https:\/\/trustwhite.com\/es\/wp-json\/wp\/v2\/types\/product"}],"version-history":[{"count":0,"href":"https:\/\/trustwhite.com\/es\/wp-json\/wp\/v2\/product\/9766\/revisions"}],"wp:featuredmedia":[{"embeddable":true,"href":"https:\/\/trustwhite.com\/es\/wp-json\/wp\/v2\/media\/9775"}],"wp:attachment":[{"href":"https:\/\/trustwhite.com\/es\/wp-json\/wp\/v2\/media?parent=9766"}],"wp:term":[{"taxonomy":"product_brand","embeddable":true,"href":"https:\/\/trustwhite.com\/es\/wp-json\/wp\/v2\/product_brand?post=9766"},{"taxonomy":"product_cat","embeddable":true,"href":"https:\/\/trustwhite.com\/es\/wp-json\/wp\/v2\/product_cat?post=9766"},{"taxonomy":"product_tag","embeddable":true,"href":"https:\/\/trustwhite.com\/es\/wp-json\/wp\/v2\/product_tag?post=9766"}],"curies":[{"name":"wp","href":"https:\/\/api.w.org\/{rel}","templated":true}]}}