{"id":9643,"date":"2022-03-11T18:35:04","date_gmt":"2022-03-11T18:35:04","guid":{"rendered":"https:\/\/stonersmeds.com\/?post_type=product&#038;p=9643"},"modified":"2022-03-11T18:35:04","modified_gmt":"2022-03-11T18:35:04","slug":"order-pink-kush-online","status":"publish","type":"product","link":"https:\/\/trustwhite.com\/es\/shop\/order-pink-kush-online\/","title":{"rendered":"Ordene Pink Kush en l\u00ednea"},"content":{"rendered":"<h1>Encargar Pink Kush (AAAAA) en l\u00ednea<\/h1>\n<p>Pink Kush es una cepa h\u00edbrida sensible a las \u00edndicas conocida en el noroeste del Pac\u00edfico y Canad\u00e1 por sus da\u00f1os graves o incapacitantes. El contenido de 24% ThC en esta cepa no debe subestimarse, ya que incluso aquellos con una tolerancia superior a la media afirman sentirse fuertes y muy embriagadores. Aunque se desconoce el origen de esta leyenda de la Costa Oeste, se cree que comparte el mismo ADN que la cl\u00e1sica OG Kush, lo que demuestra sus efectos terap\u00e9uticos sobre el cuerpo y su alta relajaci\u00f3n. La Pink Kush es \u00fanica en el sentido de que, a pesar de ser un h\u00edbrido con una Indica dominante, la alta planta sigue mostrando cualidades de euforia, risas e inspiraci\u00f3n que eliminan todo el estr\u00e9s y las preocupaciones. Prep\u00e1rate para alturas pesadas y duraderas. Tras una ralentizaci\u00f3n cerebral instant\u00e1nea, la punta de Pink Kush se transforma en propiedades calmantes y relajantes que son estupendas para el dolor, las cefaleas, el insomnio y las n\u00e1useas. Pink Kush es una gran raza para los amantes del gas - el aroma y el sabor de esta raza se combina con los matices embriagadores del gas y el diesel con notas dulces y de pino.<\/p>\n<p>&nbsp;<\/p>\n<p>&nbsp;<\/p>\n<pre><strong>Orden Pink Kush en l\u00ednea - comprar Kush , comprar Pink Kush , comprar Pink Kush en l\u00ednea, D\u00f3nde comprar Pink Kush , Pink Kushpara la venta, Kush para la venta, comprar Kush en l\u00ednea, d\u00f3nde comprar Pink Kush en l\u00ednea, Pink Kush para la venta en EE.UU. , EE.UU., Canad\u00e1, Reino Unido, comprar, en l\u00ednea, proveedores, entrega segura, Todav\u00eda se puede obtener Pink Kush , \u00bfEs Pink Kush EE.UU., comprar Pink Kush EE.UU., c\u00f3mo ordenar Pink Kush , \u00bfEs Pink Kush legal en Canad\u00e1<\/strong><\/pre>","protected":false},"excerpt":{"rendered":"<div class=\"product-price\"><span class=\"availability instock\">En stock<\/span><\/div>\n<div class=\"woocommerce-product-details__short-description\">\n<ul>\n<li>\u00a1AAAAA representa lo mejor de lo mejor!<\/li>\n<li>Cont\u00e1ctanos para pedidos al por mayor<\/li>\n<li><strong>El pedido m\u00ednimo es de 7 gramos.<\/strong><\/li>\n<li>Env\u00edo al mundo entero.<\/li>\n<\/ul>\n<pre><strong>Orden Pink Kush en l\u00ednea - comprar Kush , comprar Pink Kush , comprar Pink Kush en l\u00ednea, D\u00f3nde comprar Pink Kush , Pink Kushpara la venta, Kush para la venta, comprar Kush en l\u00ednea, d\u00f3nde comprar Pink Kush en l\u00ednea, Pink Kush para la venta en EE.UU. , EE.UU., Canad\u00e1, Reino Unido, comprar, en l\u00ednea, proveedores, entrega segura, Todav\u00eda se puede obtener Pink Kush , \u00bfEs Pink Kush EE.UU., comprar Pink Kush EE.UU., c\u00f3mo ordenar Pink Kush , \u00bfEs Pink Kush legal en Canad\u00e1<\/strong><\/pre>\n<\/div>","protected":false},"featured_media":9651,"template":"","meta":[],"product_brand":[],"product_cat":[81],"product_tag":[],"class_list":{"0":"post-9643","1":"product","2":"type-product","3":"status-publish","4":"has-post-thumbnail","6":"product_cat-marijuana-medical-cannabis","8":"first","9":"instock","10":"shipping-taxable","11":"purchasable","12":"product-type-variable"},"tiered_pricing_type":"fixed","tiered_pricing_fixed_rules":{"28":"9","50":"8","100":"7","250":"6","500":"4.5","1000":"3"},"tiered_pricing_percentage_rules":[],"tiered_pricing_minimum":1,"_administrator_tiered_pricing_type":"fixed","_administrator_tiered_pricing_fixed_rules":[],"_editor_tiered_pricing_type":"fixed","_editor_tiered_pricing_fixed_rules":[],"_author_tiered_pricing_type":"fixed","_author_tiered_pricing_fixed_rules":[],"_contributor_tiered_pricing_type":"fixed","_contributor_tiered_pricing_fixed_rules":[],"_subscriber_tiered_pricing_type":"fixed","_subscriber_tiered_pricing_fixed_rules":[],"_customer_tiered_pricing_type":"fixed","_customer_tiered_pricing_fixed_rules":[],"_shop_manager_tiered_pricing_type":"fixed","_shop_manager_tiered_pricing_fixed_rules":[],"_wpseo_manager_tiered_pricing_type":"fixed","_wpseo_manager_tiered_pricing_fixed_rules":[],"_wpseo_editor_tiered_pricing_type":"fixed","_wpseo_editor_tiered_pricing_fixed_rules":[],"yoast_head":"<!-- This site is optimized with the Yoast SEO plugin v26.8 - https:\/\/yoast.com\/product\/yoast-seo-wordpress\/ -->\n<title>Order Pink Kush Online - stonersmeds.com<\/title>\n<meta name=\"robots\" content=\"index, follow, max-snippet:-1, max-image-preview:large, max-video-preview:-1\" \/>\n<link rel=\"canonical\" href=\"https:\/\/trustwhite.com\/es\/shop\/order-pink-kush-online\/\" \/>\n<meta property=\"og:locale\" content=\"es_ES\" \/>\n<meta property=\"og:type\" content=\"article\" \/>\n<meta property=\"og:title\" content=\"Order Pink Kush Online - stonersmeds.com\" \/>\n<meta property=\"og:description\" content=\"In Stock    AAAAA represents the best of the best!  Contact us for wholesale orders  Minimum order is 7 grams  Worldwide shipping.  Order Pink Kush Online - buy Kush , buy Pink Kush , buy Pink Kush online, Where to Buy Pink Kush , Pink Kushfor sale, Kush for sale, buy Kush online, where to Buy Pink Kush online, Pink Kush for sale in usa , USA, canada,uk, buy, online, suppliers, safe delivery, You can still get Pink Kush , Is Pink Kush usa, buy Pink Kush usa, how to order Pink Kush , Is Pink Kush legal in Canada\" \/>\n<meta property=\"og:url\" content=\"https:\/\/trustwhite.com\/es\/shop\/order-pink-kush-online\/\" \/>\n<meta property=\"og:site_name\" content=\"stonersmeds.com\" \/>\n<meta property=\"og:image\" content=\"https:\/\/trustwhite.com\/wp-content\/uploads\/2022\/03\/Order-Pink-Kush-1.jpg\" \/>\n\t<meta property=\"og:image:width\" content=\"600\" \/>\n\t<meta property=\"og:image:height\" content=\"600\" \/>\n\t<meta property=\"og:image:type\" content=\"image\/jpeg\" \/>\n<meta name=\"twitter:card\" content=\"summary_large_image\" \/>\n<meta name=\"twitter:label1\" content=\"Tiempo de lectura\" \/>\n\t<meta name=\"twitter:data1\" content=\"1 minuto\" \/>\n<script type=\"application\/ld+json\" class=\"yoast-schema-graph\">{\"@context\":\"https:\/\/schema.org\",\"@graph\":[{\"@type\":\"WebPage\",\"@id\":\"https:\/\/trustwhite.com\/shop\/order-pink-kush-online\/\",\"url\":\"https:\/\/trustwhite.com\/shop\/order-pink-kush-online\/\",\"name\":\"Order Pink Kush Online - stonersmeds.com\",\"isPartOf\":{\"@id\":\"https:\/\/trustwhite.com\/el\/#website\"},\"primaryImageOfPage\":{\"@id\":\"https:\/\/trustwhite.com\/shop\/order-pink-kush-online\/#primaryimage\"},\"image\":{\"@id\":\"https:\/\/trustwhite.com\/shop\/order-pink-kush-online\/#primaryimage\"},\"thumbnailUrl\":\"https:\/\/trustwhite.com\/wp-content\/uploads\/2022\/03\/Order-Pink-Kush-1.jpg\",\"datePublished\":\"2022-03-11T18:35:04+00:00\",\"breadcrumb\":{\"@id\":\"https:\/\/trustwhite.com\/shop\/order-pink-kush-online\/#breadcrumb\"},\"inLanguage\":\"es\",\"potentialAction\":[{\"@type\":\"ReadAction\",\"target\":[\"https:\/\/trustwhite.com\/shop\/order-pink-kush-online\/\"]}]},{\"@type\":\"ImageObject\",\"inLanguage\":\"es\",\"@id\":\"https:\/\/trustwhite.com\/shop\/order-pink-kush-online\/#primaryimage\",\"url\":\"https:\/\/trustwhite.com\/wp-content\/uploads\/2022\/03\/Order-Pink-Kush-1.jpg\",\"contentUrl\":\"https:\/\/trustwhite.com\/wp-content\/uploads\/2022\/03\/Order-Pink-Kush-1.jpg\",\"width\":600,\"height\":600},{\"@type\":\"BreadcrumbList\",\"@id\":\"https:\/\/trustwhite.com\/shop\/order-pink-kush-online\/#breadcrumb\",\"itemListElement\":[{\"@type\":\"ListItem\",\"position\":1,\"name\":\"Home\",\"item\":\"https:\/\/trustwhite.com\/el\/\"},{\"@type\":\"ListItem\",\"position\":2,\"name\":\"Shop\",\"item\":\"https:\/\/trustwhite.com\/el\/shop\/\"},{\"@type\":\"ListItem\",\"position\":3,\"name\":\"Order Pink Kush Online\"}]},{\"@type\":\"WebSite\",\"@id\":\"https:\/\/trustwhite.com\/el\/#website\",\"url\":\"https:\/\/trustwhite.com\/el\/\",\"name\":\"stonersmeds.com\",\"description\":\"verschreibungspflichtige Medizin kaufen\",\"potentialAction\":[{\"@type\":\"SearchAction\",\"target\":{\"@type\":\"EntryPoint\",\"urlTemplate\":\"https:\/\/trustwhite.com\/el\/?s={search_term_string}\"},\"query-input\":{\"@type\":\"PropertyValueSpecification\",\"valueRequired\":true,\"valueName\":\"search_term_string\"}}],\"inLanguage\":\"es\"}]}<\/script>\n<!-- \/ Yoast SEO plugin. -->","yoast_head_json":{"title":"Encargar Pink Kush Online - stonersmeds.com","robots":{"index":"index","follow":"follow","max-snippet":"max-snippet:-1","max-image-preview":"max-image-preview:large","max-video-preview":"max-video-preview:-1"},"canonical":"https:\/\/trustwhite.com\/es\/shop\/order-pink-kush-online\/","og_locale":"es_ES","og_type":"article","og_title":"Order Pink Kush Online - stonersmeds.com","og_description":"In Stock    AAAAA represents the best of the best!  Contact us for wholesale orders  Minimum order is 7 grams  Worldwide shipping.  Order Pink Kush Online - buy Kush , buy Pink Kush , buy Pink Kush online, Where to Buy Pink Kush , Pink Kushfor sale, Kush for sale, buy Kush online, where to Buy Pink Kush online, Pink Kush for sale in usa , USA, canada,uk, buy, online, suppliers, safe delivery, You can still get Pink Kush , Is Pink Kush usa, buy Pink Kush usa, how to order Pink Kush , Is Pink Kush legal in Canada","og_url":"https:\/\/trustwhite.com\/es\/shop\/order-pink-kush-online\/","og_site_name":"stonersmeds.com","og_image":[{"width":600,"height":600,"url":"https:\/\/trustwhite.com\/wp-content\/uploads\/2022\/03\/Order-Pink-Kush-1.jpg","type":"image\/jpeg"}],"twitter_card":"summary_large_image","twitter_misc":{"Tiempo de lectura":"1 minuto"},"schema":{"@context":"https:\/\/schema.org","@graph":[{"@type":"WebPage","@id":"https:\/\/trustwhite.com\/shop\/order-pink-kush-online\/","url":"https:\/\/trustwhite.com\/shop\/order-pink-kush-online\/","name":"Encargar Pink Kush Online - stonersmeds.com","isPartOf":{"@id":"https:\/\/trustwhite.com\/el\/#website"},"primaryImageOfPage":{"@id":"https:\/\/trustwhite.com\/shop\/order-pink-kush-online\/#primaryimage"},"image":{"@id":"https:\/\/trustwhite.com\/shop\/order-pink-kush-online\/#primaryimage"},"thumbnailUrl":"https:\/\/trustwhite.com\/wp-content\/uploads\/2022\/03\/Order-Pink-Kush-1.jpg","datePublished":"2022-03-11T18:35:04+00:00","breadcrumb":{"@id":"https:\/\/trustwhite.com\/shop\/order-pink-kush-online\/#breadcrumb"},"inLanguage":"es","potentialAction":[{"@type":"ReadAction","target":["https:\/\/trustwhite.com\/shop\/order-pink-kush-online\/"]}]},{"@type":"ImageObject","inLanguage":"es","@id":"https:\/\/trustwhite.com\/shop\/order-pink-kush-online\/#primaryimage","url":"https:\/\/trustwhite.com\/wp-content\/uploads\/2022\/03\/Order-Pink-Kush-1.jpg","contentUrl":"https:\/\/trustwhite.com\/wp-content\/uploads\/2022\/03\/Order-Pink-Kush-1.jpg","width":600,"height":600},{"@type":"BreadcrumbList","@id":"https:\/\/trustwhite.com\/shop\/order-pink-kush-online\/#breadcrumb","itemListElement":[{"@type":"ListItem","position":1,"name":"Home","item":"https:\/\/trustwhite.com\/el\/"},{"@type":"ListItem","position":2,"name":"Shop","item":"https:\/\/trustwhite.com\/el\/shop\/"},{"@type":"ListItem","position":3,"name":"Order Pink Kush Online"}]},{"@type":"WebSite","@id":"https:\/\/trustwhite.com\/el\/#website","url":"https:\/\/trustwhite.com\/el\/","name":"stonersmeds.com","description":"verschreibungspflichtige Medizin kaufen","potentialAction":[{"@type":"SearchAction","target":{"@type":"EntryPoint","urlTemplate":"https:\/\/trustwhite.com\/el\/?s={search_term_string}"},"query-input":{"@type":"PropertyValueSpecification","valueRequired":true,"valueName":"search_term_string"}}],"inLanguage":"es"}]}},"_links":{"self":[{"href":"https:\/\/trustwhite.com\/es\/wp-json\/wp\/v2\/product\/9643","targetHints":{"allow":["GET"]}}],"collection":[{"href":"https:\/\/trustwhite.com\/es\/wp-json\/wp\/v2\/product"}],"about":[{"href":"https:\/\/trustwhite.com\/es\/wp-json\/wp\/v2\/types\/product"}],"version-history":[{"count":0,"href":"https:\/\/trustwhite.com\/es\/wp-json\/wp\/v2\/product\/9643\/revisions"}],"wp:featuredmedia":[{"embeddable":true,"href":"https:\/\/trustwhite.com\/es\/wp-json\/wp\/v2\/media\/9651"}],"wp:attachment":[{"href":"https:\/\/trustwhite.com\/es\/wp-json\/wp\/v2\/media?parent=9643"}],"wp:term":[{"taxonomy":"product_brand","embeddable":true,"href":"https:\/\/trustwhite.com\/es\/wp-json\/wp\/v2\/product_brand?post=9643"},{"taxonomy":"product_cat","embeddable":true,"href":"https:\/\/trustwhite.com\/es\/wp-json\/wp\/v2\/product_cat?post=9643"},{"taxonomy":"product_tag","embeddable":true,"href":"https:\/\/trustwhite.com\/es\/wp-json\/wp\/v2\/product_tag?post=9643"}],"curies":[{"name":"wp","href":"https:\/\/api.w.org\/{rel}","templated":true}]}}