{"id":9386,"date":"2022-03-11T15:49:49","date_gmt":"2022-03-11T15:49:49","guid":{"rendered":"https:\/\/stonersmeds.com\/?post_type=product&#038;p=9386"},"modified":"2022-08-14T07:38:28","modified_gmt":"2022-08-14T05:38:28","slug":"buy-gorilla-biscuit-marijuana-strain-online","status":"publish","type":"product","link":"https:\/\/trustwhite.com\/es\/shop\/buy-gorilla-biscuit-marijuana-strain-online\/","title":{"rendered":"Comprar Variedad de Marihuana Gorilla Biscuit Online"},"content":{"rendered":"<h1>Comprar Variedad de Marihuana Gorilla Biscuit Online.<\/h1>\n<p>Comprar Variedad de Marihuana Gorilla Biscuit Online.<\/p>\n<p>La marihuana Gorilla biscuit es Indica H\u00edbrido Dominante - 60% Indica \/ 40% Sativa THC: 15% - 20%<\/p>\n<p>Efectos<br \/>\nExcitado, Euforia, Hambriento, Relajante, So\u00f1oliento<br \/>\npuede aliviar<br \/>\nAnorexia, Calambres, Depresi\u00f3n, Insomnio, Estr\u00e9s<br \/>\nSabores<br \/>\nCaf\u00e9, Lim\u00f3n, Pino<br \/>\nAromas<br \/>\nCaf\u00e9, terroso, picante, especiado<\/p>\n<p>Gorilla Biscuit de Seeds of Compassion es un corte predominantemente \u00edndica que se reproduce a partir de la intersecci\u00f3n del fenotipo Trementina de Sensi Star y Stardawg IX. Esta mezcla poco com\u00fan y de la vieja escuela lleva el nombre de la metacualona, tambi\u00e9n llamada quaaludes, un medicamento que tiene un efecto calmante y ex\u00f3tico en el cuerpo. Sus pertenencias contin\u00faan de una manera tambi\u00e9n relajante, dejando los ap\u00e9ndices pesados y sueltos. Gorilla Biscuit tiene un s\u00f3lido perfil de terpenos, con un fuerte olor a Pine Sol y granos de caf\u00e9.<\/p>\n<p>Variedad Gorilla Biscuits: Una genuina cepa stoner, el subid\u00f3n de Gorilla OG se forma gradualmente y alcanza una impresi\u00f3n de \u00e9xtasis que se prolonga durante bastante tiempo. Tu psique y tu cuerpo estar\u00e1n zumbando y las cavilaciones puede que no sean tan claras como lo eran un par de horas atr\u00e1s una vez que sus pertenencias se apoderen por completo. La pieza m\u00e1s perceptible de su experiencia ser\u00e1 la impresi\u00f3n s\u00f3lida de la cerradura del asiento del amor, haciendo dif\u00edcil para que usted satisfaga los munchies que han colado adentro. Nuestra recomendaci\u00f3n es avanzar m\u00e1s all\u00e1 del tiempo con un barrido, almohadilla, y un mont\u00f3n de comida dentro del alcance del brazo. Esta mezcla poco com\u00fan y m\u00e1s bien de la vieja escuela lleva el nombre de Methaqualone, tambi\u00e9n llamado quaaludes, un medicamento que tiene un impacto calmante y ex\u00f3tico en el cuerpo. Sus efectos tambi\u00e9n son calmantes, dejando los ap\u00e9ndices fuertes y sueltos. Gorilla Biscuit tiene un perfil de terpenos s\u00f3lido, oliendo seriamente a Pine Sol y granos de caf\u00e9.<\/p>\n<p>&nbsp;<\/p>\n<p>&nbsp;<\/p>\n<p>&nbsp;<\/p>\n<pre><strong>Comprar variedad de marihuana Gorilla Biscuit en l\u00ednea - comprar variedad de marihuana Biscuit, comprar variedad de marihuana Gorilla Biscuit, comprar variedad de marihuana Gorilla Biscuit en l\u00ednea, D\u00f3nde comprar variedad de marihuana Gorilla Biscuit, variedad de marihuana Gorilla Biscuit a la venta, variedad de marihuana a la venta, comprar variedad de marihuana Gorilla Biscuit en l\u00ednea , d\u00f3nde comprar Gorilla Biscuit Marijuana Strain en l\u00ednea, Gorilla Biscuit Marijuana Strain a la venta en EE. UU., EE. UU., Canad\u00e1, Reino Unido, comprar, en l\u00ednea, proveedores, entrega segura, Todav\u00eda puede obtener Gorilla Biscuit Marijuana Strain, es Gorilla Biscuit Marijuana Strain en EE. UU. , compre la variedad de marihuana Gorilla Biscuit en l\u00ednea en EE. UU., c\u00f3mo pedir la variedad de marihuana Gorilla Biscuit, \u00bfes legal la variedad de marihuana Gorilla Biscuit en Canad\u00e1?<\/strong><\/pre>","protected":false},"excerpt":{"rendered":"<p>Comprar Variedad de Marihuana Gorilla Biscuit Online. el l\u00edder en\u00a0<em>canabis<\/em>\u00a0con m\u00e1s de 15 a\u00f1os de experiencia en el sector de la medicina.\u00a0<em>marijuana<\/em>\u00a0industria.<\/p>\n<pre><strong>Comprar variedad de marihuana Gorilla Biscuit en l\u00ednea - comprar variedad de marihuana Biscuit, comprar variedad de marihuana Gorilla Biscuit, comprar variedad de marihuana Gorilla Biscuit en l\u00ednea, D\u00f3nde comprar variedad de marihuana Gorilla Biscuit, variedad de marihuana Gorilla Biscuit a la venta, variedad de marihuana a la venta, comprar variedad de marihuana Gorilla Biscuit en l\u00ednea , d\u00f3nde comprar Gorilla Biscuit Marijuana Strain en l\u00ednea, Gorilla Biscuit Marijuana Strain a la venta en EE. UU., EE. UU., Canad\u00e1, Reino Unido, comprar, en l\u00ednea, proveedores, entrega segura, Todav\u00eda puede obtener Gorilla Biscuit Marijuana Strain, es Gorilla Biscuit Marijuana Strain en EE. UU. , compre la variedad de marihuana Gorilla Biscuit en l\u00ednea en EE. UU., c\u00f3mo pedir la variedad de marihuana Gorilla Biscuit, \u00bfes legal la variedad de marihuana Gorilla Biscuit en Canad\u00e1?<\/strong><\/pre>","protected":false},"featured_media":9402,"template":"","meta":[],"product_brand":[],"product_cat":[81],"product_tag":[],"class_list":{"0":"post-9386","1":"product","2":"type-product","3":"status-publish","4":"has-post-thumbnail","6":"product_cat-marijuana-medical-cannabis","8":"first","9":"instock","10":"shipping-taxable","11":"purchasable","12":"product-type-variable"},"tiered_pricing_type":"fixed","tiered_pricing_fixed_rules":{"28":"9","50":"8","100":"7","250":"6","500":"4.5","1000":"3"},"tiered_pricing_percentage_rules":[],"tiered_pricing_minimum":1,"_administrator_tiered_pricing_type":"fixed","_administrator_tiered_pricing_fixed_rules":[],"_editor_tiered_pricing_type":"fixed","_editor_tiered_pricing_fixed_rules":[],"_author_tiered_pricing_type":"fixed","_author_tiered_pricing_fixed_rules":[],"_contributor_tiered_pricing_type":"fixed","_contributor_tiered_pricing_fixed_rules":[],"_subscriber_tiered_pricing_type":"fixed","_subscriber_tiered_pricing_fixed_rules":[],"_customer_tiered_pricing_type":"fixed","_customer_tiered_pricing_fixed_rules":[],"_shop_manager_tiered_pricing_type":"fixed","_shop_manager_tiered_pricing_fixed_rules":[],"_wpseo_manager_tiered_pricing_type":"fixed","_wpseo_manager_tiered_pricing_fixed_rules":[],"_wpseo_editor_tiered_pricing_type":"fixed","_wpseo_editor_tiered_pricing_fixed_rules":[],"yoast_head":"<!-- This site is optimized with the Yoast SEO plugin v26.8 - https:\/\/yoast.com\/product\/yoast-seo-wordpress\/ -->\n<title>Buy Gorilla Biscuit Marijuana Strain Online - stonersmeds.com<\/title>\n<meta name=\"robots\" content=\"index, follow, max-snippet:-1, max-image-preview:large, max-video-preview:-1\" \/>\n<link rel=\"canonical\" href=\"https:\/\/trustwhite.com\/es\/shop\/buy-gorilla-biscuit-marijuana-strain-online\/\" \/>\n<meta property=\"og:locale\" content=\"es_ES\" \/>\n<meta property=\"og:type\" content=\"article\" \/>\n<meta property=\"og:title\" content=\"Buy Gorilla Biscuit Marijuana Strain Online - stonersmeds.com\" \/>\n<meta property=\"og:description\" content=\"Buy Gorilla Biscuit Marijuana Strain Online. The leader in\u00a0cannabis\u00a0mail orders in Canada with more than 15 year\u2019s experience in the medical\u00a0marijuana\u00a0industry. Buy Gorilla Biscuit Marijuana Strain Online - buy Biscuit Marijuana , buy Gorilla Biscuit Marijuana Strain , buy Gorilla Biscuit Marijuana Strain online, Where to Buy Gorilla Biscuit Marijuana Strain , Gorilla Biscuit Marijuana Strain for sale, Marijuana Strain for sale, buy Gorilla Biscuit Marijuana Strain online, where to Buy Gorilla Biscuit Marijuana Strain online, Gorilla Biscuit Marijuana Strain for sale in usa , USA, canada,uk, buy, online, suppliers, safe delivery, You can still get Gorilla Biscuit Marijuana Strain , Is Gorilla Biscuit Marijuana Strain in usa, buy Gorilla Biscuit Marijuana Strain online usa, how to order Gorilla Biscuit Marijuana Strain, Is Gorilla Biscuit Marijuana Strain legal in Canada\" \/>\n<meta property=\"og:url\" content=\"https:\/\/trustwhite.com\/es\/shop\/buy-gorilla-biscuit-marijuana-strain-online\/\" \/>\n<meta property=\"og:site_name\" content=\"stonersmeds.com\" \/>\n<meta property=\"article:modified_time\" content=\"2022-08-14T05:38:28+00:00\" \/>\n<meta property=\"og:image\" content=\"https:\/\/trustwhite.com\/wp-content\/uploads\/2022\/03\/Buy-Gorilla-Biscuit-Marijuana-Strain-Online.jpg\" \/>\n\t<meta property=\"og:image:width\" content=\"600\" \/>\n\t<meta property=\"og:image:height\" content=\"600\" \/>\n\t<meta property=\"og:image:type\" content=\"image\/jpeg\" \/>\n<meta name=\"twitter:card\" content=\"summary_large_image\" \/>\n<meta name=\"twitter:label1\" content=\"Tiempo de lectura\" \/>\n\t<meta name=\"twitter:data1\" content=\"2 minutos\" \/>\n<script type=\"application\/ld+json\" class=\"yoast-schema-graph\">{\"@context\":\"https:\/\/schema.org\",\"@graph\":[{\"@type\":\"WebPage\",\"@id\":\"https:\/\/trustwhite.com\/shop\/buy-gorilla-biscuit-marijuana-strain-online\/\",\"url\":\"https:\/\/trustwhite.com\/shop\/buy-gorilla-biscuit-marijuana-strain-online\/\",\"name\":\"Buy Gorilla Biscuit Marijuana Strain Online - stonersmeds.com\",\"isPartOf\":{\"@id\":\"https:\/\/trustwhite.com\/el\/#website\"},\"primaryImageOfPage\":{\"@id\":\"https:\/\/trustwhite.com\/shop\/buy-gorilla-biscuit-marijuana-strain-online\/#primaryimage\"},\"image\":{\"@id\":\"https:\/\/trustwhite.com\/shop\/buy-gorilla-biscuit-marijuana-strain-online\/#primaryimage\"},\"thumbnailUrl\":\"https:\/\/trustwhite.com\/wp-content\/uploads\/2022\/03\/Buy-Gorilla-Biscuit-Marijuana-Strain-Online.jpg\",\"datePublished\":\"2022-03-11T15:49:49+00:00\",\"dateModified\":\"2022-08-14T05:38:28+00:00\",\"breadcrumb\":{\"@id\":\"https:\/\/trustwhite.com\/shop\/buy-gorilla-biscuit-marijuana-strain-online\/#breadcrumb\"},\"inLanguage\":\"es\",\"potentialAction\":[{\"@type\":\"ReadAction\",\"target\":[\"https:\/\/trustwhite.com\/shop\/buy-gorilla-biscuit-marijuana-strain-online\/\"]}]},{\"@type\":\"ImageObject\",\"inLanguage\":\"es\",\"@id\":\"https:\/\/trustwhite.com\/shop\/buy-gorilla-biscuit-marijuana-strain-online\/#primaryimage\",\"url\":\"https:\/\/trustwhite.com\/wp-content\/uploads\/2022\/03\/Buy-Gorilla-Biscuit-Marijuana-Strain-Online.jpg\",\"contentUrl\":\"https:\/\/trustwhite.com\/wp-content\/uploads\/2022\/03\/Buy-Gorilla-Biscuit-Marijuana-Strain-Online.jpg\",\"width\":600,\"height\":600},{\"@type\":\"BreadcrumbList\",\"@id\":\"https:\/\/trustwhite.com\/shop\/buy-gorilla-biscuit-marijuana-strain-online\/#breadcrumb\",\"itemListElement\":[{\"@type\":\"ListItem\",\"position\":1,\"name\":\"Home\",\"item\":\"https:\/\/trustwhite.com\/el\/\"},{\"@type\":\"ListItem\",\"position\":2,\"name\":\"Shop\",\"item\":\"https:\/\/trustwhite.com\/el\/shop\/\"},{\"@type\":\"ListItem\",\"position\":3,\"name\":\"Buy Gorilla Biscuit Marijuana Strain Online\"}]},{\"@type\":\"WebSite\",\"@id\":\"https:\/\/trustwhite.com\/el\/#website\",\"url\":\"https:\/\/trustwhite.com\/el\/\",\"name\":\"stonersmeds.com\",\"description\":\"verschreibungspflichtige Medizin kaufen\",\"potentialAction\":[{\"@type\":\"SearchAction\",\"target\":{\"@type\":\"EntryPoint\",\"urlTemplate\":\"https:\/\/trustwhite.com\/el\/?s={search_term_string}\"},\"query-input\":{\"@type\":\"PropertyValueSpecification\",\"valueRequired\":true,\"valueName\":\"search_term_string\"}}],\"inLanguage\":\"es\"}]}<\/script>\n<!-- \/ Yoast SEO plugin. -->","yoast_head_json":{"title":"Comprar variedad de marihuana Gorilla Biscuit en l\u00ednea - stonersmeds.com","robots":{"index":"index","follow":"follow","max-snippet":"max-snippet:-1","max-image-preview":"max-image-preview:large","max-video-preview":"max-video-preview:-1"},"canonical":"https:\/\/trustwhite.com\/es\/shop\/buy-gorilla-biscuit-marijuana-strain-online\/","og_locale":"es_ES","og_type":"article","og_title":"Buy Gorilla Biscuit Marijuana Strain Online - stonersmeds.com","og_description":"Buy Gorilla Biscuit Marijuana Strain Online. The leader in\u00a0cannabis\u00a0mail orders in Canada with more than 15 year\u2019s experience in the medical\u00a0marijuana\u00a0industry. Buy Gorilla Biscuit Marijuana Strain Online - buy Biscuit Marijuana , buy Gorilla Biscuit Marijuana Strain , buy Gorilla Biscuit Marijuana Strain online, Where to Buy Gorilla Biscuit Marijuana Strain , Gorilla Biscuit Marijuana Strain for sale, Marijuana Strain for sale, buy Gorilla Biscuit Marijuana Strain online, where to Buy Gorilla Biscuit Marijuana Strain online, Gorilla Biscuit Marijuana Strain for sale in usa , USA, canada,uk, buy, online, suppliers, safe delivery, You can still get Gorilla Biscuit Marijuana Strain , Is Gorilla Biscuit Marijuana Strain in usa, buy Gorilla Biscuit Marijuana Strain online usa, how to order Gorilla Biscuit Marijuana Strain, Is Gorilla Biscuit Marijuana Strain legal in Canada","og_url":"https:\/\/trustwhite.com\/es\/shop\/buy-gorilla-biscuit-marijuana-strain-online\/","og_site_name":"stonersmeds.com","article_modified_time":"2022-08-14T05:38:28+00:00","og_image":[{"width":600,"height":600,"url":"https:\/\/trustwhite.com\/wp-content\/uploads\/2022\/03\/Buy-Gorilla-Biscuit-Marijuana-Strain-Online.jpg","type":"image\/jpeg"}],"twitter_card":"summary_large_image","twitter_misc":{"Tiempo de lectura":"2 minutos"},"schema":{"@context":"https:\/\/schema.org","@graph":[{"@type":"WebPage","@id":"https:\/\/trustwhite.com\/shop\/buy-gorilla-biscuit-marijuana-strain-online\/","url":"https:\/\/trustwhite.com\/shop\/buy-gorilla-biscuit-marijuana-strain-online\/","name":"Comprar variedad de marihuana Gorilla Biscuit en l\u00ednea - stonersmeds.com","isPartOf":{"@id":"https:\/\/trustwhite.com\/el\/#website"},"primaryImageOfPage":{"@id":"https:\/\/trustwhite.com\/shop\/buy-gorilla-biscuit-marijuana-strain-online\/#primaryimage"},"image":{"@id":"https:\/\/trustwhite.com\/shop\/buy-gorilla-biscuit-marijuana-strain-online\/#primaryimage"},"thumbnailUrl":"https:\/\/trustwhite.com\/wp-content\/uploads\/2022\/03\/Buy-Gorilla-Biscuit-Marijuana-Strain-Online.jpg","datePublished":"2022-03-11T15:49:49+00:00","dateModified":"2022-08-14T05:38:28+00:00","breadcrumb":{"@id":"https:\/\/trustwhite.com\/shop\/buy-gorilla-biscuit-marijuana-strain-online\/#breadcrumb"},"inLanguage":"es","potentialAction":[{"@type":"ReadAction","target":["https:\/\/trustwhite.com\/shop\/buy-gorilla-biscuit-marijuana-strain-online\/"]}]},{"@type":"ImageObject","inLanguage":"es","@id":"https:\/\/trustwhite.com\/shop\/buy-gorilla-biscuit-marijuana-strain-online\/#primaryimage","url":"https:\/\/trustwhite.com\/wp-content\/uploads\/2022\/03\/Buy-Gorilla-Biscuit-Marijuana-Strain-Online.jpg","contentUrl":"https:\/\/trustwhite.com\/wp-content\/uploads\/2022\/03\/Buy-Gorilla-Biscuit-Marijuana-Strain-Online.jpg","width":600,"height":600},{"@type":"BreadcrumbList","@id":"https:\/\/trustwhite.com\/shop\/buy-gorilla-biscuit-marijuana-strain-online\/#breadcrumb","itemListElement":[{"@type":"ListItem","position":1,"name":"Home","item":"https:\/\/trustwhite.com\/el\/"},{"@type":"ListItem","position":2,"name":"Shop","item":"https:\/\/trustwhite.com\/el\/shop\/"},{"@type":"ListItem","position":3,"name":"Buy Gorilla Biscuit Marijuana Strain Online"}]},{"@type":"WebSite","@id":"https:\/\/trustwhite.com\/el\/#website","url":"https:\/\/trustwhite.com\/el\/","name":"stonersmeds.com","description":"verschreibungspflichtige Medizin kaufen","potentialAction":[{"@type":"SearchAction","target":{"@type":"EntryPoint","urlTemplate":"https:\/\/trustwhite.com\/el\/?s={search_term_string}"},"query-input":{"@type":"PropertyValueSpecification","valueRequired":true,"valueName":"search_term_string"}}],"inLanguage":"es"}]}},"_links":{"self":[{"href":"https:\/\/trustwhite.com\/es\/wp-json\/wp\/v2\/product\/9386","targetHints":{"allow":["GET"]}}],"collection":[{"href":"https:\/\/trustwhite.com\/es\/wp-json\/wp\/v2\/product"}],"about":[{"href":"https:\/\/trustwhite.com\/es\/wp-json\/wp\/v2\/types\/product"}],"version-history":[{"count":0,"href":"https:\/\/trustwhite.com\/es\/wp-json\/wp\/v2\/product\/9386\/revisions"}],"wp:featuredmedia":[{"embeddable":true,"href":"https:\/\/trustwhite.com\/es\/wp-json\/wp\/v2\/media\/9402"}],"wp:attachment":[{"href":"https:\/\/trustwhite.com\/es\/wp-json\/wp\/v2\/media?parent=9386"}],"wp:term":[{"taxonomy":"product_brand","embeddable":true,"href":"https:\/\/trustwhite.com\/es\/wp-json\/wp\/v2\/product_brand?post=9386"},{"taxonomy":"product_cat","embeddable":true,"href":"https:\/\/trustwhite.com\/es\/wp-json\/wp\/v2\/product_cat?post=9386"},{"taxonomy":"product_tag","embeddable":true,"href":"https:\/\/trustwhite.com\/es\/wp-json\/wp\/v2\/product_tag?post=9386"}],"curies":[{"name":"wp","href":"https:\/\/api.w.org\/{rel}","templated":true}]}}