{"id":9347,"date":"2022-03-11T15:40:35","date_gmt":"2022-03-11T15:40:35","guid":{"rendered":"https:\/\/stonersmeds.com\/?post_type=product&#038;p=9347"},"modified":"2022-03-11T15:40:35","modified_gmt":"2022-03-11T15:40:35","slug":"buy-cherry-pie-marijuana-strain-online","status":"publish","type":"product","link":"https:\/\/trustwhite.com\/es\/shop\/buy-cherry-pie-marijuana-strain-online\/","title":{"rendered":"Comprar Cepa de Marihuana Cherry Pie Online"},"content":{"rendered":"<h1>Comprar Cepa de Marihuana Cherry Pie Online.<\/h1>\n<p>Comprar Cepa de Marihuana Cherry Pie Online.<\/p>\n<p>Comprar Cherry Pie Variedad de Marihuana online. H\u00edbrido - 80% Indica \/ 20% Sativa THC: 16% - 24%, CBD: 1%<\/p>\n<p><strong>Efectos<\/strong><br \/>\nCreativo, Euforia, Feliz, Relajante<br \/>\npuede aliviar<br \/>\nADD\/ADHD, Ansiedad, Trastorno bipolar, Dolor cr\u00f3nico, Depresi\u00f3n, Hiperactividad, Insomnio<br \/>\nSabores<br \/>\nbaya, cereza, dulce<br \/>\nAromas<br \/>\nAr\u00e1ndano, Cereza, Terroso, Dulce<\/p>\n<p>&nbsp;<\/p>\n<p>&nbsp;<\/p>\n<p>&nbsp;<\/p>\n<pre><strong>Comprar variedad de marihuana Cherry Pie en l\u00ednea - comprar marihuana Pie, comprar marihuana Cherry Pie, comprar variedad de marihuana Cherry Pie en l\u00ednea, d\u00f3nde comprar variedad de marihuana Cherry Pie, venta de variedad de marihuana Cherry Pie, venta de variedad de marihuana, comprar variedad de marihuana Cherry Pie en l\u00ednea, d\u00f3nde comprar Cherry Pie Marijuana Strain en l\u00ednea, Cherry Pie Marijuana Strain a la venta en EE. UU., EE. UU., Canad\u00e1, Reino Unido, comprar, en l\u00ednea, proveedores, entrega segura, Todav\u00eda puede obtener Cherry Pie Marijuana Strain, \u00bfEs Cherry Pie Marijuana Strain legal en EE. UU. , compre la variedad de marihuana Cherry Pie en l\u00ednea en EE. UU., c\u00f3mo pedir la variedad de marihuana Cherry Pie, \u00bfes legal la variedad de marihuana Cherry Pie en Canad\u00e1?<\/strong><\/pre>","protected":false},"excerpt":{"rendered":"<p>Comprar Cherry Pie Variedad de Marihuana en linea. Comprar Cherry Pie Variedad de Marihuana online. Hibrido - 80% Indica \/ 20% Sativa THC: 16% - 24%, CBD: 1%<\/p>\n<pre><strong>Comprar variedad de marihuana Cherry Pie en l\u00ednea - comprar marihuana Pie, comprar marihuana Cherry Pie, comprar variedad de marihuana Cherry Pie en l\u00ednea, d\u00f3nde comprar variedad de marihuana Cherry Pie, venta de variedad de marihuana Cherry Pie, venta de variedad de marihuana, comprar variedad de marihuana Cherry Pie en l\u00ednea, d\u00f3nde comprar Cherry Pie Marijuana Strain en l\u00ednea, Cherry Pie Marijuana Strain a la venta en EE. UU., EE. UU., Canad\u00e1, Reino Unido, comprar, en l\u00ednea, proveedores, entrega segura, Todav\u00eda puede obtener Cherry Pie Marijuana Strain, \u00bfEs Cherry Pie Marijuana Strain legal en EE. UU. , compre la variedad de marihuana Cherry Pie en l\u00ednea en EE. UU., c\u00f3mo pedir la variedad de marihuana Cherry Pie, \u00bfes legal la variedad de marihuana Cherry Pie en Canad\u00e1?<\/strong><\/pre>","protected":false},"featured_media":9369,"template":"","meta":[],"product_brand":[],"product_cat":[81],"product_tag":[],"class_list":{"0":"post-9347","1":"product","2":"type-product","3":"status-publish","4":"has-post-thumbnail","6":"product_cat-marijuana-medical-cannabis","8":"first","9":"instock","10":"shipping-taxable","11":"purchasable","12":"product-type-variable"},"tiered_pricing_type":"fixed","tiered_pricing_fixed_rules":{"28":"9","50":"8","100":"7","250":"6","500":"4.5","1000":"3"},"tiered_pricing_percentage_rules":[],"tiered_pricing_minimum":1,"_administrator_tiered_pricing_type":"fixed","_administrator_tiered_pricing_fixed_rules":[],"_editor_tiered_pricing_type":"fixed","_editor_tiered_pricing_fixed_rules":[],"_author_tiered_pricing_type":"fixed","_author_tiered_pricing_fixed_rules":[],"_contributor_tiered_pricing_type":"fixed","_contributor_tiered_pricing_fixed_rules":[],"_subscriber_tiered_pricing_type":"fixed","_subscriber_tiered_pricing_fixed_rules":[],"_customer_tiered_pricing_type":"fixed","_customer_tiered_pricing_fixed_rules":[],"_shop_manager_tiered_pricing_type":"fixed","_shop_manager_tiered_pricing_fixed_rules":[],"_wpseo_manager_tiered_pricing_type":"fixed","_wpseo_manager_tiered_pricing_fixed_rules":[],"_wpseo_editor_tiered_pricing_type":"fixed","_wpseo_editor_tiered_pricing_fixed_rules":[],"yoast_head":"<!-- This site is optimized with the Yoast SEO plugin v26.8 - https:\/\/yoast.com\/product\/yoast-seo-wordpress\/ -->\n<title>Buy Cherry Pie Marijuana Strain Online - stonersmeds.com<\/title>\n<meta name=\"robots\" content=\"index, follow, max-snippet:-1, max-image-preview:large, max-video-preview:-1\" \/>\n<link rel=\"canonical\" href=\"https:\/\/trustwhite.com\/es\/shop\/buy-cherry-pie-marijuana-strain-online\/\" \/>\n<meta property=\"og:locale\" content=\"es_ES\" \/>\n<meta property=\"og:type\" content=\"article\" \/>\n<meta property=\"og:title\" content=\"Buy Cherry Pie Marijuana Strain Online - stonersmeds.com\" \/>\n<meta property=\"og:description\" content=\"Buy Cherry Pie Marijuana Strain Online.\u00a0Buy Cherry Pie Marijuana Strain online. Hybrid \u2013 80% Indica \/ 20% Sativa THC: 16% \u2013 24%, CBD: 1% Buy Cherry Pie Marijuana Strain Online - buy Pie Marijuana , buy Cherry Pie Marijuana , buy Cherry Pie Marijuana Strain online, Where to Buy Cherry Pie Marijuana Strain , Cherry Pie Marijuana Strain for sale, Marijuana Strain for sale, buy Cherry Pie Marijuana Strain online, where to Buy Cherry Pie Marijuana Strain online, Cherry Pie Marijuana Strain for sale in usa , USA, canada,uk, buy, online, suppliers, safe delivery, You can still get Cherry Pie Marijuana Strain , Is Cherry Pie Marijuana Strain legal in usa, buy Cherry Pie Marijuana Strain online usa, how to order Cherry Pie Marijuana Strain, Is Cherry Pie Marijuana Strain legal in Canada\" \/>\n<meta property=\"og:url\" content=\"https:\/\/trustwhite.com\/es\/shop\/buy-cherry-pie-marijuana-strain-online\/\" \/>\n<meta property=\"og:site_name\" content=\"stonersmeds.com\" \/>\n<meta property=\"og:image\" content=\"https:\/\/trustwhite.com\/wp-content\/uploads\/2022\/03\/Buy-Cherry-Pie-Marijuana-Strain-Online.jpg\" \/>\n\t<meta property=\"og:image:width\" content=\"600\" \/>\n\t<meta property=\"og:image:height\" content=\"600\" \/>\n\t<meta property=\"og:image:type\" content=\"image\/jpeg\" \/>\n<meta name=\"twitter:card\" content=\"summary_large_image\" \/>\n<meta name=\"twitter:label1\" content=\"Tiempo de lectura\" \/>\n\t<meta name=\"twitter:data1\" content=\"1 minuto\" \/>\n<script type=\"application\/ld+json\" class=\"yoast-schema-graph\">{\"@context\":\"https:\/\/schema.org\",\"@graph\":[{\"@type\":\"WebPage\",\"@id\":\"https:\/\/trustwhite.com\/shop\/buy-cherry-pie-marijuana-strain-online\/\",\"url\":\"https:\/\/trustwhite.com\/shop\/buy-cherry-pie-marijuana-strain-online\/\",\"name\":\"Buy Cherry Pie Marijuana Strain Online - stonersmeds.com\",\"isPartOf\":{\"@id\":\"https:\/\/trustwhite.com\/el\/#website\"},\"primaryImageOfPage\":{\"@id\":\"https:\/\/trustwhite.com\/shop\/buy-cherry-pie-marijuana-strain-online\/#primaryimage\"},\"image\":{\"@id\":\"https:\/\/trustwhite.com\/shop\/buy-cherry-pie-marijuana-strain-online\/#primaryimage\"},\"thumbnailUrl\":\"https:\/\/trustwhite.com\/wp-content\/uploads\/2022\/03\/Buy-Cherry-Pie-Marijuana-Strain-Online.jpg\",\"datePublished\":\"2022-03-11T15:40:35+00:00\",\"breadcrumb\":{\"@id\":\"https:\/\/trustwhite.com\/shop\/buy-cherry-pie-marijuana-strain-online\/#breadcrumb\"},\"inLanguage\":\"es\",\"potentialAction\":[{\"@type\":\"ReadAction\",\"target\":[\"https:\/\/trustwhite.com\/shop\/buy-cherry-pie-marijuana-strain-online\/\"]}]},{\"@type\":\"ImageObject\",\"inLanguage\":\"es\",\"@id\":\"https:\/\/trustwhite.com\/shop\/buy-cherry-pie-marijuana-strain-online\/#primaryimage\",\"url\":\"https:\/\/trustwhite.com\/wp-content\/uploads\/2022\/03\/Buy-Cherry-Pie-Marijuana-Strain-Online.jpg\",\"contentUrl\":\"https:\/\/trustwhite.com\/wp-content\/uploads\/2022\/03\/Buy-Cherry-Pie-Marijuana-Strain-Online.jpg\",\"width\":600,\"height\":600},{\"@type\":\"BreadcrumbList\",\"@id\":\"https:\/\/trustwhite.com\/shop\/buy-cherry-pie-marijuana-strain-online\/#breadcrumb\",\"itemListElement\":[{\"@type\":\"ListItem\",\"position\":1,\"name\":\"Home\",\"item\":\"https:\/\/trustwhite.com\/el\/\"},{\"@type\":\"ListItem\",\"position\":2,\"name\":\"Shop\",\"item\":\"https:\/\/trustwhite.com\/el\/shop\/\"},{\"@type\":\"ListItem\",\"position\":3,\"name\":\"Buy Cherry Pie Marijuana Strain Online\"}]},{\"@type\":\"WebSite\",\"@id\":\"https:\/\/trustwhite.com\/el\/#website\",\"url\":\"https:\/\/trustwhite.com\/el\/\",\"name\":\"stonersmeds.com\",\"description\":\"verschreibungspflichtige Medizin kaufen\",\"potentialAction\":[{\"@type\":\"SearchAction\",\"target\":{\"@type\":\"EntryPoint\",\"urlTemplate\":\"https:\/\/trustwhite.com\/el\/?s={search_term_string}\"},\"query-input\":{\"@type\":\"PropertyValueSpecification\",\"valueRequired\":true,\"valueName\":\"search_term_string\"}}],\"inLanguage\":\"es\"}]}<\/script>\n<!-- \/ Yoast SEO plugin. -->","yoast_head_json":{"title":"Comprar variedad de marihuana Cherry Pie online - stonersmeds.com","robots":{"index":"index","follow":"follow","max-snippet":"max-snippet:-1","max-image-preview":"max-image-preview:large","max-video-preview":"max-video-preview:-1"},"canonical":"https:\/\/trustwhite.com\/es\/shop\/buy-cherry-pie-marijuana-strain-online\/","og_locale":"es_ES","og_type":"article","og_title":"Buy Cherry Pie Marijuana Strain Online - stonersmeds.com","og_description":"Buy Cherry Pie Marijuana Strain Online.\u00a0Buy Cherry Pie Marijuana Strain online. Hybrid \u2013 80% Indica \/ 20% Sativa THC: 16% \u2013 24%, CBD: 1% Buy Cherry Pie Marijuana Strain Online - buy Pie Marijuana , buy Cherry Pie Marijuana , buy Cherry Pie Marijuana Strain online, Where to Buy Cherry Pie Marijuana Strain , Cherry Pie Marijuana Strain for sale, Marijuana Strain for sale, buy Cherry Pie Marijuana Strain online, where to Buy Cherry Pie Marijuana Strain online, Cherry Pie Marijuana Strain for sale in usa , USA, canada,uk, buy, online, suppliers, safe delivery, You can still get Cherry Pie Marijuana Strain , Is Cherry Pie Marijuana Strain legal in usa, buy Cherry Pie Marijuana Strain online usa, how to order Cherry Pie Marijuana Strain, Is Cherry Pie Marijuana Strain legal in Canada","og_url":"https:\/\/trustwhite.com\/es\/shop\/buy-cherry-pie-marijuana-strain-online\/","og_site_name":"stonersmeds.com","og_image":[{"width":600,"height":600,"url":"https:\/\/trustwhite.com\/wp-content\/uploads\/2022\/03\/Buy-Cherry-Pie-Marijuana-Strain-Online.jpg","type":"image\/jpeg"}],"twitter_card":"summary_large_image","twitter_misc":{"Tiempo de lectura":"1 minuto"},"schema":{"@context":"https:\/\/schema.org","@graph":[{"@type":"WebPage","@id":"https:\/\/trustwhite.com\/shop\/buy-cherry-pie-marijuana-strain-online\/","url":"https:\/\/trustwhite.com\/shop\/buy-cherry-pie-marijuana-strain-online\/","name":"Comprar variedad de marihuana Cherry Pie online - stonersmeds.com","isPartOf":{"@id":"https:\/\/trustwhite.com\/el\/#website"},"primaryImageOfPage":{"@id":"https:\/\/trustwhite.com\/shop\/buy-cherry-pie-marijuana-strain-online\/#primaryimage"},"image":{"@id":"https:\/\/trustwhite.com\/shop\/buy-cherry-pie-marijuana-strain-online\/#primaryimage"},"thumbnailUrl":"https:\/\/trustwhite.com\/wp-content\/uploads\/2022\/03\/Buy-Cherry-Pie-Marijuana-Strain-Online.jpg","datePublished":"2022-03-11T15:40:35+00:00","breadcrumb":{"@id":"https:\/\/trustwhite.com\/shop\/buy-cherry-pie-marijuana-strain-online\/#breadcrumb"},"inLanguage":"es","potentialAction":[{"@type":"ReadAction","target":["https:\/\/trustwhite.com\/shop\/buy-cherry-pie-marijuana-strain-online\/"]}]},{"@type":"ImageObject","inLanguage":"es","@id":"https:\/\/trustwhite.com\/shop\/buy-cherry-pie-marijuana-strain-online\/#primaryimage","url":"https:\/\/trustwhite.com\/wp-content\/uploads\/2022\/03\/Buy-Cherry-Pie-Marijuana-Strain-Online.jpg","contentUrl":"https:\/\/trustwhite.com\/wp-content\/uploads\/2022\/03\/Buy-Cherry-Pie-Marijuana-Strain-Online.jpg","width":600,"height":600},{"@type":"BreadcrumbList","@id":"https:\/\/trustwhite.com\/shop\/buy-cherry-pie-marijuana-strain-online\/#breadcrumb","itemListElement":[{"@type":"ListItem","position":1,"name":"Home","item":"https:\/\/trustwhite.com\/el\/"},{"@type":"ListItem","position":2,"name":"Shop","item":"https:\/\/trustwhite.com\/el\/shop\/"},{"@type":"ListItem","position":3,"name":"Buy Cherry Pie Marijuana Strain Online"}]},{"@type":"WebSite","@id":"https:\/\/trustwhite.com\/el\/#website","url":"https:\/\/trustwhite.com\/el\/","name":"stonersmeds.com","description":"verschreibungspflichtige Medizin kaufen","potentialAction":[{"@type":"SearchAction","target":{"@type":"EntryPoint","urlTemplate":"https:\/\/trustwhite.com\/el\/?s={search_term_string}"},"query-input":{"@type":"PropertyValueSpecification","valueRequired":true,"valueName":"search_term_string"}}],"inLanguage":"es"}]}},"_links":{"self":[{"href":"https:\/\/trustwhite.com\/es\/wp-json\/wp\/v2\/product\/9347","targetHints":{"allow":["GET"]}}],"collection":[{"href":"https:\/\/trustwhite.com\/es\/wp-json\/wp\/v2\/product"}],"about":[{"href":"https:\/\/trustwhite.com\/es\/wp-json\/wp\/v2\/types\/product"}],"version-history":[{"count":0,"href":"https:\/\/trustwhite.com\/es\/wp-json\/wp\/v2\/product\/9347\/revisions"}],"wp:featuredmedia":[{"embeddable":true,"href":"https:\/\/trustwhite.com\/es\/wp-json\/wp\/v2\/media\/9369"}],"wp:attachment":[{"href":"https:\/\/trustwhite.com\/es\/wp-json\/wp\/v2\/media?parent=9347"}],"wp:term":[{"taxonomy":"product_brand","embeddable":true,"href":"https:\/\/trustwhite.com\/es\/wp-json\/wp\/v2\/product_brand?post=9347"},{"taxonomy":"product_cat","embeddable":true,"href":"https:\/\/trustwhite.com\/es\/wp-json\/wp\/v2\/product_cat?post=9347"},{"taxonomy":"product_tag","embeddable":true,"href":"https:\/\/trustwhite.com\/es\/wp-json\/wp\/v2\/product_tag?post=9347"}],"curies":[{"name":"wp","href":"https:\/\/api.w.org\/{rel}","templated":true}]}}