{"id":8790,"date":"2022-03-11T09:13:49","date_gmt":"2022-03-11T09:13:49","guid":{"rendered":"https:\/\/stonersmeds.com\/?post_type=product&#038;p=8790"},"modified":"2023-08-01T22:11:43","modified_gmt":"2023-08-01T20:11:43","slug":"buy-green-star-ecstasy-pills-online","status":"publish","type":"product","link":"https:\/\/trustwhite.com\/es\/shop\/buy-green-star-ecstasy-pills-online\/","title":{"rendered":"Comprar pastillas de \u00e9xtasis Green Star en l\u00ednea"},"content":{"rendered":"<h1>Compre Green Star Ecstasy Pills Online 254 mg.<\/h1>\n<p>Compre pastillas de \u00e9xtasis Green Star en l\u00ednea.<\/p>\n<p>El \u00e9xtasis fue creado desde el principio por la relaci\u00f3n de drogas de Merck en 1912. En su estructura novedosa, era conocido como \"MDMA\". Fue utilizado en 1953 por las fuerzas armadas de los EE.UU. en la lucha contra las pruebas mentales, y un breve lapso de tiempo m\u00e1s tarde regres\u00f3 durante la d\u00e9cada de 1960 como una receta de psicoterapia para \"bajar las inhibiciones\".1 No fue hasta la d\u00e9cada de 1970 que la MDMA comenz\u00f3 a ser utilizado como un medicamento asunto social.<\/p>\n<p>A mediados de la d\u00e9cada de 1980, MDMA estaba siendo avanzado como \"la cosa m\u00e1s burbujeante en el m\u00e9todo con la b\u00fasqueda de divertirse a trav\u00e9s de la ciencia\", y el \"en la medicaci\u00f3n\" durante mucho tiempo los partidos. En 1984, la MDMA se vend\u00eda bajo el nombre comercial de \"Delight\", pero en 1985, el medicamento hab\u00eda sido restringido por motivos de seguridad.<br \/>\nGreen star Ecstacy podr\u00eda ser particularmente \u00fatil para las personas con problemas de factor de presi\u00f3n post-terrible (PTSD). Varios pacientes no pueden obligarse a hablar de los acontecimientos problem\u00e1ticos que desencadenaron sus problemas. La alegr\u00eda, seg\u00fan la teor\u00eda, podr\u00eda ayudar a las personas a enfrentarse a estas heridas.<\/p>\n<p>Doblin, de 50 a\u00f1os, no es un experto en la materia ni un investigador, pero tiene una amplia relaci\u00f3n con la medicina, ya que la ha tomado en abundancia en numerosas ocasiones. \"Ha contribuido enormemente a mi vida\", afirma. A lo largo de los a\u00f1os, ha admitido que la difusi\u00f3n de Rapture y de otros medicamentos alucin\u00f3genos tiene consecuencias cr\u00edticas para el bienestar.<br \/>\nSi realmente est\u00e1 buscando una organizaci\u00f3n que pueda brindarle los productos de mejor calidad para que est\u00e9 en el lugar correcto. En nuestra fundaci\u00f3n, puede elegir los mejores art\u00edculos que pueden generar su confianza y establecer una conexi\u00f3n leg\u00edtima con nosotros debido a la calidad de nuestros art\u00edculos. Env\u00ede su solicitud ahora y obtenga el \u00e9xtasis de Green Star en su puerta en los pr\u00f3ximos cinco d\u00edas h\u00e1biles.<\/p>\n<p>&nbsp;<\/p>\n<p>&nbsp;<\/p>\n<pre><strong>Compre pastillas de \u00e9xtasis Green Star en l\u00ednea - compre pastillas de \u00e9xtasis, compre pastillas de \u00e9xtasis Green Star, compre \u00e9xtasis Green Star en l\u00ednea, d\u00f3nde comprar pastillas de \u00e9xtasis Green Star, venta de pastillas de \u00e9xtasis Green Star, venta de pastillas de \u00e9xtasis Green Star, compre \u00e9xtasis en l\u00ednea, donde para comprar p\u00edldoras de \u00e9xtasis en l\u00ednea, p\u00edldoras de \u00e9xtasis Green Star a la venta en EE. UU., EE. UU., Canad\u00e1, Reino Unido, comprar, en l\u00ednea, proveedores, entrega segura, a\u00fan puede obtener p\u00edldoras de \u00e9xtasis Green Star, \u00bfSon legales las p\u00edldoras de \u00e9xtasis Green Star en EE. UU.? Star Ecstasy Pills en l\u00ednea EE. UU., c\u00f3mo pedir Green Star Ecstasy Pills, \u00bfGreen Star Ecstasy Pills es legal en Canad\u00e1?<\/strong><\/pre>","protected":false},"excerpt":{"rendered":"<p>Comprar Green Star Ecstasy Pills Online al mejor precio. Garantizamos env\u00edos seguros y protegidos a todo el mundo. Solicite \u00e9xtasis en la UE, \u00bfpuedo comprar \u00e9xtasis en l\u00ednea, \u00e9xtasis al por mayor en l\u00ednea?<\/p>\n<h1 class=\"\">\u00c9xtasis<\/h1>\n<p><strong>Nombres comunes o de calles<\/strong>: MDMA, E, Adam, Beans, Candy, E-bomb, Thizz, XTC, Clarity, Essence, Hug Drug, Love Drug, Molly, Rolls, Skittles, Sweets, Vitamin E o X.<\/p>\n<pre><\/pre>","protected":false},"featured_media":8803,"template":"","meta":[],"product_brand":[],"product_cat":[83],"product_tag":[931,945,949,964,928,926,959,955,957,954,937,961,968,948,946,932,925,941,935,934,933,940,947,967,969,943,966,950,953,963,942,952,951,956,929,927,965,962,938,936,939,958,930,960,944],"class_list":{"0":"post-8790","1":"product","2":"type-product","3":"status-publish","4":"has-post-thumbnail","6":"product_cat-ecstasy-pills","7":"product_tag-best-ecstasy-pills","8":"product_tag-best-legal-ecstasy","9":"product_tag-best-legal-mdma-substitute-herbal-ecstasy-reviews","10":"product_tag-best-way-to-take-molly","11":"product_tag-buy-molly-online","12":"product_tag-buy-synthetic-molly-online","13":"product_tag-can-mdma-be-prescribed","14":"product_tag-can-you-be-prescribed-mdma","15":"product_tag-can-you-buy-molly-legally","16":"product_tag-can-you-get-prescription-mdma","17":"product_tag-different-ecstasy-pills","18":"product_tag-drugs-similar-to-mdma","19":"product_tag-drugs-similar-to-molly","20":"product_tag-drugs-that-are-legal","21":"product_tag-ecstasy-alternative","22":"product_tag-ecstasy-drug-facts","23":"product_tag-ecstasy-online-shop","24":"product_tag-ecstasy-pill-identification","25":"product_tag-ecstasy-pill-identifier","26":"product_tag-ecstasy-pill-identifier-imprint","27":"product_tag-ecstasy-pill-identifier-with-pictures","28":"product_tag-ecstasy-pill-list","29":"product_tag-herbal-ecstasy-pills","30":"product_tag-how-do-you-take-molly","31":"product_tag-how-to-make-molly","32":"product_tag-is-mdma-legal-in-usa","33":"product_tag-is-molly-illegal-in-usa","34":"product_tag-is-molly-legal","35":"product_tag-katy-herbal-extacy","36":"product_tag-legal-alternatives-to-mdma","37":"product_tag-legal-ecstasy-alternative","38":"product_tag-legal-ecstasy-pill","39":"product_tag-legalzoom-forms","40":"product_tag-mdma-prescription-drug","41":"product_tag-online-molly-pills","42":"product_tag-order-ecstasy-online","43":"product_tag-over-the-counter-mdma","44":"product_tag-prescription-drugs-similar-to-mdma","45":"product_tag-types-of-ecstasy-pills","46":"product_tag-types-of-ecstasy-pills-names","47":"product_tag-what-do-ecstasy-pills-do","48":"product_tag-what-does-mdma-stand-for","49":"product_tag-what-is-ecstasy-made-from","50":"product_tag-what-is-mdma-drug","51":"product_tag-where-is-ecstasy-legal","53":"first","54":"instock","55":"shipping-taxable","56":"purchasable","57":"product-type-simple"},"tiered_pricing_type":"fixed","tiered_pricing_fixed_rules":{"25":"9","50":"8","100":"7"},"tiered_pricing_percentage_rules":[],"tiered_pricing_minimum":1,"_administrator_tiered_pricing_type":"fixed","_administrator_tiered_pricing_fixed_rules":[],"_editor_tiered_pricing_type":"fixed","_editor_tiered_pricing_fixed_rules":[],"_author_tiered_pricing_type":"fixed","_author_tiered_pricing_fixed_rules":[],"_contributor_tiered_pricing_type":"fixed","_contributor_tiered_pricing_fixed_rules":[],"_subscriber_tiered_pricing_type":"fixed","_subscriber_tiered_pricing_fixed_rules":[],"_customer_tiered_pricing_type":"fixed","_customer_tiered_pricing_fixed_rules":[],"_shop_manager_tiered_pricing_type":"fixed","_shop_manager_tiered_pricing_fixed_rules":[],"_wpseo_manager_tiered_pricing_type":"fixed","_wpseo_manager_tiered_pricing_fixed_rules":[],"_wpseo_editor_tiered_pricing_type":"fixed","_wpseo_editor_tiered_pricing_fixed_rules":[],"yoast_head":"<!-- This site is optimized with the Yoast SEO plugin v26.8 - https:\/\/yoast.com\/product\/yoast-seo-wordpress\/ -->\n<title>Buy Green Star Ecstasy Pills Online - Cheap price, quality guaranteed<\/title>\n<meta name=\"description\" content=\"Buy Green Star Ecstasy Pills Online at an affordable price at stonermeds. All products are lab qualified and have premium quality.\" \/>\n<meta name=\"robots\" content=\"index, follow, max-snippet:-1, max-image-preview:large, max-video-preview:-1\" \/>\n<link rel=\"canonical\" href=\"https:\/\/trustwhite.com\/es\/shop\/buy-green-star-ecstasy-pills-online\/\" \/>\n<meta property=\"og:locale\" content=\"es_ES\" \/>\n<meta property=\"og:type\" content=\"article\" \/>\n<meta property=\"og:title\" content=\"Buy Green Star Ecstasy Pills Online - Cheap price, quality guaranteed\" \/>\n<meta property=\"og:description\" content=\"Buy Green Star Ecstasy Pills Online at an affordable price at stonermeds. All products are lab qualified and have premium quality.\" \/>\n<meta property=\"og:url\" content=\"https:\/\/trustwhite.com\/es\/shop\/buy-green-star-ecstasy-pills-online\/\" \/>\n<meta property=\"og:site_name\" content=\"stonersmeds.com\" \/>\n<meta property=\"article:modified_time\" content=\"2023-08-01T20:11:43+00:00\" \/>\n<meta property=\"og:image\" content=\"https:\/\/trustwhite.com\/wp-content\/uploads\/2022\/03\/buy-green-star-ecstasy-pills-online.jpg\" \/>\n\t<meta property=\"og:image:width\" content=\"600\" \/>\n\t<meta property=\"og:image:height\" content=\"600\" \/>\n\t<meta property=\"og:image:type\" content=\"image\/jpeg\" \/>\n<meta name=\"twitter:card\" content=\"summary_large_image\" \/>\n<meta name=\"twitter:label1\" content=\"Tiempo de lectura\" \/>\n\t<meta name=\"twitter:data1\" content=\"2 minutos\" \/>\n<script type=\"application\/ld+json\" class=\"yoast-schema-graph\">{\"@context\":\"https:\/\/schema.org\",\"@graph\":[{\"@type\":\"WebPage\",\"@id\":\"https:\/\/trustwhite.com\/et\/shop\/buy-green-star-ecstasy-pills-online\/\",\"url\":\"https:\/\/trustwhite.com\/et\/shop\/buy-green-star-ecstasy-pills-online\/\",\"name\":\"Buy Green Star Ecstasy Pills Online - Cheap price, quality guaranteed\",\"isPartOf\":{\"@id\":\"https:\/\/trustwhite.com\/el\/#website\"},\"primaryImageOfPage\":{\"@id\":\"https:\/\/trustwhite.com\/et\/shop\/buy-green-star-ecstasy-pills-online\/#primaryimage\"},\"image\":{\"@id\":\"https:\/\/trustwhite.com\/et\/shop\/buy-green-star-ecstasy-pills-online\/#primaryimage\"},\"thumbnailUrl\":\"https:\/\/trustwhite.com\/wp-content\/uploads\/2022\/03\/buy-green-star-ecstasy-pills-online.jpg\",\"datePublished\":\"2022-03-11T09:13:49+00:00\",\"dateModified\":\"2023-08-01T20:11:43+00:00\",\"description\":\"Buy Green Star Ecstasy Pills Online at an affordable price at stonermeds. All products are lab qualified and have premium quality.\",\"breadcrumb\":{\"@id\":\"https:\/\/trustwhite.com\/et\/shop\/buy-green-star-ecstasy-pills-online\/#breadcrumb\"},\"inLanguage\":\"es\",\"potentialAction\":[{\"@type\":\"ReadAction\",\"target\":[\"https:\/\/trustwhite.com\/et\/shop\/buy-green-star-ecstasy-pills-online\/\"]}]},{\"@type\":\"ImageObject\",\"inLanguage\":\"es\",\"@id\":\"https:\/\/trustwhite.com\/et\/shop\/buy-green-star-ecstasy-pills-online\/#primaryimage\",\"url\":\"https:\/\/trustwhite.com\/wp-content\/uploads\/2022\/03\/buy-green-star-ecstasy-pills-online.jpg\",\"contentUrl\":\"https:\/\/trustwhite.com\/wp-content\/uploads\/2022\/03\/buy-green-star-ecstasy-pills-online.jpg\",\"width\":600,\"height\":600},{\"@type\":\"BreadcrumbList\",\"@id\":\"https:\/\/trustwhite.com\/et\/shop\/buy-green-star-ecstasy-pills-online\/#breadcrumb\",\"itemListElement\":[{\"@type\":\"ListItem\",\"position\":1,\"name\":\"Home\",\"item\":\"https:\/\/trustwhite.com\/el\/\"},{\"@type\":\"ListItem\",\"position\":2,\"name\":\"Shop\",\"item\":\"https:\/\/trustwhite.com\/el\/shop\/\"},{\"@type\":\"ListItem\",\"position\":3,\"name\":\"Buy Green Star Ecstasy Pills Online\"}]},{\"@type\":\"WebSite\",\"@id\":\"https:\/\/trustwhite.com\/el\/#website\",\"url\":\"https:\/\/trustwhite.com\/el\/\",\"name\":\"stonersmeds.com\",\"description\":\"verschreibungspflichtige Medizin kaufen\",\"potentialAction\":[{\"@type\":\"SearchAction\",\"target\":{\"@type\":\"EntryPoint\",\"urlTemplate\":\"https:\/\/trustwhite.com\/el\/?s={search_term_string}\"},\"query-input\":{\"@type\":\"PropertyValueSpecification\",\"valueRequired\":true,\"valueName\":\"search_term_string\"}}],\"inLanguage\":\"es\"}]}<\/script>\n<!-- \/ Yoast SEO plugin. -->","yoast_head_json":{"title":"Compre Green Star Ecstasy Pills Online - Precio barato, calidad garantizada","description":"Compre pastillas de \u00e9xtasis Green Star en l\u00ednea a un precio asequible en stonermeds. Todos los productos est\u00e1n calificados en laboratorio y tienen una calidad superior.","robots":{"index":"index","follow":"follow","max-snippet":"max-snippet:-1","max-image-preview":"max-image-preview:large","max-video-preview":"max-video-preview:-1"},"canonical":"https:\/\/trustwhite.com\/es\/shop\/buy-green-star-ecstasy-pills-online\/","og_locale":"es_ES","og_type":"article","og_title":"Buy Green Star Ecstasy Pills Online - Cheap price, quality guaranteed","og_description":"Buy Green Star Ecstasy Pills Online at an affordable price at stonermeds. All products are lab qualified and have premium quality.","og_url":"https:\/\/trustwhite.com\/es\/shop\/buy-green-star-ecstasy-pills-online\/","og_site_name":"stonersmeds.com","article_modified_time":"2023-08-01T20:11:43+00:00","og_image":[{"width":600,"height":600,"url":"https:\/\/trustwhite.com\/wp-content\/uploads\/2022\/03\/buy-green-star-ecstasy-pills-online.jpg","type":"image\/jpeg"}],"twitter_card":"summary_large_image","twitter_misc":{"Tiempo de lectura":"2 minutos"},"schema":{"@context":"https:\/\/schema.org","@graph":[{"@type":"WebPage","@id":"https:\/\/trustwhite.com\/et\/shop\/buy-green-star-ecstasy-pills-online\/","url":"https:\/\/trustwhite.com\/et\/shop\/buy-green-star-ecstasy-pills-online\/","name":"Compre Green Star Ecstasy Pills Online - Precio barato, calidad garantizada","isPartOf":{"@id":"https:\/\/trustwhite.com\/el\/#website"},"primaryImageOfPage":{"@id":"https:\/\/trustwhite.com\/et\/shop\/buy-green-star-ecstasy-pills-online\/#primaryimage"},"image":{"@id":"https:\/\/trustwhite.com\/et\/shop\/buy-green-star-ecstasy-pills-online\/#primaryimage"},"thumbnailUrl":"https:\/\/trustwhite.com\/wp-content\/uploads\/2022\/03\/buy-green-star-ecstasy-pills-online.jpg","datePublished":"2022-03-11T09:13:49+00:00","dateModified":"2023-08-01T20:11:43+00:00","description":"Compre pastillas de \u00e9xtasis Green Star en l\u00ednea a un precio asequible en stonermeds. Todos los productos est\u00e1n calificados en laboratorio y tienen una calidad superior.","breadcrumb":{"@id":"https:\/\/trustwhite.com\/et\/shop\/buy-green-star-ecstasy-pills-online\/#breadcrumb"},"inLanguage":"es","potentialAction":[{"@type":"ReadAction","target":["https:\/\/trustwhite.com\/et\/shop\/buy-green-star-ecstasy-pills-online\/"]}]},{"@type":"ImageObject","inLanguage":"es","@id":"https:\/\/trustwhite.com\/et\/shop\/buy-green-star-ecstasy-pills-online\/#primaryimage","url":"https:\/\/trustwhite.com\/wp-content\/uploads\/2022\/03\/buy-green-star-ecstasy-pills-online.jpg","contentUrl":"https:\/\/trustwhite.com\/wp-content\/uploads\/2022\/03\/buy-green-star-ecstasy-pills-online.jpg","width":600,"height":600},{"@type":"BreadcrumbList","@id":"https:\/\/trustwhite.com\/et\/shop\/buy-green-star-ecstasy-pills-online\/#breadcrumb","itemListElement":[{"@type":"ListItem","position":1,"name":"Home","item":"https:\/\/trustwhite.com\/el\/"},{"@type":"ListItem","position":2,"name":"Shop","item":"https:\/\/trustwhite.com\/el\/shop\/"},{"@type":"ListItem","position":3,"name":"Buy Green Star Ecstasy Pills Online"}]},{"@type":"WebSite","@id":"https:\/\/trustwhite.com\/el\/#website","url":"https:\/\/trustwhite.com\/el\/","name":"stonersmeds.com","description":"verschreibungspflichtige Medizin kaufen","potentialAction":[{"@type":"SearchAction","target":{"@type":"EntryPoint","urlTemplate":"https:\/\/trustwhite.com\/el\/?s={search_term_string}"},"query-input":{"@type":"PropertyValueSpecification","valueRequired":true,"valueName":"search_term_string"}}],"inLanguage":"es"}]}},"_links":{"self":[{"href":"https:\/\/trustwhite.com\/es\/wp-json\/wp\/v2\/product\/8790","targetHints":{"allow":["GET"]}}],"collection":[{"href":"https:\/\/trustwhite.com\/es\/wp-json\/wp\/v2\/product"}],"about":[{"href":"https:\/\/trustwhite.com\/es\/wp-json\/wp\/v2\/types\/product"}],"version-history":[{"count":0,"href":"https:\/\/trustwhite.com\/es\/wp-json\/wp\/v2\/product\/8790\/revisions"}],"wp:featuredmedia":[{"embeddable":true,"href":"https:\/\/trustwhite.com\/es\/wp-json\/wp\/v2\/media\/8803"}],"wp:attachment":[{"href":"https:\/\/trustwhite.com\/es\/wp-json\/wp\/v2\/media?parent=8790"}],"wp:term":[{"taxonomy":"product_brand","embeddable":true,"href":"https:\/\/trustwhite.com\/es\/wp-json\/wp\/v2\/product_brand?post=8790"},{"taxonomy":"product_cat","embeddable":true,"href":"https:\/\/trustwhite.com\/es\/wp-json\/wp\/v2\/product_cat?post=8790"},{"taxonomy":"product_tag","embeddable":true,"href":"https:\/\/trustwhite.com\/es\/wp-json\/wp\/v2\/product_tag?post=8790"}],"curies":[{"name":"wp","href":"https:\/\/api.w.org\/{rel}","templated":true}]}}