{"id":10046,"date":"2022-03-12T04:54:28","date_gmt":"2022-03-12T04:54:28","guid":{"rendered":"https:\/\/stonersmeds.com\/?post_type=product&#038;p=10046"},"modified":"2022-12-21T21:44:36","modified_gmt":"2022-12-21T19:44:36","slug":"buy-ultram-tramadol-200mg-pills-online","status":"publish","type":"product","link":"https:\/\/trustwhite.com\/es\/shop\/buy-ultram-tramadol-200mg-pills-online\/","title":{"rendered":"Compre Ultram Tramadol 200mg pastillas en l\u00ednea"},"content":{"rendered":"<p><strong>Compre Tramadol en l\u00ednea de 200 mg (Ultram Tramadol de 200 mg en l\u00ednea)<\/strong><\/p>\n<p>Puede comprar tramadol en l\u00ednea de 200 mg con nosotros. Tramadol est\u00e1 disponible en dos formas: liberaci\u00f3n sostenida y liberaci\u00f3n inmediata. La forma de liberaci\u00f3n r\u00e1pida brinda alivio inmediato del dolor, mientras que la forma de liberaci\u00f3n prolongada se usa para controlar la recuperaci\u00f3n con el tiempo.<\/p>\n<p>Los medicamentos de liberaci\u00f3n inmediata no deben tomarse \u201ccuando sea necesario\u201d, sino solo si los s\u00edntomas persisten durante m\u00e1s de una semana. Si quieres saber c\u00f3mo mejorar tu calidad de vida, compra <a href=\"https:\/\/www.webmd.com\/drugs\/2\/drug-4398-5239\/tramadol-oral\/tramadol-oral\/details\">tramadol<\/a> en l\u00ednea para el alivio de enfermedades. comprar tramadol en linea 200mg, <a href=\"https:\/\/stonersmeds.com\/product-category\/pain-sleeping-sex-pills\/\">comprar pastillas para dormir<\/a><\/p>\n<p>&nbsp;<\/p>\n<p>tramadol, tramadol 50 mg, tramadol 50 mg, tramadol 50 mg, tramadol 50 mg, tramadol 50 mg, tramadol 50 mg, tramadol 50 mg, tramadol 50 mg, tramadol 50 mg, tramadol 50 mg, tramadol 50 mg, tramadol 50 mg, tramadol 50 mg, tramadol 50 mg, tramadol 50 mg, tramadol 50 mg, tramadol 50 mg, tramadol 50 mg, tramadol 50 mg, tramadol 50 mg, tramadol 50 mg, tramadol 50 mg, tramadol 50 mg, tramadol 50 mg, tramadol 50 mg, tramadol 50 mg, tramadol 50 mg, tramadol 50 mg, tramadol 50 mg, tramadol comprimidos 50mg comprar, tramadol 50 mg comprimidos uk, tramadol comprimidos comprar online, que potencia tiene tramadol 50mg, tramadol 50 mg venta, pil tramadol 50mg c\u00e1psulas, tramadol 100mg venta, tramadol c\u00e1psulas venta uk, tramadol comprimidos 50mg comprar, tramadol comprimidos a la venta uk, tramadol capsulas a la venta uk, tramadol 50 mg comprimidos uk, tramadol uk online, tramadol uk a la venta, tramadol uk comprar, tramadol 50 mg a la venta, que tan fuerte es tramadol 50mg, tramadol 50 mg a la venta,<\/p>\n<pre><strong>Compre Ultram Tramadol 200mg pastillas en l\u00ednea - compre Ultram Tramadol, compre Ultram Tramadol pastillas de 200mg, compre Ultram Tramadol en l\u00ednea, D\u00f3nde comprar Ultram Tramadol pastillas de 200mg, Ultram Tramadol pastillas de 200mg a la venta, Ultram Tramadol pastillas a la venta, compre Tramadol 200mg pastillas en l\u00ednea, donde para comprar Ultram Tramadol 200 mg pastillas en l\u00ednea, Ultram Tramadol 200 mg pastillas a la venta en EE. UU., EE. UU., Canad\u00e1, Reino Unido, comprar, en l\u00ednea, proveedores, entrega segura, Todav\u00eda puede obtener Ultram Tramadol 200 mg pastillas, \u00bfEs Ultram Tramadol 200 mg pastillas en EE. UU., comprar Ultram Tramadol 200 mg pastillas en l\u00ednea EE. UU., c\u00f3mo pedir Ultram Tramadol 200 mg pastillas, \u00bfSon legales Ultram Tramadol 200 mg pastillas en Canad\u00e1?<\/strong><\/pre>","protected":false},"excerpt":{"rendered":"<p>Compra Tramadol online en nuestra farmacia online y tu medicamento llegar\u00e1 en el tiempo indicado, porque adem\u00e1s nuestro servicio es r\u00e1pido, fiable y econ\u00f3mico.<\/p>\n<pre><\/pre>","protected":false},"featured_media":10049,"template":"","meta":[],"product_brand":[],"product_cat":[769,77,771,770],"product_tag":[1026,1020,1024,1034,1035,1033,1031,1029,1023,1018,1019,1038,1030,1021,1032,1036,1022,1028,1027,1037,1025],"class_list":{"0":"post-10046","1":"product","2":"type-product","3":"status-publish","4":"has-post-thumbnail","6":"product_cat-pain-pills","7":"product_cat-pain-sleeping-sex-pills","8":"product_cat-sex-pills","9":"product_cat-sleeping-pills","10":"product_tag-how-strong-is-tramadol-50mg","11":"product_tag-medications-without-a-doctors-prescription","12":"product_tag-pain-medication-without-doctor-prescription","13":"product_tag-pil-tramadol-50mg-capsules","14":"product_tag-tramadol-100mg-for-sale","15":"product_tag-tramadol-50-mg-for-sale","16":"product_tag-tramadol-50-mg-tablets-uk","17":"product_tag-tramadol-capsules-for-sale-uk","18":"product_tag-tramadol-chemist-warehouse","19":"product_tag-tramadol-no-prior-prescription-overnight","20":"product_tag-tramadol-pain-meds-online-usa","21":"product_tag-tramadol-painkillers-for-sale","22":"product_tag-tramadol-tablets-50mg-to-buy","23":"product_tag-tramadol-tablets-buy-online","24":"product_tag-tramadol-tablets-for-sale","25":"product_tag-tramadol-tablets-for-sale-uk","26":"product_tag-tramadol-to-buy-uk","27":"product_tag-tramadol-uk-for-sale","28":"product_tag-tramadol-uk-online","29":"product_tag-tramadol-uk-to-buy","30":"product_tag-tramadol-us-to-us-shipping","32":"first","33":"instock","34":"shipping-taxable","35":"purchasable","36":"product-type-variable"},"tiered_pricing_type":"fixed","tiered_pricing_fixed_rules":[],"tiered_pricing_percentage_rules":[],"tiered_pricing_minimum":1,"_administrator_tiered_pricing_type":"fixed","_administrator_tiered_pricing_fixed_rules":[],"_editor_tiered_pricing_type":"fixed","_editor_tiered_pricing_fixed_rules":[],"_author_tiered_pricing_type":"fixed","_author_tiered_pricing_fixed_rules":[],"_contributor_tiered_pricing_type":"fixed","_contributor_tiered_pricing_fixed_rules":[],"_subscriber_tiered_pricing_type":"fixed","_subscriber_tiered_pricing_fixed_rules":[],"_customer_tiered_pricing_type":"fixed","_customer_tiered_pricing_fixed_rules":[],"_shop_manager_tiered_pricing_type":"fixed","_shop_manager_tiered_pricing_fixed_rules":[],"_wpseo_manager_tiered_pricing_type":"fixed","_wpseo_manager_tiered_pricing_fixed_rules":[],"_wpseo_editor_tiered_pricing_type":"fixed","_wpseo_editor_tiered_pricing_fixed_rules":[],"yoast_head":"<!-- This site is optimized with the Yoast SEO plugin v26.8 - https:\/\/yoast.com\/product\/yoast-seo-wordpress\/ -->\n<title>Buy Ultram Tramadol 200mg pills online - stonersmeds.com<\/title>\n<meta name=\"description\" content=\"Buy Tramadol online 200mg the best safe pain reliever, check our price online. Order Ultram without a prescription. Fast delivery\" \/>\n<meta name=\"robots\" content=\"index, follow, max-snippet:-1, max-image-preview:large, max-video-preview:-1\" \/>\n<link rel=\"canonical\" href=\"https:\/\/trustwhite.com\/es\/shop\/buy-ultram-tramadol-200mg-pills-online\/\" \/>\n<meta property=\"og:locale\" content=\"es_ES\" \/>\n<meta property=\"og:type\" content=\"article\" \/>\n<meta property=\"og:title\" content=\"Buy Ultram Tramadol 200mg pills online - stonersmeds.com\" \/>\n<meta property=\"og:description\" content=\"Buy Tramadol online 200mg the best safe pain reliever, check our price online. Order Ultram without a prescription. Fast delivery\" \/>\n<meta property=\"og:url\" content=\"https:\/\/trustwhite.com\/es\/shop\/buy-ultram-tramadol-200mg-pills-online\/\" \/>\n<meta property=\"og:site_name\" content=\"stonersmeds.com\" \/>\n<meta property=\"article:modified_time\" content=\"2022-12-21T19:44:36+00:00\" \/>\n<meta property=\"og:image\" content=\"https:\/\/trustwhite.com\/wp-content\/uploads\/2022\/03\/buy-ultram-tramadol-200mg-pills-online.jpg\" \/>\n\t<meta property=\"og:image:width\" content=\"600\" \/>\n\t<meta property=\"og:image:height\" content=\"600\" \/>\n\t<meta property=\"og:image:type\" content=\"image\/jpeg\" \/>\n<meta name=\"twitter:card\" content=\"summary_large_image\" \/>\n<meta name=\"twitter:label1\" content=\"Tiempo de lectura\" \/>\n\t<meta name=\"twitter:data1\" content=\"2 minutos\" \/>\n<script type=\"application\/ld+json\" class=\"yoast-schema-graph\">{\"@context\":\"https:\/\/schema.org\",\"@graph\":[{\"@type\":\"WebPage\",\"@id\":\"https:\/\/trustwhite.com\/shop\/buy-ultram-tramadol-200mg-pills-online\/\",\"url\":\"https:\/\/trustwhite.com\/shop\/buy-ultram-tramadol-200mg-pills-online\/\",\"name\":\"Buy Ultram Tramadol 200mg pills online - stonersmeds.com\",\"isPartOf\":{\"@id\":\"https:\/\/trustwhite.com\/el\/#website\"},\"primaryImageOfPage\":{\"@id\":\"https:\/\/trustwhite.com\/shop\/buy-ultram-tramadol-200mg-pills-online\/#primaryimage\"},\"image\":{\"@id\":\"https:\/\/trustwhite.com\/shop\/buy-ultram-tramadol-200mg-pills-online\/#primaryimage\"},\"thumbnailUrl\":\"https:\/\/trustwhite.com\/wp-content\/uploads\/2022\/03\/buy-ultram-tramadol-200mg-pills-online.jpg\",\"datePublished\":\"2022-03-12T04:54:28+00:00\",\"dateModified\":\"2022-12-21T19:44:36+00:00\",\"description\":\"Buy Tramadol online 200mg the best safe pain reliever, check our price online. Order Ultram without a prescription. Fast delivery\",\"breadcrumb\":{\"@id\":\"https:\/\/trustwhite.com\/shop\/buy-ultram-tramadol-200mg-pills-online\/#breadcrumb\"},\"inLanguage\":\"es\",\"potentialAction\":[{\"@type\":\"ReadAction\",\"target\":[\"https:\/\/trustwhite.com\/shop\/buy-ultram-tramadol-200mg-pills-online\/\"]}]},{\"@type\":\"ImageObject\",\"inLanguage\":\"es\",\"@id\":\"https:\/\/trustwhite.com\/shop\/buy-ultram-tramadol-200mg-pills-online\/#primaryimage\",\"url\":\"https:\/\/trustwhite.com\/wp-content\/uploads\/2022\/03\/buy-ultram-tramadol-200mg-pills-online.jpg\",\"contentUrl\":\"https:\/\/trustwhite.com\/wp-content\/uploads\/2022\/03\/buy-ultram-tramadol-200mg-pills-online.jpg\",\"width\":600,\"height\":600},{\"@type\":\"BreadcrumbList\",\"@id\":\"https:\/\/trustwhite.com\/shop\/buy-ultram-tramadol-200mg-pills-online\/#breadcrumb\",\"itemListElement\":[{\"@type\":\"ListItem\",\"position\":1,\"name\":\"Home\",\"item\":\"https:\/\/trustwhite.com\/el\/\"},{\"@type\":\"ListItem\",\"position\":2,\"name\":\"Shop\",\"item\":\"https:\/\/trustwhite.com\/el\/shop\/\"},{\"@type\":\"ListItem\",\"position\":3,\"name\":\"Buy Ultram Tramadol 200mg pills online\"}]},{\"@type\":\"WebSite\",\"@id\":\"https:\/\/trustwhite.com\/el\/#website\",\"url\":\"https:\/\/trustwhite.com\/el\/\",\"name\":\"stonersmeds.com\",\"description\":\"verschreibungspflichtige Medizin kaufen\",\"potentialAction\":[{\"@type\":\"SearchAction\",\"target\":{\"@type\":\"EntryPoint\",\"urlTemplate\":\"https:\/\/trustwhite.com\/el\/?s={search_term_string}\"},\"query-input\":{\"@type\":\"PropertyValueSpecification\",\"valueRequired\":true,\"valueName\":\"search_term_string\"}}],\"inLanguage\":\"es\"}]}<\/script>\n<!-- \/ Yoast SEO plugin. -->","yoast_head_json":{"title":"Comprar Ultram Tramadol 200 mg pastillas en l\u00ednea - stonersmeds.com","description":"Compra Tramadol online 200mg el mejor analg\u00e9sico seguro, consulta nuestro precio online. Ordene Ultram sin receta. Entrega r\u00e1pida","robots":{"index":"index","follow":"follow","max-snippet":"max-snippet:-1","max-image-preview":"max-image-preview:large","max-video-preview":"max-video-preview:-1"},"canonical":"https:\/\/trustwhite.com\/es\/shop\/buy-ultram-tramadol-200mg-pills-online\/","og_locale":"es_ES","og_type":"article","og_title":"Buy Ultram Tramadol 200mg pills online - stonersmeds.com","og_description":"Buy Tramadol online 200mg the best safe pain reliever, check our price online. Order Ultram without a prescription. Fast delivery","og_url":"https:\/\/trustwhite.com\/es\/shop\/buy-ultram-tramadol-200mg-pills-online\/","og_site_name":"stonersmeds.com","article_modified_time":"2022-12-21T19:44:36+00:00","og_image":[{"width":600,"height":600,"url":"https:\/\/trustwhite.com\/wp-content\/uploads\/2022\/03\/buy-ultram-tramadol-200mg-pills-online.jpg","type":"image\/jpeg"}],"twitter_card":"summary_large_image","twitter_misc":{"Tiempo de lectura":"2 minutos"},"schema":{"@context":"https:\/\/schema.org","@graph":[{"@type":"WebPage","@id":"https:\/\/trustwhite.com\/shop\/buy-ultram-tramadol-200mg-pills-online\/","url":"https:\/\/trustwhite.com\/shop\/buy-ultram-tramadol-200mg-pills-online\/","name":"Comprar Ultram Tramadol 200 mg pastillas en l\u00ednea - stonersmeds.com","isPartOf":{"@id":"https:\/\/trustwhite.com\/el\/#website"},"primaryImageOfPage":{"@id":"https:\/\/trustwhite.com\/shop\/buy-ultram-tramadol-200mg-pills-online\/#primaryimage"},"image":{"@id":"https:\/\/trustwhite.com\/shop\/buy-ultram-tramadol-200mg-pills-online\/#primaryimage"},"thumbnailUrl":"https:\/\/trustwhite.com\/wp-content\/uploads\/2022\/03\/buy-ultram-tramadol-200mg-pills-online.jpg","datePublished":"2022-03-12T04:54:28+00:00","dateModified":"2022-12-21T19:44:36+00:00","description":"Compra Tramadol online 200mg el mejor analg\u00e9sico seguro, consulta nuestro precio online. Ordene Ultram sin receta. Entrega r\u00e1pida","breadcrumb":{"@id":"https:\/\/trustwhite.com\/shop\/buy-ultram-tramadol-200mg-pills-online\/#breadcrumb"},"inLanguage":"es","potentialAction":[{"@type":"ReadAction","target":["https:\/\/trustwhite.com\/shop\/buy-ultram-tramadol-200mg-pills-online\/"]}]},{"@type":"ImageObject","inLanguage":"es","@id":"https:\/\/trustwhite.com\/shop\/buy-ultram-tramadol-200mg-pills-online\/#primaryimage","url":"https:\/\/trustwhite.com\/wp-content\/uploads\/2022\/03\/buy-ultram-tramadol-200mg-pills-online.jpg","contentUrl":"https:\/\/trustwhite.com\/wp-content\/uploads\/2022\/03\/buy-ultram-tramadol-200mg-pills-online.jpg","width":600,"height":600},{"@type":"BreadcrumbList","@id":"https:\/\/trustwhite.com\/shop\/buy-ultram-tramadol-200mg-pills-online\/#breadcrumb","itemListElement":[{"@type":"ListItem","position":1,"name":"Home","item":"https:\/\/trustwhite.com\/el\/"},{"@type":"ListItem","position":2,"name":"Shop","item":"https:\/\/trustwhite.com\/el\/shop\/"},{"@type":"ListItem","position":3,"name":"Buy Ultram Tramadol 200mg pills online"}]},{"@type":"WebSite","@id":"https:\/\/trustwhite.com\/el\/#website","url":"https:\/\/trustwhite.com\/el\/","name":"stonersmeds.com","description":"verschreibungspflichtige Medizin kaufen","potentialAction":[{"@type":"SearchAction","target":{"@type":"EntryPoint","urlTemplate":"https:\/\/trustwhite.com\/el\/?s={search_term_string}"},"query-input":{"@type":"PropertyValueSpecification","valueRequired":true,"valueName":"search_term_string"}}],"inLanguage":"es"}]}},"_links":{"self":[{"href":"https:\/\/trustwhite.com\/es\/wp-json\/wp\/v2\/product\/10046","targetHints":{"allow":["GET"]}}],"collection":[{"href":"https:\/\/trustwhite.com\/es\/wp-json\/wp\/v2\/product"}],"about":[{"href":"https:\/\/trustwhite.com\/es\/wp-json\/wp\/v2\/types\/product"}],"version-history":[{"count":0,"href":"https:\/\/trustwhite.com\/es\/wp-json\/wp\/v2\/product\/10046\/revisions"}],"wp:featuredmedia":[{"embeddable":true,"href":"https:\/\/trustwhite.com\/es\/wp-json\/wp\/v2\/media\/10049"}],"wp:attachment":[{"href":"https:\/\/trustwhite.com\/es\/wp-json\/wp\/v2\/media?parent=10046"}],"wp:term":[{"taxonomy":"product_brand","embeddable":true,"href":"https:\/\/trustwhite.com\/es\/wp-json\/wp\/v2\/product_brand?post=10046"},{"taxonomy":"product_cat","embeddable":true,"href":"https:\/\/trustwhite.com\/es\/wp-json\/wp\/v2\/product_cat?post=10046"},{"taxonomy":"product_tag","embeddable":true,"href":"https:\/\/trustwhite.com\/es\/wp-json\/wp\/v2\/product_tag?post=10046"}],"curies":[{"name":"wp","href":"https:\/\/api.w.org\/{rel}","templated":true}]}}