{"id":10031,"date":"2022-03-12T04:54:29","date_gmt":"2022-03-12T04:54:29","guid":{"rendered":"https:\/\/stonersmeds.com\/?post_type=product&#038;p=10031"},"modified":"2022-12-20T08:48:57","modified_gmt":"2022-12-20T06:48:57","slug":"buy-1p-lsd-cheap-100mcg-blotters-online","status":"publish","type":"product","link":"https:\/\/trustwhite.com\/es\/shop\/buy-1p-lsd-cheap-100mcg-blotters-online\/","title":{"rendered":"Comprar 1P-LSD Papel secante barato de 100 mcg en l\u00ednea"},"content":{"rendered":"<h1>Comprar 1P-LSD 100mcg Blotters barato Online.<\/h1>\n<p>L.S.D. es una variedad con predominancia Indica, que recibe su nombre de un intenso medicamento alucin\u00f3geno debido a su incre\u00edble subid\u00f3n cerebral y alucin\u00f3geno. La cepa comienza con una en\u00e9rgica sensaci\u00f3n de alegr\u00eda que puede nublar la psique y dejar a algunos clientes totalmente desconcertados e \"intelectualmente atascados\". Algunos clientes garantizan sentirse m\u00e1s innovadores o sociales tras el uso de L.S.D. a pesar de la s\u00f3lida incitaci\u00f3n cerebral.<\/p>\n<h3>Comprar 1P-LSD Blotters 100mcg baratos online<\/h3>\n<p>Este nivel de incitaci\u00f3n mental es muy poco com\u00fan para una Indica. Como era de esperar, L.S.D. tambi\u00e9n tiene efectos corporales normales de Indica. Los clientes a menudo notan la desensibilizaci\u00f3n del cuerpo 1 a 2 horas despu\u00e9s de la ingesti\u00f3n, cuando una gran parte de los impactos cerebrales desaparecen. Los efectos negativos pueden incluir boca de algod\u00f3n, ojos secos, mareos, dolores cerebrales y una leve desconfianza.<\/p>\n<p>Para la mayor\u00eda, esta cepa se puede utilizar en cualquier momento del d\u00eda para aliviar suave para dirigir en curso un dolor punzante. L.S.D. se recomienda con frecuencia para ayudar a manejar la presi\u00f3n, malestar o desdicha. Los pacientes, adem\u00e1s, utilizan la cepa para tratar un trastorno del sue\u00f1o, y un par recogerlo para ayudar a los dolores de cabeza de batalla.<\/p>\n<p>L.S.D. es un h\u00edbrido de una Mazar y una variedad muy antigua de skunk, Skunk #1, fabricada por Barney's Farm. Aunque esta variedad no es recomendable para nuevos productores, es muy f\u00e1cil de cultivar, ya que es resistente a numerosas infecciones y puede cultivarse tanto en exterior como en interior. Con un largo periodo de floraci\u00f3n de entre 65 y 78 d\u00edas, L.S.D. puede producir hasta 650 gramos por metro cuadrado. Rara vez supera los 60 cent\u00edmetros, la cepa normalmente se completa en abril en el lado sur del ecuador y en octubre en el norte. Esta variedad puede tener un THC de hasta 24%.<\/p>\n<p>&nbsp;<\/p>\n<p>&nbsp;<\/p>\n<pre><strong>Comprar 1P-LSD barato 100mcg Blotters Online - comprar 1P-LSD , comprar 1P-LSD barato 100mcg Blotters , comprar 1P-LSD Blotters en l\u00ednea, Donde Comprar 1P-LSD barato 100mcg Blotters , 1P-LSD barato 100mcg Blotters para la venta, 1P-LSD Blotters para la venta, comprar 1P-LSD barato en l\u00ednea, donde Comprar 1P-LSD barato 100mcg Blotters en l\u00ednea, 1P-LSD Cheap 100mcg Blotters en venta en usa , USA, canada,uk, comprar, online, proveedores, entrega segura, Aun puedes conseguir 1P-LSD Cheap 100mcg Blotters , Is 1P-LSD Cheap 100mcg Blotters legal in usa, buy 1P-LSD Cheap 100mcg Blotters online usa, how to order 1P-LSD Cheap 100mcg Blotters , Is 1P-LSD Cheap 100mcg Blotters legal in Canada<\/strong><\/pre>","protected":false},"excerpt":{"rendered":"<p>El pedido m\u00ednimo es de 10 Blotters.<\/p>\n<pre><\/pre>","protected":false},"featured_media":10050,"template":"","meta":[],"product_brand":[],"product_cat":[80],"product_tag":[846,924,922,869,870,871,864,867,865,862,866,861,863,921,923,868],"class_list":{"0":"post-10031","1":"product","2":"type-product","3":"status-publish","4":"has-post-thumbnail","6":"product_cat-psychedelic-drugs","7":"product_tag-1p-lsd-shop","8":"product_tag-acid-prices-lsd","9":"product_tag-cost-of-lsd","10":"product_tag-how-long-does-lsd-cost","11":"product_tag-how-much-does-lsd-cost","12":"product_tag-how-much-does-lsd-cost-per-tab","13":"product_tag-how-to-make-liquid-lsd","14":"product_tag-liquid-acid-lsd","15":"product_tag-liquid-lsd-color","16":"product_tag-liquid-lsd-online","17":"product_tag-liquid-lsd-price","18":"product_tag-liquid-lsd-shop","19":"product_tag-liquid-lsd-vs-tabs","20":"product_tag-lsd-25-for-sale","21":"product_tag-lsd-tab-cost","22":"product_tag-what-does-lsd-look-like","24":"first","25":"instock","26":"shipping-taxable","27":"purchasable","28":"product-type-variable"},"tiered_pricing_type":"fixed","tiered_pricing_fixed_rules":[],"tiered_pricing_percentage_rules":[],"tiered_pricing_minimum":1,"_administrator_tiered_pricing_type":"fixed","_administrator_tiered_pricing_fixed_rules":[],"_editor_tiered_pricing_type":"fixed","_editor_tiered_pricing_fixed_rules":[],"_author_tiered_pricing_type":"fixed","_author_tiered_pricing_fixed_rules":[],"_contributor_tiered_pricing_type":"fixed","_contributor_tiered_pricing_fixed_rules":[],"_subscriber_tiered_pricing_type":"fixed","_subscriber_tiered_pricing_fixed_rules":[],"_customer_tiered_pricing_type":"fixed","_customer_tiered_pricing_fixed_rules":[],"_shop_manager_tiered_pricing_type":"fixed","_shop_manager_tiered_pricing_fixed_rules":[],"_wpseo_manager_tiered_pricing_type":"fixed","_wpseo_manager_tiered_pricing_fixed_rules":[],"_wpseo_editor_tiered_pricing_type":"fixed","_wpseo_editor_tiered_pricing_fixed_rules":[],"yoast_head":"<!-- This site is optimized with the Yoast SEO plugin v26.8 - https:\/\/yoast.com\/product\/yoast-seo-wordpress\/ -->\n<title>Buy 1P-LSD Cheap 100mcg Blotters Online - Cheap price, Highest quality<\/title>\n<meta name=\"description\" content=\"Buy 1P-LSD 100mcg Blotters Online at an affordable price at stonersmeds. All products are lab qualified and have premium quality.\" \/>\n<meta name=\"robots\" content=\"index, follow, max-snippet:-1, max-image-preview:large, max-video-preview:-1\" \/>\n<link rel=\"canonical\" href=\"https:\/\/trustwhite.com\/es\/shop\/buy-1p-lsd-cheap-100mcg-blotters-online\/\" \/>\n<meta property=\"og:locale\" content=\"es_ES\" \/>\n<meta property=\"og:type\" content=\"article\" \/>\n<meta property=\"og:title\" content=\"Buy 1P-LSD Cheap 100mcg Blotters Online - Cheap price, Highest quality\" \/>\n<meta property=\"og:description\" content=\"Buy 1P-LSD 100mcg Blotters Online at an affordable price at stonersmeds. All products are lab qualified and have premium quality.\" \/>\n<meta property=\"og:url\" content=\"https:\/\/trustwhite.com\/es\/shop\/buy-1p-lsd-cheap-100mcg-blotters-online\/\" \/>\n<meta property=\"og:site_name\" content=\"stonersmeds.com\" \/>\n<meta property=\"article:modified_time\" content=\"2022-12-20T06:48:57+00:00\" \/>\n<meta property=\"og:image\" content=\"https:\/\/trustwhite.com\/wp-content\/uploads\/2022\/03\/Buy-1P-LSD-100mcg-Blotters-cheap-online.jpg\" \/>\n\t<meta property=\"og:image:width\" content=\"600\" \/>\n\t<meta property=\"og:image:height\" content=\"600\" \/>\n\t<meta property=\"og:image:type\" content=\"image\/jpeg\" \/>\n<meta name=\"twitter:card\" content=\"summary_large_image\" \/>\n<meta name=\"twitter:label1\" content=\"Tiempo de lectura\" \/>\n\t<meta name=\"twitter:data1\" content=\"2 minutos\" \/>\n<script type=\"application\/ld+json\" class=\"yoast-schema-graph\">{\"@context\":\"https:\/\/schema.org\",\"@graph\":[{\"@type\":\"WebPage\",\"@id\":\"https:\/\/trustwhite.com\/pl\/shop\/buy-1p-lsd-cheap-100mcg-blotters-online\/\",\"url\":\"https:\/\/trustwhite.com\/pl\/shop\/buy-1p-lsd-cheap-100mcg-blotters-online\/\",\"name\":\"Buy 1P-LSD Cheap 100mcg Blotters Online - Cheap price, Highest quality\",\"isPartOf\":{\"@id\":\"https:\/\/trustwhite.com\/el\/#website\"},\"primaryImageOfPage\":{\"@id\":\"https:\/\/trustwhite.com\/pl\/shop\/buy-1p-lsd-cheap-100mcg-blotters-online\/#primaryimage\"},\"image\":{\"@id\":\"https:\/\/trustwhite.com\/pl\/shop\/buy-1p-lsd-cheap-100mcg-blotters-online\/#primaryimage\"},\"thumbnailUrl\":\"https:\/\/trustwhite.com\/wp-content\/uploads\/2022\/03\/Buy-1P-LSD-100mcg-Blotters-cheap-online.jpg\",\"datePublished\":\"2022-03-12T04:54:29+00:00\",\"dateModified\":\"2022-12-20T06:48:57+00:00\",\"description\":\"Buy 1P-LSD 100mcg Blotters Online at an affordable price at stonersmeds. All products are lab qualified and have premium quality.\",\"breadcrumb\":{\"@id\":\"https:\/\/trustwhite.com\/pl\/shop\/buy-1p-lsd-cheap-100mcg-blotters-online\/#breadcrumb\"},\"inLanguage\":\"es\",\"potentialAction\":[{\"@type\":\"ReadAction\",\"target\":[\"https:\/\/trustwhite.com\/pl\/shop\/buy-1p-lsd-cheap-100mcg-blotters-online\/\"]}]},{\"@type\":\"ImageObject\",\"inLanguage\":\"es\",\"@id\":\"https:\/\/trustwhite.com\/pl\/shop\/buy-1p-lsd-cheap-100mcg-blotters-online\/#primaryimage\",\"url\":\"https:\/\/trustwhite.com\/wp-content\/uploads\/2022\/03\/Buy-1P-LSD-100mcg-Blotters-cheap-online.jpg\",\"contentUrl\":\"https:\/\/trustwhite.com\/wp-content\/uploads\/2022\/03\/Buy-1P-LSD-100mcg-Blotters-cheap-online.jpg\",\"width\":600,\"height\":600},{\"@type\":\"BreadcrumbList\",\"@id\":\"https:\/\/trustwhite.com\/pl\/shop\/buy-1p-lsd-cheap-100mcg-blotters-online\/#breadcrumb\",\"itemListElement\":[{\"@type\":\"ListItem\",\"position\":1,\"name\":\"Home\",\"item\":\"https:\/\/trustwhite.com\/el\/\"},{\"@type\":\"ListItem\",\"position\":2,\"name\":\"Shop\",\"item\":\"https:\/\/trustwhite.com\/el\/shop\/\"},{\"@type\":\"ListItem\",\"position\":3,\"name\":\"Buy 1P-LSD Cheap 100mcg Blotters Online\"}]},{\"@type\":\"WebSite\",\"@id\":\"https:\/\/trustwhite.com\/el\/#website\",\"url\":\"https:\/\/trustwhite.com\/el\/\",\"name\":\"stonersmeds.com\",\"description\":\"verschreibungspflichtige Medizin kaufen\",\"potentialAction\":[{\"@type\":\"SearchAction\",\"target\":{\"@type\":\"EntryPoint\",\"urlTemplate\":\"https:\/\/trustwhite.com\/el\/?s={search_term_string}\"},\"query-input\":{\"@type\":\"PropertyValueSpecification\",\"valueRequired\":true,\"valueName\":\"search_term_string\"}}],\"inLanguage\":\"es\"}]}<\/script>\n<!-- \/ Yoast SEO plugin. -->","yoast_head_json":{"title":"Comprar 1P-LSD 100mcg Blotters baratos Online - Precio barato, M\u00e1xima calidad","description":"Comprar 1P-LSD 100mcg Blotters en l\u00ednea a un precio asequible en stonersmeds. Todos los productos son de laboratorio calificado y tienen una calidad superior.","robots":{"index":"index","follow":"follow","max-snippet":"max-snippet:-1","max-image-preview":"max-image-preview:large","max-video-preview":"max-video-preview:-1"},"canonical":"https:\/\/trustwhite.com\/es\/shop\/buy-1p-lsd-cheap-100mcg-blotters-online\/","og_locale":"es_ES","og_type":"article","og_title":"Buy 1P-LSD Cheap 100mcg Blotters Online - Cheap price, Highest quality","og_description":"Buy 1P-LSD 100mcg Blotters Online at an affordable price at stonersmeds. All products are lab qualified and have premium quality.","og_url":"https:\/\/trustwhite.com\/es\/shop\/buy-1p-lsd-cheap-100mcg-blotters-online\/","og_site_name":"stonersmeds.com","article_modified_time":"2022-12-20T06:48:57+00:00","og_image":[{"width":600,"height":600,"url":"https:\/\/trustwhite.com\/wp-content\/uploads\/2022\/03\/Buy-1P-LSD-100mcg-Blotters-cheap-online.jpg","type":"image\/jpeg"}],"twitter_card":"summary_large_image","twitter_misc":{"Tiempo de lectura":"2 minutos"},"schema":{"@context":"https:\/\/schema.org","@graph":[{"@type":"WebPage","@id":"https:\/\/trustwhite.com\/pl\/shop\/buy-1p-lsd-cheap-100mcg-blotters-online\/","url":"https:\/\/trustwhite.com\/pl\/shop\/buy-1p-lsd-cheap-100mcg-blotters-online\/","name":"Comprar 1P-LSD 100mcg Blotters baratos Online - Precio barato, M\u00e1xima calidad","isPartOf":{"@id":"https:\/\/trustwhite.com\/el\/#website"},"primaryImageOfPage":{"@id":"https:\/\/trustwhite.com\/pl\/shop\/buy-1p-lsd-cheap-100mcg-blotters-online\/#primaryimage"},"image":{"@id":"https:\/\/trustwhite.com\/pl\/shop\/buy-1p-lsd-cheap-100mcg-blotters-online\/#primaryimage"},"thumbnailUrl":"https:\/\/trustwhite.com\/wp-content\/uploads\/2022\/03\/Buy-1P-LSD-100mcg-Blotters-cheap-online.jpg","datePublished":"2022-03-12T04:54:29+00:00","dateModified":"2022-12-20T06:48:57+00:00","description":"Comprar 1P-LSD 100mcg Blotters en l\u00ednea a un precio asequible en stonersmeds. Todos los productos son de laboratorio calificado y tienen una calidad superior.","breadcrumb":{"@id":"https:\/\/trustwhite.com\/pl\/shop\/buy-1p-lsd-cheap-100mcg-blotters-online\/#breadcrumb"},"inLanguage":"es","potentialAction":[{"@type":"ReadAction","target":["https:\/\/trustwhite.com\/pl\/shop\/buy-1p-lsd-cheap-100mcg-blotters-online\/"]}]},{"@type":"ImageObject","inLanguage":"es","@id":"https:\/\/trustwhite.com\/pl\/shop\/buy-1p-lsd-cheap-100mcg-blotters-online\/#primaryimage","url":"https:\/\/trustwhite.com\/wp-content\/uploads\/2022\/03\/Buy-1P-LSD-100mcg-Blotters-cheap-online.jpg","contentUrl":"https:\/\/trustwhite.com\/wp-content\/uploads\/2022\/03\/Buy-1P-LSD-100mcg-Blotters-cheap-online.jpg","width":600,"height":600},{"@type":"BreadcrumbList","@id":"https:\/\/trustwhite.com\/pl\/shop\/buy-1p-lsd-cheap-100mcg-blotters-online\/#breadcrumb","itemListElement":[{"@type":"ListItem","position":1,"name":"Home","item":"https:\/\/trustwhite.com\/el\/"},{"@type":"ListItem","position":2,"name":"Shop","item":"https:\/\/trustwhite.com\/el\/shop\/"},{"@type":"ListItem","position":3,"name":"Buy 1P-LSD Cheap 100mcg Blotters Online"}]},{"@type":"WebSite","@id":"https:\/\/trustwhite.com\/el\/#website","url":"https:\/\/trustwhite.com\/el\/","name":"stonersmeds.com","description":"verschreibungspflichtige Medizin kaufen","potentialAction":[{"@type":"SearchAction","target":{"@type":"EntryPoint","urlTemplate":"https:\/\/trustwhite.com\/el\/?s={search_term_string}"},"query-input":{"@type":"PropertyValueSpecification","valueRequired":true,"valueName":"search_term_string"}}],"inLanguage":"es"}]}},"_links":{"self":[{"href":"https:\/\/trustwhite.com\/es\/wp-json\/wp\/v2\/product\/10031","targetHints":{"allow":["GET"]}}],"collection":[{"href":"https:\/\/trustwhite.com\/es\/wp-json\/wp\/v2\/product"}],"about":[{"href":"https:\/\/trustwhite.com\/es\/wp-json\/wp\/v2\/types\/product"}],"version-history":[{"count":0,"href":"https:\/\/trustwhite.com\/es\/wp-json\/wp\/v2\/product\/10031\/revisions"}],"wp:featuredmedia":[{"embeddable":true,"href":"https:\/\/trustwhite.com\/es\/wp-json\/wp\/v2\/media\/10050"}],"wp:attachment":[{"href":"https:\/\/trustwhite.com\/es\/wp-json\/wp\/v2\/media?parent=10031"}],"wp:term":[{"taxonomy":"product_brand","embeddable":true,"href":"https:\/\/trustwhite.com\/es\/wp-json\/wp\/v2\/product_brand?post=10031"},{"taxonomy":"product_cat","embeddable":true,"href":"https:\/\/trustwhite.com\/es\/wp-json\/wp\/v2\/product_cat?post=10031"},{"taxonomy":"product_tag","embeddable":true,"href":"https:\/\/trustwhite.com\/es\/wp-json\/wp\/v2\/product_tag?post=10031"}],"curies":[{"name":"wp","href":"https:\/\/api.w.org\/{rel}","templated":true}]}}