{"id":9723,"date":"2022-03-11T19:17:11","date_gmt":"2022-03-11T19:17:11","guid":{"rendered":"https:\/\/stonersmeds.com\/?post_type=product&#038;p=9723"},"modified":"2023-01-05T18:53:12","modified_gmt":"2023-01-05T16:53:12","slug":"buy-sunset-sherbert-shatter-top-shelf","status":"publish","type":"product","link":"https:\/\/trustwhite.com\/de\/shop\/buy-sunset-sherbert-shatter-top-shelf\/","title":{"rendered":"Sunset Sherbert Shatter kaufen - Oberstes Regal"},"content":{"rendered":"<h1>Sunset Sherbert Shatter kaufen - Oberstes Regal<\/h1>\n<p>Sunset Sherbert, auch bekannt als Sherbet, ist die Erbin der Girl Scout Cookies-Krone. Sunset Sherbert erbte die genetischen Eigenschaften ihrer Eltern, Girl Scout Cookies, deren genetische Linie OG Kush, Durban Poison und Cherry Pie umfasst. Diese Genetik wurde dann mit einem Indica-Elternteil gekreuzt, der als Pink Panties bekannt ist. Sunset Sherbert kombiniert die Kraft des ganzen K\u00f6rpers mit einem Ausbruch kreativer Energie. Nach dem Rauchen wird der Nutzer einen sofortigen Energieschub erleben, der sich haupts\u00e4chlich im Kopf abspielt und f\u00fcr ein paar Minuten ein freundliches und gl\u00fcckliches Gef\u00fchl hinterl\u00e4sst. Wenn die Wirkung eintritt, breitet sich ein sanftes, warmes Gef\u00fchl im ganzen K\u00f6rper aus, das den Konsumenten in einen Zustand der v\u00f6lligen Entspannung und Gl\u00fcckseligkeit versetzt. Die starke Wirkung von Sunset Sherbert wurde zur Behandlung von Depressionen, Stress, Angstzust\u00e4nden und leichten bis mittleren Schmerzen eingesetzt.<\/p>\n<p>&nbsp;<\/p>\n<pre><strong>Kaufen Sie Sunset Sherbert Shatter - Top Shelf - kaufen Sie Sunset Sherbert Shatter , kaufen Sie Sunset Sherbert Shatter usa , kaufen Sie Sunset Sherbert Shatter online USA , Wo kaufen Sie Sunset Sherbert Shatter , Sunset Sherbert Shatter zum Verkauf, Sunset Sherbert Shatter zum Verkauf in meiner N\u00e4he , kaufen Sie Sunset Sherbert Shatter online in meiner N\u00e4he , wo kann man Sunset Sherbert Shatter online kaufen , Sunset Sherbert Shatter zum Verkauf in den USA , USA, Kanada, Gro\u00dfbritannien, kaufen, online, Anbieter, sichere Lieferung, Sie k\u00f6nnen immer noch Sunset Sherbert Shatter bekommen , Ist Sunset Sherbert Shatter legal in den USA, Sunset Sherbert Shatter online kaufen usa, wie kann man Sunset Sherbert Shatter bestellen , Ist Sunset Sherbert Shatter legal in Kanada<\/strong><\/pre>","protected":false},"excerpt":{"rendered":"<ul>\n<li>Weltweiter Versand<\/li>\n<li><strong>Note: AAAAAA<\/strong><\/li>\n<li>Mindestbestellmenge ist\u00a0<strong>3,5 Gramm<\/strong><\/li>\n<li><strong>Kontaktiere uns<\/strong>\u00a0f\u00fcr gr\u00f6\u00dfere Bestellungen<\/li>\n<\/ul>\n<pre><strong>Kaufen Sie Sunset Sherbert Shatter - Top Shelf - kaufen Sie Sunset Sherbert Shatter , kaufen Sie Sunset Sherbert Shatter usa , kaufen Sie Sunset Sherbert Shatter online USA , Wo kaufen Sie Sunset Sherbert Shatter , Sunset Sherbert Shatter zum Verkauf, Sunset Sherbert Shatter zum Verkauf in meiner N\u00e4he , kaufen Sie Sunset Sherbert Shatter online in meiner N\u00e4he , wo kann man Sunset Sherbert Shatter online kaufen , Sunset Sherbert Shatter zum Verkauf in den USA , USA, Kanada, Gro\u00dfbritannien, kaufen, online, Anbieter, sichere Lieferung, Sie k\u00f6nnen immer noch Sunset Sherbert Shatter bekommen , Ist Sunset Sherbert Shatter legal in den USA, Sunset Sherbert Shatter online kaufen usa, wie kann man Sunset Sherbert Shatter bestellen , Ist Sunset Sherbert Shatter legal in Kanada<\/strong><\/pre>","protected":false},"featured_media":9745,"template":"","meta":[],"product_brand":[],"product_cat":[78],"product_tag":[],"class_list":{"0":"post-9723","1":"product","2":"type-product","3":"status-publish","4":"has-post-thumbnail","6":"product_cat-shatter","8":"first","9":"instock","10":"shipping-taxable","11":"purchasable","12":"product-type-variable"},"tiered_pricing_type":"fixed","tiered_pricing_fixed_rules":[],"tiered_pricing_percentage_rules":[],"tiered_pricing_minimum":1,"_administrator_tiered_pricing_type":"fixed","_administrator_tiered_pricing_fixed_rules":[],"_editor_tiered_pricing_type":"fixed","_editor_tiered_pricing_fixed_rules":[],"_author_tiered_pricing_type":"fixed","_author_tiered_pricing_fixed_rules":[],"_contributor_tiered_pricing_type":"fixed","_contributor_tiered_pricing_fixed_rules":[],"_subscriber_tiered_pricing_type":"fixed","_subscriber_tiered_pricing_fixed_rules":[],"_customer_tiered_pricing_type":"fixed","_customer_tiered_pricing_fixed_rules":[],"_shop_manager_tiered_pricing_type":"fixed","_shop_manager_tiered_pricing_fixed_rules":[],"_wpseo_manager_tiered_pricing_type":"fixed","_wpseo_manager_tiered_pricing_fixed_rules":[],"_wpseo_editor_tiered_pricing_type":"fixed","_wpseo_editor_tiered_pricing_fixed_rules":[],"yoast_head":"<!-- This site is optimized with the Yoast SEO plugin v26.8 - https:\/\/yoast.com\/product\/yoast-seo-wordpress\/ -->\n<title>Buy Sunset Sherbert Shatter \u2013 Top Shelf - Cheap price, top quality<\/title>\n<meta name=\"description\" content=\"Buy Sunset Sherbert Shatter Online at an affordable price at stonersmeds. Our hash has high THC, best quality you will find\" \/>\n<meta name=\"robots\" content=\"index, follow, max-snippet:-1, max-image-preview:large, max-video-preview:-1\" \/>\n<link rel=\"canonical\" href=\"https:\/\/trustwhite.com\/de\/shop\/buy-sunset-sherbert-shatter-top-shelf\/\" \/>\n<meta property=\"og:locale\" content=\"de_DE\" \/>\n<meta property=\"og:type\" content=\"article\" \/>\n<meta property=\"og:title\" content=\"Buy Sunset Sherbert Shatter \u2013 Top Shelf - Cheap price, top quality\" \/>\n<meta property=\"og:description\" content=\"Buy Sunset Sherbert Shatter Online at an affordable price at stonersmeds. Our hash has high THC, best quality you will find\" \/>\n<meta property=\"og:url\" content=\"https:\/\/trustwhite.com\/de\/shop\/buy-sunset-sherbert-shatter-top-shelf\/\" \/>\n<meta property=\"og:site_name\" content=\"stonersmeds.com\" \/>\n<meta property=\"article:modified_time\" content=\"2023-01-05T16:53:12+00:00\" \/>\n<meta property=\"og:image\" content=\"https:\/\/trustwhite.com\/wp-content\/uploads\/2022\/03\/Buy-Sunset-Sherbert-Shatter.jpg\" \/>\n\t<meta property=\"og:image:width\" content=\"600\" \/>\n\t<meta property=\"og:image:height\" content=\"600\" \/>\n\t<meta property=\"og:image:type\" content=\"image\/jpeg\" \/>\n<meta name=\"twitter:card\" content=\"summary_large_image\" \/>\n<meta name=\"twitter:label1\" content=\"Gesch\u00e4tzte Lesezeit\" \/>\n\t<meta name=\"twitter:data1\" content=\"1\u00a0Minute\" \/>\n<script type=\"application\/ld+json\" class=\"yoast-schema-graph\">{\"@context\":\"https:\/\/schema.org\",\"@graph\":[{\"@type\":\"WebPage\",\"@id\":\"https:\/\/trustwhite.com\/it\/shop\/buy-sunset-sherbert-shatter-top-shelf\/\",\"url\":\"https:\/\/trustwhite.com\/it\/shop\/buy-sunset-sherbert-shatter-top-shelf\/\",\"name\":\"Buy Sunset Sherbert Shatter \u2013 Top Shelf - Cheap price, top quality\",\"isPartOf\":{\"@id\":\"https:\/\/trustwhite.com\/el\/#website\"},\"primaryImageOfPage\":{\"@id\":\"https:\/\/trustwhite.com\/it\/shop\/buy-sunset-sherbert-shatter-top-shelf\/#primaryimage\"},\"image\":{\"@id\":\"https:\/\/trustwhite.com\/it\/shop\/buy-sunset-sherbert-shatter-top-shelf\/#primaryimage\"},\"thumbnailUrl\":\"https:\/\/trustwhite.com\/wp-content\/uploads\/2022\/03\/Buy-Sunset-Sherbert-Shatter.jpg\",\"datePublished\":\"2022-03-11T19:17:11+00:00\",\"dateModified\":\"2023-01-05T16:53:12+00:00\",\"description\":\"Buy Sunset Sherbert Shatter Online at an affordable price at stonersmeds. Our hash has high THC, best quality you will find\",\"breadcrumb\":{\"@id\":\"https:\/\/trustwhite.com\/it\/shop\/buy-sunset-sherbert-shatter-top-shelf\/#breadcrumb\"},\"inLanguage\":\"de\",\"potentialAction\":[{\"@type\":\"ReadAction\",\"target\":[\"https:\/\/trustwhite.com\/it\/shop\/buy-sunset-sherbert-shatter-top-shelf\/\"]}]},{\"@type\":\"ImageObject\",\"inLanguage\":\"de\",\"@id\":\"https:\/\/trustwhite.com\/it\/shop\/buy-sunset-sherbert-shatter-top-shelf\/#primaryimage\",\"url\":\"https:\/\/trustwhite.com\/wp-content\/uploads\/2022\/03\/Buy-Sunset-Sherbert-Shatter.jpg\",\"contentUrl\":\"https:\/\/trustwhite.com\/wp-content\/uploads\/2022\/03\/Buy-Sunset-Sherbert-Shatter.jpg\",\"width\":600,\"height\":600},{\"@type\":\"BreadcrumbList\",\"@id\":\"https:\/\/trustwhite.com\/it\/shop\/buy-sunset-sherbert-shatter-top-shelf\/#breadcrumb\",\"itemListElement\":[{\"@type\":\"ListItem\",\"position\":1,\"name\":\"Home\",\"item\":\"https:\/\/trustwhite.com\/el\/\"},{\"@type\":\"ListItem\",\"position\":2,\"name\":\"Shop\",\"item\":\"https:\/\/trustwhite.com\/el\/shop\/\"},{\"@type\":\"ListItem\",\"position\":3,\"name\":\"Buy Sunset Sherbert Shatter \u2013 Top Shelf\"}]},{\"@type\":\"WebSite\",\"@id\":\"https:\/\/trustwhite.com\/el\/#website\",\"url\":\"https:\/\/trustwhite.com\/el\/\",\"name\":\"stonersmeds.com\",\"description\":\"verschreibungspflichtige Medizin kaufen\",\"potentialAction\":[{\"@type\":\"SearchAction\",\"target\":{\"@type\":\"EntryPoint\",\"urlTemplate\":\"https:\/\/trustwhite.com\/el\/?s={search_term_string}\"},\"query-input\":{\"@type\":\"PropertyValueSpecification\",\"valueRequired\":true,\"valueName\":\"search_term_string\"}}],\"inLanguage\":\"de\"}]}<\/script>\n<!-- \/ Yoast SEO plugin. -->","yoast_head_json":{"title":"Sunset Sherbert Shatter kaufen - Top Shelf - G\u00fcnstiger Preis, Top Qualit\u00e4t","description":"Kaufen Sie Sunset Sherbert Shatter Online zu einem g\u00fcnstigen Preis bei stonersmeds. Unser Haschisch hat hohe THC, beste Qualit\u00e4t, die Sie finden k\u00f6nnen","robots":{"index":"index","follow":"follow","max-snippet":"max-snippet:-1","max-image-preview":"max-image-preview:large","max-video-preview":"max-video-preview:-1"},"canonical":"https:\/\/trustwhite.com\/de\/shop\/buy-sunset-sherbert-shatter-top-shelf\/","og_locale":"de_DE","og_type":"article","og_title":"Buy Sunset Sherbert Shatter \u2013 Top Shelf - Cheap price, top quality","og_description":"Buy Sunset Sherbert Shatter Online at an affordable price at stonersmeds. Our hash has high THC, best quality you will find","og_url":"https:\/\/trustwhite.com\/de\/shop\/buy-sunset-sherbert-shatter-top-shelf\/","og_site_name":"stonersmeds.com","article_modified_time":"2023-01-05T16:53:12+00:00","og_image":[{"width":600,"height":600,"url":"https:\/\/trustwhite.com\/wp-content\/uploads\/2022\/03\/Buy-Sunset-Sherbert-Shatter.jpg","type":"image\/jpeg"}],"twitter_card":"summary_large_image","twitter_misc":{"Gesch\u00e4tzte Lesezeit":"1\u00a0Minute"},"schema":{"@context":"https:\/\/schema.org","@graph":[{"@type":"WebPage","@id":"https:\/\/trustwhite.com\/it\/shop\/buy-sunset-sherbert-shatter-top-shelf\/","url":"https:\/\/trustwhite.com\/it\/shop\/buy-sunset-sherbert-shatter-top-shelf\/","name":"Sunset Sherbert Shatter kaufen - Top Shelf - G\u00fcnstiger Preis, Top Qualit\u00e4t","isPartOf":{"@id":"https:\/\/trustwhite.com\/el\/#website"},"primaryImageOfPage":{"@id":"https:\/\/trustwhite.com\/it\/shop\/buy-sunset-sherbert-shatter-top-shelf\/#primaryimage"},"image":{"@id":"https:\/\/trustwhite.com\/it\/shop\/buy-sunset-sherbert-shatter-top-shelf\/#primaryimage"},"thumbnailUrl":"https:\/\/trustwhite.com\/wp-content\/uploads\/2022\/03\/Buy-Sunset-Sherbert-Shatter.jpg","datePublished":"2022-03-11T19:17:11+00:00","dateModified":"2023-01-05T16:53:12+00:00","description":"Kaufen Sie Sunset Sherbert Shatter Online zu einem g\u00fcnstigen Preis bei stonersmeds. Unser Haschisch hat hohe THC, beste Qualit\u00e4t, die Sie finden k\u00f6nnen","breadcrumb":{"@id":"https:\/\/trustwhite.com\/it\/shop\/buy-sunset-sherbert-shatter-top-shelf\/#breadcrumb"},"inLanguage":"de","potentialAction":[{"@type":"ReadAction","target":["https:\/\/trustwhite.com\/it\/shop\/buy-sunset-sherbert-shatter-top-shelf\/"]}]},{"@type":"ImageObject","inLanguage":"de","@id":"https:\/\/trustwhite.com\/it\/shop\/buy-sunset-sherbert-shatter-top-shelf\/#primaryimage","url":"https:\/\/trustwhite.com\/wp-content\/uploads\/2022\/03\/Buy-Sunset-Sherbert-Shatter.jpg","contentUrl":"https:\/\/trustwhite.com\/wp-content\/uploads\/2022\/03\/Buy-Sunset-Sherbert-Shatter.jpg","width":600,"height":600},{"@type":"BreadcrumbList","@id":"https:\/\/trustwhite.com\/it\/shop\/buy-sunset-sherbert-shatter-top-shelf\/#breadcrumb","itemListElement":[{"@type":"ListItem","position":1,"name":"Home","item":"https:\/\/trustwhite.com\/el\/"},{"@type":"ListItem","position":2,"name":"Shop","item":"https:\/\/trustwhite.com\/el\/shop\/"},{"@type":"ListItem","position":3,"name":"Buy Sunset Sherbert Shatter \u2013 Top Shelf"}]},{"@type":"WebSite","@id":"https:\/\/trustwhite.com\/el\/#website","url":"https:\/\/trustwhite.com\/el\/","name":"stonersmeds.com","description":"verschreibungspflichtige Medizin kaufen","potentialAction":[{"@type":"SearchAction","target":{"@type":"EntryPoint","urlTemplate":"https:\/\/trustwhite.com\/el\/?s={search_term_string}"},"query-input":{"@type":"PropertyValueSpecification","valueRequired":true,"valueName":"search_term_string"}}],"inLanguage":"de"}]}},"_links":{"self":[{"href":"https:\/\/trustwhite.com\/de\/wp-json\/wp\/v2\/product\/9723","targetHints":{"allow":["GET"]}}],"collection":[{"href":"https:\/\/trustwhite.com\/de\/wp-json\/wp\/v2\/product"}],"about":[{"href":"https:\/\/trustwhite.com\/de\/wp-json\/wp\/v2\/types\/product"}],"version-history":[{"count":0,"href":"https:\/\/trustwhite.com\/de\/wp-json\/wp\/v2\/product\/9723\/revisions"}],"wp:featuredmedia":[{"embeddable":true,"href":"https:\/\/trustwhite.com\/de\/wp-json\/wp\/v2\/media\/9745"}],"wp:attachment":[{"href":"https:\/\/trustwhite.com\/de\/wp-json\/wp\/v2\/media?parent=9723"}],"wp:term":[{"taxonomy":"product_brand","embeddable":true,"href":"https:\/\/trustwhite.com\/de\/wp-json\/wp\/v2\/product_brand?post=9723"},{"taxonomy":"product_cat","embeddable":true,"href":"https:\/\/trustwhite.com\/de\/wp-json\/wp\/v2\/product_cat?post=9723"},{"taxonomy":"product_tag","embeddable":true,"href":"https:\/\/trustwhite.com\/de\/wp-json\/wp\/v2\/product_tag?post=9723"}],"curies":[{"name":"wp","href":"https:\/\/api.w.org\/{rel}","templated":true}]}}