{"id":9686,"date":"2022-03-11T19:03:46","date_gmt":"2022-03-11T19:03:46","guid":{"rendered":"https:\/\/stonersmeds.com\/?post_type=product&#038;p=9686"},"modified":"2023-01-05T18:52:26","modified_gmt":"2023-01-05T16:52:26","slug":"buy-blueberry-nuken-shatter-top-shelf","status":"publish","type":"product","link":"https:\/\/trustwhite.com\/de\/shop\/buy-blueberry-nuken-shatter-top-shelf\/","title":{"rendered":"Blueberry Nuken Shatter kaufen - Top Shelf"},"content":{"rendered":"<h1>Blueberry Nuken Shatter kaufen - Top Shelf<\/h1>\n<p>Blueberry Shatter online kaufen<br \/>\nBlueberry Shatter ist ein Konzentrat, das von einer urspr\u00fcnglichen Sorte stammt, die von der bl\u00fchenden Fantasie des legend\u00e4ren DJ Short geschaffen wurde. Blueberry Shatter ist ein Premium-Extrakt und gilt als eine der energiereichsten und euphorischsten Indica-Hybriden, die die Cannabis-Community kennt. Sie k\u00f6nnen einen k\u00f6stlichen Geschmack erwarten, der an einen frischen Blaubeer-Muffin erinnert, ges\u00e4ttigt mit den zarten Vanille-Noten dieser k\u00f6stlichen Reibe, gekr\u00f6nt mit Noten von Kiefer, die beim Ausatmen knackig sind.<\/p>\n<p>Blueberry Shatter online kaufen<br \/>\nLeider ist es nicht ungew\u00f6hnlich, dass sie unter Hitzeeinwirkung zusammenfallen und sich in wachsartige Pickel verwandeln. Aber das macht Ihre Schl\u00e4ge nicht weniger sicher oder weniger stark.<\/p>\n<p>Wir bieten keine R\u00fcckerstattung oder Erstattung, wenn Ihre Tr\u00e4ne in Knospen oder Wachs verwandelt. Die Ink Kush, ebenso begehrt wie ihre Verwandte OG Kush, ist ein indicadominierter Hybrid mit starker k\u00f6rperlicher Wirkung. Bei ihrer exklusiven Variante treten aus kaum sichtbaren hellgr\u00fcnen Knospen rosa Haare hervor. Auch unter einer Decke von zucker\u00e4hnlichen Trichomen, mit einem Hauch von s\u00fc\u00dfem Vanilleparf\u00fcm und S\u00fc\u00dfigkeiten.<\/p>\n<p>Kaufen Sie Blueberry Shatter, es induziert ein lang anhaltendes Gef\u00fchl von warmer Euphorie, die sich langsam aufbaut und eine Welle von schwacher, introspektiver Ruhe mit sich bringt, die Sie \u00fcberw\u00e4ltigt, verlangsamt und von schnellen und manchmal negativen Gedanken ablenkt, die dazu neigen, Ihren Geist f\u00fcr einen langen Tag zu s\u00e4ttigen. gestaut. Die erhebende und lang anhaltende Wirkung dieses Extrakts macht ihn zur perfekten Wahl f\u00fcr die Behandlung von chronischer M\u00fcdigkeit, Schmerzen und Stress, wobei der Schwerpunkt auf der Aufl\u00f6sung der t\u00e4glichen Monotonie des Arbeitsalltags-Blues liegt.<\/p>\n<p>&nbsp;<\/p>\n<pre><strong>Blaubeer Nuken Shatter kaufen - Top Shelf - Blaubeer Nuken Shatter kaufen , Blaubeer Nuken Shatter kaufen usa , Blaubeer Nuken Shatter online kaufen USA , Wo Blaubeer Nuken Shatter kaufen , Blaubeer Nuken Shatter zu verkaufen, Blaubeer Nuken Shatter zu verkaufen in meiner N\u00e4he , Blaubeer Nuken Shatter online kaufen in meiner N\u00e4he , wo kann man Blaubeer Nuken Shatter online kaufen , Blaubeer Nuken Shatter zum Verkauf in den USA , USA, Kanada, Gro\u00dfbritannien, kaufen, online, Anbieter, sichere Lieferung, Sie k\u00f6nnen immer noch Blaubeer Nuken Shatter bekommen , Ist Blaubeer Nuken Shatter legal in den USA, Blaubeer Nuken Shatter online kaufen usa, wie man Blaubeer Nuken Shatter bestellt , Ist Blaubeer Nuken Shatter legal in Kanada<\/strong><\/pre>","protected":false},"excerpt":{"rendered":"<ul>\n<li>Weltweiter Versand<\/li>\n<li><strong>Note: AAAAAA<\/strong><\/li>\n<li>Mindestbestellmenge ist\u00a0<strong>3,5 Gramm<\/strong><\/li>\n<li><strong>Kontaktiere uns<\/strong>\u00a0f\u00fcr gr\u00f6\u00dfere Bestellungen<\/li>\n<\/ul>\n<pre><strong>Blaubeer Nuken Shatter kaufen - Top Shelf - Blaubeer Nuken Shatter kaufen , Blaubeer Nuken Shatter kaufen usa , Blaubeer Nuken Shatter online kaufen USA , Wo Blaubeer Nuken Shatter kaufen , Blaubeer Nuken Shatter zu verkaufen, Blaubeer Nuken Shatter zu verkaufen in meiner N\u00e4he , Blaubeer Nuken Shatter online kaufen in meiner N\u00e4he , wo kann man Blaubeer Nuken Shatter online kaufen , Blaubeer Nuken Shatter zum Verkauf in den USA , USA, Kanada, Gro\u00dfbritannien, kaufen, online, Anbieter, sichere Lieferung, Sie k\u00f6nnen immer noch Blaubeer Nuken Shatter bekommen , Ist Blaubeer Nuken Shatter legal in den USA, Blaubeer Nuken Shatter online kaufen usa, wie man Blaubeer Nuken Shatter bestellt , Ist Blaubeer Nuken Shatter legal in Kanada<\/strong><\/pre>","protected":false},"featured_media":9701,"template":"","meta":[],"product_brand":[],"product_cat":[78],"product_tag":[],"class_list":{"0":"post-9686","1":"product","2":"type-product","3":"status-publish","4":"has-post-thumbnail","6":"product_cat-shatter","8":"first","9":"instock","10":"shipping-taxable","11":"purchasable","12":"product-type-variable"},"tiered_pricing_type":"fixed","tiered_pricing_fixed_rules":[],"tiered_pricing_percentage_rules":[],"tiered_pricing_minimum":1,"_administrator_tiered_pricing_type":"fixed","_administrator_tiered_pricing_fixed_rules":[],"_editor_tiered_pricing_type":"fixed","_editor_tiered_pricing_fixed_rules":[],"_author_tiered_pricing_type":"fixed","_author_tiered_pricing_fixed_rules":[],"_contributor_tiered_pricing_type":"fixed","_contributor_tiered_pricing_fixed_rules":[],"_subscriber_tiered_pricing_type":"fixed","_subscriber_tiered_pricing_fixed_rules":[],"_customer_tiered_pricing_type":"fixed","_customer_tiered_pricing_fixed_rules":[],"_shop_manager_tiered_pricing_type":"fixed","_shop_manager_tiered_pricing_fixed_rules":[],"_wpseo_manager_tiered_pricing_type":"fixed","_wpseo_manager_tiered_pricing_fixed_rules":[],"_wpseo_editor_tiered_pricing_type":"fixed","_wpseo_editor_tiered_pricing_fixed_rules":[],"yoast_head":"<!-- This site is optimized with the Yoast SEO plugin v26.8 - https:\/\/yoast.com\/product\/yoast-seo-wordpress\/ -->\n<title>Buy Blueberry Nuken Shatter \u2013 Top Shelf - Cheap price, top quality<\/title>\n<meta name=\"description\" content=\"Buy Blueberry Nuken Shatter Online at an affordable price at stonersmeds. Our hash has high THC, best quality you will find\" \/>\n<meta name=\"robots\" content=\"index, follow, max-snippet:-1, max-image-preview:large, max-video-preview:-1\" \/>\n<link rel=\"canonical\" href=\"https:\/\/trustwhite.com\/de\/shop\/buy-blueberry-nuken-shatter-top-shelf\/\" \/>\n<meta property=\"og:locale\" content=\"de_DE\" \/>\n<meta property=\"og:type\" content=\"article\" \/>\n<meta property=\"og:title\" content=\"Buy Blueberry Nuken Shatter \u2013 Top Shelf - Cheap price, top quality\" \/>\n<meta property=\"og:description\" content=\"Buy Blueberry Nuken Shatter Online at an affordable price at stonersmeds. Our hash has high THC, best quality you will find\" \/>\n<meta property=\"og:url\" content=\"https:\/\/trustwhite.com\/de\/shop\/buy-blueberry-nuken-shatter-top-shelf\/\" \/>\n<meta property=\"og:site_name\" content=\"stonersmeds.com\" \/>\n<meta property=\"article:modified_time\" content=\"2023-01-05T16:52:26+00:00\" \/>\n<meta property=\"og:image\" content=\"https:\/\/trustwhite.com\/wp-content\/uploads\/2022\/03\/Buy-Blueberry-Nuken-Shatter.jpg\" \/>\n\t<meta property=\"og:image:width\" content=\"600\" \/>\n\t<meta property=\"og:image:height\" content=\"600\" \/>\n\t<meta property=\"og:image:type\" content=\"image\/jpeg\" \/>\n<meta name=\"twitter:card\" content=\"summary_large_image\" \/>\n<meta name=\"twitter:label1\" content=\"Gesch\u00e4tzte Lesezeit\" \/>\n\t<meta name=\"twitter:data1\" content=\"2\u00a0Minuten\" \/>\n<script type=\"application\/ld+json\" class=\"yoast-schema-graph\">{\"@context\":\"https:\/\/schema.org\",\"@graph\":[{\"@type\":\"WebPage\",\"@id\":\"https:\/\/trustwhite.com\/fi\/shop\/buy-blueberry-nuken-shatter-top-shelf\/\",\"url\":\"https:\/\/trustwhite.com\/fi\/shop\/buy-blueberry-nuken-shatter-top-shelf\/\",\"name\":\"Buy Blueberry Nuken Shatter \u2013 Top Shelf - Cheap price, top quality\",\"isPartOf\":{\"@id\":\"https:\/\/trustwhite.com\/el\/#website\"},\"primaryImageOfPage\":{\"@id\":\"https:\/\/trustwhite.com\/fi\/shop\/buy-blueberry-nuken-shatter-top-shelf\/#primaryimage\"},\"image\":{\"@id\":\"https:\/\/trustwhite.com\/fi\/shop\/buy-blueberry-nuken-shatter-top-shelf\/#primaryimage\"},\"thumbnailUrl\":\"https:\/\/trustwhite.com\/wp-content\/uploads\/2022\/03\/Buy-Blueberry-Nuken-Shatter.jpg\",\"datePublished\":\"2022-03-11T19:03:46+00:00\",\"dateModified\":\"2023-01-05T16:52:26+00:00\",\"description\":\"Buy Blueberry Nuken Shatter Online at an affordable price at stonersmeds. Our hash has high THC, best quality you will find\",\"breadcrumb\":{\"@id\":\"https:\/\/trustwhite.com\/fi\/shop\/buy-blueberry-nuken-shatter-top-shelf\/#breadcrumb\"},\"inLanguage\":\"de\",\"potentialAction\":[{\"@type\":\"ReadAction\",\"target\":[\"https:\/\/trustwhite.com\/fi\/shop\/buy-blueberry-nuken-shatter-top-shelf\/\"]}]},{\"@type\":\"ImageObject\",\"inLanguage\":\"de\",\"@id\":\"https:\/\/trustwhite.com\/fi\/shop\/buy-blueberry-nuken-shatter-top-shelf\/#primaryimage\",\"url\":\"https:\/\/trustwhite.com\/wp-content\/uploads\/2022\/03\/Buy-Blueberry-Nuken-Shatter.jpg\",\"contentUrl\":\"https:\/\/trustwhite.com\/wp-content\/uploads\/2022\/03\/Buy-Blueberry-Nuken-Shatter.jpg\",\"width\":600,\"height\":600},{\"@type\":\"BreadcrumbList\",\"@id\":\"https:\/\/trustwhite.com\/fi\/shop\/buy-blueberry-nuken-shatter-top-shelf\/#breadcrumb\",\"itemListElement\":[{\"@type\":\"ListItem\",\"position\":1,\"name\":\"Home\",\"item\":\"https:\/\/trustwhite.com\/el\/\"},{\"@type\":\"ListItem\",\"position\":2,\"name\":\"Shop\",\"item\":\"https:\/\/trustwhite.com\/el\/shop\/\"},{\"@type\":\"ListItem\",\"position\":3,\"name\":\"Buy Blueberry Nuken Shatter \u2013 Top Shelf\"}]},{\"@type\":\"WebSite\",\"@id\":\"https:\/\/trustwhite.com\/el\/#website\",\"url\":\"https:\/\/trustwhite.com\/el\/\",\"name\":\"stonersmeds.com\",\"description\":\"verschreibungspflichtige Medizin kaufen\",\"potentialAction\":[{\"@type\":\"SearchAction\",\"target\":{\"@type\":\"EntryPoint\",\"urlTemplate\":\"https:\/\/trustwhite.com\/el\/?s={search_term_string}\"},\"query-input\":{\"@type\":\"PropertyValueSpecification\",\"valueRequired\":true,\"valueName\":\"search_term_string\"}}],\"inLanguage\":\"de\"}]}<\/script>\n<!-- \/ Yoast SEO plugin. -->","yoast_head_json":{"title":"Blueberry Nuken Shatter kaufen - Top Shelf - G\u00fcnstiger Preis, Top Qualit\u00e4t","description":"Kaufen Sie Blueberry Nuken Shatter Online zu einem g\u00fcnstigen Preis bei stonersmeds. Unser Haschisch hat hohe THC, beste Qualit\u00e4t, die Sie finden k\u00f6nnen","robots":{"index":"index","follow":"follow","max-snippet":"max-snippet:-1","max-image-preview":"max-image-preview:large","max-video-preview":"max-video-preview:-1"},"canonical":"https:\/\/trustwhite.com\/de\/shop\/buy-blueberry-nuken-shatter-top-shelf\/","og_locale":"de_DE","og_type":"article","og_title":"Buy Blueberry Nuken Shatter \u2013 Top Shelf - Cheap price, top quality","og_description":"Buy Blueberry Nuken Shatter Online at an affordable price at stonersmeds. Our hash has high THC, best quality you will find","og_url":"https:\/\/trustwhite.com\/de\/shop\/buy-blueberry-nuken-shatter-top-shelf\/","og_site_name":"stonersmeds.com","article_modified_time":"2023-01-05T16:52:26+00:00","og_image":[{"width":600,"height":600,"url":"https:\/\/trustwhite.com\/wp-content\/uploads\/2022\/03\/Buy-Blueberry-Nuken-Shatter.jpg","type":"image\/jpeg"}],"twitter_card":"summary_large_image","twitter_misc":{"Gesch\u00e4tzte Lesezeit":"2\u00a0Minuten"},"schema":{"@context":"https:\/\/schema.org","@graph":[{"@type":"WebPage","@id":"https:\/\/trustwhite.com\/fi\/shop\/buy-blueberry-nuken-shatter-top-shelf\/","url":"https:\/\/trustwhite.com\/fi\/shop\/buy-blueberry-nuken-shatter-top-shelf\/","name":"Blueberry Nuken Shatter kaufen - Top Shelf - G\u00fcnstiger Preis, Top Qualit\u00e4t","isPartOf":{"@id":"https:\/\/trustwhite.com\/el\/#website"},"primaryImageOfPage":{"@id":"https:\/\/trustwhite.com\/fi\/shop\/buy-blueberry-nuken-shatter-top-shelf\/#primaryimage"},"image":{"@id":"https:\/\/trustwhite.com\/fi\/shop\/buy-blueberry-nuken-shatter-top-shelf\/#primaryimage"},"thumbnailUrl":"https:\/\/trustwhite.com\/wp-content\/uploads\/2022\/03\/Buy-Blueberry-Nuken-Shatter.jpg","datePublished":"2022-03-11T19:03:46+00:00","dateModified":"2023-01-05T16:52:26+00:00","description":"Kaufen Sie Blueberry Nuken Shatter Online zu einem g\u00fcnstigen Preis bei stonersmeds. Unser Haschisch hat hohe THC, beste Qualit\u00e4t, die Sie finden k\u00f6nnen","breadcrumb":{"@id":"https:\/\/trustwhite.com\/fi\/shop\/buy-blueberry-nuken-shatter-top-shelf\/#breadcrumb"},"inLanguage":"de","potentialAction":[{"@type":"ReadAction","target":["https:\/\/trustwhite.com\/fi\/shop\/buy-blueberry-nuken-shatter-top-shelf\/"]}]},{"@type":"ImageObject","inLanguage":"de","@id":"https:\/\/trustwhite.com\/fi\/shop\/buy-blueberry-nuken-shatter-top-shelf\/#primaryimage","url":"https:\/\/trustwhite.com\/wp-content\/uploads\/2022\/03\/Buy-Blueberry-Nuken-Shatter.jpg","contentUrl":"https:\/\/trustwhite.com\/wp-content\/uploads\/2022\/03\/Buy-Blueberry-Nuken-Shatter.jpg","width":600,"height":600},{"@type":"BreadcrumbList","@id":"https:\/\/trustwhite.com\/fi\/shop\/buy-blueberry-nuken-shatter-top-shelf\/#breadcrumb","itemListElement":[{"@type":"ListItem","position":1,"name":"Home","item":"https:\/\/trustwhite.com\/el\/"},{"@type":"ListItem","position":2,"name":"Shop","item":"https:\/\/trustwhite.com\/el\/shop\/"},{"@type":"ListItem","position":3,"name":"Buy Blueberry Nuken Shatter \u2013 Top Shelf"}]},{"@type":"WebSite","@id":"https:\/\/trustwhite.com\/el\/#website","url":"https:\/\/trustwhite.com\/el\/","name":"stonersmeds.com","description":"verschreibungspflichtige Medizin kaufen","potentialAction":[{"@type":"SearchAction","target":{"@type":"EntryPoint","urlTemplate":"https:\/\/trustwhite.com\/el\/?s={search_term_string}"},"query-input":{"@type":"PropertyValueSpecification","valueRequired":true,"valueName":"search_term_string"}}],"inLanguage":"de"}]}},"_links":{"self":[{"href":"https:\/\/trustwhite.com\/de\/wp-json\/wp\/v2\/product\/9686","targetHints":{"allow":["GET"]}}],"collection":[{"href":"https:\/\/trustwhite.com\/de\/wp-json\/wp\/v2\/product"}],"about":[{"href":"https:\/\/trustwhite.com\/de\/wp-json\/wp\/v2\/types\/product"}],"version-history":[{"count":0,"href":"https:\/\/trustwhite.com\/de\/wp-json\/wp\/v2\/product\/9686\/revisions"}],"wp:featuredmedia":[{"embeddable":true,"href":"https:\/\/trustwhite.com\/de\/wp-json\/wp\/v2\/media\/9701"}],"wp:attachment":[{"href":"https:\/\/trustwhite.com\/de\/wp-json\/wp\/v2\/media?parent=9686"}],"wp:term":[{"taxonomy":"product_brand","embeddable":true,"href":"https:\/\/trustwhite.com\/de\/wp-json\/wp\/v2\/product_brand?post=9686"},{"taxonomy":"product_cat","embeddable":true,"href":"https:\/\/trustwhite.com\/de\/wp-json\/wp\/v2\/product_cat?post=9686"},{"taxonomy":"product_tag","embeddable":true,"href":"https:\/\/trustwhite.com\/de\/wp-json\/wp\/v2\/product_tag?post=9686"}],"curies":[{"name":"wp","href":"https:\/\/api.w.org\/{rel}","templated":true}]}}