{"id":9680,"date":"2022-03-11T18:59:13","date_gmt":"2022-03-11T18:59:13","guid":{"rendered":"https:\/\/stonersmeds.com\/?post_type=product&#038;p=9680"},"modified":"2023-03-29T05:28:10","modified_gmt":"2023-03-29T03:28:10","slug":"buy-greasy-pink-bubba-budder-top-shelf","status":"publish","type":"product","link":"https:\/\/trustwhite.com\/de\/shop\/buy-greasy-pink-bubba-budder-top-shelf\/","title":{"rendered":"Greasy Pink Bubba Budder kaufen - Oberstes Regal"},"content":{"rendered":"<h1>Greasy Pink Bubba Budder kaufen - Oberstes Regal<\/h1>\n<p>Greasy\" Pink Bubba ist eine Indica-Sorte, die Genetik von Pink Kush und Bubba Kush kombiniert. Vielleicht am besten am Abend genossen, liefert 'Greasy' Pink Bubba eine starke Dosis k\u00f6rperlicher Entspannung, die K\u00f6rperschmerzen und -beschwerden verschwinden l\u00e4sst. Diese wohltuende Entspannung ist gepaart mit einer ruhigen Euphorie, die den Nutzer langsam in einen Zustand der Vertr\u00e4umtheit und des Friedens versetzt. Greasy\" Pink Bubba besitzt eine Wirkung, die sich langsam an den Konsumenten heranschleicht und ihn sanft in diese gl\u00fcckselig entspannende Wirkung fallen l\u00e4sst. Diese Sorte hat einen traditionellen Kush-Duft mit erdigen und rosafarbenen Aromen mit blumigen Akzenten, die auf dem Gaumen verweilen. Greasy\" Pink Bubba kann zur Behandlung eines breiten Spektrums medizinischer Beschwerden verwendet werden, darunter Depressionen, Angstzust\u00e4nde, chronischer Stress, \u00dcbelkeit, chronische Schmerzen und Entz\u00fcndungen, Migr\u00e4ne\/Kopfschmerzen und Schlaflosigkeit.<\/p>\n<p>&nbsp;<\/p>\n<p>&nbsp;<\/p>\n<pre><strong>Kaufen Sie Greasy Pink Bubba Budder - Top Shelf - kaufen Sie Bubba Budder , kaufen Sie Greasy Pink Bubba Budder , kaufen Sie Greasy Pink Bubba Budder online, Wo kaufen Sie Greasy Pink Bubba Budder , Greasy Pink Bubba Budder zum Verkauf, Pink Bubba Budder zum Verkauf, kaufen Sie Pink Budder online, Wo kaufen Sie Greasy Pink Bubba Budder online, Pink Bubba Budder kaufen, Pink Bubba Budder online kaufen, Pink Bubba Budder online kaufen, Pink Bubba Budder online kaufen, Pink Bubba Budder online kaufen, Pink Bubba Budder online kaufen, Pink Bubba Budder online kaufen, Pink Bubba Budder online kaufen, Pink Bubba Budder online bestellen, Pink Bubba Budder online kaufen, Pink Bubba Budder online kaufen, Pink Bubba Budder online kaufen, Pink Bubba Budder online kaufen<\/strong><\/pre>","protected":false},"excerpt":{"rendered":"<ul>\n<li>Weltweiter Versand<\/li>\n<li>Mindestbestellmenge ist\u00a0<strong>3<\/strong><\/li>\n<li><strong>Kontaktiere uns<\/strong>\u00a0f\u00fcr gr\u00f6\u00dfere Bestellungen<\/li>\n<\/ul>\n<pre><\/pre>","protected":false},"featured_media":9687,"template":"","meta":[],"product_brand":[],"product_cat":[76],"product_tag":[1004,1003,996,992,993,998,991,1001,994,1002,1000,997,995,1006,1005,999],"class_list":{"0":"post-9680","1":"product","2":"type-product","3":"status-publish","4":"has-post-thumbnail","6":"product_cat-marijuana-wax","7":"product_tag-best-cannabis-butter-recipe","8":"product_tag-best-way-to-make-cannabutter","9":"product_tag-buy-cannabutter-glasgow","10":"product_tag-cannabis-butter-near-me","11":"product_tag-cannabis-cooking-oil-for-sale","12":"product_tag-cannabutter-recipe","13":"product_tag-how-much-does-cannabutter-cost","14":"product_tag-how-much-is-cannabutter-cost","15":"product_tag-how-to-make-cannabutter","16":"product_tag-how-to-make-cannabutter-in-crock-pot","17":"product_tag-how-to-make-strong-cannabutter","18":"product_tag-price-of-cannabutter","19":"product_tag-thc-butter-cost","20":"product_tag-weed-butter-cost","21":"product_tag-weed-butter-price","22":"product_tag-where-to-buy-cannabis-butter","24":"first","25":"instock","26":"shipping-taxable","27":"purchasable","28":"product-type-variable"},"tiered_pricing_type":"fixed","tiered_pricing_fixed_rules":[],"tiered_pricing_percentage_rules":[],"tiered_pricing_minimum":1,"_administrator_tiered_pricing_type":"fixed","_administrator_tiered_pricing_fixed_rules":[],"_editor_tiered_pricing_type":"fixed","_editor_tiered_pricing_fixed_rules":[],"_author_tiered_pricing_type":"fixed","_author_tiered_pricing_fixed_rules":[],"_contributor_tiered_pricing_type":"fixed","_contributor_tiered_pricing_fixed_rules":[],"_subscriber_tiered_pricing_type":"fixed","_subscriber_tiered_pricing_fixed_rules":[],"_customer_tiered_pricing_type":"fixed","_customer_tiered_pricing_fixed_rules":[],"_shop_manager_tiered_pricing_type":"fixed","_shop_manager_tiered_pricing_fixed_rules":[],"_wpseo_manager_tiered_pricing_type":"fixed","_wpseo_manager_tiered_pricing_fixed_rules":[],"_wpseo_editor_tiered_pricing_type":"fixed","_wpseo_editor_tiered_pricing_fixed_rules":[],"yoast_head":"<!-- This site is optimized with the Yoast SEO plugin v26.8 - https:\/\/yoast.com\/product\/yoast-seo-wordpress\/ -->\n<title>Buy Greasy Pink Bubba Budder \u2013 Top Shelf - stonersmeds.com<\/title>\n<meta name=\"robots\" content=\"index, follow, max-snippet:-1, max-image-preview:large, max-video-preview:-1\" \/>\n<link rel=\"canonical\" href=\"https:\/\/trustwhite.com\/de\/shop\/buy-greasy-pink-bubba-budder-top-shelf\/\" \/>\n<meta property=\"og:locale\" content=\"de_DE\" \/>\n<meta property=\"og:type\" content=\"article\" \/>\n<meta property=\"og:title\" content=\"Buy Greasy Pink Bubba Budder \u2013 Top Shelf - stonersmeds.com\" \/>\n<meta property=\"og:description\" content=\"Worldwide shipping  Minimum order quantity is\u00a03  Contact us\u00a0for bigger orders\" \/>\n<meta property=\"og:url\" content=\"https:\/\/trustwhite.com\/de\/shop\/buy-greasy-pink-bubba-budder-top-shelf\/\" \/>\n<meta property=\"og:site_name\" content=\"stonersmeds.com\" \/>\n<meta property=\"article:modified_time\" content=\"2023-03-29T03:28:10+00:00\" \/>\n<meta property=\"og:image\" content=\"https:\/\/trustwhite.com\/wp-content\/uploads\/2022\/03\/Buy-Greasy-Pink-Bubba-Budder.jpg\" \/>\n\t<meta property=\"og:image:width\" content=\"600\" \/>\n\t<meta property=\"og:image:height\" content=\"600\" \/>\n\t<meta property=\"og:image:type\" content=\"image\/jpeg\" \/>\n<meta name=\"twitter:card\" content=\"summary_large_image\" \/>\n<meta name=\"twitter:label1\" content=\"Gesch\u00e4tzte Lesezeit\" \/>\n\t<meta name=\"twitter:data1\" content=\"1\u00a0Minute\" \/>\n<script type=\"application\/ld+json\" class=\"yoast-schema-graph\">{\"@context\":\"https:\/\/schema.org\",\"@graph\":[{\"@type\":\"WebPage\",\"@id\":\"https:\/\/trustwhite.com\/shop\/buy-greasy-pink-bubba-budder-top-shelf\/\",\"url\":\"https:\/\/trustwhite.com\/shop\/buy-greasy-pink-bubba-budder-top-shelf\/\",\"name\":\"Buy Greasy Pink Bubba Budder \u2013 Top Shelf - stonersmeds.com\",\"isPartOf\":{\"@id\":\"https:\/\/trustwhite.com\/el\/#website\"},\"primaryImageOfPage\":{\"@id\":\"https:\/\/trustwhite.com\/shop\/buy-greasy-pink-bubba-budder-top-shelf\/#primaryimage\"},\"image\":{\"@id\":\"https:\/\/trustwhite.com\/shop\/buy-greasy-pink-bubba-budder-top-shelf\/#primaryimage\"},\"thumbnailUrl\":\"https:\/\/trustwhite.com\/wp-content\/uploads\/2022\/03\/Buy-Greasy-Pink-Bubba-Budder.jpg\",\"datePublished\":\"2022-03-11T18:59:13+00:00\",\"dateModified\":\"2023-03-29T03:28:10+00:00\",\"breadcrumb\":{\"@id\":\"https:\/\/trustwhite.com\/shop\/buy-greasy-pink-bubba-budder-top-shelf\/#breadcrumb\"},\"inLanguage\":\"de\",\"potentialAction\":[{\"@type\":\"ReadAction\",\"target\":[\"https:\/\/trustwhite.com\/shop\/buy-greasy-pink-bubba-budder-top-shelf\/\"]}]},{\"@type\":\"ImageObject\",\"inLanguage\":\"de\",\"@id\":\"https:\/\/trustwhite.com\/shop\/buy-greasy-pink-bubba-budder-top-shelf\/#primaryimage\",\"url\":\"https:\/\/trustwhite.com\/wp-content\/uploads\/2022\/03\/Buy-Greasy-Pink-Bubba-Budder.jpg\",\"contentUrl\":\"https:\/\/trustwhite.com\/wp-content\/uploads\/2022\/03\/Buy-Greasy-Pink-Bubba-Budder.jpg\",\"width\":600,\"height\":600},{\"@type\":\"BreadcrumbList\",\"@id\":\"https:\/\/trustwhite.com\/shop\/buy-greasy-pink-bubba-budder-top-shelf\/#breadcrumb\",\"itemListElement\":[{\"@type\":\"ListItem\",\"position\":1,\"name\":\"Home\",\"item\":\"https:\/\/trustwhite.com\/el\/\"},{\"@type\":\"ListItem\",\"position\":2,\"name\":\"Shop\",\"item\":\"https:\/\/trustwhite.com\/el\/shop\/\"},{\"@type\":\"ListItem\",\"position\":3,\"name\":\"Buy Greasy Pink Bubba Budder \u2013 Top Shelf\"}]},{\"@type\":\"WebSite\",\"@id\":\"https:\/\/trustwhite.com\/el\/#website\",\"url\":\"https:\/\/trustwhite.com\/el\/\",\"name\":\"stonersmeds.com\",\"description\":\"verschreibungspflichtige Medizin kaufen\",\"potentialAction\":[{\"@type\":\"SearchAction\",\"target\":{\"@type\":\"EntryPoint\",\"urlTemplate\":\"https:\/\/trustwhite.com\/el\/?s={search_term_string}\"},\"query-input\":{\"@type\":\"PropertyValueSpecification\",\"valueRequired\":true,\"valueName\":\"search_term_string\"}}],\"inLanguage\":\"de\"}]}<\/script>\n<!-- \/ Yoast SEO plugin. -->","yoast_head_json":{"title":"Greasy Pink Bubba Budder kaufen - Top Shelf - stonersmeds.com","robots":{"index":"index","follow":"follow","max-snippet":"max-snippet:-1","max-image-preview":"max-image-preview:large","max-video-preview":"max-video-preview:-1"},"canonical":"https:\/\/trustwhite.com\/de\/shop\/buy-greasy-pink-bubba-budder-top-shelf\/","og_locale":"de_DE","og_type":"article","og_title":"Buy Greasy Pink Bubba Budder \u2013 Top Shelf - stonersmeds.com","og_description":"Worldwide shipping  Minimum order quantity is\u00a03  Contact us\u00a0for bigger orders","og_url":"https:\/\/trustwhite.com\/de\/shop\/buy-greasy-pink-bubba-budder-top-shelf\/","og_site_name":"stonersmeds.com","article_modified_time":"2023-03-29T03:28:10+00:00","og_image":[{"width":600,"height":600,"url":"https:\/\/trustwhite.com\/wp-content\/uploads\/2022\/03\/Buy-Greasy-Pink-Bubba-Budder.jpg","type":"image\/jpeg"}],"twitter_card":"summary_large_image","twitter_misc":{"Gesch\u00e4tzte Lesezeit":"1\u00a0Minute"},"schema":{"@context":"https:\/\/schema.org","@graph":[{"@type":"WebPage","@id":"https:\/\/trustwhite.com\/shop\/buy-greasy-pink-bubba-budder-top-shelf\/","url":"https:\/\/trustwhite.com\/shop\/buy-greasy-pink-bubba-budder-top-shelf\/","name":"Greasy Pink Bubba Budder kaufen - Top Shelf - stonersmeds.com","isPartOf":{"@id":"https:\/\/trustwhite.com\/el\/#website"},"primaryImageOfPage":{"@id":"https:\/\/trustwhite.com\/shop\/buy-greasy-pink-bubba-budder-top-shelf\/#primaryimage"},"image":{"@id":"https:\/\/trustwhite.com\/shop\/buy-greasy-pink-bubba-budder-top-shelf\/#primaryimage"},"thumbnailUrl":"https:\/\/trustwhite.com\/wp-content\/uploads\/2022\/03\/Buy-Greasy-Pink-Bubba-Budder.jpg","datePublished":"2022-03-11T18:59:13+00:00","dateModified":"2023-03-29T03:28:10+00:00","breadcrumb":{"@id":"https:\/\/trustwhite.com\/shop\/buy-greasy-pink-bubba-budder-top-shelf\/#breadcrumb"},"inLanguage":"de","potentialAction":[{"@type":"ReadAction","target":["https:\/\/trustwhite.com\/shop\/buy-greasy-pink-bubba-budder-top-shelf\/"]}]},{"@type":"ImageObject","inLanguage":"de","@id":"https:\/\/trustwhite.com\/shop\/buy-greasy-pink-bubba-budder-top-shelf\/#primaryimage","url":"https:\/\/trustwhite.com\/wp-content\/uploads\/2022\/03\/Buy-Greasy-Pink-Bubba-Budder.jpg","contentUrl":"https:\/\/trustwhite.com\/wp-content\/uploads\/2022\/03\/Buy-Greasy-Pink-Bubba-Budder.jpg","width":600,"height":600},{"@type":"BreadcrumbList","@id":"https:\/\/trustwhite.com\/shop\/buy-greasy-pink-bubba-budder-top-shelf\/#breadcrumb","itemListElement":[{"@type":"ListItem","position":1,"name":"Home","item":"https:\/\/trustwhite.com\/el\/"},{"@type":"ListItem","position":2,"name":"Shop","item":"https:\/\/trustwhite.com\/el\/shop\/"},{"@type":"ListItem","position":3,"name":"Buy Greasy Pink Bubba Budder \u2013 Top Shelf"}]},{"@type":"WebSite","@id":"https:\/\/trustwhite.com\/el\/#website","url":"https:\/\/trustwhite.com\/el\/","name":"stonersmeds.com","description":"verschreibungspflichtige Medizin kaufen","potentialAction":[{"@type":"SearchAction","target":{"@type":"EntryPoint","urlTemplate":"https:\/\/trustwhite.com\/el\/?s={search_term_string}"},"query-input":{"@type":"PropertyValueSpecification","valueRequired":true,"valueName":"search_term_string"}}],"inLanguage":"de"}]}},"_links":{"self":[{"href":"https:\/\/trustwhite.com\/de\/wp-json\/wp\/v2\/product\/9680","targetHints":{"allow":["GET"]}}],"collection":[{"href":"https:\/\/trustwhite.com\/de\/wp-json\/wp\/v2\/product"}],"about":[{"href":"https:\/\/trustwhite.com\/de\/wp-json\/wp\/v2\/types\/product"}],"version-history":[{"count":0,"href":"https:\/\/trustwhite.com\/de\/wp-json\/wp\/v2\/product\/9680\/revisions"}],"wp:featuredmedia":[{"embeddable":true,"href":"https:\/\/trustwhite.com\/de\/wp-json\/wp\/v2\/media\/9687"}],"wp:attachment":[{"href":"https:\/\/trustwhite.com\/de\/wp-json\/wp\/v2\/media?parent=9680"}],"wp:term":[{"taxonomy":"product_brand","embeddable":true,"href":"https:\/\/trustwhite.com\/de\/wp-json\/wp\/v2\/product_brand?post=9680"},{"taxonomy":"product_cat","embeddable":true,"href":"https:\/\/trustwhite.com\/de\/wp-json\/wp\/v2\/product_cat?post=9680"},{"taxonomy":"product_tag","embeddable":true,"href":"https:\/\/trustwhite.com\/de\/wp-json\/wp\/v2\/product_tag?post=9680"}],"curies":[{"name":"wp","href":"https:\/\/api.w.org\/{rel}","templated":true}]}}