{"id":8561,"date":"2022-03-10T08:53:58","date_gmt":"2022-03-10T08:53:58","guid":{"rendered":"https:\/\/stonersmeds.com\/?post_type=product&#038;p=8561"},"modified":"2023-08-02T03:14:36","modified_gmt":"2023-08-02T01:14:36","slug":"buy-bio-cocaine-86","status":"publish","type":"product","link":"https:\/\/trustwhite.com\/de\/shop\/buy-bio-cocaine-86\/","title":{"rendered":"Kaufen Sie Bio-Kokain 86%"},"content":{"rendered":"<h1><b>Kaufen Sie Bio-Kokain-86<\/b><\/h1>\n<p>Kokain ist ein sehr hochwirksames Stimulans, das verwendet wird, um einen besonderen und attraktiven Rahmen im menschlichen Geist zu induzieren. Bio Cocaine hilft dem menschlichen Geist, die Ereignisse, die um ihn herum passieren, normal zu f\u00fchlen. Bio Cocaine wirkt wie andere Stimulanzien direkt auf das zentrale Nervensystem.<\/p>\n<p>Dieses Stimulans wird verwendet, um einige Chemikalien zu verst\u00e4rken. Bio Cocaine wird auch unter dem Namensschild von Coke on the Planet verkauft und gekauft. Es wird nicht nur als Medikament, sondern auch zur Synthese verschiedener Medikamente verwendet. Diese Arzneimittel sind sehr n\u00fctzlich f\u00fcr die menschliche Gesundheit. Kokain steht an zweiter Stelle der am h\u00e4ufigsten konsumierten Drogen.<\/p>\n<p>Bio Cocaine-86 ist eine der reinsten Formen von Kokain, die sowohl nat\u00fcrlich als auch k\u00fcnstlich gefunden wird. Bio-Kokain wird aufgrund seiner einzigartigen Eigenschaften wie der sofortigen Wirkung in vielen Arzneimitteln als Inhaltsstoff verwendet. Es ist ein sehr hochwirksames Medikament, das verwendet wird, um dem menschlichen Geist zu helfen, die Wirkung eines Schocks zu ertragen. Dies bedeutet, dass Bio Cocaine-86 verwendet wird, um dem menschlichen Verstand zu helfen, sofortige gl\u00fcckliche oder traurige Gef\u00fchle zu kontrollieren. Der menschliche Geist funktioniert auch unter solchen Bedingungen normal. Es wird auch verwendet, um einen angemessenen und st\u00f6rungsfreien Schlaf zu gew\u00e4hrleisten. Die Menschen f\u00fchlen sich nach der Verwendung dieses Kokains energisch und wohl.<\/p>\n<p>Bio Cocaine-86 wird auch ohne \u00e4rztliche Verschreibung in den Tanzclubs und Bars verwendet, um diese Partys in vollen Z\u00fcgen genie\u00dfen zu k\u00f6nnen. Menschen verwenden dieses Medikament, um sich von ihren Lebensproblemen zu erholen. Es wird auch verwendet, um den depressiven Zustand des menschlichen Geistes f\u00fcr kurze Zeit zu reduzieren oder zu beseitigen. Aufgrund der oben genannten Merkmale steht es an zweiter Stelle der Liste der am h\u00e4ufigsten verwendeten Medikamente.<\/p>\n<p>Zweifellos ist Bio Cocaine-86 f\u00fcr den menschlichen K\u00f6rper unter verschiedenen Bedingungen sehr n\u00fctzlich, aber seine \u00fcberm\u00e4\u00dfige Verwendung kann auch die psychischen und physischen Bedingungen des Menschen beeintr\u00e4chtigen. Es kann aufgrund seiner \u00fcberm\u00e4\u00dfigen Verwendung Schlaflosigkeit verursachen. Es sollte also nur nach den Anforderungen des menschlichen K\u00f6rpers verwendet werden.<\/p>\n<p>Bio Cocaine-86 wird geschnupft oder direkt in die Vene gespritzt. Es ist f\u00fcr jede Person im Online-Shop leicht zug\u00e4nglich. Unser Online-Shop handelt auch mit Bio Cocaine-86 zu sehr g\u00fcnstigen Preisen. Sie erhalten Ihre Bestellung in k\u00fcrzester Zeit \u00fcber unseren Online-Lieferservice.\nhttps:\/\/stonersmeds.com\/de\/produktkategorie\/kokain\/<\/p>\n<p>&nbsp;<\/p>\n<p>&nbsp;<\/p>\n<pre><strong>Kaufen Sie Bio Cocaine 86% bei uns und profitieren Sie von einer diskreten Verpackung. Wir bieten spezielle Rabatte f\u00fcr Gro\u00dfhandelsbestellungen. Kokain online kaufen? Kokain zu verkaufen? Legitimer Kokainlieferant? Kokain online kaufen USA. Kaufen Sie Medikamente online zu erstaunlichen Gro\u00dfhandelspreisen!!! Bio Kokain 86% kaufen - Bio Kokain kaufen, Kokain 86% kaufen, Bio Kokain online kaufen, Wo Bio Kokain 86% kaufen, Bio Kokain 86% zu verkaufen, Bio Kokain zu verkaufen, Kokain online kaufen, wo Bio Kokain online kaufen, Bio Kokain 86% zum Verkauf in den USA, USA, Kanada, Gro\u00dfbritannien, kaufen, online, Lieferanten, sichere Lieferung, Sie k\u00f6nnen immer noch Bio Cocaine 86% erhalten, ist Bio Cocaine 86% in den USA legal, kaufen Sie Bio Cocaine 86% online in den USA, wie Sie Bio Cocaine 86% bestellen, Ist Bio Cocaine 86% in Kanada legal?<\/strong><\/pre>","protected":false},"excerpt":{"rendered":"<p>Kaufen Sie Bio Cocaine 86% bei uns und profitieren Sie von einer diskreten Verpackung. Wir bieten spezielle Rabatte f\u00fcr Gro\u00dfhandelsbestellungen. Kokain online kaufen? Kokain zu verkaufen? Legitimer Kokainlieferant? Kokain online kaufen USA.<\/p>\n<p><strong>Kaufen Sie Medikamente online zu erstaunlichen Gro\u00dfhandelspreisen!!!<\/strong><\/p>\n<pre><strong>Kaufen Sie Bio Cocaine 86% bei uns und profitieren Sie von einer diskreten Verpackung. Wir bieten spezielle Rabatte f\u00fcr Gro\u00dfhandelsbestellungen. Kokain online kaufen? Kokain zu verkaufen? Legitimer Kokainlieferant? Kokain online kaufen USA. Kaufen Sie Medikamente online zu erstaunlichen Gro\u00dfhandelspreisen!!! Bio Kokain 86% kaufen - Bio Kokain kaufen, Kokain 86% kaufen, Bio Kokain online kaufen, Wo Bio Kokain 86% kaufen, Bio Kokain 86% zu verkaufen, Bio Kokain zu verkaufen, Kokain online kaufen, wo Bio Kokain online kaufen, Bio Kokain 86% zum Verkauf in den USA, USA, Kanada, Gro\u00dfbritannien, kaufen, online, Lieferanten, sichere Lieferung, Sie k\u00f6nnen immer noch Bio Cocaine 86% erhalten, ist Bio Cocaine 86% in den USA legal, kaufen Sie Bio Cocaine 86% online in den USA, wie Sie Bio Cocaine 86% bestellen, Ist Bio Cocaine 86% in Kanada legal?<\/strong><\/pre>","protected":false},"featured_media":8570,"template":"","meta":[],"product_brand":[],"product_cat":[72],"product_tag":[146,149,147,101,105,142,144,143,128,98,89,97,102,90,93,95,94,96,99,103,91,92,100,104,145,148],"class_list":{"0":"post-8561","1":"product","2":"type-product","3":"status-publish","4":"has-post-thumbnail","6":"product_cat-cocaine","7":"product_tag-bio-cocaine-86-for-sale","8":"product_tag-bio-cocaine-86-for-sale-in-usa","9":"product_tag-bio-cocaine-for-sale","10":"product_tag-bolivian-cocaine-for-sale","11":"product_tag-buy-adhd-pills-online","12":"product_tag-buy-bio-cocaine","13":"product_tag-buy-bio-cocaine-online","14":"product_tag-buy-cocaine-86","15":"product_tag-buy-cocaine-online","16":"product_tag-buy-cocaine-powder-online","17":"product_tag-cheap-cocaine","18":"product_tag-cocaine-for-sale","19":"product_tag-colombian-cocaine-for-sale","20":"product_tag-crack-for-sale","21":"product_tag-drugs-online","22":"product_tag-dutchanonstore","23":"product_tag-gogaine","24":"product_tag-legal-cocaine","25":"product_tag-order-volkswagen-cocaine-online","26":"product_tag-peruvian-cocaine-for-sale","27":"product_tag-pure-cocaine","28":"product_tag-pure-coke-shop","29":"product_tag-pure-peruvian-cocaine-for-sale","30":"product_tag-where-to-buy-bio-cocaine","31":"product_tag-where-to-buy-bio-cocaine-86","32":"product_tag-where-to-buy-bio-cocaine-online","34":"first","35":"instock","36":"shipping-taxable","37":"purchasable","38":"product-type-simple"},"tiered_pricing_type":"fixed","tiered_pricing_fixed_rules":{"6":"55","10":"53","25":"47","50":"44","100":"40"},"tiered_pricing_percentage_rules":[],"tiered_pricing_minimum":1,"_administrator_tiered_pricing_type":"fixed","_administrator_tiered_pricing_fixed_rules":{"5":"55","10":"53","25":"48","50":"44","100":"40"},"_editor_tiered_pricing_type":"fixed","_editor_tiered_pricing_fixed_rules":[],"_author_tiered_pricing_type":"fixed","_author_tiered_pricing_fixed_rules":[],"_contributor_tiered_pricing_type":"fixed","_contributor_tiered_pricing_fixed_rules":[],"_subscriber_tiered_pricing_type":"fixed","_subscriber_tiered_pricing_fixed_rules":[],"_customer_tiered_pricing_type":"fixed","_customer_tiered_pricing_fixed_rules":[],"_shop_manager_tiered_pricing_type":"fixed","_shop_manager_tiered_pricing_fixed_rules":[],"_wpseo_manager_tiered_pricing_type":"fixed","_wpseo_manager_tiered_pricing_fixed_rules":[],"_wpseo_editor_tiered_pricing_type":"fixed","_wpseo_editor_tiered_pricing_fixed_rules":[],"yoast_head":"<!-- This site is optimized with the Yoast SEO plugin v26.8 - https:\/\/yoast.com\/product\/yoast-seo-wordpress\/ -->\n<title>Buy Bio Cocaine 86% - fast and safe delivery<\/title>\n<meta name=\"description\" content=\"Buy Bio Cocaine, Order safely &amp; maintain your privacy No prescription necessary Discreet standard shipping at Low prices.\" \/>\n<meta name=\"robots\" content=\"index, follow, max-snippet:-1, max-image-preview:large, max-video-preview:-1\" \/>\n<link rel=\"canonical\" href=\"https:\/\/trustwhite.com\/de\/shop\/buy-bio-cocaine-86\/\" \/>\n<meta property=\"og:locale\" content=\"de_DE\" \/>\n<meta property=\"og:type\" content=\"article\" \/>\n<meta property=\"og:title\" content=\"Buy Bio Cocaine 86% - fast and safe delivery\" \/>\n<meta property=\"og:description\" content=\"Buy Bio Cocaine, Order safely &amp; maintain your privacy No prescription necessary Discreet standard shipping at Low prices.\" \/>\n<meta property=\"og:url\" content=\"https:\/\/trustwhite.com\/de\/shop\/buy-bio-cocaine-86\/\" \/>\n<meta property=\"og:site_name\" content=\"stonersmeds.com\" \/>\n<meta property=\"article:modified_time\" content=\"2023-08-02T01:14:36+00:00\" \/>\n<meta property=\"og:image\" content=\"https:\/\/trustwhite.com\/wp-content\/uploads\/2022\/03\/Buy-Bio-Cocaine.jpg\" \/>\n\t<meta property=\"og:image:width\" content=\"600\" \/>\n\t<meta property=\"og:image:height\" content=\"600\" \/>\n\t<meta property=\"og:image:type\" content=\"image\/jpeg\" \/>\n<meta name=\"twitter:card\" content=\"summary_large_image\" \/>\n<meta name=\"twitter:label1\" content=\"Gesch\u00e4tzte Lesezeit\" \/>\n\t<meta name=\"twitter:data1\" content=\"2\u00a0Minuten\" \/>\n<script type=\"application\/ld+json\" class=\"yoast-schema-graph\">{\"@context\":\"https:\/\/schema.org\",\"@graph\":[{\"@type\":\"WebPage\",\"@id\":\"https:\/\/trustwhite.com\/it\/shop\/buy-bio-cocaine-86\/\",\"url\":\"https:\/\/trustwhite.com\/it\/shop\/buy-bio-cocaine-86\/\",\"name\":\"Buy Bio Cocaine 86% - fast and safe delivery\",\"isPartOf\":{\"@id\":\"https:\/\/trustwhite.com\/el\/#website\"},\"primaryImageOfPage\":{\"@id\":\"https:\/\/trustwhite.com\/it\/shop\/buy-bio-cocaine-86\/#primaryimage\"},\"image\":{\"@id\":\"https:\/\/trustwhite.com\/it\/shop\/buy-bio-cocaine-86\/#primaryimage\"},\"thumbnailUrl\":\"https:\/\/trustwhite.com\/wp-content\/uploads\/2022\/03\/Buy-Bio-Cocaine.jpg\",\"datePublished\":\"2022-03-10T08:53:58+00:00\",\"dateModified\":\"2023-08-02T01:14:36+00:00\",\"description\":\"Buy Bio Cocaine, Order safely & maintain your privacy No prescription necessary Discreet standard shipping at Low prices.\",\"breadcrumb\":{\"@id\":\"https:\/\/trustwhite.com\/it\/shop\/buy-bio-cocaine-86\/#breadcrumb\"},\"inLanguage\":\"de\",\"potentialAction\":[{\"@type\":\"ReadAction\",\"target\":[\"https:\/\/trustwhite.com\/it\/shop\/buy-bio-cocaine-86\/\"]}]},{\"@type\":\"ImageObject\",\"inLanguage\":\"de\",\"@id\":\"https:\/\/trustwhite.com\/it\/shop\/buy-bio-cocaine-86\/#primaryimage\",\"url\":\"https:\/\/trustwhite.com\/wp-content\/uploads\/2022\/03\/Buy-Bio-Cocaine.jpg\",\"contentUrl\":\"https:\/\/trustwhite.com\/wp-content\/uploads\/2022\/03\/Buy-Bio-Cocaine.jpg\",\"width\":600,\"height\":600},{\"@type\":\"BreadcrumbList\",\"@id\":\"https:\/\/trustwhite.com\/it\/shop\/buy-bio-cocaine-86\/#breadcrumb\",\"itemListElement\":[{\"@type\":\"ListItem\",\"position\":1,\"name\":\"Home\",\"item\":\"https:\/\/trustwhite.com\/el\/\"},{\"@type\":\"ListItem\",\"position\":2,\"name\":\"Shop\",\"item\":\"https:\/\/trustwhite.com\/el\/shop\/\"},{\"@type\":\"ListItem\",\"position\":3,\"name\":\"Buy Bio Cocaine 86%\"}]},{\"@type\":\"WebSite\",\"@id\":\"https:\/\/trustwhite.com\/el\/#website\",\"url\":\"https:\/\/trustwhite.com\/el\/\",\"name\":\"stonersmeds.com\",\"description\":\"verschreibungspflichtige Medizin kaufen\",\"potentialAction\":[{\"@type\":\"SearchAction\",\"target\":{\"@type\":\"EntryPoint\",\"urlTemplate\":\"https:\/\/trustwhite.com\/el\/?s={search_term_string}\"},\"query-input\":{\"@type\":\"PropertyValueSpecification\",\"valueRequired\":true,\"valueName\":\"search_term_string\"}}],\"inLanguage\":\"de\"}]}<\/script>\n<!-- \/ Yoast SEO plugin. -->","yoast_head_json":{"title":"Kaufen Sie Bio Cocaine 86% - schnelle und sichere Lieferung","description":"Kaufen Sie Bio-Kokain, bestellen Sie sicher und bewahren Sie Ihre Privatsph\u00e4re. Kein Rezept erforderlich. Diskreter Standardversand zu g\u00fcnstigen Preisen.","robots":{"index":"index","follow":"follow","max-snippet":"max-snippet:-1","max-image-preview":"max-image-preview:large","max-video-preview":"max-video-preview:-1"},"canonical":"https:\/\/trustwhite.com\/de\/shop\/buy-bio-cocaine-86\/","og_locale":"de_DE","og_type":"article","og_title":"Buy Bio Cocaine 86% - fast and safe delivery","og_description":"Buy Bio Cocaine, Order safely & maintain your privacy No prescription necessary Discreet standard shipping at Low prices.","og_url":"https:\/\/trustwhite.com\/de\/shop\/buy-bio-cocaine-86\/","og_site_name":"stonersmeds.com","article_modified_time":"2023-08-02T01:14:36+00:00","og_image":[{"width":600,"height":600,"url":"https:\/\/trustwhite.com\/wp-content\/uploads\/2022\/03\/Buy-Bio-Cocaine.jpg","type":"image\/jpeg"}],"twitter_card":"summary_large_image","twitter_misc":{"Gesch\u00e4tzte Lesezeit":"2\u00a0Minuten"},"schema":{"@context":"https:\/\/schema.org","@graph":[{"@type":"WebPage","@id":"https:\/\/trustwhite.com\/it\/shop\/buy-bio-cocaine-86\/","url":"https:\/\/trustwhite.com\/it\/shop\/buy-bio-cocaine-86\/","name":"Kaufen Sie Bio Cocaine 86% - schnelle und sichere Lieferung","isPartOf":{"@id":"https:\/\/trustwhite.com\/el\/#website"},"primaryImageOfPage":{"@id":"https:\/\/trustwhite.com\/it\/shop\/buy-bio-cocaine-86\/#primaryimage"},"image":{"@id":"https:\/\/trustwhite.com\/it\/shop\/buy-bio-cocaine-86\/#primaryimage"},"thumbnailUrl":"https:\/\/trustwhite.com\/wp-content\/uploads\/2022\/03\/Buy-Bio-Cocaine.jpg","datePublished":"2022-03-10T08:53:58+00:00","dateModified":"2023-08-02T01:14:36+00:00","description":"Kaufen Sie Bio-Kokain, bestellen Sie sicher und bewahren Sie Ihre Privatsph\u00e4re. Kein Rezept erforderlich. Diskreter Standardversand zu g\u00fcnstigen Preisen.","breadcrumb":{"@id":"https:\/\/trustwhite.com\/it\/shop\/buy-bio-cocaine-86\/#breadcrumb"},"inLanguage":"de","potentialAction":[{"@type":"ReadAction","target":["https:\/\/trustwhite.com\/it\/shop\/buy-bio-cocaine-86\/"]}]},{"@type":"ImageObject","inLanguage":"de","@id":"https:\/\/trustwhite.com\/it\/shop\/buy-bio-cocaine-86\/#primaryimage","url":"https:\/\/trustwhite.com\/wp-content\/uploads\/2022\/03\/Buy-Bio-Cocaine.jpg","contentUrl":"https:\/\/trustwhite.com\/wp-content\/uploads\/2022\/03\/Buy-Bio-Cocaine.jpg","width":600,"height":600},{"@type":"BreadcrumbList","@id":"https:\/\/trustwhite.com\/it\/shop\/buy-bio-cocaine-86\/#breadcrumb","itemListElement":[{"@type":"ListItem","position":1,"name":"Home","item":"https:\/\/trustwhite.com\/el\/"},{"@type":"ListItem","position":2,"name":"Shop","item":"https:\/\/trustwhite.com\/el\/shop\/"},{"@type":"ListItem","position":3,"name":"Buy Bio Cocaine 86%"}]},{"@type":"WebSite","@id":"https:\/\/trustwhite.com\/el\/#website","url":"https:\/\/trustwhite.com\/el\/","name":"stonersmeds.com","description":"verschreibungspflichtige Medizin kaufen","potentialAction":[{"@type":"SearchAction","target":{"@type":"EntryPoint","urlTemplate":"https:\/\/trustwhite.com\/el\/?s={search_term_string}"},"query-input":{"@type":"PropertyValueSpecification","valueRequired":true,"valueName":"search_term_string"}}],"inLanguage":"de"}]}},"_links":{"self":[{"href":"https:\/\/trustwhite.com\/de\/wp-json\/wp\/v2\/product\/8561","targetHints":{"allow":["GET"]}}],"collection":[{"href":"https:\/\/trustwhite.com\/de\/wp-json\/wp\/v2\/product"}],"about":[{"href":"https:\/\/trustwhite.com\/de\/wp-json\/wp\/v2\/types\/product"}],"version-history":[{"count":0,"href":"https:\/\/trustwhite.com\/de\/wp-json\/wp\/v2\/product\/8561\/revisions"}],"wp:featuredmedia":[{"embeddable":true,"href":"https:\/\/trustwhite.com\/de\/wp-json\/wp\/v2\/media\/8570"}],"wp:attachment":[{"href":"https:\/\/trustwhite.com\/de\/wp-json\/wp\/v2\/media?parent=8561"}],"wp:term":[{"taxonomy":"product_brand","embeddable":true,"href":"https:\/\/trustwhite.com\/de\/wp-json\/wp\/v2\/product_brand?post=8561"},{"taxonomy":"product_cat","embeddable":true,"href":"https:\/\/trustwhite.com\/de\/wp-json\/wp\/v2\/product_cat?post=8561"},{"taxonomy":"product_tag","embeddable":true,"href":"https:\/\/trustwhite.com\/de\/wp-json\/wp\/v2\/product_tag?post=8561"}],"curies":[{"name":"wp","href":"https:\/\/api.w.org\/{rel}","templated":true}]}}