{"id":10590,"date":"2022-03-12T08:27:50","date_gmt":"2022-03-12T08:27:50","guid":{"rendered":"https:\/\/stonersmeds.com\/?post_type=product&#038;p=10590"},"modified":"2022-12-27T20:21:27","modified_gmt":"2022-12-27T18:21:27","slug":"buy-w-18-powder-online","status":"publish","type":"product","link":"https:\/\/trustwhite.com\/de\/shop\/buy-w-18-powder-online\/","title":{"rendered":"W-18-Pulver online kaufen"},"content":{"rendered":"<h1>W-18-Pulver online kaufen<\/h1>\n<p>W-18 Pulver online kaufen. Dies ist eine Forschungschemikalie, die nicht f\u00fcr den menschlichen Verzehr bestimmt ist.<\/p>\n<p>Eigenschaften<br \/>\nDieses Produkt wurde gem\u00e4\u00df den Richtlinien ISO17025:2005 und Guide 34:2009 hergestellt und getestet.<br \/>\nDieses Produkt ist zur Verwendung als analytischer Referenzstandard bestimmt.<br \/>\nSch\u00fcttgut ist f\u00fcr die akademische Forschung an qualifizierten Einrichtungen erh\u00e4ltlich; bitte wenden Sie sich an unsere Vertriebsabteilung, um die Preise zu erfahren.<br \/>\nW-18 (Art.-Nr. 15480) ist ein analytisches Referenzmaterial. Es hat sich als extrem starkes Analgetikum im Phenylchinon-Writhing-Assay der Maus erwiesen (IC50 = 3,7 ng\/kg, verglichen mit 38 \u00b5g\/kg f\u00fcr Morphin).1 Die physiologischen und toxikologischen Eigenschaften dieser Verbindung beim Menschen sind nicht bekannt. Dieses Produkt ist f\u00fcr forensische und Forschungszwecke bestimmt.<\/p>\n<p>&nbsp;<\/p>\n<pre><strong>W-18 Pulver online kaufen - W-18 Pulver kaufen, W-18 Pulver in den USA kaufen, W-18 Pulver online in den USA kaufen, Wo kann man W-18 Pulver kaufen, W-18 Pulver zum Verkauf, W-18 Pulver in der N\u00e4he von mir kaufen, W-18 Pulver online in der N\u00e4he von mir kaufen, Wo kann man W-18 Pulver online kaufen, W-18 Pulver zum Verkauf in den USA, USA, Kanada, Gro\u00dfbritannien, kaufen, online, Lieferanten, sichere Lieferung, Sie k\u00f6nnen immer noch W-18 Pulver bekommen, Ist W-18 Pulver legal in den USA, W-18 Pulver online in den USA kaufen, Wie kann man W-18 Pulver bestellen, Ist W-18 Pulver legal in Kanada<\/strong><\/pre>","protected":false},"excerpt":{"rendered":"<p>W-18 zum Verkauf | W-18 online kaufen | Wo Sie W-18 online kaufen k\u00f6nnen- Wo Sie W-18 Pulver online kaufen k\u00f6nnen. Dieses Produkt wurde nach den Richtlinien ISO17025:2005 und Guide 34:2009 hergestellt und getestet.<\/p>\n<pre><strong>W-18 Pulver online kaufen - W-18 Pulver kaufen, W-18 Pulver in den USA kaufen, W-18 Pulver online in den USA kaufen, Wo kann man W-18 Pulver kaufen, W-18 Pulver zum Verkauf, W-18 Pulver in der N\u00e4he von mir kaufen, W-18 Pulver online in der N\u00e4he von mir kaufen, Wo kann man W-18 Pulver online kaufen, W-18 Pulver zum Verkauf in den USA, USA, Kanada, Gro\u00dfbritannien, kaufen, online, Lieferanten, sichere Lieferung, Sie k\u00f6nnen immer noch W-18 Pulver bekommen, Ist W-18 Pulver legal in den USA, W-18 Pulver online in den USA kaufen, Wie kann man W-18 Pulver bestellen, Ist W-18 Pulver legal in Kanada<\/strong><\/pre>","protected":false},"featured_media":10607,"template":"","meta":[],"product_brand":[],"product_cat":[79],"product_tag":[452,458,454,453,463,464,462,456,460,457,455,459,461],"class_list":{"0":"post-10590","1":"product","2":"type-product","3":"status-publish","4":"has-post-thumbnail","6":"product_cat-research-chemicals-and-bath-salt","7":"product_tag-buy-w-18-powder","8":"product_tag-buy-w-18-powder-online-near-me","9":"product_tag-buy-w-18-powder-online-usa","10":"product_tag-buy-w-18-powder-usa","11":"product_tag-how-to-order-w-18-powder","12":"product_tag-is-w-18-powder-legal-in-canada","13":"product_tag-is-w-18-powder-legal-in-usa","14":"product_tag-w-18-powder-for-sale","15":"product_tag-w-18-powder-for-sale-in-usa","16":"product_tag-w-18-powder-for-sale-near-me","17":"product_tag-where-to-buy-w-18-powder","18":"product_tag-where-to-buy-w-18-powder-online","19":"product_tag-you-can-still-get-w-18-powder","21":"first","22":"instock","23":"shipping-taxable","24":"purchasable","25":"product-type-variable"},"tiered_pricing_type":"fixed","tiered_pricing_fixed_rules":[],"tiered_pricing_percentage_rules":[],"tiered_pricing_minimum":1,"_administrator_tiered_pricing_type":"fixed","_administrator_tiered_pricing_fixed_rules":[],"_editor_tiered_pricing_type":"fixed","_editor_tiered_pricing_fixed_rules":[],"_author_tiered_pricing_type":"fixed","_author_tiered_pricing_fixed_rules":[],"_contributor_tiered_pricing_type":"fixed","_contributor_tiered_pricing_fixed_rules":[],"_subscriber_tiered_pricing_type":"fixed","_subscriber_tiered_pricing_fixed_rules":[],"_customer_tiered_pricing_type":"fixed","_customer_tiered_pricing_fixed_rules":[],"_shop_manager_tiered_pricing_type":"fixed","_shop_manager_tiered_pricing_fixed_rules":[],"_wpseo_manager_tiered_pricing_type":"fixed","_wpseo_manager_tiered_pricing_fixed_rules":[],"_wpseo_editor_tiered_pricing_type":"fixed","_wpseo_editor_tiered_pricing_fixed_rules":[],"yoast_head":"<!-- This site is optimized with the Yoast SEO plugin v26.8 - https:\/\/yoast.com\/product\/yoast-seo-wordpress\/ -->\n<title>Buy W-18 powder online - Cheap price, Grade A++<\/title>\n<meta name=\"description\" content=\"Buy W-18 powder Online at an affordable price at stonersmeds. All products are lab qualified and have premium quality.\" \/>\n<meta name=\"robots\" content=\"index, follow, max-snippet:-1, max-image-preview:large, max-video-preview:-1\" \/>\n<link rel=\"canonical\" href=\"https:\/\/trustwhite.com\/de\/shop\/buy-w-18-powder-online\/\" \/>\n<meta property=\"og:locale\" content=\"de_DE\" \/>\n<meta property=\"og:type\" content=\"article\" \/>\n<meta property=\"og:title\" content=\"Buy W-18 powder online - Cheap price, Grade A++\" \/>\n<meta property=\"og:description\" content=\"Buy W-18 powder Online at an affordable price at stonersmeds. All products are lab qualified and have premium quality.\" \/>\n<meta property=\"og:url\" content=\"https:\/\/trustwhite.com\/de\/shop\/buy-w-18-powder-online\/\" \/>\n<meta property=\"og:site_name\" content=\"stonersmeds.com\" \/>\n<meta property=\"article:modified_time\" content=\"2022-12-27T18:21:27+00:00\" \/>\n<meta property=\"og:image\" content=\"https:\/\/trustwhite.com\/wp-content\/uploads\/2022\/03\/buy-w-18-powder-online.jpg\" \/>\n\t<meta property=\"og:image:width\" content=\"600\" \/>\n\t<meta property=\"og:image:height\" content=\"600\" \/>\n\t<meta property=\"og:image:type\" content=\"image\/jpeg\" \/>\n<meta name=\"twitter:card\" content=\"summary_large_image\" \/>\n<meta name=\"twitter:label1\" content=\"Gesch\u00e4tzte Lesezeit\" \/>\n\t<meta name=\"twitter:data1\" content=\"1\u00a0Minute\" \/>\n<script type=\"application\/ld+json\" class=\"yoast-schema-graph\">{\"@context\":\"https:\/\/schema.org\",\"@graph\":[{\"@type\":\"WebPage\",\"@id\":\"https:\/\/trustwhite.com\/shop\/buy-w-18-powder-online\/\",\"url\":\"https:\/\/trustwhite.com\/shop\/buy-w-18-powder-online\/\",\"name\":\"Buy W-18 powder online - Cheap price, Grade A++\",\"isPartOf\":{\"@id\":\"https:\/\/trustwhite.com\/el\/#website\"},\"primaryImageOfPage\":{\"@id\":\"https:\/\/trustwhite.com\/shop\/buy-w-18-powder-online\/#primaryimage\"},\"image\":{\"@id\":\"https:\/\/trustwhite.com\/shop\/buy-w-18-powder-online\/#primaryimage\"},\"thumbnailUrl\":\"https:\/\/trustwhite.com\/wp-content\/uploads\/2022\/03\/buy-w-18-powder-online.jpg\",\"datePublished\":\"2022-03-12T08:27:50+00:00\",\"dateModified\":\"2022-12-27T18:21:27+00:00\",\"description\":\"Buy W-18 powder Online at an affordable price at stonersmeds. All products are lab qualified and have premium quality.\",\"breadcrumb\":{\"@id\":\"https:\/\/trustwhite.com\/shop\/buy-w-18-powder-online\/#breadcrumb\"},\"inLanguage\":\"de\",\"potentialAction\":[{\"@type\":\"ReadAction\",\"target\":[\"https:\/\/trustwhite.com\/shop\/buy-w-18-powder-online\/\"]}]},{\"@type\":\"ImageObject\",\"inLanguage\":\"de\",\"@id\":\"https:\/\/trustwhite.com\/shop\/buy-w-18-powder-online\/#primaryimage\",\"url\":\"https:\/\/trustwhite.com\/wp-content\/uploads\/2022\/03\/buy-w-18-powder-online.jpg\",\"contentUrl\":\"https:\/\/trustwhite.com\/wp-content\/uploads\/2022\/03\/buy-w-18-powder-online.jpg\",\"width\":600,\"height\":600},{\"@type\":\"BreadcrumbList\",\"@id\":\"https:\/\/trustwhite.com\/shop\/buy-w-18-powder-online\/#breadcrumb\",\"itemListElement\":[{\"@type\":\"ListItem\",\"position\":1,\"name\":\"Home\",\"item\":\"https:\/\/trustwhite.com\/el\/\"},{\"@type\":\"ListItem\",\"position\":2,\"name\":\"Shop\",\"item\":\"https:\/\/trustwhite.com\/el\/shop\/\"},{\"@type\":\"ListItem\",\"position\":3,\"name\":\"Buy W-18 powder online\"}]},{\"@type\":\"WebSite\",\"@id\":\"https:\/\/trustwhite.com\/el\/#website\",\"url\":\"https:\/\/trustwhite.com\/el\/\",\"name\":\"stonersmeds.com\",\"description\":\"verschreibungspflichtige Medizin kaufen\",\"potentialAction\":[{\"@type\":\"SearchAction\",\"target\":{\"@type\":\"EntryPoint\",\"urlTemplate\":\"https:\/\/trustwhite.com\/el\/?s={search_term_string}\"},\"query-input\":{\"@type\":\"PropertyValueSpecification\",\"valueRequired\":true,\"valueName\":\"search_term_string\"}}],\"inLanguage\":\"de\"}]}<\/script>\n<!-- \/ Yoast SEO plugin. -->","yoast_head_json":{"title":"W-18 Pulver online kaufen - G\u00fcnstiger Preis, Qualit\u00e4t A++","description":"Kaufen Sie W-18 Pulver Online zu einem g\u00fcnstigen Preis bei stonersmeds. Alle Produkte sind Labor qualifiziert und haben Premium-Qualit\u00e4t.","robots":{"index":"index","follow":"follow","max-snippet":"max-snippet:-1","max-image-preview":"max-image-preview:large","max-video-preview":"max-video-preview:-1"},"canonical":"https:\/\/trustwhite.com\/de\/shop\/buy-w-18-powder-online\/","og_locale":"de_DE","og_type":"article","og_title":"Buy W-18 powder online - Cheap price, Grade A++","og_description":"Buy W-18 powder Online at an affordable price at stonersmeds. All products are lab qualified and have premium quality.","og_url":"https:\/\/trustwhite.com\/de\/shop\/buy-w-18-powder-online\/","og_site_name":"stonersmeds.com","article_modified_time":"2022-12-27T18:21:27+00:00","og_image":[{"width":600,"height":600,"url":"https:\/\/trustwhite.com\/wp-content\/uploads\/2022\/03\/buy-w-18-powder-online.jpg","type":"image\/jpeg"}],"twitter_card":"summary_large_image","twitter_misc":{"Gesch\u00e4tzte Lesezeit":"1\u00a0Minute"},"schema":{"@context":"https:\/\/schema.org","@graph":[{"@type":"WebPage","@id":"https:\/\/trustwhite.com\/shop\/buy-w-18-powder-online\/","url":"https:\/\/trustwhite.com\/shop\/buy-w-18-powder-online\/","name":"W-18 Pulver online kaufen - G\u00fcnstiger Preis, Qualit\u00e4t A++","isPartOf":{"@id":"https:\/\/trustwhite.com\/el\/#website"},"primaryImageOfPage":{"@id":"https:\/\/trustwhite.com\/shop\/buy-w-18-powder-online\/#primaryimage"},"image":{"@id":"https:\/\/trustwhite.com\/shop\/buy-w-18-powder-online\/#primaryimage"},"thumbnailUrl":"https:\/\/trustwhite.com\/wp-content\/uploads\/2022\/03\/buy-w-18-powder-online.jpg","datePublished":"2022-03-12T08:27:50+00:00","dateModified":"2022-12-27T18:21:27+00:00","description":"Kaufen Sie W-18 Pulver Online zu einem g\u00fcnstigen Preis bei stonersmeds. Alle Produkte sind Labor qualifiziert und haben Premium-Qualit\u00e4t.","breadcrumb":{"@id":"https:\/\/trustwhite.com\/shop\/buy-w-18-powder-online\/#breadcrumb"},"inLanguage":"de","potentialAction":[{"@type":"ReadAction","target":["https:\/\/trustwhite.com\/shop\/buy-w-18-powder-online\/"]}]},{"@type":"ImageObject","inLanguage":"de","@id":"https:\/\/trustwhite.com\/shop\/buy-w-18-powder-online\/#primaryimage","url":"https:\/\/trustwhite.com\/wp-content\/uploads\/2022\/03\/buy-w-18-powder-online.jpg","contentUrl":"https:\/\/trustwhite.com\/wp-content\/uploads\/2022\/03\/buy-w-18-powder-online.jpg","width":600,"height":600},{"@type":"BreadcrumbList","@id":"https:\/\/trustwhite.com\/shop\/buy-w-18-powder-online\/#breadcrumb","itemListElement":[{"@type":"ListItem","position":1,"name":"Home","item":"https:\/\/trustwhite.com\/el\/"},{"@type":"ListItem","position":2,"name":"Shop","item":"https:\/\/trustwhite.com\/el\/shop\/"},{"@type":"ListItem","position":3,"name":"Buy W-18 powder online"}]},{"@type":"WebSite","@id":"https:\/\/trustwhite.com\/el\/#website","url":"https:\/\/trustwhite.com\/el\/","name":"stonersmeds.com","description":"verschreibungspflichtige Medizin kaufen","potentialAction":[{"@type":"SearchAction","target":{"@type":"EntryPoint","urlTemplate":"https:\/\/trustwhite.com\/el\/?s={search_term_string}"},"query-input":{"@type":"PropertyValueSpecification","valueRequired":true,"valueName":"search_term_string"}}],"inLanguage":"de"}]}},"_links":{"self":[{"href":"https:\/\/trustwhite.com\/de\/wp-json\/wp\/v2\/product\/10590","targetHints":{"allow":["GET"]}}],"collection":[{"href":"https:\/\/trustwhite.com\/de\/wp-json\/wp\/v2\/product"}],"about":[{"href":"https:\/\/trustwhite.com\/de\/wp-json\/wp\/v2\/types\/product"}],"version-history":[{"count":0,"href":"https:\/\/trustwhite.com\/de\/wp-json\/wp\/v2\/product\/10590\/revisions"}],"wp:featuredmedia":[{"embeddable":true,"href":"https:\/\/trustwhite.com\/de\/wp-json\/wp\/v2\/media\/10607"}],"wp:attachment":[{"href":"https:\/\/trustwhite.com\/de\/wp-json\/wp\/v2\/media?parent=10590"}],"wp:term":[{"taxonomy":"product_brand","embeddable":true,"href":"https:\/\/trustwhite.com\/de\/wp-json\/wp\/v2\/product_brand?post=10590"},{"taxonomy":"product_cat","embeddable":true,"href":"https:\/\/trustwhite.com\/de\/wp-json\/wp\/v2\/product_cat?post=10590"},{"taxonomy":"product_tag","embeddable":true,"href":"https:\/\/trustwhite.com\/de\/wp-json\/wp\/v2\/product_tag?post=10590"}],"curies":[{"name":"wp","href":"https:\/\/api.w.org\/{rel}","templated":true}]}}