{"id":10556,"date":"2022-03-12T08:18:15","date_gmt":"2022-03-12T08:18:15","guid":{"rendered":"https:\/\/stonersmeds.com\/?post_type=product&#038;p=10556"},"modified":"2022-12-29T21:13:28","modified_gmt":"2022-12-29T19:13:28","slug":"buy-tranquility-bath-salt-online","status":"publish","type":"product","link":"https:\/\/trustwhite.com\/de\/shop\/buy-tranquility-bath-salt-online\/","title":{"rendered":"Tranquility Badesalz online kaufen"},"content":{"rendered":"<h1>Tranquility Badesalz online kaufen<\/h1>\n<p>Kaufen Sie Tranquility Bath Salts online von einem seri\u00f6sen Verk\u00e4ufer. Wir bieten die h\u00f6chste Qualit\u00e4t Bad Produkte wie Badesalze. Badesalze bieten ein sanftes und sinnliches Bad, das Sie sauber macht. Wir garantieren unseren Kunden jedoch die h\u00f6chste Qualit\u00e4t, die auf dem Markt erh\u00e4ltlich ist. Allerdings haben wir Gro\u00df-und Einzelhandel andere konzentrierte Badesalz zu erschwinglichen Preisen.<\/p>\n<p>Unsere Badesalze haben einen sehr starken Duft!<br \/>\nWhite Girl Bath Salts wurde entwickelt, um Ihr Bad auf die n\u00e4chste Stufe der Stimulation, Energie und Euphorie zu bringen. Nur eine kleine Menge ist f\u00fcr eine tiefgreifende Wirkung erforderlich. F\u00fcgen Sie jedoch eine kleine Menge in eine hei\u00dfe Wanne, um das Wasser nat\u00fcrlich zu erweichen. Sie werden sich jedoch sehr energiegeladen und gl\u00fccklich f\u00fchlen.<\/p>\n<p>Die Menschen verwenden es jedoch, um die nat\u00fcrlichen hei\u00dfen Quellen des griechischen Meeres zu imitieren. Hinweis: Tranquility Bath Salts sind starke meditative Badesalze. Gehen Sie anfangs sparsam damit um, denn zu viel davon tr\u00fcbt das Badewasser und macht Sie ungl\u00fccklich. Bei richtiger Anwendung kann Tranquility Bath Salts Ihnen jedoch helfen, H\u00f6hen zu erreichen, von denen Sie dachten, sie seien unerreichbar.<\/p>\n<p>Tauchen Sie ein in ein Bad mit rosa Himalaya-Salz - ein Seelenfrieden, der Ihren Geist neu erfindet und Ihren K\u00f6rper entspannt. Dieses entgiftende Salz beseitigt vor\u00fcbergehend Schadstoffe.<\/p>\n<pre><strong>Tranquility Badesalz online kaufen - Tranquility Badesalz kaufen , Tranquility Badesalz kaufen usa , Tranquility Badesalz online kaufen USA , Wo kann man Tranquility Badesalz kaufen , Tranquility Badesalz zu verkaufen, Tranquility Badesalz zu verkaufen in meiner N\u00e4he , Tranquility Badesalz online kaufen in meiner N\u00e4he , wo kann man Tranquility Badesalz online kaufen , Tranquility Bath Salt for sale in usa , USA, canada,uk, buy, online, suppliers, safe delivery, You can still get Tranquility Bath Salt , Is Tranquility Bath Salt legal in usa, buy Tranquility Bath Salt online usa, how to order Tranquility Bath Salt , Is Tranquility Bath Salt legal in Canada<\/strong><\/pre>","protected":false},"excerpt":{"rendered":"<p>Kaufen Sie Tranquility Badesalz online JETZT, wir bieten hochwertige Badeprodukte wie Badesalz, um Ihnen ein sanftes und sinnliches Bad zu bieten, das Ihnen ein sauberes Gef\u00fchl gibt. Wenn Sie \"Badesalz online bestellen\" bei uns, sind Sie garantiert die beste Qualit\u00e4t auf dem Markt. Wir bieten Gro\u00df- und Einzelhandel von anderen konzentrierten Badesalzen zu guten Preisen.<\/p>\n<pre><strong>Tranquility Badesalz online kaufen - Tranquility Badesalz kaufen , Tranquility Badesalz kaufen usa , Tranquility Badesalz online kaufen USA , Wo kann man Tranquility Badesalz kaufen , Tranquility Badesalz zu verkaufen, Tranquility Badesalz zu verkaufen in meiner N\u00e4he , Tranquility Badesalz online kaufen in meiner N\u00e4he , wo kann man Tranquility Badesalz online kaufen , Tranquility Bath Salt for sale in usa , USA, canada,uk, buy, online, suppliers, safe delivery, You can still get Tranquility Bath Salt , Is Tranquility Bath Salt legal in usa, buy Tranquility Bath Salt online usa, how to order Tranquility Bath Salt , Is Tranquility Bath Salt legal in Canada<\/strong><\/pre>","protected":false},"featured_media":10568,"template":"","meta":[],"product_brand":[],"product_cat":[79],"product_tag":[525,529,526,533,528,527,537,538,536,531,535,532,530,534],"class_list":{"0":"post-10556","1":"product","2":"type-product","3":"status-publish","4":"has-post-thumbnail","6":"product_cat-research-chemicals-and-bath-salt","7":"product_tag-buy-concentrated-bath-salts","8":"product_tag-buy-tranquility-bath-salt-online","9":"product_tag-buy-tranquility-bath-salt-online-india","10":"product_tag-buy-tranquility-bath-salt-online-near-me","11":"product_tag-buy-tranquility-bath-salt-online-store","12":"product_tag-buy-tranquility-bath-salt-online-usa","13":"product_tag-how-to-order-tranquility-bath-salt","14":"product_tag-is-tranquility-bath-salt-legal-in-canada","15":"product_tag-is-tranquility-bath-salt-legal-in-usa","16":"product_tag-tranquility-bath-salt-for-sale","17":"product_tag-tranquility-bath-salt-for-sale-in-usa","18":"product_tag-tranquility-bath-salt-for-sale-near-me","19":"product_tag-where-to-buy-tranquility-bath-salt","20":"product_tag-where-to-buy-tranquility-bath-salt-online","22":"first","23":"instock","24":"shipping-taxable","25":"purchasable","26":"product-type-variable"},"tiered_pricing_type":"fixed","tiered_pricing_fixed_rules":[],"tiered_pricing_percentage_rules":[],"tiered_pricing_minimum":1,"_administrator_tiered_pricing_type":"fixed","_administrator_tiered_pricing_fixed_rules":[],"_editor_tiered_pricing_type":"fixed","_editor_tiered_pricing_fixed_rules":[],"_author_tiered_pricing_type":"fixed","_author_tiered_pricing_fixed_rules":[],"_contributor_tiered_pricing_type":"fixed","_contributor_tiered_pricing_fixed_rules":[],"_subscriber_tiered_pricing_type":"fixed","_subscriber_tiered_pricing_fixed_rules":[],"_customer_tiered_pricing_type":"fixed","_customer_tiered_pricing_fixed_rules":[],"_shop_manager_tiered_pricing_type":"fixed","_shop_manager_tiered_pricing_fixed_rules":[],"_wpseo_manager_tiered_pricing_type":"fixed","_wpseo_manager_tiered_pricing_fixed_rules":[],"_wpseo_editor_tiered_pricing_type":"fixed","_wpseo_editor_tiered_pricing_fixed_rules":[],"yoast_head":"<!-- This site is optimized with the Yoast SEO plugin v26.8 - https:\/\/yoast.com\/product\/yoast-seo-wordpress\/ -->\n<title>Buy Tranquility Bath Salt Online - Cheap price, Grade A++<\/title>\n<meta name=\"description\" content=\"Buy Tranquility Bath Salt Online at an affordable price at stonersmeds. All products are lab qualified and have premium quality.\" \/>\n<meta name=\"robots\" content=\"index, follow, max-snippet:-1, max-image-preview:large, max-video-preview:-1\" \/>\n<link rel=\"canonical\" href=\"https:\/\/trustwhite.com\/de\/shop\/buy-tranquility-bath-salt-online\/\" \/>\n<meta property=\"og:locale\" content=\"de_DE\" \/>\n<meta property=\"og:type\" content=\"article\" \/>\n<meta property=\"og:title\" content=\"Buy Tranquility Bath Salt Online - Cheap price, Grade A++\" \/>\n<meta property=\"og:description\" content=\"Buy Tranquility Bath Salt Online at an affordable price at stonersmeds. All products are lab qualified and have premium quality.\" \/>\n<meta property=\"og:url\" content=\"https:\/\/trustwhite.com\/de\/shop\/buy-tranquility-bath-salt-online\/\" \/>\n<meta property=\"og:site_name\" content=\"stonersmeds.com\" \/>\n<meta property=\"article:modified_time\" content=\"2022-12-29T19:13:28+00:00\" \/>\n<meta property=\"og:image\" content=\"https:\/\/trustwhite.com\/wp-content\/uploads\/2022\/03\/buy-tranquility-bath-salt-online.jpg\" \/>\n\t<meta property=\"og:image:width\" content=\"600\" \/>\n\t<meta property=\"og:image:height\" content=\"600\" \/>\n\t<meta property=\"og:image:type\" content=\"image\/jpeg\" \/>\n<meta name=\"twitter:card\" content=\"summary_large_image\" \/>\n<meta name=\"twitter:label1\" content=\"Gesch\u00e4tzte Lesezeit\" \/>\n\t<meta name=\"twitter:data1\" content=\"2\u00a0Minuten\" \/>\n<script type=\"application\/ld+json\" class=\"yoast-schema-graph\">{\"@context\":\"https:\/\/schema.org\",\"@graph\":[{\"@type\":\"WebPage\",\"@id\":\"https:\/\/trustwhite.com\/shop\/buy-tranquility-bath-salt-online\/\",\"url\":\"https:\/\/trustwhite.com\/shop\/buy-tranquility-bath-salt-online\/\",\"name\":\"Buy Tranquility Bath Salt Online - Cheap price, Grade A++\",\"isPartOf\":{\"@id\":\"https:\/\/trustwhite.com\/el\/#website\"},\"primaryImageOfPage\":{\"@id\":\"https:\/\/trustwhite.com\/shop\/buy-tranquility-bath-salt-online\/#primaryimage\"},\"image\":{\"@id\":\"https:\/\/trustwhite.com\/shop\/buy-tranquility-bath-salt-online\/#primaryimage\"},\"thumbnailUrl\":\"https:\/\/trustwhite.com\/wp-content\/uploads\/2022\/03\/buy-tranquility-bath-salt-online.jpg\",\"datePublished\":\"2022-03-12T08:18:15+00:00\",\"dateModified\":\"2022-12-29T19:13:28+00:00\",\"description\":\"Buy Tranquility Bath Salt Online at an affordable price at stonersmeds. All products are lab qualified and have premium quality.\",\"breadcrumb\":{\"@id\":\"https:\/\/trustwhite.com\/shop\/buy-tranquility-bath-salt-online\/#breadcrumb\"},\"inLanguage\":\"de\",\"potentialAction\":[{\"@type\":\"ReadAction\",\"target\":[\"https:\/\/trustwhite.com\/shop\/buy-tranquility-bath-salt-online\/\"]}]},{\"@type\":\"ImageObject\",\"inLanguage\":\"de\",\"@id\":\"https:\/\/trustwhite.com\/shop\/buy-tranquility-bath-salt-online\/#primaryimage\",\"url\":\"https:\/\/trustwhite.com\/wp-content\/uploads\/2022\/03\/buy-tranquility-bath-salt-online.jpg\",\"contentUrl\":\"https:\/\/trustwhite.com\/wp-content\/uploads\/2022\/03\/buy-tranquility-bath-salt-online.jpg\",\"width\":600,\"height\":600},{\"@type\":\"BreadcrumbList\",\"@id\":\"https:\/\/trustwhite.com\/shop\/buy-tranquility-bath-salt-online\/#breadcrumb\",\"itemListElement\":[{\"@type\":\"ListItem\",\"position\":1,\"name\":\"Home\",\"item\":\"https:\/\/trustwhite.com\/el\/\"},{\"@type\":\"ListItem\",\"position\":2,\"name\":\"Shop\",\"item\":\"https:\/\/trustwhite.com\/el\/shop\/\"},{\"@type\":\"ListItem\",\"position\":3,\"name\":\"Buy Tranquility Bath Salt Online\"}]},{\"@type\":\"WebSite\",\"@id\":\"https:\/\/trustwhite.com\/el\/#website\",\"url\":\"https:\/\/trustwhite.com\/el\/\",\"name\":\"stonersmeds.com\",\"description\":\"verschreibungspflichtige Medizin kaufen\",\"potentialAction\":[{\"@type\":\"SearchAction\",\"target\":{\"@type\":\"EntryPoint\",\"urlTemplate\":\"https:\/\/trustwhite.com\/el\/?s={search_term_string}\"},\"query-input\":{\"@type\":\"PropertyValueSpecification\",\"valueRequired\":true,\"valueName\":\"search_term_string\"}}],\"inLanguage\":\"de\"}]}<\/script>\n<!-- \/ Yoast SEO plugin. -->","yoast_head_json":{"title":"Tranquility Badesalz online kaufen - G\u00fcnstiger Preis, Qualit\u00e4t A++","description":"Tranquility Badesalz Online zu einem g\u00fcnstigen Preis bei stonersmeds kaufen. Alle Produkte sind Labor qualifiziert und haben Premium-Qualit\u00e4t.","robots":{"index":"index","follow":"follow","max-snippet":"max-snippet:-1","max-image-preview":"max-image-preview:large","max-video-preview":"max-video-preview:-1"},"canonical":"https:\/\/trustwhite.com\/de\/shop\/buy-tranquility-bath-salt-online\/","og_locale":"de_DE","og_type":"article","og_title":"Buy Tranquility Bath Salt Online - Cheap price, Grade A++","og_description":"Buy Tranquility Bath Salt Online at an affordable price at stonersmeds. All products are lab qualified and have premium quality.","og_url":"https:\/\/trustwhite.com\/de\/shop\/buy-tranquility-bath-salt-online\/","og_site_name":"stonersmeds.com","article_modified_time":"2022-12-29T19:13:28+00:00","og_image":[{"width":600,"height":600,"url":"https:\/\/trustwhite.com\/wp-content\/uploads\/2022\/03\/buy-tranquility-bath-salt-online.jpg","type":"image\/jpeg"}],"twitter_card":"summary_large_image","twitter_misc":{"Gesch\u00e4tzte Lesezeit":"2\u00a0Minuten"},"schema":{"@context":"https:\/\/schema.org","@graph":[{"@type":"WebPage","@id":"https:\/\/trustwhite.com\/shop\/buy-tranquility-bath-salt-online\/","url":"https:\/\/trustwhite.com\/shop\/buy-tranquility-bath-salt-online\/","name":"Tranquility Badesalz online kaufen - G\u00fcnstiger Preis, Qualit\u00e4t A++","isPartOf":{"@id":"https:\/\/trustwhite.com\/el\/#website"},"primaryImageOfPage":{"@id":"https:\/\/trustwhite.com\/shop\/buy-tranquility-bath-salt-online\/#primaryimage"},"image":{"@id":"https:\/\/trustwhite.com\/shop\/buy-tranquility-bath-salt-online\/#primaryimage"},"thumbnailUrl":"https:\/\/trustwhite.com\/wp-content\/uploads\/2022\/03\/buy-tranquility-bath-salt-online.jpg","datePublished":"2022-03-12T08:18:15+00:00","dateModified":"2022-12-29T19:13:28+00:00","description":"Tranquility Badesalz Online zu einem g\u00fcnstigen Preis bei stonersmeds kaufen. Alle Produkte sind Labor qualifiziert und haben Premium-Qualit\u00e4t.","breadcrumb":{"@id":"https:\/\/trustwhite.com\/shop\/buy-tranquility-bath-salt-online\/#breadcrumb"},"inLanguage":"de","potentialAction":[{"@type":"ReadAction","target":["https:\/\/trustwhite.com\/shop\/buy-tranquility-bath-salt-online\/"]}]},{"@type":"ImageObject","inLanguage":"de","@id":"https:\/\/trustwhite.com\/shop\/buy-tranquility-bath-salt-online\/#primaryimage","url":"https:\/\/trustwhite.com\/wp-content\/uploads\/2022\/03\/buy-tranquility-bath-salt-online.jpg","contentUrl":"https:\/\/trustwhite.com\/wp-content\/uploads\/2022\/03\/buy-tranquility-bath-salt-online.jpg","width":600,"height":600},{"@type":"BreadcrumbList","@id":"https:\/\/trustwhite.com\/shop\/buy-tranquility-bath-salt-online\/#breadcrumb","itemListElement":[{"@type":"ListItem","position":1,"name":"Home","item":"https:\/\/trustwhite.com\/el\/"},{"@type":"ListItem","position":2,"name":"Shop","item":"https:\/\/trustwhite.com\/el\/shop\/"},{"@type":"ListItem","position":3,"name":"Buy Tranquility Bath Salt Online"}]},{"@type":"WebSite","@id":"https:\/\/trustwhite.com\/el\/#website","url":"https:\/\/trustwhite.com\/el\/","name":"stonersmeds.com","description":"verschreibungspflichtige Medizin kaufen","potentialAction":[{"@type":"SearchAction","target":{"@type":"EntryPoint","urlTemplate":"https:\/\/trustwhite.com\/el\/?s={search_term_string}"},"query-input":{"@type":"PropertyValueSpecification","valueRequired":true,"valueName":"search_term_string"}}],"inLanguage":"de"}]}},"_links":{"self":[{"href":"https:\/\/trustwhite.com\/de\/wp-json\/wp\/v2\/product\/10556","targetHints":{"allow":["GET"]}}],"collection":[{"href":"https:\/\/trustwhite.com\/de\/wp-json\/wp\/v2\/product"}],"about":[{"href":"https:\/\/trustwhite.com\/de\/wp-json\/wp\/v2\/types\/product"}],"version-history":[{"count":0,"href":"https:\/\/trustwhite.com\/de\/wp-json\/wp\/v2\/product\/10556\/revisions"}],"wp:featuredmedia":[{"embeddable":true,"href":"https:\/\/trustwhite.com\/de\/wp-json\/wp\/v2\/media\/10568"}],"wp:attachment":[{"href":"https:\/\/trustwhite.com\/de\/wp-json\/wp\/v2\/media?parent=10556"}],"wp:term":[{"taxonomy":"product_brand","embeddable":true,"href":"https:\/\/trustwhite.com\/de\/wp-json\/wp\/v2\/product_brand?post=10556"},{"taxonomy":"product_cat","embeddable":true,"href":"https:\/\/trustwhite.com\/de\/wp-json\/wp\/v2\/product_cat?post=10556"},{"taxonomy":"product_tag","embeddable":true,"href":"https:\/\/trustwhite.com\/de\/wp-json\/wp\/v2\/product_tag?post=10556"}],"curies":[{"name":"wp","href":"https:\/\/api.w.org\/{rel}","templated":true}]}}