{"id":10513,"date":"2022-03-12T08:05:25","date_gmt":"2022-03-12T08:05:25","guid":{"rendered":"https:\/\/stonersmeds.com\/?post_type=product&#038;p=10513"},"modified":"2022-12-29T21:12:57","modified_gmt":"2022-12-29T19:12:57","slug":"buy-jwh-200-powder-online","status":"publish","type":"product","link":"https:\/\/trustwhite.com\/de\/shop\/buy-jwh-200-powder-online\/","title":{"rendered":"Kaufen Sie JWH-200-Pulver online"},"content":{"rendered":"<h1>JWH-200 Pulver online kaufen.<\/h1>\n<p>WH-200 Pulver:<br \/>\nJWH-200 ist eine analgetische Chemikalie aus der Familie der Aminoalkynyle, die als Cannabinoidrezeptor-Agonist wirkt. JWH 200 ist ein Aminoalkylindol, das als Cannabinoidrezeptor (CB)-Ligand wirkt. Es bindet mit hoher Affinit\u00e4t an den CB1-Rezeptor (IC50 = 7,8-42 nM<\/p>\n<p>JWH 200 ist ein Aminoalkylindol, das als Ligand des Cannabinoidrezeptors (CB) wirkt. Es bindet mit hoher Affinit\u00e4t an den CB1-Rezeptor (IC50 = 7,8-42 nM). 1.2. Die Wirkungen von JWH 200 auf die Bewegungsaktivit\u00e4t, die Schwanzlatenz, die Hypothermie und den Ring-Immobilit\u00e4tstest waren mit denen von 99-THC oder WIN 55.212 vergleichbar oder besser.<\/p>\n<div><\/div>\n<div><\/div>\n<pre><strong>JWH-200 Pulver online kaufen - Pulver kaufen, JWH-200 Pulver kaufen, Pulver online kaufen, Wo kann man JWH-200 Pulver kaufen, JWH-200 Pulver zum Verkauf, Pulver zum Verkauf, JWH-200 online kaufen, wo kann man JWH-200 Pulver online kaufen, JWH-200 Pulver zum Verkauf in usa , USA, Kanada, Gro\u00dfbritannien, kaufen, online, Lieferanten, sichere Lieferung, Sie k\u00f6nnen immer noch JWH-200-Pulver , Ist JWH-200-Pulver legal in den usa, kaufen JWH-200-Pulver online usa, wie man JWH-200-Pulver bestellen , Ist JWH-200-Pulver legal in Kanada<\/strong><\/pre>","protected":false},"excerpt":{"rendered":"<p>JWH-200 Pulver online kaufen. (1-(2-Morpholin-4-ylethyl)indol- 3-yl)-naphthalen-1-ylmethanon ist ein anderer Name. Kommen Sie und kaufen Sie jetzt!. Wir haben die beste diskrete Verpackung snd Versand Methode.<\/p>\n<pre><\/pre>","protected":false},"featured_media":10519,"template":"","meta":[],"product_brand":[],"product_cat":[79],"product_tag":[612,609,617,540,618,619,616,611,614,543,610,613,615],"class_list":{"0":"post-10513","1":"product","2":"type-product","3":"status-publish","4":"has-post-thumbnail","6":"product_cat-research-chemicals-and-bath-salt","7":"product_tag-buy-jwh-200-online","8":"product_tag-buy-jwh-200-powder","9":"product_tag-buy-jwh-200-powder-online-usa","10":"product_tag-buy-powder-online","11":"product_tag-how-to-order-jwh-200-powder","12":"product_tag-is-jwh-200-powder-legal-in-canada","13":"product_tag-is-jwh-200-powder-legal-in-usa","14":"product_tag-jwh-200-powder-for-sale","15":"product_tag-jwh-200-powder-for-sale-in-usa","16":"product_tag-powder-for-sale","17":"product_tag-where-to-buy-jwh-200-powder","18":"product_tag-where-to-buy-jwh-200-powder-online","19":"product_tag-you-can-still-get-jwh-200-powder","21":"first","22":"instock","23":"shipping-taxable","24":"purchasable","25":"product-type-variable"},"tiered_pricing_type":"fixed","tiered_pricing_fixed_rules":[],"tiered_pricing_percentage_rules":[],"tiered_pricing_minimum":1,"_administrator_tiered_pricing_type":"fixed","_administrator_tiered_pricing_fixed_rules":[],"_editor_tiered_pricing_type":"fixed","_editor_tiered_pricing_fixed_rules":[],"_author_tiered_pricing_type":"fixed","_author_tiered_pricing_fixed_rules":[],"_contributor_tiered_pricing_type":"fixed","_contributor_tiered_pricing_fixed_rules":[],"_subscriber_tiered_pricing_type":"fixed","_subscriber_tiered_pricing_fixed_rules":[],"_customer_tiered_pricing_type":"fixed","_customer_tiered_pricing_fixed_rules":[],"_shop_manager_tiered_pricing_type":"fixed","_shop_manager_tiered_pricing_fixed_rules":[],"_wpseo_manager_tiered_pricing_type":"fixed","_wpseo_manager_tiered_pricing_fixed_rules":[],"_wpseo_editor_tiered_pricing_type":"fixed","_wpseo_editor_tiered_pricing_fixed_rules":[],"yoast_head":"<!-- This site is optimized with the Yoast SEO plugin v26.8 - https:\/\/yoast.com\/product\/yoast-seo-wordpress\/ -->\n<title>Buy JWH-200 powder online - Cheap price, Grade A++<\/title>\n<meta name=\"description\" content=\"Buy JWH-200 powder Online at an affordable price at stonersmeds. All products are lab qualified and have premium quality.\" \/>\n<meta name=\"robots\" content=\"index, follow, max-snippet:-1, max-image-preview:large, max-video-preview:-1\" \/>\n<link rel=\"canonical\" href=\"https:\/\/trustwhite.com\/de\/shop\/buy-jwh-200-powder-online\/\" \/>\n<meta property=\"og:locale\" content=\"de_DE\" \/>\n<meta property=\"og:type\" content=\"article\" \/>\n<meta property=\"og:title\" content=\"Buy JWH-200 powder online - Cheap price, Grade A++\" \/>\n<meta property=\"og:description\" content=\"Buy JWH-200 powder Online at an affordable price at stonersmeds. All products are lab qualified and have premium quality.\" \/>\n<meta property=\"og:url\" content=\"https:\/\/trustwhite.com\/de\/shop\/buy-jwh-200-powder-online\/\" \/>\n<meta property=\"og:site_name\" content=\"stonersmeds.com\" \/>\n<meta property=\"article:modified_time\" content=\"2022-12-29T19:12:57+00:00\" \/>\n<meta property=\"og:image\" content=\"https:\/\/trustwhite.com\/wp-content\/uploads\/2022\/03\/Buy-JWH-200-powder-online.jpg\" \/>\n\t<meta property=\"og:image:width\" content=\"600\" \/>\n\t<meta property=\"og:image:height\" content=\"600\" \/>\n\t<meta property=\"og:image:type\" content=\"image\/jpeg\" \/>\n<meta name=\"twitter:card\" content=\"summary_large_image\" \/>\n<meta name=\"twitter:label1\" content=\"Gesch\u00e4tzte Lesezeit\" \/>\n\t<meta name=\"twitter:data1\" content=\"1\u00a0Minute\" \/>\n<script type=\"application\/ld+json\" class=\"yoast-schema-graph\">{\"@context\":\"https:\/\/schema.org\",\"@graph\":[{\"@type\":\"WebPage\",\"@id\":\"https:\/\/trustwhite.com\/shop\/buy-jwh-200-powder-online\/\",\"url\":\"https:\/\/trustwhite.com\/shop\/buy-jwh-200-powder-online\/\",\"name\":\"Buy JWH-200 powder online - Cheap price, Grade A++\",\"isPartOf\":{\"@id\":\"https:\/\/trustwhite.com\/el\/#website\"},\"primaryImageOfPage\":{\"@id\":\"https:\/\/trustwhite.com\/shop\/buy-jwh-200-powder-online\/#primaryimage\"},\"image\":{\"@id\":\"https:\/\/trustwhite.com\/shop\/buy-jwh-200-powder-online\/#primaryimage\"},\"thumbnailUrl\":\"https:\/\/trustwhite.com\/wp-content\/uploads\/2022\/03\/Buy-JWH-200-powder-online.jpg\",\"datePublished\":\"2022-03-12T08:05:25+00:00\",\"dateModified\":\"2022-12-29T19:12:57+00:00\",\"description\":\"Buy JWH-200 powder Online at an affordable price at stonersmeds. All products are lab qualified and have premium quality.\",\"breadcrumb\":{\"@id\":\"https:\/\/trustwhite.com\/shop\/buy-jwh-200-powder-online\/#breadcrumb\"},\"inLanguage\":\"de\",\"potentialAction\":[{\"@type\":\"ReadAction\",\"target\":[\"https:\/\/trustwhite.com\/shop\/buy-jwh-200-powder-online\/\"]}]},{\"@type\":\"ImageObject\",\"inLanguage\":\"de\",\"@id\":\"https:\/\/trustwhite.com\/shop\/buy-jwh-200-powder-online\/#primaryimage\",\"url\":\"https:\/\/trustwhite.com\/wp-content\/uploads\/2022\/03\/Buy-JWH-200-powder-online.jpg\",\"contentUrl\":\"https:\/\/trustwhite.com\/wp-content\/uploads\/2022\/03\/Buy-JWH-200-powder-online.jpg\",\"width\":600,\"height\":600},{\"@type\":\"BreadcrumbList\",\"@id\":\"https:\/\/trustwhite.com\/shop\/buy-jwh-200-powder-online\/#breadcrumb\",\"itemListElement\":[{\"@type\":\"ListItem\",\"position\":1,\"name\":\"Home\",\"item\":\"https:\/\/trustwhite.com\/el\/\"},{\"@type\":\"ListItem\",\"position\":2,\"name\":\"Shop\",\"item\":\"https:\/\/trustwhite.com\/el\/shop\/\"},{\"@type\":\"ListItem\",\"position\":3,\"name\":\"Buy JWH-200 powder online\"}]},{\"@type\":\"WebSite\",\"@id\":\"https:\/\/trustwhite.com\/el\/#website\",\"url\":\"https:\/\/trustwhite.com\/el\/\",\"name\":\"stonersmeds.com\",\"description\":\"verschreibungspflichtige Medizin kaufen\",\"potentialAction\":[{\"@type\":\"SearchAction\",\"target\":{\"@type\":\"EntryPoint\",\"urlTemplate\":\"https:\/\/trustwhite.com\/el\/?s={search_term_string}\"},\"query-input\":{\"@type\":\"PropertyValueSpecification\",\"valueRequired\":true,\"valueName\":\"search_term_string\"}}],\"inLanguage\":\"de\"}]}<\/script>\n<!-- \/ Yoast SEO plugin. -->","yoast_head_json":{"title":"JWH-200 Pulver online kaufen - G\u00fcnstiger Preis, Qualit\u00e4t A++","description":"Kaufen Sie JWH-200 Pulver Online zu einem g\u00fcnstigen Preis bei stonersmeds. Alle Produkte sind Labor qualifiziert und haben Premium-Qualit\u00e4t.","robots":{"index":"index","follow":"follow","max-snippet":"max-snippet:-1","max-image-preview":"max-image-preview:large","max-video-preview":"max-video-preview:-1"},"canonical":"https:\/\/trustwhite.com\/de\/shop\/buy-jwh-200-powder-online\/","og_locale":"de_DE","og_type":"article","og_title":"Buy JWH-200 powder online - Cheap price, Grade A++","og_description":"Buy JWH-200 powder Online at an affordable price at stonersmeds. All products are lab qualified and have premium quality.","og_url":"https:\/\/trustwhite.com\/de\/shop\/buy-jwh-200-powder-online\/","og_site_name":"stonersmeds.com","article_modified_time":"2022-12-29T19:12:57+00:00","og_image":[{"width":600,"height":600,"url":"https:\/\/trustwhite.com\/wp-content\/uploads\/2022\/03\/Buy-JWH-200-powder-online.jpg","type":"image\/jpeg"}],"twitter_card":"summary_large_image","twitter_misc":{"Gesch\u00e4tzte Lesezeit":"1\u00a0Minute"},"schema":{"@context":"https:\/\/schema.org","@graph":[{"@type":"WebPage","@id":"https:\/\/trustwhite.com\/shop\/buy-jwh-200-powder-online\/","url":"https:\/\/trustwhite.com\/shop\/buy-jwh-200-powder-online\/","name":"JWH-200 Pulver online kaufen - G\u00fcnstiger Preis, Qualit\u00e4t A++","isPartOf":{"@id":"https:\/\/trustwhite.com\/el\/#website"},"primaryImageOfPage":{"@id":"https:\/\/trustwhite.com\/shop\/buy-jwh-200-powder-online\/#primaryimage"},"image":{"@id":"https:\/\/trustwhite.com\/shop\/buy-jwh-200-powder-online\/#primaryimage"},"thumbnailUrl":"https:\/\/trustwhite.com\/wp-content\/uploads\/2022\/03\/Buy-JWH-200-powder-online.jpg","datePublished":"2022-03-12T08:05:25+00:00","dateModified":"2022-12-29T19:12:57+00:00","description":"Kaufen Sie JWH-200 Pulver Online zu einem g\u00fcnstigen Preis bei stonersmeds. Alle Produkte sind Labor qualifiziert und haben Premium-Qualit\u00e4t.","breadcrumb":{"@id":"https:\/\/trustwhite.com\/shop\/buy-jwh-200-powder-online\/#breadcrumb"},"inLanguage":"de","potentialAction":[{"@type":"ReadAction","target":["https:\/\/trustwhite.com\/shop\/buy-jwh-200-powder-online\/"]}]},{"@type":"ImageObject","inLanguage":"de","@id":"https:\/\/trustwhite.com\/shop\/buy-jwh-200-powder-online\/#primaryimage","url":"https:\/\/trustwhite.com\/wp-content\/uploads\/2022\/03\/Buy-JWH-200-powder-online.jpg","contentUrl":"https:\/\/trustwhite.com\/wp-content\/uploads\/2022\/03\/Buy-JWH-200-powder-online.jpg","width":600,"height":600},{"@type":"BreadcrumbList","@id":"https:\/\/trustwhite.com\/shop\/buy-jwh-200-powder-online\/#breadcrumb","itemListElement":[{"@type":"ListItem","position":1,"name":"Home","item":"https:\/\/trustwhite.com\/el\/"},{"@type":"ListItem","position":2,"name":"Shop","item":"https:\/\/trustwhite.com\/el\/shop\/"},{"@type":"ListItem","position":3,"name":"Buy JWH-200 powder online"}]},{"@type":"WebSite","@id":"https:\/\/trustwhite.com\/el\/#website","url":"https:\/\/trustwhite.com\/el\/","name":"stonersmeds.com","description":"verschreibungspflichtige Medizin kaufen","potentialAction":[{"@type":"SearchAction","target":{"@type":"EntryPoint","urlTemplate":"https:\/\/trustwhite.com\/el\/?s={search_term_string}"},"query-input":{"@type":"PropertyValueSpecification","valueRequired":true,"valueName":"search_term_string"}}],"inLanguage":"de"}]}},"_links":{"self":[{"href":"https:\/\/trustwhite.com\/de\/wp-json\/wp\/v2\/product\/10513","targetHints":{"allow":["GET"]}}],"collection":[{"href":"https:\/\/trustwhite.com\/de\/wp-json\/wp\/v2\/product"}],"about":[{"href":"https:\/\/trustwhite.com\/de\/wp-json\/wp\/v2\/types\/product"}],"version-history":[{"count":0,"href":"https:\/\/trustwhite.com\/de\/wp-json\/wp\/v2\/product\/10513\/revisions"}],"wp:featuredmedia":[{"embeddable":true,"href":"https:\/\/trustwhite.com\/de\/wp-json\/wp\/v2\/media\/10519"}],"wp:attachment":[{"href":"https:\/\/trustwhite.com\/de\/wp-json\/wp\/v2\/media?parent=10513"}],"wp:term":[{"taxonomy":"product_brand","embeddable":true,"href":"https:\/\/trustwhite.com\/de\/wp-json\/wp\/v2\/product_brand?post=10513"},{"taxonomy":"product_cat","embeddable":true,"href":"https:\/\/trustwhite.com\/de\/wp-json\/wp\/v2\/product_cat?post=10513"},{"taxonomy":"product_tag","embeddable":true,"href":"https:\/\/trustwhite.com\/de\/wp-json\/wp\/v2\/product_tag?post=10513"}],"curies":[{"name":"wp","href":"https:\/\/api.w.org\/{rel}","templated":true}]}}