{"id":10410,"date":"2022-03-12T07:29:41","date_gmt":"2022-03-12T07:29:41","guid":{"rendered":"https:\/\/stonersmeds.com\/?post_type=product&#038;p=10410"},"modified":"2022-12-30T20:36:29","modified_gmt":"2022-12-30T18:36:29","slug":"buy-fentanyl-powder-online","status":"publish","type":"product","link":"https:\/\/trustwhite.com\/de\/shop\/buy-fentanyl-powder-online\/","title":{"rendered":"Kaufen Sie Fentanylpulver online"},"content":{"rendered":"<h1><b>Kaufen Sie Fentanylpulver online<br \/>\n<\/b><\/h1>\n<p>Fentanyl ist ein Mitglied der Familie der Pro-Drogen, die als Opioide bekannt sind. Dieses Pulver wird bei der Behandlung vieler Krankheiten eingesetzt. Es ist sowohl in Pillen- als auch in Pulverform erh\u00e4ltlich. Fentanyl-Pulver ist das Schmerzmittel, das verwendet wird, um Linderung von Schmerzen zu bekommen.<\/p>\n<p>Fentanyl ist auch verwendet werden, um zu reduzieren oder zu entfernen jede Art von Schmerz, dh chronische Schmerzen auch. Es wurde erstmals in den 1960er Jahren synthetisiert und kam als Medikament auf den Markt. Damals wurde es f\u00fcr geringf\u00fcgige Zwecke verwendet. Aber in den letzten Jahren wird es nicht nur als Medikament, sondern auch als Droge in einigen F\u00e4llen verwendet.<\/p>\n<p>Fentanyl-Pulver wird oft mit der ber\u00fchmtesten Pro-Droge verglichen, die als Morphin bekannt ist. Es ist eine sehr potente Pro-Droge, die bereits im medizinischen Bereich verwendet und hergestellt wird.<\/p>\n<p>Fentanyl-Pulver ist eine fast 50-100 Mal st\u00e4rkere Pro-Droge als Morphin. Dies ist der Hauptgrund f\u00fcr seinen Erfolg und die Verwendung in so gro\u00dfem Umfang.<\/p>\n<p>Fentanylpulver wirkt direkt auf das Gehirn und ver\u00e4ndert das Schmerzempfinden vollst\u00e4ndig. Es beseitigt den Schmerz dauerhaft oder teilweise aus dem K\u00f6rper, je nach Schmerzzustand. Aufgrund seiner hohen Potenz wird es h\u00e4ufig zur Behandlung jeder Art von Schmerzen eingesetzt, von anf\u00e4nglichen bis hin zu chronischen Schmerzen.<\/p>\n<p>Dies sind einige der Eigenschaften, aufgrund derer viele \u00c4rzte diese Pro-Droge in ihren Behandlungen verwenden. Viele Medikamente, die bei chirurgischen Eingriffen verwendet werden, enthalten einen gewissen Anteil dieses Pro-Drugs, um die Schmerzen bei der Operation zu verringern.<\/p>\n<p>Fentanylpulver ist nicht nur bei \u00c4rzten beliebt, sondern auch bei Menschen, die in Bars und Clubs tanzen gehen. Die Leute benutzen diese Pro-Droge, um sich zu entspannen, wenn sie m\u00fcde von ihrer Arbeit sind und das Leben genie\u00dfen wollen.<\/p>\n<p>Die Zutaten, die verwendet werden, um diese pro-Droge haben auch einige Eigenschaft, die n\u00fctzlich ist, um richtigen Schlaf. Aus diesem Grund hat es sich sehr beliebt bei Menschen, die Probleme wie Depressionen sind.<\/p>\n<p>Fentanyl-Pulver ist leicht auf dem Online-Markt erh\u00e4ltlich. Unser Online-Shop ist auch den Umgang mit dieser Pro-Droge in der Pillen und Pulver Form. Unser Gesch\u00e4ft ist auch die Bereitstellung der Lieferung des Produkts in einer sehr kurzen Zeit an Ihrer Haust\u00fcr.<\/p>\n<p>&nbsp;<\/p>\n<p>&nbsp;<\/p>\n<pre><strong>Buy Fentanyl Powder Online - buy Powder , buy Fentanyl Powder , buy fentanyl online, Where to Buy Fentanyl Powder , Fentanyl Powder for sale, Powder for sale, buy Powder online, where to Buy Fentanyl Powder online , Fentanyl Powder for sale in usa , USA, Kanada, Gro\u00dfbritannien, kaufen, online, Lieferanten, sichere Lieferung, Sie k\u00f6nnen immer noch Fentanyl-Pulver , Ist Fentanyl-Pulver legal in den usa, kaufen Fentanyl-Pulver online usa, wie man Fentanyl-Pulver bestellen , Ist Fentanyl-Pulver legal in Kanada<\/strong><\/pre>","protected":false},"excerpt":{"rendered":"<p>Fentanyl dient zur Behandlung von schweren, anhaltenden Schmerzen, die mit anderen Medikamenten nicht kontrolliert werden k\u00f6nnen. Dieses Medikament ist ein narkotisches Schmerzmittel.<br \/>\nKaufen top quanlity Fentanyl online heute zu sehr niedrigen Preisen von Wir bieten diskreten Versand und Geld-zur\u00fcck-Garantie.<\/p>\n<p>Produktpreis ist wie folgt: pro Gramm<\/p>\n<pre><strong>Buy Fentanyl Powder Online - buy Powder , buy Fentanyl Powder , buy fentanyl online, Where to Buy Fentanyl Powder , Fentanyl Powder for sale, Powder for sale, buy Powder online, where to Buy Fentanyl Powder online , Fentanyl Powder for sale in usa , USA, Kanada, Gro\u00dfbritannien, kaufen, online, Lieferanten, sichere Lieferung, Sie k\u00f6nnen immer noch Fentanyl-Pulver , Ist Fentanyl-Pulver legal in den usa, kaufen Fentanyl-Pulver online usa, wie man Fentanyl-Pulver bestellen , Ist Fentanyl-Pulver legal in Kanada<\/strong><\/pre>","protected":false},"featured_media":10427,"template":"","meta":[],"product_brand":[],"product_cat":[79],"product_tag":[],"class_list":{"0":"post-10410","1":"product","2":"type-product","3":"status-publish","4":"has-post-thumbnail","6":"product_cat-research-chemicals-and-bath-salt","8":"first","9":"instock","10":"shipping-taxable","11":"purchasable","12":"product-type-variable"},"tiered_pricing_type":"fixed","tiered_pricing_fixed_rules":[],"tiered_pricing_percentage_rules":[],"tiered_pricing_minimum":1,"_administrator_tiered_pricing_type":"fixed","_administrator_tiered_pricing_fixed_rules":[],"_editor_tiered_pricing_type":"fixed","_editor_tiered_pricing_fixed_rules":[],"_author_tiered_pricing_type":"fixed","_author_tiered_pricing_fixed_rules":[],"_contributor_tiered_pricing_type":"fixed","_contributor_tiered_pricing_fixed_rules":[],"_subscriber_tiered_pricing_type":"fixed","_subscriber_tiered_pricing_fixed_rules":[],"_customer_tiered_pricing_type":"fixed","_customer_tiered_pricing_fixed_rules":[],"_shop_manager_tiered_pricing_type":"fixed","_shop_manager_tiered_pricing_fixed_rules":[],"_wpseo_manager_tiered_pricing_type":"fixed","_wpseo_manager_tiered_pricing_fixed_rules":[],"_wpseo_editor_tiered_pricing_type":"fixed","_wpseo_editor_tiered_pricing_fixed_rules":[],"yoast_head":"<!-- This site is optimized with the Yoast SEO plugin v26.8 - https:\/\/yoast.com\/product\/yoast-seo-wordpress\/ -->\n<title>Buy Fentanyl Powder Online - Cheap price, Grade A++<\/title>\n<meta name=\"description\" content=\"Buy Fentanyl Powder Online at an affordable price at stonersmeds. All products are lab qualified and have premium quality.\" \/>\n<meta name=\"robots\" content=\"index, follow, max-snippet:-1, max-image-preview:large, max-video-preview:-1\" \/>\n<link rel=\"canonical\" href=\"https:\/\/trustwhite.com\/de\/shop\/buy-fentanyl-powder-online\/\" \/>\n<meta property=\"og:locale\" content=\"de_DE\" \/>\n<meta property=\"og:type\" content=\"article\" \/>\n<meta property=\"og:title\" content=\"Buy Fentanyl Powder Online - Cheap price, Grade A++\" \/>\n<meta property=\"og:description\" content=\"Buy Fentanyl Powder Online at an affordable price at stonersmeds. All products are lab qualified and have premium quality.\" \/>\n<meta property=\"og:url\" content=\"https:\/\/trustwhite.com\/de\/shop\/buy-fentanyl-powder-online\/\" \/>\n<meta property=\"og:site_name\" content=\"stonersmeds.com\" \/>\n<meta property=\"article:modified_time\" content=\"2022-12-30T18:36:29+00:00\" \/>\n<meta property=\"og:image\" content=\"https:\/\/trustwhite.com\/wp-content\/uploads\/2022\/03\/buy-metizolam-powder-online.jpg\" \/>\n\t<meta property=\"og:image:width\" content=\"600\" \/>\n\t<meta property=\"og:image:height\" content=\"600\" \/>\n\t<meta property=\"og:image:type\" content=\"image\/jpeg\" \/>\n<meta name=\"twitter:card\" content=\"summary_large_image\" \/>\n<meta name=\"twitter:label1\" content=\"Gesch\u00e4tzte Lesezeit\" \/>\n\t<meta name=\"twitter:data1\" content=\"2\u00a0Minuten\" \/>\n<script type=\"application\/ld+json\" class=\"yoast-schema-graph\">{\"@context\":\"https:\/\/schema.org\",\"@graph\":[{\"@type\":\"WebPage\",\"@id\":\"https:\/\/trustwhite.com\/shop\/buy-fentanyl-powder-online\/\",\"url\":\"https:\/\/trustwhite.com\/shop\/buy-fentanyl-powder-online\/\",\"name\":\"Buy Fentanyl Powder Online - Cheap price, Grade A++\",\"isPartOf\":{\"@id\":\"https:\/\/trustwhite.com\/el\/#website\"},\"primaryImageOfPage\":{\"@id\":\"https:\/\/trustwhite.com\/shop\/buy-fentanyl-powder-online\/#primaryimage\"},\"image\":{\"@id\":\"https:\/\/trustwhite.com\/shop\/buy-fentanyl-powder-online\/#primaryimage\"},\"thumbnailUrl\":\"https:\/\/trustwhite.com\/wp-content\/uploads\/2022\/03\/buy-metizolam-powder-online.jpg\",\"datePublished\":\"2022-03-12T07:29:41+00:00\",\"dateModified\":\"2022-12-30T18:36:29+00:00\",\"description\":\"Buy Fentanyl Powder Online at an affordable price at stonersmeds. All products are lab qualified and have premium quality.\",\"breadcrumb\":{\"@id\":\"https:\/\/trustwhite.com\/shop\/buy-fentanyl-powder-online\/#breadcrumb\"},\"inLanguage\":\"de\",\"potentialAction\":[{\"@type\":\"ReadAction\",\"target\":[\"https:\/\/trustwhite.com\/shop\/buy-fentanyl-powder-online\/\"]}]},{\"@type\":\"ImageObject\",\"inLanguage\":\"de\",\"@id\":\"https:\/\/trustwhite.com\/shop\/buy-fentanyl-powder-online\/#primaryimage\",\"url\":\"https:\/\/trustwhite.com\/wp-content\/uploads\/2022\/03\/buy-metizolam-powder-online.jpg\",\"contentUrl\":\"https:\/\/trustwhite.com\/wp-content\/uploads\/2022\/03\/buy-metizolam-powder-online.jpg\",\"width\":600,\"height\":600},{\"@type\":\"BreadcrumbList\",\"@id\":\"https:\/\/trustwhite.com\/shop\/buy-fentanyl-powder-online\/#breadcrumb\",\"itemListElement\":[{\"@type\":\"ListItem\",\"position\":1,\"name\":\"Home\",\"item\":\"https:\/\/trustwhite.com\/el\/\"},{\"@type\":\"ListItem\",\"position\":2,\"name\":\"Shop\",\"item\":\"https:\/\/trustwhite.com\/el\/shop\/\"},{\"@type\":\"ListItem\",\"position\":3,\"name\":\"Buy Fentanyl Powder Online\"}]},{\"@type\":\"WebSite\",\"@id\":\"https:\/\/trustwhite.com\/el\/#website\",\"url\":\"https:\/\/trustwhite.com\/el\/\",\"name\":\"stonersmeds.com\",\"description\":\"verschreibungspflichtige Medizin kaufen\",\"potentialAction\":[{\"@type\":\"SearchAction\",\"target\":{\"@type\":\"EntryPoint\",\"urlTemplate\":\"https:\/\/trustwhite.com\/el\/?s={search_term_string}\"},\"query-input\":{\"@type\":\"PropertyValueSpecification\",\"valueRequired\":true,\"valueName\":\"search_term_string\"}}],\"inLanguage\":\"de\"}]}<\/script>\n<!-- \/ Yoast SEO plugin. -->","yoast_head_json":{"title":"Fentanyl-Pulver online kaufen - G\u00fcnstiger Preis, Qualit\u00e4t A++","description":"Kaufen Sie Fentanyl Pulver Online zu einem g\u00fcnstigen Preis bei stonersmeds. Alle Produkte sind Labor qualifiziert und haben Premium-Qualit\u00e4t.","robots":{"index":"index","follow":"follow","max-snippet":"max-snippet:-1","max-image-preview":"max-image-preview:large","max-video-preview":"max-video-preview:-1"},"canonical":"https:\/\/trustwhite.com\/de\/shop\/buy-fentanyl-powder-online\/","og_locale":"de_DE","og_type":"article","og_title":"Buy Fentanyl Powder Online - Cheap price, Grade A++","og_description":"Buy Fentanyl Powder Online at an affordable price at stonersmeds. All products are lab qualified and have premium quality.","og_url":"https:\/\/trustwhite.com\/de\/shop\/buy-fentanyl-powder-online\/","og_site_name":"stonersmeds.com","article_modified_time":"2022-12-30T18:36:29+00:00","og_image":[{"width":600,"height":600,"url":"https:\/\/trustwhite.com\/wp-content\/uploads\/2022\/03\/buy-metizolam-powder-online.jpg","type":"image\/jpeg"}],"twitter_card":"summary_large_image","twitter_misc":{"Gesch\u00e4tzte Lesezeit":"2\u00a0Minuten"},"schema":{"@context":"https:\/\/schema.org","@graph":[{"@type":"WebPage","@id":"https:\/\/trustwhite.com\/shop\/buy-fentanyl-powder-online\/","url":"https:\/\/trustwhite.com\/shop\/buy-fentanyl-powder-online\/","name":"Fentanyl-Pulver online kaufen - G\u00fcnstiger Preis, Qualit\u00e4t A++","isPartOf":{"@id":"https:\/\/trustwhite.com\/el\/#website"},"primaryImageOfPage":{"@id":"https:\/\/trustwhite.com\/shop\/buy-fentanyl-powder-online\/#primaryimage"},"image":{"@id":"https:\/\/trustwhite.com\/shop\/buy-fentanyl-powder-online\/#primaryimage"},"thumbnailUrl":"https:\/\/trustwhite.com\/wp-content\/uploads\/2022\/03\/buy-metizolam-powder-online.jpg","datePublished":"2022-03-12T07:29:41+00:00","dateModified":"2022-12-30T18:36:29+00:00","description":"Kaufen Sie Fentanyl Pulver Online zu einem g\u00fcnstigen Preis bei stonersmeds. Alle Produkte sind Labor qualifiziert und haben Premium-Qualit\u00e4t.","breadcrumb":{"@id":"https:\/\/trustwhite.com\/shop\/buy-fentanyl-powder-online\/#breadcrumb"},"inLanguage":"de","potentialAction":[{"@type":"ReadAction","target":["https:\/\/trustwhite.com\/shop\/buy-fentanyl-powder-online\/"]}]},{"@type":"ImageObject","inLanguage":"de","@id":"https:\/\/trustwhite.com\/shop\/buy-fentanyl-powder-online\/#primaryimage","url":"https:\/\/trustwhite.com\/wp-content\/uploads\/2022\/03\/buy-metizolam-powder-online.jpg","contentUrl":"https:\/\/trustwhite.com\/wp-content\/uploads\/2022\/03\/buy-metizolam-powder-online.jpg","width":600,"height":600},{"@type":"BreadcrumbList","@id":"https:\/\/trustwhite.com\/shop\/buy-fentanyl-powder-online\/#breadcrumb","itemListElement":[{"@type":"ListItem","position":1,"name":"Home","item":"https:\/\/trustwhite.com\/el\/"},{"@type":"ListItem","position":2,"name":"Shop","item":"https:\/\/trustwhite.com\/el\/shop\/"},{"@type":"ListItem","position":3,"name":"Buy Fentanyl Powder Online"}]},{"@type":"WebSite","@id":"https:\/\/trustwhite.com\/el\/#website","url":"https:\/\/trustwhite.com\/el\/","name":"stonersmeds.com","description":"verschreibungspflichtige Medizin kaufen","potentialAction":[{"@type":"SearchAction","target":{"@type":"EntryPoint","urlTemplate":"https:\/\/trustwhite.com\/el\/?s={search_term_string}"},"query-input":{"@type":"PropertyValueSpecification","valueRequired":true,"valueName":"search_term_string"}}],"inLanguage":"de"}]}},"_links":{"self":[{"href":"https:\/\/trustwhite.com\/de\/wp-json\/wp\/v2\/product\/10410","targetHints":{"allow":["GET"]}}],"collection":[{"href":"https:\/\/trustwhite.com\/de\/wp-json\/wp\/v2\/product"}],"about":[{"href":"https:\/\/trustwhite.com\/de\/wp-json\/wp\/v2\/types\/product"}],"version-history":[{"count":0,"href":"https:\/\/trustwhite.com\/de\/wp-json\/wp\/v2\/product\/10410\/revisions"}],"wp:featuredmedia":[{"embeddable":true,"href":"https:\/\/trustwhite.com\/de\/wp-json\/wp\/v2\/media\/10427"}],"wp:attachment":[{"href":"https:\/\/trustwhite.com\/de\/wp-json\/wp\/v2\/media?parent=10410"}],"wp:term":[{"taxonomy":"product_brand","embeddable":true,"href":"https:\/\/trustwhite.com\/de\/wp-json\/wp\/v2\/product_brand?post=10410"},{"taxonomy":"product_cat","embeddable":true,"href":"https:\/\/trustwhite.com\/de\/wp-json\/wp\/v2\/product_cat?post=10410"},{"taxonomy":"product_tag","embeddable":true,"href":"https:\/\/trustwhite.com\/de\/wp-json\/wp\/v2\/product_tag?post=10410"}],"curies":[{"name":"wp","href":"https:\/\/api.w.org\/{rel}","templated":true}]}}