{"id":10379,"date":"2022-03-12T07:19:18","date_gmt":"2022-03-12T07:19:18","guid":{"rendered":"https:\/\/stonersmeds.com\/?post_type=product&#038;p=10379"},"modified":"2022-12-30T20:36:29","modified_gmt":"2022-12-30T18:36:29","slug":"buy-quality-oxycodone-powder-online","status":"publish","type":"product","link":"https:\/\/trustwhite.com\/de\/shop\/buy-quality-oxycodone-powder-online\/","title":{"rendered":"Kaufen Sie hochwertiges Oxycodon-Pulver online"},"content":{"rendered":"<h1>Kaufen Qualit\u00e4t Oxycodone Pulver online.<\/h1>\n<p>Oxycodon ist ein halbsynthetisches morphin\u00e4hnliches Opioid-Alkaloid mit analgetischer Wirkung. Oxycodon \u00fcbt seine analgetische Wirkung durch Bindung an Mu-Rezeptoren im zentralen Nervensystem (ZNS) aus und ahmt damit die Wirkung endogener Opioide nach. Die Bindung an den Opiatrezeptor stimuliert den Austausch von GTP gegen PDB im G-Protein-Komplex und hemmt die Adenylatzyklase, wodurch die cAMP-Produktion verhindert wird. Au\u00dferdem wird die Freisetzung von nozizeptiven Neurotransmittern wie Substanz P, Gamma-Aminobutters\u00e4ure (GABA), Dopamin, Acetylcholin und Noradrenalin gehemmt. Oxycodon hemmt auch die Freisetzung von Vasopressin, Somatostatin, Insulin und Glucagon. Dar\u00fcber hinaus schlie\u00dft Oxycodon spannungsabh\u00e4ngige Kalziumkan\u00e4le vom N-Typ und \u00f6ffnet G-Protein-gebundene Kaliumkan\u00e4le, die intern Kaliumkan\u00e4le reparieren, was zu einer Hyperpolarisation und einer verringerten neuronalen Erregbarkeit f\u00fchrt.<\/p>\n<pre><strong>Qualit\u00e4t Oxycodon-Pulver online kaufen - Qualit\u00e4t Oxycodon-Pulver kaufen , Qualit\u00e4t Oxycodon-Pulver kaufen usa , Qualit\u00e4t Oxycodon-Pulver online kaufen USA , Wo kann man Qualit\u00e4t Oxycodon-Pulver kaufen , Qualit\u00e4t Oxycodon-Pulver zu verkaufen, Qualit\u00e4t Oxycodon-Pulver zu verkaufen in der N\u00e4he von mir , kaufen Qualit\u00e4t Oxycodon-Pulver online in meiner N\u00e4he , wo kann man Qualit\u00e4t Oxycodon Pulver online kaufen, Qualit\u00e4t Oxycodon Pulver zum Verkauf in den USA, USA, Kanada, Gro\u00dfbritannien, kaufen, online, Lieferanten, sichere Lieferung, Sie k\u00f6nnen immer noch Qualit\u00e4t Oxycodon Pulver bekommen, ist Qualit\u00e4t Oxycodon Pulver legal in den USA, kaufen Qualit\u00e4t Oxycodon Pulver online usa, wie man Qualit\u00e4t Oxycodon Pulver bestellen, ist Qualit\u00e4t Oxycodon Pulver legal in Kanada<\/strong><\/pre>","protected":false},"excerpt":{"rendered":"<p>Kaufen Sie Qualit\u00e4t Oxycodon-Pulver online zur Behandlung von m\u00e4\u00dfigen bis starken Schmerzen, wenn rund um die Uhr Schmerzlinderung f\u00fcr einen langen Zeitraum erforderlich ist.<\/p>\n<pre><strong>Qualit\u00e4t Oxycodon-Pulver online kaufen - Qualit\u00e4t Oxycodon-Pulver kaufen , Qualit\u00e4t Oxycodon-Pulver kaufen usa , Qualit\u00e4t Oxycodon-Pulver online kaufen USA , Wo kann man Qualit\u00e4t Oxycodon-Pulver kaufen , Qualit\u00e4t Oxycodon-Pulver zu verkaufen, Qualit\u00e4t Oxycodon-Pulver zu verkaufen in der N\u00e4he von mir , kaufen Qualit\u00e4t Oxycodon-Pulver online in meiner N\u00e4he , wo kann man Qualit\u00e4t Oxycodon Pulver online kaufen, Qualit\u00e4t Oxycodon Pulver zum Verkauf in den USA, USA, Kanada, Gro\u00dfbritannien, kaufen, online, Lieferanten, sichere Lieferung, Sie k\u00f6nnen immer noch Qualit\u00e4t Oxycodon Pulver bekommen, ist Qualit\u00e4t Oxycodon Pulver legal in den USA, kaufen Qualit\u00e4t Oxycodon Pulver online usa, wie man Qualit\u00e4t Oxycodon Pulver bestellen, ist Qualit\u00e4t Oxycodon Pulver legal in Kanada<\/strong><\/pre>","protected":false},"featured_media":10400,"template":"","meta":[],"product_brand":[],"product_cat":[79],"product_tag":[],"class_list":{"0":"post-10379","1":"product","2":"type-product","3":"status-publish","4":"has-post-thumbnail","6":"product_cat-research-chemicals-and-bath-salt","8":"first","9":"instock","10":"shipping-taxable","11":"purchasable","12":"product-type-variable"},"tiered_pricing_type":"fixed","tiered_pricing_fixed_rules":[],"tiered_pricing_percentage_rules":[],"tiered_pricing_minimum":1,"_administrator_tiered_pricing_type":"fixed","_administrator_tiered_pricing_fixed_rules":[],"_editor_tiered_pricing_type":"fixed","_editor_tiered_pricing_fixed_rules":[],"_author_tiered_pricing_type":"fixed","_author_tiered_pricing_fixed_rules":[],"_contributor_tiered_pricing_type":"fixed","_contributor_tiered_pricing_fixed_rules":[],"_subscriber_tiered_pricing_type":"fixed","_subscriber_tiered_pricing_fixed_rules":[],"_customer_tiered_pricing_type":"fixed","_customer_tiered_pricing_fixed_rules":[],"_shop_manager_tiered_pricing_type":"fixed","_shop_manager_tiered_pricing_fixed_rules":[],"_wpseo_manager_tiered_pricing_type":"fixed","_wpseo_manager_tiered_pricing_fixed_rules":[],"_wpseo_editor_tiered_pricing_type":"fixed","_wpseo_editor_tiered_pricing_fixed_rules":[],"yoast_head":"<!-- This site is optimized with the Yoast SEO plugin v26.8 - https:\/\/yoast.com\/product\/yoast-seo-wordpress\/ -->\n<title>Buy Quality Oxycodone powder online - Cheap price, top quality<\/title>\n<meta name=\"description\" content=\"Buy Quality Oxycodone powder Online at an affordable price at stonersmeds. All products are lab qualified and have premium quality.\" \/>\n<meta name=\"robots\" content=\"index, follow, max-snippet:-1, max-image-preview:large, max-video-preview:-1\" \/>\n<link rel=\"canonical\" href=\"https:\/\/trustwhite.com\/de\/shop\/buy-quality-oxycodone-powder-online\/\" \/>\n<meta property=\"og:locale\" content=\"de_DE\" \/>\n<meta property=\"og:type\" content=\"article\" \/>\n<meta property=\"og:title\" content=\"Buy Quality Oxycodone powder online - Cheap price, top quality\" \/>\n<meta property=\"og:description\" content=\"Buy Quality Oxycodone powder Online at an affordable price at stonersmeds. All products are lab qualified and have premium quality.\" \/>\n<meta property=\"og:url\" content=\"https:\/\/trustwhite.com\/de\/shop\/buy-quality-oxycodone-powder-online\/\" \/>\n<meta property=\"og:site_name\" content=\"stonersmeds.com\" \/>\n<meta property=\"article:modified_time\" content=\"2022-12-30T18:36:29+00:00\" \/>\n<meta property=\"og:image\" content=\"https:\/\/trustwhite.com\/wp-content\/uploads\/2022\/03\/buy-quality-oxycodone-powder-online.jpg\" \/>\n\t<meta property=\"og:image:width\" content=\"600\" \/>\n\t<meta property=\"og:image:height\" content=\"600\" \/>\n\t<meta property=\"og:image:type\" content=\"image\/jpeg\" \/>\n<meta name=\"twitter:card\" content=\"summary_large_image\" \/>\n<meta name=\"twitter:label1\" content=\"Gesch\u00e4tzte Lesezeit\" \/>\n\t<meta name=\"twitter:data1\" content=\"1\u00a0Minute\" \/>\n<script type=\"application\/ld+json\" class=\"yoast-schema-graph\">{\"@context\":\"https:\/\/schema.org\",\"@graph\":[{\"@type\":\"WebPage\",\"@id\":\"https:\/\/trustwhite.com\/shop\/buy-quality-oxycodone-powder-online\/\",\"url\":\"https:\/\/trustwhite.com\/shop\/buy-quality-oxycodone-powder-online\/\",\"name\":\"Buy Quality Oxycodone powder online - Cheap price, top quality\",\"isPartOf\":{\"@id\":\"https:\/\/trustwhite.com\/el\/#website\"},\"primaryImageOfPage\":{\"@id\":\"https:\/\/trustwhite.com\/shop\/buy-quality-oxycodone-powder-online\/#primaryimage\"},\"image\":{\"@id\":\"https:\/\/trustwhite.com\/shop\/buy-quality-oxycodone-powder-online\/#primaryimage\"},\"thumbnailUrl\":\"https:\/\/trustwhite.com\/wp-content\/uploads\/2022\/03\/buy-quality-oxycodone-powder-online.jpg\",\"datePublished\":\"2022-03-12T07:19:18+00:00\",\"dateModified\":\"2022-12-30T18:36:29+00:00\",\"description\":\"Buy Quality Oxycodone powder Online at an affordable price at stonersmeds. All products are lab qualified and have premium quality.\",\"breadcrumb\":{\"@id\":\"https:\/\/trustwhite.com\/shop\/buy-quality-oxycodone-powder-online\/#breadcrumb\"},\"inLanguage\":\"de\",\"potentialAction\":[{\"@type\":\"ReadAction\",\"target\":[\"https:\/\/trustwhite.com\/shop\/buy-quality-oxycodone-powder-online\/\"]}]},{\"@type\":\"ImageObject\",\"inLanguage\":\"de\",\"@id\":\"https:\/\/trustwhite.com\/shop\/buy-quality-oxycodone-powder-online\/#primaryimage\",\"url\":\"https:\/\/trustwhite.com\/wp-content\/uploads\/2022\/03\/buy-quality-oxycodone-powder-online.jpg\",\"contentUrl\":\"https:\/\/trustwhite.com\/wp-content\/uploads\/2022\/03\/buy-quality-oxycodone-powder-online.jpg\",\"width\":600,\"height\":600},{\"@type\":\"BreadcrumbList\",\"@id\":\"https:\/\/trustwhite.com\/shop\/buy-quality-oxycodone-powder-online\/#breadcrumb\",\"itemListElement\":[{\"@type\":\"ListItem\",\"position\":1,\"name\":\"Home\",\"item\":\"https:\/\/trustwhite.com\/el\/\"},{\"@type\":\"ListItem\",\"position\":2,\"name\":\"Shop\",\"item\":\"https:\/\/trustwhite.com\/el\/shop\/\"},{\"@type\":\"ListItem\",\"position\":3,\"name\":\"Buy Quality Oxycodone powder online\"}]},{\"@type\":\"WebSite\",\"@id\":\"https:\/\/trustwhite.com\/el\/#website\",\"url\":\"https:\/\/trustwhite.com\/el\/\",\"name\":\"stonersmeds.com\",\"description\":\"verschreibungspflichtige Medizin kaufen\",\"potentialAction\":[{\"@type\":\"SearchAction\",\"target\":{\"@type\":\"EntryPoint\",\"urlTemplate\":\"https:\/\/trustwhite.com\/el\/?s={search_term_string}\"},\"query-input\":{\"@type\":\"PropertyValueSpecification\",\"valueRequired\":true,\"valueName\":\"search_term_string\"}}],\"inLanguage\":\"de\"}]}<\/script>\n<!-- \/ Yoast SEO plugin. -->","yoast_head_json":{"title":"Kaufen Qualit\u00e4t Oxycodone Pulver online - G\u00fcnstiger Preis, Top-Qualit\u00e4t","description":"Kaufen Qualit\u00e4t Oxycodone Pulver Online zu einem erschwinglichen Preis bei stonersmeds. Alle Produkte sind Labor qualifiziert und haben Premium-Qualit\u00e4t.","robots":{"index":"index","follow":"follow","max-snippet":"max-snippet:-1","max-image-preview":"max-image-preview:large","max-video-preview":"max-video-preview:-1"},"canonical":"https:\/\/trustwhite.com\/de\/shop\/buy-quality-oxycodone-powder-online\/","og_locale":"de_DE","og_type":"article","og_title":"Buy Quality Oxycodone powder online - Cheap price, top quality","og_description":"Buy Quality Oxycodone powder Online at an affordable price at stonersmeds. All products are lab qualified and have premium quality.","og_url":"https:\/\/trustwhite.com\/de\/shop\/buy-quality-oxycodone-powder-online\/","og_site_name":"stonersmeds.com","article_modified_time":"2022-12-30T18:36:29+00:00","og_image":[{"width":600,"height":600,"url":"https:\/\/trustwhite.com\/wp-content\/uploads\/2022\/03\/buy-quality-oxycodone-powder-online.jpg","type":"image\/jpeg"}],"twitter_card":"summary_large_image","twitter_misc":{"Gesch\u00e4tzte Lesezeit":"1\u00a0Minute"},"schema":{"@context":"https:\/\/schema.org","@graph":[{"@type":"WebPage","@id":"https:\/\/trustwhite.com\/shop\/buy-quality-oxycodone-powder-online\/","url":"https:\/\/trustwhite.com\/shop\/buy-quality-oxycodone-powder-online\/","name":"Kaufen Qualit\u00e4t Oxycodone Pulver online - G\u00fcnstiger Preis, Top-Qualit\u00e4t","isPartOf":{"@id":"https:\/\/trustwhite.com\/el\/#website"},"primaryImageOfPage":{"@id":"https:\/\/trustwhite.com\/shop\/buy-quality-oxycodone-powder-online\/#primaryimage"},"image":{"@id":"https:\/\/trustwhite.com\/shop\/buy-quality-oxycodone-powder-online\/#primaryimage"},"thumbnailUrl":"https:\/\/trustwhite.com\/wp-content\/uploads\/2022\/03\/buy-quality-oxycodone-powder-online.jpg","datePublished":"2022-03-12T07:19:18+00:00","dateModified":"2022-12-30T18:36:29+00:00","description":"Kaufen Qualit\u00e4t Oxycodone Pulver Online zu einem erschwinglichen Preis bei stonersmeds. Alle Produkte sind Labor qualifiziert und haben Premium-Qualit\u00e4t.","breadcrumb":{"@id":"https:\/\/trustwhite.com\/shop\/buy-quality-oxycodone-powder-online\/#breadcrumb"},"inLanguage":"de","potentialAction":[{"@type":"ReadAction","target":["https:\/\/trustwhite.com\/shop\/buy-quality-oxycodone-powder-online\/"]}]},{"@type":"ImageObject","inLanguage":"de","@id":"https:\/\/trustwhite.com\/shop\/buy-quality-oxycodone-powder-online\/#primaryimage","url":"https:\/\/trustwhite.com\/wp-content\/uploads\/2022\/03\/buy-quality-oxycodone-powder-online.jpg","contentUrl":"https:\/\/trustwhite.com\/wp-content\/uploads\/2022\/03\/buy-quality-oxycodone-powder-online.jpg","width":600,"height":600},{"@type":"BreadcrumbList","@id":"https:\/\/trustwhite.com\/shop\/buy-quality-oxycodone-powder-online\/#breadcrumb","itemListElement":[{"@type":"ListItem","position":1,"name":"Home","item":"https:\/\/trustwhite.com\/el\/"},{"@type":"ListItem","position":2,"name":"Shop","item":"https:\/\/trustwhite.com\/el\/shop\/"},{"@type":"ListItem","position":3,"name":"Buy Quality Oxycodone powder online"}]},{"@type":"WebSite","@id":"https:\/\/trustwhite.com\/el\/#website","url":"https:\/\/trustwhite.com\/el\/","name":"stonersmeds.com","description":"verschreibungspflichtige Medizin kaufen","potentialAction":[{"@type":"SearchAction","target":{"@type":"EntryPoint","urlTemplate":"https:\/\/trustwhite.com\/el\/?s={search_term_string}"},"query-input":{"@type":"PropertyValueSpecification","valueRequired":true,"valueName":"search_term_string"}}],"inLanguage":"de"}]}},"_links":{"self":[{"href":"https:\/\/trustwhite.com\/de\/wp-json\/wp\/v2\/product\/10379","targetHints":{"allow":["GET"]}}],"collection":[{"href":"https:\/\/trustwhite.com\/de\/wp-json\/wp\/v2\/product"}],"about":[{"href":"https:\/\/trustwhite.com\/de\/wp-json\/wp\/v2\/types\/product"}],"version-history":[{"count":0,"href":"https:\/\/trustwhite.com\/de\/wp-json\/wp\/v2\/product\/10379\/revisions"}],"wp:featuredmedia":[{"embeddable":true,"href":"https:\/\/trustwhite.com\/de\/wp-json\/wp\/v2\/media\/10400"}],"wp:attachment":[{"href":"https:\/\/trustwhite.com\/de\/wp-json\/wp\/v2\/media?parent=10379"}],"wp:term":[{"taxonomy":"product_brand","embeddable":true,"href":"https:\/\/trustwhite.com\/de\/wp-json\/wp\/v2\/product_brand?post=10379"},{"taxonomy":"product_cat","embeddable":true,"href":"https:\/\/trustwhite.com\/de\/wp-json\/wp\/v2\/product_cat?post=10379"},{"taxonomy":"product_tag","embeddable":true,"href":"https:\/\/trustwhite.com\/de\/wp-json\/wp\/v2\/product_tag?post=10379"}],"curies":[{"name":"wp","href":"https:\/\/api.w.org\/{rel}","templated":true}]}}