{"id":10258,"date":"2022-03-12T06:22:06","date_gmt":"2022-03-12T06:22:06","guid":{"rendered":"https:\/\/stonersmeds.com\/?post_type=product&#038;p=10258"},"modified":"2023-01-02T16:23:40","modified_gmt":"2023-01-02T14:23:40","slug":"buy-adb-pinaca-powder-high-purity","status":"publish","type":"product","link":"https:\/\/trustwhite.com\/de\/shop\/buy-adb-pinaca-powder-high-purity\/","title":{"rendered":"Kaufen Sie ADB-Pinaca-Pulver hochrein"},"content":{"rendered":"<h1>Kaufen Sie ADB-Pinaca-Pulver mit hoher Reinheit.<\/h1>\n<p>Kaufen Sie ADB-Pinaca Powder Purity 98% auf Vorrat, erh\u00e4ltlich in Pulver- und Kristallform<br \/>\nMethiopropamin \/ MPA<\/p>\n<p>Reinheit des ADB-Pinaca-Pulvers<\/p>\n<p>ProName: 5F-MDMB-PINACA 5F-ADB Pulver 5FADB ADB<br \/>\nCasNr: 68585-34-2<br \/>\nMolekulare Formel: ADB<br \/>\nErscheinungsbild: wei\u00dfes kristallines Pulver<br \/>\nAnwendung: pharmazeutisches Zwischenprodukt<br \/>\nLieferzeiten: 4-7 Tage f\u00fcr Fertigwaren<br \/>\nVerpackung: 1 kg\/Aluminiumfolienbeutel<br \/>\nHafen: Tianjin<br \/>\nProduktionskapazit\u00e4t: 10.000 kg\/Monat<br \/>\nReinheit: &gt;99,5%<br \/>\nLagerung: K\u00fchl, trocken und dicht verschlossen lagern<br \/>\nTransport: per EMS, DHL, FEDEX<br \/>\nFeuchtigkeitsgehalt: 0.01<\/p>\n<p>Kaufen Sie ADB-Pinaca Powder Purity 98% zum Verkauf, finden Sie chemische Lieferanten, kaufen Sie Forschungschemikalien in China, beste Website, um Forschungschemikalien zu kaufen, reddit Forschungschemikalien, K\u00f6rperbau Forschungschemikalien, billige Forschungschemikalien USA, kaufen Sie Materialien Europ\u00e4ische online Forschung Chemie<\/p>\n<p>&nbsp;<\/p>\n<p>&nbsp;<\/p>\n<pre><strong>Kaufen Sie ADB-Pinaca Powder High Purity Online - kaufen Sie ADB-Pinaca , kaufen Sie ADB-Pinaca Powder High Purity , kaufen Sie ADB-Pinaca Powder online, Wo kaufen Sie ADB-Pinaca Powder High Purity , ADB-Pinaca Powder High Purity zum Verkauf, ADB-Pinaca Powder zum Verkauf, kaufen Sie Powder High Purity online, wo kaufen Sie ADB-Pinaca Powder High Purity online , ADB-Pinaca Powder High Purity zu verkaufen in usa, USA, Kanada, Gro\u00dfbritannien, kaufen, online, Lieferanten, sichere Lieferung, Sie k\u00f6nnen immer noch ADB-Pinaca Powder High Purity bekommen, ist ADB-Pinaca Powder High Purity legal in usa, kaufen ADB-Pinaca Powder High Purity online usa, wie man ADB-Pinaca Powder High Purity bestellt, ist ADB-Pinaca Powder High Purity legal in Kanada<\/strong><\/pre>","protected":false},"excerpt":{"rendered":"<p>Kaufen Sie ADB-Pinaca-Pulver mit hoher Reinheit. Kaufen ADB-Pinaca Pulver Reinheit 98% Chemical Stock verf\u00fcgbar in Pulver &amp; Kristall<\/p>\n<pre><strong>Kaufen Sie ADB-Pinaca Powder High Purity Online - kaufen Sie ADB-Pinaca , kaufen Sie ADB-Pinaca Powder High Purity , kaufen Sie ADB-Pinaca Powder online, Wo kaufen Sie ADB-Pinaca Powder High Purity , ADB-Pinaca Powder High Purity zum Verkauf, ADB-Pinaca Powder zum Verkauf, kaufen Sie Powder High Purity online, wo kaufen Sie ADB-Pinaca Powder High Purity online , ADB-Pinaca Powder High Purity zu verkaufen in usa, USA, Kanada, Gro\u00dfbritannien, kaufen, online, Lieferanten, sichere Lieferung, Sie k\u00f6nnen immer noch ADB-Pinaca Powder High Purity bekommen, ist ADB-Pinaca Powder High Purity legal in usa, kaufen ADB-Pinaca Powder High Purity online usa, wie man ADB-Pinaca Powder High Purity bestellt, ist ADB-Pinaca Powder High Purity legal in Kanada<\/strong><\/pre>","protected":false},"featured_media":10267,"template":"","meta":[],"product_brand":[],"product_cat":[79],"product_tag":[],"class_list":{"0":"post-10258","1":"product","2":"type-product","3":"status-publish","4":"has-post-thumbnail","6":"product_cat-research-chemicals-and-bath-salt","8":"first","9":"instock","10":"shipping-taxable","11":"purchasable","12":"product-type-variable"},"tiered_pricing_type":"fixed","tiered_pricing_fixed_rules":[],"tiered_pricing_percentage_rules":[],"tiered_pricing_minimum":1,"_administrator_tiered_pricing_type":"fixed","_administrator_tiered_pricing_fixed_rules":[],"_editor_tiered_pricing_type":"fixed","_editor_tiered_pricing_fixed_rules":[],"_author_tiered_pricing_type":"fixed","_author_tiered_pricing_fixed_rules":[],"_contributor_tiered_pricing_type":"fixed","_contributor_tiered_pricing_fixed_rules":[],"_subscriber_tiered_pricing_type":"fixed","_subscriber_tiered_pricing_fixed_rules":[],"_customer_tiered_pricing_type":"fixed","_customer_tiered_pricing_fixed_rules":[],"_shop_manager_tiered_pricing_type":"fixed","_shop_manager_tiered_pricing_fixed_rules":[],"_wpseo_manager_tiered_pricing_type":"fixed","_wpseo_manager_tiered_pricing_fixed_rules":[],"_wpseo_editor_tiered_pricing_type":"fixed","_wpseo_editor_tiered_pricing_fixed_rules":[],"yoast_head":"<!-- This site is optimized with the Yoast SEO plugin v26.8 - https:\/\/yoast.com\/product\/yoast-seo-wordpress\/ -->\n<title>Buy ADB-Pinaca Powder High Purity - Cheap price, top quality<\/title>\n<meta name=\"description\" content=\"Buy ADB-Pinaca Powder Online at an affordable price at stonersmeds. All products are lab qualified and have premium quality.\" \/>\n<meta name=\"robots\" content=\"index, follow, max-snippet:-1, max-image-preview:large, max-video-preview:-1\" \/>\n<link rel=\"canonical\" href=\"https:\/\/trustwhite.com\/de\/shop\/buy-adb-pinaca-powder-high-purity\/\" \/>\n<meta property=\"og:locale\" content=\"de_DE\" \/>\n<meta property=\"og:type\" content=\"article\" \/>\n<meta property=\"og:title\" content=\"Buy ADB-Pinaca Powder High Purity - Cheap price, top quality\" \/>\n<meta property=\"og:description\" content=\"Buy ADB-Pinaca Powder Online at an affordable price at stonersmeds. All products are lab qualified and have premium quality.\" \/>\n<meta property=\"og:url\" content=\"https:\/\/trustwhite.com\/de\/shop\/buy-adb-pinaca-powder-high-purity\/\" \/>\n<meta property=\"og:site_name\" content=\"stonersmeds.com\" \/>\n<meta property=\"article:modified_time\" content=\"2023-01-02T14:23:40+00:00\" \/>\n<meta property=\"og:image\" content=\"https:\/\/trustwhite.com\/wp-content\/uploads\/2022\/03\/Research-Chemicals-For-Sale.jpg\" \/>\n\t<meta property=\"og:image:width\" content=\"600\" \/>\n\t<meta property=\"og:image:height\" content=\"600\" \/>\n\t<meta property=\"og:image:type\" content=\"image\/jpeg\" \/>\n<meta name=\"twitter:card\" content=\"summary_large_image\" \/>\n<meta name=\"twitter:label1\" content=\"Gesch\u00e4tzte Lesezeit\" \/>\n\t<meta name=\"twitter:data1\" content=\"1\u00a0Minute\" \/>\n<script type=\"application\/ld+json\" class=\"yoast-schema-graph\">{\"@context\":\"https:\/\/schema.org\",\"@graph\":[{\"@type\":\"WebPage\",\"@id\":\"https:\/\/trustwhite.com\/shop\/buy-adb-pinaca-powder-high-purity\/\",\"url\":\"https:\/\/trustwhite.com\/shop\/buy-adb-pinaca-powder-high-purity\/\",\"name\":\"Buy ADB-Pinaca Powder High Purity - Cheap price, top quality\",\"isPartOf\":{\"@id\":\"https:\/\/trustwhite.com\/el\/#website\"},\"primaryImageOfPage\":{\"@id\":\"https:\/\/trustwhite.com\/shop\/buy-adb-pinaca-powder-high-purity\/#primaryimage\"},\"image\":{\"@id\":\"https:\/\/trustwhite.com\/shop\/buy-adb-pinaca-powder-high-purity\/#primaryimage\"},\"thumbnailUrl\":\"https:\/\/trustwhite.com\/wp-content\/uploads\/2022\/03\/Research-Chemicals-For-Sale.jpg\",\"datePublished\":\"2022-03-12T06:22:06+00:00\",\"dateModified\":\"2023-01-02T14:23:40+00:00\",\"description\":\"Buy ADB-Pinaca Powder Online at an affordable price at stonersmeds. All products are lab qualified and have premium quality.\",\"breadcrumb\":{\"@id\":\"https:\/\/trustwhite.com\/shop\/buy-adb-pinaca-powder-high-purity\/#breadcrumb\"},\"inLanguage\":\"de\",\"potentialAction\":[{\"@type\":\"ReadAction\",\"target\":[\"https:\/\/trustwhite.com\/shop\/buy-adb-pinaca-powder-high-purity\/\"]}]},{\"@type\":\"ImageObject\",\"inLanguage\":\"de\",\"@id\":\"https:\/\/trustwhite.com\/shop\/buy-adb-pinaca-powder-high-purity\/#primaryimage\",\"url\":\"https:\/\/trustwhite.com\/wp-content\/uploads\/2022\/03\/Research-Chemicals-For-Sale.jpg\",\"contentUrl\":\"https:\/\/trustwhite.com\/wp-content\/uploads\/2022\/03\/Research-Chemicals-For-Sale.jpg\",\"width\":600,\"height\":600},{\"@type\":\"BreadcrumbList\",\"@id\":\"https:\/\/trustwhite.com\/shop\/buy-adb-pinaca-powder-high-purity\/#breadcrumb\",\"itemListElement\":[{\"@type\":\"ListItem\",\"position\":1,\"name\":\"Home\",\"item\":\"https:\/\/trustwhite.com\/el\/\"},{\"@type\":\"ListItem\",\"position\":2,\"name\":\"Shop\",\"item\":\"https:\/\/trustwhite.com\/el\/shop\/\"},{\"@type\":\"ListItem\",\"position\":3,\"name\":\"Buy ADB-Pinaca Powder High Purity\"}]},{\"@type\":\"WebSite\",\"@id\":\"https:\/\/trustwhite.com\/el\/#website\",\"url\":\"https:\/\/trustwhite.com\/el\/\",\"name\":\"stonersmeds.com\",\"description\":\"verschreibungspflichtige Medizin kaufen\",\"potentialAction\":[{\"@type\":\"SearchAction\",\"target\":{\"@type\":\"EntryPoint\",\"urlTemplate\":\"https:\/\/trustwhite.com\/el\/?s={search_term_string}\"},\"query-input\":{\"@type\":\"PropertyValueSpecification\",\"valueRequired\":true,\"valueName\":\"search_term_string\"}}],\"inLanguage\":\"de\"}]}<\/script>\n<!-- \/ Yoast SEO plugin. -->","yoast_head_json":{"title":"ADB-Pinaca Powder High Purity kaufen - G\u00fcnstiger Preis, hohe Qualit\u00e4t","description":"Kaufen Sie ADB-Pinaca Powder Online zu einem g\u00fcnstigen Preis bei stonersmeds. Alle Produkte sind Labor qualifiziert und haben Premium-Qualit\u00e4t.","robots":{"index":"index","follow":"follow","max-snippet":"max-snippet:-1","max-image-preview":"max-image-preview:large","max-video-preview":"max-video-preview:-1"},"canonical":"https:\/\/trustwhite.com\/de\/shop\/buy-adb-pinaca-powder-high-purity\/","og_locale":"de_DE","og_type":"article","og_title":"Buy ADB-Pinaca Powder High Purity - Cheap price, top quality","og_description":"Buy ADB-Pinaca Powder Online at an affordable price at stonersmeds. All products are lab qualified and have premium quality.","og_url":"https:\/\/trustwhite.com\/de\/shop\/buy-adb-pinaca-powder-high-purity\/","og_site_name":"stonersmeds.com","article_modified_time":"2023-01-02T14:23:40+00:00","og_image":[{"width":600,"height":600,"url":"https:\/\/trustwhite.com\/wp-content\/uploads\/2022\/03\/Research-Chemicals-For-Sale.jpg","type":"image\/jpeg"}],"twitter_card":"summary_large_image","twitter_misc":{"Gesch\u00e4tzte Lesezeit":"1\u00a0Minute"},"schema":{"@context":"https:\/\/schema.org","@graph":[{"@type":"WebPage","@id":"https:\/\/trustwhite.com\/shop\/buy-adb-pinaca-powder-high-purity\/","url":"https:\/\/trustwhite.com\/shop\/buy-adb-pinaca-powder-high-purity\/","name":"ADB-Pinaca Powder High Purity kaufen - G\u00fcnstiger Preis, hohe Qualit\u00e4t","isPartOf":{"@id":"https:\/\/trustwhite.com\/el\/#website"},"primaryImageOfPage":{"@id":"https:\/\/trustwhite.com\/shop\/buy-adb-pinaca-powder-high-purity\/#primaryimage"},"image":{"@id":"https:\/\/trustwhite.com\/shop\/buy-adb-pinaca-powder-high-purity\/#primaryimage"},"thumbnailUrl":"https:\/\/trustwhite.com\/wp-content\/uploads\/2022\/03\/Research-Chemicals-For-Sale.jpg","datePublished":"2022-03-12T06:22:06+00:00","dateModified":"2023-01-02T14:23:40+00:00","description":"Kaufen Sie ADB-Pinaca Powder Online zu einem g\u00fcnstigen Preis bei stonersmeds. Alle Produkte sind Labor qualifiziert und haben Premium-Qualit\u00e4t.","breadcrumb":{"@id":"https:\/\/trustwhite.com\/shop\/buy-adb-pinaca-powder-high-purity\/#breadcrumb"},"inLanguage":"de","potentialAction":[{"@type":"ReadAction","target":["https:\/\/trustwhite.com\/shop\/buy-adb-pinaca-powder-high-purity\/"]}]},{"@type":"ImageObject","inLanguage":"de","@id":"https:\/\/trustwhite.com\/shop\/buy-adb-pinaca-powder-high-purity\/#primaryimage","url":"https:\/\/trustwhite.com\/wp-content\/uploads\/2022\/03\/Research-Chemicals-For-Sale.jpg","contentUrl":"https:\/\/trustwhite.com\/wp-content\/uploads\/2022\/03\/Research-Chemicals-For-Sale.jpg","width":600,"height":600},{"@type":"BreadcrumbList","@id":"https:\/\/trustwhite.com\/shop\/buy-adb-pinaca-powder-high-purity\/#breadcrumb","itemListElement":[{"@type":"ListItem","position":1,"name":"Home","item":"https:\/\/trustwhite.com\/el\/"},{"@type":"ListItem","position":2,"name":"Shop","item":"https:\/\/trustwhite.com\/el\/shop\/"},{"@type":"ListItem","position":3,"name":"Buy ADB-Pinaca Powder High Purity"}]},{"@type":"WebSite","@id":"https:\/\/trustwhite.com\/el\/#website","url":"https:\/\/trustwhite.com\/el\/","name":"stonersmeds.com","description":"verschreibungspflichtige Medizin kaufen","potentialAction":[{"@type":"SearchAction","target":{"@type":"EntryPoint","urlTemplate":"https:\/\/trustwhite.com\/el\/?s={search_term_string}"},"query-input":{"@type":"PropertyValueSpecification","valueRequired":true,"valueName":"search_term_string"}}],"inLanguage":"de"}]}},"_links":{"self":[{"href":"https:\/\/trustwhite.com\/de\/wp-json\/wp\/v2\/product\/10258","targetHints":{"allow":["GET"]}}],"collection":[{"href":"https:\/\/trustwhite.com\/de\/wp-json\/wp\/v2\/product"}],"about":[{"href":"https:\/\/trustwhite.com\/de\/wp-json\/wp\/v2\/types\/product"}],"version-history":[{"count":0,"href":"https:\/\/trustwhite.com\/de\/wp-json\/wp\/v2\/product\/10258\/revisions"}],"wp:featuredmedia":[{"embeddable":true,"href":"https:\/\/trustwhite.com\/de\/wp-json\/wp\/v2\/media\/10267"}],"wp:attachment":[{"href":"https:\/\/trustwhite.com\/de\/wp-json\/wp\/v2\/media?parent=10258"}],"wp:term":[{"taxonomy":"product_brand","embeddable":true,"href":"https:\/\/trustwhite.com\/de\/wp-json\/wp\/v2\/product_brand?post=10258"},{"taxonomy":"product_cat","embeddable":true,"href":"https:\/\/trustwhite.com\/de\/wp-json\/wp\/v2\/product_cat?post=10258"},{"taxonomy":"product_tag","embeddable":true,"href":"https:\/\/trustwhite.com\/de\/wp-json\/wp\/v2\/product_tag?post=10258"}],"curies":[{"name":"wp","href":"https:\/\/api.w.org\/{rel}","templated":true}]}}