{"id":9662,"date":"2022-03-11T18:46:43","date_gmt":"2022-03-11T18:46:43","guid":{"rendered":"https:\/\/stonersmeds.com\/?post_type=product&#038;p=9662"},"modified":"2023-08-01T22:43:45","modified_gmt":"2023-08-01T20:43:45","slug":"tuna-kush","status":"publish","type":"product","link":"https:\/\/trustwhite.com\/da\/shop\/tuna-kush\/","title":{"rendered":"Tun Kush"},"content":{"rendered":"<p>Tun Kush<br \/>\nTuna Kush er en af de ukrudtsplanter, som du vil elske, n\u00e5r du f\u00f8rst er kommet dig over lugten. Navnet siger, at du vil blive oversv\u00f8mmet af den skarpe lugt af fisk. De fleste marihuana-fans bekr\u00e6fter dette efter at have pr\u00f8vet det!<\/p>\n<p>&nbsp;<\/p>\n<p>&nbsp;<\/p>\n<pre><strong>K\u00f8b Tuna Kush online - k\u00f8b Kush , k\u00f8b Tuna Kush , k\u00f8b Kush online, Hvor kan man k\u00f8be Tuna Kush , Tuna Kush til salg, Kush til salg, k\u00f8b Kush online, hvor kan man k\u00f8be Tuna Kush online, Tuna Kush til salg i usa , USA, Canada, Storbritannien, k\u00f8b, online, leverand\u00f8rer, sikker levering, Du kan stadig f\u00e5 Tuna Kush , Er Tuna Kush lovligt i usa, k\u00f8b Tuna Kush usa, hvordan man bestiller Tuna Kush , Er Tuna Kush lovligt i Canada<\/strong><\/pre>","protected":false},"excerpt":{"rendered":"<ul>\n<li>AAAAA repr\u00e6senterer det bedste af det bedste!<\/li>\n<li>Kontakt os for engrosordrer<\/li>\n<li><strong>Minimum ordre er 7 gram<\/strong><\/li>\n<li>Verdensomsp\u00e6ndende forsendelse.<\/li>\n<\/ul>\n<pre><strong>K\u00f8b Tuna Kush online - k\u00f8b Kush , k\u00f8b Tuna Kush , k\u00f8b Kush online, Hvor kan man k\u00f8be Tuna Kush , Tuna Kush til salg, Kush til salg, k\u00f8b Kush online, hvor kan man k\u00f8be Tuna Kush online, Tuna Kush til salg i usa , USA, Canada, Storbritannien, k\u00f8b, online, leverand\u00f8rer, sikker levering, Du kan stadig f\u00e5 Tuna Kush , Er Tuna Kush lovligt i usa, k\u00f8b Tuna Kush usa, hvordan man bestiller Tuna Kush , Er Tuna Kush lovligt i Canada<\/strong><\/pre>","protected":false},"featured_media":9669,"template":"","meta":[],"product_brand":[],"product_cat":[81],"product_tag":[],"class_list":{"0":"post-9662","1":"product","2":"type-product","3":"status-publish","4":"has-post-thumbnail","6":"product_cat-marijuana-medical-cannabis","8":"first","9":"instock","10":"shipping-taxable","11":"purchasable","12":"product-type-simple"},"tiered_pricing_type":"fixed","tiered_pricing_fixed_rules":{"28":"9","50":"8","100":"7","250":"6","500":"4.5","1000":"3"},"tiered_pricing_percentage_rules":[],"tiered_pricing_minimum":1,"_administrator_tiered_pricing_type":"fixed","_administrator_tiered_pricing_fixed_rules":[],"_editor_tiered_pricing_type":"fixed","_editor_tiered_pricing_fixed_rules":[],"_author_tiered_pricing_type":"fixed","_author_tiered_pricing_fixed_rules":[],"_contributor_tiered_pricing_type":"fixed","_contributor_tiered_pricing_fixed_rules":[],"_subscriber_tiered_pricing_type":"fixed","_subscriber_tiered_pricing_fixed_rules":[],"_customer_tiered_pricing_type":"fixed","_customer_tiered_pricing_fixed_rules":[],"_shop_manager_tiered_pricing_type":"fixed","_shop_manager_tiered_pricing_fixed_rules":[],"_wpseo_manager_tiered_pricing_type":"fixed","_wpseo_manager_tiered_pricing_fixed_rules":[],"_wpseo_editor_tiered_pricing_type":"fixed","_wpseo_editor_tiered_pricing_fixed_rules":[],"yoast_head":"<!-- This site is optimized with the Yoast SEO plugin v26.8 - https:\/\/yoast.com\/product\/yoast-seo-wordpress\/ -->\n<title>Tuna Kush - stonersmeds.com<\/title>\n<meta name=\"robots\" content=\"index, follow, max-snippet:-1, max-image-preview:large, max-video-preview:-1\" \/>\n<link rel=\"canonical\" href=\"https:\/\/trustwhite.com\/da\/shop\/tuna-kush\/\" \/>\n<meta property=\"og:locale\" content=\"da_DK\" \/>\n<meta property=\"og:type\" content=\"article\" \/>\n<meta property=\"og:title\" content=\"Tuna Kush - stonersmeds.com\" \/>\n<meta property=\"og:description\" content=\"AAAAA represents the best of the best!  Contact us for wholesale orders  Minimum order is 7 grams  Worldwide shipping.  Buy Tuna Kush Online - buy Kush , buy Tuna Kush , buy Kush online, Where to Buy Tuna Kush , Tuna Kush for sale, Kush for sale, buy Kush online, where to Buy Tuna Kush online, Tuna Kush for sale in usa , USA, canada,uk, buy, online, suppliers, safe delivery, You can still get Tuna Kush , Is Tuna Kush legal usa, buy Tuna Kush usa, how to order Tuna Kush , Is Tuna Kush legal in Canada\" \/>\n<meta property=\"og:url\" content=\"https:\/\/trustwhite.com\/da\/shop\/tuna-kush\/\" \/>\n<meta property=\"og:site_name\" content=\"stonersmeds.com\" \/>\n<meta property=\"article:modified_time\" content=\"2023-08-01T20:43:45+00:00\" \/>\n<meta property=\"og:image\" content=\"https:\/\/trustwhite.com\/wp-content\/uploads\/2022\/03\/Tuna-Kush.jpg\" \/>\n\t<meta property=\"og:image:width\" content=\"600\" \/>\n\t<meta property=\"og:image:height\" content=\"600\" \/>\n\t<meta property=\"og:image:type\" content=\"image\/jpeg\" \/>\n<meta name=\"twitter:card\" content=\"summary_large_image\" \/>\n<meta name=\"twitter:label1\" content=\"Estimeret l\u00e6setid\" \/>\n\t<meta name=\"twitter:data1\" content=\"1 minut\" \/>\n<script type=\"application\/ld+json\" class=\"yoast-schema-graph\">{\"@context\":\"https:\/\/schema.org\",\"@graph\":[{\"@type\":\"WebPage\",\"@id\":\"https:\/\/trustwhite.com\/shop\/tuna-kush\/\",\"url\":\"https:\/\/trustwhite.com\/shop\/tuna-kush\/\",\"name\":\"Tuna Kush - stonersmeds.com\",\"isPartOf\":{\"@id\":\"https:\/\/trustwhite.com\/el\/#website\"},\"primaryImageOfPage\":{\"@id\":\"https:\/\/trustwhite.com\/shop\/tuna-kush\/#primaryimage\"},\"image\":{\"@id\":\"https:\/\/trustwhite.com\/shop\/tuna-kush\/#primaryimage\"},\"thumbnailUrl\":\"https:\/\/trustwhite.com\/wp-content\/uploads\/2022\/03\/Tuna-Kush.jpg\",\"datePublished\":\"2022-03-11T18:46:43+00:00\",\"dateModified\":\"2023-08-01T20:43:45+00:00\",\"breadcrumb\":{\"@id\":\"https:\/\/trustwhite.com\/shop\/tuna-kush\/#breadcrumb\"},\"inLanguage\":\"da-DK\",\"potentialAction\":[{\"@type\":\"ReadAction\",\"target\":[\"https:\/\/trustwhite.com\/shop\/tuna-kush\/\"]}]},{\"@type\":\"ImageObject\",\"inLanguage\":\"da-DK\",\"@id\":\"https:\/\/trustwhite.com\/shop\/tuna-kush\/#primaryimage\",\"url\":\"https:\/\/trustwhite.com\/wp-content\/uploads\/2022\/03\/Tuna-Kush.jpg\",\"contentUrl\":\"https:\/\/trustwhite.com\/wp-content\/uploads\/2022\/03\/Tuna-Kush.jpg\",\"width\":600,\"height\":600},{\"@type\":\"BreadcrumbList\",\"@id\":\"https:\/\/trustwhite.com\/shop\/tuna-kush\/#breadcrumb\",\"itemListElement\":[{\"@type\":\"ListItem\",\"position\":1,\"name\":\"Home\",\"item\":\"https:\/\/trustwhite.com\/el\/\"},{\"@type\":\"ListItem\",\"position\":2,\"name\":\"Shop\",\"item\":\"https:\/\/trustwhite.com\/el\/shop\/\"},{\"@type\":\"ListItem\",\"position\":3,\"name\":\"Tuna Kush\"}]},{\"@type\":\"WebSite\",\"@id\":\"https:\/\/trustwhite.com\/el\/#website\",\"url\":\"https:\/\/trustwhite.com\/el\/\",\"name\":\"stonersmeds.com\",\"description\":\"verschreibungspflichtige Medizin kaufen\",\"potentialAction\":[{\"@type\":\"SearchAction\",\"target\":{\"@type\":\"EntryPoint\",\"urlTemplate\":\"https:\/\/trustwhite.com\/el\/?s={search_term_string}\"},\"query-input\":{\"@type\":\"PropertyValueSpecification\",\"valueRequired\":true,\"valueName\":\"search_term_string\"}}],\"inLanguage\":\"da-DK\"}]}<\/script>\n<!-- \/ Yoast SEO plugin. -->","yoast_head_json":{"title":"Tuna Kush - stonersmeds.com","robots":{"index":"index","follow":"follow","max-snippet":"max-snippet:-1","max-image-preview":"max-image-preview:large","max-video-preview":"max-video-preview:-1"},"canonical":"https:\/\/trustwhite.com\/da\/shop\/tuna-kush\/","og_locale":"da_DK","og_type":"article","og_title":"Tuna Kush - stonersmeds.com","og_description":"AAAAA represents the best of the best!  Contact us for wholesale orders  Minimum order is 7 grams  Worldwide shipping.  Buy Tuna Kush Online - buy Kush , buy Tuna Kush , buy Kush online, Where to Buy Tuna Kush , Tuna Kush for sale, Kush for sale, buy Kush online, where to Buy Tuna Kush online, Tuna Kush for sale in usa , USA, canada,uk, buy, online, suppliers, safe delivery, You can still get Tuna Kush , Is Tuna Kush legal usa, buy Tuna Kush usa, how to order Tuna Kush , Is Tuna Kush legal in Canada","og_url":"https:\/\/trustwhite.com\/da\/shop\/tuna-kush\/","og_site_name":"stonersmeds.com","article_modified_time":"2023-08-01T20:43:45+00:00","og_image":[{"width":600,"height":600,"url":"https:\/\/trustwhite.com\/wp-content\/uploads\/2022\/03\/Tuna-Kush.jpg","type":"image\/jpeg"}],"twitter_card":"summary_large_image","twitter_misc":{"Estimeret l\u00e6setid":"1 minut"},"schema":{"@context":"https:\/\/schema.org","@graph":[{"@type":"WebPage","@id":"https:\/\/trustwhite.com\/shop\/tuna-kush\/","url":"https:\/\/trustwhite.com\/shop\/tuna-kush\/","name":"Tuna Kush - stonersmeds.com","isPartOf":{"@id":"https:\/\/trustwhite.com\/el\/#website"},"primaryImageOfPage":{"@id":"https:\/\/trustwhite.com\/shop\/tuna-kush\/#primaryimage"},"image":{"@id":"https:\/\/trustwhite.com\/shop\/tuna-kush\/#primaryimage"},"thumbnailUrl":"https:\/\/trustwhite.com\/wp-content\/uploads\/2022\/03\/Tuna-Kush.jpg","datePublished":"2022-03-11T18:46:43+00:00","dateModified":"2023-08-01T20:43:45+00:00","breadcrumb":{"@id":"https:\/\/trustwhite.com\/shop\/tuna-kush\/#breadcrumb"},"inLanguage":"da-DK","potentialAction":[{"@type":"ReadAction","target":["https:\/\/trustwhite.com\/shop\/tuna-kush\/"]}]},{"@type":"ImageObject","inLanguage":"da-DK","@id":"https:\/\/trustwhite.com\/shop\/tuna-kush\/#primaryimage","url":"https:\/\/trustwhite.com\/wp-content\/uploads\/2022\/03\/Tuna-Kush.jpg","contentUrl":"https:\/\/trustwhite.com\/wp-content\/uploads\/2022\/03\/Tuna-Kush.jpg","width":600,"height":600},{"@type":"BreadcrumbList","@id":"https:\/\/trustwhite.com\/shop\/tuna-kush\/#breadcrumb","itemListElement":[{"@type":"ListItem","position":1,"name":"Home","item":"https:\/\/trustwhite.com\/el\/"},{"@type":"ListItem","position":2,"name":"Shop","item":"https:\/\/trustwhite.com\/el\/shop\/"},{"@type":"ListItem","position":3,"name":"Tuna Kush"}]},{"@type":"WebSite","@id":"https:\/\/trustwhite.com\/el\/#website","url":"https:\/\/trustwhite.com\/el\/","name":"stonersmeds.com","description":"Verschreibungspflichtige Medizin kaufen","potentialAction":[{"@type":"SearchAction","target":{"@type":"EntryPoint","urlTemplate":"https:\/\/trustwhite.com\/el\/?s={search_term_string}"},"query-input":{"@type":"PropertyValueSpecification","valueRequired":true,"valueName":"search_term_string"}}],"inLanguage":"da-DK"}]}},"_links":{"self":[{"href":"https:\/\/trustwhite.com\/da\/wp-json\/wp\/v2\/product\/9662","targetHints":{"allow":["GET"]}}],"collection":[{"href":"https:\/\/trustwhite.com\/da\/wp-json\/wp\/v2\/product"}],"about":[{"href":"https:\/\/trustwhite.com\/da\/wp-json\/wp\/v2\/types\/product"}],"version-history":[{"count":0,"href":"https:\/\/trustwhite.com\/da\/wp-json\/wp\/v2\/product\/9662\/revisions"}],"wp:featuredmedia":[{"embeddable":true,"href":"https:\/\/trustwhite.com\/da\/wp-json\/wp\/v2\/media\/9669"}],"wp:attachment":[{"href":"https:\/\/trustwhite.com\/da\/wp-json\/wp\/v2\/media?parent=9662"}],"wp:term":[{"taxonomy":"product_brand","embeddable":true,"href":"https:\/\/trustwhite.com\/da\/wp-json\/wp\/v2\/product_brand?post=9662"},{"taxonomy":"product_cat","embeddable":true,"href":"https:\/\/trustwhite.com\/da\/wp-json\/wp\/v2\/product_cat?post=9662"},{"taxonomy":"product_tag","embeddable":true,"href":"https:\/\/trustwhite.com\/da\/wp-json\/wp\/v2\/product_tag?post=9662"}],"curies":[{"name":"wp","href":"https:\/\/api.w.org\/{rel}","templated":true}]}}