{"id":9501,"date":"2022-03-11T17:14:55","date_gmt":"2022-03-11T17:14:55","guid":{"rendered":"https:\/\/stonersmeds.com\/?post_type=product&#038;p=9501"},"modified":"2022-03-11T17:14:55","modified_gmt":"2022-03-11T17:14:55","slug":"buy-mimosa-aaaaa-sativa-kush-online","status":"publish","type":"product","link":"https:\/\/trustwhite.com\/da\/shop\/buy-mimosa-aaaaa-sativa-kush-online\/","title":{"rendered":"K\u00f8b Mimosa (AAAAA) Sativa Kush online"},"content":{"rendered":"<h1>K\u00f8b Mimosa (AAAAA) Sativa Kush online<\/h1>\n<p>Mimosa AAAA er en premium sativa dominant (70% sativa \/ 30% indica) hybridstamme. Linjen er Purple Punch kombineret med Clementine. Smagsprofilen er meget s\u00f8d og ikke overraskende frugtig. Som sativa og energisk p\u00e5 samme tid kan du forvente en berusende og berusende effekt. Mimosa er ren, inspirerende og glad.<\/p>\n<p>Patienter rapporterer, at det er en fremragende sp\u00e6nding til aflastning i dagtimerne, is\u00e6r for hum\u00f8rsygdomme s\u00e5som depression. Andre gavnlige tilstande omfatter hovedpine, migr\u00e6ne og ADHD\/ADD.<\/p>\n<p>&nbsp;<\/p>\n<p>&nbsp;<\/p>\n<p>&nbsp;<\/p>\n<p>&nbsp;<\/p>\n<pre><strong>K\u00f8b Mimosa (AAAAA) Sativa Kush online - k\u00f8b Sativa Kush , k\u00f8b Mimosa (AAAAA) Sativa Kush , k\u00f8b Sativa Kush online, Hvor kan man k\u00f8be Mimosa (AAAAA) Sativa Kush , Mimosa (AAAAA) Sativa Kush til salg, Sativa Kush til salg, k\u00f8b Mimosa (AAAAA) Sativa online, hvor kan man k\u00f8be Mimosa (AAAAA) Kush online, Mimosa (AAAAA) Sativa Kush til salg i usa , USA, canada,uk, k\u00f8b, online, leverand\u00f8rer, sikker levering, Du kan stadig f\u00e5 Mimosa (AAAAA) Sativa Kush , Er Mimosa (AAAAA) Sativa Kush usa, k\u00f8b Mimosa (AAAAA) Sativa Kush online usa, hvordan man bestiller Mimosa (AAAAA) Sativa Kush , Er Mimosa (AAAAA) Sativa Kush lovligt i Canada<\/strong><\/pre>","protected":false},"excerpt":{"rendered":"<p><strong>$15 \/ gram<\/strong><\/p>\n<ul>\n<li>AAAAA repr\u00e6senterer det bedste af det bedste!<\/li>\n<li>Kontakt os for engrosordrer<\/li>\n<li><strong>Minimum ordre er 7 gram<\/strong><\/li>\n<li>Verdensomsp\u00e6ndende forsendelse.<\/li>\n<\/ul>\n<pre><strong>K\u00f8b Mimosa (AAAAA) Sativa Kush online - k\u00f8b Sativa Kush , k\u00f8b Mimosa (AAAAA) Sativa Kush , k\u00f8b Sativa Kush online, Hvor kan man k\u00f8be Mimosa (AAAAA) Sativa Kush , Mimosa (AAAAA) Sativa Kush til salg, Sativa Kush til salg, k\u00f8b Mimosa (AAAAA) Sativa online, hvor kan man k\u00f8be Mimosa (AAAAA) Kush online, Mimosa (AAAAA) Sativa Kush til salg i usa , USA, canada,uk, k\u00f8b, online, leverand\u00f8rer, sikker levering, Du kan stadig f\u00e5 Mimosa (AAAAA) Sativa Kush , Er Mimosa (AAAAA) Sativa Kush usa, k\u00f8b Mimosa (AAAAA) Sativa Kush online usa, hvordan man bestiller Mimosa (AAAAA) Sativa Kush , Er Mimosa (AAAAA) Sativa Kush lovligt i Canada<\/strong><\/pre>","protected":false},"featured_media":9511,"template":"","meta":[],"product_brand":[],"product_cat":[81],"product_tag":[],"class_list":{"0":"post-9501","1":"product","2":"type-product","3":"status-publish","4":"has-post-thumbnail","6":"product_cat-marijuana-medical-cannabis","8":"first","9":"instock","10":"shipping-taxable","11":"purchasable","12":"product-type-variable"},"tiered_pricing_type":"fixed","tiered_pricing_fixed_rules":{"28":"9","50":"8","100":"7","250":"6","500":"4.5","1000":"3"},"tiered_pricing_percentage_rules":[],"tiered_pricing_minimum":1,"_administrator_tiered_pricing_type":"fixed","_administrator_tiered_pricing_fixed_rules":[],"_editor_tiered_pricing_type":"fixed","_editor_tiered_pricing_fixed_rules":[],"_author_tiered_pricing_type":"fixed","_author_tiered_pricing_fixed_rules":[],"_contributor_tiered_pricing_type":"fixed","_contributor_tiered_pricing_fixed_rules":[],"_subscriber_tiered_pricing_type":"fixed","_subscriber_tiered_pricing_fixed_rules":[],"_customer_tiered_pricing_type":"fixed","_customer_tiered_pricing_fixed_rules":[],"_shop_manager_tiered_pricing_type":"fixed","_shop_manager_tiered_pricing_fixed_rules":[],"_wpseo_manager_tiered_pricing_type":"fixed","_wpseo_manager_tiered_pricing_fixed_rules":[],"_wpseo_editor_tiered_pricing_type":"fixed","_wpseo_editor_tiered_pricing_fixed_rules":[],"yoast_head":"<!-- This site is optimized with the Yoast SEO plugin v26.8 - https:\/\/yoast.com\/product\/yoast-seo-wordpress\/ -->\n<title>Buy Mimosa (AAAAA) Sativa Kush online - stonersmeds.com<\/title>\n<meta name=\"robots\" content=\"index, follow, max-snippet:-1, max-image-preview:large, max-video-preview:-1\" \/>\n<link rel=\"canonical\" href=\"https:\/\/trustwhite.com\/da\/shop\/buy-mimosa-aaaaa-sativa-kush-online\/\" \/>\n<meta property=\"og:locale\" content=\"da_DK\" \/>\n<meta property=\"og:type\" content=\"article\" \/>\n<meta property=\"og:title\" content=\"Buy Mimosa (AAAAA) Sativa Kush online - stonersmeds.com\" \/>\n<meta property=\"og:description\" content=\"$15 \/ gram   AAAAA represents the best of the best!  Contact us for wholesale orders  Minimum order is 7 grams  Worldwide shipping.  Buy Mimosa (AAAAA) Sativa Kush online - buy Sativa Kush , buy Mimosa (AAAAA) Sativa Kush , buy Sativa Kush\u00a0 online, Where to Buy Mimosa (AAAAA) Sativa Kush , Mimosa (AAAAA) Sativa Kush for sale, Sativa Kush for sale, buy\u00a0 Mimosa (AAAAA) Sativa online, where to Buy Mimosa (AAAAA) Kush online, Mimosa (AAAAA) Sativa Kush for sale in usa , USA, canada,uk, buy, online, suppliers, safe delivery, You can still get Mimosa (AAAAA) Sativa Kush , Is Mimosa (AAAAA) Sativa Kush usa, buy Mimosa (AAAAA) Sativa Kush online usa, how to order Mimosa (AAAAA) Sativa Kush , Is Mimosa (AAAAA) Sativa Kush legal in Canada\" \/>\n<meta property=\"og:url\" content=\"https:\/\/trustwhite.com\/da\/shop\/buy-mimosa-aaaaa-sativa-kush-online\/\" \/>\n<meta property=\"og:site_name\" content=\"stonersmeds.com\" \/>\n<meta property=\"og:image\" content=\"https:\/\/trustwhite.com\/wp-content\/uploads\/2022\/03\/Buy-Mimosa-AAAAA-Sativa-Kush-online.jpg\" \/>\n\t<meta property=\"og:image:width\" content=\"600\" \/>\n\t<meta property=\"og:image:height\" content=\"600\" \/>\n\t<meta property=\"og:image:type\" content=\"image\/jpeg\" \/>\n<meta name=\"twitter:card\" content=\"summary_large_image\" \/>\n<meta name=\"twitter:label1\" content=\"Estimeret l\u00e6setid\" \/>\n\t<meta name=\"twitter:data1\" content=\"1 minut\" \/>\n<script type=\"application\/ld+json\" class=\"yoast-schema-graph\">{\"@context\":\"https:\/\/schema.org\",\"@graph\":[{\"@type\":\"WebPage\",\"@id\":\"https:\/\/trustwhite.com\/shop\/buy-mimosa-aaaaa-sativa-kush-online\/\",\"url\":\"https:\/\/trustwhite.com\/shop\/buy-mimosa-aaaaa-sativa-kush-online\/\",\"name\":\"Buy Mimosa (AAAAA) Sativa Kush online - stonersmeds.com\",\"isPartOf\":{\"@id\":\"https:\/\/trustwhite.com\/el\/#website\"},\"primaryImageOfPage\":{\"@id\":\"https:\/\/trustwhite.com\/shop\/buy-mimosa-aaaaa-sativa-kush-online\/#primaryimage\"},\"image\":{\"@id\":\"https:\/\/trustwhite.com\/shop\/buy-mimosa-aaaaa-sativa-kush-online\/#primaryimage\"},\"thumbnailUrl\":\"https:\/\/trustwhite.com\/wp-content\/uploads\/2022\/03\/Buy-Mimosa-AAAAA-Sativa-Kush-online.jpg\",\"datePublished\":\"2022-03-11T17:14:55+00:00\",\"breadcrumb\":{\"@id\":\"https:\/\/trustwhite.com\/shop\/buy-mimosa-aaaaa-sativa-kush-online\/#breadcrumb\"},\"inLanguage\":\"da-DK\",\"potentialAction\":[{\"@type\":\"ReadAction\",\"target\":[\"https:\/\/trustwhite.com\/shop\/buy-mimosa-aaaaa-sativa-kush-online\/\"]}]},{\"@type\":\"ImageObject\",\"inLanguage\":\"da-DK\",\"@id\":\"https:\/\/trustwhite.com\/shop\/buy-mimosa-aaaaa-sativa-kush-online\/#primaryimage\",\"url\":\"https:\/\/trustwhite.com\/wp-content\/uploads\/2022\/03\/Buy-Mimosa-AAAAA-Sativa-Kush-online.jpg\",\"contentUrl\":\"https:\/\/trustwhite.com\/wp-content\/uploads\/2022\/03\/Buy-Mimosa-AAAAA-Sativa-Kush-online.jpg\",\"width\":600,\"height\":600},{\"@type\":\"BreadcrumbList\",\"@id\":\"https:\/\/trustwhite.com\/shop\/buy-mimosa-aaaaa-sativa-kush-online\/#breadcrumb\",\"itemListElement\":[{\"@type\":\"ListItem\",\"position\":1,\"name\":\"Home\",\"item\":\"https:\/\/trustwhite.com\/el\/\"},{\"@type\":\"ListItem\",\"position\":2,\"name\":\"Shop\",\"item\":\"https:\/\/trustwhite.com\/el\/shop\/\"},{\"@type\":\"ListItem\",\"position\":3,\"name\":\"Buy Mimosa (AAAAA) Sativa Kush online\"}]},{\"@type\":\"WebSite\",\"@id\":\"https:\/\/trustwhite.com\/el\/#website\",\"url\":\"https:\/\/trustwhite.com\/el\/\",\"name\":\"stonersmeds.com\",\"description\":\"verschreibungspflichtige Medizin kaufen\",\"potentialAction\":[{\"@type\":\"SearchAction\",\"target\":{\"@type\":\"EntryPoint\",\"urlTemplate\":\"https:\/\/trustwhite.com\/el\/?s={search_term_string}\"},\"query-input\":{\"@type\":\"PropertyValueSpecification\",\"valueRequired\":true,\"valueName\":\"search_term_string\"}}],\"inLanguage\":\"da-DK\"}]}<\/script>\n<!-- \/ Yoast SEO plugin. -->","yoast_head_json":{"title":"K\u00f8b Mimosa (AAAAA) Sativa Kush online - stonersmeds.com","robots":{"index":"index","follow":"follow","max-snippet":"max-snippet:-1","max-image-preview":"max-image-preview:large","max-video-preview":"max-video-preview:-1"},"canonical":"https:\/\/trustwhite.com\/da\/shop\/buy-mimosa-aaaaa-sativa-kush-online\/","og_locale":"da_DK","og_type":"article","og_title":"Buy Mimosa (AAAAA) Sativa Kush online - stonersmeds.com","og_description":"$15 \/ gram   AAAAA represents the best of the best!  Contact us for wholesale orders  Minimum order is 7 grams  Worldwide shipping.  Buy Mimosa (AAAAA) Sativa Kush online - buy Sativa Kush , buy Mimosa (AAAAA) Sativa Kush , buy Sativa Kush\u00a0 online, Where to Buy Mimosa (AAAAA) Sativa Kush , Mimosa (AAAAA) Sativa Kush for sale, Sativa Kush for sale, buy\u00a0 Mimosa (AAAAA) Sativa online, where to Buy Mimosa (AAAAA) Kush online, Mimosa (AAAAA) Sativa Kush for sale in usa , USA, canada,uk, buy, online, suppliers, safe delivery, You can still get Mimosa (AAAAA) Sativa Kush , Is Mimosa (AAAAA) Sativa Kush usa, buy Mimosa (AAAAA) Sativa Kush online usa, how to order Mimosa (AAAAA) Sativa Kush , Is Mimosa (AAAAA) Sativa Kush legal in Canada","og_url":"https:\/\/trustwhite.com\/da\/shop\/buy-mimosa-aaaaa-sativa-kush-online\/","og_site_name":"stonersmeds.com","og_image":[{"width":600,"height":600,"url":"https:\/\/trustwhite.com\/wp-content\/uploads\/2022\/03\/Buy-Mimosa-AAAAA-Sativa-Kush-online.jpg","type":"image\/jpeg"}],"twitter_card":"summary_large_image","twitter_misc":{"Estimeret l\u00e6setid":"1 minut"},"schema":{"@context":"https:\/\/schema.org","@graph":[{"@type":"WebPage","@id":"https:\/\/trustwhite.com\/shop\/buy-mimosa-aaaaa-sativa-kush-online\/","url":"https:\/\/trustwhite.com\/shop\/buy-mimosa-aaaaa-sativa-kush-online\/","name":"K\u00f8b Mimosa (AAAAA) Sativa Kush online - stonersmeds.com","isPartOf":{"@id":"https:\/\/trustwhite.com\/el\/#website"},"primaryImageOfPage":{"@id":"https:\/\/trustwhite.com\/shop\/buy-mimosa-aaaaa-sativa-kush-online\/#primaryimage"},"image":{"@id":"https:\/\/trustwhite.com\/shop\/buy-mimosa-aaaaa-sativa-kush-online\/#primaryimage"},"thumbnailUrl":"https:\/\/trustwhite.com\/wp-content\/uploads\/2022\/03\/Buy-Mimosa-AAAAA-Sativa-Kush-online.jpg","datePublished":"2022-03-11T17:14:55+00:00","breadcrumb":{"@id":"https:\/\/trustwhite.com\/shop\/buy-mimosa-aaaaa-sativa-kush-online\/#breadcrumb"},"inLanguage":"da-DK","potentialAction":[{"@type":"ReadAction","target":["https:\/\/trustwhite.com\/shop\/buy-mimosa-aaaaa-sativa-kush-online\/"]}]},{"@type":"ImageObject","inLanguage":"da-DK","@id":"https:\/\/trustwhite.com\/shop\/buy-mimosa-aaaaa-sativa-kush-online\/#primaryimage","url":"https:\/\/trustwhite.com\/wp-content\/uploads\/2022\/03\/Buy-Mimosa-AAAAA-Sativa-Kush-online.jpg","contentUrl":"https:\/\/trustwhite.com\/wp-content\/uploads\/2022\/03\/Buy-Mimosa-AAAAA-Sativa-Kush-online.jpg","width":600,"height":600},{"@type":"BreadcrumbList","@id":"https:\/\/trustwhite.com\/shop\/buy-mimosa-aaaaa-sativa-kush-online\/#breadcrumb","itemListElement":[{"@type":"ListItem","position":1,"name":"Home","item":"https:\/\/trustwhite.com\/el\/"},{"@type":"ListItem","position":2,"name":"Shop","item":"https:\/\/trustwhite.com\/el\/shop\/"},{"@type":"ListItem","position":3,"name":"Buy Mimosa (AAAAA) Sativa Kush online"}]},{"@type":"WebSite","@id":"https:\/\/trustwhite.com\/el\/#website","url":"https:\/\/trustwhite.com\/el\/","name":"stonersmeds.com","description":"Verschreibungspflichtige Medizin kaufen","potentialAction":[{"@type":"SearchAction","target":{"@type":"EntryPoint","urlTemplate":"https:\/\/trustwhite.com\/el\/?s={search_term_string}"},"query-input":{"@type":"PropertyValueSpecification","valueRequired":true,"valueName":"search_term_string"}}],"inLanguage":"da-DK"}]}},"_links":{"self":[{"href":"https:\/\/trustwhite.com\/da\/wp-json\/wp\/v2\/product\/9501","targetHints":{"allow":["GET"]}}],"collection":[{"href":"https:\/\/trustwhite.com\/da\/wp-json\/wp\/v2\/product"}],"about":[{"href":"https:\/\/trustwhite.com\/da\/wp-json\/wp\/v2\/types\/product"}],"version-history":[{"count":0,"href":"https:\/\/trustwhite.com\/da\/wp-json\/wp\/v2\/product\/9501\/revisions"}],"wp:featuredmedia":[{"embeddable":true,"href":"https:\/\/trustwhite.com\/da\/wp-json\/wp\/v2\/media\/9511"}],"wp:attachment":[{"href":"https:\/\/trustwhite.com\/da\/wp-json\/wp\/v2\/media?parent=9501"}],"wp:term":[{"taxonomy":"product_brand","embeddable":true,"href":"https:\/\/trustwhite.com\/da\/wp-json\/wp\/v2\/product_brand?post=9501"},{"taxonomy":"product_cat","embeddable":true,"href":"https:\/\/trustwhite.com\/da\/wp-json\/wp\/v2\/product_cat?post=9501"},{"taxonomy":"product_tag","embeddable":true,"href":"https:\/\/trustwhite.com\/da\/wp-json\/wp\/v2\/product_tag?post=9501"}],"curies":[{"name":"wp","href":"https:\/\/api.w.org\/{rel}","templated":true}]}}