{"id":9411,"date":"2022-03-11T15:59:07","date_gmt":"2022-03-11T15:59:07","guid":{"rendered":"https:\/\/stonersmeds.com\/?post_type=product&#038;p=9411"},"modified":"2022-03-11T15:59:08","modified_gmt":"2022-03-11T15:59:08","slug":"buy-hawaiian-indica-marijuana-online","status":"publish","type":"product","link":"https:\/\/trustwhite.com\/da\/shop\/buy-hawaiian-indica-marijuana-online\/","title":{"rendered":"K\u00f8b Hawaiian Indica Marihuana online"},"content":{"rendered":"<h1>K\u00f8b Hawaiian Indica Marihuana online.<\/h1>\n<p>K\u00f8b Hawaiian Indica Marihuana online.<\/p>\n<p>Effekter<br \/>\nBody High, Cerebral, Afslappende, Opl\u00f8ftende<br \/>\nKan lindre<br \/>\nKroniske smerter, depression, tr\u00e6thed, migr\u00e6ne, muskelspasmer<br \/>\nSmag<br \/>\nCitrus, Menthol, S\u00f8d, Tropisk<\/p>\n<p>&nbsp;<\/p>\n<p>&nbsp;<\/p>\n<pre><strong>K\u00f8b hawaiisk indica marihuana online - k\u00f8b indica marihuana, k\u00f8b hawaiisk indica marihuana, k\u00f8b hawaiisk indica marijuana online, hvor kan du k\u00f8be hawaiisk indica marihuana, hawaiisk indica marihuana til salg, indica marihuana til salg, k\u00f8b hawaiisk indica marihuana online, hvor kan du k\u00f8be hawaiisk indica Marihuana online, Hawaiian Indica Marijuana til salg i usa, USA, canada,uk, k\u00f8b, online, leverand\u00f8rer, sikker levering, Du kan stadig f\u00e5 Hawaiian Indica Marijuana, Er Hawaiian Indica Marijuana i usa, k\u00f8b Hawaiian Indica Marijuana online usa, hvordan bestiller man Hawaiian Indica Marihuana, Er Hawaiian Indica Marihuana-stamme lovlig i Canada<\/strong><\/pre>","protected":false},"excerpt":{"rendered":"<p>K\u00f8b Hawaiian Indica Marihuana online. Hawaiian Indica Marihuana Hybrid \u2013 60% Indica \/ 40% Sativa.<\/p>\n<pre><strong>K\u00f8b hawaiisk indica marihuana online - k\u00f8b indica marihuana, k\u00f8b hawaiisk indica marihuana, k\u00f8b hawaiisk indica marijuana online, hvor kan du k\u00f8be hawaiisk indica marihuana, hawaiisk indica marihuana til salg, indica marihuana til salg, k\u00f8b hawaiisk indica marihuana online, hvor kan du k\u00f8be hawaiisk indica Marihuana online, Hawaiian Indica Marijuana til salg i usa, USA, canada,uk, k\u00f8b, online, leverand\u00f8rer, sikker levering, Du kan stadig f\u00e5 Hawaiian Indica Marijuana, Er Hawaiian Indica Marijuana i usa, k\u00f8b Hawaiian Indica Marijuana online usa, hvordan bestiller man Hawaiian Indica Marihuana, Er Hawaiian Indica Marihuana-stamme lovlig i Canada<\/strong><\/pre>","protected":false},"featured_media":9427,"template":"","meta":[],"product_brand":[],"product_cat":[81],"product_tag":[],"class_list":{"0":"post-9411","1":"product","2":"type-product","3":"status-publish","4":"has-post-thumbnail","6":"product_cat-marijuana-medical-cannabis","8":"first","9":"instock","10":"shipping-taxable","11":"purchasable","12":"product-type-variable"},"tiered_pricing_type":"fixed","tiered_pricing_fixed_rules":{"28":"9","50":"8","100":"7","250":"6","500":"4.5","1000":"3"},"tiered_pricing_percentage_rules":[],"tiered_pricing_minimum":1,"_administrator_tiered_pricing_type":"fixed","_administrator_tiered_pricing_fixed_rules":[],"_editor_tiered_pricing_type":"fixed","_editor_tiered_pricing_fixed_rules":[],"_author_tiered_pricing_type":"fixed","_author_tiered_pricing_fixed_rules":[],"_contributor_tiered_pricing_type":"fixed","_contributor_tiered_pricing_fixed_rules":[],"_subscriber_tiered_pricing_type":"fixed","_subscriber_tiered_pricing_fixed_rules":[],"_customer_tiered_pricing_type":"fixed","_customer_tiered_pricing_fixed_rules":[],"_shop_manager_tiered_pricing_type":"fixed","_shop_manager_tiered_pricing_fixed_rules":[],"_wpseo_manager_tiered_pricing_type":"fixed","_wpseo_manager_tiered_pricing_fixed_rules":[],"_wpseo_editor_tiered_pricing_type":"fixed","_wpseo_editor_tiered_pricing_fixed_rules":[],"yoast_head":"<!-- This site is optimized with the Yoast SEO plugin v26.8 - https:\/\/yoast.com\/product\/yoast-seo-wordpress\/ -->\n<title>Buy Hawaiian Indica Marijuana Online - stonersmeds.com<\/title>\n<meta name=\"robots\" content=\"index, follow, max-snippet:-1, max-image-preview:large, max-video-preview:-1\" \/>\n<link rel=\"canonical\" href=\"https:\/\/trustwhite.com\/da\/shop\/buy-hawaiian-indica-marijuana-online\/\" \/>\n<meta property=\"og:locale\" content=\"da_DK\" \/>\n<meta property=\"og:type\" content=\"article\" \/>\n<meta property=\"og:title\" content=\"Buy Hawaiian Indica Marijuana Online - stonersmeds.com\" \/>\n<meta property=\"og:description\" content=\"Buy Hawaiian Indica Marijuana Online.\u00a0Hawaiian Indica Marijuana Hybrid \u2013 60% Indica \/ 40% Sativa. Buy Hawaiian Indica Marijuana Online - buy Indica Marijuana, buy Hawaiian Indica Marijuana , buy Hawaiian Indica Marijuana online, Where to Buy Hawaiian Indica Marijuana , Hawaiian Indica Marijuana for sale, Indica Marijuana for sale, buy Hawaiian Indica Marijuana online, where to Buy Hawaiian Indica Marijuana online, Hawaiian Indica Marijuanafor sale in usa , USA, canada,uk, buy, online, suppliers, safe delivery, You can still get Hawaiian Indica Marijuana , Is Hawaiian Indica Marijuana in usa, buy Hawaiian Indica Marijuana online usa, how to order Hawaiian Indica Marijuana, Is Hawaiian Indica Marijuana Strain legal in Canada\" \/>\n<meta property=\"og:url\" content=\"https:\/\/trustwhite.com\/da\/shop\/buy-hawaiian-indica-marijuana-online\/\" \/>\n<meta property=\"og:site_name\" content=\"stonersmeds.com\" \/>\n<meta property=\"article:modified_time\" content=\"2022-03-11T15:59:08+00:00\" \/>\n<meta property=\"og:image\" content=\"https:\/\/trustwhite.com\/wp-content\/uploads\/2022\/03\/Buy-Hawaiian-Indica-Marijuana-Online.jpg\" \/>\n\t<meta property=\"og:image:width\" content=\"600\" \/>\n\t<meta property=\"og:image:height\" content=\"600\" \/>\n\t<meta property=\"og:image:type\" content=\"image\/jpeg\" \/>\n<meta name=\"twitter:card\" content=\"summary_large_image\" \/>\n<meta name=\"twitter:label1\" content=\"Estimeret l\u00e6setid\" \/>\n\t<meta name=\"twitter:data1\" content=\"1 minut\" \/>\n<script type=\"application\/ld+json\" class=\"yoast-schema-graph\">{\"@context\":\"https:\/\/schema.org\",\"@graph\":[{\"@type\":\"WebPage\",\"@id\":\"https:\/\/trustwhite.com\/shop\/buy-hawaiian-indica-marijuana-online\/\",\"url\":\"https:\/\/trustwhite.com\/shop\/buy-hawaiian-indica-marijuana-online\/\",\"name\":\"Buy Hawaiian Indica Marijuana Online - stonersmeds.com\",\"isPartOf\":{\"@id\":\"https:\/\/trustwhite.com\/el\/#website\"},\"primaryImageOfPage\":{\"@id\":\"https:\/\/trustwhite.com\/shop\/buy-hawaiian-indica-marijuana-online\/#primaryimage\"},\"image\":{\"@id\":\"https:\/\/trustwhite.com\/shop\/buy-hawaiian-indica-marijuana-online\/#primaryimage\"},\"thumbnailUrl\":\"https:\/\/trustwhite.com\/wp-content\/uploads\/2022\/03\/Buy-Hawaiian-Indica-Marijuana-Online.jpg\",\"datePublished\":\"2022-03-11T15:59:07+00:00\",\"dateModified\":\"2022-03-11T15:59:08+00:00\",\"breadcrumb\":{\"@id\":\"https:\/\/trustwhite.com\/shop\/buy-hawaiian-indica-marijuana-online\/#breadcrumb\"},\"inLanguage\":\"da-DK\",\"potentialAction\":[{\"@type\":\"ReadAction\",\"target\":[\"https:\/\/trustwhite.com\/shop\/buy-hawaiian-indica-marijuana-online\/\"]}]},{\"@type\":\"ImageObject\",\"inLanguage\":\"da-DK\",\"@id\":\"https:\/\/trustwhite.com\/shop\/buy-hawaiian-indica-marijuana-online\/#primaryimage\",\"url\":\"https:\/\/trustwhite.com\/wp-content\/uploads\/2022\/03\/Buy-Hawaiian-Indica-Marijuana-Online.jpg\",\"contentUrl\":\"https:\/\/trustwhite.com\/wp-content\/uploads\/2022\/03\/Buy-Hawaiian-Indica-Marijuana-Online.jpg\",\"width\":600,\"height\":600},{\"@type\":\"BreadcrumbList\",\"@id\":\"https:\/\/trustwhite.com\/shop\/buy-hawaiian-indica-marijuana-online\/#breadcrumb\",\"itemListElement\":[{\"@type\":\"ListItem\",\"position\":1,\"name\":\"Home\",\"item\":\"https:\/\/trustwhite.com\/el\/\"},{\"@type\":\"ListItem\",\"position\":2,\"name\":\"Shop\",\"item\":\"https:\/\/trustwhite.com\/el\/shop\/\"},{\"@type\":\"ListItem\",\"position\":3,\"name\":\"Buy Hawaiian Indica Marijuana Online\"}]},{\"@type\":\"WebSite\",\"@id\":\"https:\/\/trustwhite.com\/el\/#website\",\"url\":\"https:\/\/trustwhite.com\/el\/\",\"name\":\"stonersmeds.com\",\"description\":\"verschreibungspflichtige Medizin kaufen\",\"potentialAction\":[{\"@type\":\"SearchAction\",\"target\":{\"@type\":\"EntryPoint\",\"urlTemplate\":\"https:\/\/trustwhite.com\/el\/?s={search_term_string}\"},\"query-input\":{\"@type\":\"PropertyValueSpecification\",\"valueRequired\":true,\"valueName\":\"search_term_string\"}}],\"inLanguage\":\"da-DK\"}]}<\/script>\n<!-- \/ Yoast SEO plugin. -->","yoast_head_json":{"title":"K\u00f8b Hawaiian Indica Marihuana Online - stonersmeds.com","robots":{"index":"index","follow":"follow","max-snippet":"max-snippet:-1","max-image-preview":"max-image-preview:large","max-video-preview":"max-video-preview:-1"},"canonical":"https:\/\/trustwhite.com\/da\/shop\/buy-hawaiian-indica-marijuana-online\/","og_locale":"da_DK","og_type":"article","og_title":"Buy Hawaiian Indica Marijuana Online - stonersmeds.com","og_description":"Buy Hawaiian Indica Marijuana Online.\u00a0Hawaiian Indica Marijuana Hybrid \u2013 60% Indica \/ 40% Sativa. Buy Hawaiian Indica Marijuana Online - buy Indica Marijuana, buy Hawaiian Indica Marijuana , buy Hawaiian Indica Marijuana online, Where to Buy Hawaiian Indica Marijuana , Hawaiian Indica Marijuana for sale, Indica Marijuana for sale, buy Hawaiian Indica Marijuana online, where to Buy Hawaiian Indica Marijuana online, Hawaiian Indica Marijuanafor sale in usa , USA, canada,uk, buy, online, suppliers, safe delivery, You can still get Hawaiian Indica Marijuana , Is Hawaiian Indica Marijuana in usa, buy Hawaiian Indica Marijuana online usa, how to order Hawaiian Indica Marijuana, Is Hawaiian Indica Marijuana Strain legal in Canada","og_url":"https:\/\/trustwhite.com\/da\/shop\/buy-hawaiian-indica-marijuana-online\/","og_site_name":"stonersmeds.com","article_modified_time":"2022-03-11T15:59:08+00:00","og_image":[{"width":600,"height":600,"url":"https:\/\/trustwhite.com\/wp-content\/uploads\/2022\/03\/Buy-Hawaiian-Indica-Marijuana-Online.jpg","type":"image\/jpeg"}],"twitter_card":"summary_large_image","twitter_misc":{"Estimeret l\u00e6setid":"1 minut"},"schema":{"@context":"https:\/\/schema.org","@graph":[{"@type":"WebPage","@id":"https:\/\/trustwhite.com\/shop\/buy-hawaiian-indica-marijuana-online\/","url":"https:\/\/trustwhite.com\/shop\/buy-hawaiian-indica-marijuana-online\/","name":"K\u00f8b Hawaiian Indica Marihuana Online - stonersmeds.com","isPartOf":{"@id":"https:\/\/trustwhite.com\/el\/#website"},"primaryImageOfPage":{"@id":"https:\/\/trustwhite.com\/shop\/buy-hawaiian-indica-marijuana-online\/#primaryimage"},"image":{"@id":"https:\/\/trustwhite.com\/shop\/buy-hawaiian-indica-marijuana-online\/#primaryimage"},"thumbnailUrl":"https:\/\/trustwhite.com\/wp-content\/uploads\/2022\/03\/Buy-Hawaiian-Indica-Marijuana-Online.jpg","datePublished":"2022-03-11T15:59:07+00:00","dateModified":"2022-03-11T15:59:08+00:00","breadcrumb":{"@id":"https:\/\/trustwhite.com\/shop\/buy-hawaiian-indica-marijuana-online\/#breadcrumb"},"inLanguage":"da-DK","potentialAction":[{"@type":"ReadAction","target":["https:\/\/trustwhite.com\/shop\/buy-hawaiian-indica-marijuana-online\/"]}]},{"@type":"ImageObject","inLanguage":"da-DK","@id":"https:\/\/trustwhite.com\/shop\/buy-hawaiian-indica-marijuana-online\/#primaryimage","url":"https:\/\/trustwhite.com\/wp-content\/uploads\/2022\/03\/Buy-Hawaiian-Indica-Marijuana-Online.jpg","contentUrl":"https:\/\/trustwhite.com\/wp-content\/uploads\/2022\/03\/Buy-Hawaiian-Indica-Marijuana-Online.jpg","width":600,"height":600},{"@type":"BreadcrumbList","@id":"https:\/\/trustwhite.com\/shop\/buy-hawaiian-indica-marijuana-online\/#breadcrumb","itemListElement":[{"@type":"ListItem","position":1,"name":"Home","item":"https:\/\/trustwhite.com\/el\/"},{"@type":"ListItem","position":2,"name":"Shop","item":"https:\/\/trustwhite.com\/el\/shop\/"},{"@type":"ListItem","position":3,"name":"Buy Hawaiian Indica Marijuana Online"}]},{"@type":"WebSite","@id":"https:\/\/trustwhite.com\/el\/#website","url":"https:\/\/trustwhite.com\/el\/","name":"stonersmeds.com","description":"Verschreibungspflichtige Medizin kaufen","potentialAction":[{"@type":"SearchAction","target":{"@type":"EntryPoint","urlTemplate":"https:\/\/trustwhite.com\/el\/?s={search_term_string}"},"query-input":{"@type":"PropertyValueSpecification","valueRequired":true,"valueName":"search_term_string"}}],"inLanguage":"da-DK"}]}},"_links":{"self":[{"href":"https:\/\/trustwhite.com\/da\/wp-json\/wp\/v2\/product\/9411","targetHints":{"allow":["GET"]}}],"collection":[{"href":"https:\/\/trustwhite.com\/da\/wp-json\/wp\/v2\/product"}],"about":[{"href":"https:\/\/trustwhite.com\/da\/wp-json\/wp\/v2\/types\/product"}],"version-history":[{"count":0,"href":"https:\/\/trustwhite.com\/da\/wp-json\/wp\/v2\/product\/9411\/revisions"}],"wp:featuredmedia":[{"embeddable":true,"href":"https:\/\/trustwhite.com\/da\/wp-json\/wp\/v2\/media\/9427"}],"wp:attachment":[{"href":"https:\/\/trustwhite.com\/da\/wp-json\/wp\/v2\/media?parent=9411"}],"wp:term":[{"taxonomy":"product_brand","embeddable":true,"href":"https:\/\/trustwhite.com\/da\/wp-json\/wp\/v2\/product_brand?post=9411"},{"taxonomy":"product_cat","embeddable":true,"href":"https:\/\/trustwhite.com\/da\/wp-json\/wp\/v2\/product_cat?post=9411"},{"taxonomy":"product_tag","embeddable":true,"href":"https:\/\/trustwhite.com\/da\/wp-json\/wp\/v2\/product_tag?post=9411"}],"curies":[{"name":"wp","href":"https:\/\/api.w.org\/{rel}","templated":true}]}}