{"id":9386,"date":"2022-03-11T15:49:49","date_gmt":"2022-03-11T15:49:49","guid":{"rendered":"https:\/\/stonersmeds.com\/?post_type=product&#038;p=9386"},"modified":"2022-08-14T07:38:28","modified_gmt":"2022-08-14T05:38:28","slug":"buy-gorilla-biscuit-marijuana-strain-online","status":"publish","type":"product","link":"https:\/\/trustwhite.com\/da\/shop\/buy-gorilla-biscuit-marijuana-strain-online\/","title":{"rendered":"K\u00f8b Gorilla Biscuit Marihuana Strain Online"},"content":{"rendered":"<h1>K\u00f8b Gorilla Biscuit Marihuana Strain Online.<\/h1>\n<p>K\u00f8b Gorilla Biscuit Marihuana Strain Online.<\/p>\n<p>Gorilla biscuit marihuana er Indica Dominant Hybrid - 60% Indica \/ 40% Sativa THC: 15% - 20%<\/p>\n<p>Effekter<br \/>\nOphidset, eufori, sulten, afslappende, s\u00f8vnig<br \/>\nKan lindre<br \/>\nAnoreksi, kramper, depression, s\u00f8vnl\u00f8shed, stress<br \/>\nSmag<br \/>\nKaffe, citron, fyrretr\u00e6<br \/>\nAromaer<br \/>\nKaffe, jordagtig, skarp, krydret<\/p>\n<p>Gorilla Biscuit af Seeds of Compassion er et indica-dominerende snit gengivet fra krydset Terpentine-f\u00e6noet Sensi Star og Stardawg IX. Denne ualmindelige og ret gamle skoleblanding er opkaldt efter Methaqualone, ellers kaldet quaaludes, en medicin, som har en beroligende og eksotisk indvirkning p\u00e5 kroppen. Dens ejendele forts\u00e6tter p\u00e5 en ogs\u00e5 beroligende m\u00e5de, og efterlader vedh\u00e6ngene heftige og l\u00f8se. Gorilla Biscuit har en solid terpenprofil, der lugter seri\u00f8st af Pine Sol og kaffeb\u00f8nner.<\/p>\n<p>Gorilla Biscuits Stamme: Gorilla OG er en \u00e6gte stonersort, og Gorilla OG's high dannes gradvist og giver et indtryk af henrykkelse, der varer ret l\u00e6nge. Din psyke og krop vil summe, og overvejelser er m\u00e5ske ikke helt s\u00e5 klare som de var for et par timer siden, n\u00e5r hendes tilh\u00f8rsforhold f\u00f8rst har f\u00e5et helt fat i hende. Den mest m\u00e6rkbare del af din oplevelse vil v\u00e6re det solide indtryk af k\u00e6restesorgsl\u00e5s, hvilket g\u00f8r det sv\u00e6rt for dig at opfylde den mums, der har sneget sig ind. Vores anbefaling er at g\u00e5 videre ud over tid med en fejning, pude og en masse mad inden for arms r\u00e6kkevidde. Denne ualmindelige og ret old school blanding er opkaldt efter Methaqualone, ogs\u00e5 kaldet quaaludes, et l\u00e6gemiddel, som har en beroligende og eksotisk virkning p\u00e5 kroppen. Dets tilh\u00f8rsforhold forts\u00e6tter p\u00e5 en ogs\u00e5 beroligende m\u00e5de, hvilket efterlader vedh\u00e6ngene heftige og l\u00f8se. Gorilla Biscuit har en solid terpenprofil, der lugter alvorligt af Pine Sol og kaffeb\u00f8nner.<\/p>\n<p>&nbsp;<\/p>\n<p>&nbsp;<\/p>\n<p>&nbsp;<\/p>\n<pre><strong>K\u00f8b Gorilla Biscuit Marihuana Strain Online - K\u00f8b Biscuit Marihuana Strain, k\u00f8b Gorilla Biscuit Marihuana Strain, k\u00f8b Gorilla Biscuit Marihuana Strain online, Hvor kan man k\u00f8be Gorilla Biscuit Marihuana Strain, Gorilla Biscuit Marihuana Strain til salg, Marihuana Strain til salg, k\u00f8b Gorilla Biscuit Marihuana Strain , hvor kan man k\u00f8be Gorilla Biscuit Marihuana Strain online, Gorilla Biscuit Marihuana Strain til salg i usa , USA, canada,uk, k\u00f8b, online, leverand\u00f8rer, sikker levering, Du kan stadig f\u00e5 Gorilla Biscuit Marihuana Strain , Er Gorilla Biscuit Marihuana Strain i usa , k\u00f8b Gorilla Biscuit Marijuana Strain online usa, hvordan man bestiller Gorilla Biscuit Marijuana Strain, Er Gorilla Biscuit Marijuana Strain lovlig i Canada<\/strong><\/pre>","protected":false},"excerpt":{"rendered":"<p>K\u00f8b Gorilla Biscuit Marihuana Strain Online. Lederen i\u00a0<em>hash<\/em>\u00a0postordrer i Canada med mere end 15 \u00e5rs erfaring inden for den medicinske\u00a0<em>marihuana<\/em>\u00a0industri.<\/p>\n<pre><strong>K\u00f8b Gorilla Biscuit Marihuana Strain Online - K\u00f8b Biscuit Marihuana Strain, k\u00f8b Gorilla Biscuit Marihuana Strain, k\u00f8b Gorilla Biscuit Marihuana Strain online, Hvor kan man k\u00f8be Gorilla Biscuit Marihuana Strain, Gorilla Biscuit Marihuana Strain til salg, Marihuana Strain til salg, k\u00f8b Gorilla Biscuit Marihuana Strain , hvor kan man k\u00f8be Gorilla Biscuit Marihuana Strain online, Gorilla Biscuit Marihuana Strain til salg i usa , USA, canada,uk, k\u00f8b, online, leverand\u00f8rer, sikker levering, Du kan stadig f\u00e5 Gorilla Biscuit Marihuana Strain , Er Gorilla Biscuit Marihuana Strain i usa , k\u00f8b Gorilla Biscuit Marijuana Strain online usa, hvordan man bestiller Gorilla Biscuit Marijuana Strain, Er Gorilla Biscuit Marijuana Strain lovlig i Canada<\/strong><\/pre>","protected":false},"featured_media":9402,"template":"","meta":[],"product_brand":[],"product_cat":[81],"product_tag":[],"class_list":{"0":"post-9386","1":"product","2":"type-product","3":"status-publish","4":"has-post-thumbnail","6":"product_cat-marijuana-medical-cannabis","8":"first","9":"instock","10":"shipping-taxable","11":"purchasable","12":"product-type-variable"},"tiered_pricing_type":"fixed","tiered_pricing_fixed_rules":{"28":"9","50":"8","100":"7","250":"6","500":"4.5","1000":"3"},"tiered_pricing_percentage_rules":[],"tiered_pricing_minimum":1,"_administrator_tiered_pricing_type":"fixed","_administrator_tiered_pricing_fixed_rules":[],"_editor_tiered_pricing_type":"fixed","_editor_tiered_pricing_fixed_rules":[],"_author_tiered_pricing_type":"fixed","_author_tiered_pricing_fixed_rules":[],"_contributor_tiered_pricing_type":"fixed","_contributor_tiered_pricing_fixed_rules":[],"_subscriber_tiered_pricing_type":"fixed","_subscriber_tiered_pricing_fixed_rules":[],"_customer_tiered_pricing_type":"fixed","_customer_tiered_pricing_fixed_rules":[],"_shop_manager_tiered_pricing_type":"fixed","_shop_manager_tiered_pricing_fixed_rules":[],"_wpseo_manager_tiered_pricing_type":"fixed","_wpseo_manager_tiered_pricing_fixed_rules":[],"_wpseo_editor_tiered_pricing_type":"fixed","_wpseo_editor_tiered_pricing_fixed_rules":[],"yoast_head":"<!-- This site is optimized with the Yoast SEO plugin v26.8 - https:\/\/yoast.com\/product\/yoast-seo-wordpress\/ -->\n<title>Buy Gorilla Biscuit Marijuana Strain Online - stonersmeds.com<\/title>\n<meta name=\"robots\" content=\"index, follow, max-snippet:-1, max-image-preview:large, max-video-preview:-1\" \/>\n<link rel=\"canonical\" href=\"https:\/\/trustwhite.com\/da\/shop\/buy-gorilla-biscuit-marijuana-strain-online\/\" \/>\n<meta property=\"og:locale\" content=\"da_DK\" \/>\n<meta property=\"og:type\" content=\"article\" \/>\n<meta property=\"og:title\" content=\"Buy Gorilla Biscuit Marijuana Strain Online - stonersmeds.com\" \/>\n<meta property=\"og:description\" content=\"Buy Gorilla Biscuit Marijuana Strain Online. The leader in\u00a0cannabis\u00a0mail orders in Canada with more than 15 year\u2019s experience in the medical\u00a0marijuana\u00a0industry. Buy Gorilla Biscuit Marijuana Strain Online - buy Biscuit Marijuana , buy Gorilla Biscuit Marijuana Strain , buy Gorilla Biscuit Marijuana Strain online, Where to Buy Gorilla Biscuit Marijuana Strain , Gorilla Biscuit Marijuana Strain for sale, Marijuana Strain for sale, buy Gorilla Biscuit Marijuana Strain online, where to Buy Gorilla Biscuit Marijuana Strain online, Gorilla Biscuit Marijuana Strain for sale in usa , USA, canada,uk, buy, online, suppliers, safe delivery, You can still get Gorilla Biscuit Marijuana Strain , Is Gorilla Biscuit Marijuana Strain in usa, buy Gorilla Biscuit Marijuana Strain online usa, how to order Gorilla Biscuit Marijuana Strain, Is Gorilla Biscuit Marijuana Strain legal in Canada\" \/>\n<meta property=\"og:url\" content=\"https:\/\/trustwhite.com\/da\/shop\/buy-gorilla-biscuit-marijuana-strain-online\/\" \/>\n<meta property=\"og:site_name\" content=\"stonersmeds.com\" \/>\n<meta property=\"article:modified_time\" content=\"2022-08-14T05:38:28+00:00\" \/>\n<meta property=\"og:image\" content=\"https:\/\/trustwhite.com\/wp-content\/uploads\/2022\/03\/Buy-Gorilla-Biscuit-Marijuana-Strain-Online.jpg\" \/>\n\t<meta property=\"og:image:width\" content=\"600\" \/>\n\t<meta property=\"og:image:height\" content=\"600\" \/>\n\t<meta property=\"og:image:type\" content=\"image\/jpeg\" \/>\n<meta name=\"twitter:card\" content=\"summary_large_image\" \/>\n<meta name=\"twitter:label1\" content=\"Estimeret l\u00e6setid\" \/>\n\t<meta name=\"twitter:data1\" content=\"2 minutter\" \/>\n<script type=\"application\/ld+json\" class=\"yoast-schema-graph\">{\"@context\":\"https:\/\/schema.org\",\"@graph\":[{\"@type\":\"WebPage\",\"@id\":\"https:\/\/trustwhite.com\/shop\/buy-gorilla-biscuit-marijuana-strain-online\/\",\"url\":\"https:\/\/trustwhite.com\/shop\/buy-gorilla-biscuit-marijuana-strain-online\/\",\"name\":\"Buy Gorilla Biscuit Marijuana Strain Online - stonersmeds.com\",\"isPartOf\":{\"@id\":\"https:\/\/trustwhite.com\/el\/#website\"},\"primaryImageOfPage\":{\"@id\":\"https:\/\/trustwhite.com\/shop\/buy-gorilla-biscuit-marijuana-strain-online\/#primaryimage\"},\"image\":{\"@id\":\"https:\/\/trustwhite.com\/shop\/buy-gorilla-biscuit-marijuana-strain-online\/#primaryimage\"},\"thumbnailUrl\":\"https:\/\/trustwhite.com\/wp-content\/uploads\/2022\/03\/Buy-Gorilla-Biscuit-Marijuana-Strain-Online.jpg\",\"datePublished\":\"2022-03-11T15:49:49+00:00\",\"dateModified\":\"2022-08-14T05:38:28+00:00\",\"breadcrumb\":{\"@id\":\"https:\/\/trustwhite.com\/shop\/buy-gorilla-biscuit-marijuana-strain-online\/#breadcrumb\"},\"inLanguage\":\"da-DK\",\"potentialAction\":[{\"@type\":\"ReadAction\",\"target\":[\"https:\/\/trustwhite.com\/shop\/buy-gorilla-biscuit-marijuana-strain-online\/\"]}]},{\"@type\":\"ImageObject\",\"inLanguage\":\"da-DK\",\"@id\":\"https:\/\/trustwhite.com\/shop\/buy-gorilla-biscuit-marijuana-strain-online\/#primaryimage\",\"url\":\"https:\/\/trustwhite.com\/wp-content\/uploads\/2022\/03\/Buy-Gorilla-Biscuit-Marijuana-Strain-Online.jpg\",\"contentUrl\":\"https:\/\/trustwhite.com\/wp-content\/uploads\/2022\/03\/Buy-Gorilla-Biscuit-Marijuana-Strain-Online.jpg\",\"width\":600,\"height\":600},{\"@type\":\"BreadcrumbList\",\"@id\":\"https:\/\/trustwhite.com\/shop\/buy-gorilla-biscuit-marijuana-strain-online\/#breadcrumb\",\"itemListElement\":[{\"@type\":\"ListItem\",\"position\":1,\"name\":\"Home\",\"item\":\"https:\/\/trustwhite.com\/el\/\"},{\"@type\":\"ListItem\",\"position\":2,\"name\":\"Shop\",\"item\":\"https:\/\/trustwhite.com\/el\/shop\/\"},{\"@type\":\"ListItem\",\"position\":3,\"name\":\"Buy Gorilla Biscuit Marijuana Strain Online\"}]},{\"@type\":\"WebSite\",\"@id\":\"https:\/\/trustwhite.com\/el\/#website\",\"url\":\"https:\/\/trustwhite.com\/el\/\",\"name\":\"stonersmeds.com\",\"description\":\"verschreibungspflichtige Medizin kaufen\",\"potentialAction\":[{\"@type\":\"SearchAction\",\"target\":{\"@type\":\"EntryPoint\",\"urlTemplate\":\"https:\/\/trustwhite.com\/el\/?s={search_term_string}\"},\"query-input\":{\"@type\":\"PropertyValueSpecification\",\"valueRequired\":true,\"valueName\":\"search_term_string\"}}],\"inLanguage\":\"da-DK\"}]}<\/script>\n<!-- \/ Yoast SEO plugin. -->","yoast_head_json":{"title":"K\u00f8b Gorilla Biscuit Marihuana Strain Online - stonersmeds.com","robots":{"index":"index","follow":"follow","max-snippet":"max-snippet:-1","max-image-preview":"max-image-preview:large","max-video-preview":"max-video-preview:-1"},"canonical":"https:\/\/trustwhite.com\/da\/shop\/buy-gorilla-biscuit-marijuana-strain-online\/","og_locale":"da_DK","og_type":"article","og_title":"Buy Gorilla Biscuit Marijuana Strain Online - stonersmeds.com","og_description":"Buy Gorilla Biscuit Marijuana Strain Online. The leader in\u00a0cannabis\u00a0mail orders in Canada with more than 15 year\u2019s experience in the medical\u00a0marijuana\u00a0industry. Buy Gorilla Biscuit Marijuana Strain Online - buy Biscuit Marijuana , buy Gorilla Biscuit Marijuana Strain , buy Gorilla Biscuit Marijuana Strain online, Where to Buy Gorilla Biscuit Marijuana Strain , Gorilla Biscuit Marijuana Strain for sale, Marijuana Strain for sale, buy Gorilla Biscuit Marijuana Strain online, where to Buy Gorilla Biscuit Marijuana Strain online, Gorilla Biscuit Marijuana Strain for sale in usa , USA, canada,uk, buy, online, suppliers, safe delivery, You can still get Gorilla Biscuit Marijuana Strain , Is Gorilla Biscuit Marijuana Strain in usa, buy Gorilla Biscuit Marijuana Strain online usa, how to order Gorilla Biscuit Marijuana Strain, Is Gorilla Biscuit Marijuana Strain legal in Canada","og_url":"https:\/\/trustwhite.com\/da\/shop\/buy-gorilla-biscuit-marijuana-strain-online\/","og_site_name":"stonersmeds.com","article_modified_time":"2022-08-14T05:38:28+00:00","og_image":[{"width":600,"height":600,"url":"https:\/\/trustwhite.com\/wp-content\/uploads\/2022\/03\/Buy-Gorilla-Biscuit-Marijuana-Strain-Online.jpg","type":"image\/jpeg"}],"twitter_card":"summary_large_image","twitter_misc":{"Estimeret l\u00e6setid":"2 minutter"},"schema":{"@context":"https:\/\/schema.org","@graph":[{"@type":"WebPage","@id":"https:\/\/trustwhite.com\/shop\/buy-gorilla-biscuit-marijuana-strain-online\/","url":"https:\/\/trustwhite.com\/shop\/buy-gorilla-biscuit-marijuana-strain-online\/","name":"K\u00f8b Gorilla Biscuit Marihuana Strain Online - stonersmeds.com","isPartOf":{"@id":"https:\/\/trustwhite.com\/el\/#website"},"primaryImageOfPage":{"@id":"https:\/\/trustwhite.com\/shop\/buy-gorilla-biscuit-marijuana-strain-online\/#primaryimage"},"image":{"@id":"https:\/\/trustwhite.com\/shop\/buy-gorilla-biscuit-marijuana-strain-online\/#primaryimage"},"thumbnailUrl":"https:\/\/trustwhite.com\/wp-content\/uploads\/2022\/03\/Buy-Gorilla-Biscuit-Marijuana-Strain-Online.jpg","datePublished":"2022-03-11T15:49:49+00:00","dateModified":"2022-08-14T05:38:28+00:00","breadcrumb":{"@id":"https:\/\/trustwhite.com\/shop\/buy-gorilla-biscuit-marijuana-strain-online\/#breadcrumb"},"inLanguage":"da-DK","potentialAction":[{"@type":"ReadAction","target":["https:\/\/trustwhite.com\/shop\/buy-gorilla-biscuit-marijuana-strain-online\/"]}]},{"@type":"ImageObject","inLanguage":"da-DK","@id":"https:\/\/trustwhite.com\/shop\/buy-gorilla-biscuit-marijuana-strain-online\/#primaryimage","url":"https:\/\/trustwhite.com\/wp-content\/uploads\/2022\/03\/Buy-Gorilla-Biscuit-Marijuana-Strain-Online.jpg","contentUrl":"https:\/\/trustwhite.com\/wp-content\/uploads\/2022\/03\/Buy-Gorilla-Biscuit-Marijuana-Strain-Online.jpg","width":600,"height":600},{"@type":"BreadcrumbList","@id":"https:\/\/trustwhite.com\/shop\/buy-gorilla-biscuit-marijuana-strain-online\/#breadcrumb","itemListElement":[{"@type":"ListItem","position":1,"name":"Home","item":"https:\/\/trustwhite.com\/el\/"},{"@type":"ListItem","position":2,"name":"Shop","item":"https:\/\/trustwhite.com\/el\/shop\/"},{"@type":"ListItem","position":3,"name":"Buy Gorilla Biscuit Marijuana Strain Online"}]},{"@type":"WebSite","@id":"https:\/\/trustwhite.com\/el\/#website","url":"https:\/\/trustwhite.com\/el\/","name":"stonersmeds.com","description":"Verschreibungspflichtige Medizin kaufen","potentialAction":[{"@type":"SearchAction","target":{"@type":"EntryPoint","urlTemplate":"https:\/\/trustwhite.com\/el\/?s={search_term_string}"},"query-input":{"@type":"PropertyValueSpecification","valueRequired":true,"valueName":"search_term_string"}}],"inLanguage":"da-DK"}]}},"_links":{"self":[{"href":"https:\/\/trustwhite.com\/da\/wp-json\/wp\/v2\/product\/9386","targetHints":{"allow":["GET"]}}],"collection":[{"href":"https:\/\/trustwhite.com\/da\/wp-json\/wp\/v2\/product"}],"about":[{"href":"https:\/\/trustwhite.com\/da\/wp-json\/wp\/v2\/types\/product"}],"version-history":[{"count":0,"href":"https:\/\/trustwhite.com\/da\/wp-json\/wp\/v2\/product\/9386\/revisions"}],"wp:featuredmedia":[{"embeddable":true,"href":"https:\/\/trustwhite.com\/da\/wp-json\/wp\/v2\/media\/9402"}],"wp:attachment":[{"href":"https:\/\/trustwhite.com\/da\/wp-json\/wp\/v2\/media?parent=9386"}],"wp:term":[{"taxonomy":"product_brand","embeddable":true,"href":"https:\/\/trustwhite.com\/da\/wp-json\/wp\/v2\/product_brand?post=9386"},{"taxonomy":"product_cat","embeddable":true,"href":"https:\/\/trustwhite.com\/da\/wp-json\/wp\/v2\/product_cat?post=9386"},{"taxonomy":"product_tag","embeddable":true,"href":"https:\/\/trustwhite.com\/da\/wp-json\/wp\/v2\/product_tag?post=9386"}],"curies":[{"name":"wp","href":"https:\/\/api.w.org\/{rel}","templated":true}]}}