{"id":10766,"date":"2022-03-12T09:38:28","date_gmt":"2022-03-12T09:38:28","guid":{"rendered":"https:\/\/stonersmeds.com\/?post_type=product&#038;p=10766"},"modified":"2023-04-13T11:56:17","modified_gmt":"2023-04-13T09:56:17","slug":"buy-pyrazolam-0-5-mg-pellets-online","status":"publish","type":"product","link":"https:\/\/trustwhite.com\/da\/shop\/buy-pyrazolam-0-5-mg-pellets-online\/","title":{"rendered":"K\u00f8b Pyrazolam 0,5 mg pellets online"},"content":{"rendered":"<h1>K\u00f8b Pyrazolam 0.5 mg pellets online.<\/h1>\n<p>K\u00f8b <a href=\"https:\/\/psychonautwiki.org\/wiki\/Pyrazolam\">Pyrazolam<\/a> 0,5 mg pellets online.<\/p>\n<p>Hvad er Pyrazolam?<br \/>\nAlprazolam er en anden udforskning syntetisk og et stof simpel af Benzodiazepin klasse af blandinger. P\u00e5 grund af dets struktur spekuleres der i, at det ville binde sig til GABA-receptoren allosterisk ligesom Etizolam og Flubromazepam, dog med en st\u00f8rre hengivenhed og en aktivitetstid p\u00e5 omkring 6 timer. I lyset af strukturen er det beskyttet at foresl\u00e5, at Pyrazolam grundl\u00e6ggende g\u00e5r om som et anxiolytisk i mods\u00e6tning til narkotisk middel, med mindre ataksi. Ikke desto mindre er dette kun spekulative data, hvis Pyrazolam faktisk skulle v\u00e6re en tilladelse til in vivo (i et levende v\u00e6sen) forskning. Talrige forskere, der anvender Etizolam, kan meget vel opdage Pyrazolam som en ekstraordin\u00e6r n\u00e6r ligand i deres koblingstest og den overordnede referencetest.<br \/>\nHvad anvendes Pyrazolam til?<br \/>\nDa Pyrazolam er en udforskningsforbindelse og blot er godkendt til at blive anvendt in vitro (et eksternt levende v\u00e6sen), kunne det v\u00e6re en anst\u00e6ndig ligand til at starte autoritative og seri\u00f8se begr\u00e6nsende fors\u00f8g med GABA-receptoren. Forskere kunne anvende en fremstillet film, der er gennemsyret af GABA-receptorer, til at foretage en fuldst\u00e6ndig profilering af Pyrazolams koblingstilb\u00f8jelighed og levedygtighed. Da Pyrazolam er opl\u00f8seligt i vand, kan det ligeledes anvendes sv\u00e6kket i et vandbaseret svar til det mest ekstreme overfladeterritorium. Pyrazolam er et ekstraordin\u00e6rt unders\u00f8gelsesstof til brug i blanding med andre benzodiazepinbaserede syntetiske stoffer, f.eks. flubromazepam.<br \/>\nPyrazolam kan anvendes af syntetiske referencebiblioteker, der indsamler oplysninger om stofunders\u00f8gelser for hver ny forbindelse. Pyrazolam kan anvendes som perspektivkilde til GC\/MS-, HPLC-, NMR- og FTIR-unders\u00f8gelser. Pyrazolam kan ligeledes anvendes til simpel testning med essentielle reagenser.<br \/>\nVores <a href=\"https:\/\/stonersmeds.com\/product-tag\/pyrazolam-pellets-usa\/\">Pyrazolam-piller<\/a> indeholder mikrokrystallinsk cellulose og magnesiumstearat, som anvendes i pelleteringscyklussen. Vi har valgt at <a href=\"https:\/\/stonersmeds.com\/product-tag\/pyrazolam-pellets\/\">pellet vores Pyrazolam<\/a> for at give forskerne mulighed for at have en pr\u00e6cist m\u00e5lt blot at udnytte en type af stoffet, og fordi den lave m\u00e6ngde er s\u00e5 dynamisk med denne syntetiske, er det mindre risikabelt at inkludere forbindelsen i en beskyttet pille for at undg\u00e5 utilsigtet spild eller t\u00e6nkelig ind\u00e5nding.<\/p>\n<p>&nbsp;<\/p>\n<p>&nbsp;<\/p>\n<pre><strong>K\u00f8b Pyrazolam 0.5 mg pellets online - k\u00f8b Pyrazolam 0.5 mg pellets , k\u00f8b Pyrazolam 0.5 mg pellets usa , k\u00f8b Pyrazolam 0.5 mg pellets online USA , Hvor kan man k\u00f8be Pyrazolam 0.5 mg pellets , Pyrazolam 0.5 mg pellets til salg, Pyrazolam 0.5 mg pellets til salg i n\u00e6rheden af mig , k\u00f8b Pyrazolam 0.5 mg pellets online i n\u00e6rheden af mig , hvor kan man k\u00f8be Pyrazolam 0.5 mg pellets online i n\u00e6rheden af mig , hvor kan man k\u00f8be Pyrazolam 0.5 mg pellets online i n\u00e6rheden af mig , hvor kan man k\u00f8be Pyrazolam 0.5 mg pellets online i n\u00e6rheden af mig , hvor kan man k\u00f8be Pyrazolam 0.5 mg pellets online i n\u00e6rheden af mig.5 mg pellets online , Pyrazolam 0.5 mg pellets til salg i usa , USA, canada,uk, k\u00f8b, online, leverand\u00f8rer, sikker levering, Du kan stadig f\u00e5 Pyrazolam 0.5 mg pellets , Er Pyrazolam 0.5 mg pellets lovligt i usa, k\u00f8b Pyrazolam 0.5 mg pellets online usa, hvordan man bestiller Pyrazolam 0.5 mg pellets , Er Pyrazolam 0.5 mg pellets lovligt i Canada<\/strong><\/pre>","protected":false},"excerpt":{"rendered":"<p>K\u00f8b Pyrazolam 0.5 mg pellets online. Baseret p\u00e5 teori skulle Pyrazolam for\u00e5rsage mindre ataksi og sedation end sammenlignelige midler. Pyrazolam har ingen aktive metabolitter, og derfor er dets virkningsvarighed (ca. 6 timer) og aktivitet mere line\u00e6r end sammenlignelige stoffer.<\/p>\n<pre><\/pre>","protected":false},"featured_media":10774,"template":"","meta":[],"product_brand":[],"product_cat":[79],"product_tag":[321,1262,210,209,1263,200,196,195,203,207,208,206,137,198,202,199,1261,1258,1254,1256,292,1259,1260,1257,1255,197,201,205],"class_list":{"0":"post-10766","1":"product","2":"type-product","3":"status-publish","4":"has-post-thumbnail","6":"product_cat-research-chemicals-and-bath-salt","7":"product_tag-buy-diclazepam","8":"product_tag-buy-pyrazolam","9":"product_tag-buy-pyrazolam-0-5-mg-pellets","10":"product_tag-buy-pyrazolam-0-5-mg-pellets-online","11":"product_tag-buy-pyrazolam-0-5-mg-pellets-online-buy-pyrazolam-0-5-mg-pellets","12":"product_tag-buy-pyrazolam-0-5-mg-pellets-online-near-me","13":"product_tag-buy-pyrazolam-0-5-mg-pellets-online-usa","14":"product_tag-buy-pyrazolam-0-5-mg-pellets-usa","15":"product_tag-canada","16":"product_tag-how-to-order-pyrazolam-0-5-mg-pellets","17":"product_tag-is-pyrazolam-0-5-mg-pellets-legal-in-canada","18":"product_tag-is-pyrazolam-0-5-mg-pellets-legal-in-usa","19":"product_tag-online","20":"product_tag-pyrazolam-0-5-mg-pellets-for-sale","21":"product_tag-pyrazolam-0-5-mg-pellets-for-sale-in-usa","22":"product_tag-pyrazolam-0-5-mg-pellets-for-sale-near-me","23":"product_tag-pyrazolam-effects","24":"product_tag-pyrazolam-legal","25":"product_tag-pyrazolam-pellets","26":"product_tag-pyrazolam-pellets-usa","27":"product_tag-pyrazolam-powder","28":"product_tag-pyrazolam-psychonaut","29":"product_tag-pyrazolam-report","30":"product_tag-pyrazolam-solution","31":"product_tag-pyrazolam-vendor","32":"product_tag-where-to-buy-pyrazolam-0-5-mg-pellets","33":"product_tag-where-to-buy-pyrazolam-0-5-mg-pellets-online","34":"product_tag-you-can-still-get-pyrazolam-0-5-mg-pellets","36":"first","37":"instock","38":"shipping-taxable","39":"purchasable","40":"product-type-variable"},"tiered_pricing_type":"fixed","tiered_pricing_fixed_rules":[],"tiered_pricing_percentage_rules":[],"tiered_pricing_minimum":1,"_administrator_tiered_pricing_type":"fixed","_administrator_tiered_pricing_fixed_rules":[],"_editor_tiered_pricing_type":"fixed","_editor_tiered_pricing_fixed_rules":[],"_author_tiered_pricing_type":"fixed","_author_tiered_pricing_fixed_rules":[],"_contributor_tiered_pricing_type":"fixed","_contributor_tiered_pricing_fixed_rules":[],"_subscriber_tiered_pricing_type":"fixed","_subscriber_tiered_pricing_fixed_rules":[],"_customer_tiered_pricing_type":"fixed","_customer_tiered_pricing_fixed_rules":[],"_shop_manager_tiered_pricing_type":"fixed","_shop_manager_tiered_pricing_fixed_rules":[],"_wpseo_manager_tiered_pricing_type":"fixed","_wpseo_manager_tiered_pricing_fixed_rules":[],"_wpseo_editor_tiered_pricing_type":"fixed","_wpseo_editor_tiered_pricing_fixed_rules":[],"yoast_head":"<!-- This site is optimized with the Yoast SEO plugin v26.8 - https:\/\/yoast.com\/product\/yoast-seo-wordpress\/ -->\n<title>Buy Pyrazolam 0.5 mg pellets online - Cheap price, Grade A++<\/title>\n<meta name=\"description\" content=\"Buy Pyrazolam 0.5 mg pellets Online at an affordable price at stonersmeds. All products are lab qualified and have premium quality.\" \/>\n<meta name=\"robots\" content=\"index, follow, max-snippet:-1, max-image-preview:large, max-video-preview:-1\" \/>\n<link rel=\"canonical\" href=\"https:\/\/trustwhite.com\/da\/shop\/buy-pyrazolam-0-5-mg-pellets-online\/\" \/>\n<meta property=\"og:locale\" content=\"da_DK\" \/>\n<meta property=\"og:type\" content=\"article\" \/>\n<meta property=\"og:title\" content=\"Buy Pyrazolam 0.5 mg pellets online - Cheap price, Grade A++\" \/>\n<meta property=\"og:description\" content=\"Buy Pyrazolam 0.5 mg pellets Online at an affordable price at stonersmeds. All products are lab qualified and have premium quality.\" \/>\n<meta property=\"og:url\" content=\"https:\/\/trustwhite.com\/da\/shop\/buy-pyrazolam-0-5-mg-pellets-online\/\" \/>\n<meta property=\"og:site_name\" content=\"stonersmeds.com\" \/>\n<meta property=\"article:modified_time\" content=\"2023-04-13T09:56:17+00:00\" \/>\n<meta property=\"og:image\" content=\"https:\/\/trustwhite.com\/wp-content\/uploads\/2022\/03\/buy-pyrazolam-0-5-mg-pellets-online.jpg\" \/>\n\t<meta property=\"og:image:width\" content=\"600\" \/>\n\t<meta property=\"og:image:height\" content=\"600\" \/>\n\t<meta property=\"og:image:type\" content=\"image\/jpeg\" \/>\n<meta name=\"twitter:card\" content=\"summary_large_image\" \/>\n<meta name=\"twitter:label1\" content=\"Estimeret l\u00e6setid\" \/>\n\t<meta name=\"twitter:data1\" content=\"3 minutter\" \/>\n<script type=\"application\/ld+json\" class=\"yoast-schema-graph\">{\"@context\":\"https:\/\/schema.org\",\"@graph\":[{\"@type\":\"WebPage\",\"@id\":\"https:\/\/trustwhite.com\/shop\/buy-pyrazolam-0-5-mg-pellets-online\/\",\"url\":\"https:\/\/trustwhite.com\/shop\/buy-pyrazolam-0-5-mg-pellets-online\/\",\"name\":\"Buy Pyrazolam 0.5 mg pellets online - Cheap price, Grade A++\",\"isPartOf\":{\"@id\":\"https:\/\/trustwhite.com\/el\/#website\"},\"primaryImageOfPage\":{\"@id\":\"https:\/\/trustwhite.com\/shop\/buy-pyrazolam-0-5-mg-pellets-online\/#primaryimage\"},\"image\":{\"@id\":\"https:\/\/trustwhite.com\/shop\/buy-pyrazolam-0-5-mg-pellets-online\/#primaryimage\"},\"thumbnailUrl\":\"https:\/\/trustwhite.com\/wp-content\/uploads\/2022\/03\/buy-pyrazolam-0-5-mg-pellets-online.jpg\",\"datePublished\":\"2022-03-12T09:38:28+00:00\",\"dateModified\":\"2023-04-13T09:56:17+00:00\",\"description\":\"Buy Pyrazolam 0.5 mg pellets Online at an affordable price at stonersmeds. All products are lab qualified and have premium quality.\",\"breadcrumb\":{\"@id\":\"https:\/\/trustwhite.com\/shop\/buy-pyrazolam-0-5-mg-pellets-online\/#breadcrumb\"},\"inLanguage\":\"da-DK\",\"potentialAction\":[{\"@type\":\"ReadAction\",\"target\":[\"https:\/\/trustwhite.com\/shop\/buy-pyrazolam-0-5-mg-pellets-online\/\"]}]},{\"@type\":\"ImageObject\",\"inLanguage\":\"da-DK\",\"@id\":\"https:\/\/trustwhite.com\/shop\/buy-pyrazolam-0-5-mg-pellets-online\/#primaryimage\",\"url\":\"https:\/\/trustwhite.com\/wp-content\/uploads\/2022\/03\/buy-pyrazolam-0-5-mg-pellets-online.jpg\",\"contentUrl\":\"https:\/\/trustwhite.com\/wp-content\/uploads\/2022\/03\/buy-pyrazolam-0-5-mg-pellets-online.jpg\",\"width\":600,\"height\":600},{\"@type\":\"BreadcrumbList\",\"@id\":\"https:\/\/trustwhite.com\/shop\/buy-pyrazolam-0-5-mg-pellets-online\/#breadcrumb\",\"itemListElement\":[{\"@type\":\"ListItem\",\"position\":1,\"name\":\"Home\",\"item\":\"https:\/\/trustwhite.com\/el\/\"},{\"@type\":\"ListItem\",\"position\":2,\"name\":\"Shop\",\"item\":\"https:\/\/trustwhite.com\/el\/shop\/\"},{\"@type\":\"ListItem\",\"position\":3,\"name\":\"Buy Pyrazolam 0.5 mg pellets online\"}]},{\"@type\":\"WebSite\",\"@id\":\"https:\/\/trustwhite.com\/el\/#website\",\"url\":\"https:\/\/trustwhite.com\/el\/\",\"name\":\"stonersmeds.com\",\"description\":\"verschreibungspflichtige Medizin kaufen\",\"potentialAction\":[{\"@type\":\"SearchAction\",\"target\":{\"@type\":\"EntryPoint\",\"urlTemplate\":\"https:\/\/trustwhite.com\/el\/?s={search_term_string}\"},\"query-input\":{\"@type\":\"PropertyValueSpecification\",\"valueRequired\":true,\"valueName\":\"search_term_string\"}}],\"inLanguage\":\"da-DK\"}]}<\/script>\n<!-- \/ Yoast SEO plugin. -->","yoast_head_json":{"title":"K\u00f8b Pyrazolam 0.5 mg pellets online - Billig pris, Grade A++","description":"K\u00f8b Pyrazolam 0.5 mg pellets Online til en overkommelig pris hos stonersmeds. Alle produkter er laboratoriekvalificeret og har premium kvalitet.","robots":{"index":"index","follow":"follow","max-snippet":"max-snippet:-1","max-image-preview":"max-image-preview:large","max-video-preview":"max-video-preview:-1"},"canonical":"https:\/\/trustwhite.com\/da\/shop\/buy-pyrazolam-0-5-mg-pellets-online\/","og_locale":"da_DK","og_type":"article","og_title":"Buy Pyrazolam 0.5 mg pellets online - Cheap price, Grade A++","og_description":"Buy Pyrazolam 0.5 mg pellets Online at an affordable price at stonersmeds. All products are lab qualified and have premium quality.","og_url":"https:\/\/trustwhite.com\/da\/shop\/buy-pyrazolam-0-5-mg-pellets-online\/","og_site_name":"stonersmeds.com","article_modified_time":"2023-04-13T09:56:17+00:00","og_image":[{"width":600,"height":600,"url":"https:\/\/trustwhite.com\/wp-content\/uploads\/2022\/03\/buy-pyrazolam-0-5-mg-pellets-online.jpg","type":"image\/jpeg"}],"twitter_card":"summary_large_image","twitter_misc":{"Estimeret l\u00e6setid":"3 minutter"},"schema":{"@context":"https:\/\/schema.org","@graph":[{"@type":"WebPage","@id":"https:\/\/trustwhite.com\/shop\/buy-pyrazolam-0-5-mg-pellets-online\/","url":"https:\/\/trustwhite.com\/shop\/buy-pyrazolam-0-5-mg-pellets-online\/","name":"K\u00f8b Pyrazolam 0.5 mg pellets online - Billig pris, Grade A++","isPartOf":{"@id":"https:\/\/trustwhite.com\/el\/#website"},"primaryImageOfPage":{"@id":"https:\/\/trustwhite.com\/shop\/buy-pyrazolam-0-5-mg-pellets-online\/#primaryimage"},"image":{"@id":"https:\/\/trustwhite.com\/shop\/buy-pyrazolam-0-5-mg-pellets-online\/#primaryimage"},"thumbnailUrl":"https:\/\/trustwhite.com\/wp-content\/uploads\/2022\/03\/buy-pyrazolam-0-5-mg-pellets-online.jpg","datePublished":"2022-03-12T09:38:28+00:00","dateModified":"2023-04-13T09:56:17+00:00","description":"K\u00f8b Pyrazolam 0.5 mg pellets Online til en overkommelig pris hos stonersmeds. Alle produkter er laboratoriekvalificeret og har premium kvalitet.","breadcrumb":{"@id":"https:\/\/trustwhite.com\/shop\/buy-pyrazolam-0-5-mg-pellets-online\/#breadcrumb"},"inLanguage":"da-DK","potentialAction":[{"@type":"ReadAction","target":["https:\/\/trustwhite.com\/shop\/buy-pyrazolam-0-5-mg-pellets-online\/"]}]},{"@type":"ImageObject","inLanguage":"da-DK","@id":"https:\/\/trustwhite.com\/shop\/buy-pyrazolam-0-5-mg-pellets-online\/#primaryimage","url":"https:\/\/trustwhite.com\/wp-content\/uploads\/2022\/03\/buy-pyrazolam-0-5-mg-pellets-online.jpg","contentUrl":"https:\/\/trustwhite.com\/wp-content\/uploads\/2022\/03\/buy-pyrazolam-0-5-mg-pellets-online.jpg","width":600,"height":600},{"@type":"BreadcrumbList","@id":"https:\/\/trustwhite.com\/shop\/buy-pyrazolam-0-5-mg-pellets-online\/#breadcrumb","itemListElement":[{"@type":"ListItem","position":1,"name":"Home","item":"https:\/\/trustwhite.com\/el\/"},{"@type":"ListItem","position":2,"name":"Shop","item":"https:\/\/trustwhite.com\/el\/shop\/"},{"@type":"ListItem","position":3,"name":"Buy Pyrazolam 0.5 mg pellets online"}]},{"@type":"WebSite","@id":"https:\/\/trustwhite.com\/el\/#website","url":"https:\/\/trustwhite.com\/el\/","name":"stonersmeds.com","description":"Verschreibungspflichtige Medizin kaufen","potentialAction":[{"@type":"SearchAction","target":{"@type":"EntryPoint","urlTemplate":"https:\/\/trustwhite.com\/el\/?s={search_term_string}"},"query-input":{"@type":"PropertyValueSpecification","valueRequired":true,"valueName":"search_term_string"}}],"inLanguage":"da-DK"}]}},"_links":{"self":[{"href":"https:\/\/trustwhite.com\/da\/wp-json\/wp\/v2\/product\/10766","targetHints":{"allow":["GET"]}}],"collection":[{"href":"https:\/\/trustwhite.com\/da\/wp-json\/wp\/v2\/product"}],"about":[{"href":"https:\/\/trustwhite.com\/da\/wp-json\/wp\/v2\/types\/product"}],"version-history":[{"count":0,"href":"https:\/\/trustwhite.com\/da\/wp-json\/wp\/v2\/product\/10766\/revisions"}],"wp:featuredmedia":[{"embeddable":true,"href":"https:\/\/trustwhite.com\/da\/wp-json\/wp\/v2\/media\/10774"}],"wp:attachment":[{"href":"https:\/\/trustwhite.com\/da\/wp-json\/wp\/v2\/media?parent=10766"}],"wp:term":[{"taxonomy":"product_brand","embeddable":true,"href":"https:\/\/trustwhite.com\/da\/wp-json\/wp\/v2\/product_brand?post=10766"},{"taxonomy":"product_cat","embeddable":true,"href":"https:\/\/trustwhite.com\/da\/wp-json\/wp\/v2\/product_cat?post=10766"},{"taxonomy":"product_tag","embeddable":true,"href":"https:\/\/trustwhite.com\/da\/wp-json\/wp\/v2\/product_tag?post=10766"}],"curies":[{"name":"wp","href":"https:\/\/api.w.org\/{rel}","templated":true}]}}