{"id":10523,"date":"2022-03-12T08:09:29","date_gmt":"2022-03-12T08:09:29","guid":{"rendered":"https:\/\/stonersmeds.com\/?post_type=product&#038;p=10523"},"modified":"2022-12-29T21:13:28","modified_gmt":"2022-12-29T19:13:28","slug":"buy-sparkle-bath-salt-online","status":"publish","type":"product","link":"https:\/\/trustwhite.com\/da\/shop\/buy-sparkle-bath-salt-online\/","title":{"rendered":"K\u00f8b Sparkle Bath Salt online"},"content":{"rendered":"<h1>K\u00f8b Sparkle Bath Salt online<\/h1>\n<p>Vores pirrende badesalt forvandler badetiden fra afslappet til afslappende. Denne f\u00f8rsteklasses badeessens indeholder salt fra Det D\u00f8de Hav og engelsk salt, som har en afgiftende virkning, mens beroligende kokosm\u00e6lkspulver, havreprotein og kaolinler bl\u00f8dg\u00f8r og n\u00e6rer huden. Eukalyptus-, eneb\u00e6r- og lavendelolier fremmer afslapning, forbedrer s\u00f8vnen og har aromaterapeutiske fordele, der forbedrer hum\u00f8ret.<\/p>\n<p>SPARKLING BATH SALTS er pakket i en 10 ounce glasflaske pakket ind i v\u00e6vet tang. Indersiden af l\u00e5get fungerer som et m\u00e5leb\u00e6ger til salt.<\/p>\n<p>Home komposterbare ZERO WASTE REFILL Pouch er vores svar p\u00e5 engangsposer med badesalt af plastik til engangsbrug. OK HOME Austria-certificeringen (trykt p\u00e5 bunden af hver pose) sikrer, at den er fuldst\u00e6ndig biologisk nedbrydelig, selv i din kompostbunke i baghaven. En ZERO WASTE REFILL pose indeholder 10 ounces salt.<\/p>\n<p>&nbsp;<\/p>\n<pre><strong>K\u00f8b Sparkle Bath Salt online - k\u00f8b Sparkle Bath Salt , k\u00f8b Sparkle Bath Salt usa , k\u00f8b Sparkle Bath Salt online USA , Hvor kan man k\u00f8be Sparkle Bath Salt , Sparkle Bath Salt til salg , Sparkle Bath Salt til salg , Sparkle Bath Salt til salg i n\u00e6rheden af mig , k\u00f8b Sparkle Bath Salt online i n\u00e6rheden af mig , hvor kan man k\u00f8be Sparkle Bath Salt online , Sparkle Bath Salt til salg i usa , USA, canada,uk, k\u00f8b, online, leverand\u00f8rer, sikker levering, Du kan stadig f\u00e5 Sparkle Bath Salt , Er Sparkle Bath Salt lovligt i usa, k\u00f8b Sparkle Bath Salt online usa, hvordan man bestiller Sparkle Bath Salt , Er Sparkle Bath Salt lovligt i Canada<\/strong><\/pre>","protected":false},"excerpt":{"rendered":"<p>K\u00f8b Sparkle Bath Salts til salg i Storbritannien, Europa og Australien. Vi leverer de mest p\u00e5lidelige tilbud og s\u00e6lger til meget konkurrencedygtige priser. Bestil Sparkle badesalt nu til den bedste pris<\/p>\n<p>Koncentreret badesalt af h\u00f8j kvalitet. En essentiel kollektion, der f\u00e5r dig til at f\u00f8le dig BRIGHT som en funklende stjerne<\/p>\n<pre><strong>K\u00f8b Sparkle Bath Salt online - k\u00f8b Sparkle Bath Salt , k\u00f8b Sparkle Bath Salt usa , k\u00f8b Sparkle Bath Salt online USA , Hvor kan man k\u00f8be Sparkle Bath Salt , Sparkle Bath Salt til salg , Sparkle Bath Salt til salg , Sparkle Bath Salt til salg i n\u00e6rheden af mig , k\u00f8b Sparkle Bath Salt online i n\u00e6rheden af mig , hvor kan man k\u00f8be Sparkle Bath Salt online , Sparkle Bath Salt til salg i usa , USA, canada,uk, k\u00f8b, online, leverand\u00f8rer, sikker levering, Du kan stadig f\u00e5 Sparkle Bath Salt , Er Sparkle Bath Salt lovligt i usa, k\u00f8b Sparkle Bath Salt online usa, hvordan man bestiller Sparkle Bath Salt , Er Sparkle Bath Salt lovligt i Canada<\/strong><\/pre>","protected":false},"featured_media":10536,"template":"","meta":[],"product_brand":[],"product_cat":[79],"product_tag":[583,580,589,585,581,584,582,594,595,593,587,591,588,586,590,592],"class_list":{"0":"post-10523","1":"product","2":"type-product","3":"status-publish","4":"has-post-thumbnail","6":"product_cat-research-chemicals-and-bath-salt","7":"product_tag-buy-sparkle-bath-salt","8":"product_tag-buy-sparkle-bath-salt-in-bulk","9":"product_tag-buy-sparkle-bath-salt-online-near-me","10":"product_tag-buy-sparkle-bath-salt-online-usa","11":"product_tag-buy-sparkle-bath-salt-recipe","12":"product_tag-buy-sparkle-bath-salt-usa","13":"product_tag-buy-sparkle-bath-salt-zombie","14":"product_tag-how-to-order-sparkle-bath-salt","15":"product_tag-is-sparkle-bath-salt-legal-in-canada","16":"product_tag-is-sparkle-bath-salt-legal-in-usa","17":"product_tag-sparkle-bath-salt-for-sale","18":"product_tag-sparkle-bath-salt-for-sale-in-usa","19":"product_tag-sparkle-bath-salt-for-sale-near-me","20":"product_tag-where-to-buy-sparkle-bath-salt","21":"product_tag-where-to-buy-sparkle-bath-salt-online","22":"product_tag-you-can-still-get-sparkle-bath-salt","24":"first","25":"instock","26":"shipping-taxable","27":"purchasable","28":"product-type-variable"},"tiered_pricing_type":"fixed","tiered_pricing_fixed_rules":[],"tiered_pricing_percentage_rules":[],"tiered_pricing_minimum":1,"_administrator_tiered_pricing_type":"fixed","_administrator_tiered_pricing_fixed_rules":[],"_editor_tiered_pricing_type":"fixed","_editor_tiered_pricing_fixed_rules":[],"_author_tiered_pricing_type":"fixed","_author_tiered_pricing_fixed_rules":[],"_contributor_tiered_pricing_type":"fixed","_contributor_tiered_pricing_fixed_rules":[],"_subscriber_tiered_pricing_type":"fixed","_subscriber_tiered_pricing_fixed_rules":[],"_customer_tiered_pricing_type":"fixed","_customer_tiered_pricing_fixed_rules":[],"_shop_manager_tiered_pricing_type":"fixed","_shop_manager_tiered_pricing_fixed_rules":[],"_wpseo_manager_tiered_pricing_type":"fixed","_wpseo_manager_tiered_pricing_fixed_rules":[],"_wpseo_editor_tiered_pricing_type":"fixed","_wpseo_editor_tiered_pricing_fixed_rules":[],"yoast_head":"<!-- This site is optimized with the Yoast SEO plugin v26.8 - https:\/\/yoast.com\/product\/yoast-seo-wordpress\/ -->\n<title>Buy Sparkle Bath Salt Online - Cheap price, Grade A++<\/title>\n<meta name=\"description\" content=\"Buy Sparkle Bath Salt Online at an affordable price at stonersmeds. All products are lab qualified and have premium quality.\" \/>\n<meta name=\"robots\" content=\"index, follow, max-snippet:-1, max-image-preview:large, max-video-preview:-1\" \/>\n<link rel=\"canonical\" href=\"https:\/\/trustwhite.com\/da\/shop\/buy-sparkle-bath-salt-online\/\" \/>\n<meta property=\"og:locale\" content=\"da_DK\" \/>\n<meta property=\"og:type\" content=\"article\" \/>\n<meta property=\"og:title\" content=\"Buy Sparkle Bath Salt Online - Cheap price, Grade A++\" \/>\n<meta property=\"og:description\" content=\"Buy Sparkle Bath Salt Online at an affordable price at stonersmeds. All products are lab qualified and have premium quality.\" \/>\n<meta property=\"og:url\" content=\"https:\/\/trustwhite.com\/da\/shop\/buy-sparkle-bath-salt-online\/\" \/>\n<meta property=\"og:site_name\" content=\"stonersmeds.com\" \/>\n<meta property=\"article:modified_time\" content=\"2022-12-29T19:13:28+00:00\" \/>\n<meta property=\"og:image\" content=\"https:\/\/trustwhite.com\/wp-content\/uploads\/2022\/03\/buy-sparkle-bath-salt-online.jpg\" \/>\n\t<meta property=\"og:image:width\" content=\"600\" \/>\n\t<meta property=\"og:image:height\" content=\"600\" \/>\n\t<meta property=\"og:image:type\" content=\"image\/jpeg\" \/>\n<meta name=\"twitter:card\" content=\"summary_large_image\" \/>\n<meta name=\"twitter:label1\" content=\"Estimeret l\u00e6setid\" \/>\n\t<meta name=\"twitter:data1\" content=\"1 minut\" \/>\n<script type=\"application\/ld+json\" class=\"yoast-schema-graph\">{\"@context\":\"https:\/\/schema.org\",\"@graph\":[{\"@type\":\"WebPage\",\"@id\":\"https:\/\/trustwhite.com\/shop\/buy-sparkle-bath-salt-online\/\",\"url\":\"https:\/\/trustwhite.com\/shop\/buy-sparkle-bath-salt-online\/\",\"name\":\"Buy Sparkle Bath Salt Online - Cheap price, Grade A++\",\"isPartOf\":{\"@id\":\"https:\/\/trustwhite.com\/el\/#website\"},\"primaryImageOfPage\":{\"@id\":\"https:\/\/trustwhite.com\/shop\/buy-sparkle-bath-salt-online\/#primaryimage\"},\"image\":{\"@id\":\"https:\/\/trustwhite.com\/shop\/buy-sparkle-bath-salt-online\/#primaryimage\"},\"thumbnailUrl\":\"https:\/\/trustwhite.com\/wp-content\/uploads\/2022\/03\/buy-sparkle-bath-salt-online.jpg\",\"datePublished\":\"2022-03-12T08:09:29+00:00\",\"dateModified\":\"2022-12-29T19:13:28+00:00\",\"description\":\"Buy Sparkle Bath Salt Online at an affordable price at stonersmeds. All products are lab qualified and have premium quality.\",\"breadcrumb\":{\"@id\":\"https:\/\/trustwhite.com\/shop\/buy-sparkle-bath-salt-online\/#breadcrumb\"},\"inLanguage\":\"da-DK\",\"potentialAction\":[{\"@type\":\"ReadAction\",\"target\":[\"https:\/\/trustwhite.com\/shop\/buy-sparkle-bath-salt-online\/\"]}]},{\"@type\":\"ImageObject\",\"inLanguage\":\"da-DK\",\"@id\":\"https:\/\/trustwhite.com\/shop\/buy-sparkle-bath-salt-online\/#primaryimage\",\"url\":\"https:\/\/trustwhite.com\/wp-content\/uploads\/2022\/03\/buy-sparkle-bath-salt-online.jpg\",\"contentUrl\":\"https:\/\/trustwhite.com\/wp-content\/uploads\/2022\/03\/buy-sparkle-bath-salt-online.jpg\",\"width\":600,\"height\":600},{\"@type\":\"BreadcrumbList\",\"@id\":\"https:\/\/trustwhite.com\/shop\/buy-sparkle-bath-salt-online\/#breadcrumb\",\"itemListElement\":[{\"@type\":\"ListItem\",\"position\":1,\"name\":\"Home\",\"item\":\"https:\/\/trustwhite.com\/el\/\"},{\"@type\":\"ListItem\",\"position\":2,\"name\":\"Shop\",\"item\":\"https:\/\/trustwhite.com\/el\/shop\/\"},{\"@type\":\"ListItem\",\"position\":3,\"name\":\"Buy Sparkle Bath Salt Online\"}]},{\"@type\":\"WebSite\",\"@id\":\"https:\/\/trustwhite.com\/el\/#website\",\"url\":\"https:\/\/trustwhite.com\/el\/\",\"name\":\"stonersmeds.com\",\"description\":\"verschreibungspflichtige Medizin kaufen\",\"potentialAction\":[{\"@type\":\"SearchAction\",\"target\":{\"@type\":\"EntryPoint\",\"urlTemplate\":\"https:\/\/trustwhite.com\/el\/?s={search_term_string}\"},\"query-input\":{\"@type\":\"PropertyValueSpecification\",\"valueRequired\":true,\"valueName\":\"search_term_string\"}}],\"inLanguage\":\"da-DK\"}]}<\/script>\n<!-- \/ Yoast SEO plugin. -->","yoast_head_json":{"title":"K\u00f8b Sparkle Bath Salt Online - Billig pris, Grade A++","description":"K\u00f8b Sparkle Bath Salt Online til en overkommelig pris hos stonersmeds. Alle produkter er laboratoriekvalificeret og har premium kvalitet.","robots":{"index":"index","follow":"follow","max-snippet":"max-snippet:-1","max-image-preview":"max-image-preview:large","max-video-preview":"max-video-preview:-1"},"canonical":"https:\/\/trustwhite.com\/da\/shop\/buy-sparkle-bath-salt-online\/","og_locale":"da_DK","og_type":"article","og_title":"Buy Sparkle Bath Salt Online - Cheap price, Grade A++","og_description":"Buy Sparkle Bath Salt Online at an affordable price at stonersmeds. All products are lab qualified and have premium quality.","og_url":"https:\/\/trustwhite.com\/da\/shop\/buy-sparkle-bath-salt-online\/","og_site_name":"stonersmeds.com","article_modified_time":"2022-12-29T19:13:28+00:00","og_image":[{"width":600,"height":600,"url":"https:\/\/trustwhite.com\/wp-content\/uploads\/2022\/03\/buy-sparkle-bath-salt-online.jpg","type":"image\/jpeg"}],"twitter_card":"summary_large_image","twitter_misc":{"Estimeret l\u00e6setid":"1 minut"},"schema":{"@context":"https:\/\/schema.org","@graph":[{"@type":"WebPage","@id":"https:\/\/trustwhite.com\/shop\/buy-sparkle-bath-salt-online\/","url":"https:\/\/trustwhite.com\/shop\/buy-sparkle-bath-salt-online\/","name":"K\u00f8b Sparkle Bath Salt Online - Billig pris, Grade A++","isPartOf":{"@id":"https:\/\/trustwhite.com\/el\/#website"},"primaryImageOfPage":{"@id":"https:\/\/trustwhite.com\/shop\/buy-sparkle-bath-salt-online\/#primaryimage"},"image":{"@id":"https:\/\/trustwhite.com\/shop\/buy-sparkle-bath-salt-online\/#primaryimage"},"thumbnailUrl":"https:\/\/trustwhite.com\/wp-content\/uploads\/2022\/03\/buy-sparkle-bath-salt-online.jpg","datePublished":"2022-03-12T08:09:29+00:00","dateModified":"2022-12-29T19:13:28+00:00","description":"K\u00f8b Sparkle Bath Salt Online til en overkommelig pris hos stonersmeds. Alle produkter er laboratoriekvalificeret og har premium kvalitet.","breadcrumb":{"@id":"https:\/\/trustwhite.com\/shop\/buy-sparkle-bath-salt-online\/#breadcrumb"},"inLanguage":"da-DK","potentialAction":[{"@type":"ReadAction","target":["https:\/\/trustwhite.com\/shop\/buy-sparkle-bath-salt-online\/"]}]},{"@type":"ImageObject","inLanguage":"da-DK","@id":"https:\/\/trustwhite.com\/shop\/buy-sparkle-bath-salt-online\/#primaryimage","url":"https:\/\/trustwhite.com\/wp-content\/uploads\/2022\/03\/buy-sparkle-bath-salt-online.jpg","contentUrl":"https:\/\/trustwhite.com\/wp-content\/uploads\/2022\/03\/buy-sparkle-bath-salt-online.jpg","width":600,"height":600},{"@type":"BreadcrumbList","@id":"https:\/\/trustwhite.com\/shop\/buy-sparkle-bath-salt-online\/#breadcrumb","itemListElement":[{"@type":"ListItem","position":1,"name":"Home","item":"https:\/\/trustwhite.com\/el\/"},{"@type":"ListItem","position":2,"name":"Shop","item":"https:\/\/trustwhite.com\/el\/shop\/"},{"@type":"ListItem","position":3,"name":"Buy Sparkle Bath Salt Online"}]},{"@type":"WebSite","@id":"https:\/\/trustwhite.com\/el\/#website","url":"https:\/\/trustwhite.com\/el\/","name":"stonersmeds.com","description":"Verschreibungspflichtige Medizin kaufen","potentialAction":[{"@type":"SearchAction","target":{"@type":"EntryPoint","urlTemplate":"https:\/\/trustwhite.com\/el\/?s={search_term_string}"},"query-input":{"@type":"PropertyValueSpecification","valueRequired":true,"valueName":"search_term_string"}}],"inLanguage":"da-DK"}]}},"_links":{"self":[{"href":"https:\/\/trustwhite.com\/da\/wp-json\/wp\/v2\/product\/10523","targetHints":{"allow":["GET"]}}],"collection":[{"href":"https:\/\/trustwhite.com\/da\/wp-json\/wp\/v2\/product"}],"about":[{"href":"https:\/\/trustwhite.com\/da\/wp-json\/wp\/v2\/types\/product"}],"version-history":[{"count":0,"href":"https:\/\/trustwhite.com\/da\/wp-json\/wp\/v2\/product\/10523\/revisions"}],"wp:featuredmedia":[{"embeddable":true,"href":"https:\/\/trustwhite.com\/da\/wp-json\/wp\/v2\/media\/10536"}],"wp:attachment":[{"href":"https:\/\/trustwhite.com\/da\/wp-json\/wp\/v2\/media?parent=10523"}],"wp:term":[{"taxonomy":"product_brand","embeddable":true,"href":"https:\/\/trustwhite.com\/da\/wp-json\/wp\/v2\/product_brand?post=10523"},{"taxonomy":"product_cat","embeddable":true,"href":"https:\/\/trustwhite.com\/da\/wp-json\/wp\/v2\/product_cat?post=10523"},{"taxonomy":"product_tag","embeddable":true,"href":"https:\/\/trustwhite.com\/da\/wp-json\/wp\/v2\/product_tag?post=10523"}],"curies":[{"name":"wp","href":"https:\/\/api.w.org\/{rel}","templated":true}]}}