{"id":10023,"date":"2022-03-12T04:44:57","date_gmt":"2022-03-12T04:44:57","guid":{"rendered":"https:\/\/stonersmeds.com\/?post_type=product&#038;p=10023"},"modified":"2022-12-21T21:43:36","modified_gmt":"2022-12-21T19:43:36","slug":"buy-roxicodone-30mg-pills-online","status":"publish","type":"product","link":"https:\/\/trustwhite.com\/da\/shop\/buy-roxicodone-30mg-pills-online\/","title":{"rendered":"K\u00f8b Oxycodone 10mg, 30mg Online"},"content":{"rendered":"<h2>K\u00f8b Oxycodon online 10 mg, 30 mg online<\/h2>\n<p>Oxycodon er en opioidmedicin, der er tilg\u00e6ngelig til behandling af moderate til sv\u00e6re smerter. Det er et oralt l\u00e6gemiddel i b\u00e5de formuleringer med \u00f8jeblikkelig frigivelse og med forl\u00e6nget frigivelse. Oxycodons virkning begynder typisk inden for 15 minutter, og virkningerne aftager efter ca. seks timer for former med \u00f8jeblikkelig frigivelse. Folk kan ogs\u00e5 k\u00f8be oxycodon online i kombination med acetaminophen eller aspirin.<\/p>\n<p>Oxycodon er mere potent end morfin, da unders\u00f8gelser viser, at 5 mg oxycodon har omtrent 1,5 gange effektiviteten af 5 mg morfin.<\/p>\n<p>Tyskerne lavede f\u00f8rst oxycodon fra thebaine i \u00e5r 1916. I USA er medicinen ogs\u00e5 tilg\u00e6ngelig som en generisk version med en engrospris p\u00e5 mindre end $0,30 pr. pille.<\/p>\n<p>Oxycodon er en af de mest ordinerede opioidanalgetika i USA, med mere end 10 millioner recepter om \u00e5ret.<\/p>\n<h2>Anvendelser af Oxycodon<\/h2>\n<p>Du kan k\u00f8be oxycodon online til h\u00e5ndtering af dine smertetilstande, der sp\u00e6nder fra moderate til alvorlige akutte eller kroniske smerter. L\u00e6ger ordinerer kun oxycodon, n\u00e5r andre behandlingsmuligheder s\u00e5som kombinationsopioider eller ikke-opioide analgetika ikke er tilstr\u00e6kkelige til at give patienten den n\u00f8dvendige smertelindring. Medicinen kan ogs\u00e5 forbedre livskvaliteten i visse tilf\u00e6lde.<\/p>\n<p>Oxycodon findes ogs\u00e5 som tabletter med kontrolleret frigivelse, der har smertestillende virkning i ca. 12 timer. En uafh\u00e6ngig unders\u00f8gelse fra juli 1996 viste, at oxycodons form med kontrolleret frigivelse har en variabel virkningsvarighed p\u00e5 mellem 10 og 12 timer.<\/p>\n<p>En anmeldelse trykt i 2006 siger, at oxycodon-kontrolleret frigivelse er sammenlignelig med dens former for \u00f8jeblikkelig frigivelse, hydromorfon og morfin i behandlingen af kr\u00e6ftsmerter, med f\u00e6rre bivirkninger end andre. Den konkluderer, at oxycodon med kontrolleret frigivelse er en f\u00f8rstelinjebehandling og et gyldigt alternativ til morfin mod kr\u00e6ftsmerter.<\/p>\n<p>Den amerikanske FDA godkender <a href=\"https:\/\/www.webmd.com\/drugs\/2\/drug-1025-5278\/oxycodone-oral\/oxycodone-oral\/details\">oxycodon<\/a> Formularer med forl\u00e6nget frigivelse til b\u00f8rn p\u00e5 11 \u00e5r og derover til lindring af traumesmerter, kr\u00e6ftsmerter eller smerter p\u00e5 grund af operation kun til b\u00f8rn, der allerede er behandlet med opioidanalgetika, og som har en tolerance p\u00e5 mindst 20 mg oxycodon pr.<\/p>\n<h2>Virkningsmekanisme<\/h2>\n<p>Oxycodon er et kunstigt eller semisyntetisk opioid, som er en selektiv fuld agonist af MOR (mu-opioid receptor), det prim\u00e6re biologiske m\u00e5l for det endogene opioidneuropeptid beta-endorfin. Medicinen har lav affinitet til KOR (k-opioid receptor) og DOR (delta opioid receptor), hvor den er en agonist. Efter binding til MOR frigiver oxycodon et G-proteinkompleks, der h\u00e6mmer frigivelsen af celle-neurotransmittere ved at reducere produktionen af cAMP, \u00e5bne kanaler af kalium og lukke kanaler af calcium.<\/p>\n<p>Forskere mener, at oxycodon frembringer sine smertestillende virkninger ved at aktivere MOR i mellemhjernens PAG (periakveduktal gr\u00e5) og RVM (rostral ventromedial medulla). Omvendt giver de afh\u00e6ngighed ved at aktivere MOR i MRV (mesolimbic reward pathway), herunder i det ventrale pallidum, nucleus accumbens og det ventrale tegmentale omr\u00e5de.<\/p>\n<h2>Bivirkninger<\/h2>\n<p>Oxycodon giver flere bivirkninger sammen med den n\u00f8dvendige helbredende virkning. Folk b\u00f8r kun k\u00f8be oxycodon online p\u00e5 recept fra en l\u00e6ge. Alvorlige bivirkninger af medicinen omfatter reduceret f\u00f8lsomhed over for smerte, anxiolyse, eufori, f\u00f8lelser af afslapning og \u00e5ndedr\u00e6tsdepression.<\/p>\n<p>Nogle almindelige bivirkninger af oxycodon omfatter:<\/p>\n<ul>\n<li>Kvalme (23%)<\/li>\n<li>Forstoppelse (23%)<\/li>\n<li>Somnolens (23%)<\/li>\n<li>Kl\u00f8e (13%)<\/li>\n<li>Svimmelhed (13%)<\/li>\n<li>Opkastning (12%)<\/li>\n<li>Mundt\u00f8rhed (6%)<\/li>\n<li>Svedende (5%)<\/li>\n<\/ul>\n<p>Mindre almindelige oxycodonbivirkninger oplevet af mindre end 5 % af patienter omfatter nerv\u00f8sitet, appetitl\u00f8shed, diarr\u00e9, mavesmerter, dyspn\u00f8, urinretention og hikke.<\/p>\n<p>De fleste af de negative virkninger bliver mindre alvorlige over tid og forsvinder gradvist i l\u00f8bet af f\u00e5 dage eller inden for en uge. Der er dog st\u00f8rre sandsynlighed for, at forstoppelse forts\u00e6tter under hele brugen.<\/p>\n<h3>Interaktioner<\/h3>\n<p>Medicinen interagerer med mange l\u00e6gemidler og giver u\u00f8nskede virkninger. Det er tilr\u00e5deligt at k\u00f8be oxycodon online og l\u00e6se etikettens instruktioner for at kende til alle dets potentielle l\u00e6gemiddelinteraktioner.<\/p>\n<p>Enzymer som CYP3A4 og CYP2D6 metaboliserer oxycodon. S\u00e5 h\u00e6mmerne og inducererne af disse enzymer kan \u00e6ndre clearance af oxycodon ved at \u00f8ge og reducere medicinens halveringstid. Genetiske variationer i disse enzymer p\u00e5virker ogs\u00e5 fjernelsen af oxycodon, hvilket h\u00e6nger sammen med den store variabilitet mellem personer med hensyn til dets virkning og halveringstid.<\/p>\n<p>Lopinavir\/ritonavir eller ritonavir \u00f8ger oxycodons plasmakoncentrationer signifikant hos raske mennesker p\u00e5 grund af h\u00e6mning af CYP2D6 og CYP3A4.<\/p>\n<p>Rifampicin reducerer oxycodons plasmakoncentration p\u00e5 grund af sin aktive CYP3A4-inducerende egenskab. Hos en kronisk smertepatient reducerer fosphenytoin, en inducerende faktor for CYP2A4, dramatisk de analgetiske virkninger af oxycodon.<\/p>\n<p>Det er n\u00f8dvendigt for en l\u00e6ge at justere doseringerne eller medicinen i tilf\u00e6lde af l\u00e6gemiddelinteraktioner.<\/p>","protected":false},"excerpt":{"rendered":"<p>Det er vigtigt at vide, hvad oxycodon er, f\u00f8r du forts\u00e6tter med at k\u00f8be oxycodon online fra et faktisk onlineapotek. Oxycodon er et opioid smertestillende middel, der bruges til at behandle moderate til sv\u00e6re smerter.<\/p>\n<pre><\/pre>","protected":false},"featured_media":10026,"template":"","meta":[],"product_brand":[],"product_cat":[769,77],"product_tag":[1060,1058,1056,1055,1054,1059,1053,1057],"class_list":{"0":"post-10023","1":"product","2":"type-product","3":"status-publish","4":"has-post-thumbnail","6":"product_cat-pain-pills","7":"product_cat-pain-sleeping-sex-pills","8":"product_tag-10-mg-oxycontin","9":"product_tag-10-mg-percocet-high","10":"product_tag-10-milligram-oxycodone-pictures","11":"product_tag-how-strong-is-oxycodone-10","12":"product_tag-need-a-prescription-for-oxycodone","13":"product_tag-oxycodone-10-milligram-pink","14":"product_tag-oxycodone-15mg-pills-for-sale","15":"product_tag-picture-of-oxycontin-10-mg","17":"first","18":"instock","19":"shipping-taxable","20":"purchasable","21":"product-type-variable"},"tiered_pricing_type":"fixed","tiered_pricing_fixed_rules":[],"tiered_pricing_percentage_rules":[],"tiered_pricing_minimum":1,"_administrator_tiered_pricing_type":"fixed","_administrator_tiered_pricing_fixed_rules":[],"_editor_tiered_pricing_type":"fixed","_editor_tiered_pricing_fixed_rules":[],"_author_tiered_pricing_type":"fixed","_author_tiered_pricing_fixed_rules":[],"_contributor_tiered_pricing_type":"fixed","_contributor_tiered_pricing_fixed_rules":[],"_subscriber_tiered_pricing_type":"fixed","_subscriber_tiered_pricing_fixed_rules":[],"_customer_tiered_pricing_type":"fixed","_customer_tiered_pricing_fixed_rules":[],"_shop_manager_tiered_pricing_type":"fixed","_shop_manager_tiered_pricing_fixed_rules":[],"_wpseo_manager_tiered_pricing_type":"fixed","_wpseo_manager_tiered_pricing_fixed_rules":[],"_wpseo_editor_tiered_pricing_type":"fixed","_wpseo_editor_tiered_pricing_fixed_rules":[],"yoast_head":"<!-- This site is optimized with the Yoast SEO plugin v26.8 - https:\/\/yoast.com\/product\/yoast-seo-wordpress\/ -->\n<title>Buy Oxycodone 10mg, 30mg Online - stonersmeds.com<\/title>\n<meta name=\"description\" content=\"Place your order to buy oxycodone online without prescription . All order for oxycodone and its substitutes are processed same day.\" \/>\n<meta name=\"robots\" content=\"index, follow, max-snippet:-1, max-image-preview:large, max-video-preview:-1\" \/>\n<link rel=\"canonical\" href=\"https:\/\/trustwhite.com\/da\/shop\/buy-roxicodone-30mg-pills-online\/\" \/>\n<meta property=\"og:locale\" content=\"da_DK\" \/>\n<meta property=\"og:type\" content=\"article\" \/>\n<meta property=\"og:title\" content=\"Buy Oxycodone 10mg, 30mg Online - stonersmeds.com\" \/>\n<meta property=\"og:description\" content=\"Place your order to buy oxycodone online without prescription . All order for oxycodone and its substitutes are processed same day.\" \/>\n<meta property=\"og:url\" content=\"https:\/\/trustwhite.com\/da\/shop\/buy-roxicodone-30mg-pills-online\/\" \/>\n<meta property=\"og:site_name\" content=\"stonersmeds.com\" \/>\n<meta property=\"article:modified_time\" content=\"2022-12-21T19:43:36+00:00\" \/>\n<meta property=\"og:image\" content=\"https:\/\/trustwhite.com\/wp-content\/uploads\/2022\/03\/buy-roxicodone-30mg-pills-online.jpg\" \/>\n\t<meta property=\"og:image:width\" content=\"600\" \/>\n\t<meta property=\"og:image:height\" content=\"600\" \/>\n\t<meta property=\"og:image:type\" content=\"image\/jpeg\" \/>\n<meta name=\"twitter:card\" content=\"summary_large_image\" \/>\n<meta name=\"twitter:label1\" content=\"Estimeret l\u00e6setid\" \/>\n\t<meta name=\"twitter:data1\" content=\"4 minutter\" \/>\n<script type=\"application\/ld+json\" class=\"yoast-schema-graph\">{\"@context\":\"https:\/\/schema.org\",\"@graph\":[{\"@type\":\"WebPage\",\"@id\":\"https:\/\/trustwhite.com\/es\/shop\/buy-roxicodone-30mg-pills-online\/\",\"url\":\"https:\/\/trustwhite.com\/es\/shop\/buy-roxicodone-30mg-pills-online\/\",\"name\":\"Buy Oxycodone 10mg, 30mg Online - stonersmeds.com\",\"isPartOf\":{\"@id\":\"https:\/\/trustwhite.com\/el\/#website\"},\"primaryImageOfPage\":{\"@id\":\"https:\/\/trustwhite.com\/es\/shop\/buy-roxicodone-30mg-pills-online\/#primaryimage\"},\"image\":{\"@id\":\"https:\/\/trustwhite.com\/es\/shop\/buy-roxicodone-30mg-pills-online\/#primaryimage\"},\"thumbnailUrl\":\"https:\/\/trustwhite.com\/wp-content\/uploads\/2022\/03\/buy-roxicodone-30mg-pills-online.jpg\",\"datePublished\":\"2022-03-12T04:44:57+00:00\",\"dateModified\":\"2022-12-21T19:43:36+00:00\",\"description\":\"Place your order to buy oxycodone online without prescription . All order for oxycodone and its substitutes are processed same day.\",\"breadcrumb\":{\"@id\":\"https:\/\/trustwhite.com\/es\/shop\/buy-roxicodone-30mg-pills-online\/#breadcrumb\"},\"inLanguage\":\"da-DK\",\"potentialAction\":[{\"@type\":\"ReadAction\",\"target\":[\"https:\/\/trustwhite.com\/es\/shop\/buy-roxicodone-30mg-pills-online\/\"]}]},{\"@type\":\"ImageObject\",\"inLanguage\":\"da-DK\",\"@id\":\"https:\/\/trustwhite.com\/es\/shop\/buy-roxicodone-30mg-pills-online\/#primaryimage\",\"url\":\"https:\/\/trustwhite.com\/wp-content\/uploads\/2022\/03\/buy-roxicodone-30mg-pills-online.jpg\",\"contentUrl\":\"https:\/\/trustwhite.com\/wp-content\/uploads\/2022\/03\/buy-roxicodone-30mg-pills-online.jpg\",\"width\":600,\"height\":600},{\"@type\":\"BreadcrumbList\",\"@id\":\"https:\/\/trustwhite.com\/es\/shop\/buy-roxicodone-30mg-pills-online\/#breadcrumb\",\"itemListElement\":[{\"@type\":\"ListItem\",\"position\":1,\"name\":\"Home\",\"item\":\"https:\/\/trustwhite.com\/el\/\"},{\"@type\":\"ListItem\",\"position\":2,\"name\":\"Shop\",\"item\":\"https:\/\/trustwhite.com\/el\/shop\/\"},{\"@type\":\"ListItem\",\"position\":3,\"name\":\"Buy Oxycodone 10mg, 30mg Online\"}]},{\"@type\":\"WebSite\",\"@id\":\"https:\/\/trustwhite.com\/el\/#website\",\"url\":\"https:\/\/trustwhite.com\/el\/\",\"name\":\"stonersmeds.com\",\"description\":\"verschreibungspflichtige Medizin kaufen\",\"potentialAction\":[{\"@type\":\"SearchAction\",\"target\":{\"@type\":\"EntryPoint\",\"urlTemplate\":\"https:\/\/trustwhite.com\/el\/?s={search_term_string}\"},\"query-input\":{\"@type\":\"PropertyValueSpecification\",\"valueRequired\":true,\"valueName\":\"search_term_string\"}}],\"inLanguage\":\"da-DK\"}]}<\/script>\n<!-- \/ Yoast SEO plugin. -->","yoast_head_json":{"title":"K\u00f8b Oxycodon 10mg, 30mg Online - stonersmeds.com","description":"Placer din ordre for at k\u00f8be oxycodon online uden recept. Al ordre p\u00e5 oxycodon og dets erstatninger behandles samme dag.","robots":{"index":"index","follow":"follow","max-snippet":"max-snippet:-1","max-image-preview":"max-image-preview:large","max-video-preview":"max-video-preview:-1"},"canonical":"https:\/\/trustwhite.com\/da\/shop\/buy-roxicodone-30mg-pills-online\/","og_locale":"da_DK","og_type":"article","og_title":"Buy Oxycodone 10mg, 30mg Online - stonersmeds.com","og_description":"Place your order to buy oxycodone online without prescription . All order for oxycodone and its substitutes are processed same day.","og_url":"https:\/\/trustwhite.com\/da\/shop\/buy-roxicodone-30mg-pills-online\/","og_site_name":"stonersmeds.com","article_modified_time":"2022-12-21T19:43:36+00:00","og_image":[{"width":600,"height":600,"url":"https:\/\/trustwhite.com\/wp-content\/uploads\/2022\/03\/buy-roxicodone-30mg-pills-online.jpg","type":"image\/jpeg"}],"twitter_card":"summary_large_image","twitter_misc":{"Estimeret l\u00e6setid":"4 minutter"},"schema":{"@context":"https:\/\/schema.org","@graph":[{"@type":"WebPage","@id":"https:\/\/trustwhite.com\/es\/shop\/buy-roxicodone-30mg-pills-online\/","url":"https:\/\/trustwhite.com\/es\/shop\/buy-roxicodone-30mg-pills-online\/","name":"K\u00f8b Oxycodon 10mg, 30mg Online - stonersmeds.com","isPartOf":{"@id":"https:\/\/trustwhite.com\/el\/#website"},"primaryImageOfPage":{"@id":"https:\/\/trustwhite.com\/es\/shop\/buy-roxicodone-30mg-pills-online\/#primaryimage"},"image":{"@id":"https:\/\/trustwhite.com\/es\/shop\/buy-roxicodone-30mg-pills-online\/#primaryimage"},"thumbnailUrl":"https:\/\/trustwhite.com\/wp-content\/uploads\/2022\/03\/buy-roxicodone-30mg-pills-online.jpg","datePublished":"2022-03-12T04:44:57+00:00","dateModified":"2022-12-21T19:43:36+00:00","description":"Placer din ordre for at k\u00f8be oxycodon online uden recept. Al ordre p\u00e5 oxycodon og dets erstatninger behandles samme dag.","breadcrumb":{"@id":"https:\/\/trustwhite.com\/es\/shop\/buy-roxicodone-30mg-pills-online\/#breadcrumb"},"inLanguage":"da-DK","potentialAction":[{"@type":"ReadAction","target":["https:\/\/trustwhite.com\/es\/shop\/buy-roxicodone-30mg-pills-online\/"]}]},{"@type":"ImageObject","inLanguage":"da-DK","@id":"https:\/\/trustwhite.com\/es\/shop\/buy-roxicodone-30mg-pills-online\/#primaryimage","url":"https:\/\/trustwhite.com\/wp-content\/uploads\/2022\/03\/buy-roxicodone-30mg-pills-online.jpg","contentUrl":"https:\/\/trustwhite.com\/wp-content\/uploads\/2022\/03\/buy-roxicodone-30mg-pills-online.jpg","width":600,"height":600},{"@type":"BreadcrumbList","@id":"https:\/\/trustwhite.com\/es\/shop\/buy-roxicodone-30mg-pills-online\/#breadcrumb","itemListElement":[{"@type":"ListItem","position":1,"name":"Home","item":"https:\/\/trustwhite.com\/el\/"},{"@type":"ListItem","position":2,"name":"Shop","item":"https:\/\/trustwhite.com\/el\/shop\/"},{"@type":"ListItem","position":3,"name":"Buy Oxycodone 10mg, 30mg Online"}]},{"@type":"WebSite","@id":"https:\/\/trustwhite.com\/el\/#website","url":"https:\/\/trustwhite.com\/el\/","name":"stonersmeds.com","description":"Verschreibungspflichtige Medizin kaufen","potentialAction":[{"@type":"SearchAction","target":{"@type":"EntryPoint","urlTemplate":"https:\/\/trustwhite.com\/el\/?s={search_term_string}"},"query-input":{"@type":"PropertyValueSpecification","valueRequired":true,"valueName":"search_term_string"}}],"inLanguage":"da-DK"}]}},"_links":{"self":[{"href":"https:\/\/trustwhite.com\/da\/wp-json\/wp\/v2\/product\/10023","targetHints":{"allow":["GET"]}}],"collection":[{"href":"https:\/\/trustwhite.com\/da\/wp-json\/wp\/v2\/product"}],"about":[{"href":"https:\/\/trustwhite.com\/da\/wp-json\/wp\/v2\/types\/product"}],"version-history":[{"count":0,"href":"https:\/\/trustwhite.com\/da\/wp-json\/wp\/v2\/product\/10023\/revisions"}],"wp:featuredmedia":[{"embeddable":true,"href":"https:\/\/trustwhite.com\/da\/wp-json\/wp\/v2\/media\/10026"}],"wp:attachment":[{"href":"https:\/\/trustwhite.com\/da\/wp-json\/wp\/v2\/media?parent=10023"}],"wp:term":[{"taxonomy":"product_brand","embeddable":true,"href":"https:\/\/trustwhite.com\/da\/wp-json\/wp\/v2\/product_brand?post=10023"},{"taxonomy":"product_cat","embeddable":true,"href":"https:\/\/trustwhite.com\/da\/wp-json\/wp\/v2\/product_cat?post=10023"},{"taxonomy":"product_tag","embeddable":true,"href":"https:\/\/trustwhite.com\/da\/wp-json\/wp\/v2\/product_tag?post=10023"}],"curies":[{"name":"wp","href":"https:\/\/api.w.org\/{rel}","templated":true}]}}