{"id":10005,"date":"2022-03-12T04:03:56","date_gmt":"2022-03-12T04:03:56","guid":{"rendered":"https:\/\/stonersmeds.com\/?post_type=product&#038;p=10005"},"modified":"2022-12-21T21:43:35","modified_gmt":"2022-12-21T19:43:35","slug":"buy-phenida-10mg-pills-online","status":"publish","type":"product","link":"https:\/\/trustwhite.com\/da\/shop\/buy-phenida-10mg-pills-online\/","title":{"rendered":"K\u00f8b Phenida 10mg piller online"},"content":{"rendered":"<h1>K\u00f8b Phenida online 10mg Pills online.<\/h1>\n<p>Phenid er et ADD\/ADHD-pr\u00e6parat. Du kan se detaljer om og relateret til phenider i den samme ADD\/ADHD-kategori nedenfor.<\/p>\n<p>ADD \/ ADHD:<\/p>\n<p>ADHD (Attention Deficit Hyperactivity Disorder) er et problem, der er forbundet med d\u00e5rlig koncentration, overaktivitet, manglende evne til at kontrollere adf\u00e6rd eller en kombination af disse. For at diagnosticere disse problemer som ADHD skal de ligge uden for det normale omr\u00e5de for en persons alder og udvikling.<\/p>\n<p>\u00d8nsker du en kur mod ADD\/ADHD? Her kan du k\u00f8be fenid online. K\u00f8b fenida online.<\/p>\n<div><\/div>\n<div><\/div>\n<div><\/div>\n<pre><strong>K\u00f8b Phenida 10mg Pills online - k\u00f8b Phenida , k\u00f8b Phenida 10mg Pills , k\u00f8b Phenida Pills online, Hvor kan man k\u00f8be Phenida 10mg Pills , Phenida 10mg Pills til salg, Phenida til salg, k\u00f8b Phenida 10mg Pills online, hvor kan man k\u00f8be Phenida 10mg Pills online, Phenida 10mg Pills til salg i usa , USA, canada,uk, k\u00f8b, online, leverand\u00f8rer, sikker levering, Du kan stadig f\u00e5 Phenida 10mg Pills , Er Phenida 10mg Pills lovligt i usa, k\u00f8b Phenida 10mg Pills online usa, hvordan man bestiller Phenida 10mg Pills , Er Phenida 10mg Pills lovligt i Canada<\/strong><\/pre>","protected":false},"excerpt":{"rendered":"<p>K\u00f8b Phenida 10mg Pills online. over the counter sovepiller, bestille piller online, steroider piller til salg, st\u00e6rke sovepiller, smertelindring medicin, online apotek uk.<\/p>\n<pre><\/pre>","protected":false},"featured_media":10010,"template":"","meta":[],"product_brand":[],"product_cat":[769,77,771],"product_tag":[1079,1084,1078,1089,1080,1090,1091,1088,1082,1086,1083,1081,1085,1087],"class_list":{"0":"post-10005","1":"product","2":"type-product","3":"status-publish","4":"has-post-thumbnail","6":"product_cat-pain-pills","7":"product_cat-pain-sleeping-sex-pills","8":"product_cat-sex-pills","9":"product_tag-buy-phenida-10mg-pills","10":"product_tag-buy-phenida-10mg-pills-online","11":"product_tag-buy-phenida-10mg-pills-online-buy-phenida","12":"product_tag-buy-phenida-10mg-pills-online-usa","13":"product_tag-buy-phenida-pills-online","14":"product_tag-how-to-order-phenida-10mg-pills","15":"product_tag-is-phenida-10mg-pills-legal-in-canada","16":"product_tag-is-phenida-10mg-pills-legal-in-usa","17":"product_tag-phenida-10mg-pills-for-sale","18":"product_tag-phenida-10mg-pills-for-sale-in-usa","19":"product_tag-phenida-for-sale","20":"product_tag-where-to-buy-phenida-10mg-pills","21":"product_tag-where-to-buy-phenida-10mg-pills-online","22":"product_tag-you-can-still-get-phenida-10mg-pills","24":"first","25":"instock","26":"shipping-taxable","27":"purchasable","28":"product-type-variable"},"tiered_pricing_type":"fixed","tiered_pricing_fixed_rules":[],"tiered_pricing_percentage_rules":[],"tiered_pricing_minimum":1,"_administrator_tiered_pricing_type":"fixed","_administrator_tiered_pricing_fixed_rules":[],"_editor_tiered_pricing_type":"fixed","_editor_tiered_pricing_fixed_rules":[],"_author_tiered_pricing_type":"fixed","_author_tiered_pricing_fixed_rules":[],"_contributor_tiered_pricing_type":"fixed","_contributor_tiered_pricing_fixed_rules":[],"_subscriber_tiered_pricing_type":"fixed","_subscriber_tiered_pricing_fixed_rules":[],"_customer_tiered_pricing_type":"fixed","_customer_tiered_pricing_fixed_rules":[],"_shop_manager_tiered_pricing_type":"fixed","_shop_manager_tiered_pricing_fixed_rules":[],"_wpseo_manager_tiered_pricing_type":"fixed","_wpseo_manager_tiered_pricing_fixed_rules":[],"_wpseo_editor_tiered_pricing_type":"fixed","_wpseo_editor_tiered_pricing_fixed_rules":[],"yoast_head":"<!-- This site is optimized with the Yoast SEO plugin v26.8 - https:\/\/yoast.com\/product\/yoast-seo-wordpress\/ -->\n<title>Buy phenida Online Wholesale India, Phenida 10mg Supplier, Exporter<\/title>\n<meta name=\"description\" content=\"Buy phenida Online 30mg No prescription needed Cheap from trusted online pharmacies. Phenida Online fast shipping over night delivery\" \/>\n<meta name=\"robots\" content=\"index, follow, max-snippet:-1, max-image-preview:large, max-video-preview:-1\" \/>\n<link rel=\"canonical\" href=\"https:\/\/trustwhite.com\/da\/shop\/buy-phenida-10mg-pills-online\/\" \/>\n<meta property=\"og:locale\" content=\"da_DK\" \/>\n<meta property=\"og:type\" content=\"article\" \/>\n<meta property=\"og:title\" content=\"Buy phenida Online Wholesale India, Phenida 10mg Supplier, Exporter\" \/>\n<meta property=\"og:description\" content=\"Buy phenida Online 30mg No prescription needed Cheap from trusted online pharmacies. Phenida Online fast shipping over night delivery\" \/>\n<meta property=\"og:url\" content=\"https:\/\/trustwhite.com\/da\/shop\/buy-phenida-10mg-pills-online\/\" \/>\n<meta property=\"og:site_name\" content=\"stonersmeds.com\" \/>\n<meta property=\"article:modified_time\" content=\"2022-12-21T19:43:35+00:00\" \/>\n<meta property=\"og:image\" content=\"https:\/\/trustwhite.com\/wp-content\/uploads\/2022\/03\/buy-phenida-10mg-pills-online.jpg\" \/>\n\t<meta property=\"og:image:width\" content=\"600\" \/>\n\t<meta property=\"og:image:height\" content=\"600\" \/>\n\t<meta property=\"og:image:type\" content=\"image\/jpeg\" \/>\n<meta name=\"twitter:card\" content=\"summary_large_image\" \/>\n<meta name=\"twitter:label1\" content=\"Estimeret l\u00e6setid\" \/>\n\t<meta name=\"twitter:data1\" content=\"1 minut\" \/>\n<script type=\"application\/ld+json\" class=\"yoast-schema-graph\">{\"@context\":\"https:\/\/schema.org\",\"@graph\":[{\"@type\":\"WebPage\",\"@id\":\"https:\/\/trustwhite.com\/shop\/buy-phenida-10mg-pills-online\/\",\"url\":\"https:\/\/trustwhite.com\/shop\/buy-phenida-10mg-pills-online\/\",\"name\":\"Buy phenida Online Wholesale India, Phenida 10mg Supplier, Exporter\",\"isPartOf\":{\"@id\":\"https:\/\/trustwhite.com\/el\/#website\"},\"primaryImageOfPage\":{\"@id\":\"https:\/\/trustwhite.com\/shop\/buy-phenida-10mg-pills-online\/#primaryimage\"},\"image\":{\"@id\":\"https:\/\/trustwhite.com\/shop\/buy-phenida-10mg-pills-online\/#primaryimage\"},\"thumbnailUrl\":\"https:\/\/trustwhite.com\/wp-content\/uploads\/2022\/03\/buy-phenida-10mg-pills-online.jpg\",\"datePublished\":\"2022-03-12T04:03:56+00:00\",\"dateModified\":\"2022-12-21T19:43:35+00:00\",\"description\":\"Buy phenida Online 30mg No prescription needed Cheap from trusted online pharmacies. Phenida Online fast shipping over night delivery\",\"breadcrumb\":{\"@id\":\"https:\/\/trustwhite.com\/shop\/buy-phenida-10mg-pills-online\/#breadcrumb\"},\"inLanguage\":\"da-DK\",\"potentialAction\":[{\"@type\":\"ReadAction\",\"target\":[\"https:\/\/trustwhite.com\/shop\/buy-phenida-10mg-pills-online\/\"]}]},{\"@type\":\"ImageObject\",\"inLanguage\":\"da-DK\",\"@id\":\"https:\/\/trustwhite.com\/shop\/buy-phenida-10mg-pills-online\/#primaryimage\",\"url\":\"https:\/\/trustwhite.com\/wp-content\/uploads\/2022\/03\/buy-phenida-10mg-pills-online.jpg\",\"contentUrl\":\"https:\/\/trustwhite.com\/wp-content\/uploads\/2022\/03\/buy-phenida-10mg-pills-online.jpg\",\"width\":600,\"height\":600},{\"@type\":\"BreadcrumbList\",\"@id\":\"https:\/\/trustwhite.com\/shop\/buy-phenida-10mg-pills-online\/#breadcrumb\",\"itemListElement\":[{\"@type\":\"ListItem\",\"position\":1,\"name\":\"Home\",\"item\":\"https:\/\/trustwhite.com\/el\/\"},{\"@type\":\"ListItem\",\"position\":2,\"name\":\"Shop\",\"item\":\"https:\/\/trustwhite.com\/el\/shop\/\"},{\"@type\":\"ListItem\",\"position\":3,\"name\":\"Buy Phenida 10mg Pills online\"}]},{\"@type\":\"WebSite\",\"@id\":\"https:\/\/trustwhite.com\/el\/#website\",\"url\":\"https:\/\/trustwhite.com\/el\/\",\"name\":\"stonersmeds.com\",\"description\":\"verschreibungspflichtige Medizin kaufen\",\"potentialAction\":[{\"@type\":\"SearchAction\",\"target\":{\"@type\":\"EntryPoint\",\"urlTemplate\":\"https:\/\/trustwhite.com\/el\/?s={search_term_string}\"},\"query-input\":{\"@type\":\"PropertyValueSpecification\",\"valueRequired\":true,\"valueName\":\"search_term_string\"}}],\"inLanguage\":\"da-DK\"}]}<\/script>\n<!-- \/ Yoast SEO plugin. -->","yoast_head_json":{"title":"K\u00f8b phenida Online Engros Indien, Phenida 10mg Leverand\u00f8r, Eksport\u00f8r","description":"K\u00f8b phenida Online 30mg Ingen recept er n\u00f8dvendig Billig fra p\u00e5lidelige online-apoteker. Phenida Online hurtig forsendelse over natten levering","robots":{"index":"index","follow":"follow","max-snippet":"max-snippet:-1","max-image-preview":"max-image-preview:large","max-video-preview":"max-video-preview:-1"},"canonical":"https:\/\/trustwhite.com\/da\/shop\/buy-phenida-10mg-pills-online\/","og_locale":"da_DK","og_type":"article","og_title":"Buy phenida Online Wholesale India, Phenida 10mg Supplier, Exporter","og_description":"Buy phenida Online 30mg No prescription needed Cheap from trusted online pharmacies. Phenida Online fast shipping over night delivery","og_url":"https:\/\/trustwhite.com\/da\/shop\/buy-phenida-10mg-pills-online\/","og_site_name":"stonersmeds.com","article_modified_time":"2022-12-21T19:43:35+00:00","og_image":[{"width":600,"height":600,"url":"https:\/\/trustwhite.com\/wp-content\/uploads\/2022\/03\/buy-phenida-10mg-pills-online.jpg","type":"image\/jpeg"}],"twitter_card":"summary_large_image","twitter_misc":{"Estimeret l\u00e6setid":"1 minut"},"schema":{"@context":"https:\/\/schema.org","@graph":[{"@type":"WebPage","@id":"https:\/\/trustwhite.com\/shop\/buy-phenida-10mg-pills-online\/","url":"https:\/\/trustwhite.com\/shop\/buy-phenida-10mg-pills-online\/","name":"K\u00f8b phenida Online Engros Indien, Phenida 10mg Leverand\u00f8r, Eksport\u00f8r","isPartOf":{"@id":"https:\/\/trustwhite.com\/el\/#website"},"primaryImageOfPage":{"@id":"https:\/\/trustwhite.com\/shop\/buy-phenida-10mg-pills-online\/#primaryimage"},"image":{"@id":"https:\/\/trustwhite.com\/shop\/buy-phenida-10mg-pills-online\/#primaryimage"},"thumbnailUrl":"https:\/\/trustwhite.com\/wp-content\/uploads\/2022\/03\/buy-phenida-10mg-pills-online.jpg","datePublished":"2022-03-12T04:03:56+00:00","dateModified":"2022-12-21T19:43:35+00:00","description":"K\u00f8b phenida Online 30mg Ingen recept er n\u00f8dvendig Billig fra p\u00e5lidelige online-apoteker. Phenida Online hurtig forsendelse over natten levering","breadcrumb":{"@id":"https:\/\/trustwhite.com\/shop\/buy-phenida-10mg-pills-online\/#breadcrumb"},"inLanguage":"da-DK","potentialAction":[{"@type":"ReadAction","target":["https:\/\/trustwhite.com\/shop\/buy-phenida-10mg-pills-online\/"]}]},{"@type":"ImageObject","inLanguage":"da-DK","@id":"https:\/\/trustwhite.com\/shop\/buy-phenida-10mg-pills-online\/#primaryimage","url":"https:\/\/trustwhite.com\/wp-content\/uploads\/2022\/03\/buy-phenida-10mg-pills-online.jpg","contentUrl":"https:\/\/trustwhite.com\/wp-content\/uploads\/2022\/03\/buy-phenida-10mg-pills-online.jpg","width":600,"height":600},{"@type":"BreadcrumbList","@id":"https:\/\/trustwhite.com\/shop\/buy-phenida-10mg-pills-online\/#breadcrumb","itemListElement":[{"@type":"ListItem","position":1,"name":"Home","item":"https:\/\/trustwhite.com\/el\/"},{"@type":"ListItem","position":2,"name":"Shop","item":"https:\/\/trustwhite.com\/el\/shop\/"},{"@type":"ListItem","position":3,"name":"Buy Phenida 10mg Pills online"}]},{"@type":"WebSite","@id":"https:\/\/trustwhite.com\/el\/#website","url":"https:\/\/trustwhite.com\/el\/","name":"stonersmeds.com","description":"Verschreibungspflichtige Medizin kaufen","potentialAction":[{"@type":"SearchAction","target":{"@type":"EntryPoint","urlTemplate":"https:\/\/trustwhite.com\/el\/?s={search_term_string}"},"query-input":{"@type":"PropertyValueSpecification","valueRequired":true,"valueName":"search_term_string"}}],"inLanguage":"da-DK"}]}},"_links":{"self":[{"href":"https:\/\/trustwhite.com\/da\/wp-json\/wp\/v2\/product\/10005","targetHints":{"allow":["GET"]}}],"collection":[{"href":"https:\/\/trustwhite.com\/da\/wp-json\/wp\/v2\/product"}],"about":[{"href":"https:\/\/trustwhite.com\/da\/wp-json\/wp\/v2\/types\/product"}],"version-history":[{"count":0,"href":"https:\/\/trustwhite.com\/da\/wp-json\/wp\/v2\/product\/10005\/revisions"}],"wp:featuredmedia":[{"embeddable":true,"href":"https:\/\/trustwhite.com\/da\/wp-json\/wp\/v2\/media\/10010"}],"wp:attachment":[{"href":"https:\/\/trustwhite.com\/da\/wp-json\/wp\/v2\/media?parent=10005"}],"wp:term":[{"taxonomy":"product_brand","embeddable":true,"href":"https:\/\/trustwhite.com\/da\/wp-json\/wp\/v2\/product_brand?post=10005"},{"taxonomy":"product_cat","embeddable":true,"href":"https:\/\/trustwhite.com\/da\/wp-json\/wp\/v2\/product_cat?post=10005"},{"taxonomy":"product_tag","embeddable":true,"href":"https:\/\/trustwhite.com\/da\/wp-json\/wp\/v2\/product_tag?post=10005"}],"curies":[{"name":"wp","href":"https:\/\/api.w.org\/{rel}","templated":true}]}}