{"id":9905,"date":"2022-03-12T03:21:46","date_gmt":"2022-03-12T03:21:46","guid":{"rendered":"https:\/\/stonersmeds.com\/?post_type=product&#038;p=9905"},"modified":"2022-12-24T06:01:39","modified_gmt":"2022-12-24T04:01:39","slug":"buy-lioresal-baclofen-25mg-pills-online","status":"publish","type":"product","link":"https:\/\/trustwhite.com\/cs\/shop\/buy-lioresal-baclofen-25mg-pills-online\/","title":{"rendered":"Koupit Lioresal Baclofen 25mg pilulky online"},"content":{"rendered":"<h1>Koupit baclofen online (Lioresal Baclofen 25mg pilulky online).<\/h1>\n<p>Tento l\u00e9k p\u016fsob\u00ed na m\u00edchu a sni\u017euje z\u00e1va\u017enost a opakov\u00e1n\u00ed svalov\u00fdch k\u0159e\u010d\u00ed zp\u016fsoben\u00fdch roztrou\u0161enou skler\u00f3zou nebo onemocn\u011bn\u00edm m\u00edchy. Rovn\u011b\u017e sni\u017euje bolest a zlep\u0161uje pohyblivost sval\u016f. Baklofen p\u016fsob\u00ed na mozek a m\u00edchu a zm\u00edr\u0148uje svalovou ztuhlost nebo k\u0159e\u010de, co\u017e pom\u00e1h\u00e1 udr\u017eovat svalovou s\u00edlu. T\u00edm se zm\u00edrn\u00ed bolest a zlep\u0161\u00ed pohyb sval\u016f.<\/p>\n<div><\/div>\n<div><\/div>\n<div><\/div>\n<pre><strong>Koupit Lioresal Baclofen 25mg pilulky online - koupit Lioresal , koupit Lioresal Baclofen 25mg pilulky , koupit Baclofen pilulky online, kde koupit Lioresal Baclofen 25mg pilulky , Lioresal Baclofen 25mg pilulky na prodej, Lioresal Baclofen na prodej, koupit Baclofen 25mg pilulky online, kde koupit Lioresal Baclofen 25mg pilulky online, Lioresal Baclofen 25mg pilulky na prodej v usa , USA, kanada,uk, koupit, online, dodavatel\u00e9, bezpe\u010dn\u00e9 doru\u010den\u00ed, st\u00e1le m\u016f\u017eete z\u00edskat Lioresal Baclofen 25mg pilulky , Is Lioresal Baclofen 25mg pills legal in usa, buy Lioresal Baclofen 25mg pills online usa, how to order Lioresal Baclofen 25mg pills , Is Lioresal Baclofen 25mg pills legal in Canada<\/strong><\/pre>","protected":false},"excerpt":{"rendered":"<p>Koupit Lioresal Baclofen 25 mg pilulky online.\u00a0<em>Baklofen<\/em>\u00a03d vzorec\u00a0<em>Lioresal tablety<\/em>\u00a0by se m\u011bl u\u017e\u00edvat \u00fasty a zap\u00edjet j\u00eddlem. Po\u010d\u00e1te\u010dn\u00ed d\u00e1vka je 5 mg 3x denn\u011b.<\/p>\n<p>&nbsp;<\/p>\n<pre><\/pre>","protected":false},"featured_media":9914,"template":"","meta":[],"product_brand":[],"product_cat":[769,77,771,770],"product_tag":[1184,1186,1183,1189,1188,1191,1195,1187,1193,1194,1196,1192,1190,1185],"class_list":{"0":"post-9905","1":"product","2":"type-product","3":"status-publish","4":"has-post-thumbnail","6":"product_cat-pain-pills","7":"product_cat-pain-sleeping-sex-pills","8":"product_cat-sex-pills","9":"product_cat-sleeping-pills","10":"product_tag-baclofen-10-mg-buy-online","11":"product_tag-baclofen-20-mg-online","12":"product_tag-baclofen-buy-online","13":"product_tag-baclofen-dosage","14":"product_tag-baclofen-online-reddit","15":"product_tag-baclofen-otc","16":"product_tag-baclofen-over-the-counter-uk","17":"product_tag-baclofen-over-the-counter-usa","18":"product_tag-buy-baclofen-20-mg","19":"product_tag-buy-baclofen-online","20":"product_tag-buy-baclofen-uk","21":"product_tag-is-baclofen-a-controlled-substance","22":"product_tag-is-baclofen-a-narcotic","23":"product_tag-over-the-counter-substitute-for-baclofen","25":"first","26":"instock","27":"shipping-taxable","28":"purchasable","29":"product-type-variable"},"tiered_pricing_type":"fixed","tiered_pricing_fixed_rules":[],"tiered_pricing_percentage_rules":[],"tiered_pricing_minimum":1,"_administrator_tiered_pricing_type":"fixed","_administrator_tiered_pricing_fixed_rules":[],"_editor_tiered_pricing_type":"fixed","_editor_tiered_pricing_fixed_rules":[],"_author_tiered_pricing_type":"fixed","_author_tiered_pricing_fixed_rules":[],"_contributor_tiered_pricing_type":"fixed","_contributor_tiered_pricing_fixed_rules":[],"_subscriber_tiered_pricing_type":"fixed","_subscriber_tiered_pricing_fixed_rules":[],"_customer_tiered_pricing_type":"fixed","_customer_tiered_pricing_fixed_rules":[],"_shop_manager_tiered_pricing_type":"fixed","_shop_manager_tiered_pricing_fixed_rules":[],"_wpseo_manager_tiered_pricing_type":"fixed","_wpseo_manager_tiered_pricing_fixed_rules":[],"_wpseo_editor_tiered_pricing_type":"fixed","_wpseo_editor_tiered_pricing_fixed_rules":[],"yoast_head":"<!-- This site is optimized with the Yoast SEO plugin v26.8 - https:\/\/yoast.com\/product\/yoast-seo-wordpress\/ -->\n<title>Buy Lioresal Baclofen 25mg no prescription, fast delivery<\/title>\n<meta name=\"description\" content=\"Buy Lioresal Baclofen 25mg, Order safely &amp; maintain your privacy No prescription necessary Discreet standard shipping at Low prices.\" \/>\n<meta name=\"robots\" content=\"index, follow, max-snippet:-1, max-image-preview:large, max-video-preview:-1\" \/>\n<link rel=\"canonical\" href=\"https:\/\/trustwhite.com\/cs\/shop\/buy-lioresal-baclofen-25mg-pills-online\/\" \/>\n<meta property=\"og:locale\" content=\"cs_CZ\" \/>\n<meta property=\"og:type\" content=\"article\" \/>\n<meta property=\"og:title\" content=\"Buy Lioresal Baclofen 25mg no prescription, fast delivery\" \/>\n<meta property=\"og:description\" content=\"Buy Lioresal Baclofen 25mg, Order safely &amp; maintain your privacy No prescription necessary Discreet standard shipping at Low prices.\" \/>\n<meta property=\"og:url\" content=\"https:\/\/trustwhite.com\/cs\/shop\/buy-lioresal-baclofen-25mg-pills-online\/\" \/>\n<meta property=\"og:site_name\" content=\"stonersmeds.com\" \/>\n<meta property=\"article:modified_time\" content=\"2022-12-24T04:01:39+00:00\" \/>\n<meta property=\"og:image\" content=\"https:\/\/trustwhite.com\/wp-content\/uploads\/2022\/03\/buy-lioresal-baclofen-25mg-pills-online.jpg\" \/>\n\t<meta property=\"og:image:width\" content=\"600\" \/>\n\t<meta property=\"og:image:height\" content=\"600\" \/>\n\t<meta property=\"og:image:type\" content=\"image\/jpeg\" \/>\n<meta name=\"twitter:card\" content=\"summary_large_image\" \/>\n<meta name=\"twitter:label1\" content=\"Odhadovan\u00e1 doba \u010dten\u00ed\" \/>\n\t<meta name=\"twitter:data1\" content=\"1 minuta\" \/>\n<script type=\"application\/ld+json\" class=\"yoast-schema-graph\">{\"@context\":\"https:\/\/schema.org\",\"@graph\":[{\"@type\":\"WebPage\",\"@id\":\"https:\/\/trustwhite.com\/shop\/buy-lioresal-baclofen-25mg-pills-online\/\",\"url\":\"https:\/\/trustwhite.com\/shop\/buy-lioresal-baclofen-25mg-pills-online\/\",\"name\":\"Buy Lioresal Baclofen 25mg no prescription, fast delivery\",\"isPartOf\":{\"@id\":\"https:\/\/trustwhite.com\/el\/#website\"},\"primaryImageOfPage\":{\"@id\":\"https:\/\/trustwhite.com\/shop\/buy-lioresal-baclofen-25mg-pills-online\/#primaryimage\"},\"image\":{\"@id\":\"https:\/\/trustwhite.com\/shop\/buy-lioresal-baclofen-25mg-pills-online\/#primaryimage\"},\"thumbnailUrl\":\"https:\/\/trustwhite.com\/wp-content\/uploads\/2022\/03\/buy-lioresal-baclofen-25mg-pills-online.jpg\",\"datePublished\":\"2022-03-12T03:21:46+00:00\",\"dateModified\":\"2022-12-24T04:01:39+00:00\",\"description\":\"Buy Lioresal Baclofen 25mg, Order safely & maintain your privacy No prescription necessary Discreet standard shipping at Low prices.\",\"breadcrumb\":{\"@id\":\"https:\/\/trustwhite.com\/shop\/buy-lioresal-baclofen-25mg-pills-online\/#breadcrumb\"},\"inLanguage\":\"cs\",\"potentialAction\":[{\"@type\":\"ReadAction\",\"target\":[\"https:\/\/trustwhite.com\/shop\/buy-lioresal-baclofen-25mg-pills-online\/\"]}]},{\"@type\":\"ImageObject\",\"inLanguage\":\"cs\",\"@id\":\"https:\/\/trustwhite.com\/shop\/buy-lioresal-baclofen-25mg-pills-online\/#primaryimage\",\"url\":\"https:\/\/trustwhite.com\/wp-content\/uploads\/2022\/03\/buy-lioresal-baclofen-25mg-pills-online.jpg\",\"contentUrl\":\"https:\/\/trustwhite.com\/wp-content\/uploads\/2022\/03\/buy-lioresal-baclofen-25mg-pills-online.jpg\",\"width\":600,\"height\":600},{\"@type\":\"BreadcrumbList\",\"@id\":\"https:\/\/trustwhite.com\/shop\/buy-lioresal-baclofen-25mg-pills-online\/#breadcrumb\",\"itemListElement\":[{\"@type\":\"ListItem\",\"position\":1,\"name\":\"Home\",\"item\":\"https:\/\/trustwhite.com\/el\/\"},{\"@type\":\"ListItem\",\"position\":2,\"name\":\"Shop\",\"item\":\"https:\/\/trustwhite.com\/el\/shop\/\"},{\"@type\":\"ListItem\",\"position\":3,\"name\":\"Buy Lioresal Baclofen 25mg pills online\"}]},{\"@type\":\"WebSite\",\"@id\":\"https:\/\/trustwhite.com\/el\/#website\",\"url\":\"https:\/\/trustwhite.com\/el\/\",\"name\":\"stonersmeds.com\",\"description\":\"verschreibungspflichtige Medizin kaufen\",\"potentialAction\":[{\"@type\":\"SearchAction\",\"target\":{\"@type\":\"EntryPoint\",\"urlTemplate\":\"https:\/\/trustwhite.com\/el\/?s={search_term_string}\"},\"query-input\":{\"@type\":\"PropertyValueSpecification\",\"valueRequired\":true,\"valueName\":\"search_term_string\"}}],\"inLanguage\":\"cs\"}]}<\/script>\n<!-- \/ Yoast SEO plugin. -->","yoast_head_json":{"title":"Koupit Lioresal Baclofen 25mg bez l\u00e9ka\u0159sk\u00e9ho p\u0159edpisu, rychl\u00e9 dod\u00e1n\u00ed","description":"Koupit Lioresal Baclofen 25mg, Objedn\u00e1vejte bezpe\u010dn\u011b a zachovejte si soukrom\u00ed Nen\u00ed nutn\u00fd l\u00e9ka\u0159sk\u00fd p\u0159edpis Diskr\u00e9tn\u00ed standardn\u00ed doprava za n\u00edzk\u00e9 ceny.","robots":{"index":"index","follow":"follow","max-snippet":"max-snippet:-1","max-image-preview":"max-image-preview:large","max-video-preview":"max-video-preview:-1"},"canonical":"https:\/\/trustwhite.com\/cs\/shop\/buy-lioresal-baclofen-25mg-pills-online\/","og_locale":"cs_CZ","og_type":"article","og_title":"Buy Lioresal Baclofen 25mg no prescription, fast delivery","og_description":"Buy Lioresal Baclofen 25mg, Order safely & maintain your privacy No prescription necessary Discreet standard shipping at Low prices.","og_url":"https:\/\/trustwhite.com\/cs\/shop\/buy-lioresal-baclofen-25mg-pills-online\/","og_site_name":"stonersmeds.com","article_modified_time":"2022-12-24T04:01:39+00:00","og_image":[{"width":600,"height":600,"url":"https:\/\/trustwhite.com\/wp-content\/uploads\/2022\/03\/buy-lioresal-baclofen-25mg-pills-online.jpg","type":"image\/jpeg"}],"twitter_card":"summary_large_image","twitter_misc":{"Odhadovan\u00e1 doba \u010dten\u00ed":"1 minuta"},"schema":{"@context":"https:\/\/schema.org","@graph":[{"@type":"WebPage","@id":"https:\/\/trustwhite.com\/shop\/buy-lioresal-baclofen-25mg-pills-online\/","url":"https:\/\/trustwhite.com\/shop\/buy-lioresal-baclofen-25mg-pills-online\/","name":"Koupit Lioresal Baclofen 25mg bez l\u00e9ka\u0159sk\u00e9ho p\u0159edpisu, rychl\u00e9 dod\u00e1n\u00ed","isPartOf":{"@id":"https:\/\/trustwhite.com\/el\/#website"},"primaryImageOfPage":{"@id":"https:\/\/trustwhite.com\/shop\/buy-lioresal-baclofen-25mg-pills-online\/#primaryimage"},"image":{"@id":"https:\/\/trustwhite.com\/shop\/buy-lioresal-baclofen-25mg-pills-online\/#primaryimage"},"thumbnailUrl":"https:\/\/trustwhite.com\/wp-content\/uploads\/2022\/03\/buy-lioresal-baclofen-25mg-pills-online.jpg","datePublished":"2022-03-12T03:21:46+00:00","dateModified":"2022-12-24T04:01:39+00:00","description":"Koupit Lioresal Baclofen 25mg, Objedn\u00e1vejte bezpe\u010dn\u011b a zachovejte si soukrom\u00ed Nen\u00ed nutn\u00fd l\u00e9ka\u0159sk\u00fd p\u0159edpis Diskr\u00e9tn\u00ed standardn\u00ed doprava za n\u00edzk\u00e9 ceny.","breadcrumb":{"@id":"https:\/\/trustwhite.com\/shop\/buy-lioresal-baclofen-25mg-pills-online\/#breadcrumb"},"inLanguage":"cs","potentialAction":[{"@type":"ReadAction","target":["https:\/\/trustwhite.com\/shop\/buy-lioresal-baclofen-25mg-pills-online\/"]}]},{"@type":"ImageObject","inLanguage":"cs","@id":"https:\/\/trustwhite.com\/shop\/buy-lioresal-baclofen-25mg-pills-online\/#primaryimage","url":"https:\/\/trustwhite.com\/wp-content\/uploads\/2022\/03\/buy-lioresal-baclofen-25mg-pills-online.jpg","contentUrl":"https:\/\/trustwhite.com\/wp-content\/uploads\/2022\/03\/buy-lioresal-baclofen-25mg-pills-online.jpg","width":600,"height":600},{"@type":"BreadcrumbList","@id":"https:\/\/trustwhite.com\/shop\/buy-lioresal-baclofen-25mg-pills-online\/#breadcrumb","itemListElement":[{"@type":"ListItem","position":1,"name":"Home","item":"https:\/\/trustwhite.com\/el\/"},{"@type":"ListItem","position":2,"name":"Shop","item":"https:\/\/trustwhite.com\/el\/shop\/"},{"@type":"ListItem","position":3,"name":"Buy Lioresal Baclofen 25mg pills online"}]},{"@type":"WebSite","@id":"https:\/\/trustwhite.com\/el\/#website","url":"https:\/\/trustwhite.com\/el\/","name":"stonersmeds.com","description":"verschreibungspflichtige Medizin kaufen","potentialAction":[{"@type":"SearchAction","target":{"@type":"EntryPoint","urlTemplate":"https:\/\/trustwhite.com\/el\/?s={search_term_string}"},"query-input":{"@type":"PropertyValueSpecification","valueRequired":true,"valueName":"search_term_string"}}],"inLanguage":"cs"}]}},"_links":{"self":[{"href":"https:\/\/trustwhite.com\/cs\/wp-json\/wp\/v2\/product\/9905","targetHints":{"allow":["GET"]}}],"collection":[{"href":"https:\/\/trustwhite.com\/cs\/wp-json\/wp\/v2\/product"}],"about":[{"href":"https:\/\/trustwhite.com\/cs\/wp-json\/wp\/v2\/types\/product"}],"version-history":[{"count":0,"href":"https:\/\/trustwhite.com\/cs\/wp-json\/wp\/v2\/product\/9905\/revisions"}],"wp:featuredmedia":[{"embeddable":true,"href":"https:\/\/trustwhite.com\/cs\/wp-json\/wp\/v2\/media\/9914"}],"wp:attachment":[{"href":"https:\/\/trustwhite.com\/cs\/wp-json\/wp\/v2\/media?parent=9905"}],"wp:term":[{"taxonomy":"product_brand","embeddable":true,"href":"https:\/\/trustwhite.com\/cs\/wp-json\/wp\/v2\/product_brand?post=9905"},{"taxonomy":"product_cat","embeddable":true,"href":"https:\/\/trustwhite.com\/cs\/wp-json\/wp\/v2\/product_cat?post=9905"},{"taxonomy":"product_tag","embeddable":true,"href":"https:\/\/trustwhite.com\/cs\/wp-json\/wp\/v2\/product_tag?post=9905"}],"curies":[{"name":"wp","href":"https:\/\/api.w.org\/{rel}","templated":true}]}}