{"id":9870,"date":"2022-03-12T03:00:26","date_gmt":"2022-03-12T03:00:26","guid":{"rendered":"https:\/\/stonersmeds.com\/?post_type=product&#038;p=9870"},"modified":"2022-12-24T06:01:07","modified_gmt":"2022-12-24T04:01:07","slug":"buy-imovane-zopiclone-pills-online","status":"publish","type":"product","link":"https:\/\/trustwhite.com\/cs\/shop\/buy-imovane-zopiclone-pills-online\/","title":{"rendered":"Koupit pilulky Imovane Zopiclone online"},"content":{"rendered":"<h1>Koupit Imovane Zopiclone pilulky online.<\/h1>\n<p>Zopiklon je sedativum a hypnotikum z farmakologick\u00e9 skupiny l\u00e9\u010div, jako jsou benzodiazepiny. Tento l\u00e9k se pou\u017e\u00edv\u00e1 k l\u00e9\u010db\u011b nespavosti, kr\u00e1tkodob\u00e9 \u00falev\u011b a k l\u00e9\u010db\u011b p\u0159\u00edznak\u016f r\u016fzn\u00fdch poruch sp\u00e1nku. M\u016f\u017ee pomoci p\u0159i pot\u00ed\u017e\u00edch s us\u00edn\u00e1n\u00edm, \u010dast\u00e9m no\u010dn\u00edm probouzen\u00ed nebo p\u0159i \u010dasn\u00e9m vst\u00e1v\u00e1n\u00ed. Zopiklon m\u00e1 tak\u00e9 sedativn\u00ed, anxiolytick\u00e9, centr\u00e1ln\u011b uvol\u0148uj\u00edc\u00ed svalstvo, antikonvulzivn\u00ed a amn\u00e9ziov\u00e9 vlastnosti.<\/p>\n<div><\/div>\n<div><\/div>\n<div><\/div>\n<div><\/div>\n<pre><strong>Buy Imovane Zopiclone pills online - koupit Zopiclone , koupit Imovane Zopiclone pills , koupit Imovane Zopiclone online, Kde koupit Imovane Zopiclone pills , Imovane Zopiclone pills for sale, Zopiclone pills for sale, koupit Zopiclone pills online, kde koupit Imovane Zopiclone pills online, Imovane Zopiclone pills for sale in usa , USA, canada,uk, buy, online, suppliers, safe delivery, You can still get Imovane Zopiclone pills , Is Imovane Zopiclone pills legal in usa, buy Imovane Zopiclone pills online usa, how to order Imovane Zopiclone pills , Is Imovane Zopiclone pills legal in Canada<\/strong><\/pre>","protected":false},"excerpt":{"rendered":"<p>Koupit Imovane Zopiclone pilulky online.\u00a0\u00a0<em>Imovane<\/em>: Zopiklon pat\u0159\u00ed do skupiny l\u00e9k\u016f naz\u00fdvan\u00fdch sedativa.<wbr \/>hypnotika. Pou\u017e\u00edv\u00e1 se ke kr\u00e1tkodob\u00e9 a symptomatick\u00e9 \u00falev\u011b od poruch sp\u00e1nku.<\/p>\n<pre><\/pre>","protected":false},"featured_media":9879,"template":"","meta":[],"product_brand":[],"product_cat":[77,770],"product_tag":[1215,1211,1216,1229,1217,1220,1227,1212,1219,1223,1226,1225,1224,1222,1228,1218,1213,1214,1221],"class_list":{"0":"post-9870","1":"product","2":"type-product","3":"status-publish","4":"has-post-thumbnail","6":"product_cat-pain-sleeping-sex-pills","7":"product_cat-sleeping-pills","8":"product_tag-buy-blue-zopiclone","9":"product_tag-buy-zopiclone-7-5mg-tablets-next-day-delivery","10":"product_tag-buy-zopiclone-7-5mg-uk","11":"product_tag-buy-zopiclone-online","12":"product_tag-buy-zopiclone-singapore","13":"product_tag-ebay-zopiclone","14":"product_tag-hab-zopiclone-10mg","15":"product_tag-how-much-is-zopiclone","16":"product_tag-sleeping-pills-uk-zopiclone","17":"product_tag-zolpidem-10-mg-price","18":"product_tag-zolpidem-10-mg-price-walmart","19":"product_tag-zopiclone-10mg-fake","20":"product_tag-zopiclone-10mg-for-sale","21":"product_tag-zopiclone-10mg-price","22":"product_tag-zopiclone-10mg-reviews","23":"product_tag-zopiclone-7-5mg-price","24":"product_tag-zopiclone-amazon","25":"product_tag-zopiclone-buy","26":"product_tag-zopiclone-suppliers","28":"first","29":"instock","30":"shipping-taxable","31":"purchasable","32":"product-type-variable"},"tiered_pricing_type":"fixed","tiered_pricing_fixed_rules":[],"tiered_pricing_percentage_rules":[],"tiered_pricing_minimum":1,"_administrator_tiered_pricing_type":"fixed","_administrator_tiered_pricing_fixed_rules":[],"_editor_tiered_pricing_type":"fixed","_editor_tiered_pricing_fixed_rules":[],"_author_tiered_pricing_type":"fixed","_author_tiered_pricing_fixed_rules":[],"_contributor_tiered_pricing_type":"fixed","_contributor_tiered_pricing_fixed_rules":[],"_subscriber_tiered_pricing_type":"fixed","_subscriber_tiered_pricing_fixed_rules":[],"_customer_tiered_pricing_type":"fixed","_customer_tiered_pricing_fixed_rules":[],"_shop_manager_tiered_pricing_type":"fixed","_shop_manager_tiered_pricing_fixed_rules":[],"_wpseo_manager_tiered_pricing_type":"fixed","_wpseo_manager_tiered_pricing_fixed_rules":[],"_wpseo_editor_tiered_pricing_type":"fixed","_wpseo_editor_tiered_pricing_fixed_rules":[],"yoast_head":"<!-- This site is optimized with the Yoast SEO plugin v26.8 - https:\/\/yoast.com\/product\/yoast-seo-wordpress\/ -->\n<title>Buy Imovane Zopiclone Fast and safe delivery worldwide<\/title>\n<meta name=\"description\" content=\"Buy Imovane Zopiclone, Order safely &amp; maintain your privacy No prescription necessary Discreet standard shipping at Low prices.\" \/>\n<meta name=\"robots\" content=\"index, follow, max-snippet:-1, max-image-preview:large, max-video-preview:-1\" \/>\n<link rel=\"canonical\" href=\"https:\/\/trustwhite.com\/cs\/shop\/buy-imovane-zopiclone-pills-online\/\" \/>\n<meta property=\"og:locale\" content=\"cs_CZ\" \/>\n<meta property=\"og:type\" content=\"article\" \/>\n<meta property=\"og:title\" content=\"Buy Imovane Zopiclone Fast and safe delivery worldwide\" \/>\n<meta property=\"og:description\" content=\"Buy Imovane Zopiclone, Order safely &amp; maintain your privacy No prescription necessary Discreet standard shipping at Low prices.\" \/>\n<meta property=\"og:url\" content=\"https:\/\/trustwhite.com\/cs\/shop\/buy-imovane-zopiclone-pills-online\/\" \/>\n<meta property=\"og:site_name\" content=\"stonersmeds.com\" \/>\n<meta property=\"article:modified_time\" content=\"2022-12-24T04:01:07+00:00\" \/>\n<meta property=\"og:image\" content=\"https:\/\/trustwhite.com\/wp-content\/uploads\/2022\/03\/buy-imovane-zopiclone-pills-online.jpg\" \/>\n\t<meta property=\"og:image:width\" content=\"600\" \/>\n\t<meta property=\"og:image:height\" content=\"600\" \/>\n\t<meta property=\"og:image:type\" content=\"image\/jpeg\" \/>\n<meta name=\"twitter:card\" content=\"summary_large_image\" \/>\n<meta name=\"twitter:label1\" content=\"Odhadovan\u00e1 doba \u010dten\u00ed\" \/>\n\t<meta name=\"twitter:data1\" content=\"1 minuta\" \/>\n<script type=\"application\/ld+json\" class=\"yoast-schema-graph\">{\"@context\":\"https:\/\/schema.org\",\"@graph\":[{\"@type\":[\"WebPage\",\"ItemPage\"],\"@id\":\"https:\/\/trustwhite.com\/shop\/buy-imovane-zopiclone-pills-online\/\",\"url\":\"https:\/\/trustwhite.com\/shop\/buy-imovane-zopiclone-pills-online\/\",\"name\":\"Buy Imovane Zopiclone Fast and safe delivery worldwide\",\"isPartOf\":{\"@id\":\"https:\/\/trustwhite.com\/el\/#website\"},\"primaryImageOfPage\":{\"@id\":\"https:\/\/trustwhite.com\/shop\/buy-imovane-zopiclone-pills-online\/#primaryimage\"},\"image\":{\"@id\":\"https:\/\/trustwhite.com\/shop\/buy-imovane-zopiclone-pills-online\/#primaryimage\"},\"thumbnailUrl\":\"https:\/\/trustwhite.com\/wp-content\/uploads\/2022\/03\/buy-imovane-zopiclone-pills-online.jpg\",\"datePublished\":\"2022-03-12T03:00:26+00:00\",\"dateModified\":\"2022-12-24T04:01:07+00:00\",\"description\":\"Buy Imovane Zopiclone, Order safely & maintain your privacy No prescription necessary Discreet standard shipping at Low prices.\",\"breadcrumb\":{\"@id\":\"https:\/\/trustwhite.com\/shop\/buy-imovane-zopiclone-pills-online\/#breadcrumb\"},\"inLanguage\":\"cs\",\"potentialAction\":[{\"@type\":\"ReadAction\",\"target\":[\"https:\/\/trustwhite.com\/shop\/buy-imovane-zopiclone-pills-online\/\"]}]},{\"@type\":\"ImageObject\",\"inLanguage\":\"cs\",\"@id\":\"https:\/\/trustwhite.com\/shop\/buy-imovane-zopiclone-pills-online\/#primaryimage\",\"url\":\"https:\/\/trustwhite.com\/wp-content\/uploads\/2022\/03\/buy-imovane-zopiclone-pills-online.jpg\",\"contentUrl\":\"https:\/\/trustwhite.com\/wp-content\/uploads\/2022\/03\/buy-imovane-zopiclone-pills-online.jpg\",\"width\":600,\"height\":600},{\"@type\":\"BreadcrumbList\",\"@id\":\"https:\/\/trustwhite.com\/shop\/buy-imovane-zopiclone-pills-online\/#breadcrumb\",\"itemListElement\":[{\"@type\":\"ListItem\",\"position\":1,\"name\":\"Home\",\"item\":\"https:\/\/trustwhite.com\/el\/\"},{\"@type\":\"ListItem\",\"position\":2,\"name\":\"Shop\",\"item\":\"https:\/\/trustwhite.com\/el\/shop\/\"},{\"@type\":\"ListItem\",\"position\":3,\"name\":\"Buy Imovane Zopiclone pills online\"}]},{\"@type\":\"WebSite\",\"@id\":\"https:\/\/trustwhite.com\/el\/#website\",\"url\":\"https:\/\/trustwhite.com\/el\/\",\"name\":\"stonersmeds.com\",\"description\":\"verschreibungspflichtige Medizin kaufen\",\"potentialAction\":[{\"@type\":\"SearchAction\",\"target\":{\"@type\":\"EntryPoint\",\"urlTemplate\":\"https:\/\/trustwhite.com\/el\/?s={search_term_string}\"},\"query-input\":{\"@type\":\"PropertyValueSpecification\",\"valueRequired\":true,\"valueName\":\"search_term_string\"}}],\"inLanguage\":\"cs\"}]}<\/script>\n<!-- \/ Yoast SEO plugin. -->","yoast_head_json":{"title":"Koupit Imovane Zopiclone Rychl\u00e9 a bezpe\u010dn\u00e9 doru\u010den\u00ed po cel\u00e9m sv\u011bt\u011b","description":"Koupit Imovane Zopiclone, Objednat bezpe\u010dn\u011b a zachovat si soukrom\u00ed Nen\u00ed nutn\u00fd l\u00e9ka\u0159sk\u00fd p\u0159edpis Diskr\u00e9tn\u00ed standardn\u00ed doprava za n\u00edzk\u00e9 ceny.","robots":{"index":"index","follow":"follow","max-snippet":"max-snippet:-1","max-image-preview":"max-image-preview:large","max-video-preview":"max-video-preview:-1"},"canonical":"https:\/\/trustwhite.com\/cs\/shop\/buy-imovane-zopiclone-pills-online\/","og_locale":"cs_CZ","og_type":"article","og_title":"Buy Imovane Zopiclone Fast and safe delivery worldwide","og_description":"Buy Imovane Zopiclone, Order safely & maintain your privacy No prescription necessary Discreet standard shipping at Low prices.","og_url":"https:\/\/trustwhite.com\/cs\/shop\/buy-imovane-zopiclone-pills-online\/","og_site_name":"stonersmeds.com","article_modified_time":"2022-12-24T04:01:07+00:00","og_image":[{"width":600,"height":600,"url":"https:\/\/trustwhite.com\/wp-content\/uploads\/2022\/03\/buy-imovane-zopiclone-pills-online.jpg","type":"image\/jpeg"}],"twitter_card":"summary_large_image","twitter_misc":{"Odhadovan\u00e1 doba \u010dten\u00ed":"1 minuta"},"schema":{"@context":"https:\/\/schema.org","@graph":[{"@type":["WebPage","ItemPage"],"@id":"https:\/\/trustwhite.com\/shop\/buy-imovane-zopiclone-pills-online\/","url":"https:\/\/trustwhite.com\/shop\/buy-imovane-zopiclone-pills-online\/","name":"Koupit Imovane Zopiclone Rychl\u00e9 a bezpe\u010dn\u00e9 doru\u010den\u00ed po cel\u00e9m sv\u011bt\u011b","isPartOf":{"@id":"https:\/\/trustwhite.com\/el\/#website"},"primaryImageOfPage":{"@id":"https:\/\/trustwhite.com\/shop\/buy-imovane-zopiclone-pills-online\/#primaryimage"},"image":{"@id":"https:\/\/trustwhite.com\/shop\/buy-imovane-zopiclone-pills-online\/#primaryimage"},"thumbnailUrl":"https:\/\/trustwhite.com\/wp-content\/uploads\/2022\/03\/buy-imovane-zopiclone-pills-online.jpg","datePublished":"2022-03-12T03:00:26+00:00","dateModified":"2022-12-24T04:01:07+00:00","description":"Koupit Imovane Zopiclone, Objednat bezpe\u010dn\u011b a zachovat si soukrom\u00ed Nen\u00ed nutn\u00fd l\u00e9ka\u0159sk\u00fd p\u0159edpis Diskr\u00e9tn\u00ed standardn\u00ed doprava za n\u00edzk\u00e9 ceny.","breadcrumb":{"@id":"https:\/\/trustwhite.com\/shop\/buy-imovane-zopiclone-pills-online\/#breadcrumb"},"inLanguage":"cs","potentialAction":[{"@type":"ReadAction","target":["https:\/\/trustwhite.com\/shop\/buy-imovane-zopiclone-pills-online\/"]}]},{"@type":"ImageObject","inLanguage":"cs","@id":"https:\/\/trustwhite.com\/shop\/buy-imovane-zopiclone-pills-online\/#primaryimage","url":"https:\/\/trustwhite.com\/wp-content\/uploads\/2022\/03\/buy-imovane-zopiclone-pills-online.jpg","contentUrl":"https:\/\/trustwhite.com\/wp-content\/uploads\/2022\/03\/buy-imovane-zopiclone-pills-online.jpg","width":600,"height":600},{"@type":"BreadcrumbList","@id":"https:\/\/trustwhite.com\/shop\/buy-imovane-zopiclone-pills-online\/#breadcrumb","itemListElement":[{"@type":"ListItem","position":1,"name":"Home","item":"https:\/\/trustwhite.com\/el\/"},{"@type":"ListItem","position":2,"name":"Shop","item":"https:\/\/trustwhite.com\/el\/shop\/"},{"@type":"ListItem","position":3,"name":"Buy Imovane Zopiclone pills online"}]},{"@type":"WebSite","@id":"https:\/\/trustwhite.com\/el\/#website","url":"https:\/\/trustwhite.com\/el\/","name":"stonersmeds.com","description":"verschreibungspflichtige Medizin kaufen","potentialAction":[{"@type":"SearchAction","target":{"@type":"EntryPoint","urlTemplate":"https:\/\/trustwhite.com\/el\/?s={search_term_string}"},"query-input":{"@type":"PropertyValueSpecification","valueRequired":true,"valueName":"search_term_string"}}],"inLanguage":"cs"}]}},"_links":{"self":[{"href":"https:\/\/trustwhite.com\/cs\/wp-json\/wp\/v2\/product\/9870","targetHints":{"allow":["GET"]}}],"collection":[{"href":"https:\/\/trustwhite.com\/cs\/wp-json\/wp\/v2\/product"}],"about":[{"href":"https:\/\/trustwhite.com\/cs\/wp-json\/wp\/v2\/types\/product"}],"version-history":[{"count":0,"href":"https:\/\/trustwhite.com\/cs\/wp-json\/wp\/v2\/product\/9870\/revisions"}],"wp:featuredmedia":[{"embeddable":true,"href":"https:\/\/trustwhite.com\/cs\/wp-json\/wp\/v2\/media\/9879"}],"wp:attachment":[{"href":"https:\/\/trustwhite.com\/cs\/wp-json\/wp\/v2\/media?parent=9870"}],"wp:term":[{"taxonomy":"product_brand","embeddable":true,"href":"https:\/\/trustwhite.com\/cs\/wp-json\/wp\/v2\/product_brand?post=9870"},{"taxonomy":"product_cat","embeddable":true,"href":"https:\/\/trustwhite.com\/cs\/wp-json\/wp\/v2\/product_cat?post=9870"},{"taxonomy":"product_tag","embeddable":true,"href":"https:\/\/trustwhite.com\/cs\/wp-json\/wp\/v2\/product_tag?post=9870"}],"curies":[{"name":"wp","href":"https:\/\/api.w.org\/{rel}","templated":true}]}}