{"id":9847,"date":"2022-03-12T02:48:11","date_gmt":"2022-03-12T02:48:11","guid":{"rendered":"https:\/\/stonersmeds.com\/?post_type=product&#038;p=9847"},"modified":"2022-12-24T06:00:55","modified_gmt":"2022-12-24T04:00:55","slug":"buy-hydrocodone-10-325mg-online","status":"publish","type":"product","link":"https:\/\/trustwhite.com\/cs\/shop\/buy-hydrocodone-10-325mg-online\/","title":{"rendered":"Koupit Hydrocodone 10\/325 mg online"},"content":{"rendered":"<h1>Koupit Hydrocodone 10\/325 mg online.<\/h1>\n<p>Hydrokodon bitartr\u00e1t paracetamol Koupit hydrokodon online B\u011bhem u\u017e\u00edv\u00e1n\u00ed hydrokodonu byste se m\u011bli poradit se sv\u00fdm l\u00e9ka\u0159em o snadno dostupn\u00e9m \u017eivot zachra\u0148uj\u00edc\u00edm l\u00e9ku zvan\u00e9m naloxon (nap\u0159. doma, v ordinaci). Naloxon se pou\u017e\u00edv\u00e1 ke zvr\u00e1cen\u00ed \u00fa\u010dink\u016f \u017eivot ohro\u017euj\u00edc\u00edho p\u0159ed\u00e1vkov\u00e1n\u00ed. Blokuje \u00fa\u010dinky opi\u00e1t\u016f a zm\u00edr\u0148uje tak \u0161kodliv\u00e9 p\u0159\u00edznaky zp\u016fsoben\u00e9 vysokou hladinou opi\u00e1t\u016f v krvi. L\u00e9ka\u0159 v\u00e1m m\u016f\u017ee naloxon p\u0159edepsat tak\u00e9 v p\u0159\u00edpad\u011b, \u017ee \u017eijete v dom\u00e1cnosti s mal\u00fdmi d\u011btmi nebo pokud jste zneu\u017e\u00edvali pouli\u010dn\u00ed drogy nebo drogy na p\u0159edpis. Mus\u00edte se ujistit, \u017ee vy i va\u0161i rodinn\u00ed p\u0159\u00edslu\u0161n\u00edci, pe\u010dovatel\u00e9 nebo lid\u00e9, se kter\u00fdmi tr\u00e1v\u00edte \u010das, v\u00edte, jak rozpoznat p\u0159ed\u00e1vkov\u00e1n\u00ed, jak naloxon u\u017e\u00edt a co d\u011blat, dokud se v\u00e1m nedostane l\u00e9ka\u0159sk\u00e9 pomoci. V\u00e1\u0161 l\u00e9ka\u0159 nebo l\u00e9k\u00e1rn\u00edk V\u00e1m a Va\u0161im rodinn\u00fdm p\u0159\u00edslu\u0161n\u00edk\u016fm uk\u00e1\u017ee, jak tento l\u00e9k pou\u017e\u00edt. Zeptejte se sv\u00e9ho l\u00e9k\u00e1rn\u00edka na pokyny nebo nav\u0161tivte webov\u00e9 str\u00e1nky v\u00fdrobce, kde naleznete n\u00e1vod. Pokud se objev\u00ed p\u0159\u00edznaky p\u0159ed\u00e1vkov\u00e1n\u00ed, m\u011bl by V\u00e1m p\u0159\u00edtel nebo \u010dlen rodiny podat a doprovodit V\u00e1s p\u0159i pod\u00e1n\u00ed prvn\u00ed d\u00e1vky naloxonu a pe\u010dliv\u011b V\u00e1s sledovat a\u017e do p\u0159\u00edjezdu z\u00e1chrann\u00e9 slu\u017eby. Va\u0161e p\u0159\u00edznaky se mohou vr\u00e1tit b\u011bhem n\u011bkolika minut po pod\u00e1n\u00ed naloxonu. Pokud se Va\u0161e p\u0159\u00edznaky vr\u00e1t\u00ed, m\u011bla by V\u00e1m Va\u0161e osoba podat dal\u0161\u00ed d\u00e1vku naloxonu. Dal\u0161\u00ed d\u00e1vky mohou b\u00fdt pod\u00e1v\u00e1ny ka\u017ed\u00e9 2 a\u017e 3 minuty, pokud se p\u0159\u00edznaky znovu objev\u00ed d\u0159\u00edve, ne\u017e bude k dispozici l\u00e9ka\u0159sk\u00e1 pomoc.<\/p>","protected":false},"excerpt":{"rendered":"<p>Koupit Hydrocodone 10\/325mg online. Je v t\u011bhotensk\u00e9 t\u0159\u00edd\u011b B FDA: jeho vliv na po\u010d\u00ednaj\u00edc\u00ed organismus nebo ml\u00e1d\u011b nen\u00ed jasn\u011b zn\u00e1m a t\u011bhotn\u00e9 \u017eeny by se m\u011bly p\u0159ed jeho u\u017eit\u00edm poradit se sv\u00fdm l\u00e9ka\u0159em.<\/p>\n<p>&nbsp;<\/p>\n<pre><strong>Koupit Hydrokodon 10\/325 mg online \u2013 Koupit Hydrokodon , Koupit Hydrokodon 10\/325 mg , Koupit Hydrokodon online, Kde koupit Hydrokodon 10\/325 mg , Hydrokodon 10\/325 mg na prodej, Hydrokodon na prodej, Koupit Hydrokod0\/ 325m online 325 mg online, Hydrokodon 10\/325 mg na prodej v USA, USA, Kanad\u011b, Velk\u00e9 Brit\u00e1nii, koupit, online, dodavatel\u00e9, bezpe\u010dn\u00e9 doru\u010den\u00ed, St\u00e1le m\u016f\u017eete z\u00edskat Hydrokodon 10\/325 mg, Je Hydrokodon 10\/325 mg leg\u00e1ln\u00ed v USA, koupit Hydrokodon 10\/325 mg online usa, jak objednat Hydrocodone 10\/325 mg, je Hydrocodone 10\/325 mg leg\u00e1ln\u00ed v Kanad\u011b<\/strong><\/pre>","protected":false},"featured_media":9851,"template":"","meta":[],"product_brand":[],"product_cat":[769,77],"product_tag":[1014,1249,1248,1009,1013,1016,1015,1017],"class_list":{"0":"post-9847","1":"product","2":"type-product","3":"status-publish","4":"has-post-thumbnail","6":"product_cat-pain-pills","7":"product_cat-pain-sleeping-sex-pills","8":"product_tag-cost-of-hydrocodone-10-325","9":"product_tag-hydrocodone-acetaminophen-7-325-cost","10":"product_tag-hydrocodone-cost-without-insurance","11":"product_tag-hydrocodone-for-dogs-cost","12":"product_tag-hydrocodone-street-price","13":"product_tag-price-of-hydrocodone-10-325","14":"product_tag-price-of-hydrocodone-acetaminophen","15":"product_tag-street-price-hydrocodone-10-325","17":"first","18":"instock","19":"shipping-taxable","20":"purchasable","21":"product-type-variable"},"tiered_pricing_type":"fixed","tiered_pricing_fixed_rules":[],"tiered_pricing_percentage_rules":[],"tiered_pricing_minimum":1,"_administrator_tiered_pricing_type":"fixed","_administrator_tiered_pricing_fixed_rules":[],"_editor_tiered_pricing_type":"fixed","_editor_tiered_pricing_fixed_rules":[],"_author_tiered_pricing_type":"fixed","_author_tiered_pricing_fixed_rules":[],"_contributor_tiered_pricing_type":"fixed","_contributor_tiered_pricing_fixed_rules":[],"_subscriber_tiered_pricing_type":"fixed","_subscriber_tiered_pricing_fixed_rules":[],"_customer_tiered_pricing_type":"fixed","_customer_tiered_pricing_fixed_rules":[],"_shop_manager_tiered_pricing_type":"fixed","_shop_manager_tiered_pricing_fixed_rules":[],"_wpseo_manager_tiered_pricing_type":"fixed","_wpseo_manager_tiered_pricing_fixed_rules":[],"_wpseo_editor_tiered_pricing_type":"fixed","_wpseo_editor_tiered_pricing_fixed_rules":[],"yoast_head":"<!-- This site is optimized with the Yoast SEO plugin v26.8 - https:\/\/yoast.com\/product\/yoast-seo-wordpress\/ -->\n<title>Buy Hydrocodone 10\/325mg online - Fast delivery worldwide<\/title>\n<meta name=\"description\" content=\"Buy Hydrocodone 10\/325mg, Order safely &amp; maintain your privacy No prescription necessary Discreet standard shipping at Low prices.\" \/>\n<meta name=\"robots\" content=\"index, follow, max-snippet:-1, max-image-preview:large, max-video-preview:-1\" \/>\n<link rel=\"canonical\" href=\"https:\/\/trustwhite.com\/cs\/shop\/buy-hydrocodone-10-325mg-online\/\" \/>\n<meta property=\"og:locale\" content=\"cs_CZ\" \/>\n<meta property=\"og:type\" content=\"article\" \/>\n<meta property=\"og:title\" content=\"Buy Hydrocodone 10\/325mg online - Fast delivery worldwide\" \/>\n<meta property=\"og:description\" content=\"Buy Hydrocodone 10\/325mg, Order safely &amp; maintain your privacy No prescription necessary Discreet standard shipping at Low prices.\" \/>\n<meta property=\"og:url\" content=\"https:\/\/trustwhite.com\/cs\/shop\/buy-hydrocodone-10-325mg-online\/\" \/>\n<meta property=\"og:site_name\" content=\"stonersmeds.com\" \/>\n<meta property=\"article:modified_time\" content=\"2022-12-24T04:00:55+00:00\" \/>\n<meta property=\"og:image\" content=\"https:\/\/trustwhite.com\/wp-content\/uploads\/2022\/03\/buy-hydrocodone-10-325mg-online.jpg\" \/>\n\t<meta property=\"og:image:width\" content=\"600\" \/>\n\t<meta property=\"og:image:height\" content=\"600\" \/>\n\t<meta property=\"og:image:type\" content=\"image\/jpeg\" \/>\n<meta name=\"twitter:card\" content=\"summary_large_image\" \/>\n<meta name=\"twitter:label1\" content=\"Odhadovan\u00e1 doba \u010dten\u00ed\" \/>\n\t<meta name=\"twitter:data1\" content=\"1 minuta\" \/>\n<script type=\"application\/ld+json\" class=\"yoast-schema-graph\">{\"@context\":\"https:\/\/schema.org\",\"@graph\":[{\"@type\":\"WebPage\",\"@id\":\"https:\/\/trustwhite.com\/shop\/buy-hydrocodone-10-325mg-online\/\",\"url\":\"https:\/\/trustwhite.com\/shop\/buy-hydrocodone-10-325mg-online\/\",\"name\":\"Buy Hydrocodone 10\/325mg online - Fast delivery worldwide\",\"isPartOf\":{\"@id\":\"https:\/\/trustwhite.com\/el\/#website\"},\"primaryImageOfPage\":{\"@id\":\"https:\/\/trustwhite.com\/shop\/buy-hydrocodone-10-325mg-online\/#primaryimage\"},\"image\":{\"@id\":\"https:\/\/trustwhite.com\/shop\/buy-hydrocodone-10-325mg-online\/#primaryimage\"},\"thumbnailUrl\":\"https:\/\/trustwhite.com\/wp-content\/uploads\/2022\/03\/buy-hydrocodone-10-325mg-online.jpg\",\"datePublished\":\"2022-03-12T02:48:11+00:00\",\"dateModified\":\"2022-12-24T04:00:55+00:00\",\"description\":\"Buy Hydrocodone 10\/325mg, Order safely & maintain your privacy No prescription necessary Discreet standard shipping at Low prices.\",\"breadcrumb\":{\"@id\":\"https:\/\/trustwhite.com\/shop\/buy-hydrocodone-10-325mg-online\/#breadcrumb\"},\"inLanguage\":\"cs\",\"potentialAction\":[{\"@type\":\"ReadAction\",\"target\":[\"https:\/\/trustwhite.com\/shop\/buy-hydrocodone-10-325mg-online\/\"]}]},{\"@type\":\"ImageObject\",\"inLanguage\":\"cs\",\"@id\":\"https:\/\/trustwhite.com\/shop\/buy-hydrocodone-10-325mg-online\/#primaryimage\",\"url\":\"https:\/\/trustwhite.com\/wp-content\/uploads\/2022\/03\/buy-hydrocodone-10-325mg-online.jpg\",\"contentUrl\":\"https:\/\/trustwhite.com\/wp-content\/uploads\/2022\/03\/buy-hydrocodone-10-325mg-online.jpg\",\"width\":600,\"height\":600},{\"@type\":\"BreadcrumbList\",\"@id\":\"https:\/\/trustwhite.com\/shop\/buy-hydrocodone-10-325mg-online\/#breadcrumb\",\"itemListElement\":[{\"@type\":\"ListItem\",\"position\":1,\"name\":\"Home\",\"item\":\"https:\/\/trustwhite.com\/el\/\"},{\"@type\":\"ListItem\",\"position\":2,\"name\":\"Shop\",\"item\":\"https:\/\/trustwhite.com\/el\/shop\/\"},{\"@type\":\"ListItem\",\"position\":3,\"name\":\"Buy Hydrocodone 10\/325mg online\"}]},{\"@type\":\"WebSite\",\"@id\":\"https:\/\/trustwhite.com\/el\/#website\",\"url\":\"https:\/\/trustwhite.com\/el\/\",\"name\":\"stonersmeds.com\",\"description\":\"verschreibungspflichtige Medizin kaufen\",\"potentialAction\":[{\"@type\":\"SearchAction\",\"target\":{\"@type\":\"EntryPoint\",\"urlTemplate\":\"https:\/\/trustwhite.com\/el\/?s={search_term_string}\"},\"query-input\":{\"@type\":\"PropertyValueSpecification\",\"valueRequired\":true,\"valueName\":\"search_term_string\"}}],\"inLanguage\":\"cs\"}]}<\/script>\n<!-- \/ Yoast SEO plugin. -->","yoast_head_json":{"title":"Koupit Hydrocodone 10\/325mg online \u2013 Rychl\u00e9 doru\u010den\u00ed po cel\u00e9m sv\u011bt\u011b","description":"Kupte si Hydrocodone 10\/325 mg, objednejte bezpe\u010dn\u011b a udr\u017eujte si soukrom\u00ed Bez p\u0159edpisu Diskr\u00e9tn\u00ed standardn\u00ed doprava za n\u00edzk\u00e9 ceny.","robots":{"index":"index","follow":"follow","max-snippet":"max-snippet:-1","max-image-preview":"max-image-preview:large","max-video-preview":"max-video-preview:-1"},"canonical":"https:\/\/trustwhite.com\/cs\/shop\/buy-hydrocodone-10-325mg-online\/","og_locale":"cs_CZ","og_type":"article","og_title":"Buy Hydrocodone 10\/325mg online - Fast delivery worldwide","og_description":"Buy Hydrocodone 10\/325mg, Order safely & maintain your privacy No prescription necessary Discreet standard shipping at Low prices.","og_url":"https:\/\/trustwhite.com\/cs\/shop\/buy-hydrocodone-10-325mg-online\/","og_site_name":"stonersmeds.com","article_modified_time":"2022-12-24T04:00:55+00:00","og_image":[{"width":600,"height":600,"url":"https:\/\/trustwhite.com\/wp-content\/uploads\/2022\/03\/buy-hydrocodone-10-325mg-online.jpg","type":"image\/jpeg"}],"twitter_card":"summary_large_image","twitter_misc":{"Odhadovan\u00e1 doba \u010dten\u00ed":"1 minuta"},"schema":{"@context":"https:\/\/schema.org","@graph":[{"@type":"WebPage","@id":"https:\/\/trustwhite.com\/shop\/buy-hydrocodone-10-325mg-online\/","url":"https:\/\/trustwhite.com\/shop\/buy-hydrocodone-10-325mg-online\/","name":"Koupit Hydrocodone 10\/325mg online \u2013 Rychl\u00e9 doru\u010den\u00ed po cel\u00e9m sv\u011bt\u011b","isPartOf":{"@id":"https:\/\/trustwhite.com\/el\/#website"},"primaryImageOfPage":{"@id":"https:\/\/trustwhite.com\/shop\/buy-hydrocodone-10-325mg-online\/#primaryimage"},"image":{"@id":"https:\/\/trustwhite.com\/shop\/buy-hydrocodone-10-325mg-online\/#primaryimage"},"thumbnailUrl":"https:\/\/trustwhite.com\/wp-content\/uploads\/2022\/03\/buy-hydrocodone-10-325mg-online.jpg","datePublished":"2022-03-12T02:48:11+00:00","dateModified":"2022-12-24T04:00:55+00:00","description":"Kupte si Hydrocodone 10\/325 mg, objednejte bezpe\u010dn\u011b a udr\u017eujte si soukrom\u00ed Bez p\u0159edpisu Diskr\u00e9tn\u00ed standardn\u00ed doprava za n\u00edzk\u00e9 ceny.","breadcrumb":{"@id":"https:\/\/trustwhite.com\/shop\/buy-hydrocodone-10-325mg-online\/#breadcrumb"},"inLanguage":"cs","potentialAction":[{"@type":"ReadAction","target":["https:\/\/trustwhite.com\/shop\/buy-hydrocodone-10-325mg-online\/"]}]},{"@type":"ImageObject","inLanguage":"cs","@id":"https:\/\/trustwhite.com\/shop\/buy-hydrocodone-10-325mg-online\/#primaryimage","url":"https:\/\/trustwhite.com\/wp-content\/uploads\/2022\/03\/buy-hydrocodone-10-325mg-online.jpg","contentUrl":"https:\/\/trustwhite.com\/wp-content\/uploads\/2022\/03\/buy-hydrocodone-10-325mg-online.jpg","width":600,"height":600},{"@type":"BreadcrumbList","@id":"https:\/\/trustwhite.com\/shop\/buy-hydrocodone-10-325mg-online\/#breadcrumb","itemListElement":[{"@type":"ListItem","position":1,"name":"Home","item":"https:\/\/trustwhite.com\/el\/"},{"@type":"ListItem","position":2,"name":"Shop","item":"https:\/\/trustwhite.com\/el\/shop\/"},{"@type":"ListItem","position":3,"name":"Buy Hydrocodone 10\/325mg online"}]},{"@type":"WebSite","@id":"https:\/\/trustwhite.com\/el\/#website","url":"https:\/\/trustwhite.com\/el\/","name":"stonersmeds.com","description":"verschreibungspflichtige Medizin kaufen","potentialAction":[{"@type":"SearchAction","target":{"@type":"EntryPoint","urlTemplate":"https:\/\/trustwhite.com\/el\/?s={search_term_string}"},"query-input":{"@type":"PropertyValueSpecification","valueRequired":true,"valueName":"search_term_string"}}],"inLanguage":"cs"}]}},"_links":{"self":[{"href":"https:\/\/trustwhite.com\/cs\/wp-json\/wp\/v2\/product\/9847","targetHints":{"allow":["GET"]}}],"collection":[{"href":"https:\/\/trustwhite.com\/cs\/wp-json\/wp\/v2\/product"}],"about":[{"href":"https:\/\/trustwhite.com\/cs\/wp-json\/wp\/v2\/types\/product"}],"version-history":[{"count":0,"href":"https:\/\/trustwhite.com\/cs\/wp-json\/wp\/v2\/product\/9847\/revisions"}],"wp:featuredmedia":[{"embeddable":true,"href":"https:\/\/trustwhite.com\/cs\/wp-json\/wp\/v2\/media\/9851"}],"wp:attachment":[{"href":"https:\/\/trustwhite.com\/cs\/wp-json\/wp\/v2\/media?parent=9847"}],"wp:term":[{"taxonomy":"product_brand","embeddable":true,"href":"https:\/\/trustwhite.com\/cs\/wp-json\/wp\/v2\/product_brand?post=9847"},{"taxonomy":"product_cat","embeddable":true,"href":"https:\/\/trustwhite.com\/cs\/wp-json\/wp\/v2\/product_cat?post=9847"},{"taxonomy":"product_tag","embeddable":true,"href":"https:\/\/trustwhite.com\/cs\/wp-json\/wp\/v2\/product_tag?post=9847"}],"curies":[{"name":"wp","href":"https:\/\/api.w.org\/{rel}","templated":true}]}}