{"id":9732,"date":"2022-03-11T19:18:50","date_gmt":"2022-03-11T19:18:50","guid":{"rendered":"https:\/\/stonersmeds.com\/?post_type=product&#038;p=9732"},"modified":"2023-05-12T10:03:03","modified_gmt":"2023-05-12T08:03:03","slug":"buy-thca-crystals-top-shelf","status":"publish","type":"product","link":"https:\/\/trustwhite.com\/cs\/shop\/buy-thca-crystals-top-shelf\/","title":{"rendered":"Kupte si krystaly THCA \u2013 horn\u00ed police"},"content":{"rendered":"<h1>Kupte si krystaly THCA \u2013 horn\u00ed police<\/h1>\n<p>THCA, neboli tetrahydrokanabinolov\u00e9 \u017e\u00edravina, je slou\u010denina konop\u00ed, kter\u00e1 za\u010d\u00edn\u00e1 vykazovat l\u00e9\u010debn\u00fd potenci\u00e1l bez ohledu na za\u010d\u00e1tek jej\u00edho zkoum\u00e1n\u00ed. V\u011bd\u011bli jste o THC, a kdy\u017e si uv\u011bdom\u00edte, \u017ee mohou zn\u00edt jako srovnateln\u00e9, THCA m\u00e1 zcela odli\u0161n\u00e9 vlastnosti. V\u016fbec ne jako THC, THCA je neopil\u00fd kanabinoid, kter\u00fd se nach\u00e1z\u00ed v surov\u00e9m a \u017eiv\u00e9m konop\u00ed. Jak rostlina vysych\u00e1, THCA se postupn\u011b p\u0159em\u011b\u0148uje na THC. Teplo usnad\u0148uje tuto zm\u011bnu v cyklu zn\u00e1m\u00e9m jako dekarboxylace, extravagantn\u00ed slovo, kter\u00e9 zobrazuje, co se stane, kdy\u017e kou\u0159\u00edte nebo rozkv\u00e9t\u00e1te.<\/p>\n<p>P\u0159i n\u00e1hod\u011b, \u017ee jste si zakoupili v laborato\u0159i vyzkou\u0161en\u00e9 konop\u00ed, m\u016f\u017eete vid\u011bt, \u017ee nejbohat\u0161\u00edm kanabinoidem je bu\u010f THC, nebo THCA, p\u0159i\u010dem\u017e oba se mohou pohybovat v rozmez\u00ed 10-20%. Zat\u00edmco THCA je p\u0159esn\u011bj\u0161\u00ed n\u00e1zev pro kv\u011bty, kter\u00e9 nebyly dekarboxylov\u00e1ny, v z\u00e1sad\u011b znamenaj\u00ed n\u011bco velmi podobn\u00e9ho, pokud p\u0159ijmete, \u017ee kupuj\u00edc\u00ed p\u0159i vyku\u0159ov\u00e1n\u00ed, rozpad\u00e1n\u00ed nebo zah\u0159\u00edv\u00e1n\u00ed p\u0159edm\u011btu tak \u010di onak o\u010dek\u00e1v\u00e1.<\/p>\n<p>\u201eDrah\u00e9 kameny\u201c neboli drahokamy THCA h\u00fdbou klienty konopn\u00fdch koncentr\u00e1t\u016f v pr\u016fb\u011bhu posledn\u00edch let. Je\u0161t\u011b ned\u00e1vno bylo odlou\u010den\u00e9 THCA nepolapiteln\u00e9. V sou\u010dasnosti je m\u016f\u017eete objevit segregovan\u00e9 nebo obecn\u011bji polit\u00e9 terpeny v n\u00e1dob\u00e1ch zvan\u00fdch \u201eom\u00e1\u010dka\u201c. Projdeme si v\u0161e, co pot\u0159ebujete k p\u0159em\u00fd\u0161len\u00ed o THCA glasslike.<\/p>\n<p>THCA p\u0159edstavuje tetrahydrokanabinolovou \u017e\u00edravinu. Surov\u00e9 a \u017eiv\u00e9 konop\u00ed m\u00e1 nejv\u011bt\u0161\u00ed seskupen\u00ed. THCA se b\u011bhem vysych\u00e1n\u00ed rostliny postupn\u011b p\u0159em\u011b\u0148uje na THC. Zah\u0159\u00edv\u00e1n\u00ed konop\u00ed urychluje cyklus.<\/p>\n<p>THCA je nepsychoaktivn\u00ed p\u0159edch\u016fdce THC, co\u017e znamen\u00e1, \u017ee v\u00e1s nezvedne. Toto je vysv\u011btlen\u00ed, pro\u010d by se konop\u00ed m\u011blo dekarboxylovat v kamnech, ne\u017e se pou\u017eije v po\u017eivatin\u00e1ch. Cyklus zaru\u010duje, \u017ee ve\u0161ker\u00e9 THCA bylo p\u0159em\u011bn\u011bno na THC, tak\u017ee se m\u016f\u017eete setkat s pln\u00fdmi psychoaktivn\u00edmi dopady.<\/p>\n<p>THCA je nepsychoaktivn\u00ed p\u0159edch\u016fdce THC, co\u017e znamen\u00e1, \u017ee v\u00e1s nezvedne. Toto je vysv\u011btlen\u00ed, pro\u010d by se konop\u00ed m\u011blo dekarboxylovat v kamnech, ne\u017e se pou\u017eije v po\u017eivatin\u00e1ch. Cyklus zaru\u010duje, \u017ee ve\u0161ker\u00e9 THCA bylo p\u0159em\u011bn\u011bno na THC, tak\u017ee se m\u016f\u017eete setkat s pln\u00fdmi psychoaktivn\u00edmi dopady.<\/p>\n<p>Surov\u00e9 konop\u00ed je zn\u00e1m\u00e1 superpotravina. Lisov\u00e1n\u00ed konop\u00ed m\u016f\u017ee poskytnout v\u00fdznamn\u011bj\u0161\u00ed hladiny THCA. Konzumace zv\u00fd\u0161en\u00fdch hladin THCA m\u016f\u017ee pomoci s vyrovn\u00e1n\u00edm nedostatku endokanabinoid\u016f bez vysok\u00fdch. Endokanabinoidn\u00ed insuficience jsou zodpov\u011bdn\u00e9 za n\u011bkolik ochromuj\u00edc\u00edch onemocn\u011bn\u00ed.<\/p>\n<p>koupit thca online, thca crystalline na prodej, thca crystalline na prodej online, thc krystaly na prodej, thca na prodej, N\u011bkte\u0159\u00ed jedinci, kte\u0159\u00ed jsou citliv\u00ed na THC, nemohou pohltit dostatek kanabinoid\u016f, aby zm\u00edrnili sv\u00e9 projevy. Na\u0161t\u011bst\u00ed mohou dokonce nyn\u00ed objevit ekvivalentn\u00ed nebo v\u00fdrazn\u011bj\u0161\u00ed pomoc z konzumace surov\u00e9ho konop\u00ed.<\/p>\n<p>Dr. William Courtney, MD z Willits, Kalifornie, prosazuje v\u00fdhody vyma\u010dk\u00e1v\u00e1n\u00ed tr\u00e1vy ji\u017e t\u00e9m\u011b\u0159 10 let. Nov\u00e9 rostliny maj\u00ed nejvy\u0161\u0161\u00ed obsah THCA. Tak\u017ee krom\u011b toho, \u017ee si uv\u011bdom\u00edte, jak vyvinout tr\u00e1vu nebo n\u011bkoho, kdo to d\u011bl\u00e1, jste v ide\u00e1ln\u00ed situaci, kdy\u017e objev\u00edte pr\u016fsvitn\u00e9 THCA.<\/p>\n<p>&nbsp;<\/p>\n<p>&nbsp;<\/p>\n<p>&nbsp;<\/p>\n<pre><strong>Koupit krystaly THCA \u2013 horn\u00ed police \u2013 koupit THCA, koupit krystaly THCA, koupit krystaly THCA online, kde koupit krystaly THCA, krystaly THCA na prodej, krystaly na prodej, koupit THCA online, kde koupit krystaly THCA online, krystaly THCA na prodej v usa, USA, Kanada, uk, n\u00e1kup, online, dodavatel\u00e9, bezpe\u010dn\u00e9 doru\u010den\u00ed, st\u00e1le m\u016f\u017eete z\u00edskat krystaly THCA, jsou krystaly THCA v USA leg\u00e1ln\u00ed, koupit krystaly THCA online, jak objednat krystaly THCA, jsou krystaly THCA leg\u00e1ln\u00ed v Kanad\u011b<\/strong><\/pre>","protected":false},"excerpt":{"rendered":"<ul>\n<li>Celosv\u011btov\u00e1 doprava<\/li>\n<li><strong>Koncentr\u00e1t slo\u017een\u00fd z 97-99% THC<\/strong><\/li>\n<li><strong>99% \u010dist\u00e9 THC-A<\/strong><\/li>\n<li><strong>Kontaktujte n\u00e1s<\/strong>\u00a0pro v\u011bt\u0161\u00ed zak\u00e1zky<\/li>\n<\/ul>\n<pre><\/pre>","protected":false},"featured_media":9747,"template":"","meta":[],"product_brand":[],"product_cat":[76],"product_tag":[970,987,980,985,983,988,971,977,990,974,979,976,982,973,986,972,975,989,981,984,978],"class_list":{"0":"post-9732","1":"product","2":"type-product","3":"status-publish","4":"has-post-thumbnail","6":"product_cat-marijuana-wax","7":"product_tag-100-thc-wax-shop-online","8":"product_tag-buy-cannabis-wax-online","9":"product_tag-buy-dab-wax-online","10":"product_tag-buy-dabs-online-any-state","11":"product_tag-cannabis-wax-for-sale","12":"product_tag-dabs-for-sale-online","13":"product_tag-dangers-of-marijuana-wax","14":"product_tag-how-do-you-smoke-wax","15":"product_tag-marijuana-wax-dabs","16":"product_tag-marijuana-wax-for-sale","17":"product_tag-marijuana-wax-for-sale-online","18":"product_tag-marijuana-wax-making-kit","19":"product_tag-marijuana-wax-making-machine","20":"product_tag-side-effects-of-smoking-wax","21":"product_tag-thc-edibles-online-ship-anywhere","22":"product_tag-thc-wax-concentrates-prices","23":"product_tag-wax-concentrate-for-sale","24":"product_tag-wax-dabs-for-sale","25":"product_tag-wax-press-machine-for-weed","26":"product_tag-where-to-buy-dab-wax","27":"product_tag-where-to-buy-hash-wax","29":"first","30":"instock","31":"shipping-taxable","32":"purchasable","33":"product-type-variable"},"tiered_pricing_type":"fixed","tiered_pricing_fixed_rules":[],"tiered_pricing_percentage_rules":[],"tiered_pricing_minimum":1,"_administrator_tiered_pricing_type":"fixed","_administrator_tiered_pricing_fixed_rules":[],"_editor_tiered_pricing_type":"fixed","_editor_tiered_pricing_fixed_rules":[],"_author_tiered_pricing_type":"fixed","_author_tiered_pricing_fixed_rules":[],"_contributor_tiered_pricing_type":"fixed","_contributor_tiered_pricing_fixed_rules":[],"_subscriber_tiered_pricing_type":"fixed","_subscriber_tiered_pricing_fixed_rules":[],"_customer_tiered_pricing_type":"fixed","_customer_tiered_pricing_fixed_rules":[],"_shop_manager_tiered_pricing_type":"fixed","_shop_manager_tiered_pricing_fixed_rules":[],"_wpseo_manager_tiered_pricing_type":"fixed","_wpseo_manager_tiered_pricing_fixed_rules":[],"_wpseo_editor_tiered_pricing_type":"fixed","_wpseo_editor_tiered_pricing_fixed_rules":[],"yoast_head":"<!-- This site is optimized with the Yoast SEO plugin v26.8 - https:\/\/yoast.com\/product\/yoast-seo-wordpress\/ -->\n<title>Buy THCA Crystals- Top Shelf - stonersmeds.com<\/title>\n<meta name=\"description\" content=\"By THCA crystal, 99.9 % pure. safe and fast delivery to your door step. Order now and get quality THCA crystals in maximum 3 days\" \/>\n<meta name=\"robots\" content=\"index, follow, max-snippet:-1, max-image-preview:large, max-video-preview:-1\" \/>\n<link rel=\"canonical\" href=\"https:\/\/trustwhite.com\/cs\/shop\/buy-thca-crystals-top-shelf\/\" \/>\n<meta property=\"og:locale\" content=\"cs_CZ\" \/>\n<meta property=\"og:type\" content=\"article\" \/>\n<meta property=\"og:title\" content=\"Buy THCA Crystals- Top Shelf - stonersmeds.com\" \/>\n<meta property=\"og:description\" content=\"By THCA crystal, 99.9 % pure. safe and fast delivery to your door step. Order now and get quality THCA crystals in maximum 3 days\" \/>\n<meta property=\"og:url\" content=\"https:\/\/trustwhite.com\/cs\/shop\/buy-thca-crystals-top-shelf\/\" \/>\n<meta property=\"og:site_name\" content=\"stonersmeds.com\" \/>\n<meta property=\"article:modified_time\" content=\"2023-05-12T08:03:03+00:00\" \/>\n<meta property=\"og:image\" content=\"https:\/\/trustwhite.com\/wp-content\/uploads\/2022\/03\/Buy-THCA-Crystals-Top-Shelf.jpg\" \/>\n\t<meta property=\"og:image:width\" content=\"600\" \/>\n\t<meta property=\"og:image:height\" content=\"600\" \/>\n\t<meta property=\"og:image:type\" content=\"image\/jpeg\" \/>\n<meta name=\"twitter:card\" content=\"summary_large_image\" \/>\n<meta name=\"twitter:label1\" content=\"Odhadovan\u00e1 doba \u010dten\u00ed\" \/>\n\t<meta name=\"twitter:data1\" content=\"3 minuty\" \/>\n<script type=\"application\/ld+json\" class=\"yoast-schema-graph\">{\"@context\":\"https:\/\/schema.org\",\"@graph\":[{\"@type\":\"WebPage\",\"@id\":\"https:\/\/trustwhite.com\/pl\/shop\/buy-thca-crystals-top-shelf\/\",\"url\":\"https:\/\/trustwhite.com\/pl\/shop\/buy-thca-crystals-top-shelf\/\",\"name\":\"Buy THCA Crystals- Top Shelf - stonersmeds.com\",\"isPartOf\":{\"@id\":\"https:\/\/trustwhite.com\/el\/#website\"},\"primaryImageOfPage\":{\"@id\":\"https:\/\/trustwhite.com\/pl\/shop\/buy-thca-crystals-top-shelf\/#primaryimage\"},\"image\":{\"@id\":\"https:\/\/trustwhite.com\/pl\/shop\/buy-thca-crystals-top-shelf\/#primaryimage\"},\"thumbnailUrl\":\"https:\/\/trustwhite.com\/wp-content\/uploads\/2022\/03\/Buy-THCA-Crystals-Top-Shelf.jpg\",\"datePublished\":\"2022-03-11T19:18:50+00:00\",\"dateModified\":\"2023-05-12T08:03:03+00:00\",\"description\":\"By THCA crystal, 99.9 % pure. safe and fast delivery to your door step. Order now and get quality THCA crystals in maximum 3 days\",\"breadcrumb\":{\"@id\":\"https:\/\/trustwhite.com\/pl\/shop\/buy-thca-crystals-top-shelf\/#breadcrumb\"},\"inLanguage\":\"cs\",\"potentialAction\":[{\"@type\":\"ReadAction\",\"target\":[\"https:\/\/trustwhite.com\/pl\/shop\/buy-thca-crystals-top-shelf\/\"]}]},{\"@type\":\"ImageObject\",\"inLanguage\":\"cs\",\"@id\":\"https:\/\/trustwhite.com\/pl\/shop\/buy-thca-crystals-top-shelf\/#primaryimage\",\"url\":\"https:\/\/trustwhite.com\/wp-content\/uploads\/2022\/03\/Buy-THCA-Crystals-Top-Shelf.jpg\",\"contentUrl\":\"https:\/\/trustwhite.com\/wp-content\/uploads\/2022\/03\/Buy-THCA-Crystals-Top-Shelf.jpg\",\"width\":600,\"height\":600},{\"@type\":\"BreadcrumbList\",\"@id\":\"https:\/\/trustwhite.com\/pl\/shop\/buy-thca-crystals-top-shelf\/#breadcrumb\",\"itemListElement\":[{\"@type\":\"ListItem\",\"position\":1,\"name\":\"Home\",\"item\":\"https:\/\/trustwhite.com\/el\/\"},{\"@type\":\"ListItem\",\"position\":2,\"name\":\"Shop\",\"item\":\"https:\/\/trustwhite.com\/el\/shop\/\"},{\"@type\":\"ListItem\",\"position\":3,\"name\":\"Buy THCA Crystals- Top Shelf\"}]},{\"@type\":\"WebSite\",\"@id\":\"https:\/\/trustwhite.com\/el\/#website\",\"url\":\"https:\/\/trustwhite.com\/el\/\",\"name\":\"stonersmeds.com\",\"description\":\"verschreibungspflichtige Medizin kaufen\",\"potentialAction\":[{\"@type\":\"SearchAction\",\"target\":{\"@type\":\"EntryPoint\",\"urlTemplate\":\"https:\/\/trustwhite.com\/el\/?s={search_term_string}\"},\"query-input\":{\"@type\":\"PropertyValueSpecification\",\"valueRequired\":true,\"valueName\":\"search_term_string\"}}],\"inLanguage\":\"cs\"}]}<\/script>\n<!-- \/ Yoast SEO plugin. -->","yoast_head_json":{"title":"Kupte si krystaly THCA \u2013 horn\u00ed police \u2013 stonersmeds.com","description":"Krystalem THCA, \u010dist\u00fd 99,9 %. bezpe\u010dn\u00e9 a rychl\u00e9 dod\u00e1n\u00ed a\u017e k v\u00e1m dom\u016f. Objednejte si nyn\u00ed a z\u00edskejte kvalitn\u00ed krystaly THCA maxim\u00e1ln\u011b do 3 dn\u016f.","robots":{"index":"index","follow":"follow","max-snippet":"max-snippet:-1","max-image-preview":"max-image-preview:large","max-video-preview":"max-video-preview:-1"},"canonical":"https:\/\/trustwhite.com\/cs\/shop\/buy-thca-crystals-top-shelf\/","og_locale":"cs_CZ","og_type":"article","og_title":"Buy THCA Crystals- Top Shelf - stonersmeds.com","og_description":"By THCA crystal, 99.9 % pure. safe and fast delivery to your door step. Order now and get quality THCA crystals in maximum 3 days","og_url":"https:\/\/trustwhite.com\/cs\/shop\/buy-thca-crystals-top-shelf\/","og_site_name":"stonersmeds.com","article_modified_time":"2023-05-12T08:03:03+00:00","og_image":[{"width":600,"height":600,"url":"https:\/\/trustwhite.com\/wp-content\/uploads\/2022\/03\/Buy-THCA-Crystals-Top-Shelf.jpg","type":"image\/jpeg"}],"twitter_card":"summary_large_image","twitter_misc":{"Odhadovan\u00e1 doba \u010dten\u00ed":"3 minuty"},"schema":{"@context":"https:\/\/schema.org","@graph":[{"@type":"WebPage","@id":"https:\/\/trustwhite.com\/pl\/shop\/buy-thca-crystals-top-shelf\/","url":"https:\/\/trustwhite.com\/pl\/shop\/buy-thca-crystals-top-shelf\/","name":"Kupte si krystaly THCA \u2013 horn\u00ed police \u2013 stonersmeds.com","isPartOf":{"@id":"https:\/\/trustwhite.com\/el\/#website"},"primaryImageOfPage":{"@id":"https:\/\/trustwhite.com\/pl\/shop\/buy-thca-crystals-top-shelf\/#primaryimage"},"image":{"@id":"https:\/\/trustwhite.com\/pl\/shop\/buy-thca-crystals-top-shelf\/#primaryimage"},"thumbnailUrl":"https:\/\/trustwhite.com\/wp-content\/uploads\/2022\/03\/Buy-THCA-Crystals-Top-Shelf.jpg","datePublished":"2022-03-11T19:18:50+00:00","dateModified":"2023-05-12T08:03:03+00:00","description":"Krystalem THCA, \u010dist\u00fd 99,9 %. bezpe\u010dn\u00e9 a rychl\u00e9 dod\u00e1n\u00ed a\u017e k v\u00e1m dom\u016f. Objednejte si nyn\u00ed a z\u00edskejte kvalitn\u00ed krystaly THCA maxim\u00e1ln\u011b do 3 dn\u016f.","breadcrumb":{"@id":"https:\/\/trustwhite.com\/pl\/shop\/buy-thca-crystals-top-shelf\/#breadcrumb"},"inLanguage":"cs","potentialAction":[{"@type":"ReadAction","target":["https:\/\/trustwhite.com\/pl\/shop\/buy-thca-crystals-top-shelf\/"]}]},{"@type":"ImageObject","inLanguage":"cs","@id":"https:\/\/trustwhite.com\/pl\/shop\/buy-thca-crystals-top-shelf\/#primaryimage","url":"https:\/\/trustwhite.com\/wp-content\/uploads\/2022\/03\/Buy-THCA-Crystals-Top-Shelf.jpg","contentUrl":"https:\/\/trustwhite.com\/wp-content\/uploads\/2022\/03\/Buy-THCA-Crystals-Top-Shelf.jpg","width":600,"height":600},{"@type":"BreadcrumbList","@id":"https:\/\/trustwhite.com\/pl\/shop\/buy-thca-crystals-top-shelf\/#breadcrumb","itemListElement":[{"@type":"ListItem","position":1,"name":"Home","item":"https:\/\/trustwhite.com\/el\/"},{"@type":"ListItem","position":2,"name":"Shop","item":"https:\/\/trustwhite.com\/el\/shop\/"},{"@type":"ListItem","position":3,"name":"Buy THCA Crystals- Top Shelf"}]},{"@type":"WebSite","@id":"https:\/\/trustwhite.com\/el\/#website","url":"https:\/\/trustwhite.com\/el\/","name":"stonersmeds.com","description":"verschreibungspflichtige Medizin kaufen","potentialAction":[{"@type":"SearchAction","target":{"@type":"EntryPoint","urlTemplate":"https:\/\/trustwhite.com\/el\/?s={search_term_string}"},"query-input":{"@type":"PropertyValueSpecification","valueRequired":true,"valueName":"search_term_string"}}],"inLanguage":"cs"}]}},"_links":{"self":[{"href":"https:\/\/trustwhite.com\/cs\/wp-json\/wp\/v2\/product\/9732","targetHints":{"allow":["GET"]}}],"collection":[{"href":"https:\/\/trustwhite.com\/cs\/wp-json\/wp\/v2\/product"}],"about":[{"href":"https:\/\/trustwhite.com\/cs\/wp-json\/wp\/v2\/types\/product"}],"version-history":[{"count":0,"href":"https:\/\/trustwhite.com\/cs\/wp-json\/wp\/v2\/product\/9732\/revisions"}],"wp:featuredmedia":[{"embeddable":true,"href":"https:\/\/trustwhite.com\/cs\/wp-json\/wp\/v2\/media\/9747"}],"wp:attachment":[{"href":"https:\/\/trustwhite.com\/cs\/wp-json\/wp\/v2\/media?parent=9732"}],"wp:term":[{"taxonomy":"product_brand","embeddable":true,"href":"https:\/\/trustwhite.com\/cs\/wp-json\/wp\/v2\/product_brand?post=9732"},{"taxonomy":"product_cat","embeddable":true,"href":"https:\/\/trustwhite.com\/cs\/wp-json\/wp\/v2\/product_cat?post=9732"},{"taxonomy":"product_tag","embeddable":true,"href":"https:\/\/trustwhite.com\/cs\/wp-json\/wp\/v2\/product_tag?post=9732"}],"curies":[{"name":"wp","href":"https:\/\/api.w.org\/{rel}","templated":true}]}}