{"id":9347,"date":"2022-03-11T15:40:35","date_gmt":"2022-03-11T15:40:35","guid":{"rendered":"https:\/\/stonersmeds.com\/?post_type=product&#038;p=9347"},"modified":"2022-03-11T15:40:35","modified_gmt":"2022-03-11T15:40:35","slug":"buy-cherry-pie-marijuana-strain-online","status":"publish","type":"product","link":"https:\/\/trustwhite.com\/cs\/shop\/buy-cherry-pie-marijuana-strain-online\/","title":{"rendered":"Koupit Cherry Pie Marihuana kmen online"},"content":{"rendered":"<h1>Koupit Cherry Pie Marihuana kmen online.<\/h1>\n<p>Koupit Cherry Pie Marihuana kmen online.<\/p>\n<p>Buy Cherry Pie Marijuana Strain online. Hybrid \u2013 80% Indica \/ 20% Sativa THC: 16% \u2013 24%, CBD: 1%<\/p>\n<p><strong>Efekty<\/strong><br \/>\nCreative, Euphoria, Happy,\u00a0Relaxing<br \/>\nMay Ulevit<br \/>\nADD\/ADHD, \u00fazkost, bipol\u00e1rn\u00ed porucha, chronick\u00e1 bolest, deprese, hyperaktivita, nespavost<br \/>\nP\u0159\u00edchut\u011b<br \/>\nBerry, Cherry, Sweet<br \/>\nAroma<br \/>\nBor\u016fvka, t\u0159e\u0161e\u0148, zemit\u00e1, sladk\u00e1<\/p>\n<p>&nbsp;<\/p>\n<p>&nbsp;<\/p>\n<p>&nbsp;<\/p>\n<pre><strong>Koupit marihuanov\u00fd kmen Cherry Pie online \u2013 koupit marihuanov\u00fd kol\u00e1\u010d s marihuanou, koupit marihuanov\u00fd kmen Cherry Pie online, kde koupit kmen marihuany Cherry Pie, kmen marihuany Cherry Pie na prodej, kmen marihuany na prodej, koupit kmen marihuany Cherry Pie online, kde koupit Cherry Pie Marihuana kmen online, Cherry Pie Marihuana kmen na prodej v USA, USA, Kanada, Spojen\u00e9 kr\u00e1lovstv\u00ed, koupit, online, dodavatel\u00e9, bezpe\u010dn\u00e9 doru\u010den\u00ed, St\u00e1le m\u016f\u017eete z\u00edskat Cherry Pie Marihuana kmen, Je Cherry Pie Marihuana kmen leg\u00e1ln\u00ed v USA , koupit Cherry Pie Marihuana kmen online usa, jak objednat Cherry Pie Marihuana kmen, Cherry Pie Marihuana kmen leg\u00e1ln\u00ed v Kanad\u011b<\/strong><\/pre>","protected":false},"excerpt":{"rendered":"<p>Buy Cherry Pie Marijuana Strain Online.\u00a0Buy Cherry Pie Marijuana Strain online. Hybrid \u2013 80% Indica \/ 20% Sativa THC: 16% \u2013 24%, CBD: 1%<\/p>\n<pre><strong>Koupit marihuanov\u00fd kmen Cherry Pie online \u2013 koupit marihuanov\u00fd kol\u00e1\u010d s marihuanou, koupit marihuanov\u00fd kmen Cherry Pie online, kde koupit kmen marihuany Cherry Pie, kmen marihuany Cherry Pie na prodej, kmen marihuany na prodej, koupit kmen marihuany Cherry Pie online, kde koupit Cherry Pie Marihuana kmen online, Cherry Pie Marihuana kmen na prodej v USA, USA, Kanada, Spojen\u00e9 kr\u00e1lovstv\u00ed, koupit, online, dodavatel\u00e9, bezpe\u010dn\u00e9 doru\u010den\u00ed, St\u00e1le m\u016f\u017eete z\u00edskat Cherry Pie Marihuana kmen, Je Cherry Pie Marihuana kmen leg\u00e1ln\u00ed v USA , koupit Cherry Pie Marihuana kmen online usa, jak objednat Cherry Pie Marihuana kmen, Cherry Pie Marihuana kmen leg\u00e1ln\u00ed v Kanad\u011b<\/strong><\/pre>","protected":false},"featured_media":9369,"template":"","meta":[],"product_brand":[],"product_cat":[81],"product_tag":[],"class_list":{"0":"post-9347","1":"product","2":"type-product","3":"status-publish","4":"has-post-thumbnail","6":"product_cat-marijuana-medical-cannabis","8":"first","9":"instock","10":"shipping-taxable","11":"purchasable","12":"product-type-variable"},"tiered_pricing_type":"fixed","tiered_pricing_fixed_rules":{"28":"9","50":"8","100":"7","250":"6","500":"4.5","1000":"3"},"tiered_pricing_percentage_rules":[],"tiered_pricing_minimum":1,"_administrator_tiered_pricing_type":"fixed","_administrator_tiered_pricing_fixed_rules":[],"_editor_tiered_pricing_type":"fixed","_editor_tiered_pricing_fixed_rules":[],"_author_tiered_pricing_type":"fixed","_author_tiered_pricing_fixed_rules":[],"_contributor_tiered_pricing_type":"fixed","_contributor_tiered_pricing_fixed_rules":[],"_subscriber_tiered_pricing_type":"fixed","_subscriber_tiered_pricing_fixed_rules":[],"_customer_tiered_pricing_type":"fixed","_customer_tiered_pricing_fixed_rules":[],"_shop_manager_tiered_pricing_type":"fixed","_shop_manager_tiered_pricing_fixed_rules":[],"_wpseo_manager_tiered_pricing_type":"fixed","_wpseo_manager_tiered_pricing_fixed_rules":[],"_wpseo_editor_tiered_pricing_type":"fixed","_wpseo_editor_tiered_pricing_fixed_rules":[],"yoast_head":"<!-- This site is optimized with the Yoast SEO plugin v26.8 - https:\/\/yoast.com\/product\/yoast-seo-wordpress\/ -->\n<title>Buy Cherry Pie Marijuana Strain Online - stonersmeds.com<\/title>\n<meta name=\"robots\" content=\"index, follow, max-snippet:-1, max-image-preview:large, max-video-preview:-1\" \/>\n<link rel=\"canonical\" href=\"https:\/\/trustwhite.com\/cs\/shop\/buy-cherry-pie-marijuana-strain-online\/\" \/>\n<meta property=\"og:locale\" content=\"cs_CZ\" \/>\n<meta property=\"og:type\" content=\"article\" \/>\n<meta property=\"og:title\" content=\"Buy Cherry Pie Marijuana Strain Online - stonersmeds.com\" \/>\n<meta property=\"og:description\" content=\"Buy Cherry Pie Marijuana Strain Online.\u00a0Buy Cherry Pie Marijuana Strain online. Hybrid \u2013 80% Indica \/ 20% Sativa THC: 16% \u2013 24%, CBD: 1% Buy Cherry Pie Marijuana Strain Online - buy Pie Marijuana , buy Cherry Pie Marijuana , buy Cherry Pie Marijuana Strain online, Where to Buy Cherry Pie Marijuana Strain , Cherry Pie Marijuana Strain for sale, Marijuana Strain for sale, buy Cherry Pie Marijuana Strain online, where to Buy Cherry Pie Marijuana Strain online, Cherry Pie Marijuana Strain for sale in usa , USA, canada,uk, buy, online, suppliers, safe delivery, You can still get Cherry Pie Marijuana Strain , Is Cherry Pie Marijuana Strain legal in usa, buy Cherry Pie Marijuana Strain online usa, how to order Cherry Pie Marijuana Strain, Is Cherry Pie Marijuana Strain legal in Canada\" \/>\n<meta property=\"og:url\" content=\"https:\/\/trustwhite.com\/cs\/shop\/buy-cherry-pie-marijuana-strain-online\/\" \/>\n<meta property=\"og:site_name\" content=\"stonersmeds.com\" \/>\n<meta property=\"og:image\" content=\"https:\/\/trustwhite.com\/wp-content\/uploads\/2022\/03\/Buy-Cherry-Pie-Marijuana-Strain-Online.jpg\" \/>\n\t<meta property=\"og:image:width\" content=\"600\" \/>\n\t<meta property=\"og:image:height\" content=\"600\" \/>\n\t<meta property=\"og:image:type\" content=\"image\/jpeg\" \/>\n<meta name=\"twitter:card\" content=\"summary_large_image\" \/>\n<meta name=\"twitter:label1\" content=\"Odhadovan\u00e1 doba \u010dten\u00ed\" \/>\n\t<meta name=\"twitter:data1\" content=\"1 minuta\" \/>\n<script type=\"application\/ld+json\" class=\"yoast-schema-graph\">{\"@context\":\"https:\/\/schema.org\",\"@graph\":[{\"@type\":\"WebPage\",\"@id\":\"https:\/\/trustwhite.com\/shop\/buy-cherry-pie-marijuana-strain-online\/\",\"url\":\"https:\/\/trustwhite.com\/shop\/buy-cherry-pie-marijuana-strain-online\/\",\"name\":\"Buy Cherry Pie Marijuana Strain Online - stonersmeds.com\",\"isPartOf\":{\"@id\":\"https:\/\/trustwhite.com\/el\/#website\"},\"primaryImageOfPage\":{\"@id\":\"https:\/\/trustwhite.com\/shop\/buy-cherry-pie-marijuana-strain-online\/#primaryimage\"},\"image\":{\"@id\":\"https:\/\/trustwhite.com\/shop\/buy-cherry-pie-marijuana-strain-online\/#primaryimage\"},\"thumbnailUrl\":\"https:\/\/trustwhite.com\/wp-content\/uploads\/2022\/03\/Buy-Cherry-Pie-Marijuana-Strain-Online.jpg\",\"datePublished\":\"2022-03-11T15:40:35+00:00\",\"breadcrumb\":{\"@id\":\"https:\/\/trustwhite.com\/shop\/buy-cherry-pie-marijuana-strain-online\/#breadcrumb\"},\"inLanguage\":\"cs\",\"potentialAction\":[{\"@type\":\"ReadAction\",\"target\":[\"https:\/\/trustwhite.com\/shop\/buy-cherry-pie-marijuana-strain-online\/\"]}]},{\"@type\":\"ImageObject\",\"inLanguage\":\"cs\",\"@id\":\"https:\/\/trustwhite.com\/shop\/buy-cherry-pie-marijuana-strain-online\/#primaryimage\",\"url\":\"https:\/\/trustwhite.com\/wp-content\/uploads\/2022\/03\/Buy-Cherry-Pie-Marijuana-Strain-Online.jpg\",\"contentUrl\":\"https:\/\/trustwhite.com\/wp-content\/uploads\/2022\/03\/Buy-Cherry-Pie-Marijuana-Strain-Online.jpg\",\"width\":600,\"height\":600},{\"@type\":\"BreadcrumbList\",\"@id\":\"https:\/\/trustwhite.com\/shop\/buy-cherry-pie-marijuana-strain-online\/#breadcrumb\",\"itemListElement\":[{\"@type\":\"ListItem\",\"position\":1,\"name\":\"Home\",\"item\":\"https:\/\/trustwhite.com\/el\/\"},{\"@type\":\"ListItem\",\"position\":2,\"name\":\"Shop\",\"item\":\"https:\/\/trustwhite.com\/el\/shop\/\"},{\"@type\":\"ListItem\",\"position\":3,\"name\":\"Buy Cherry Pie Marijuana Strain Online\"}]},{\"@type\":\"WebSite\",\"@id\":\"https:\/\/trustwhite.com\/el\/#website\",\"url\":\"https:\/\/trustwhite.com\/el\/\",\"name\":\"stonersmeds.com\",\"description\":\"verschreibungspflichtige Medizin kaufen\",\"potentialAction\":[{\"@type\":\"SearchAction\",\"target\":{\"@type\":\"EntryPoint\",\"urlTemplate\":\"https:\/\/trustwhite.com\/el\/?s={search_term_string}\"},\"query-input\":{\"@type\":\"PropertyValueSpecification\",\"valueRequired\":true,\"valueName\":\"search_term_string\"}}],\"inLanguage\":\"cs\"}]}<\/script>\n<!-- \/ Yoast SEO plugin. -->","yoast_head_json":{"title":"Kupte si Cherry Pie Marihuana Strain online - stonersmeds.com","robots":{"index":"index","follow":"follow","max-snippet":"max-snippet:-1","max-image-preview":"max-image-preview:large","max-video-preview":"max-video-preview:-1"},"canonical":"https:\/\/trustwhite.com\/cs\/shop\/buy-cherry-pie-marijuana-strain-online\/","og_locale":"cs_CZ","og_type":"article","og_title":"Buy Cherry Pie Marijuana Strain Online - stonersmeds.com","og_description":"Buy Cherry Pie Marijuana Strain Online.\u00a0Buy Cherry Pie Marijuana Strain online. Hybrid \u2013 80% Indica \/ 20% Sativa THC: 16% \u2013 24%, CBD: 1% Buy Cherry Pie Marijuana Strain Online - buy Pie Marijuana , buy Cherry Pie Marijuana , buy Cherry Pie Marijuana Strain online, Where to Buy Cherry Pie Marijuana Strain , Cherry Pie Marijuana Strain for sale, Marijuana Strain for sale, buy Cherry Pie Marijuana Strain online, where to Buy Cherry Pie Marijuana Strain online, Cherry Pie Marijuana Strain for sale in usa , USA, canada,uk, buy, online, suppliers, safe delivery, You can still get Cherry Pie Marijuana Strain , Is Cherry Pie Marijuana Strain legal in usa, buy Cherry Pie Marijuana Strain online usa, how to order Cherry Pie Marijuana Strain, Is Cherry Pie Marijuana Strain legal in Canada","og_url":"https:\/\/trustwhite.com\/cs\/shop\/buy-cherry-pie-marijuana-strain-online\/","og_site_name":"stonersmeds.com","og_image":[{"width":600,"height":600,"url":"https:\/\/trustwhite.com\/wp-content\/uploads\/2022\/03\/Buy-Cherry-Pie-Marijuana-Strain-Online.jpg","type":"image\/jpeg"}],"twitter_card":"summary_large_image","twitter_misc":{"Odhadovan\u00e1 doba \u010dten\u00ed":"1 minuta"},"schema":{"@context":"https:\/\/schema.org","@graph":[{"@type":"WebPage","@id":"https:\/\/trustwhite.com\/shop\/buy-cherry-pie-marijuana-strain-online\/","url":"https:\/\/trustwhite.com\/shop\/buy-cherry-pie-marijuana-strain-online\/","name":"Kupte si Cherry Pie Marihuana Strain online - stonersmeds.com","isPartOf":{"@id":"https:\/\/trustwhite.com\/el\/#website"},"primaryImageOfPage":{"@id":"https:\/\/trustwhite.com\/shop\/buy-cherry-pie-marijuana-strain-online\/#primaryimage"},"image":{"@id":"https:\/\/trustwhite.com\/shop\/buy-cherry-pie-marijuana-strain-online\/#primaryimage"},"thumbnailUrl":"https:\/\/trustwhite.com\/wp-content\/uploads\/2022\/03\/Buy-Cherry-Pie-Marijuana-Strain-Online.jpg","datePublished":"2022-03-11T15:40:35+00:00","breadcrumb":{"@id":"https:\/\/trustwhite.com\/shop\/buy-cherry-pie-marijuana-strain-online\/#breadcrumb"},"inLanguage":"cs","potentialAction":[{"@type":"ReadAction","target":["https:\/\/trustwhite.com\/shop\/buy-cherry-pie-marijuana-strain-online\/"]}]},{"@type":"ImageObject","inLanguage":"cs","@id":"https:\/\/trustwhite.com\/shop\/buy-cherry-pie-marijuana-strain-online\/#primaryimage","url":"https:\/\/trustwhite.com\/wp-content\/uploads\/2022\/03\/Buy-Cherry-Pie-Marijuana-Strain-Online.jpg","contentUrl":"https:\/\/trustwhite.com\/wp-content\/uploads\/2022\/03\/Buy-Cherry-Pie-Marijuana-Strain-Online.jpg","width":600,"height":600},{"@type":"BreadcrumbList","@id":"https:\/\/trustwhite.com\/shop\/buy-cherry-pie-marijuana-strain-online\/#breadcrumb","itemListElement":[{"@type":"ListItem","position":1,"name":"Home","item":"https:\/\/trustwhite.com\/el\/"},{"@type":"ListItem","position":2,"name":"Shop","item":"https:\/\/trustwhite.com\/el\/shop\/"},{"@type":"ListItem","position":3,"name":"Buy Cherry Pie Marijuana Strain Online"}]},{"@type":"WebSite","@id":"https:\/\/trustwhite.com\/el\/#website","url":"https:\/\/trustwhite.com\/el\/","name":"stonersmeds.com","description":"verschreibungspflichtige Medizin kaufen","potentialAction":[{"@type":"SearchAction","target":{"@type":"EntryPoint","urlTemplate":"https:\/\/trustwhite.com\/el\/?s={search_term_string}"},"query-input":{"@type":"PropertyValueSpecification","valueRequired":true,"valueName":"search_term_string"}}],"inLanguage":"cs"}]}},"_links":{"self":[{"href":"https:\/\/trustwhite.com\/cs\/wp-json\/wp\/v2\/product\/9347","targetHints":{"allow":["GET"]}}],"collection":[{"href":"https:\/\/trustwhite.com\/cs\/wp-json\/wp\/v2\/product"}],"about":[{"href":"https:\/\/trustwhite.com\/cs\/wp-json\/wp\/v2\/types\/product"}],"version-history":[{"count":0,"href":"https:\/\/trustwhite.com\/cs\/wp-json\/wp\/v2\/product\/9347\/revisions"}],"wp:featuredmedia":[{"embeddable":true,"href":"https:\/\/trustwhite.com\/cs\/wp-json\/wp\/v2\/media\/9369"}],"wp:attachment":[{"href":"https:\/\/trustwhite.com\/cs\/wp-json\/wp\/v2\/media?parent=9347"}],"wp:term":[{"taxonomy":"product_brand","embeddable":true,"href":"https:\/\/trustwhite.com\/cs\/wp-json\/wp\/v2\/product_brand?post=9347"},{"taxonomy":"product_cat","embeddable":true,"href":"https:\/\/trustwhite.com\/cs\/wp-json\/wp\/v2\/product_cat?post=9347"},{"taxonomy":"product_tag","embeddable":true,"href":"https:\/\/trustwhite.com\/cs\/wp-json\/wp\/v2\/product_tag?post=9347"}],"curies":[{"name":"wp","href":"https:\/\/api.w.org\/{rel}","templated":true}]}}