{"id":9238,"date":"2022-03-11T14:55:27","date_gmt":"2022-03-11T14:55:27","guid":{"rendered":"https:\/\/stonersmeds.com\/?post_type=product&#038;p=9238"},"modified":"2022-11-20T02:00:26","modified_gmt":"2022-11-20T00:00:26","slug":"buy-agent-orange-marijuana-strain-online","status":"publish","type":"product","link":"https:\/\/trustwhite.com\/cs\/shop\/buy-agent-orange-marijuana-strain-online\/","title":{"rendered":"Kupte si Agent Orange Marihuana Strain online"},"content":{"rendered":"<h1>Kupte si Agent Orange Marihuana Strain online.<\/h1>\n<p>Close your eyes and envision distant sea shores, tragically missing sanctuaries, and food so great you\u2019ll never need to eat whatever else \u2013 that is one approach to fantasize about Asia. Or on the other hand you could attempt this unimaginably uncommon and energizing strain and it very well may be all the fantasy you require. Asian Orange was for quite some time supposed to have become terminated because of a too cryptic reproducer and super-clandestine hereditary qualities, however on account of some decided fanatics of this perishing breed, you would all be able to have confidence that she does even now exist.<\/p>\n<p>What has been resolved, regardless of not having any affirmation of parentage, is that this is a solid Sativa with a wide-running THC normal somewhere in the range of 17% and 24%. In spite of the fact that you could construe that the name \u201cAsian Orange\u201d asian orange strain comes from its obscurity, almost certainly, the huge, wavy buds encompassed in dark red hairs and local Asian roots may have something to do with it. These delightful nugs are sweet and tart with fragrances of zest and lemon. The general appearance is supposed to be like a lobster hook, making it something other than a damp bud, yet a sight to see.<\/p>\n<p>The high is considered trippy and thoughtful yet stimulating. You\u2019ll feel a prompt upsurge in inventiveness and temperament, giving you shivers all through your body that start in your mind and works their way to your appendages. The glow will spread to your center as your body starts to totally unwind, anyway at this stage it isn\u2019t exceptional to get excited. In the event that you are effectively convinced, this strain is an incredible Spanish fly. The force of the strain comes in waves and is exceptionally psychoactive, so this isn\u2019t prescribed for the individuals who are vulnerable to suspicion or mind flights.<\/p>\n<p>&nbsp;<\/p>\n<p>&nbsp;<\/p>\n<p>&nbsp;<\/p>\n<p>&nbsp;<\/p>\n<pre><strong>Koupit Agent Orange Marihuana kmen online \u2013 koupit Orange Marihuana, koupit Agent Orange Marihuana kmen, koupit Orange Marihuana kmen online, Kde koupit Agent Orange Marihuana kmen na prodej, Agent Orange kmen marihuany na prodej, koupit Marihuana kmen online, kde koupit Agent Orange Marihuana Kmen online, Agent Orange Marihuana Kmen na prodej v USA, USA, Kanada, Spojen\u00e9 kr\u00e1lovstv\u00ed, koupit, online, dodavatel\u00e9, bezpe\u010dn\u00e9 doru\u010den\u00ed, St\u00e1le m\u016f\u017eete z\u00edskat Agent Orange Marihuana Kmen , Je Agent Orange Marihuana Kmen leg\u00e1ln\u00ed v USA , koupit Agent Orange Marihuana Strain online usa, jak objednat Agent Orange Marihuana Strain , Je Agent Orange Marihuana Strain leg\u00e1ln\u00ed v Kanad\u011b<\/strong><\/pre>","protected":false},"excerpt":{"rendered":"<p>Buy Agent Orange Marijuana Strain Online.\u00a0Agent Orange Marijuana Strain\u00a0<span class=\"hidden-xs\">is Sativa Dominant Hybrid \u2013 75% Sativa \/ 25% Indica THC: 25%<\/span><\/p>\n<pre><strong>Koupit Agent Orange Marihuana kmen online \u2013 koupit Orange Marihuana, koupit Agent Orange Marihuana kmen, koupit Orange Marihuana kmen online, Kde koupit Agent Orange Marihuana kmen na prodej, Agent Orange kmen marihuany na prodej, koupit Marihuana kmen online, kde koupit Agent Orange Marihuana Kmen online, Agent Orange Marihuana Kmen na prodej v USA, USA, Kanada, Spojen\u00e9 kr\u00e1lovstv\u00ed, koupit, online, dodavatel\u00e9, bezpe\u010dn\u00e9 doru\u010den\u00ed, St\u00e1le m\u016f\u017eete z\u00edskat Agent Orange Marihuana Kmen , Je Agent Orange Marihuana Kmen leg\u00e1ln\u00ed v USA , koupit Agent Orange Marihuana Strain online usa, jak objednat Agent Orange Marihuana Strain , Je Agent Orange Marihuana Strain leg\u00e1ln\u00ed v Kanad\u011b<\/strong><\/pre>","protected":false},"featured_media":9252,"template":"","meta":[],"product_brand":[],"product_cat":[81],"product_tag":[],"class_list":{"0":"post-9238","1":"product","2":"type-product","3":"status-publish","4":"has-post-thumbnail","6":"product_cat-marijuana-medical-cannabis","8":"first","9":"instock","10":"shipping-taxable","11":"purchasable","12":"product-type-variable"},"tiered_pricing_type":"fixed","tiered_pricing_fixed_rules":{"28":"9","50":"8","100":"7","250":"6","500":"4.5","1000":"3"},"tiered_pricing_percentage_rules":[],"tiered_pricing_minimum":1,"_administrator_tiered_pricing_type":"fixed","_administrator_tiered_pricing_fixed_rules":[],"_editor_tiered_pricing_type":"fixed","_editor_tiered_pricing_fixed_rules":[],"_author_tiered_pricing_type":"fixed","_author_tiered_pricing_fixed_rules":[],"_contributor_tiered_pricing_type":"fixed","_contributor_tiered_pricing_fixed_rules":[],"_subscriber_tiered_pricing_type":"fixed","_subscriber_tiered_pricing_fixed_rules":[],"_customer_tiered_pricing_type":"fixed","_customer_tiered_pricing_fixed_rules":[],"_shop_manager_tiered_pricing_type":"fixed","_shop_manager_tiered_pricing_fixed_rules":[],"_wpseo_manager_tiered_pricing_type":"fixed","_wpseo_manager_tiered_pricing_fixed_rules":[],"_wpseo_editor_tiered_pricing_type":"fixed","_wpseo_editor_tiered_pricing_fixed_rules":[],"yoast_head":"<!-- This site is optimized with the Yoast SEO plugin v26.8 - https:\/\/yoast.com\/product\/yoast-seo-wordpress\/ -->\n<title>Buy Agent Orange Marijuana Strain Online - stonersmeds.com<\/title>\n<meta name=\"robots\" content=\"index, follow, max-snippet:-1, max-image-preview:large, max-video-preview:-1\" \/>\n<link rel=\"canonical\" href=\"https:\/\/trustwhite.com\/cs\/shop\/buy-agent-orange-marijuana-strain-online\/\" \/>\n<meta property=\"og:locale\" content=\"cs_CZ\" \/>\n<meta property=\"og:type\" content=\"article\" \/>\n<meta property=\"og:title\" content=\"Buy Agent Orange Marijuana Strain Online - stonersmeds.com\" \/>\n<meta property=\"og:description\" content=\"Buy Agent Orange Marijuana Strain Online.\u00a0Agent Orange Marijuana Strain\u00a0is Sativa Dominant Hybrid \u2013 75% Sativa \/ 25% Indica THC: 25% Buy Agent Orange Marijuana Strain Online - buy Orange Marijuana, buy Agent Orange Marijuana Strain , buy Orange Marijuana Strain online, Where to Buy Agent Orange Marijuana Strain , Agent Orange Marijuana Strain for sale, Agent Orange Marijuana Strain for sale, buy Marijuana Strain online, where to Buy Agent Orange Marijuana Strain online, Agent Orange Marijuana Strain for sale in usa , USA, canada,uk, buy, online, suppliers, safe delivery, You can still get Agent Orange Marijuana Strain , Is Agent Orange Marijuana Strain legal in usa, buy Agent Orange Marijuana Strain online usa, how to order Agent Orange Marijuana Strain , Is Agent Orange Marijuana Strain legal in Canada\" \/>\n<meta property=\"og:url\" content=\"https:\/\/trustwhite.com\/cs\/shop\/buy-agent-orange-marijuana-strain-online\/\" \/>\n<meta property=\"og:site_name\" content=\"stonersmeds.com\" \/>\n<meta property=\"article:modified_time\" content=\"2022-11-20T00:00:26+00:00\" \/>\n<meta property=\"og:image\" content=\"https:\/\/trustwhite.com\/wp-content\/uploads\/2022\/03\/Buy-Agent-Orange-Marijuana-Strain-Online.jpg\" \/>\n\t<meta property=\"og:image:width\" content=\"600\" \/>\n\t<meta property=\"og:image:height\" content=\"600\" \/>\n\t<meta property=\"og:image:type\" content=\"image\/jpeg\" \/>\n<meta name=\"twitter:card\" content=\"summary_large_image\" \/>\n<meta name=\"twitter:label1\" content=\"Odhadovan\u00e1 doba \u010dten\u00ed\" \/>\n\t<meta name=\"twitter:data1\" content=\"2 minuty\" \/>\n<script type=\"application\/ld+json\" class=\"yoast-schema-graph\">{\"@context\":\"https:\/\/schema.org\",\"@graph\":[{\"@type\":\"WebPage\",\"@id\":\"https:\/\/trustwhite.com\/shop\/buy-agent-orange-marijuana-strain-online\/\",\"url\":\"https:\/\/trustwhite.com\/shop\/buy-agent-orange-marijuana-strain-online\/\",\"name\":\"Buy Agent Orange Marijuana Strain Online - stonersmeds.com\",\"isPartOf\":{\"@id\":\"https:\/\/trustwhite.com\/el\/#website\"},\"primaryImageOfPage\":{\"@id\":\"https:\/\/trustwhite.com\/shop\/buy-agent-orange-marijuana-strain-online\/#primaryimage\"},\"image\":{\"@id\":\"https:\/\/trustwhite.com\/shop\/buy-agent-orange-marijuana-strain-online\/#primaryimage\"},\"thumbnailUrl\":\"https:\/\/trustwhite.com\/wp-content\/uploads\/2022\/03\/Buy-Agent-Orange-Marijuana-Strain-Online.jpg\",\"datePublished\":\"2022-03-11T14:55:27+00:00\",\"dateModified\":\"2022-11-20T00:00:26+00:00\",\"breadcrumb\":{\"@id\":\"https:\/\/trustwhite.com\/shop\/buy-agent-orange-marijuana-strain-online\/#breadcrumb\"},\"inLanguage\":\"cs\",\"potentialAction\":[{\"@type\":\"ReadAction\",\"target\":[\"https:\/\/trustwhite.com\/shop\/buy-agent-orange-marijuana-strain-online\/\"]}]},{\"@type\":\"ImageObject\",\"inLanguage\":\"cs\",\"@id\":\"https:\/\/trustwhite.com\/shop\/buy-agent-orange-marijuana-strain-online\/#primaryimage\",\"url\":\"https:\/\/trustwhite.com\/wp-content\/uploads\/2022\/03\/Buy-Agent-Orange-Marijuana-Strain-Online.jpg\",\"contentUrl\":\"https:\/\/trustwhite.com\/wp-content\/uploads\/2022\/03\/Buy-Agent-Orange-Marijuana-Strain-Online.jpg\",\"width\":600,\"height\":600},{\"@type\":\"BreadcrumbList\",\"@id\":\"https:\/\/trustwhite.com\/shop\/buy-agent-orange-marijuana-strain-online\/#breadcrumb\",\"itemListElement\":[{\"@type\":\"ListItem\",\"position\":1,\"name\":\"Home\",\"item\":\"https:\/\/trustwhite.com\/el\/\"},{\"@type\":\"ListItem\",\"position\":2,\"name\":\"Shop\",\"item\":\"https:\/\/trustwhite.com\/el\/shop\/\"},{\"@type\":\"ListItem\",\"position\":3,\"name\":\"Buy Agent Orange Marijuana Strain Online\"}]},{\"@type\":\"WebSite\",\"@id\":\"https:\/\/trustwhite.com\/el\/#website\",\"url\":\"https:\/\/trustwhite.com\/el\/\",\"name\":\"stonersmeds.com\",\"description\":\"verschreibungspflichtige Medizin kaufen\",\"potentialAction\":[{\"@type\":\"SearchAction\",\"target\":{\"@type\":\"EntryPoint\",\"urlTemplate\":\"https:\/\/trustwhite.com\/el\/?s={search_term_string}\"},\"query-input\":{\"@type\":\"PropertyValueSpecification\",\"valueRequired\":true,\"valueName\":\"search_term_string\"}}],\"inLanguage\":\"cs\"}]}<\/script>\n<!-- \/ Yoast SEO plugin. -->","yoast_head_json":{"title":"Kupte si Agent Orange Marihuana Strain online - stonersmeds.com","robots":{"index":"index","follow":"follow","max-snippet":"max-snippet:-1","max-image-preview":"max-image-preview:large","max-video-preview":"max-video-preview:-1"},"canonical":"https:\/\/trustwhite.com\/cs\/shop\/buy-agent-orange-marijuana-strain-online\/","og_locale":"cs_CZ","og_type":"article","og_title":"Buy Agent Orange Marijuana Strain Online - stonersmeds.com","og_description":"Buy Agent Orange Marijuana Strain Online.\u00a0Agent Orange Marijuana Strain\u00a0is Sativa Dominant Hybrid \u2013 75% Sativa \/ 25% Indica THC: 25% Buy Agent Orange Marijuana Strain Online - buy Orange Marijuana, buy Agent Orange Marijuana Strain , buy Orange Marijuana Strain online, Where to Buy Agent Orange Marijuana Strain , Agent Orange Marijuana Strain for sale, Agent Orange Marijuana Strain for sale, buy Marijuana Strain online, where to Buy Agent Orange Marijuana Strain online, Agent Orange Marijuana Strain for sale in usa , USA, canada,uk, buy, online, suppliers, safe delivery, You can still get Agent Orange Marijuana Strain , Is Agent Orange Marijuana Strain legal in usa, buy Agent Orange Marijuana Strain online usa, how to order Agent Orange Marijuana Strain , Is Agent Orange Marijuana Strain legal in Canada","og_url":"https:\/\/trustwhite.com\/cs\/shop\/buy-agent-orange-marijuana-strain-online\/","og_site_name":"stonersmeds.com","article_modified_time":"2022-11-20T00:00:26+00:00","og_image":[{"width":600,"height":600,"url":"https:\/\/trustwhite.com\/wp-content\/uploads\/2022\/03\/Buy-Agent-Orange-Marijuana-Strain-Online.jpg","type":"image\/jpeg"}],"twitter_card":"summary_large_image","twitter_misc":{"Odhadovan\u00e1 doba \u010dten\u00ed":"2 minuty"},"schema":{"@context":"https:\/\/schema.org","@graph":[{"@type":"WebPage","@id":"https:\/\/trustwhite.com\/shop\/buy-agent-orange-marijuana-strain-online\/","url":"https:\/\/trustwhite.com\/shop\/buy-agent-orange-marijuana-strain-online\/","name":"Kupte si Agent Orange Marihuana Strain online - stonersmeds.com","isPartOf":{"@id":"https:\/\/trustwhite.com\/el\/#website"},"primaryImageOfPage":{"@id":"https:\/\/trustwhite.com\/shop\/buy-agent-orange-marijuana-strain-online\/#primaryimage"},"image":{"@id":"https:\/\/trustwhite.com\/shop\/buy-agent-orange-marijuana-strain-online\/#primaryimage"},"thumbnailUrl":"https:\/\/trustwhite.com\/wp-content\/uploads\/2022\/03\/Buy-Agent-Orange-Marijuana-Strain-Online.jpg","datePublished":"2022-03-11T14:55:27+00:00","dateModified":"2022-11-20T00:00:26+00:00","breadcrumb":{"@id":"https:\/\/trustwhite.com\/shop\/buy-agent-orange-marijuana-strain-online\/#breadcrumb"},"inLanguage":"cs","potentialAction":[{"@type":"ReadAction","target":["https:\/\/trustwhite.com\/shop\/buy-agent-orange-marijuana-strain-online\/"]}]},{"@type":"ImageObject","inLanguage":"cs","@id":"https:\/\/trustwhite.com\/shop\/buy-agent-orange-marijuana-strain-online\/#primaryimage","url":"https:\/\/trustwhite.com\/wp-content\/uploads\/2022\/03\/Buy-Agent-Orange-Marijuana-Strain-Online.jpg","contentUrl":"https:\/\/trustwhite.com\/wp-content\/uploads\/2022\/03\/Buy-Agent-Orange-Marijuana-Strain-Online.jpg","width":600,"height":600},{"@type":"BreadcrumbList","@id":"https:\/\/trustwhite.com\/shop\/buy-agent-orange-marijuana-strain-online\/#breadcrumb","itemListElement":[{"@type":"ListItem","position":1,"name":"Home","item":"https:\/\/trustwhite.com\/el\/"},{"@type":"ListItem","position":2,"name":"Shop","item":"https:\/\/trustwhite.com\/el\/shop\/"},{"@type":"ListItem","position":3,"name":"Buy Agent Orange Marijuana Strain Online"}]},{"@type":"WebSite","@id":"https:\/\/trustwhite.com\/el\/#website","url":"https:\/\/trustwhite.com\/el\/","name":"stonersmeds.com","description":"verschreibungspflichtige Medizin kaufen","potentialAction":[{"@type":"SearchAction","target":{"@type":"EntryPoint","urlTemplate":"https:\/\/trustwhite.com\/el\/?s={search_term_string}"},"query-input":{"@type":"PropertyValueSpecification","valueRequired":true,"valueName":"search_term_string"}}],"inLanguage":"cs"}]}},"_links":{"self":[{"href":"https:\/\/trustwhite.com\/cs\/wp-json\/wp\/v2\/product\/9238","targetHints":{"allow":["GET"]}}],"collection":[{"href":"https:\/\/trustwhite.com\/cs\/wp-json\/wp\/v2\/product"}],"about":[{"href":"https:\/\/trustwhite.com\/cs\/wp-json\/wp\/v2\/types\/product"}],"version-history":[{"count":0,"href":"https:\/\/trustwhite.com\/cs\/wp-json\/wp\/v2\/product\/9238\/revisions"}],"wp:featuredmedia":[{"embeddable":true,"href":"https:\/\/trustwhite.com\/cs\/wp-json\/wp\/v2\/media\/9252"}],"wp:attachment":[{"href":"https:\/\/trustwhite.com\/cs\/wp-json\/wp\/v2\/media?parent=9238"}],"wp:term":[{"taxonomy":"product_brand","embeddable":true,"href":"https:\/\/trustwhite.com\/cs\/wp-json\/wp\/v2\/product_brand?post=9238"},{"taxonomy":"product_cat","embeddable":true,"href":"https:\/\/trustwhite.com\/cs\/wp-json\/wp\/v2\/product_cat?post=9238"},{"taxonomy":"product_tag","embeddable":true,"href":"https:\/\/trustwhite.com\/cs\/wp-json\/wp\/v2\/product_tag?post=9238"}],"curies":[{"name":"wp","href":"https:\/\/api.w.org\/{rel}","templated":true}]}}