{"id":9218,"date":"2022-03-11T14:48:47","date_gmt":"2022-03-11T14:48:47","guid":{"rendered":"https:\/\/stonersmeds.com\/?post_type=product&#038;p=9218"},"modified":"2023-01-04T10:57:28","modified_gmt":"2023-01-04T08:57:28","slug":"buy-k2-paper-online","status":"publish","type":"product","link":"https:\/\/trustwhite.com\/cs\/shop\/buy-k2-paper-online\/","title":{"rendered":"Koupit pap\u00edr K2 online"},"content":{"rendered":"<h1>Z\u00edskejte levn\u00e9 pap\u00edrov\u00e9 listy K2&lt; doru\u010den\u00e9 a\u017e k v\u00e1m dom\u016f<\/h1>\n<p><strong>Koupit pap\u00edr K2 online<\/strong>\u00a0- Syntetick\u00e1 marihuana se rychle st\u00e1v\u00e1 obl\u00edbenou variantou mezi konzumenty tr\u00e1vy. Pap\u00edrek napu\u0161t\u011bn\u00fd K2 je sm\u011bs\u00ed rozdrcen\u00fdch rostlinn\u00fdch materi\u00e1l\u016f a lidmi vyroben\u00fdch chemick\u00fdch l\u00e1tek s \u00fa\u010dinky m\u011bn\u00edc\u00edmi mysl. Podle v\u00fdzkumu se tyto chemick\u00e9 l\u00e1tky p\u0159ipojuj\u00ed na stejn\u00e9 receptory nervov\u00fdch bun\u011bk v mozku jako THC, co\u017e vede ke zlep\u0161en\u00ed n\u00e1lady, uvoln\u011bn\u00ed, zm\u011bn\u011b vn\u00edm\u00e1n\u00ed a psych\u00f3ze. Pokud hled\u00e1te vysoce kvalitn\u00ed produkt, nehledejte nic jin\u00e9ho ne\u017e n\u00e1\u0161 renomovan\u00fd internetov\u00fd obchod. Na\u0161e z\u00e1soby z\u00edsk\u00e1v\u00e1me od d\u016fv\u011bryhodn\u00fdch v\u00fdrobc\u016f, abychom zajistili bezpe\u010dnost na\u0161ich z\u00e1kazn\u00edk\u016f. Vyzkou\u0161ejte n\u00e1s a nebudete zklam\u00e1ni.\u00a0<a href=\"https:\/\/stonersmeds.com\/contact\">KONTAKT<\/a><\/p>\n<p>Kanabinoidy se p\u0159irozen\u011b vyskytuj\u00ed v rostlin\u00e1ch marihuany jako chemick\u00e9 slou\u010deniny a slou\u017e\u00ed jako z\u00e1klad pro r\u016fzn\u00e9 syntetick\u00e9 drogy. Syntetick\u00fd pap\u00edr K2 je chemicky p\u0159\u00edbuzn\u00fd \u00fa\u010dinn\u00e9 l\u00e1tce v konop\u00ed. \u00da\u010dinky jsou intenzivn\u011bj\u0161\u00ed a \u010dlov\u011bk se na konci sezen\u00ed m\u016f\u017ee c\u00edtit uvoln\u011bn\u00fd a povznesen\u00fd. Vzhledem k tomu, \u017ee si lid\u00e9 uv\u011bdomuj\u00ed skute\u010dn\u00e9 v\u00fdhody marihuany, je tento produkt pou\u017e\u00edv\u00e1n jako bezpe\u010dn\u00e1 mo\u017enost pro r\u016fzn\u00e9 l\u00e9ka\u0159sk\u00e9 a rekrea\u010dn\u00ed \u00fa\u010dely. M\u011bli byste si v\u0161ak spot\u0159ebu hl\u00eddat, proto\u017ee p\u0159ed\u00e1vkov\u00e1n\u00ed m\u016f\u017ee v\u00e9st k ne\u017e\u00e1douc\u00edm vedlej\u0161\u00edm \u00fa\u010dink\u016fm, jako jsou \u00fazkost, halucinace, vysok\u00fd krevn\u00ed tlak, bolest na hrudi, du\u0161nost, z\u00e1chvaty a zvracen\u00ed. N\u011bkter\u00e9 v\u00fdrobky z ko\u0159en\u00ed K2 na trhu mohou b\u00fdt tak\u00e9 obohaceny o toxick\u00e9 l\u00e1tky. Proto je nezbytn\u00e9 nakupovat u renomovan\u00e9ho prodejce.<\/p>\n<p>Chcete si koupit nejkvalitn\u011bj\u0161\u00ed bylinn\u00e9 produkty? D\u00edky rozs\u00e1hl\u00e9 z\u00e1kaznick\u00e9 z\u00e1kladn\u011b po cel\u00e9m sv\u011bt\u011b v\u00e1m nab\u00edz\u00edme jedine\u010dnou p\u0159\u00edle\u017eitost koupit si K2 pap\u00edr online za p\u0159ijateln\u00e9 ceny. Krom\u011b toho, \u017ee m\u00e1me nejv\u011bt\u0161\u00ed v\u00fdb\u011br produkt\u016f, poskytujeme zabezpe\u010den\u00e9 platebn\u00ed metody a diskr\u00e9tn\u00ed p\u0159epravn\u00ed slu\u017eby. Nemus\u00edte nav\u0161t\u011bvovat samoobsluhy nebo zast\u00e1vky v okol\u00ed. C\u00edlem spole\u010dnosti je neust\u00e1le vylep\u0161ovat kvalitu v\u00fdrobk\u016f a z\u00e1kaznick\u00fd servis, aby si udr\u017eela n\u00e1skok v z\u00e1vod\u011b. Va\u0161e spokojenost je pro n\u00e1s nejvy\u0161\u0161\u00ed prioritou a m\u00e1me zku\u0161en\u00fd t\u00fdm, kter\u00fd si porad\u00ed s p\u0159\u00edpadn\u00fdmi z\u00e1drhely. V p\u0159\u00edpad\u011b jak\u00fdchkoli dotaz\u016f nebo obav n\u00e1s nev\u00e1hejte kontaktovat.<\/p>\n<h3><strong>Koupit pap\u00edr K2 online<\/strong><\/h3>\n<pre><strong>Koupit pap\u00edr K2 online, levn\u00fd pap\u00edr K2, pap\u00edr K2 na prodej, leg\u00e1ln\u00ed pap\u00edr s vysok\u00fdm obsahem ko\u0159en\u00ed K2, tekut\u00fd k2 na pap\u00ed\u0159e, pap\u00edr na ko\u0159en\u00ed,<\/strong><\/pre>","protected":false},"excerpt":{"rendered":"<p>Ka\u017ed\u00fd list A4 je napu\u0161t\u011bn\u00a0<em><strong>25 ml=0,845351 tekutiny oz<\/strong><\/em>\u00a0kapaln\u00e9ho K2.\u00a0<strong>Bez z\u00e1pachu a barvy<\/strong>\u00a0Pap\u00edr K2 na prodej.\u00a0<strong>Na prodej m\u00e1me tak\u00e9 sprej K2<\/strong><\/p>\n<p>Dod\u00e1v\u00e1me v\u00fdrobky vysok\u00e9 \u010distoty s velmi dobr\u00fdm a diskr\u00e9tn\u00edm syst\u00e9mem p\u0159epravy. M\u00e1me 12 let zku\u0161enost\u00ed s dod\u00e1vkami v\u00fdzkumn\u00fdch chemik\u00e1li\u00ed a soust\u0159ed\u00edme se na bezpe\u010dnost.<\/p>\n<p>Jsme spolehliv\u00ed, d\u016fv\u011bryhodn\u00fd, Rychl\u00e9 dod\u00e1n\u00ed a vysoce kvalitn\u00ed produkty pouze za p\u0159ijatelnou cenu.<\/p>\n<p><strong>\u00a0<\/strong><strong>Koupit pap\u00edr K2 online, levn\u00fd pap\u00edr K2, pap\u00edr K2 na prodej, leg\u00e1ln\u00ed pap\u00edr s vysok\u00fdm obsahem ko\u0159en\u00ed K2, tekut\u00fd k2 na pap\u00ed\u0159e, pap\u00edr na ko\u0159en\u00ed,<\/strong><\/p>","protected":false},"featured_media":9235,"template":"","meta":[],"product_brand":[],"product_cat":[82],"product_tag":[],"class_list":{"0":"post-9218","1":"product","2":"type-product","3":"status-publish","4":"has-post-thumbnail","6":"product_cat-k2-paper-and-spray","8":"first","9":"instock","10":"shipping-taxable","11":"purchasable","12":"product-type-variable"},"tiered_pricing_type":"fixed","tiered_pricing_fixed_rules":[],"tiered_pricing_percentage_rules":[],"tiered_pricing_minimum":1,"_administrator_tiered_pricing_type":"fixed","_administrator_tiered_pricing_fixed_rules":[],"_editor_tiered_pricing_type":"fixed","_editor_tiered_pricing_fixed_rules":[],"_author_tiered_pricing_type":"fixed","_author_tiered_pricing_fixed_rules":[],"_contributor_tiered_pricing_type":"fixed","_contributor_tiered_pricing_fixed_rules":[],"_subscriber_tiered_pricing_type":"fixed","_subscriber_tiered_pricing_fixed_rules":[],"_customer_tiered_pricing_type":"fixed","_customer_tiered_pricing_fixed_rules":[],"_shop_manager_tiered_pricing_type":"fixed","_shop_manager_tiered_pricing_fixed_rules":[],"_wpseo_manager_tiered_pricing_type":"fixed","_wpseo_manager_tiered_pricing_fixed_rules":[],"_wpseo_editor_tiered_pricing_type":"fixed","_wpseo_editor_tiered_pricing_fixed_rules":[],"yoast_head":"<!-- This site is optimized with the Yoast SEO plugin v26.8 - https:\/\/yoast.com\/product\/yoast-seo-wordpress\/ -->\n<title>Buy K2 paper online - Cheap price, top quality<\/title>\n<meta name=\"description\" content=\"Buy K2 paper Online at an affordable price at stonersmeds. All products are lab qualified and have premium quality.\" \/>\n<meta name=\"robots\" content=\"index, follow, max-snippet:-1, max-image-preview:large, max-video-preview:-1\" \/>\n<link rel=\"canonical\" href=\"https:\/\/trustwhite.com\/cs\/shop\/buy-k2-paper-online\/\" \/>\n<meta property=\"og:locale\" content=\"cs_CZ\" \/>\n<meta property=\"og:type\" content=\"article\" \/>\n<meta property=\"og:title\" content=\"Buy K2 paper online - Cheap price, top quality\" \/>\n<meta property=\"og:description\" content=\"Buy K2 paper Online at an affordable price at stonersmeds. All products are lab qualified and have premium quality.\" \/>\n<meta property=\"og:url\" content=\"https:\/\/trustwhite.com\/cs\/shop\/buy-k2-paper-online\/\" \/>\n<meta property=\"og:site_name\" content=\"stonersmeds.com\" \/>\n<meta property=\"article:modified_time\" content=\"2023-01-04T08:57:28+00:00\" \/>\n<meta property=\"og:image\" content=\"https:\/\/trustwhite.com\/wp-content\/uploads\/2022\/03\/Buy-K2-paper-online.jpg\" \/>\n\t<meta property=\"og:image:width\" content=\"600\" \/>\n\t<meta property=\"og:image:height\" content=\"600\" \/>\n\t<meta property=\"og:image:type\" content=\"image\/jpeg\" \/>\n<meta name=\"twitter:card\" content=\"summary_large_image\" \/>\n<meta name=\"twitter:label1\" content=\"Odhadovan\u00e1 doba \u010dten\u00ed\" \/>\n\t<meta name=\"twitter:data1\" content=\"2 minuty\" \/>\n<script type=\"application\/ld+json\" class=\"yoast-schema-graph\">{\"@context\":\"https:\/\/schema.org\",\"@graph\":[{\"@type\":\"WebPage\",\"@id\":\"https:\/\/trustwhite.com\/shop\/buy-k2-paper-online\/\",\"url\":\"https:\/\/trustwhite.com\/shop\/buy-k2-paper-online\/\",\"name\":\"Buy K2 paper online - Cheap price, top quality\",\"isPartOf\":{\"@id\":\"https:\/\/trustwhite.com\/el\/#website\"},\"primaryImageOfPage\":{\"@id\":\"https:\/\/trustwhite.com\/shop\/buy-k2-paper-online\/#primaryimage\"},\"image\":{\"@id\":\"https:\/\/trustwhite.com\/shop\/buy-k2-paper-online\/#primaryimage\"},\"thumbnailUrl\":\"https:\/\/trustwhite.com\/wp-content\/uploads\/2022\/03\/Buy-K2-paper-online.jpg\",\"datePublished\":\"2022-03-11T14:48:47+00:00\",\"dateModified\":\"2023-01-04T08:57:28+00:00\",\"description\":\"Buy K2 paper Online at an affordable price at stonersmeds. All products are lab qualified and have premium quality.\",\"breadcrumb\":{\"@id\":\"https:\/\/trustwhite.com\/shop\/buy-k2-paper-online\/#breadcrumb\"},\"inLanguage\":\"cs\",\"potentialAction\":[{\"@type\":\"ReadAction\",\"target\":[\"https:\/\/trustwhite.com\/shop\/buy-k2-paper-online\/\"]}]},{\"@type\":\"ImageObject\",\"inLanguage\":\"cs\",\"@id\":\"https:\/\/trustwhite.com\/shop\/buy-k2-paper-online\/#primaryimage\",\"url\":\"https:\/\/trustwhite.com\/wp-content\/uploads\/2022\/03\/Buy-K2-paper-online.jpg\",\"contentUrl\":\"https:\/\/trustwhite.com\/wp-content\/uploads\/2022\/03\/Buy-K2-paper-online.jpg\",\"width\":600,\"height\":600},{\"@type\":\"BreadcrumbList\",\"@id\":\"https:\/\/trustwhite.com\/shop\/buy-k2-paper-online\/#breadcrumb\",\"itemListElement\":[{\"@type\":\"ListItem\",\"position\":1,\"name\":\"Home\",\"item\":\"https:\/\/trustwhite.com\/el\/\"},{\"@type\":\"ListItem\",\"position\":2,\"name\":\"Shop\",\"item\":\"https:\/\/trustwhite.com\/el\/shop\/\"},{\"@type\":\"ListItem\",\"position\":3,\"name\":\"Buy K2 paper online\"}]},{\"@type\":\"WebSite\",\"@id\":\"https:\/\/trustwhite.com\/el\/#website\",\"url\":\"https:\/\/trustwhite.com\/el\/\",\"name\":\"stonersmeds.com\",\"description\":\"verschreibungspflichtige Medizin kaufen\",\"potentialAction\":[{\"@type\":\"SearchAction\",\"target\":{\"@type\":\"EntryPoint\",\"urlTemplate\":\"https:\/\/trustwhite.com\/el\/?s={search_term_string}\"},\"query-input\":{\"@type\":\"PropertyValueSpecification\",\"valueRequired\":true,\"valueName\":\"search_term_string\"}}],\"inLanguage\":\"cs\"}]}<\/script>\n<!-- \/ Yoast SEO plugin. -->","yoast_head_json":{"title":"Koupit K2 pap\u00edr online - Levn\u00e1 cena, nejvy\u0161\u0161\u00ed kvalita","description":"Koupit pap\u00edr K2 Online za p\u0159ijatelnou cenu na stonersmeds. V\u0161echny produkty jsou laboratorn\u011b kvalifikovan\u00e9 a maj\u00ed prvot\u0159\u00eddn\u00ed kvalitu.","robots":{"index":"index","follow":"follow","max-snippet":"max-snippet:-1","max-image-preview":"max-image-preview:large","max-video-preview":"max-video-preview:-1"},"canonical":"https:\/\/trustwhite.com\/cs\/shop\/buy-k2-paper-online\/","og_locale":"cs_CZ","og_type":"article","og_title":"Buy K2 paper online - Cheap price, top quality","og_description":"Buy K2 paper Online at an affordable price at stonersmeds. All products are lab qualified and have premium quality.","og_url":"https:\/\/trustwhite.com\/cs\/shop\/buy-k2-paper-online\/","og_site_name":"stonersmeds.com","article_modified_time":"2023-01-04T08:57:28+00:00","og_image":[{"width":600,"height":600,"url":"https:\/\/trustwhite.com\/wp-content\/uploads\/2022\/03\/Buy-K2-paper-online.jpg","type":"image\/jpeg"}],"twitter_card":"summary_large_image","twitter_misc":{"Odhadovan\u00e1 doba \u010dten\u00ed":"2 minuty"},"schema":{"@context":"https:\/\/schema.org","@graph":[{"@type":"WebPage","@id":"https:\/\/trustwhite.com\/shop\/buy-k2-paper-online\/","url":"https:\/\/trustwhite.com\/shop\/buy-k2-paper-online\/","name":"Koupit K2 pap\u00edr online - Levn\u00e1 cena, nejvy\u0161\u0161\u00ed kvalita","isPartOf":{"@id":"https:\/\/trustwhite.com\/el\/#website"},"primaryImageOfPage":{"@id":"https:\/\/trustwhite.com\/shop\/buy-k2-paper-online\/#primaryimage"},"image":{"@id":"https:\/\/trustwhite.com\/shop\/buy-k2-paper-online\/#primaryimage"},"thumbnailUrl":"https:\/\/trustwhite.com\/wp-content\/uploads\/2022\/03\/Buy-K2-paper-online.jpg","datePublished":"2022-03-11T14:48:47+00:00","dateModified":"2023-01-04T08:57:28+00:00","description":"Koupit pap\u00edr K2 Online za p\u0159ijatelnou cenu na stonersmeds. V\u0161echny produkty jsou laboratorn\u011b kvalifikovan\u00e9 a maj\u00ed prvot\u0159\u00eddn\u00ed kvalitu.","breadcrumb":{"@id":"https:\/\/trustwhite.com\/shop\/buy-k2-paper-online\/#breadcrumb"},"inLanguage":"cs","potentialAction":[{"@type":"ReadAction","target":["https:\/\/trustwhite.com\/shop\/buy-k2-paper-online\/"]}]},{"@type":"ImageObject","inLanguage":"cs","@id":"https:\/\/trustwhite.com\/shop\/buy-k2-paper-online\/#primaryimage","url":"https:\/\/trustwhite.com\/wp-content\/uploads\/2022\/03\/Buy-K2-paper-online.jpg","contentUrl":"https:\/\/trustwhite.com\/wp-content\/uploads\/2022\/03\/Buy-K2-paper-online.jpg","width":600,"height":600},{"@type":"BreadcrumbList","@id":"https:\/\/trustwhite.com\/shop\/buy-k2-paper-online\/#breadcrumb","itemListElement":[{"@type":"ListItem","position":1,"name":"Home","item":"https:\/\/trustwhite.com\/el\/"},{"@type":"ListItem","position":2,"name":"Shop","item":"https:\/\/trustwhite.com\/el\/shop\/"},{"@type":"ListItem","position":3,"name":"Buy K2 paper online"}]},{"@type":"WebSite","@id":"https:\/\/trustwhite.com\/el\/#website","url":"https:\/\/trustwhite.com\/el\/","name":"stonersmeds.com","description":"verschreibungspflichtige Medizin kaufen","potentialAction":[{"@type":"SearchAction","target":{"@type":"EntryPoint","urlTemplate":"https:\/\/trustwhite.com\/el\/?s={search_term_string}"},"query-input":{"@type":"PropertyValueSpecification","valueRequired":true,"valueName":"search_term_string"}}],"inLanguage":"cs"}]}},"_links":{"self":[{"href":"https:\/\/trustwhite.com\/cs\/wp-json\/wp\/v2\/product\/9218","targetHints":{"allow":["GET"]}}],"collection":[{"href":"https:\/\/trustwhite.com\/cs\/wp-json\/wp\/v2\/product"}],"about":[{"href":"https:\/\/trustwhite.com\/cs\/wp-json\/wp\/v2\/types\/product"}],"version-history":[{"count":0,"href":"https:\/\/trustwhite.com\/cs\/wp-json\/wp\/v2\/product\/9218\/revisions"}],"wp:featuredmedia":[{"embeddable":true,"href":"https:\/\/trustwhite.com\/cs\/wp-json\/wp\/v2\/media\/9235"}],"wp:attachment":[{"href":"https:\/\/trustwhite.com\/cs\/wp-json\/wp\/v2\/media?parent=9218"}],"wp:term":[{"taxonomy":"product_brand","embeddable":true,"href":"https:\/\/trustwhite.com\/cs\/wp-json\/wp\/v2\/product_brand?post=9218"},{"taxonomy":"product_cat","embeddable":true,"href":"https:\/\/trustwhite.com\/cs\/wp-json\/wp\/v2\/product_cat?post=9218"},{"taxonomy":"product_tag","embeddable":true,"href":"https:\/\/trustwhite.com\/cs\/wp-json\/wp\/v2\/product_tag?post=9218"}],"curies":[{"name":"wp","href":"https:\/\/api.w.org\/{rel}","templated":true}]}}