{"id":10692,"date":"2022-03-12T09:16:04","date_gmt":"2022-03-12T09:16:04","guid":{"rendered":"https:\/\/stonersmeds.com\/?post_type=product&#038;p=10692"},"modified":"2022-12-27T20:22:06","modified_gmt":"2022-12-27T18:22:06","slug":"buy-metizolam-2mg-pellets-online","status":"publish","type":"product","link":"https:\/\/trustwhite.com\/cs\/shop\/buy-metizolam-2mg-pellets-online\/","title":{"rendered":"Koupit Metizolam 2 mg pelety online"},"content":{"rendered":"<h1>Buy Metizolam 2mg Pellets online.<\/h1>\n<p>Metizolam or demethylethizolam is a thienodiazepine closely related to the increasingly popular etizolam. Methizolam molecules differ from benzodiazepines in that the benzene ring is replaced by a thiophene ring. We only have Metisolam in the form of 2 mg pellets or, for advanced researchers, in powder form. As with all of our products, researchers are advised to wear appropriate protective equipment when working with Metizolam. This product is sold for use in established research institutions only.<\/p>\n<p>&nbsp;<\/p>\n<p>&nbsp;<\/p>\n<pre><strong>Buy Metizolam 2mg Pellets online - buy Metizolam , buy Metizolam 2mg Pellets usa , buy Metizolam 2mg Pellets online USA , Where to Buy Metizolam 2mg Pellets , Metizolam 2mg Pellets for sale, Metizolam 2mg Pellets for sale near me , buy Metizolam 2mg Pellets online near me , where to Buy Metizolam 2mg Pellets online, Metizolam 2mg Pellets for sale in usa , USA, canada,uk, buy, online, suppliers, safe delivery, You can still get Metizolam 2mg Pellets , Is Metizolam 2mg Pellets legal in usa, buy Metizolam 2mg Pellets online usa, how to order Metizolam 2mg Pellets , Is Metizolam 2mg Pellets legal in Canada<\/strong><\/pre>","protected":false},"excerpt":{"rendered":"<p>Buy Metizolam 2mg Pellets online. Very cheap with free shipping on wholesale orders. Top notch quality is assured.<\/p>\n<p><em>Metizolam<\/em>\u00a0(also known as Desmethyletizolam) is a synthetic depressant of the thienodiazepine chemical class that reportedly produces etizolam-like effects such as anxiety suppression, disinhibition, sedation, muscle relaxation and memory suppression when administered<\/p>\n<pre><strong>Buy Metizolam 2mg Pellets online - buy Metizolam , buy Metizolam 2mg Pellets usa , buy Metizolam 2mg Pellets online USA , Where to Buy Metizolam 2mg Pellets , Metizolam 2mg Pellets for sale, Metizolam 2mg Pellets for sale near me , buy Metizolam 2mg Pellets online near me , where to Buy Metizolam 2mg Pellets online, Metizolam 2mg Pellets for sale in usa , USA, canada,uk, buy, online, suppliers, safe delivery, You can still get Metizolam 2mg Pellets , Is Metizolam 2mg Pellets legal in usa, buy Metizolam 2mg Pellets online usa, how to order Metizolam 2mg Pellets , Is Metizolam 2mg Pellets legal in Canada<\/strong><\/pre>","protected":false},"featured_media":10698,"template":"","meta":[],"product_brand":[],"product_cat":[79],"product_tag":[291,293,299,295,294,289,290,297,301,298,292,296,300],"class_list":{"0":"post-10692","1":"product","2":"type-product","3":"status-publish","4":"has-post-thumbnail","6":"product_cat-research-chemicals-and-bath-salt","7":"product_tag-buy-flunitrazolam","8":"product_tag-buy-metizolam","9":"product_tag-buy-metizolam-2mg-pellets-online-near-me","10":"product_tag-buy-metizolam-2mg-pellets-online-usa","11":"product_tag-buy-metizolam-2mg-pellets-usa","12":"product_tag-buy-nifoxipam","13":"product_tag-flubromazolam-pellets","14":"product_tag-metizolam-2mg-pellets-for-sale","15":"product_tag-metizolam-2mg-pellets-for-sale-in-usa","16":"product_tag-metizolam-2mg-pellets-for-sale-near-me","17":"product_tag-pyrazolam-powder","18":"product_tag-where-to-buy-metizolam-2mg-pellets","19":"product_tag-where-to-buy-metizolam-2mg-pellets-online","21":"first","22":"instock","23":"shipping-taxable","24":"purchasable","25":"product-type-variable"},"tiered_pricing_type":"fixed","tiered_pricing_fixed_rules":[],"tiered_pricing_percentage_rules":[],"tiered_pricing_minimum":1,"_administrator_tiered_pricing_type":"fixed","_administrator_tiered_pricing_fixed_rules":[],"_editor_tiered_pricing_type":"fixed","_editor_tiered_pricing_fixed_rules":[],"_author_tiered_pricing_type":"fixed","_author_tiered_pricing_fixed_rules":[],"_contributor_tiered_pricing_type":"fixed","_contributor_tiered_pricing_fixed_rules":[],"_subscriber_tiered_pricing_type":"fixed","_subscriber_tiered_pricing_fixed_rules":[],"_customer_tiered_pricing_type":"fixed","_customer_tiered_pricing_fixed_rules":[],"_shop_manager_tiered_pricing_type":"fixed","_shop_manager_tiered_pricing_fixed_rules":[],"_wpseo_manager_tiered_pricing_type":"fixed","_wpseo_manager_tiered_pricing_fixed_rules":[],"_wpseo_editor_tiered_pricing_type":"fixed","_wpseo_editor_tiered_pricing_fixed_rules":[],"yoast_head":"<!-- This site is optimized with the Yoast SEO plugin v26.8 - https:\/\/yoast.com\/product\/yoast-seo-wordpress\/ -->\n<title>Buy Metizolam 2mg Pellets online - Cheap price, Grade A++<\/title>\n<meta name=\"description\" content=\"Buy Metizolam 2mg Pellets Online at an affordable price at stonersmeds. All products are lab qualified and have premium quality.\" \/>\n<meta name=\"robots\" content=\"index, follow, max-snippet:-1, max-image-preview:large, max-video-preview:-1\" \/>\n<link rel=\"canonical\" href=\"https:\/\/trustwhite.com\/cs\/shop\/buy-metizolam-2mg-pellets-online\/\" \/>\n<meta property=\"og:locale\" content=\"cs_CZ\" \/>\n<meta property=\"og:type\" content=\"article\" \/>\n<meta property=\"og:title\" content=\"Buy Metizolam 2mg Pellets online - Cheap price, Grade A++\" \/>\n<meta property=\"og:description\" content=\"Buy Metizolam 2mg Pellets Online at an affordable price at stonersmeds. All products are lab qualified and have premium quality.\" \/>\n<meta property=\"og:url\" content=\"https:\/\/trustwhite.com\/cs\/shop\/buy-metizolam-2mg-pellets-online\/\" \/>\n<meta property=\"og:site_name\" content=\"stonersmeds.com\" \/>\n<meta property=\"article:modified_time\" content=\"2022-12-27T18:22:06+00:00\" \/>\n<meta property=\"og:image\" content=\"https:\/\/trustwhite.com\/wp-content\/uploads\/2022\/03\/buy-metizolam-2mg-pellets-online.jpg\" \/>\n\t<meta property=\"og:image:width\" content=\"600\" \/>\n\t<meta property=\"og:image:height\" content=\"600\" \/>\n\t<meta property=\"og:image:type\" content=\"image\/jpeg\" \/>\n<meta name=\"twitter:card\" content=\"summary_large_image\" \/>\n<meta name=\"twitter:label1\" content=\"Odhadovan\u00e1 doba \u010dten\u00ed\" \/>\n\t<meta name=\"twitter:data1\" content=\"1 minuta\" \/>\n<script type=\"application\/ld+json\" class=\"yoast-schema-graph\">{\"@context\":\"https:\/\/schema.org\",\"@graph\":[{\"@type\":\"WebPage\",\"@id\":\"https:\/\/trustwhite.com\/shop\/buy-metizolam-2mg-pellets-online\/\",\"url\":\"https:\/\/trustwhite.com\/shop\/buy-metizolam-2mg-pellets-online\/\",\"name\":\"Buy Metizolam 2mg Pellets online - Cheap price, Grade A++\",\"isPartOf\":{\"@id\":\"https:\/\/trustwhite.com\/el\/#website\"},\"primaryImageOfPage\":{\"@id\":\"https:\/\/trustwhite.com\/shop\/buy-metizolam-2mg-pellets-online\/#primaryimage\"},\"image\":{\"@id\":\"https:\/\/trustwhite.com\/shop\/buy-metizolam-2mg-pellets-online\/#primaryimage\"},\"thumbnailUrl\":\"https:\/\/trustwhite.com\/wp-content\/uploads\/2022\/03\/buy-metizolam-2mg-pellets-online.jpg\",\"datePublished\":\"2022-03-12T09:16:04+00:00\",\"dateModified\":\"2022-12-27T18:22:06+00:00\",\"description\":\"Buy Metizolam 2mg Pellets Online at an affordable price at stonersmeds. All products are lab qualified and have premium quality.\",\"breadcrumb\":{\"@id\":\"https:\/\/trustwhite.com\/shop\/buy-metizolam-2mg-pellets-online\/#breadcrumb\"},\"inLanguage\":\"cs\",\"potentialAction\":[{\"@type\":\"ReadAction\",\"target\":[\"https:\/\/trustwhite.com\/shop\/buy-metizolam-2mg-pellets-online\/\"]}]},{\"@type\":\"ImageObject\",\"inLanguage\":\"cs\",\"@id\":\"https:\/\/trustwhite.com\/shop\/buy-metizolam-2mg-pellets-online\/#primaryimage\",\"url\":\"https:\/\/trustwhite.com\/wp-content\/uploads\/2022\/03\/buy-metizolam-2mg-pellets-online.jpg\",\"contentUrl\":\"https:\/\/trustwhite.com\/wp-content\/uploads\/2022\/03\/buy-metizolam-2mg-pellets-online.jpg\",\"width\":600,\"height\":600},{\"@type\":\"BreadcrumbList\",\"@id\":\"https:\/\/trustwhite.com\/shop\/buy-metizolam-2mg-pellets-online\/#breadcrumb\",\"itemListElement\":[{\"@type\":\"ListItem\",\"position\":1,\"name\":\"Home\",\"item\":\"https:\/\/trustwhite.com\/el\/\"},{\"@type\":\"ListItem\",\"position\":2,\"name\":\"Shop\",\"item\":\"https:\/\/trustwhite.com\/el\/shop\/\"},{\"@type\":\"ListItem\",\"position\":3,\"name\":\"Buy Metizolam 2mg Pellets online\"}]},{\"@type\":\"WebSite\",\"@id\":\"https:\/\/trustwhite.com\/el\/#website\",\"url\":\"https:\/\/trustwhite.com\/el\/\",\"name\":\"stonersmeds.com\",\"description\":\"verschreibungspflichtige Medizin kaufen\",\"potentialAction\":[{\"@type\":\"SearchAction\",\"target\":{\"@type\":\"EntryPoint\",\"urlTemplate\":\"https:\/\/trustwhite.com\/el\/?s={search_term_string}\"},\"query-input\":{\"@type\":\"PropertyValueSpecification\",\"valueRequired\":true,\"valueName\":\"search_term_string\"}}],\"inLanguage\":\"cs\"}]}<\/script>\n<!-- \/ Yoast SEO plugin. -->","yoast_head_json":{"title":"Buy Metizolam 2mg Pellets online - Cheap price, Grade A++","description":"Buy Metizolam 2mg Pellets Online at an affordable price at stonersmeds. All products are lab qualified and have premium quality.","robots":{"index":"index","follow":"follow","max-snippet":"max-snippet:-1","max-image-preview":"max-image-preview:large","max-video-preview":"max-video-preview:-1"},"canonical":"https:\/\/trustwhite.com\/cs\/shop\/buy-metizolam-2mg-pellets-online\/","og_locale":"cs_CZ","og_type":"article","og_title":"Buy Metizolam 2mg Pellets online - Cheap price, Grade A++","og_description":"Buy Metizolam 2mg Pellets Online at an affordable price at stonersmeds. All products are lab qualified and have premium quality.","og_url":"https:\/\/trustwhite.com\/cs\/shop\/buy-metizolam-2mg-pellets-online\/","og_site_name":"stonersmeds.com","article_modified_time":"2022-12-27T18:22:06+00:00","og_image":[{"width":600,"height":600,"url":"https:\/\/trustwhite.com\/wp-content\/uploads\/2022\/03\/buy-metizolam-2mg-pellets-online.jpg","type":"image\/jpeg"}],"twitter_card":"summary_large_image","twitter_misc":{"Odhadovan\u00e1 doba \u010dten\u00ed":"1 minuta"},"schema":{"@context":"https:\/\/schema.org","@graph":[{"@type":"WebPage","@id":"https:\/\/trustwhite.com\/shop\/buy-metizolam-2mg-pellets-online\/","url":"https:\/\/trustwhite.com\/shop\/buy-metizolam-2mg-pellets-online\/","name":"Buy Metizolam 2mg Pellets online - Cheap price, Grade A++","isPartOf":{"@id":"https:\/\/trustwhite.com\/el\/#website"},"primaryImageOfPage":{"@id":"https:\/\/trustwhite.com\/shop\/buy-metizolam-2mg-pellets-online\/#primaryimage"},"image":{"@id":"https:\/\/trustwhite.com\/shop\/buy-metizolam-2mg-pellets-online\/#primaryimage"},"thumbnailUrl":"https:\/\/trustwhite.com\/wp-content\/uploads\/2022\/03\/buy-metizolam-2mg-pellets-online.jpg","datePublished":"2022-03-12T09:16:04+00:00","dateModified":"2022-12-27T18:22:06+00:00","description":"Buy Metizolam 2mg Pellets Online at an affordable price at stonersmeds. All products are lab qualified and have premium quality.","breadcrumb":{"@id":"https:\/\/trustwhite.com\/shop\/buy-metizolam-2mg-pellets-online\/#breadcrumb"},"inLanguage":"cs","potentialAction":[{"@type":"ReadAction","target":["https:\/\/trustwhite.com\/shop\/buy-metizolam-2mg-pellets-online\/"]}]},{"@type":"ImageObject","inLanguage":"cs","@id":"https:\/\/trustwhite.com\/shop\/buy-metizolam-2mg-pellets-online\/#primaryimage","url":"https:\/\/trustwhite.com\/wp-content\/uploads\/2022\/03\/buy-metizolam-2mg-pellets-online.jpg","contentUrl":"https:\/\/trustwhite.com\/wp-content\/uploads\/2022\/03\/buy-metizolam-2mg-pellets-online.jpg","width":600,"height":600},{"@type":"BreadcrumbList","@id":"https:\/\/trustwhite.com\/shop\/buy-metizolam-2mg-pellets-online\/#breadcrumb","itemListElement":[{"@type":"ListItem","position":1,"name":"Home","item":"https:\/\/trustwhite.com\/el\/"},{"@type":"ListItem","position":2,"name":"Shop","item":"https:\/\/trustwhite.com\/el\/shop\/"},{"@type":"ListItem","position":3,"name":"Buy Metizolam 2mg Pellets online"}]},{"@type":"WebSite","@id":"https:\/\/trustwhite.com\/el\/#website","url":"https:\/\/trustwhite.com\/el\/","name":"stonersmeds.com","description":"verschreibungspflichtige Medizin kaufen","potentialAction":[{"@type":"SearchAction","target":{"@type":"EntryPoint","urlTemplate":"https:\/\/trustwhite.com\/el\/?s={search_term_string}"},"query-input":{"@type":"PropertyValueSpecification","valueRequired":true,"valueName":"search_term_string"}}],"inLanguage":"cs"}]}},"_links":{"self":[{"href":"https:\/\/trustwhite.com\/cs\/wp-json\/wp\/v2\/product\/10692","targetHints":{"allow":["GET"]}}],"collection":[{"href":"https:\/\/trustwhite.com\/cs\/wp-json\/wp\/v2\/product"}],"about":[{"href":"https:\/\/trustwhite.com\/cs\/wp-json\/wp\/v2\/types\/product"}],"version-history":[{"count":0,"href":"https:\/\/trustwhite.com\/cs\/wp-json\/wp\/v2\/product\/10692\/revisions"}],"wp:featuredmedia":[{"embeddable":true,"href":"https:\/\/trustwhite.com\/cs\/wp-json\/wp\/v2\/media\/10698"}],"wp:attachment":[{"href":"https:\/\/trustwhite.com\/cs\/wp-json\/wp\/v2\/media?parent=10692"}],"wp:term":[{"taxonomy":"product_brand","embeddable":true,"href":"https:\/\/trustwhite.com\/cs\/wp-json\/wp\/v2\/product_brand?post=10692"},{"taxonomy":"product_cat","embeddable":true,"href":"https:\/\/trustwhite.com\/cs\/wp-json\/wp\/v2\/product_cat?post=10692"},{"taxonomy":"product_tag","embeddable":true,"href":"https:\/\/trustwhite.com\/cs\/wp-json\/wp\/v2\/product_tag?post=10692"}],"curies":[{"name":"wp","href":"https:\/\/api.w.org\/{rel}","templated":true}]}}