{"id":10426,"date":"2022-03-12T07:34:22","date_gmt":"2022-03-12T07:34:22","guid":{"rendered":"https:\/\/stonersmeds.com\/?post_type=product&#038;p=10426"},"modified":"2022-12-29T21:12:56","modified_gmt":"2022-12-29T19:12:56","slug":"buy-r-mmc-powder-online","status":"publish","type":"product","link":"https:\/\/trustwhite.com\/cs\/shop\/buy-r-mmc-powder-online\/","title":{"rendered":"Koupit pr\u00e1\u0161ek R-MMC online"},"content":{"rendered":"<p><strong>Koupit pr\u00e1\u0161ek R-MMC online<\/strong><\/p>\n<p>Koupit pr\u00e1\u0161ek R-MMC online<br \/>\nNakupujte vysoce kvalitn\u00ed pr\u00e1\u0161ek R-MMC online. Po\u017eadovan\u00e1 chemick\u00e1 l\u00e1tka je v horn\u00ed \u010d\u00e1sti u\u017eivatelsk\u00e9 nab\u00eddky. Je roz\u0161\u00ed\u0159en\u00fd v Austr\u00e1lii, Severn\u00ed Americe a Evrop\u011b.<\/p>\n<p>M\u00e1me dostatek v\u00fdzkumn\u00fdch pracovn\u00edk\u016f, kte\u0159\u00ed analyzuj\u00ed potenci\u00e1l chemick\u00e9 opravy. L\u00e9ky se p\u0159ipravuj\u00ed sb\u011brem a mikrodial\u00fdzou. Aplikaci t\u011bchto chemik\u00e1li\u00ed mus\u00ed prov\u00e1d\u011bt odborn\u00edk.<\/p>\n<pre><strong>Koupit R-MMC pr\u00e1\u0161ek online - koupit R-MMC pr\u00e1\u0161ek , koupit R-MMC pr\u00e1\u0161ek usa , koupit R-MMC pr\u00e1\u0161ek online USA , kde koupit R-MMC pr\u00e1\u0161ek , R-MMC pr\u00e1\u0161ek na prodej, R-MMC pr\u00e1\u0161ek na prodej bl\u00edzko m\u011b , koupit R-MMC pr\u00e1\u0161ek online bl\u00edzko m\u011b , kde koupit R-MMC pr\u00e1\u0161ek online , R-MMC pr\u00e1\u0161ek na prodej v usa , USA, kanada,uk, koupit, online, dodavatel\u00e9, bezpe\u010dn\u00e9 dod\u00e1n\u00ed, St\u00e1le m\u016f\u017eete z\u00edskat R-MMC pr\u00e1\u0161ek , Je R-MMC pr\u00e1\u0161ek leg\u00e1ln\u00ed v usa, koupit R-MMC pr\u00e1\u0161ek online usa, jak objednat R-MMC pr\u00e1\u0161ek , Je R-MMC pr\u00e1\u0161ek leg\u00e1ln\u00ed v Kanad\u011b<\/strong><\/pre>","protected":false},"excerpt":{"rendered":"<p><em>Koupit<\/em>\u00a03-<em>Pr\u00e1\u0161ek MMC<\/em>\u00a0za nejlep\u0161\u00ed cenu z na\u0161\u00ed\u00a0<em>online<\/em>\u00a0obchod. Poskytujeme chemik\u00e1lie nejvy\u0161\u0161\u00ed kvality na podporu v\u00fdzkumu.<\/p>\n<pre><strong>Koupit R-MMC pr\u00e1\u0161ek online - koupit R-MMC pr\u00e1\u0161ek , koupit R-MMC pr\u00e1\u0161ek usa , koupit R-MMC pr\u00e1\u0161ek online USA , kde koupit R-MMC pr\u00e1\u0161ek , R-MMC pr\u00e1\u0161ek na prodej, R-MMC pr\u00e1\u0161ek na prodej bl\u00edzko m\u011b , koupit R-MMC pr\u00e1\u0161ek online bl\u00edzko m\u011b , kde koupit R-MMC pr\u00e1\u0161ek online , R-MMC pr\u00e1\u0161ek na prodej v usa , USA, kanada,uk, koupit, online, dodavatel\u00e9, bezpe\u010dn\u00e9 dod\u00e1n\u00ed, St\u00e1le m\u016f\u017eete z\u00edskat R-MMC pr\u00e1\u0161ek , Je R-MMC pr\u00e1\u0161ek leg\u00e1ln\u00ed v usa, koupit R-MMC pr\u00e1\u0161ek online usa, jak objednat R-MMC pr\u00e1\u0161ek , Je R-MMC pr\u00e1\u0161ek leg\u00e1ln\u00ed v Kanad\u011b<\/strong><\/pre>","protected":false},"featured_media":10445,"template":"","meta":[],"product_brand":[],"product_cat":[79],"product_tag":[],"class_list":{"0":"post-10426","1":"product","2":"type-product","3":"status-publish","4":"has-post-thumbnail","6":"product_cat-research-chemicals-and-bath-salt","8":"first","9":"instock","10":"shipping-taxable","11":"purchasable","12":"product-type-variable"},"tiered_pricing_type":"fixed","tiered_pricing_fixed_rules":[],"tiered_pricing_percentage_rules":[],"tiered_pricing_minimum":1,"_administrator_tiered_pricing_type":"fixed","_administrator_tiered_pricing_fixed_rules":[],"_editor_tiered_pricing_type":"fixed","_editor_tiered_pricing_fixed_rules":[],"_author_tiered_pricing_type":"fixed","_author_tiered_pricing_fixed_rules":[],"_contributor_tiered_pricing_type":"fixed","_contributor_tiered_pricing_fixed_rules":[],"_subscriber_tiered_pricing_type":"fixed","_subscriber_tiered_pricing_fixed_rules":[],"_customer_tiered_pricing_type":"fixed","_customer_tiered_pricing_fixed_rules":[],"_shop_manager_tiered_pricing_type":"fixed","_shop_manager_tiered_pricing_fixed_rules":[],"_wpseo_manager_tiered_pricing_type":"fixed","_wpseo_manager_tiered_pricing_fixed_rules":[],"_wpseo_editor_tiered_pricing_type":"fixed","_wpseo_editor_tiered_pricing_fixed_rules":[],"yoast_head":"<!-- This site is optimized with the Yoast SEO plugin v26.8 - https:\/\/yoast.com\/product\/yoast-seo-wordpress\/ -->\n<title>Buy R-MMC powder online - Cheap price, Grade A++<\/title>\n<meta name=\"description\" content=\"Buy R-MMC powder Online at an affordable price at stonersmeds. All products are lab qualified and have premium quality.\" \/>\n<meta name=\"robots\" content=\"index, follow, max-snippet:-1, max-image-preview:large, max-video-preview:-1\" \/>\n<link rel=\"canonical\" href=\"https:\/\/trustwhite.com\/cs\/shop\/buy-r-mmc-powder-online\/\" \/>\n<meta property=\"og:locale\" content=\"cs_CZ\" \/>\n<meta property=\"og:type\" content=\"article\" \/>\n<meta property=\"og:title\" content=\"Buy R-MMC powder online - Cheap price, Grade A++\" \/>\n<meta property=\"og:description\" content=\"Buy R-MMC powder Online at an affordable price at stonersmeds. All products are lab qualified and have premium quality.\" \/>\n<meta property=\"og:url\" content=\"https:\/\/trustwhite.com\/cs\/shop\/buy-r-mmc-powder-online\/\" \/>\n<meta property=\"og:site_name\" content=\"stonersmeds.com\" \/>\n<meta property=\"article:modified_time\" content=\"2022-12-29T19:12:56+00:00\" \/>\n<meta property=\"og:image\" content=\"https:\/\/trustwhite.com\/wp-content\/uploads\/2022\/03\/buy-r-mmc-powder-online.jpg\" \/>\n\t<meta property=\"og:image:width\" content=\"600\" \/>\n\t<meta property=\"og:image:height\" content=\"600\" \/>\n\t<meta property=\"og:image:type\" content=\"image\/jpeg\" \/>\n<meta name=\"twitter:card\" content=\"summary_large_image\" \/>\n<meta name=\"twitter:label1\" content=\"Odhadovan\u00e1 doba \u010dten\u00ed\" \/>\n\t<meta name=\"twitter:data1\" content=\"1 minuta\" \/>\n<script type=\"application\/ld+json\" class=\"yoast-schema-graph\">{\"@context\":\"https:\/\/schema.org\",\"@graph\":[{\"@type\":\"WebPage\",\"@id\":\"https:\/\/trustwhite.com\/shop\/buy-r-mmc-powder-online\/\",\"url\":\"https:\/\/trustwhite.com\/shop\/buy-r-mmc-powder-online\/\",\"name\":\"Buy R-MMC powder online - Cheap price, Grade A++\",\"isPartOf\":{\"@id\":\"https:\/\/trustwhite.com\/el\/#website\"},\"primaryImageOfPage\":{\"@id\":\"https:\/\/trustwhite.com\/shop\/buy-r-mmc-powder-online\/#primaryimage\"},\"image\":{\"@id\":\"https:\/\/trustwhite.com\/shop\/buy-r-mmc-powder-online\/#primaryimage\"},\"thumbnailUrl\":\"https:\/\/trustwhite.com\/wp-content\/uploads\/2022\/03\/buy-r-mmc-powder-online.jpg\",\"datePublished\":\"2022-03-12T07:34:22+00:00\",\"dateModified\":\"2022-12-29T19:12:56+00:00\",\"description\":\"Buy R-MMC powder Online at an affordable price at stonersmeds. All products are lab qualified and have premium quality.\",\"breadcrumb\":{\"@id\":\"https:\/\/trustwhite.com\/shop\/buy-r-mmc-powder-online\/#breadcrumb\"},\"inLanguage\":\"cs\",\"potentialAction\":[{\"@type\":\"ReadAction\",\"target\":[\"https:\/\/trustwhite.com\/shop\/buy-r-mmc-powder-online\/\"]}]},{\"@type\":\"ImageObject\",\"inLanguage\":\"cs\",\"@id\":\"https:\/\/trustwhite.com\/shop\/buy-r-mmc-powder-online\/#primaryimage\",\"url\":\"https:\/\/trustwhite.com\/wp-content\/uploads\/2022\/03\/buy-r-mmc-powder-online.jpg\",\"contentUrl\":\"https:\/\/trustwhite.com\/wp-content\/uploads\/2022\/03\/buy-r-mmc-powder-online.jpg\",\"width\":600,\"height\":600},{\"@type\":\"BreadcrumbList\",\"@id\":\"https:\/\/trustwhite.com\/shop\/buy-r-mmc-powder-online\/#breadcrumb\",\"itemListElement\":[{\"@type\":\"ListItem\",\"position\":1,\"name\":\"Home\",\"item\":\"https:\/\/trustwhite.com\/el\/\"},{\"@type\":\"ListItem\",\"position\":2,\"name\":\"Shop\",\"item\":\"https:\/\/trustwhite.com\/el\/shop\/\"},{\"@type\":\"ListItem\",\"position\":3,\"name\":\"Buy R-MMC powder online\"}]},{\"@type\":\"WebSite\",\"@id\":\"https:\/\/trustwhite.com\/el\/#website\",\"url\":\"https:\/\/trustwhite.com\/el\/\",\"name\":\"stonersmeds.com\",\"description\":\"verschreibungspflichtige Medizin kaufen\",\"potentialAction\":[{\"@type\":\"SearchAction\",\"target\":{\"@type\":\"EntryPoint\",\"urlTemplate\":\"https:\/\/trustwhite.com\/el\/?s={search_term_string}\"},\"query-input\":{\"@type\":\"PropertyValueSpecification\",\"valueRequired\":true,\"valueName\":\"search_term_string\"}}],\"inLanguage\":\"cs\"}]}<\/script>\n<!-- \/ Yoast SEO plugin. -->","yoast_head_json":{"title":"Koupit R-MMC pr\u00e1\u0161ek online - levn\u00e1 cena, t\u0159\u00edda A++","description":"Koupit R-MMC pr\u00e1\u0161ek online za p\u0159ijatelnou cenu na stonersmeds. V\u0161echny produkty jsou laboratorn\u011b kvalifikovan\u00e9 a maj\u00ed prvot\u0159\u00eddn\u00ed kvalitu.","robots":{"index":"index","follow":"follow","max-snippet":"max-snippet:-1","max-image-preview":"max-image-preview:large","max-video-preview":"max-video-preview:-1"},"canonical":"https:\/\/trustwhite.com\/cs\/shop\/buy-r-mmc-powder-online\/","og_locale":"cs_CZ","og_type":"article","og_title":"Buy R-MMC powder online - Cheap price, Grade A++","og_description":"Buy R-MMC powder Online at an affordable price at stonersmeds. All products are lab qualified and have premium quality.","og_url":"https:\/\/trustwhite.com\/cs\/shop\/buy-r-mmc-powder-online\/","og_site_name":"stonersmeds.com","article_modified_time":"2022-12-29T19:12:56+00:00","og_image":[{"width":600,"height":600,"url":"https:\/\/trustwhite.com\/wp-content\/uploads\/2022\/03\/buy-r-mmc-powder-online.jpg","type":"image\/jpeg"}],"twitter_card":"summary_large_image","twitter_misc":{"Odhadovan\u00e1 doba \u010dten\u00ed":"1 minuta"},"schema":{"@context":"https:\/\/schema.org","@graph":[{"@type":"WebPage","@id":"https:\/\/trustwhite.com\/shop\/buy-r-mmc-powder-online\/","url":"https:\/\/trustwhite.com\/shop\/buy-r-mmc-powder-online\/","name":"Koupit R-MMC pr\u00e1\u0161ek online - levn\u00e1 cena, t\u0159\u00edda A++","isPartOf":{"@id":"https:\/\/trustwhite.com\/el\/#website"},"primaryImageOfPage":{"@id":"https:\/\/trustwhite.com\/shop\/buy-r-mmc-powder-online\/#primaryimage"},"image":{"@id":"https:\/\/trustwhite.com\/shop\/buy-r-mmc-powder-online\/#primaryimage"},"thumbnailUrl":"https:\/\/trustwhite.com\/wp-content\/uploads\/2022\/03\/buy-r-mmc-powder-online.jpg","datePublished":"2022-03-12T07:34:22+00:00","dateModified":"2022-12-29T19:12:56+00:00","description":"Koupit R-MMC pr\u00e1\u0161ek online za p\u0159ijatelnou cenu na stonersmeds. V\u0161echny produkty jsou laboratorn\u011b kvalifikovan\u00e9 a maj\u00ed prvot\u0159\u00eddn\u00ed kvalitu.","breadcrumb":{"@id":"https:\/\/trustwhite.com\/shop\/buy-r-mmc-powder-online\/#breadcrumb"},"inLanguage":"cs","potentialAction":[{"@type":"ReadAction","target":["https:\/\/trustwhite.com\/shop\/buy-r-mmc-powder-online\/"]}]},{"@type":"ImageObject","inLanguage":"cs","@id":"https:\/\/trustwhite.com\/shop\/buy-r-mmc-powder-online\/#primaryimage","url":"https:\/\/trustwhite.com\/wp-content\/uploads\/2022\/03\/buy-r-mmc-powder-online.jpg","contentUrl":"https:\/\/trustwhite.com\/wp-content\/uploads\/2022\/03\/buy-r-mmc-powder-online.jpg","width":600,"height":600},{"@type":"BreadcrumbList","@id":"https:\/\/trustwhite.com\/shop\/buy-r-mmc-powder-online\/#breadcrumb","itemListElement":[{"@type":"ListItem","position":1,"name":"Home","item":"https:\/\/trustwhite.com\/el\/"},{"@type":"ListItem","position":2,"name":"Shop","item":"https:\/\/trustwhite.com\/el\/shop\/"},{"@type":"ListItem","position":3,"name":"Buy R-MMC powder online"}]},{"@type":"WebSite","@id":"https:\/\/trustwhite.com\/el\/#website","url":"https:\/\/trustwhite.com\/el\/","name":"stonersmeds.com","description":"verschreibungspflichtige Medizin kaufen","potentialAction":[{"@type":"SearchAction","target":{"@type":"EntryPoint","urlTemplate":"https:\/\/trustwhite.com\/el\/?s={search_term_string}"},"query-input":{"@type":"PropertyValueSpecification","valueRequired":true,"valueName":"search_term_string"}}],"inLanguage":"cs"}]}},"_links":{"self":[{"href":"https:\/\/trustwhite.com\/cs\/wp-json\/wp\/v2\/product\/10426","targetHints":{"allow":["GET"]}}],"collection":[{"href":"https:\/\/trustwhite.com\/cs\/wp-json\/wp\/v2\/product"}],"about":[{"href":"https:\/\/trustwhite.com\/cs\/wp-json\/wp\/v2\/types\/product"}],"version-history":[{"count":0,"href":"https:\/\/trustwhite.com\/cs\/wp-json\/wp\/v2\/product\/10426\/revisions"}],"wp:featuredmedia":[{"embeddable":true,"href":"https:\/\/trustwhite.com\/cs\/wp-json\/wp\/v2\/media\/10445"}],"wp:attachment":[{"href":"https:\/\/trustwhite.com\/cs\/wp-json\/wp\/v2\/media?parent=10426"}],"wp:term":[{"taxonomy":"product_brand","embeddable":true,"href":"https:\/\/trustwhite.com\/cs\/wp-json\/wp\/v2\/product_brand?post=10426"},{"taxonomy":"product_cat","embeddable":true,"href":"https:\/\/trustwhite.com\/cs\/wp-json\/wp\/v2\/product_cat?post=10426"},{"taxonomy":"product_tag","embeddable":true,"href":"https:\/\/trustwhite.com\/cs\/wp-json\/wp\/v2\/product_tag?post=10426"}],"curies":[{"name":"wp","href":"https:\/\/api.w.org\/{rel}","templated":true}]}}