{"id":10410,"date":"2022-03-12T07:29:41","date_gmt":"2022-03-12T07:29:41","guid":{"rendered":"https:\/\/stonersmeds.com\/?post_type=product&#038;p=10410"},"modified":"2022-12-30T20:36:29","modified_gmt":"2022-12-30T18:36:29","slug":"buy-fentanyl-powder-online","status":"publish","type":"product","link":"https:\/\/trustwhite.com\/cs\/shop\/buy-fentanyl-powder-online\/","title":{"rendered":"Koupit fentanylov\u00fd pr\u00e1\u0161ek online"},"content":{"rendered":"<h1><b>Koupit fentanylov\u00fd pr\u00e1\u0161ek online<br \/>\n<\/b><\/h1>\n<p>Fentanyl je \u010dlenem skupiny pro-drogov\u00fdch l\u00e1tek zn\u00e1m\u00fdch jako opioidy. Tento pr\u00e1\u0161ek se pou\u017e\u00edv\u00e1 p\u0159i l\u00e9\u010db\u011b mnoha onemocn\u011bn\u00ed. Vyskytuje se ve form\u011b tablet i pr\u00e1\u0161ku. Fentanyl v pr\u00e1\u0161ku je l\u00e9k proti bolesti, kter\u00fd se pou\u017e\u00edv\u00e1 k \u00falev\u011b od bolesti.<\/p>\n<p>Fentanyl se tak\u00e9 pou\u017e\u00edv\u00e1 ke sn\u00ed\u017een\u00ed nebo odstran\u011bn\u00ed jak\u00e9hokoli typu bolesti, tj. tak\u00e9 chronick\u00e9 bolesti. Poprv\u00e9 byl syntetizov\u00e1n v 60. letech 20. stolet\u00ed a na trh se dostal jako l\u00e9k. Tehdy se pou\u017e\u00edval k m\u00e9n\u011b z\u00e1va\u017en\u00fdm \u00fa\u010del\u016fm. V posledn\u00edch letech se v\u0161ak pou\u017e\u00edv\u00e1 nejen jako l\u00e9k, ale v n\u011bkter\u00fdch p\u0159\u00edpadech i jako droga.<\/p>\n<p>Fentanylov\u00fd pr\u00e1\u0161ek je \u010dasto srovn\u00e1v\u00e1n s nejzn\u00e1m\u011bj\u0161\u00ed pro-drogovou drogou, kter\u00e1 je zn\u00e1m\u00e1 jako morfin. Jedn\u00e1 se o pro-drogu s velmi vysok\u00fdm potenci\u00e1lem, kter\u00e1 se pou\u017e\u00edv\u00e1 a vyr\u00e1b\u00ed je\u0161t\u011b v l\u00e9ka\u0159sk\u00e9 oblasti.<\/p>\n<p>Fentanyl v pr\u00e1\u0161ku je t\u00e9m\u011b\u0159 50-100kr\u00e1t siln\u011bj\u0161\u00ed pro-drogou ne\u017e morfin. To je hlavn\u00ed d\u016fvod jeho \u00fasp\u011bchu a pou\u017e\u00edv\u00e1n\u00ed v tak velk\u00e9m m\u011b\u0159\u00edtku.<\/p>\n<p>Fentanylov\u00fd pr\u00e1\u0161ek p\u016fsob\u00ed p\u0159\u00edmo na mozek a zcela m\u011bn\u00ed pocit bolesti. V z\u00e1vislosti na stavu bolesti trvale nebo \u010d\u00e1ste\u010dn\u011b odstra\u0148uje bolest z t\u011bla. D\u00edky sv\u00e9 vysok\u00e9 \u00fa\u010dinnosti se b\u011b\u017en\u011b pou\u017e\u00edv\u00e1 k l\u00e9\u010db\u011b jak\u00e9hokoli typu bolesti od po\u010d\u00e1te\u010dn\u00ed a\u017e po chronickou bolest.<\/p>\n<p>To jsou n\u011bkter\u00e9 vlastnosti, kv\u016fli kter\u00fdm mnoho l\u00e9ka\u0159\u016f pou\u017e\u00edv\u00e1 tento pro-drug ve sv\u00fdch l\u00e9\u010db\u00e1ch. Mnoho l\u00e9k\u016f pou\u017e\u00edvan\u00fdch p\u0159i chirurgick\u00fdch operac\u00edch obsahuje ur\u010dit\u00fd pod\u00edl tohoto prol\u00e9\u010diva, aby se sn\u00ed\u017eila bolestivost operace.<\/p>\n<p>Fentanylov\u00fd pr\u00e1\u0161ek nen\u00ed obl\u00edben\u00fd jen mezi l\u00e9ka\u0159i, ale tak\u00e9 mezi lidmi, kte\u0159\u00ed chod\u00ed do tane\u010dn\u00edch bar\u016f a klub\u016f. Lid\u00e9 pou\u017e\u00edvaj\u00ed tuto pro-drogu k relaxaci, kdy\u017e jsou unaveni ze sv\u00e9 pr\u00e1ce a cht\u011bj\u00ed si u\u017e\u00edvat \u017eivota.<\/p>\n<p>Slo\u017eky pou\u017eit\u00e9 k v\u00fdrob\u011b tohoto pro-drog maj\u00ed tak\u00e9 n\u011bjakou vlastnost, kter\u00e1 je u\u017eite\u010dn\u00e1 p\u0159i z\u00edsk\u00e1v\u00e1n\u00ed spr\u00e1vn\u00e9ho sp\u00e1nku. Z tohoto d\u016fvodu se stal velmi obl\u00edben\u00fdm mezi lidmi, kte\u0159\u00ed \u010del\u00ed probl\u00e9m\u016fm, jako je deprese.<\/p>\n<p>Fentanylov\u00fd pr\u00e1\u0161ek je snadno dostupn\u00fd na online trhu. N\u00e1\u0161 internetov\u00fd obchod se tak\u00e9 zab\u00fdv\u00e1 touto pro-drogou ve form\u011b tablet i pr\u00e1\u0161ku. N\u00e1\u0161 obchod tak\u00e9 zaji\u0161\u0165uje dod\u00e1n\u00ed produktu ve velmi kr\u00e1tk\u00e9m \u010dase na v\u00e1\u0161 pr\u00e1h.<\/p>\n<p>&nbsp;<\/p>\n<p>&nbsp;<\/p>\n<pre><strong>Buy Fentanyl Powder Online - koupit pr\u00e1\u0161ek , koupit Fentanyl Powder , koupit fentanyl online, Kde koupit Fentanyl Powder , Fentanyl Powder na prodej, Pr\u00e1\u0161ek na prodej, koupit pr\u00e1\u0161ek online, kde koupit Fentanyl Powder online , Fentanyl Powder na prodej v USA, USA, kanada,uk, koupit, online, dodavatel\u00e9, bezpe\u010dn\u00e9 dod\u00e1n\u00ed, Fentanyl Powder m\u016f\u017eete st\u00e1le z\u00edskat , Is Fentanyl Powder legal in usa, buy Fentanyl Powder online usa, how to order Fentanyl Powder , Is Fentanyl Powder legal in Canada<\/strong><\/pre>","protected":false},"excerpt":{"rendered":"<p>Fentanylem se l\u00e9\u010d\u00ed siln\u00e1, trvaj\u00edc\u00ed bolest, kterou nelze zvl\u00e1dnout jin\u00fdmi l\u00e9ky. Tento l\u00e9\u010div\u00fd p\u0159\u00edpravek je narkotick\u00fd l\u00e9k proti bolesti.<br \/>\nKoupit top quanlity Fentanyl online dnes za velmi n\u00edzk\u00e9 ceny od Nab\u00edz\u00edme diskr\u00e9tn\u00ed dopravu a z\u00e1ruku vr\u00e1cen\u00ed pen\u011bz.<\/p>\n<p>cena produktu je: za gram<\/p>\n<pre><strong>Buy Fentanyl Powder Online - koupit pr\u00e1\u0161ek , koupit Fentanyl Powder , koupit fentanyl online, Kde koupit Fentanyl Powder , Fentanyl Powder na prodej, Pr\u00e1\u0161ek na prodej, koupit pr\u00e1\u0161ek online, kde koupit Fentanyl Powder online , Fentanyl Powder na prodej v USA, USA, kanada,uk, koupit, online, dodavatel\u00e9, bezpe\u010dn\u00e9 dod\u00e1n\u00ed, Fentanyl Powder m\u016f\u017eete st\u00e1le z\u00edskat , Is Fentanyl Powder legal in usa, buy Fentanyl Powder online usa, how to order Fentanyl Powder , Is Fentanyl Powder legal in Canada<\/strong><\/pre>","protected":false},"featured_media":10427,"template":"","meta":[],"product_brand":[],"product_cat":[79],"product_tag":[],"class_list":{"0":"post-10410","1":"product","2":"type-product","3":"status-publish","4":"has-post-thumbnail","6":"product_cat-research-chemicals-and-bath-salt","8":"first","9":"instock","10":"shipping-taxable","11":"purchasable","12":"product-type-variable"},"tiered_pricing_type":"fixed","tiered_pricing_fixed_rules":[],"tiered_pricing_percentage_rules":[],"tiered_pricing_minimum":1,"_administrator_tiered_pricing_type":"fixed","_administrator_tiered_pricing_fixed_rules":[],"_editor_tiered_pricing_type":"fixed","_editor_tiered_pricing_fixed_rules":[],"_author_tiered_pricing_type":"fixed","_author_tiered_pricing_fixed_rules":[],"_contributor_tiered_pricing_type":"fixed","_contributor_tiered_pricing_fixed_rules":[],"_subscriber_tiered_pricing_type":"fixed","_subscriber_tiered_pricing_fixed_rules":[],"_customer_tiered_pricing_type":"fixed","_customer_tiered_pricing_fixed_rules":[],"_shop_manager_tiered_pricing_type":"fixed","_shop_manager_tiered_pricing_fixed_rules":[],"_wpseo_manager_tiered_pricing_type":"fixed","_wpseo_manager_tiered_pricing_fixed_rules":[],"_wpseo_editor_tiered_pricing_type":"fixed","_wpseo_editor_tiered_pricing_fixed_rules":[],"yoast_head":"<!-- This site is optimized with the Yoast SEO plugin v26.8 - https:\/\/yoast.com\/product\/yoast-seo-wordpress\/ -->\n<title>Buy Fentanyl Powder Online - Cheap price, Grade A++<\/title>\n<meta name=\"description\" content=\"Buy Fentanyl Powder Online at an affordable price at stonersmeds. All products are lab qualified and have premium quality.\" \/>\n<meta name=\"robots\" content=\"index, follow, max-snippet:-1, max-image-preview:large, max-video-preview:-1\" \/>\n<link rel=\"canonical\" href=\"https:\/\/trustwhite.com\/cs\/shop\/buy-fentanyl-powder-online\/\" \/>\n<meta property=\"og:locale\" content=\"cs_CZ\" \/>\n<meta property=\"og:type\" content=\"article\" \/>\n<meta property=\"og:title\" content=\"Buy Fentanyl Powder Online - Cheap price, Grade A++\" \/>\n<meta property=\"og:description\" content=\"Buy Fentanyl Powder Online at an affordable price at stonersmeds. All products are lab qualified and have premium quality.\" \/>\n<meta property=\"og:url\" content=\"https:\/\/trustwhite.com\/cs\/shop\/buy-fentanyl-powder-online\/\" \/>\n<meta property=\"og:site_name\" content=\"stonersmeds.com\" \/>\n<meta property=\"article:modified_time\" content=\"2022-12-30T18:36:29+00:00\" \/>\n<meta property=\"og:image\" content=\"https:\/\/trustwhite.com\/wp-content\/uploads\/2022\/03\/buy-metizolam-powder-online.jpg\" \/>\n\t<meta property=\"og:image:width\" content=\"600\" \/>\n\t<meta property=\"og:image:height\" content=\"600\" \/>\n\t<meta property=\"og:image:type\" content=\"image\/jpeg\" \/>\n<meta name=\"twitter:card\" content=\"summary_large_image\" \/>\n<meta name=\"twitter:label1\" content=\"Odhadovan\u00e1 doba \u010dten\u00ed\" \/>\n\t<meta name=\"twitter:data1\" content=\"2 minuty\" \/>\n<script type=\"application\/ld+json\" class=\"yoast-schema-graph\">{\"@context\":\"https:\/\/schema.org\",\"@graph\":[{\"@type\":\"WebPage\",\"@id\":\"https:\/\/trustwhite.com\/shop\/buy-fentanyl-powder-online\/\",\"url\":\"https:\/\/trustwhite.com\/shop\/buy-fentanyl-powder-online\/\",\"name\":\"Buy Fentanyl Powder Online - Cheap price, Grade A++\",\"isPartOf\":{\"@id\":\"https:\/\/trustwhite.com\/el\/#website\"},\"primaryImageOfPage\":{\"@id\":\"https:\/\/trustwhite.com\/shop\/buy-fentanyl-powder-online\/#primaryimage\"},\"image\":{\"@id\":\"https:\/\/trustwhite.com\/shop\/buy-fentanyl-powder-online\/#primaryimage\"},\"thumbnailUrl\":\"https:\/\/trustwhite.com\/wp-content\/uploads\/2022\/03\/buy-metizolam-powder-online.jpg\",\"datePublished\":\"2022-03-12T07:29:41+00:00\",\"dateModified\":\"2022-12-30T18:36:29+00:00\",\"description\":\"Buy Fentanyl Powder Online at an affordable price at stonersmeds. All products are lab qualified and have premium quality.\",\"breadcrumb\":{\"@id\":\"https:\/\/trustwhite.com\/shop\/buy-fentanyl-powder-online\/#breadcrumb\"},\"inLanguage\":\"cs\",\"potentialAction\":[{\"@type\":\"ReadAction\",\"target\":[\"https:\/\/trustwhite.com\/shop\/buy-fentanyl-powder-online\/\"]}]},{\"@type\":\"ImageObject\",\"inLanguage\":\"cs\",\"@id\":\"https:\/\/trustwhite.com\/shop\/buy-fentanyl-powder-online\/#primaryimage\",\"url\":\"https:\/\/trustwhite.com\/wp-content\/uploads\/2022\/03\/buy-metizolam-powder-online.jpg\",\"contentUrl\":\"https:\/\/trustwhite.com\/wp-content\/uploads\/2022\/03\/buy-metizolam-powder-online.jpg\",\"width\":600,\"height\":600},{\"@type\":\"BreadcrumbList\",\"@id\":\"https:\/\/trustwhite.com\/shop\/buy-fentanyl-powder-online\/#breadcrumb\",\"itemListElement\":[{\"@type\":\"ListItem\",\"position\":1,\"name\":\"Home\",\"item\":\"https:\/\/trustwhite.com\/el\/\"},{\"@type\":\"ListItem\",\"position\":2,\"name\":\"Shop\",\"item\":\"https:\/\/trustwhite.com\/el\/shop\/\"},{\"@type\":\"ListItem\",\"position\":3,\"name\":\"Buy Fentanyl Powder Online\"}]},{\"@type\":\"WebSite\",\"@id\":\"https:\/\/trustwhite.com\/el\/#website\",\"url\":\"https:\/\/trustwhite.com\/el\/\",\"name\":\"stonersmeds.com\",\"description\":\"verschreibungspflichtige Medizin kaufen\",\"potentialAction\":[{\"@type\":\"SearchAction\",\"target\":{\"@type\":\"EntryPoint\",\"urlTemplate\":\"https:\/\/trustwhite.com\/el\/?s={search_term_string}\"},\"query-input\":{\"@type\":\"PropertyValueSpecification\",\"valueRequired\":true,\"valueName\":\"search_term_string\"}}],\"inLanguage\":\"cs\"}]}<\/script>\n<!-- \/ Yoast SEO plugin. -->","yoast_head_json":{"title":"Koupit Fentanyl Powder online - n\u00edzk\u00e1 cena, Grade A++","description":"Koupit Fentanyl Powder online za p\u0159ijatelnou cenu na stonersmeds. V\u0161echny produkty jsou laboratorn\u011b kvalifikovan\u00e9 a maj\u00ed prvot\u0159\u00eddn\u00ed kvalitu.","robots":{"index":"index","follow":"follow","max-snippet":"max-snippet:-1","max-image-preview":"max-image-preview:large","max-video-preview":"max-video-preview:-1"},"canonical":"https:\/\/trustwhite.com\/cs\/shop\/buy-fentanyl-powder-online\/","og_locale":"cs_CZ","og_type":"article","og_title":"Buy Fentanyl Powder Online - Cheap price, Grade A++","og_description":"Buy Fentanyl Powder Online at an affordable price at stonersmeds. All products are lab qualified and have premium quality.","og_url":"https:\/\/trustwhite.com\/cs\/shop\/buy-fentanyl-powder-online\/","og_site_name":"stonersmeds.com","article_modified_time":"2022-12-30T18:36:29+00:00","og_image":[{"width":600,"height":600,"url":"https:\/\/trustwhite.com\/wp-content\/uploads\/2022\/03\/buy-metizolam-powder-online.jpg","type":"image\/jpeg"}],"twitter_card":"summary_large_image","twitter_misc":{"Odhadovan\u00e1 doba \u010dten\u00ed":"2 minuty"},"schema":{"@context":"https:\/\/schema.org","@graph":[{"@type":"WebPage","@id":"https:\/\/trustwhite.com\/shop\/buy-fentanyl-powder-online\/","url":"https:\/\/trustwhite.com\/shop\/buy-fentanyl-powder-online\/","name":"Koupit Fentanyl Powder online - n\u00edzk\u00e1 cena, Grade A++","isPartOf":{"@id":"https:\/\/trustwhite.com\/el\/#website"},"primaryImageOfPage":{"@id":"https:\/\/trustwhite.com\/shop\/buy-fentanyl-powder-online\/#primaryimage"},"image":{"@id":"https:\/\/trustwhite.com\/shop\/buy-fentanyl-powder-online\/#primaryimage"},"thumbnailUrl":"https:\/\/trustwhite.com\/wp-content\/uploads\/2022\/03\/buy-metizolam-powder-online.jpg","datePublished":"2022-03-12T07:29:41+00:00","dateModified":"2022-12-30T18:36:29+00:00","description":"Koupit Fentanyl Powder online za p\u0159ijatelnou cenu na stonersmeds. V\u0161echny produkty jsou laboratorn\u011b kvalifikovan\u00e9 a maj\u00ed prvot\u0159\u00eddn\u00ed kvalitu.","breadcrumb":{"@id":"https:\/\/trustwhite.com\/shop\/buy-fentanyl-powder-online\/#breadcrumb"},"inLanguage":"cs","potentialAction":[{"@type":"ReadAction","target":["https:\/\/trustwhite.com\/shop\/buy-fentanyl-powder-online\/"]}]},{"@type":"ImageObject","inLanguage":"cs","@id":"https:\/\/trustwhite.com\/shop\/buy-fentanyl-powder-online\/#primaryimage","url":"https:\/\/trustwhite.com\/wp-content\/uploads\/2022\/03\/buy-metizolam-powder-online.jpg","contentUrl":"https:\/\/trustwhite.com\/wp-content\/uploads\/2022\/03\/buy-metizolam-powder-online.jpg","width":600,"height":600},{"@type":"BreadcrumbList","@id":"https:\/\/trustwhite.com\/shop\/buy-fentanyl-powder-online\/#breadcrumb","itemListElement":[{"@type":"ListItem","position":1,"name":"Home","item":"https:\/\/trustwhite.com\/el\/"},{"@type":"ListItem","position":2,"name":"Shop","item":"https:\/\/trustwhite.com\/el\/shop\/"},{"@type":"ListItem","position":3,"name":"Buy Fentanyl Powder Online"}]},{"@type":"WebSite","@id":"https:\/\/trustwhite.com\/el\/#website","url":"https:\/\/trustwhite.com\/el\/","name":"stonersmeds.com","description":"verschreibungspflichtige Medizin kaufen","potentialAction":[{"@type":"SearchAction","target":{"@type":"EntryPoint","urlTemplate":"https:\/\/trustwhite.com\/el\/?s={search_term_string}"},"query-input":{"@type":"PropertyValueSpecification","valueRequired":true,"valueName":"search_term_string"}}],"inLanguage":"cs"}]}},"_links":{"self":[{"href":"https:\/\/trustwhite.com\/cs\/wp-json\/wp\/v2\/product\/10410","targetHints":{"allow":["GET"]}}],"collection":[{"href":"https:\/\/trustwhite.com\/cs\/wp-json\/wp\/v2\/product"}],"about":[{"href":"https:\/\/trustwhite.com\/cs\/wp-json\/wp\/v2\/types\/product"}],"version-history":[{"count":0,"href":"https:\/\/trustwhite.com\/cs\/wp-json\/wp\/v2\/product\/10410\/revisions"}],"wp:featuredmedia":[{"embeddable":true,"href":"https:\/\/trustwhite.com\/cs\/wp-json\/wp\/v2\/media\/10427"}],"wp:attachment":[{"href":"https:\/\/trustwhite.com\/cs\/wp-json\/wp\/v2\/media?parent=10410"}],"wp:term":[{"taxonomy":"product_brand","embeddable":true,"href":"https:\/\/trustwhite.com\/cs\/wp-json\/wp\/v2\/product_brand?post=10410"},{"taxonomy":"product_cat","embeddable":true,"href":"https:\/\/trustwhite.com\/cs\/wp-json\/wp\/v2\/product_cat?post=10410"},{"taxonomy":"product_tag","embeddable":true,"href":"https:\/\/trustwhite.com\/cs\/wp-json\/wp\/v2\/product_tag?post=10410"}],"curies":[{"name":"wp","href":"https:\/\/api.w.org\/{rel}","templated":true}]}}