{"id":10187,"date":"2022-03-12T05:54:33","date_gmt":"2022-03-12T05:54:33","guid":{"rendered":"https:\/\/stonersmeds.com\/?post_type=product&#038;p=10187"},"modified":"2023-01-02T16:22:28","modified_gmt":"2023-01-02T14:22:28","slug":"buy-5-mapb-powder-crystal-1-oz","status":"publish","type":"product","link":"https:\/\/trustwhite.com\/cs\/shop\/buy-5-mapb-powder-crystal-1-oz\/","title":{"rendered":"Koupit 5-MAPB pr\u00e1\u0161ek a krystal 1 oz"},"content":{"rendered":"<h1>Koupit 5-MAPB Powder &amp; Crystal 1 oz.<\/h1>\n<p>Koupit 5-MAPB Powder &amp; Crystal 1 oz.<\/p>\n<p>koupit 5 mapb online<\/p>\n<p>kde mohu koupit 5 mapb<\/p>\n<p>koupit 5 mapb<\/p>\n<p>koupit 5 mapb usa<\/p>\n<p>5 mapb recenze<\/p>\n<p>&nbsp;<\/p>\n<p>&nbsp;<\/p>\n<pre><strong>Koupit 5-MAPB Powder &amp; Crystal 1 oz online \u2013 koupit Powder &amp; Crystal 1 oz , koupit 5-MAPB Powder &amp; Crystal 1 oz , koupit Powder &amp; Crystal 1 oz online, Kde koupit 5-MAPB Powder &amp; Crystal 1 oz , 5- MAPB Powder &amp; Crystal 1 oz na prodej, 5-MAPB Powder &amp; Crystal 1 oz na prodej, n\u00e1kup 5-MAPB Powder &amp; Crystal online, kde koupit 5-MAPB Powder &amp; Crystal 1 oz online, 5-MAPB Powder &amp; Crystal 1 oz na prodej v USA, USA, Kanad\u011b, Velk\u00e9 Brit\u00e1nii, n\u00e1kup, online, dodavatel\u00e9, bezpe\u010dn\u00e9 doru\u010den\u00ed, St\u00e1le m\u016f\u017eete z\u00edskat 5-MAPB Powder &amp; Crystal 1 oz, Je 5-MAPB Powder &amp; Crystal 1 oz leg\u00e1ln\u00ed v USA, koupit 5-MAPB Powder &amp; Crystal 1 oz online usa, jak si objednat 5-MAPB Powder &amp; Crystal 1 oz , Je 5-MAPB Powder &amp; Crystal 1 oz leg\u00e1ln\u00ed v Kanad\u011b<\/strong><\/pre>","protected":false},"excerpt":{"rendered":"<p>Koupit 5-MAPB Powder &amp; Crystal 1 oz. 5-MAPB Powder Podobn\u00e9: Doporu\u010den\u00e9 d\u00e1vkov\u00e1n\u00ed pro 5-MAPB: 100-200 mg.<\/p>\n<pre><strong>Koupit 5-MAPB Powder &amp; Crystal 1 oz online \u2013 koupit Powder &amp; Crystal 1 oz , koupit 5-MAPB Powder &amp; Crystal 1 oz , koupit Powder &amp; Crystal 1 oz online, Kde koupit 5-MAPB Powder &amp; Crystal 1 oz , 5- MAPB Powder &amp; Crystal 1 oz na prodej, 5-MAPB Powder &amp; Crystal 1 oz na prodej, n\u00e1kup 5-MAPB Powder &amp; Crystal online, kde koupit 5-MAPB Powder &amp; Crystal 1 oz online, 5-MAPB Powder &amp; Crystal 1 oz na prodej v USA, USA, Kanad\u011b, Velk\u00e9 Brit\u00e1nii, n\u00e1kup, online, dodavatel\u00e9, bezpe\u010dn\u00e9 doru\u010den\u00ed, St\u00e1le m\u016f\u017eete z\u00edskat 5-MAPB Powder &amp; Crystal 1 oz, Je 5-MAPB Powder &amp; Crystal 1 oz leg\u00e1ln\u00ed v USA, koupit 5-MAPB Powder &amp; Crystal 1 oz online usa, jak si objednat 5-MAPB Powder &amp; Crystal 1 oz , Je 5-MAPB Powder &amp; Crystal 1 oz leg\u00e1ln\u00ed v Kanad\u011b<\/strong><\/pre>","protected":false},"featured_media":10198,"template":"","meta":[],"product_brand":[],"product_cat":[79],"product_tag":[],"class_list":{"0":"post-10187","1":"product","2":"type-product","3":"status-publish","4":"has-post-thumbnail","6":"product_cat-research-chemicals-and-bath-salt","8":"first","9":"instock","10":"shipping-taxable","11":"purchasable","12":"product-type-variable"},"tiered_pricing_type":"fixed","tiered_pricing_fixed_rules":[],"tiered_pricing_percentage_rules":[],"tiered_pricing_minimum":1,"_administrator_tiered_pricing_type":"fixed","_administrator_tiered_pricing_fixed_rules":[],"_editor_tiered_pricing_type":"fixed","_editor_tiered_pricing_fixed_rules":[],"_author_tiered_pricing_type":"fixed","_author_tiered_pricing_fixed_rules":[],"_contributor_tiered_pricing_type":"fixed","_contributor_tiered_pricing_fixed_rules":[],"_subscriber_tiered_pricing_type":"fixed","_subscriber_tiered_pricing_fixed_rules":[],"_customer_tiered_pricing_type":"fixed","_customer_tiered_pricing_fixed_rules":[],"_shop_manager_tiered_pricing_type":"fixed","_shop_manager_tiered_pricing_fixed_rules":[],"_wpseo_manager_tiered_pricing_type":"fixed","_wpseo_manager_tiered_pricing_fixed_rules":[],"_wpseo_editor_tiered_pricing_type":"fixed","_wpseo_editor_tiered_pricing_fixed_rules":[],"yoast_head":"<!-- This site is optimized with the Yoast SEO plugin v26.8 - https:\/\/yoast.com\/product\/yoast-seo-wordpress\/ -->\n<title>Buy 5-MAPB Powder &amp; Crystal 1 oz - Cheap price, top quality<\/title>\n<meta name=\"description\" content=\"Buy 5-MAPB Powder Online at an affordable price at stonersmeds. All products are lab qualified and have premium quality.\" \/>\n<meta name=\"robots\" content=\"index, follow, max-snippet:-1, max-image-preview:large, max-video-preview:-1\" \/>\n<link rel=\"canonical\" href=\"https:\/\/trustwhite.com\/cs\/shop\/buy-5-mapb-powder-crystal-1-oz\/\" \/>\n<meta property=\"og:locale\" content=\"cs_CZ\" \/>\n<meta property=\"og:type\" content=\"article\" \/>\n<meta property=\"og:title\" content=\"Buy 5-MAPB Powder &amp; Crystal 1 oz - Cheap price, top quality\" \/>\n<meta property=\"og:description\" content=\"Buy 5-MAPB Powder Online at an affordable price at stonersmeds. All products are lab qualified and have premium quality.\" \/>\n<meta property=\"og:url\" content=\"https:\/\/trustwhite.com\/cs\/shop\/buy-5-mapb-powder-crystal-1-oz\/\" \/>\n<meta property=\"og:site_name\" content=\"stonersmeds.com\" \/>\n<meta property=\"article:modified_time\" content=\"2023-01-02T14:22:28+00:00\" \/>\n<meta property=\"og:image\" content=\"https:\/\/trustwhite.com\/wp-content\/uploads\/2022\/03\/Buy-5-MAPB-Powder-Crystal-1-oz.jpg\" \/>\n\t<meta property=\"og:image:width\" content=\"600\" \/>\n\t<meta property=\"og:image:height\" content=\"600\" \/>\n\t<meta property=\"og:image:type\" content=\"image\/jpeg\" \/>\n<meta name=\"twitter:card\" content=\"summary_large_image\" \/>\n<meta name=\"twitter:label1\" content=\"Odhadovan\u00e1 doba \u010dten\u00ed\" \/>\n\t<meta name=\"twitter:data1\" content=\"1 minuta\" \/>\n<script type=\"application\/ld+json\" class=\"yoast-schema-graph\">{\"@context\":\"https:\/\/schema.org\",\"@graph\":[{\"@type\":\"WebPage\",\"@id\":\"https:\/\/trustwhite.com\/shop\/buy-5-mapb-powder-crystal-1-oz\/\",\"url\":\"https:\/\/trustwhite.com\/shop\/buy-5-mapb-powder-crystal-1-oz\/\",\"name\":\"Buy 5-MAPB Powder & Crystal 1 oz - Cheap price, top quality\",\"isPartOf\":{\"@id\":\"https:\/\/trustwhite.com\/el\/#website\"},\"primaryImageOfPage\":{\"@id\":\"https:\/\/trustwhite.com\/shop\/buy-5-mapb-powder-crystal-1-oz\/#primaryimage\"},\"image\":{\"@id\":\"https:\/\/trustwhite.com\/shop\/buy-5-mapb-powder-crystal-1-oz\/#primaryimage\"},\"thumbnailUrl\":\"https:\/\/trustwhite.com\/wp-content\/uploads\/2022\/03\/Buy-5-MAPB-Powder-Crystal-1-oz.jpg\",\"datePublished\":\"2022-03-12T05:54:33+00:00\",\"dateModified\":\"2023-01-02T14:22:28+00:00\",\"description\":\"Buy 5-MAPB Powder Online at an affordable price at stonersmeds. All products are lab qualified and have premium quality.\",\"breadcrumb\":{\"@id\":\"https:\/\/trustwhite.com\/shop\/buy-5-mapb-powder-crystal-1-oz\/#breadcrumb\"},\"inLanguage\":\"cs\",\"potentialAction\":[{\"@type\":\"ReadAction\",\"target\":[\"https:\/\/trustwhite.com\/shop\/buy-5-mapb-powder-crystal-1-oz\/\"]}]},{\"@type\":\"ImageObject\",\"inLanguage\":\"cs\",\"@id\":\"https:\/\/trustwhite.com\/shop\/buy-5-mapb-powder-crystal-1-oz\/#primaryimage\",\"url\":\"https:\/\/trustwhite.com\/wp-content\/uploads\/2022\/03\/Buy-5-MAPB-Powder-Crystal-1-oz.jpg\",\"contentUrl\":\"https:\/\/trustwhite.com\/wp-content\/uploads\/2022\/03\/Buy-5-MAPB-Powder-Crystal-1-oz.jpg\",\"width\":600,\"height\":600},{\"@type\":\"BreadcrumbList\",\"@id\":\"https:\/\/trustwhite.com\/shop\/buy-5-mapb-powder-crystal-1-oz\/#breadcrumb\",\"itemListElement\":[{\"@type\":\"ListItem\",\"position\":1,\"name\":\"Home\",\"item\":\"https:\/\/trustwhite.com\/el\/\"},{\"@type\":\"ListItem\",\"position\":2,\"name\":\"Shop\",\"item\":\"https:\/\/trustwhite.com\/el\/shop\/\"},{\"@type\":\"ListItem\",\"position\":3,\"name\":\"Buy 5-MAPB Powder &#038; Crystal 1 oz\"}]},{\"@type\":\"WebSite\",\"@id\":\"https:\/\/trustwhite.com\/el\/#website\",\"url\":\"https:\/\/trustwhite.com\/el\/\",\"name\":\"stonersmeds.com\",\"description\":\"verschreibungspflichtige Medizin kaufen\",\"potentialAction\":[{\"@type\":\"SearchAction\",\"target\":{\"@type\":\"EntryPoint\",\"urlTemplate\":\"https:\/\/trustwhite.com\/el\/?s={search_term_string}\"},\"query-input\":{\"@type\":\"PropertyValueSpecification\",\"valueRequired\":true,\"valueName\":\"search_term_string\"}}],\"inLanguage\":\"cs\"}]}<\/script>\n<!-- \/ Yoast SEO plugin. -->","yoast_head_json":{"title":"Koupit 5-MAPB Powder &amp; Crystal 1 oz - levn\u00e1 cena, \u0161pi\u010dkov\u00e1 kvalita","description":"Kupte si 5-MAPB Powder online za dostupnou cenu u stonersmeds. V\u0161echny produkty jsou kvalifikovan\u00e9 v laborato\u0159i a maj\u00ed pr\u00e9miovou kvalitu.","robots":{"index":"index","follow":"follow","max-snippet":"max-snippet:-1","max-image-preview":"max-image-preview:large","max-video-preview":"max-video-preview:-1"},"canonical":"https:\/\/trustwhite.com\/cs\/shop\/buy-5-mapb-powder-crystal-1-oz\/","og_locale":"cs_CZ","og_type":"article","og_title":"Buy 5-MAPB Powder & Crystal 1 oz - Cheap price, top quality","og_description":"Buy 5-MAPB Powder Online at an affordable price at stonersmeds. All products are lab qualified and have premium quality.","og_url":"https:\/\/trustwhite.com\/cs\/shop\/buy-5-mapb-powder-crystal-1-oz\/","og_site_name":"stonersmeds.com","article_modified_time":"2023-01-02T14:22:28+00:00","og_image":[{"width":600,"height":600,"url":"https:\/\/trustwhite.com\/wp-content\/uploads\/2022\/03\/Buy-5-MAPB-Powder-Crystal-1-oz.jpg","type":"image\/jpeg"}],"twitter_card":"summary_large_image","twitter_misc":{"Odhadovan\u00e1 doba \u010dten\u00ed":"1 minuta"},"schema":{"@context":"https:\/\/schema.org","@graph":[{"@type":"WebPage","@id":"https:\/\/trustwhite.com\/shop\/buy-5-mapb-powder-crystal-1-oz\/","url":"https:\/\/trustwhite.com\/shop\/buy-5-mapb-powder-crystal-1-oz\/","name":"Koupit 5-MAPB Powder &amp; Crystal 1 oz - levn\u00e1 cena, \u0161pi\u010dkov\u00e1 kvalita","isPartOf":{"@id":"https:\/\/trustwhite.com\/el\/#website"},"primaryImageOfPage":{"@id":"https:\/\/trustwhite.com\/shop\/buy-5-mapb-powder-crystal-1-oz\/#primaryimage"},"image":{"@id":"https:\/\/trustwhite.com\/shop\/buy-5-mapb-powder-crystal-1-oz\/#primaryimage"},"thumbnailUrl":"https:\/\/trustwhite.com\/wp-content\/uploads\/2022\/03\/Buy-5-MAPB-Powder-Crystal-1-oz.jpg","datePublished":"2022-03-12T05:54:33+00:00","dateModified":"2023-01-02T14:22:28+00:00","description":"Kupte si 5-MAPB Powder online za dostupnou cenu u stonersmeds. V\u0161echny produkty jsou kvalifikovan\u00e9 v laborato\u0159i a maj\u00ed pr\u00e9miovou kvalitu.","breadcrumb":{"@id":"https:\/\/trustwhite.com\/shop\/buy-5-mapb-powder-crystal-1-oz\/#breadcrumb"},"inLanguage":"cs","potentialAction":[{"@type":"ReadAction","target":["https:\/\/trustwhite.com\/shop\/buy-5-mapb-powder-crystal-1-oz\/"]}]},{"@type":"ImageObject","inLanguage":"cs","@id":"https:\/\/trustwhite.com\/shop\/buy-5-mapb-powder-crystal-1-oz\/#primaryimage","url":"https:\/\/trustwhite.com\/wp-content\/uploads\/2022\/03\/Buy-5-MAPB-Powder-Crystal-1-oz.jpg","contentUrl":"https:\/\/trustwhite.com\/wp-content\/uploads\/2022\/03\/Buy-5-MAPB-Powder-Crystal-1-oz.jpg","width":600,"height":600},{"@type":"BreadcrumbList","@id":"https:\/\/trustwhite.com\/shop\/buy-5-mapb-powder-crystal-1-oz\/#breadcrumb","itemListElement":[{"@type":"ListItem","position":1,"name":"Home","item":"https:\/\/trustwhite.com\/el\/"},{"@type":"ListItem","position":2,"name":"Shop","item":"https:\/\/trustwhite.com\/el\/shop\/"},{"@type":"ListItem","position":3,"name":"Buy 5-MAPB Powder &#038; Crystal 1 oz"}]},{"@type":"WebSite","@id":"https:\/\/trustwhite.com\/el\/#website","url":"https:\/\/trustwhite.com\/el\/","name":"stonersmeds.com","description":"verschreibungspflichtige Medizin kaufen","potentialAction":[{"@type":"SearchAction","target":{"@type":"EntryPoint","urlTemplate":"https:\/\/trustwhite.com\/el\/?s={search_term_string}"},"query-input":{"@type":"PropertyValueSpecification","valueRequired":true,"valueName":"search_term_string"}}],"inLanguage":"cs"}]}},"_links":{"self":[{"href":"https:\/\/trustwhite.com\/cs\/wp-json\/wp\/v2\/product\/10187","targetHints":{"allow":["GET"]}}],"collection":[{"href":"https:\/\/trustwhite.com\/cs\/wp-json\/wp\/v2\/product"}],"about":[{"href":"https:\/\/trustwhite.com\/cs\/wp-json\/wp\/v2\/types\/product"}],"version-history":[{"count":0,"href":"https:\/\/trustwhite.com\/cs\/wp-json\/wp\/v2\/product\/10187\/revisions"}],"wp:featuredmedia":[{"embeddable":true,"href":"https:\/\/trustwhite.com\/cs\/wp-json\/wp\/v2\/media\/10198"}],"wp:attachment":[{"href":"https:\/\/trustwhite.com\/cs\/wp-json\/wp\/v2\/media?parent=10187"}],"wp:term":[{"taxonomy":"product_brand","embeddable":true,"href":"https:\/\/trustwhite.com\/cs\/wp-json\/wp\/v2\/product_brand?post=10187"},{"taxonomy":"product_cat","embeddable":true,"href":"https:\/\/trustwhite.com\/cs\/wp-json\/wp\/v2\/product_cat?post=10187"},{"taxonomy":"product_tag","embeddable":true,"href":"https:\/\/trustwhite.com\/cs\/wp-json\/wp\/v2\/product_tag?post=10187"}],"curies":[{"name":"wp","href":"https:\/\/api.w.org\/{rel}","templated":true}]}}