{"id":10031,"date":"2022-03-12T04:54:29","date_gmt":"2022-03-12T04:54:29","guid":{"rendered":"https:\/\/stonersmeds.com\/?post_type=product&#038;p=10031"},"modified":"2022-12-20T08:48:57","modified_gmt":"2022-12-20T06:48:57","slug":"buy-1p-lsd-cheap-100mcg-blotters-online","status":"publish","type":"product","link":"https:\/\/trustwhite.com\/cs\/shop\/buy-1p-lsd-cheap-100mcg-blotters-online\/","title":{"rendered":"Kupte si 1P-LSD levn\u00e9 100mcg blottery online"},"content":{"rendered":"<h1>Kupte si 1P-LSD 100mcg Blotters levn\u011b online.<\/h1>\n<p>L.S.D. je odr\u016fda s p\u0159evahou indiky, kter\u00e1 je pojmenov\u00e1na podle intenzivn\u00edho halucinogenn\u00edho l\u00e9ku vzhledem k neuv\u011b\u0159iteln\u011b halucinogenn\u00edmu a mozkov\u00e9mu opojen\u00ed t\u00e9to odr\u016fdy. Kmen za\u010d\u00edn\u00e1 energick\u00fdm pocitem radosti, kter\u00fd m\u016f\u017ee zatemnit psychiku a zanechat n\u011bkolik klient\u016f zcela zmaten\u00fdch a \"intelektu\u00e1ln\u011b zaseknut\u00fdch\". N\u011bkte\u0159\u00ed klienti zaru\u010duj\u00ed, \u017ee se po u\u017eit\u00ed L.S.D. budou c\u00edtit inovativn\u011bji nebo soci\u00e1ln\u011bji, a to bez ohledu na siln\u00e9 mozkov\u00e9 podn\u011bty.<\/p>\n<h3>Koupit 1P-LSD levn\u011b 100mcg Blotters online<\/h3>\n<p>Takov\u00e1 m\u00edra du\u0161evn\u00edho povzbuzen\u00ed je u indiky velmi neobvykl\u00e1. Jak se dalo o\u010dek\u00e1vat, L.S.D. m\u00e1 tak\u00e9 b\u011b\u017en\u00e9 t\u011blesn\u00e9 \u00fa\u010dinky na b\u00e1zi indiky. Klienti \u010dasto zaznamen\u00e1vaj\u00ed pr\u016flomov\u00e9 znecitliv\u011bn\u00ed t\u011bla 1 a\u017e 2 hodiny po po\u017eit\u00ed, kdy velk\u00e1 \u010d\u00e1st mozkov\u00fdch dopad\u016f odezn\u00ed. Negativn\u00ed dopady mohou zahrnovat vatu v \u00fastech, such\u00e9 o\u010di, spavost, bolesti mozku a drobnou ned\u016fv\u011b\u0159ivost.<\/p>\n<p>Pro v\u011bt\u0161inu, tento kmen m\u016f\u017ee b\u00fdt pou\u017eit kdykoli dne zm\u00edrnit m\u00edrn\u00e9 p\u0159\u00edm\u00e9 prob\u00edhaj\u00edc\u00ed pulzuj\u00edc\u00ed bolestivost. L.S.D. se \u010dasto doporu\u010duje na pomoc p\u0159i zvl\u00e1d\u00e1n\u00ed tlaku, neklidu nebo b\u00eddy. Pacienti nav\u00edc vyu\u017e\u00edvaj\u00ed tento kmen k l\u00e9\u010db\u011b poruch sp\u00e1nku a p\u00e1r lid\u00ed si jej vyb\u00edr\u00e1, aby jim pomohl v boji proti bolestem hlavy.<\/p>\n<p>L.S.D. je k\u0159\u00ed\u017eenec Mazaru a extr\u00e9mn\u011b star\u00e9ho sortimentu skunku, Skunk #1, vyroben\u00e9ho spole\u010dnost\u00ed Barney's Farm. A\u010dkoli se tento kmen nedoporu\u010duje pro nov\u00e9 producenty, je velmi jednoduch\u00fd na v\u00fdvoj, proto\u017ee je odoln\u00fd v\u016f\u010di mnoha infekc\u00edm a lze jej vyv\u00edjet venku i uvnit\u0159. D\u00edky dlouh\u00e9 dob\u011b kveten\u00ed, kter\u00e1 se pohybuje n\u011bkde v rozmez\u00ed 65 a 78 dn\u016f, m\u016f\u017ee L.S.D. poskytnout a\u017e 650 gram\u016f na ka\u017ed\u00fd metr \u010dtvere\u010dn\u00ed. Kmen, kter\u00fd nez\u0159\u00eddka p\u0159esahuje 60 centimetr\u016f, obvykle kon\u010d\u00ed v dubnu na ji\u017en\u00ed stran\u011b rovn\u00edku a v \u0159\u00edjnu na severn\u00ed. Tento kmen m\u016f\u017ee m\u00edt kontrolu THC a\u017e 24%.<\/p>\n<p>&nbsp;<\/p>\n<p>&nbsp;<\/p>\n<pre><strong>Buy 1P-LSD Cheap 100mcg Blotters Online - koupit 1P-LSD , koupit 1P-LSD Cheap 100mcg Blotters , koupit 1P-LSD Blotters online, Kde koupit 1P-LSD Cheap 100mcg Blotters , 1P-LSD Cheap 100mcg Blotters for sale, 1P-LSD Blotters for sale, buy 1P-LSD Cheap online, where to Buy 1P-LSD Cheap 100mcg Blotters online, 1P-LSD Cheap 100mcg Blotters for sale in usa , USA, canada,uk, buy, online, suppliers, safe delivery, You can still get 1P-LSD Cheap 100mcg Blotters , Is 1P-LSD Cheap 100mcg Blotters legal in usa, buy 1P-LSD Cheap 100mcg Blotters online usa, how to order 1P-LSD Cheap 100mcg Blotters , Is 1P-LSD Cheap 100mcg Blotters legal in Canada<\/strong><\/pre>","protected":false},"excerpt":{"rendered":"<p>Minim\u00e1ln\u00ed po\u010det objedn\u00e1vek je 10.<\/p>\n<pre><\/pre>","protected":false},"featured_media":10050,"template":"","meta":[],"product_brand":[],"product_cat":[80],"product_tag":[846,924,922,869,870,871,864,867,865,862,866,861,863,921,923,868],"class_list":{"0":"post-10031","1":"product","2":"type-product","3":"status-publish","4":"has-post-thumbnail","6":"product_cat-psychedelic-drugs","7":"product_tag-1p-lsd-shop","8":"product_tag-acid-prices-lsd","9":"product_tag-cost-of-lsd","10":"product_tag-how-long-does-lsd-cost","11":"product_tag-how-much-does-lsd-cost","12":"product_tag-how-much-does-lsd-cost-per-tab","13":"product_tag-how-to-make-liquid-lsd","14":"product_tag-liquid-acid-lsd","15":"product_tag-liquid-lsd-color","16":"product_tag-liquid-lsd-online","17":"product_tag-liquid-lsd-price","18":"product_tag-liquid-lsd-shop","19":"product_tag-liquid-lsd-vs-tabs","20":"product_tag-lsd-25-for-sale","21":"product_tag-lsd-tab-cost","22":"product_tag-what-does-lsd-look-like","24":"first","25":"instock","26":"shipping-taxable","27":"purchasable","28":"product-type-variable"},"tiered_pricing_type":"fixed","tiered_pricing_fixed_rules":[],"tiered_pricing_percentage_rules":[],"tiered_pricing_minimum":1,"_administrator_tiered_pricing_type":"fixed","_administrator_tiered_pricing_fixed_rules":[],"_editor_tiered_pricing_type":"fixed","_editor_tiered_pricing_fixed_rules":[],"_author_tiered_pricing_type":"fixed","_author_tiered_pricing_fixed_rules":[],"_contributor_tiered_pricing_type":"fixed","_contributor_tiered_pricing_fixed_rules":[],"_subscriber_tiered_pricing_type":"fixed","_subscriber_tiered_pricing_fixed_rules":[],"_customer_tiered_pricing_type":"fixed","_customer_tiered_pricing_fixed_rules":[],"_shop_manager_tiered_pricing_type":"fixed","_shop_manager_tiered_pricing_fixed_rules":[],"_wpseo_manager_tiered_pricing_type":"fixed","_wpseo_manager_tiered_pricing_fixed_rules":[],"_wpseo_editor_tiered_pricing_type":"fixed","_wpseo_editor_tiered_pricing_fixed_rules":[],"yoast_head":"<!-- This site is optimized with the Yoast SEO plugin v26.8 - https:\/\/yoast.com\/product\/yoast-seo-wordpress\/ -->\n<title>Buy 1P-LSD Cheap 100mcg Blotters Online - Cheap price, Highest quality<\/title>\n<meta name=\"description\" content=\"Buy 1P-LSD 100mcg Blotters Online at an affordable price at stonersmeds. All products are lab qualified and have premium quality.\" \/>\n<meta name=\"robots\" content=\"index, follow, max-snippet:-1, max-image-preview:large, max-video-preview:-1\" \/>\n<link rel=\"canonical\" href=\"https:\/\/trustwhite.com\/cs\/shop\/buy-1p-lsd-cheap-100mcg-blotters-online\/\" \/>\n<meta property=\"og:locale\" content=\"cs_CZ\" \/>\n<meta property=\"og:type\" content=\"article\" \/>\n<meta property=\"og:title\" content=\"Buy 1P-LSD Cheap 100mcg Blotters Online - Cheap price, Highest quality\" \/>\n<meta property=\"og:description\" content=\"Buy 1P-LSD 100mcg Blotters Online at an affordable price at stonersmeds. All products are lab qualified and have premium quality.\" \/>\n<meta property=\"og:url\" content=\"https:\/\/trustwhite.com\/cs\/shop\/buy-1p-lsd-cheap-100mcg-blotters-online\/\" \/>\n<meta property=\"og:site_name\" content=\"stonersmeds.com\" \/>\n<meta property=\"article:modified_time\" content=\"2022-12-20T06:48:57+00:00\" \/>\n<meta property=\"og:image\" content=\"https:\/\/trustwhite.com\/wp-content\/uploads\/2022\/03\/Buy-1P-LSD-100mcg-Blotters-cheap-online.jpg\" \/>\n\t<meta property=\"og:image:width\" content=\"600\" \/>\n\t<meta property=\"og:image:height\" content=\"600\" \/>\n\t<meta property=\"og:image:type\" content=\"image\/jpeg\" \/>\n<meta name=\"twitter:card\" content=\"summary_large_image\" \/>\n<meta name=\"twitter:label1\" content=\"Odhadovan\u00e1 doba \u010dten\u00ed\" \/>\n\t<meta name=\"twitter:data1\" content=\"2 minuty\" \/>\n<script type=\"application\/ld+json\" class=\"yoast-schema-graph\">{\"@context\":\"https:\/\/schema.org\",\"@graph\":[{\"@type\":\"WebPage\",\"@id\":\"https:\/\/trustwhite.com\/pl\/shop\/buy-1p-lsd-cheap-100mcg-blotters-online\/\",\"url\":\"https:\/\/trustwhite.com\/pl\/shop\/buy-1p-lsd-cheap-100mcg-blotters-online\/\",\"name\":\"Buy 1P-LSD Cheap 100mcg Blotters Online - Cheap price, Highest quality\",\"isPartOf\":{\"@id\":\"https:\/\/trustwhite.com\/el\/#website\"},\"primaryImageOfPage\":{\"@id\":\"https:\/\/trustwhite.com\/pl\/shop\/buy-1p-lsd-cheap-100mcg-blotters-online\/#primaryimage\"},\"image\":{\"@id\":\"https:\/\/trustwhite.com\/pl\/shop\/buy-1p-lsd-cheap-100mcg-blotters-online\/#primaryimage\"},\"thumbnailUrl\":\"https:\/\/trustwhite.com\/wp-content\/uploads\/2022\/03\/Buy-1P-LSD-100mcg-Blotters-cheap-online.jpg\",\"datePublished\":\"2022-03-12T04:54:29+00:00\",\"dateModified\":\"2022-12-20T06:48:57+00:00\",\"description\":\"Buy 1P-LSD 100mcg Blotters Online at an affordable price at stonersmeds. All products are lab qualified and have premium quality.\",\"breadcrumb\":{\"@id\":\"https:\/\/trustwhite.com\/pl\/shop\/buy-1p-lsd-cheap-100mcg-blotters-online\/#breadcrumb\"},\"inLanguage\":\"cs\",\"potentialAction\":[{\"@type\":\"ReadAction\",\"target\":[\"https:\/\/trustwhite.com\/pl\/shop\/buy-1p-lsd-cheap-100mcg-blotters-online\/\"]}]},{\"@type\":\"ImageObject\",\"inLanguage\":\"cs\",\"@id\":\"https:\/\/trustwhite.com\/pl\/shop\/buy-1p-lsd-cheap-100mcg-blotters-online\/#primaryimage\",\"url\":\"https:\/\/trustwhite.com\/wp-content\/uploads\/2022\/03\/Buy-1P-LSD-100mcg-Blotters-cheap-online.jpg\",\"contentUrl\":\"https:\/\/trustwhite.com\/wp-content\/uploads\/2022\/03\/Buy-1P-LSD-100mcg-Blotters-cheap-online.jpg\",\"width\":600,\"height\":600},{\"@type\":\"BreadcrumbList\",\"@id\":\"https:\/\/trustwhite.com\/pl\/shop\/buy-1p-lsd-cheap-100mcg-blotters-online\/#breadcrumb\",\"itemListElement\":[{\"@type\":\"ListItem\",\"position\":1,\"name\":\"Home\",\"item\":\"https:\/\/trustwhite.com\/el\/\"},{\"@type\":\"ListItem\",\"position\":2,\"name\":\"Shop\",\"item\":\"https:\/\/trustwhite.com\/el\/shop\/\"},{\"@type\":\"ListItem\",\"position\":3,\"name\":\"Buy 1P-LSD Cheap 100mcg Blotters Online\"}]},{\"@type\":\"WebSite\",\"@id\":\"https:\/\/trustwhite.com\/el\/#website\",\"url\":\"https:\/\/trustwhite.com\/el\/\",\"name\":\"stonersmeds.com\",\"description\":\"verschreibungspflichtige Medizin kaufen\",\"potentialAction\":[{\"@type\":\"SearchAction\",\"target\":{\"@type\":\"EntryPoint\",\"urlTemplate\":\"https:\/\/trustwhite.com\/el\/?s={search_term_string}\"},\"query-input\":{\"@type\":\"PropertyValueSpecification\",\"valueRequired\":true,\"valueName\":\"search_term_string\"}}],\"inLanguage\":\"cs\"}]}<\/script>\n<!-- \/ Yoast SEO plugin. -->","yoast_head_json":{"title":"Koupit 1P-LSD levn\u00e9 100mcg Blotters online - n\u00edzk\u00e1 cena, nejvy\u0161\u0161\u00ed kvalita","description":"Kupte si 1P-LSD 100mcg Blotters online za p\u0159ijatelnou cenu na stonersmeds. V\u0161echny produkty jsou laboratorn\u011b kvalifikovan\u00e9 a maj\u00ed prvot\u0159\u00eddn\u00ed kvalitu.","robots":{"index":"index","follow":"follow","max-snippet":"max-snippet:-1","max-image-preview":"max-image-preview:large","max-video-preview":"max-video-preview:-1"},"canonical":"https:\/\/trustwhite.com\/cs\/shop\/buy-1p-lsd-cheap-100mcg-blotters-online\/","og_locale":"cs_CZ","og_type":"article","og_title":"Buy 1P-LSD Cheap 100mcg Blotters Online - Cheap price, Highest quality","og_description":"Buy 1P-LSD 100mcg Blotters Online at an affordable price at stonersmeds. All products are lab qualified and have premium quality.","og_url":"https:\/\/trustwhite.com\/cs\/shop\/buy-1p-lsd-cheap-100mcg-blotters-online\/","og_site_name":"stonersmeds.com","article_modified_time":"2022-12-20T06:48:57+00:00","og_image":[{"width":600,"height":600,"url":"https:\/\/trustwhite.com\/wp-content\/uploads\/2022\/03\/Buy-1P-LSD-100mcg-Blotters-cheap-online.jpg","type":"image\/jpeg"}],"twitter_card":"summary_large_image","twitter_misc":{"Odhadovan\u00e1 doba \u010dten\u00ed":"2 minuty"},"schema":{"@context":"https:\/\/schema.org","@graph":[{"@type":"WebPage","@id":"https:\/\/trustwhite.com\/pl\/shop\/buy-1p-lsd-cheap-100mcg-blotters-online\/","url":"https:\/\/trustwhite.com\/pl\/shop\/buy-1p-lsd-cheap-100mcg-blotters-online\/","name":"Koupit 1P-LSD levn\u00e9 100mcg Blotters online - n\u00edzk\u00e1 cena, nejvy\u0161\u0161\u00ed kvalita","isPartOf":{"@id":"https:\/\/trustwhite.com\/el\/#website"},"primaryImageOfPage":{"@id":"https:\/\/trustwhite.com\/pl\/shop\/buy-1p-lsd-cheap-100mcg-blotters-online\/#primaryimage"},"image":{"@id":"https:\/\/trustwhite.com\/pl\/shop\/buy-1p-lsd-cheap-100mcg-blotters-online\/#primaryimage"},"thumbnailUrl":"https:\/\/trustwhite.com\/wp-content\/uploads\/2022\/03\/Buy-1P-LSD-100mcg-Blotters-cheap-online.jpg","datePublished":"2022-03-12T04:54:29+00:00","dateModified":"2022-12-20T06:48:57+00:00","description":"Kupte si 1P-LSD 100mcg Blotters online za p\u0159ijatelnou cenu na stonersmeds. V\u0161echny produkty jsou laboratorn\u011b kvalifikovan\u00e9 a maj\u00ed prvot\u0159\u00eddn\u00ed kvalitu.","breadcrumb":{"@id":"https:\/\/trustwhite.com\/pl\/shop\/buy-1p-lsd-cheap-100mcg-blotters-online\/#breadcrumb"},"inLanguage":"cs","potentialAction":[{"@type":"ReadAction","target":["https:\/\/trustwhite.com\/pl\/shop\/buy-1p-lsd-cheap-100mcg-blotters-online\/"]}]},{"@type":"ImageObject","inLanguage":"cs","@id":"https:\/\/trustwhite.com\/pl\/shop\/buy-1p-lsd-cheap-100mcg-blotters-online\/#primaryimage","url":"https:\/\/trustwhite.com\/wp-content\/uploads\/2022\/03\/Buy-1P-LSD-100mcg-Blotters-cheap-online.jpg","contentUrl":"https:\/\/trustwhite.com\/wp-content\/uploads\/2022\/03\/Buy-1P-LSD-100mcg-Blotters-cheap-online.jpg","width":600,"height":600},{"@type":"BreadcrumbList","@id":"https:\/\/trustwhite.com\/pl\/shop\/buy-1p-lsd-cheap-100mcg-blotters-online\/#breadcrumb","itemListElement":[{"@type":"ListItem","position":1,"name":"Home","item":"https:\/\/trustwhite.com\/el\/"},{"@type":"ListItem","position":2,"name":"Shop","item":"https:\/\/trustwhite.com\/el\/shop\/"},{"@type":"ListItem","position":3,"name":"Buy 1P-LSD Cheap 100mcg Blotters Online"}]},{"@type":"WebSite","@id":"https:\/\/trustwhite.com\/el\/#website","url":"https:\/\/trustwhite.com\/el\/","name":"stonersmeds.com","description":"verschreibungspflichtige Medizin kaufen","potentialAction":[{"@type":"SearchAction","target":{"@type":"EntryPoint","urlTemplate":"https:\/\/trustwhite.com\/el\/?s={search_term_string}"},"query-input":{"@type":"PropertyValueSpecification","valueRequired":true,"valueName":"search_term_string"}}],"inLanguage":"cs"}]}},"_links":{"self":[{"href":"https:\/\/trustwhite.com\/cs\/wp-json\/wp\/v2\/product\/10031","targetHints":{"allow":["GET"]}}],"collection":[{"href":"https:\/\/trustwhite.com\/cs\/wp-json\/wp\/v2\/product"}],"about":[{"href":"https:\/\/trustwhite.com\/cs\/wp-json\/wp\/v2\/types\/product"}],"version-history":[{"count":0,"href":"https:\/\/trustwhite.com\/cs\/wp-json\/wp\/v2\/product\/10031\/revisions"}],"wp:featuredmedia":[{"embeddable":true,"href":"https:\/\/trustwhite.com\/cs\/wp-json\/wp\/v2\/media\/10050"}],"wp:attachment":[{"href":"https:\/\/trustwhite.com\/cs\/wp-json\/wp\/v2\/media?parent=10031"}],"wp:term":[{"taxonomy":"product_brand","embeddable":true,"href":"https:\/\/trustwhite.com\/cs\/wp-json\/wp\/v2\/product_brand?post=10031"},{"taxonomy":"product_cat","embeddable":true,"href":"https:\/\/trustwhite.com\/cs\/wp-json\/wp\/v2\/product_cat?post=10031"},{"taxonomy":"product_tag","embeddable":true,"href":"https:\/\/trustwhite.com\/cs\/wp-json\/wp\/v2\/product_tag?post=10031"}],"curies":[{"name":"wp","href":"https:\/\/api.w.org\/{rel}","templated":true}]}}